{"id":25288,"date":"2025-05-20T17:37:38","date_gmt":"2025-05-20T15:37:38","guid":{"rendered":"https:\/\/blog.lesgrossesorchadeslesamplesthalameges.fr\/?page_id=25288"},"modified":"2025-05-20T17:39:55","modified_gmt":"2025-05-20T15:39:55","slug":"constitution-de-la-premiere-republique","status":"publish","type":"page","link":"https:\/\/blog.lesgrossesorchadeslesamplesthalameges.fr\/index.php\/constitution-de-la-premiere-republique\/","title":{"rendered":"Constitution de la Premi\u00e8re R\u00e9publique"},"content":{"rendered":"<p>&nbsp;<\/p>\n<p>&nbsp;<\/p>\n<p>&nbsp;<\/p>\n<p>&nbsp;<\/p>\n<p>&nbsp;<\/p>\n<p>&nbsp;<\/p>\n<p>&nbsp;<\/p>\n<p>&nbsp;<\/p>\n<p style=\"text-align: center;\"><span style=\"font-size: 36pt; font-family: times new roman, times, serif;\"><strong>Constitution de la Premi\u00e8re R\u00e9publique<\/strong><\/span><\/p>\n<p style=\"text-align: center;\"><span style=\"font-family: times new roman, times, serif; font-size: 14pt;\"><strong>\u00a0<\/strong><\/span><\/p>\n<p style=\"text-align: center;\"><span style=\"font-family: times new roman, times, serif; font-size: 18pt;\"><strong><em>dite aussi<\/em><\/strong><\/span><\/p>\n<p style=\"text-align: center;\"><span style=\"font-family: times new roman, times, serif; font-size: 14pt;\"><strong>\u00a0<\/strong><\/span><\/p>\n<p style=\"text-align: center;\"><span style=\"font-family: times new roman, times, serif; font-size: 24pt;\"><strong>DEUXI\u00c8ME D\u00c9CLARATION<br \/>\nDES DROITS DE L\u2019HOMME ET DU CITOYEN<\/strong><\/span><\/p>\n<p style=\"text-align: center;\"><span style=\"font-family: times new roman, times, serif; font-size: 14pt;\"><strong><br \/>\n<span style=\"font-size: 24pt;\">(Pr\u00e9ambule de le Constitution du 24 juin 1793)<\/span><\/strong><\/span><\/p>\n<p>&nbsp;<\/p>\n<p>&nbsp;<\/p>\n<p>&nbsp;<\/p>\n<p style=\"text-align: center;\"><a href=\"https:\/\/blog.lesgrossesorchadeslesamplesthalameges.fr\/index.php\/constitution-de-la-premiere-republique\/16-vote-de-la-constitution\/\" rel=\"attachment wp-att-25289\"><img loading=\"lazy\" class=\"alignnone wp-image-25289 size-full\" src=\"http:\/\/blog.lesgrossesorchadeslesamplesthalameges.fr\/wp-content\/uploads\/2025\/05\/16.-VOTE-DE-LA-CONSTITUTION.jpg\" alt=\"\" width=\"600\" height=\"387\" srcset=\"https:\/\/blog.lesgrossesorchadeslesamplesthalameges.fr\/wp-content\/uploads\/2025\/05\/16.-VOTE-DE-LA-CONSTITUTION.jpg 600w, https:\/\/blog.lesgrossesorchadeslesamplesthalameges.fr\/wp-content\/uploads\/2025\/05\/16.-VOTE-DE-LA-CONSTITUTION-300x194.jpg 300w\" sizes=\"(max-width: 600px) 100vw, 600px\" \/><\/a><\/p>\n<p>&nbsp;<\/p>\n<p style=\"text-align: center;\"><span style=\"font-family: times new roman, times, serif; font-size: 14pt;\"><strong>\u00a0<\/strong><\/span><\/p>\n<p>&nbsp;<\/p>\n<p style=\"text-align: justify;\"><span style=\"font-family: times new roman, times, serif; font-size: 14pt;\"><strong>Le peuple fran\u00e7ais, convaincu que l\u2019oubli et le m\u00e9pris des droits naturels de l\u2019homme, sont les seules causes des malheurs du monde, a r\u00e9solu d\u2019exposer dans une d\u00e9claration solennelle, ces droits sacr\u00e9s et inali\u00e9nables, afin que tous les citoyens pouvant comparer sans cesse les actes du gouvernement avec le but de toute institution sociale, ne se laissent jamais opprimer, avilir par la tyrannie\u00a0; afin que le peuple ait toujours devant les yeux les bases de sa libert\u00e9 et de son bonheur\u00a0; le magistrat la r\u00e8gle de ses devoirs\u00a0; le l\u00e9gislateur l\u2019objet de sa mission. <\/strong><\/span><\/p>\n<p style=\"text-align: justify;\"><span style=\"font-family: times new roman, times, serif; font-size: 14pt;\"><strong>En cons\u00e9quence, il proclame, en pr\u00e9sence de l\u2019\u00catre supr\u00eame, la d\u00e9claration suivante des droits de l\u2019homme et du citoyen. <\/strong><\/span><\/p>\n<p style=\"text-align: justify;\"><span style=\"font-family: times new roman, times, serif; font-size: 14pt;\"><strong>\u00a0<\/strong><\/span><\/p>\n<p style=\"text-align: justify;\"><span style=\"font-family: times new roman, times, serif; font-size: 14pt;\"><strong>Article 1er<\/strong>.\u00a0 <em>Le but de la soci\u00e9t\u00e9 est le bonheur commun. Le gouvernement est institu\u00e9 pour garantir \u00e0 l\u2019homme la jouissance de ses droits naturels et imprescriptibles<\/em>.<\/span><\/p>\n<p style=\"text-align: justify;\"><span style=\"font-family: times new roman, times, serif; font-size: 14pt;\"><strong>Article 2.<\/strong>\u00a0 <em>Ces droits sont l\u2019\u00e9galit\u00e9, la libert\u00e9, la s\u00fbret\u00e9, la propri\u00e9t\u00e9<\/em>.<\/span><\/p>\n<p style=\"text-align: justify;\"><span style=\"font-family: times new roman, times, serif; font-size: 14pt;\"><strong>Article 3<\/strong>.\u00a0 <em>Tous les hommes sont \u00e9gaux par la nature et devant la loi<\/em>.<\/span><\/p>\n<p style=\"text-align: justify;\"><span style=\"font-family: times new roman, times, serif; font-size: 14pt;\"><strong>Article 4<\/strong>.\u00a0 <em>La loi est l\u2019expression libre et solennelle de la volont\u00e9 g\u00e9n\u00e9rale; elle est la m\u00eame pour tous, soit qu\u2019elle prot\u00e8ge, soit qu\u2019elle punisse\u00a0; elle ne peut ordonner que ce qui est juste et utile \u00e0 la soci\u00e9t\u00e9\u00a0; elle ne peut d\u00e9fendre que ce qui lui est nuisible<\/em>.<\/span><\/p>\n<p style=\"text-align: justify;\"><span style=\"font-family: times new roman, times, serif; font-size: 14pt;\"><strong>Article 5<\/strong>.\u00a0 <em>Tous les citoyens sont \u00e9galement admissibles aux emplois publics. Les peuples libres ne connaissent d\u2019autres motifs de pr\u00e9f\u00e9rence, dans leurs \u00e9lections, que les vertus et les talents<\/em>.<\/span><\/p>\n<p style=\"text-align: justify;\"><span style=\"font-family: times new roman, times, serif; font-size: 14pt;\"><strong>Article 6<\/strong>.\u00a0 <em>La libert\u00e9 est le pouvoir qui appartient \u00e0 l\u2019homme de faire tout ce qui ne nuit pas aux droits d\u2019autrui\u00a0: elle a pour principe la nature\u00a0; pour r\u00e8gle la justice\u00a0; pour sauvegarde la loi\u00a0; sa limite morale est dans cette maxime\u00a0: <strong>Ne fais pas \u00e0 un autre ce que tu ne veux pas qu\u2019il te soit fait<\/strong><\/em>.<\/span><\/p>\n<p style=\"text-align: justify;\"><span style=\"font-family: times new roman, times, serif; font-size: 14pt;\"><strong>Article 7.<\/strong>\u00a0 <em>Le droit de manifester sa pens\u00e9e et ses opinions, soit par la voie le la presse, soit de toute autre mani\u00e8re, le droit de s\u2019assembler paisiblement, le libre exercice des cultes, ne peuvent \u00eatre interdits. &#8211; La n\u00e9cessit\u00e9 d\u2019\u00e9noncer ces droits suppose ou la pr\u00e9sence ou le souvenir r\u00e9cent du despotisme<\/em>.<\/span><\/p>\n<p style=\"text-align: justify;\"><span style=\"font-family: times new roman, times, serif; font-size: 14pt;\"><strong>Article 8<\/strong>.\u00a0 <em>La s\u00fbret\u00e9 consiste dans la protection accord\u00e9e par la soci\u00e9t\u00e9 \u00e0 chacun de ses membres pour la conservation de sa personne, de ses droits et de ses propri\u00e9t\u00e9s<\/em>.<\/span><\/p>\n<p style=\"text-align: justify;\"><span style=\"font-family: times new roman, times, serif; font-size: 14pt;\"><strong>Article 9.<\/strong>\u00a0 <em>La loi doit prot\u00e9ger la libert\u00e9 publique et individuelle contre l\u2019oppression de ceux qui gouvernent<\/em>.<\/span><\/p>\n<p style=\"text-align: justify;\"><span style=\"font-family: times new roman, times, serif; font-size: 14pt;\"><strong>Article 10<\/strong>.\u00a0 <em>Nul ne doit \u00eatre accus\u00e9, arr\u00eat\u00e9 ni d\u00e9tenu, que dans les cas d\u00e9termin\u00e9s par la loi et selon les formes qu\u2019elle a prescrites. Tout citoyen, appel\u00e9 ou saisi par l\u2019autorit\u00e9 de la loi, doit ob\u00e9ir \u00e0 l\u2019instant\u00a0; il se rend coupable par la r\u00e9sistance<\/em>.<\/span><\/p>\n<p style=\"text-align: justify;\"><span style=\"font-family: times new roman, times, serif; font-size: 14pt;\"><strong>Article 11.<\/strong>\u00a0 <em>Tout acte exerc\u00e9 contre un homme hors des cas et sans les formes que la loi d\u00e9termine, est arbitraire et tyrannique\u00a0; celui contre lequel on voudrait l\u2019ex\u00e9cuter par la violence a le droit de le repousser par la force<\/em>.<\/span><\/p>\n<p style=\"text-align: justify;\"><span style=\"font-family: times new roman, times, serif; font-size: 14pt;\"><strong>Article 12<\/strong>.\u00a0 <em>Ceux qui solliciteraient, exp\u00e9dieraient, signeraient, ex\u00e9cuteraient ou feraient ex\u00e9cuter des actes arbitraires, sont coupables, et doivent \u00eatre punis<\/em>.<\/span><\/p>\n<p style=\"text-align: justify;\"><span style=\"font-family: times new roman, times, serif; font-size: 14pt;\"><strong>Article 13<\/strong>.\u00a0 <em>Tout homme \u00e9tant pr\u00e9sum\u00e9 innocent jusqu\u2019\u00e0 ce qu\u2019il ait \u00e9t\u00e9 d\u00e9clar\u00e9 coupable, s\u2019il est jug\u00e9 indispensable de l\u2019arr\u00eater, toute rigueur qui ne serait pas n\u00e9cessaire pour s\u2019assurer de sa personne doit \u00eatre s\u00e9v\u00e8rement r\u00e9prim\u00e9e par la loi<\/em>.<\/span><\/p>\n<p style=\"text-align: justify;\"><span style=\"font-family: times new roman, times, serif; font-size: 14pt;\"><strong>Article 14<\/strong>.\u00a0 <em>Nul ne doit \u00eatre jug\u00e9 et puni qu\u2019apr\u00e8s avoir \u00e9t\u00e9 entendu ou l\u00e9galement appel\u00e9, et qu\u2019en vertu d\u2019une loi promulgu\u00e9e ant\u00e9rieurement au d\u00e9lit. La loi qui punirait les d\u00e9lits commis avant qu\u2019elle exist\u00e2t serait une tyrannie\u00a0; l\u2019effet r\u00e9troactif donn\u00e9 \u00e0 la loi serait un crime<\/em>.<\/span><\/p>\n<p style=\"text-align: justify;\"><span style=\"font-family: times new roman, times, serif; font-size: 14pt;\"><strong>Article 15<\/strong>.\u00a0 <em>La loi ne doit d\u00e9cerner que des peines strictement et \u00e9videmment n\u00e9cessaires\u00a0: les peines doivent \u00eatre proportionn\u00e9es au d\u00e9lit et utiles \u00e0 la soci\u00e9t\u00e9<\/em>.<\/span><\/p>\n<p style=\"text-align: justify;\"><span style=\"font-family: times new roman, times, serif; font-size: 14pt;\"><strong>Article 16<\/strong>.\u00a0 <em>Le droit de propri\u00e9t\u00e9 est celui qui appartient \u00e0 tout citoyen de jouir et de disposer \u00e0 son gr\u00e9 de ses biens, de ses revenus, du fruit de son travail et de son industrie<\/em>.<\/span><\/p>\n<p style=\"text-align: justify;\"><span style=\"font-family: times new roman, times, serif; font-size: 14pt;\"><strong>Article 17<\/strong>.\u00a0 <em>Nul genre de travail, de culture, de commerce, ne peut \u00eatre interdit \u00e0 l\u2019industrie des citoyens<\/em>.<\/span><\/p>\n<p style=\"text-align: justify;\"><span style=\"font-family: times new roman, times, serif; font-size: 14pt;\"><strong>Article 18.<\/strong>\u00a0 <em>Tout homme peut engager ses services, son temps\u00a0; mais il ne peut se vendre, ni \u00eatre vendu; sa personne n\u2019est pas une propri\u00e9t\u00e9 ali\u00e9nable. La loi ne reconna\u00eet point de domesticit\u00e9\u00a0; il ne peut exister qu\u2019un engagement de soins et de reconnaissance, entre l\u2019homme qui travaille et celui qui l\u2019emploie<\/em>.<\/span><\/p>\n<p style=\"text-align: justify;\"><span style=\"font-family: times new roman, times, serif; font-size: 14pt;\"><strong>Article 19.<\/strong>\u00a0 <em>Nul ne peut \u00eatre priv\u00e9 de la moindre portion de sa propri\u00e9t\u00e9 sans son consentement, si ce n\u2019est lorsque la n\u00e9cessit\u00e9 publique l\u00e9galement constat\u00e9e l\u2019exige, et sous la condition d\u2019une juste et pr\u00e9alable indemnit\u00e9<\/em>.<\/span><\/p>\n<p style=\"text-align: justify;\"><span style=\"font-family: times new roman, times, serif; font-size: 14pt;\"><strong>Article 20.<\/strong>\u00a0 <em>Nulle contribution ne peut \u00eatre \u00e9tablie que pour l\u2019utilit\u00e9 g\u00e9n\u00e9rale. Tous les citoyens ont le droit de concourir \u00e0 l\u2019\u00e9tablissement des contributions, d\u2019en surveiller l\u2019emploi, et de s\u2019en faire rendre compte<\/em>.<\/span><\/p>\n<p style=\"text-align: justify;\"><span style=\"font-family: times new roman, times, serif; font-size: 14pt;\"><strong>Article 21<\/strong>.\u00a0 <em>Les secours publics sont une dette sacr\u00e9e. La soci\u00e9t\u00e9 doit la subsistance aux citoyens malheureux, soit en leur procurant du travail, soit en assurant les moyens d\u2019exister \u00e0 ceux qui sont hors d\u2019\u00e9tat de travailler<\/em>.<\/span><\/p>\n<p style=\"text-align: justify;\"><span style=\"font-family: times new roman, times, serif; font-size: 14pt;\"><strong>Article 22.<\/strong>\u00a0 <em>L\u2019instruction est le besoin de tous. La soci\u00e9t\u00e9 doit favoriser de tout son pouvoir les progr\u00e8s de la raison publique, et mettre l\u2019instruction \u00e0 la port\u00e9e de tous les citoyens<\/em>.<\/span><\/p>\n<p style=\"text-align: justify;\"><span style=\"font-family: times new roman, times, serif; font-size: 14pt;\"><strong>Article 23<\/strong>.\u00a0 <em>La garantie sociale consiste dans l\u2019action de tous, pour assurer \u00e0 chacun la jouissance et conservation de ses droits\u00a0; cette garantie repose sur la souverainet\u00e9 nationale<\/em>.<\/span><\/p>\n<p style=\"text-align: justify;\"><span style=\"font-family: times new roman, times, serif; font-size: 14pt;\"><strong>Article 24<\/strong>.\u00a0 <em>Elle ne peut exister, si les limites des fonctions publiques ne sont pas clairement d\u00e9termin\u00e9es par la loi, et si la responsabilit\u00e9 de tous les fonctionnaires n\u2019est <strong>pas assur\u00e9e<\/strong><\/em><strong>. <\/strong><\/span><\/p>\n<p style=\"text-align: justify;\"><span style=\"font-family: times new roman, times, serif; font-size: 14pt;\"><strong>Article 25<\/strong>.\u00a0 <em>La souverainet\u00e9 r\u00e9side dans le peuple\u00a0; elle est une, indivisible, imprescriptible et inali\u00e9nable<\/em>.<\/span><\/p>\n<p style=\"text-align: justify;\"><span style=\"font-family: times new roman, times, serif; font-size: 14pt;\"><strong>Article 26<\/strong>.\u00a0 <em>Aucune portion du peuple ne peut exercer la puissance du peuple entier\u00a0; mais chaque section du souverain assembl\u00e9e doit jouir du droit d\u2019exprimer sa volont\u00e9 avec une enti\u00e8re libert\u00e9<\/em>.<\/span><\/p>\n<p style=\"text-align: justify;\"><span style=\"font-family: times new roman, times, serif; font-size: 14pt;\"><strong>Article 27<\/strong>.\u00a0 <em>Que tout individu qui usurperait la souverainet\u00e9 soit \u00e0 l\u2019instant mis \u00e0 mort par les hommes libres<\/em>.<\/span><\/p>\n<p style=\"text-align: justify;\"><span style=\"font-family: times new roman, times, serif; font-size: 14pt;\"><strong>Article 28.<\/strong>\u00a0 <em>Un peuple a toujours le droit de revoir, de r\u00e9former et de changer sa Constitution. Une g\u00e9n\u00e9ration ne peut assujettir \u00e0 ses lois les g\u00e9n\u00e9rations futures<\/em>.<\/span><\/p>\n<p style=\"text-align: justify;\"><span style=\"font-family: times new roman, times, serif; font-size: 14pt;\"><strong>Article 29<\/strong>.\u00a0 <em>Chaque citoyen a un droit \u00e9gal de concourir a la formation de la loi et \u00e0 la nomination de ses mandataires ou de ses agents<\/em>.<\/span><\/p>\n<p style=\"text-align: justify;\"><span style=\"font-family: times new roman, times, serif; font-size: 14pt;\"><strong>Article 30<\/strong>.\u00a0 <em>Les fonctions publiques sont essentiellement temporaires\u00a0; elles ne peuvent \u00eatre consid\u00e9r\u00e9es comme des distinctions ni comme des r\u00e9compens\u00e9s, mais des devoirs<\/em>.<\/span><\/p>\n<p style=\"text-align: justify;\"><span style=\"font-family: times new roman, times, serif; font-size: 14pt;\"><strong>Article 31<\/strong>.\u00a0 <em>Les d\u00e9lits des mandataires du peuple et de ses agents ne doivent jamais \u00eatre impunis. Nul n\u2019a le droit de se pr\u00e9tendre plus inviolable que les autres citoyens<\/em>.<\/span><\/p>\n<p style=\"text-align: justify;\"><span style=\"font-family: times new roman, times, serif; font-size: 14pt;\"><strong>Article 32<\/strong>.\u00a0 <em>Le droit de pr\u00e9senter des p\u00e9titions aux d\u00e9positaires de l\u2019autorit\u00e9 publique ne peut, en aucun cas, \u00eatre interdit, suspendu ni limit\u00e9<\/em>.<\/span><\/p>\n<p style=\"text-align: justify;\"><span style=\"font-family: times new roman, times, serif; font-size: 14pt;\"><strong>Article 33.<\/strong>\u00a0 <em>La r\u00e9sistance \u00e0 l\u2019oppression est la cons\u00e9quence des autres Droits de l\u2019homme<\/em>.<\/span><\/p>\n<p style=\"text-align: justify;\"><span style=\"font-family: times new roman, times, serif; font-size: 14pt;\"><strong>Article 34.<\/strong>\u00a0 <em>Il y a oppression contre le corps social lorsqu\u2019un seul de ses membres est opprim\u00e9. Il y a oppression contre chaque membre lorsque le corps social est opprim<\/em>\u00e9.<\/span><\/p>\n<p style=\"text-align: justify;\"><span style=\"font-family: times new roman, times, serif; font-size: 14pt;\"><strong>Article 35.<\/strong>\u00a0 <em>Quand le gouvernement viole les droits du peuple, l\u2019insurrection est, pour le peuple et pour chaque portion du peuple, le plus sacr\u00e9 des droits et le plus indispensable des devoirs<\/em>.<\/span><\/p>\n<p>&nbsp;<\/p>\n<p>&nbsp;<\/p>\n<p style=\"text-align: center;\"><a href=\"https:\/\/blog.lesgrossesorchadeslesamplesthalameges.fr\/index.php\/constitution-de-la-premiere-republique\/000-cocarde-tricolore-gif\/\" rel=\"attachment wp-att-25290\"><img loading=\"lazy\" class=\"alignnone wp-image-25290\" src=\"http:\/\/blog.lesgrossesorchadeslesamplesthalameges.fr\/wp-content\/uploads\/2025\/05\/000.-Cocarde-tricolore-GIF.gif\" alt=\"\" width=\"50\" height=\"45\" \/><\/a><\/p>\n<p>&nbsp;<\/p>\n<p>&nbsp;<\/p>\n<p style=\"text-align: center;\"><span style=\"font-family: times new roman, times, serif; font-size: 24pt;\"><strong>Et voici, tel qu\u2019affich\u00e9 sur le site du Conseil Constitutionnel, l\u2019acte de naissance de la toute premi\u00e8re Constitution fran\u00e7aise\u00a0:<\/strong><\/span><\/p>\n<p style=\"text-align: center;\"><span style=\"font-family: times new roman, times, serif; font-size: 14pt;\"><strong>\u00a0<a href=\"https:\/\/blog.lesgrossesorchadeslesamplesthalameges.fr\/index.php\/2025\/05\/14\/ah-les-migrants\/000-vers-le-bas-fleche-rouge-gif-copie-55\/\" rel=\"attachment wp-att-25220\"><img loading=\"lazy\" class=\"alignnone size-full wp-image-25220\" src=\"http:\/\/blog.lesgrossesorchadeslesamplesthalameges.fr\/wp-content\/uploads\/2025\/05\/000.-vers-le-bas-fleche-rouge-GIF-Copie-4.gif\" alt=\"\" width=\"100\" height=\"100\" \/><\/a><\/strong><\/span><\/p>\n<p style=\"text-align: center;\"><strong><span style=\"font-family: times new roman, times, serif; font-size: 14pt;\"><a href=\"https:\/\/www.conseil-constitutionnel.fr\/les-constitutions-dans-l-histoire\/constitution-du-24-juin-1793\">https:\/\/www.conseil-constitutionnel.fr\/les-constitutions-dans-l-histoire\/constitution-du-24-juin-1793<\/a><\/span><\/strong><\/p>\n<p>&nbsp;<\/p>\n<p>&nbsp;<\/p>\n<p style=\"text-align: center;\"><a href=\"https:\/\/blog.lesgrossesorchadeslesamplesthalameges.fr\/index.php\/constitution-de-la-premiere-republique\/000-cocarde-tricolore-gif\/\" rel=\"attachment wp-att-25290\"><img loading=\"lazy\" class=\"alignnone wp-image-25290\" src=\"http:\/\/blog.lesgrossesorchadeslesamplesthalameges.fr\/wp-content\/uploads\/2025\/05\/000.-Cocarde-tricolore-GIF.gif\" alt=\"\" width=\"50\" height=\"45\" \/><\/a><\/p>\n<p>&nbsp;<\/p>\n<p>&nbsp;<\/p>\n<p style=\"text-align: left;\"><span style=\"font-family: times new roman, times, serif; font-size: 14pt;\">URL de cet article : <a href=\"https:\/\/blog.lesgrossesorchadeslesamplesthalameges.fr\/index.php\/constitution-de-la-premiere-republique\/\">https:\/\/blog.lesgrossesorchadeslesamplesthalameges.fr\/index.php\/constitution-de-la-premiere-republique\/<\/a><br \/>\n<\/span><\/p>\n<p>&nbsp;<\/p>\n<p>&nbsp;<\/p>\n<p style=\"text-align: right;\"><span style=\"font-size: 14pt; font-family: comic sans ms, sans-serif;\">Mai 2025<\/span><\/p>\n<p>&nbsp;<\/p>\n<p>&nbsp;<\/p>\n","protected":false},"excerpt":{"rendered":"<p>&nbsp; &nbsp; &nbsp; &nbsp; &nbsp; &nbsp; &nbsp; &nbsp; Constitution de la Premi\u00e8re R\u00e9publique \u00a0 dite aussi \u00a0 DEUXI\u00c8ME D\u00c9CLARATION DES DROITS DE L\u2019HOMME ET DU CITOYEN (Pr\u00e9ambule de le Constitution du 24 juin 1793) &nbsp; &nbsp; &nbsp; &nbsp; \u00a0 &nbsp; Le peuple fran\u00e7ais, convaincu que l\u2019oubli et le m\u00e9pris des droits naturels de l\u2019homme, sont&#8230;<\/p>\n","protected":false},"author":1,"featured_media":0,"parent":0,"menu_order":0,"comment_status":"open","ping_status":"open","template":"","meta":[],"_links":{"self":[{"href":"https:\/\/blog.lesgrossesorchadeslesamplesthalameges.fr\/index.php\/wp-json\/wp\/v2\/pages\/25288"}],"collection":[{"href":"https:\/\/blog.lesgrossesorchadeslesamplesthalameges.fr\/index.php\/wp-json\/wp\/v2\/pages"}],"about":[{"href":"https:\/\/blog.lesgrossesorchadeslesamplesthalameges.fr\/index.php\/wp-json\/wp\/v2\/types\/page"}],"author":[{"embeddable":true,"href":"https:\/\/blog.lesgrossesorchadeslesamplesthalameges.fr\/index.php\/wp-json\/wp\/v2\/users\/1"}],"replies":[{"embeddable":true,"href":"https:\/\/blog.lesgrossesorchadeslesamplesthalameges.fr\/index.php\/wp-json\/wp\/v2\/comments?post=25288"}],"version-history":[{"count":7,"href":"https:\/\/blog.lesgrossesorchadeslesamplesthalameges.fr\/index.php\/wp-json\/wp\/v2\/pages\/25288\/revisions"}],"predecessor-version":[{"id":25297,"href":"https:\/\/blog.lesgrossesorchadeslesamplesthalameges.fr\/index.php\/wp-json\/wp\/v2\/pages\/25288\/revisions\/25297"}],"wp:attachment":[{"href":"https:\/\/blog.lesgrossesorchadeslesamplesthalameges.fr\/index.php\/wp-json\/wp\/v2\/media?parent=25288"}],"curies":[{"name":"wp","href":"https:\/\/api.w.org\/{rel}","templated":true}]}}