{"id":25330,"date":"2025-05-27T18:52:14","date_gmt":"2025-05-27T16:52:14","guid":{"rendered":"https:\/\/blog.lesgrossesorchadeslesamplesthalameges.fr\/?page_id=25330"},"modified":"2025-05-27T18:54:01","modified_gmt":"2025-05-27T16:54:01","slug":"la-kakistocratie-europeenne-enfermee-dans-une-guerre-sans-fin-contre-la-russie","status":"publish","type":"page","link":"https:\/\/blog.lesgrossesorchadeslesamplesthalameges.fr\/index.php\/la-kakistocratie-europeenne-enfermee-dans-une-guerre-sans-fin-contre-la-russie\/","title":{"rendered":"La kakistocratie europ\u00e9enne enferm\u00e9e dans une guerre sans fin contre la Russie"},"content":{"rendered":"<p style=\"text-align: justify;\"><span style=\"font-family: times new roman, times, serif; font-size: 14pt;\"><strong>\u00a0<\/strong><\/span><\/p>\n<p>&nbsp;<\/p>\n<p>&nbsp;<\/p>\n<p>&nbsp;<\/p>\n<p>&nbsp;<\/p>\n<p>&nbsp;<\/p>\n<p>&nbsp;<\/p>\n<p>&nbsp;<\/p>\n<p>&nbsp;<\/p>\n<p style=\"text-align: center;\"><span style=\"font-family: times new roman, times, serif; font-size: 36pt;\"><strong>La kakistocratie europ\u00e9enne enferm\u00e9e dans une guerre sans fin contre la Russie<\/strong><\/span><\/p>\n<p style=\"text-align: center;\"><span style=\"font-family: times new roman, times, serif; font-size: 14pt;\"><strong>\u00a0<\/strong><\/span><\/p>\n<p>&nbsp;<\/p>\n<p style=\"text-align: center;\"><span style=\"font-family: times new roman, times, serif; font-size: 18pt;\"><strong>Pepe Esvobar \u2013 <em>The Unz Review<\/em> \u2013 23.5.2025<\/strong><\/span><\/p>\n<p style=\"text-align: center;\"><span style=\"font-family: times new roman, times, serif; font-size: 18pt;\">Traduction : <strong>c.l.<\/strong> pour <strong><em>L.G.O.<\/em><\/strong><\/span><\/p>\n<p>&nbsp;<\/p>\n<p>&nbsp;<\/p>\n<p style=\"text-align: center;\"><span style=\"font-family: times new roman, times, serif; font-size: 14pt;\"><strong>\u00a0<\/strong><\/span><\/p>\n<p style=\"text-align: center;\"><a href=\"https:\/\/blog.lesgrossesorchadeslesamplesthalameges.fr\/?attachment_id=25320\" rel=\"attachment wp-att-25320\"><img loading=\"lazy\" class=\"alignnone wp-image-25320 size-full\" src=\"http:\/\/blog.lesgrossesorchadeslesamplesthalameges.fr\/wp-content\/uploads\/2025\/05\/2.-kakistocratie-europeenne.jpg\" alt=\"\" width=\"600\" height=\"350\" srcset=\"https:\/\/blog.lesgrossesorchadeslesamplesthalameges.fr\/wp-content\/uploads\/2025\/05\/2.-kakistocratie-europeenne.jpg 600w, https:\/\/blog.lesgrossesorchadeslesamplesthalameges.fr\/wp-content\/uploads\/2025\/05\/2.-kakistocratie-europeenne-300x175.jpg 300w\" sizes=\"(max-width: 600px) 100vw, 600px\" \/><\/a><\/p>\n<p>&nbsp;<\/p>\n<p>&nbsp;<\/p>\n<p>&nbsp;<\/p>\n<p style=\"text-align: justify;\"><span style=\"font-family: times new roman, times, serif; font-size: 14pt;\"><strong>N&rsquo;interrompez jamais votre ennemi lorsqu&rsquo;il est en train de se suicider en s\u00e9rie. \u00c0 l&rsquo;inverse du style <em>gore<\/em> am\u00e9ricain, o\u00f9 le tueur en s\u00e9rie ressuscite toujours, dans le cas de la kakistocratie europ\u00e9enne, l&rsquo;autodestruction en s\u00e9rie est toujours s\u00fbre et n\u2019en finit jamais de monter en fl\u00e8che<\/strong><\/span><\/p>\n<p>&nbsp;<\/p>\n<p style=\"text-align: justify;\"><span style=\"font-family: times new roman, times, serif; font-size: 14pt;\">Donc, les EUrocrates de Bruxelles viennent d&rsquo;adopter leur 17e s\u00e9rie de \u00ab sanctions \u00bb contre la Russie \u2013 leur limite, c\u2019est le ciel \u2013 visant pr\u00e8s de 200 p\u00e9troliers de la pr\u00e9tendue flotte fant\u00f4me russe. Le paquet, approuv\u00e9 par les \u00c9tats membres de l&rsquo;UE, comprend bien entendu les proverbiales dizaines de mesures de gel d\u2019avoirs et de refus de visas.<\/span><\/p>\n<p>&nbsp;<\/p>\n<p style=\"text-align: justify;\"><span style=\"font-family: times new roman, times, serif; font-size: 14pt;\">Le tandem UE-UK est, de m\u00eame, en train de r\u00e9fl\u00e9chir \u00e0 la mani\u00e8re d\u2019abaisser le plafond des prix du p\u00e9trole russe jusqu\u2019\u00e0 50 dollars le baril, dans le but, \u00e9videmment, de \u00ab nuire \u00bb aux revenus \u00e9nerg\u00e9tiques de la Russie.<\/span><\/p>\n<p>&nbsp;<\/p>\n<p style=\"text-align: justify;\"><span style=\"font-family: times new roman, times, serif; font-size: 14pt;\">Juste ce qu\u2019il fallait pour d\u00e9clencher un pipeline de rigolade dans le Sud mondial, surtout en Inde et en Chine. Comme si ces Pieds Nickel\u00e9s allaient pouvoir mettre \u00e0 l\u2019arr\u00eat les navires de la flotte fant\u00f4me ou comme si l\u2019OPEP+ allait tenir compte d&rsquo;un malheureux petit plafond unilat\u00e9ral de prix du p\u00e9trole impos\u00e9 par l&rsquo;UE.<\/span><\/p>\n<p>&nbsp;<\/p>\n<p style=\"text-align: justify;\"><span style=\"font-family: times new roman, times, serif; font-size: 14pt;\">Qualifier les actes de l&rsquo;UE d&rsquo;anti-intellectualisme autodestructeur est d\u2019une bienveillance exag\u00e9r\u00e9e. Le QI de ceux qui sont \u00e0 la t\u00eate de Bruxelles rivaliserait avec celui d&rsquo;un ver d\u00e9membr\u00e9, comme en t\u00e9moigne l\u2019excr\u00e9ment de chauve-souris estonienne cens\u00e9e \u2013 en th\u00e9orie \u2013 repr\u00e9senter la politique \u00e9trang\u00e8re de 450 millions de citoyens de l&rsquo;UE. Et voil\u00e0 Bruxelles raval\u00e9e au m\u00eame rang qu\u2019une fosse \u00e0 serpents de path\u00e9tique propagande estonienne \u00e0\u00a0 relents d&rsquo;accent britannique.<\/span><\/p>\n<p>&nbsp;<\/p>\n<p style=\"text-align: justify;\"><span style=\"font-family: times new roman, times, serif; font-size: 14pt;\">Le SVR <em>[ex-KGB, NdT]<\/em> a cru d\u00e9celer une vague de d\u00e9sespoir \u00e0 Bruxelles pour avoir commis l\u2019\u00ab\u00a0erreur\u00a0\u00bb de nommer l&rsquo;imb\u00e9cile Estonienne, universellement connue pour son \u00ab incomp\u00e9tence absolue \u00bb et sa totale incapacit\u00e9 \u00e0 \u00a0\u00ab \u00e9tablir des relations \u00bb avec les dirigeants de l&rsquo;UE. Elle a d\u00e9j\u00e0 \u00e9t\u00e9 \u00e9cart\u00e9e de toute planification de la politique de d\u00e9fense strat\u00e9gique de l&rsquo;UE.<\/span><\/p>\n<p>&nbsp;<\/p>\n<p style=\"text-align: justify;\"><span style=\"font-family: times new roman, times, serif; font-size: 14pt;\">En attendant, la d\u00e9mence du paquet de sanctions va continuer \u00e0 rouler &#8211; caviard\u00e9e par des carri\u00e9ristes aux salaires mirobolants qui ne se soucient que de leur propre paquet d&rsquo;or pour la retraite.<\/span><\/p>\n<p>&nbsp;<\/p>\n<p style=\"text-align: justify;\"><span style=\"font-family: times new roman, times, serif; font-size: 14pt;\">On s\u2019attend \u00e0 ce que le prochain paquet \u2013 le 18<sup>e<\/sup> \u2013 soit le plus grand paquet de sanctions de l&rsquo;Histoire. Selon le moulin \u00e0 rumeurs bruxellois, il ne fera pas qu\u2019accuser la Russie de m\u00e9faits multiples en mati\u00e8re de guerre hybride et de l&rsquo;utilisation pr\u00e9tendue d&rsquo;armes chimiques (alors qu\u2019il est bien connu que ce sont les n\u00e9o-nazis du pays 404 qui ne cessent de s\u2019en servir), mais il devrait cibler aussi plusieurs entreprises du secteur de la D\u00e9fense russe ainsi que des entreprises et des interm\u00e9diaires de pays tiers, qui fournissent \u00e0 la Russie des produits soumis \u00e0 sanctions.<\/span><\/p>\n<p>&nbsp;<\/p>\n<p style=\"text-align: justify;\"><span style=\"font-family: times new roman, times, serif; font-size: 14pt;\">Ajoutez \u00e0 tout ceci le chancelier BlackRock de l\u2019Allemagne, qui se livre \u00e0 un lobbying tr\u00e8s actif pour que l&rsquo;UE interdise carr\u00e9ment le gazoduc Nord Stream, bloquant ainsi toute possibilit\u00e9 de coop\u00e9ration commerciale entre les USA et la Russie, ainsi que l&rsquo;a signal\u00e9 Trump. Cette interdiction devrait faire partie du 18e paquet.<\/span><\/p>\n<p>&nbsp;<\/p>\n<p style=\"text-align: justify;\"><span style=\"font-family: times new roman, times, serif; font-size: 14pt;\">C\u2019est au point que le grand ma\u00eetre Sergue\u00ef Lavrov a r\u00e9cemment ressenti le besoin de faire remarquer que les politiciens de l&rsquo;EURO-TRASH qui interdisent le retour de NordStream sont \u00ab ou mentalement d\u00e9rang\u00e9s ou suicidaires \u00bb.<\/span><\/p>\n<p>&nbsp;<\/p>\n<p>&nbsp;<\/p>\n<p style=\"text-align: justify;\"><span style=\"font-family: times new roman, times, serif; font-size: 14pt;\"><strong><span style=\"font-size: 18pt;\">Vous voil\u00e0 partis pour voler la Russie \u00e0 mort\u00a0?\u00a0 Bonne chance !<\/span> <\/strong><\/span><\/p>\n<p>&nbsp;<\/p>\n<p style=\"text-align: justify;\"><span style=\"font-family: times new roman, times, serif; font-size: 14pt;\">Sur le front de la Baltique, il y en a plus encore, bien s\u00fbr\u00a0: dans le genre \u00ab\u00a0Pirates de la Baltiques \u00bb, il s&rsquo;agit de la mission <em>Baltic Sentry<\/em>, \u00e0 forte intensit\u00e9 de SIGINT [<em>espionnage \u00e9lectro-magn\u00e9tique, NdT],<\/em> qui a pour ambition de bloquer l&rsquo;activit\u00e9 maritime russe. La France est dans le coup, ce qui signifie qu&rsquo;un membre non r\u00e9gional de l&rsquo;OTAN y est directement \u00a0m\u00eal\u00e9, au contraire de \u00a0la Norv\u00e8ge, par exemple.<\/span><\/p>\n<p>&nbsp;<\/p>\n<p style=\"text-align: justify;\"><span style=\"font-family: times new roman, times, serif; font-size: 14pt;\">Les Russes restent imperturbables.. Il y a fort \u00e0 parier qu&rsquo;ils assureront aux navires russes une escorte des drones navals et a\u00e9riens multifonctionnels, enti\u00e8rement \u00e9quip\u00e9s de mat\u00e9riel de reconnaissance et de combat.<\/span><\/p>\n<p>&nbsp;<\/p>\n<p style=\"text-align: justify;\"><span style=\"font-family: times new roman, times, serif; font-size: 14pt;\">Toutefois, sur le front orwellien, rien n\u2019arrive \u00e0 battre le \u00ab tribunal \u00bb anti-russe annonc\u00e9 le 9 mai par les ministres des Affaires \u00e9trang\u00e8res de l&rsquo;UE \u00e0 Lvov, en association avec Kiev, pour \u00ab r\u00e9clamer des comptes aux hauts repr\u00e9sentants de la direction russe \u00bb. Ce machin concerne trente pays agissant en partenariat, dont le Royaume-Uni et l&rsquo;Australie, Les USA n\u2019en sont pas..<\/span><\/p>\n<p>&nbsp;<\/p>\n<p style=\"text-align: justify;\"><span style=\"font-family: times new roman, times, serif; font-size: 14pt;\">L&rsquo;arnaque a \u00e9t\u00e9 <a href=\"https:\/\/anti-spiegel.ru\/2025\/wozu-will-die-eu-das-anti-russische-tribunal-gruenden\/\"><strong>minutieusement d\u00e9construite par Thomas Roper<\/strong><\/a>, qui est maintenant vicieusement diabolis\u00e9 et censur\u00e9 par l&rsquo;UE, bien qu&rsquo;il soit journaliste et citoyen de l&rsquo;UE de nationalit\u00e9 allemande. Oui, Bruxelles sanctionne d\u00e9sormais ses propres citoyens capables de pens\u00e9e critique, <strong>au point de \u00ab\u00a0geler\u00a0\u00bb leurs avoirs et de leur interdire de se rendre dans leur pays d&rsquo;origine<\/strong>. Et ceci n&rsquo;est qu&rsquo;un d\u00e9but.<\/span><\/p>\n<p>&nbsp;<\/p>\n<p style=\"text-align: justify;\"><span style=\"font-family: times new roman, times, serif; font-size: 14pt;\">Le nouveau \u00ab\u00a0tribunal\u00a0\u00bb bidon de l&rsquo;UE sera mis en place par le Conseil de l&rsquo;Europe et rendra des jugements, y compris par contumace, aux bons soins de 15 juges \u00e9lus pour 9 ans chacun, le tout devant co\u00fbter \u00e0 l&rsquo;EUrocratie quelque chose comme un milliard d&rsquo;euros.<\/span><\/p>\n<p>&nbsp;<\/p>\n<p style=\"text-align: justify;\"><span style=\"font-family: times new roman, times, serif; font-size: 14pt;\">Inutile d&rsquo;ajouter que ce \u00ab tribunal \u00bb fantoche n&rsquo;a absolument aucun fondement l\u00e9gitime en droit international, puisqu&rsquo;il n&rsquo;est pas approuv\u00e9 par les Nations Unies ; il s&rsquo;agit donc plut\u00f4t d&rsquo;un club priv\u00e9 de l&rsquo;Occident fragment\u00e9. <\/span><span style=\"font-family: times new roman, times, serif; font-size: 14pt;\">\u00ab Suivez l&rsquo;argent ! \u00bb \u00a0pour en comprendre la logique.<\/span><\/p>\n<p>&nbsp;<\/p>\n<p style=\"text-align: justify;\"><span style=\"font-family: times new roman, times, serif; font-size: 14pt;\">Peu de gens se souviennent aujourd&rsquo;hui de ce que l&rsquo;ann\u00e9e derni\u00e8re, la Commission europ\u00e9enne (UE) a accord\u00e9 un pr\u00eat de 50 milliards de dollars \u00e0 Kiev ; en fait, 35 milliards provenant de \u00a0l&rsquo;UE et 15 milliards du G7. Le probl\u00e8me ; c\u2019 est que la bande de Bruxelles est seule responsable du remboursement de ce pr\u00eat conjoint UE-G7. Et que ce pr\u00eat est cens\u00e9 \u00eatre rembours\u00e9 gr\u00e2ce aux revenus annuels g\u00e9n\u00e9r\u00e9s par les avoirs russes gel\u00e9s \u2013 c&rsquo;est-\u00e0-dire vol\u00e9s \u2013 dans l&rsquo;UE, avoirs que Bruxelles refuse de d\u00e9geler \u2013 c. \u00e0 d. de restituer \u2013 pendant les 45 prochaines ann\u00e9es.<\/span><\/p>\n<p>&nbsp;<\/p>\n<p style=\"text-align: justify;\"><span style=\"font-family: times new roman, times, serif; font-size: 14pt;\">Il s&rsquo;agit l\u00e0 de d\u00e9cisions officielles de l&rsquo;UE, inscrites dans son r\u00e8glement 2024\/277. Traduction : AUCUN, je r\u00e9p\u00e8te, AUCUN m\u00e9dia europ\u00e9en n&rsquo;a inform\u00e9 les citoyens contribuables de l&rsquo;Union de ce que l&rsquo;UE a officiellement d\u00e9cid\u00e9 d&rsquo;\u00eatre en guerre avec la Russie pendant au moins les 45 prochaines ann\u00e9es.<\/span><\/p>\n<p>&nbsp;<\/p>\n<p style=\"text-align: justify;\"><span style=\"font-family: times new roman, times, serif; font-size: 14pt;\">Bruxelles a tout fait pour s&rsquo;approprier d\u00e9finitivement les avoirs russes \u00ab\u00a0confisqu\u00e9s \u00bb. Le probl\u00e8me, c\u2019est que les EUrocrates de la CE n&rsquo;ont pas trouv\u00e9 de m\u00e9canisme pour contourner le droit international.<\/span><\/p>\n<p>&nbsp;<\/p>\n<p style=\"text-align: justify;\"><span style=\"font-family: times new roman, times, serif; font-size: 14pt;\">Entr\u00e9e en sc\u00e8ne du \u00ab tribunal \u00bb : L\u2019EUrocratie forcera le \u00ab tribunal \u00bb bidon \u00a0<em>[grassement pay\u00e9 pour le faire, NdT]<\/em> \u00e0 bl\u00e2mer la Russie pour tout ce qui concerne la guerre et les OMS, \u00e0 condamner \u2013 par contumace \u2013 les membres du gouvernement russe \u00e0 des peines de prison de longue dur\u00e9e et \u00e0 d\u00e9cider que la Russie doit payer des r\u00e9parations. \u00c0 la in de la partie : le \u00ab tribunal \u00bb bidon d\u00e9cidera de s&#8217;emparer d\u00e9finitivement des avoirs russes \u00ab gel\u00e9s \u00bb.<\/span><\/p>\n<p>&nbsp;<\/p>\n<p style=\"text-align: justify;\"><span style=\"font-family: times new roman, times, serif; font-size: 14pt;\">Encore une fois : en droit international, ceci est du brigandage. Principale et in\u00e9vitable cons\u00e9quence : plus personne, dans le Sud mondial, ne fera jamais confiance \u00e0 l&rsquo;euro ni aux centres financiers europ\u00e9ens.<\/span><\/p>\n<p>&nbsp;<\/p>\n<p style=\"text-align: justify;\"><span style=\"font-family: times new roman, times, serif; font-size: 14pt;\">Ce sc\u00e9nario de diabolisation de la Russie par l\u2019EUrod\u00e9mence, se met en place au moment m\u00eame o\u00f9 Trump<em> bis<\/em> continue de miser sur une sorte de normalisation avec la Russie par le biais d&rsquo;une solution pour l&rsquo;Ukraine. Pourtant, le facteur cl\u00e9 ici est la peur collective et l\u00e2che de la kakistocratie de l&rsquo;UE qui, si elle n\u2019arrivait pas \u00e0 voler la Russie \u00e0 mort n\u2019aurait aucun moyen de rembourser ce foutu \u00ab pr\u00eat \u00bb de 50 milliards de dollars fait aux gorilles de Kiev.<\/span><\/p>\n<p>&nbsp;<\/p>\n<p style=\"text-align: justify;\"><span style=\"font-family: times new roman, times, serif; font-size: 14pt;\">Cela devrait \u00eatre le principal facteur expliquant pourquoi ce ramassis de nullit\u00e9s politiques a absolument besoin de pers\u00e9v\u00e9rer dans l&rsquo;escalade non-stop de ce qui est de facto une guerre \u00e9ternelle contre la Russie.<\/span><\/p>\n<p>&nbsp;<\/p>\n<p style=\"text-align: justify;\"><span style=\"font-family: times new roman, times, serif; font-size: 14pt;\">Ne vous attendez donc pas \u00e0 autre chose que de la d\u00e9mence de la part de Bruxelles dans un proche avenir. Comme, par exemple, la brillantissime id\u00e9e de cr\u00e9er une banque militaire unique cens\u00e9e allouer des pr\u00eats \u00e0 la production d&rsquo;armes, sorte de r\u00e9plique de la Banque mondiale, avec un quartier g\u00e9n\u00e9ral \u00e0 Londres. Comme ils n&rsquo;ont pas pu trouver 120 milliards d&rsquo;euros pour cr\u00e9er un fonds militaire europ\u00e9en unique \u2013 l&rsquo;\u00e9conomie allemande, par exemple, continue de s&rsquo;effondrer \u2013 leur plan B est cette banque.<\/span><\/p>\n<p>&nbsp;<\/p>\n<p style=\"text-align: justify;\"><span style=\"font-family: times new roman, times, serif; font-size: 14pt;\">Malgr\u00e9 cette corne d\u2019abondance de bruit et de fureur, la Russie reste, on l\u2019a vu, imperturbable. Le principal collaborateur de Poutine et ancien conseiller \u00e0 la S\u00e9curit\u00e9 nationale, Nikola\u00ef \u00ab Yoda \u00bb Patrouchev, a observ\u00e9 que l&rsquo;OTAN \u00ab m\u00e8ne des exercices \u00e0 nos fronti\u00e8res \u00e0 une \u00e9chelle jamais vue depuis des d\u00e9cennies. Ils s&rsquo;entra\u00eenent \u00e0 une vaste offensive qui devrait les conduire de Vilnius \u00e0 Odessa, leur permettre de s&#8217;emparer de la r\u00e9gion de Kaliningrad, d&rsquo;imposer un blocus naval dans la mer Baltique et la mer Noire et d&rsquo;effectuer des frappes pr\u00e9ventives sur les sites de rassemblement des forces de dissuasion nucl\u00e9aire russes \u00bb.<\/span><\/p>\n<p>&nbsp;<\/p>\n<p style=\"text-align: justify;\"><span style=\"font-family: times new roman, times, serif; font-size: 14pt;\">Bonne chance avec tout \u00e7a. Bonne chance avec la banque militaire. Et bonne chance pour voler la Russie \u00e0 mort sans le moindre retour de flamme.<\/span><\/p>\n<p>&nbsp;<\/p>\n<p style=\"text-align: left;\"><span style=\"font-family: times new roman, times, serif; font-size: 14pt;\">Source\u00a0: <a href=\"https:\/\/www.unz.com\/pescobar\/european-kakistocracy-locked-in-a-forever-war-against-russia\/\">https:\/\/www.unz.com\/pescobar\/european-kakistocracy-locked-in-a-forever-war-against-russia\/<\/a><\/span><\/p>\n<p style=\"text-align: left;\"><span style=\"font-family: times new roman, times, serif; font-size: 14pt;\">URL de cet article : <a href=\"https:\/\/blog.lesgrossesorchadeslesamplesthalameges.fr\/index.php\/la-kakistocratie-europeenne-enfermee-dans-une-guerre-sans-fin-contre-la-russie\/\">https:\/\/blog.lesgrossesorchadeslesamplesthalameges.fr\/index.php\/la-kakistocratie-europeenne-enfermee-dans-une-guerre-sans-fin-contre-la-russie\/\u00a0<\/a><br \/>\n<\/span><\/p>\n<p>&nbsp;<\/p>\n<p>&nbsp;<\/p>\n<p style=\"text-align: center;\"><a href=\"https:\/\/blog.lesgrossesorchadeslesamplesthalameges.fr\/index.php\/2025\/05\/14\/ah-les-migrants\/000-russep-x-72\/\" rel=\"attachment wp-att-25218\"><img loading=\"lazy\" class=\"alignnone size-full wp-image-25218\" src=\"http:\/\/blog.lesgrossesorchadeslesamplesthalameges.fr\/wp-content\/uploads\/2025\/05\/000.-russep-x-5.gif\" alt=\"\" width=\"50\" height=\"50\" \/><\/a><\/p>\n<p>&nbsp;<\/p>\n<p>&nbsp;<\/p>\n<p style=\"text-align: right;\"><span style=\"font-family: comic sans ms, sans-serif; font-size: 14pt;\">Mai 2025<\/span><\/p>\n<p>&nbsp;<\/p>\n<p>&nbsp;<\/p>\n","protected":false},"excerpt":{"rendered":"<p>\u00a0 &nbsp; &nbsp; &nbsp; &nbsp; &nbsp; &nbsp; &nbsp; &nbsp; La kakistocratie europ\u00e9enne enferm\u00e9e dans une guerre sans fin contre la Russie \u00a0 &nbsp; Pepe Esvobar \u2013 The Unz Review \u2013 23.5.2025 Traduction : c.l. pour L.G.O. &nbsp; &nbsp; \u00a0 &nbsp; &nbsp; &nbsp; N&rsquo;interrompez jamais votre ennemi lorsqu&rsquo;il est en train de se suicider en s\u00e9rie&#8230;.<\/p>\n","protected":false},"author":1,"featured_media":0,"parent":0,"menu_order":0,"comment_status":"open","ping_status":"open","template":"","meta":[],"_links":{"self":[{"href":"https:\/\/blog.lesgrossesorchadeslesamplesthalameges.fr\/index.php\/wp-json\/wp\/v2\/pages\/25330"}],"collection":[{"href":"https:\/\/blog.lesgrossesorchadeslesamplesthalameges.fr\/index.php\/wp-json\/wp\/v2\/pages"}],"about":[{"href":"https:\/\/blog.lesgrossesorchadeslesamplesthalameges.fr\/index.php\/wp-json\/wp\/v2\/types\/page"}],"author":[{"embeddable":true,"href":"https:\/\/blog.lesgrossesorchadeslesamplesthalameges.fr\/index.php\/wp-json\/wp\/v2\/users\/1"}],"replies":[{"embeddable":true,"href":"https:\/\/blog.lesgrossesorchadeslesamplesthalameges.fr\/index.php\/wp-json\/wp\/v2\/comments?post=25330"}],"version-history":[{"count":7,"href":"https:\/\/blog.lesgrossesorchadeslesamplesthalameges.fr\/index.php\/wp-json\/wp\/v2\/pages\/25330\/revisions"}],"predecessor-version":[{"id":25337,"href":"https:\/\/blog.lesgrossesorchadeslesamplesthalameges.fr\/index.php\/wp-json\/wp\/v2\/pages\/25330\/revisions\/25337"}],"wp:attachment":[{"href":"https:\/\/blog.lesgrossesorchadeslesamplesthalameges.fr\/index.php\/wp-json\/wp\/v2\/media?parent=25330"}],"curies":[{"name":"wp","href":"https:\/\/api.w.org\/{rel}","templated":true}]}}