{"id":25584,"date":"2025-06-19T17:45:07","date_gmt":"2025-06-19T15:45:07","guid":{"rendered":"http:\/\/blog.lesgrossesorchadeslesamplesthalameges.fr\/?page_id=25584"},"modified":"2025-06-19T17:49:33","modified_gmt":"2025-06-19T15:49:33","slug":"la-revolution-nest-pas-un-diner-en-ville","status":"publish","type":"page","link":"https:\/\/blog.lesgrossesorchadeslesamplesthalameges.fr\/index.php\/la-revolution-nest-pas-un-diner-en-ville\/","title":{"rendered":"La r\u00e9volution n&rsquo;est pas un d\u00eener en ville."},"content":{"rendered":"<p>&nbsp;<\/p>\n<p>&nbsp;<\/p>\n<p>&nbsp;<\/p>\n<p>&nbsp;<\/p>\n<p>&nbsp;<\/p>\n<p>&nbsp;<\/p>\n<p>&nbsp;<\/p>\n<p style=\"text-align: center;\"><span style=\"font-family: times new roman, times, serif; font-size: 36pt;\"><strong>La r\u00e9volution n&rsquo;est pas un d\u00eener en ville<\/strong><\/span><\/p>\n<p>&nbsp;<\/p>\n<p>&nbsp;<\/p>\n<p style=\"text-align: center;\"><span style=\"font-family: times new roman, times, serif; font-size: 18pt;\"><strong> <em>La strat\u00e9gie nucl\u00e9aire d\u00e9sastreuse de l&rsquo;Iran ne fait pas le poids face \u00e0 l\u2019impitoyable brutalit\u00e9 d&rsquo;Isra\u00ebl et des USA<\/em><\/strong><\/span><\/p>\n<p>&nbsp;<\/p>\n<p>&nbsp;<\/p>\n<p style=\"text-align: center;\"><span style=\"font-size: 18pt; font-family: times new roman, times, serif;\"><strong>Hua Bin \u2013 <em>The Unz Review<\/em> \u2013 15.6.2025<\/strong><\/span><span style=\"font-size: 18pt; font-family: times new roman, times, serif;\"><strong>\u00a0<\/strong><\/span><\/p>\n<p style=\"text-align: center;\"><span style=\"font-size: 18pt; font-family: times new roman, times, serif;\">Traduction :<strong> c.l. <\/strong>pour<strong> <em>L.G.O<\/em>.<\/strong><\/span><\/p>\n<p>&nbsp;<\/p>\n<p>&nbsp;<\/p>\n<p>&nbsp;<\/p>\n<p style=\"text-align: center;\"><a href=\"http:\/\/blog.lesgrossesorchadeslesamplesthalameges.fr\/?attachment_id=25563\" rel=\"attachment wp-att-25563\"><img loading=\"lazy\" class=\"alignnone wp-image-25563 size-full\" src=\"http:\/\/blog.lesgrossesorchadeslesamplesthalameges.fr\/wp-content\/uploads\/2025\/06\/2.-Drapeaux-ennemis.jpg\" alt=\"\" width=\"600\" height=\"450\" srcset=\"https:\/\/blog.lesgrossesorchadeslesamplesthalameges.fr\/wp-content\/uploads\/2025\/06\/2.-Drapeaux-ennemis.jpg 600w, https:\/\/blog.lesgrossesorchadeslesamplesthalameges.fr\/wp-content\/uploads\/2025\/06\/2.-Drapeaux-ennemis-300x225.jpg 300w\" sizes=\"(max-width: 600px) 100vw, 600px\" \/><\/a><\/p>\n<p style=\"text-align: justify;\"><span style=\"font-family: times new roman, times, serif; font-size: 14pt;\"><em>\u00a0<\/em><\/span><\/p>\n<p>&nbsp;<\/p>\n<p style=\"text-align: justify;\"><span style=\"font-family: times new roman, times, serif; font-size: 14pt;\">L&rsquo;attaque d\u00e9vastatrice d&rsquo;Isra\u00ebl contre l&rsquo;Iran a pris le monde par surprise.<\/span><\/p>\n<p style=\"text-align: justify;\"><span style=\"font-family: times new roman, times, serif; font-size: 14pt;\">Bien s\u00fbr, personne n&rsquo;est vraiment surpris qu&rsquo;Isra\u00ebl commette un acte d&rsquo;agression aussi flagrant contre un autre pays, car l&rsquo;\u00c9tat juif a prouv\u00e9, \u00e0 maintes reprises qu&rsquo;il est un r\u00e9gime terroriste voyou capable de g\u00e9nocide \u00e9hont\u00e9, de nettoyage ethnique et qui affiche un m\u00e9pris total des principes moraux les plus \u00e9l\u00e9mentaires, avec le soutien et l&rsquo;appui public du r\u00e9gime US, son partenaire hybride ma\u00eetre-esclave dans le crime (d\u00e9m\u00ealer la relation b\u00e2tarde et incestueuse qui unit ces deux \u00c9tats fascistes demanderait plus d&rsquo;\u00e9nergie que quiconque ne souhaite en d\u00e9penser, je m&rsquo;en tiendrai donc l\u00e0).<\/span><\/p>\n<p style=\"text-align: justify;\"><span style=\"font-family: times new roman, times, serif; font-size: 14pt;\">Ce qui est surprenant, c&rsquo;est \u00e0 quel point l&rsquo;Iran \u00e9tait mal pr\u00e9par\u00e9, et se soit trouv\u00e9 presque litt\u00e9ralement pris au d\u00e9pourvu. Il a \u00e9t\u00e9 d\u00e9capit\u00e9 de ses hauts responsables militaires et nucl\u00e9aires, ses installations nucl\u00e9aires et balistiques ont \u00e9t\u00e9 gravement endommag\u00e9es, sans parler de sa d\u00e9fense a\u00e9rienne \u00e0 peine op\u00e9rationnelle et de sa s\u00e9curit\u00e9 int\u00e9rieure violemment infiltr\u00e9e par le Mossad et ses agents.<\/span><\/p>\n<p style=\"text-align: justify;\"><span style=\"font-family: times new roman, times, serif; font-size: 14pt;\">Bien que l&rsquo;Iran ait lanc\u00e9 d&rsquo;intenses frappes de repr\u00e9sailles contre Isra\u00ebl, il ne fait aucun doute que la dissuasion et la cr\u00e9dibilit\u00e9 iraniennes ont subi un coup dur, potentiellement irr\u00e9parable. Sa vuln\u00e9rabilit\u00e9 est d\u00e9sormais expos\u00e9e aux yeux de tous.<\/span><\/p>\n<p style=\"text-align: justify;\"><span style=\"font-family: times new roman, times, serif; font-size: 14pt;\">La principale raison de cet \u00e9chec humiliant face aux Juifs r\u00e9side dans la strat\u00e9gie nucl\u00e9aire inepte de l&rsquo;Iran. Plut\u00f4t que de poursuivre une politique de dissuasion nucl\u00e9aire engag\u00e9e pour assurer la s\u00e9curit\u00e9 nationale et la souverainet\u00e9 comme le fait la Cor\u00e9e du Nord, l&rsquo;Iran a tent\u00e9 d&rsquo;utiliser la question nucl\u00e9aire comme monnaie d&rsquo;\u00e9change pour obtenir des concessions de la part des pays occidentaux qui lui imposent des sanctions.<\/span><\/p>\n<p style=\"text-align: justify;\"><span style=\"font-family: times new roman, times, serif; font-size: 14pt;\">Il a volet\u00e9 pendant des ann\u00e9es autour du seuil nucl\u00e9aire sans jamais le franchir, transformant finalement cette question en pr\u00e9texte \u00e0 la guerre plut\u00f4t qu&rsquo;en moyen de dissuasion contre la guerre. En substance, Isra\u00ebl et les USA ont mis l&rsquo;Iran au pied du mur.<\/span><\/p>\n<p style=\"text-align: justify;\"><span style=\"font-family: times new roman, times, serif; font-size: 14pt;\">Ceux qui tiennent \u00e0 l\u2019impartialit\u00e9 peuvent dire que l&rsquo;Iran poursuit une utilisation pacifique de l&rsquo;\u00e9nergie nucl\u00e9aire et qu&rsquo;il en a tout \u00e0 fait le droit, en tant que pays souverain. Ce qui est bien s\u00fbr vrai. Seulement, dans le monde o\u00f9 nous vivons, cette souverainet\u00e9 n&rsquo;existe qu\u2019en th\u00e9orie, parce que le r\u00e9gime juif et ses soutiens occidentaux se contenteront de r\u00e9p\u00e9ter inlassablement que le d\u00e9veloppement nucl\u00e9aire iranien est \u00e0 des fins militaires, sans avoir \u00e0 en apporter la preuve.<\/span><\/p>\n<p style=\"text-align: justify;\"><span style=\"font-family: times new roman, times, serif; font-size: 14pt;\">Ils n&rsquo;ont pas \u00e0 pr\u00e9senter de preuves pour \u00e9tayer leurs all\u00e9gations, tout comme la guerre en Irak de 2003 et la guerre en Libye de 2011 ont \u00e9t\u00e9 conduites sous de faux pr\u00e9textes.<\/span><\/p>\n<p style=\"text-align: justify;\"><span style=\"font-family: times new roman, times, serif; font-size: 14pt;\">M\u00eame face \u00e0 un pays bien plus puissant tel que la Russie, l&rsquo;Occident continue d\u2019affirmer, contrairement \u00e0 toutes les preuves, que la guerre en Ukraine faisait partie d\u2019un plan d&rsquo;agression de la Russie contre l&rsquo;Europe et non une \u00a0r\u00e9action l\u00e9gitime \u00e0 l&rsquo;expansion de l&rsquo;OTAN \u00e0 ses fronti\u00e8res. De m\u00eame, les USA se contentent d\u2019affirmer que la technologie Huawei est utilis\u00e9e \u00e0 des fins d&rsquo;espionnage et qu\u2019il faut par cons\u00e9quent l\u2019interdire, alors que les enqu\u00eates r\u00e9p\u00e9t\u00e9es faites par leurs propres alli\u00e9s (Royaume-Uni et Allemagne) prouvent le contraire.<\/span><\/p>\n<p style=\"text-align: justify;\"><span style=\"font-family: times new roman, times, serif; font-size: 14pt;\">Dans un monde o\u00f9 la force fait le droit, la souverainet\u00e9 de l&rsquo;Iran l\u2019autorisant \u00e0 poursuivre une utilisation pacifique de l&rsquo;\u00e9nergie nucl\u00e9aire n&rsquo;est qu&rsquo;un mirage. Ses choix sont simples : soit d\u00e9velopper r\u00e9ellement des armes nucl\u00e9aires \u00e0 des fins dissuasives, soit abandonner compl\u00e8tement son programme nucl\u00e9aire. Il n&rsquo;existe aucune autorit\u00e9 sup\u00e9rieure pour d\u00e9fendre le droit de l&rsquo;Iran si l&rsquo;\u00c9tat h\u00e9breu et ses complices occidentaux sont d\u00e9termin\u00e9s \u00e0 le lui refuser.<\/span><\/p>\n<p style=\"text-align: justify;\"><span style=\"font-family: times new roman, times, serif; font-size: 14pt;\">Cette attaque a \u00e9galement r\u00e9v\u00e9l\u00e9 la na\u00efvet\u00e9 de l&rsquo;Iran accordant sa confiance \u00e0 l\u2019hypocrite r\u00e9gime US. Comme l&rsquo;a rapport\u00e9 avec jubilation le <em>New York Times<\/em>, les responsables iraniens ont \u00e9t\u00e9 amen\u00e9s \u00e0 croire que toute \u00e9ventuelle attaque isra\u00e9lienne n&rsquo;aurait lieu qu&rsquo;apr\u00e8s la sixi\u00e8me s\u00e9rie de n\u00e9gociations avec le r\u00e9gime US pr\u00e9vue pour le 15 juin. Mais d&rsquo;apr\u00e8s les vantardises de Trump lui-m\u00eame sur \u00ab <em>Truth Social<\/em> \u00bb, le plan d&rsquo;attaque avait \u00e9t\u00e9 approuv\u00e9 bien avant l&rsquo;attaque du 13 juin. Les n\u00e9gociations n&rsquo;\u00e9taient qu&rsquo;un stratag\u00e8me de mauvaise foi visant \u00e0 d\u00e9sarmer la vigilance iranienne. L&rsquo;Iran est tomb\u00e9 droit dans le pi\u00e8ge.<\/span><\/p>\n<p style=\"text-align: justify;\"><span style=\"font-family: times new roman, times, serif; font-size: 14pt;\">Les alli\u00e9s r\u00e9gionaux de l&rsquo;Iran ont \u00e9t\u00e9 syst\u00e9matiquement affaiblis par Isra\u00ebl et les USA tout au long de l&rsquo;ann\u00e9e \u00e9coul\u00e9e. Le Hezbollah et la Syrie ont \u00e9t\u00e9 d\u00e9cim\u00e9s, la milice irakienne n&rsquo;a jamais fait grand-chose et les courageux Houthis n&rsquo;\u00e9taient pas des acteurs assez puissants dans ce jeu pour infliger autre chose que des dommages superficiels. En bref, l&rsquo;Axe de la r\u00e9sistance n&rsquo;est gu\u00e8re plus qu&rsquo;un tigre de papier.<\/span><\/p>\n<p style=\"text-align: justify;\"><span style=\"font-family: times new roman, times, serif; font-size: 14pt;\">L&rsquo;attaque a \u00e9galement r\u00e9v\u00e9l\u00e9 de nombreuses failles au sein de l&rsquo;arm\u00e9e et de la soci\u00e9t\u00e9 iraniennes :<\/span><\/p>\n<ul style=\"text-align: justify;\">\n<li><span style=\"font-family: times new roman, times, serif; font-size: 14pt;\">Manque de discipline. Les hauts grad\u00e9s de l&rsquo;arm\u00e9e ont d\u00e9sob\u00e9i aux ordres de rester \u00e0 l&rsquo;abri. Face aux nombreux assassinats et frappes d\u00e9capitants r\u00e9ussis par Isra\u00ebl (y compris peut-\u00eatre l&rsquo;accident d&rsquo;h\u00e9licopt\u00e8re suspect qui a co\u00fbt\u00e9 la vie \u00e0 Raissi le dernier pr\u00e9sident iranien), les g\u00e9n\u00e9raux et les scientifiques nucl\u00e9aires iraniens de haut rang n&rsquo;\u00e9taient pas prot\u00e9g\u00e9s comme il fallait et r\u00e9sidaient toujours dans leurs domiciles habituels, o\u00f9 ils ont \u00e9t\u00e9 atteints par des frappes de pr\u00e9cision.<\/span><\/li>\n<\/ul>\n<ul style=\"text-align: justify;\">\n<li><span style=\"font-family: times new roman, times, serif; font-size: 14pt;\">Un syst\u00e8me de s\u00e9curit\u00e9 profond\u00e9ment infiltr\u00e9. Personne ne peut douter que l&rsquo;appareil de s\u00e9curit\u00e9 nationale iranien soit gravement infiltr\u00e9 par des tra\u00eetres et des informateurs internes. La question n&rsquo;a pas \u00e9t\u00e9 abord\u00e9e malgr\u00e9 les preuves r\u00e9p\u00e9t\u00e9es de failles incontestables dans la s\u00e9curit\u00e9, notamment lors de l&rsquo;assassinat du dirigeant du Hamas Haniyeh \u00e0 T\u00e9h\u00e9ran en 2024.<\/span><\/li>\n<\/ul>\n<ul style=\"text-align: justify;\">\n<li><span style=\"font-family: times new roman, times, serif; font-size: 14pt;\">Division entre les nationalistes radicaux et les partisans de l&rsquo;Occident (alias les lib\u00e9raux). Les tergiversations sur la question nucl\u00e9aire et le soutien incoh\u00e9rent apport\u00e9 aux membres de l&rsquo;Axe de la r\u00e9sistance refl\u00e8tent une profonde division au sein de l&rsquo;Iran entre les diff\u00e9rents groupes d&rsquo;int\u00e9r\u00eat qui ont des objectifs politiques tr\u00e8s divergents.<\/span><\/li>\n<\/ul>\n<p style=\"text-align: justify;\"><span style=\"font-family: times new roman, times, serif; font-size: 14pt;\">\u00c0 un niveau plus \u00e9lev\u00e9, la soci\u00e9t\u00e9 iranienne souffre de graves contradictions internes sur le long terme, qui affaiblissent sa position face \u00e0 ses ennemis :<\/span><\/p>\n<ul style=\"text-align: justify;\">\n<li><span style=\"font-family: times new roman, times, serif; font-size: 14pt;\">Un syst\u00e8me \u00e9lectoral nominal qui fonctionne dans le cadre d&rsquo;une th\u00e9ologie o\u00f9 les int\u00e9r\u00eats la\u00efques et le clerg\u00e9 ne sont jamais correctement concili\u00e9s, ce qui conduit \u00e0 une population profond\u00e9ment d\u00e9moralis\u00e9e et d\u00e9sillusionn\u00e9e.<\/span><\/li>\n<\/ul>\n<ul style=\"text-align: justify;\">\n<li><span style=\"font-family: times new roman, times, serif; font-size: 14pt;\">Double structure militaire du Corps des Gardiens de la R\u00e9volution Islamique (CGRI) et de l&rsquo;arm\u00e9e nationale. Le beaucoup plus puissant CGRI est profond\u00e9ment corrompu par son implication dans des int\u00e9r\u00eats commerciaux allant de l&rsquo;\u00e9nergie \u00e0 la construction, en passant par les infrastructures. L&rsquo;influence corrompue du CGRI a non seulement affaibli la d\u00e9fense nationale iranienne, mais a \u00e9galement pollu\u00e9 une grande partie de l&rsquo;Axe de la R\u00e9sistance, le transformant en une organisation criminelle ax\u00e9e sur le profit et centr\u00e9e sur la contrebande du p\u00e9trole.<\/span><\/li>\n<\/ul>\n<ul style=\"text-align: justify;\">\n<li><span style=\"font-family: times new roman, times, serif; font-size: 14pt;\">Enfin, les \u00e9v\u00e9nements de ces dix-huit derniers mois nous ont montr\u00e9 que l&rsquo;unit\u00e9 islamique est une illusion et qu&rsquo;elle n&rsquo;existe pas. Les pays musulmans du Golfe sont plus que jamais expos\u00e9s \u00e0 la strat\u00e9gie occidentale consistant \u00e0 diviser pour mieux r\u00e9gner. Personne n&rsquo;est venu au secours de l&rsquo;Iran et personne ne le fera.<\/span><\/li>\n<\/ul>\n<p style=\"text-align: justify;\"><span style=\"font-family: times new roman, times, serif; font-size: 14pt;\">\u00c0 l\u2019oppos\u00e9 de l&rsquo;ind\u00e9cision iranienne, Isra\u00ebl a fait preuve d&rsquo;une f\u00e9rocit\u00e9 impitoyable en ce qui concerne son propre programme d&rsquo;armement nucl\u00e9aire. Selon les recherches men\u00e9es par Michael Collins Piper et Laurent Guy\u00e9not, Isra\u00ebl a conspir\u00e9 avec des \u00e9l\u00e9ments de \u00ab l&rsquo;\u00c9tat profond \u00bb US pour assassiner le pr\u00e9sident Kennedy en 1963, parce que JFK \u00e9tait fermement oppos\u00e9 \u00e0 l&rsquo;acquisition de la \u00ab bombe \u00bb par l&rsquo;\u00c9tat juif.<\/span><\/p>\n<p style=\"text-align: justify;\"><span style=\"font-family: times new roman, times, serif; font-size: 14pt;\">Pour un compte rendu d\u00e9taill\u00e9 de l&rsquo;assassinat de JFK et du projet Dimona, je recommande vivement le livre de Piper, <strong><em>Final Judgement<\/em><\/strong>, et celui de Guyenot, <strong><em>The Unspoken Kennedy Truth<\/em><\/strong>. Le contexte de l\u2019hypoth\u00e8se Piper sur l&rsquo;assassinat de JFK a \u00e9t\u00e9 valid\u00e9 par le r\u00e9cit beaucoup plus conventionnel de Sy Hersh dans son livre <strong><em>The Samson Option<\/em><\/strong>.<\/span><\/p>\n<p style=\"text-align: justify;\"><span style=\"font-family: times new roman, times, serif; font-size: 14pt;\">Isra\u00ebl a fait montre d&rsquo;une encore plus grande f\u00e9rocit\u00e9 en lan\u00e7ant l&rsquo;op\u00e9ration sous faux pavillon du 11 septembre, une fois de plus en coop\u00e9ration avec des \u00e9l\u00e9ments de l&rsquo;\u00c9tat profond am\u00e9ricain, afin d&rsquo;entra\u00eener les USA au Moyen-Orient, de telle sorte qu\u2019ils concourent \u00e0 d\u00e9truire les ennemis r\u00e9gionaux d&rsquo;Isra\u00ebl. Le journaliste d&rsquo;investigation Christopher Bollyn a document\u00e9 le r\u00f4le diabolique d&rsquo;Isra\u00ebl dans l&rsquo;\u00ab attaque terroriste \u00bb fabriqu\u00e9e du 11 septembre dans son excellent livre <strong><em>Solving 9-11: the Deception That Changed The World<\/em><\/strong> (\u00ab\u00a0R\u00e9soudre le 11 septembre : la supercherie qui a chang\u00e9 le monde\u00a0\u00bb).<\/span><\/p>\n<p style=\"text-align: justify;\"><span style=\"font-family: times new roman, times, serif; font-size: 14pt;\">Pour ceux qui ne le savent pas, la devise officielle du Mossad est \u00ab \u05d1\u05b0\u05bc\u05ea\u05b7\u05d7\u05b0\u05d1\u05bb\u05bc\u05dc\u05d5\u05b9\u05ea \u05ea\u05b7\u05bc\u05e2\u05b2\u05e9\u05b6\u05c2\u05d4 \u05dc\u05b0\u05da\u05b8 \u05de\u05b4\u05dc\u05b0\u05d7\u05b8\u05de\u05b8\u05d4 \u00bb, ce qui signifie \u00ab Par la ruse, tu feras la guerre \u00bb, citation directe du Livre des Proverbes du <em>Talmud.<\/em><\/span><\/p>\n<p style=\"text-align: justify;\"><span style=\"font-family: times new roman, times, serif; font-size: 14pt;\">La CIA, organisation s\u0153ur du Mossad, a, pour son compte, une devise beaucoup moins t\u00e9m\u00e9raire et plus hypocrite : \u00ab Vous conna\u00eetrez la v\u00e9rit\u00e9, et la v\u00e9rit\u00e9 vous rendra libres \u00bb, citation de la <em>Bible<\/em>, Jean 8:32.<\/span><\/p>\n<p style=\"text-align: justify;\"><span style=\"font-family: times new roman, times, serif; font-size: 14pt;\">Lorsque des organisations criminelles homologu\u00e9es par l&rsquo;\u00c9tat telles que le Mossad et la CIA se mettent \u00e0 citer le \u00ab livre saint \u00bb, m\u00e9fiez-vous : c\u2019est qu\u2019elles s&rsquo;appr\u00eatent \u00e0 commettre les actes les plus impies. Comme Mike Pompeo l&rsquo;a d\u00e9clar\u00e9 sans complexe \u00e0 propos de la CIA : \u00ab Nous avons menti, nous avons trich\u00e9, nous avons vol\u00e9&#8230; Nous avons suivi des formations compl\u00e8tes&#8230; \u00bb.<\/span><\/p>\n<p style=\"text-align: justify;\"><span style=\"font-family: times new roman, times, serif; font-size: 14pt;\">Un autre contraste avec l&rsquo;ind\u00e9cision iranienne est l\u2019inlassable d\u00e9termination de la Cor\u00e9e du Nord \u00e0 se doter d&rsquo;une force de dissuasion nucl\u00e9aire, et ce en d\u00e9pit de la forte opposition de la Chine et de la Russie, qui ont toutes deux approuv\u00e9 les sanctions de l&rsquo;ONU contre cette m\u00eame Cor\u00e9e du Nord pour son programme nucl\u00e9aire.<\/span><\/p>\n<p style=\"text-align: justify;\"><span style=\"font-family: times new roman, times, serif; font-size: 14pt;\">Quand on compare les forces nationales de l&rsquo;Iran et de la Cor\u00e9e du Nord \u00e0 celles de leurs ennemis jur\u00e9s respectifs, on se rend compte de l&rsquo;\u00e9cart qui existe entre la d\u00e9termination dont fait preuve l&rsquo;Iran et celle des deux g\u00e9n\u00e9rations de Kim en Cor\u00e9e du Nord :<\/span><\/p>\n<ul style=\"text-align: justify;\">\n<li><span style=\"font-family: times new roman, times, serif; font-size: 14pt;\">Cor\u00e9e du Nord c\/ Cor\u00e9e du Sud \u2013 population de 26 millions contre 52 millions, PIB de 23 milliards de dollars contre 1,7 \u00ab\u00a0trillions\u00a0\u00bb de dollars <em>[un trillion = un milliard de milliards, NdT]<\/em><\/span><\/li>\n<\/ul>\n<ul style=\"text-align: justify;\">\n<li><span style=\"font-family: times new roman, times, serif; font-size: 14pt;\">Iran c\/ Isra\u00ebl \u2013 population de 91 millions contre 9,7 millions, PIB de 405 milliards de dollars contre 514 milliards de dollars.<\/span><\/li>\n<\/ul>\n<p style=\"text-align: justify;\"><span style=\"font-family: times new roman, times, serif; font-size: 14pt;\">L&rsquo;histoire a montr\u00e9 que tenter de n\u00e9gocier avec le diable est une entreprise insens\u00e9e et un s\u00fbr chemin vers la ruine. Regardez ce qui est arriv\u00e9 \u00e0 Saddam Hussein et \u00e0 Mouammar Kadhafi, qui ont renonc\u00e9 \u00e0 leurs projets nucl\u00e9aires pour se concilier l&rsquo;Occident, et qui ont fini par \u00a0\u00eatre \u00e9limin\u00e9s sans piti\u00e9.<\/span><\/p>\n<p style=\"text-align: justify;\"><span style=\"font-family: times new roman, times, serif; font-size: 14pt;\">Il existe un proverbe chinois multis\u00e9culaire qui dit : \u00ab Ceux qui n\u00e9gocient avec le tigre pour avoir sa peau seront d\u00e9vor\u00e9s par le tigre. \u00bb La confiance mal plac\u00e9e de l&rsquo;Iran dans la bonne foi du r\u00e9gime US lui a co\u00fbt\u00e9 tr\u00e8s cher, surtout si l&rsquo;on consid\u00e8re les trahisons \u00a0av\u00e9r\u00e9es des \u00c9tats-Unis, du genre \u00ab pas un pouce vers l&rsquo;est \u00bb faite \u00e0 la Russie et leur engagement envers les Chinois sur \u00ab\u00a0une seule Chine\u00a0\u00bb. Le r\u00e9gime US n&rsquo;est tout simplement jamais un acteur de bonne foi. L&rsquo;Iran n\u2019est que la derni\u00e8re victime de ses trahisons.<\/span><\/p>\n<p style=\"text-align: justify;\"><span style=\"font-family: times new roman, times, serif; font-size: 14pt;\">Tout en compatissant sinc\u00e8rement aux malheurs de l&rsquo;Iran aux prises avec l\u2019impitoyable \u00ab ordre international fond\u00e9 sur des r\u00e8gles \u00bb impos\u00e9 par l&rsquo;Occident, il ne faut pas oublier que la partie la plus faible, dans un affrontement, doit toujours se montrer la plus avis\u00e9e. Malheureusement, l&rsquo;Iran s&rsquo;est r\u00e9v\u00e9l\u00e9 \u00e0 la fois faible et imprudent.<\/span><\/p>\n<p style=\"text-align: justify;\"><span style=\"font-family: times new roman, times, serif; font-size: 14pt;\"><em>\u00a0<\/em><\/span><\/p>\n<p style=\"text-align: justify;\"><span style=\"font-family: times new roman, times, serif; font-size: 14pt;\">Source : <a href=\"https:\/\/www.unz.com\/bhua\/revolution-is-not-a-dinner-party\/\">https:\/\/www.unz.com\/bhua\/revolution-is-not-a-dinner-party\/<\/a><\/span><\/p>\n<p style=\"text-align: left;\"><span style=\"font-family: times new roman, times, serif; font-size: 14pt;\"><em>(Republi\u00e9 depuis <\/em><a href=\"https:\/\/huabinoliver.substack.com\/p\/revolution-is-not-a-dinner-party\"><strong><em>Substack<\/em><\/strong><\/a><em> avec l&rsquo;autorisation de l&rsquo;auteur ou de son repr\u00e9sentant) <\/em><\/span><\/p>\n<p style=\"text-align: left;\"><span style=\"font-family: times new roman, times, serif; font-size: 14pt;\">URL de cet article : <a href=\"http:\/\/blog.lesgrossesorchadeslesamplesthalameges.fr\/index.php\/la-revolution-nest-pas-un-diner-en-ville\/\">http:\/\/blog.lesgrossesorchadeslesamplesthalameges.fr\/index.php\/la-revolution-nest-pas-un-diner-en-ville\/<\/a><\/span><\/p>\n<p>&nbsp;<\/p>\n<p>&nbsp;<\/p>\n<p style=\"text-align: center;\"><strong>\u00a0<a href=\"http:\/\/blog.lesgrossesorchadeslesamplesthalameges.fr\/?attachment_id=25464\" rel=\"attachment wp-att-25464\"><img loading=\"lazy\" class=\"alignnone size-full wp-image-25464\" src=\"http:\/\/blog.lesgrossesorchadeslesamplesthalameges.fr\/wp-content\/uploads\/2025\/06\/000.-russep-x-2.gif\" alt=\"\" width=\"50\" height=\"50\" \/><\/a><\/strong><\/p>\n<p><strong>\u00a0<\/strong><\/p>\n<p style=\"text-align: right;\"><span style=\"font-family: comic sans ms, sans-serif; font-size: 14pt;\">Juin 2025<\/span><\/p>\n<p>&nbsp;<\/p>\n","protected":false},"excerpt":{"rendered":"<p>&nbsp; &nbsp; &nbsp; &nbsp; &nbsp; &nbsp; &nbsp; La r\u00e9volution n&rsquo;est pas un d\u00eener en ville &nbsp; &nbsp; La strat\u00e9gie nucl\u00e9aire d\u00e9sastreuse de l&rsquo;Iran ne fait pas le poids face \u00e0 l\u2019impitoyable brutalit\u00e9 d&rsquo;Isra\u00ebl et des USA &nbsp; &nbsp; Hua Bin \u2013 The Unz Review \u2013 15.6.2025\u00a0 Traduction : c.l. pour L.G.O. &nbsp; &nbsp; &nbsp; \u00a0&#8230;<\/p>\n","protected":false},"author":1,"featured_media":0,"parent":0,"menu_order":0,"comment_status":"open","ping_status":"open","template":"","meta":[],"_links":{"self":[{"href":"https:\/\/blog.lesgrossesorchadeslesamplesthalameges.fr\/index.php\/wp-json\/wp\/v2\/pages\/25584"}],"collection":[{"href":"https:\/\/blog.lesgrossesorchadeslesamplesthalameges.fr\/index.php\/wp-json\/wp\/v2\/pages"}],"about":[{"href":"https:\/\/blog.lesgrossesorchadeslesamplesthalameges.fr\/index.php\/wp-json\/wp\/v2\/types\/page"}],"author":[{"embeddable":true,"href":"https:\/\/blog.lesgrossesorchadeslesamplesthalameges.fr\/index.php\/wp-json\/wp\/v2\/users\/1"}],"replies":[{"embeddable":true,"href":"https:\/\/blog.lesgrossesorchadeslesamplesthalameges.fr\/index.php\/wp-json\/wp\/v2\/comments?post=25584"}],"version-history":[{"count":9,"href":"https:\/\/blog.lesgrossesorchadeslesamplesthalameges.fr\/index.php\/wp-json\/wp\/v2\/pages\/25584\/revisions"}],"predecessor-version":[{"id":25593,"href":"https:\/\/blog.lesgrossesorchadeslesamplesthalameges.fr\/index.php\/wp-json\/wp\/v2\/pages\/25584\/revisions\/25593"}],"wp:attachment":[{"href":"https:\/\/blog.lesgrossesorchadeslesamplesthalameges.fr\/index.php\/wp-json\/wp\/v2\/media?parent=25584"}],"curies":[{"name":"wp","href":"https:\/\/api.w.org\/{rel}","templated":true}]}}