{"id":256,"date":"2018-10-28T19:11:25","date_gmt":"2018-10-28T18:11:25","guid":{"rendered":"http:\/\/blog.lesgrossesorchadeslesamplesthalameges.fr\/?page_id=256"},"modified":"2018-10-28T19:11:25","modified_gmt":"2018-10-28T18:11:25","slug":"la-barbarie-commence-seulement","status":"publish","type":"page","link":"https:\/\/blog.lesgrossesorchadeslesamplesthalameges.fr\/index.php\/la-barbarie-commence-seulement\/","title":{"rendered":"La barbarie commence seulement"},"content":{"rendered":"<p>&nbsp;<\/p>\n<p>&nbsp;<\/p>\n<p>&nbsp;<\/p>\n<p>&nbsp;<\/p>\n<p><img loading=\"lazy\" class=\"alignnone size-full wp-image-257 aligncenter\" src=\"http:\/\/blog.lesgrossesorchadeslesamplesthalameges.fr\/wp-content\/uploads\/2018\/10\/Manuel-de-Dieguez-titre.gif\" alt=\"\" width=\"234\" height=\"33\" \/><\/p>\n<p>&nbsp;<\/p>\n<p style=\"text-align: center;\"><img loading=\"lazy\" class=\"alignnone wp-image-258\" src=\"http:\/\/blog.lesgrossesorchadeslesamplesthalameges.fr\/wp-content\/uploads\/2018\/10\/Manuel-de-Di\u00e9guez-170x300.jpg\" alt=\"\" width=\"200\" height=\"352\" srcset=\"https:\/\/blog.lesgrossesorchadeslesamplesthalameges.fr\/wp-content\/uploads\/2018\/10\/Manuel-de-Di\u00e9guez-170x300.jpg 170w, https:\/\/blog.lesgrossesorchadeslesamplesthalameges.fr\/wp-content\/uploads\/2018\/10\/Manuel-de-Di\u00e9guez.jpg 200w\" sizes=\"(max-width: 200px) 100vw, 200px\" \/><\/p>\n<p style=\"text-align: center;\"><span style=\"font-family: times new roman, times, serif; font-size: 36pt;\"><strong>La barbarie commence seulement<\/strong><\/span><\/p>\n<p>&nbsp;<\/p>\n<p style=\"text-align: justify;\"><span style=\"font-family: times new roman, times, serif; font-size: 14pt;\">En mai 1948, \u00e0 l&rsquo;\u00e2ge de vingt-six ans, j&rsquo;ai publi\u00e9 un ouvrage au titre pessimiste \u00e0 l&rsquo;\u00e9poque : <strong><em>La Barbarie commence seulement<\/em><\/strong>. Le 10 mai 1940, tout le monde avait le sentiment que la guerre d\u00e9clench\u00e9e contre la France inaugurait un long reflux de la civilisation mondiale. Mais la notion de <strong>barbarie<\/strong> demeurait impr\u00e9cise et impossible \u00e0 cerner : c&rsquo;\u00e9tait bien davantage le concept de dictature, donc de tyrannie, qui avait fait l&rsquo;objet des analyses d&rsquo;Hannah Arendt. Et il est bient\u00f4t apparu que la notion de <strong>barbarie<\/strong>, au titre de rechute dans la sauvagerie sanglante, donc de retour aux tortures publiques, aux crucifixions, au d\u00e9membrement sanglant des corps et \u00e0 l&rsquo;exposition des chairs jusqu&rsquo;\u00e0 d\u00e9composition pratiqu\u00e9e en Arabie saoudite, n&rsquo;avait pas encore trouv\u00e9 sa place dans la r\u00e9flexion politique et dans la science de la guerre du monde moderne.<\/span><\/p>\n<p style=\"text-align: justify;\"><span style=\"font-family: times new roman, times, serif; font-size: 14pt;\">Ma h\u00e2te de jeune philosophe d&rsquo;approfondir le concept de <strong>barbarie<\/strong> se heurtait encore \u00e0 des apories insurmontables. J&rsquo;avais relu ligne par ligne le <strong><em>Bellum Gallicum<\/em><\/strong> de Jules C\u00e9sar. Avec quelles armes d&rsquo;une r\u00e9flexion de fond sur l&rsquo;histoire et la politique devais-je traiter la d\u00e9cision du futur empereur romain de couper le poing droit des d\u00e9fenseurs d&rsquo;Uxellodonum afin de mettre un terme \u00e0 la r\u00e9sistance de la derni\u00e8re tribu gauloise insurg\u00e9e par un acte de cruaut\u00e9 inhabituel du g\u00e9n\u00e9ral romain. Il s&rsquo;agissait de cr\u00e9er un sentiment de terreur et d&rsquo;horreur dans le but de d\u00e9courager toute vell\u00e9it\u00e9 d&rsquo;insurrection chez les nations gauloises vaincues.<\/span><\/p>\n<p style=\"text-align: justify;\"><span style=\"font-family: times new roman, times, serif; font-size: 14pt;\">Une r\u00e9flexion tragique sur l&rsquo;histoire demeurait radicalement absente de la science historique de type universitaire. Trois quarts de si\u00e8cle plus tard, la science historique est toujours aussi d\u00e9munie faute d&rsquo;une anthropologie des hommes et des nations fond\u00e9e sur la connaissance de la barbarie propre \u00e0 la sauvagerie du genre humain. Mais il \u00e9tait admis que le concept de <strong>barbarie<\/strong> s&rsquo;\u00e9tait depuis longtemps \u00e9vad\u00e9 du seul territoire de la guerre et des conflits arm\u00e9s en g\u00e9n\u00e9ral, pour faire tache d&rsquo;huile sur la globalit\u00e9 des comportements de l&rsquo;<em>animal rationale<\/em> qu&rsquo;on appelle l&rsquo;homme.<\/span><\/p>\n<p style=\"text-align: justify;\"><span style=\"font-family: times new roman, times, serif; font-size: 14pt;\">Il est extraordinaire pour l&rsquo;auteur de <strong><em>La Barbarie commence seulement<\/em><\/strong>, de se voir demander soixante-dix ans plus tard quel est \u00e0 ses yeux le plus grand changement qui s&rsquo;est produit depuis 1948 dans la compr\u00e9hension et la perception de cette question. \u00c0 mon avis, ce qui me semble le plus surprenant, c&rsquo;est que les d\u00e9mocraties auto-proclam\u00e9es d\u00e9fenderesses des droits de l&rsquo;homme sont aujourd&rsquo;hui plac\u00e9es au c\u0153ur de toute tentative d&rsquo;une r\u00e9ponse s\u00e9rieuse. Est-il de nos jours une d\u00e9mocratie qui puisse se passer de se mettre elle-m\u00eame sur la sellette\u00a0? Est-il concevable qu&rsquo;un gouvernement anglais, officiellement d\u00e9mocratique, fabrique et utilise des poisons afin d&rsquo;en imputer la responsabilit\u00e9 \u00e0 un autre \u00c9tat ? Est-il concevable que des gouvernements occidentaux, dits d\u00e9mocratiques, cr\u00e9ent et subventionnent des arm\u00e9es de \u00ab\u00a0<em>fous de Dieu\u00a0\u00bb<\/em>, les utilisent comme forces suppl\u00e9tives et les exp\u00e9dient ravager des \u00c9tats souverains, de l&rsquo;Afghanistan \u00e0 la Syrie, en passant par l&rsquo;Irak et la Libye\u00a0?<\/span><\/p>\n<p style=\"text-align: justify;\"><span style=\"font-family: times new roman, times, serif; font-size: 14pt;\">\u00ab\u00a0<em>C&rsquo;est la vie\u00a0\u00bb<\/em>, s&rsquo;est r\u00e9cemment exclam\u00e9, rigolard, Laurent Fabius, le ministre fran\u00e7ais qui jugeait que les barbares \u00ab\u00a0<em>faisaient du bon boulot\u00a0\u00bb. <\/em>Si \u00ab\u00a0<em>c&rsquo;est la vie\u00a0\u00bb<\/em>, c&rsquo;est donc que telle est la nouvelle normalit\u00e9 politique des d\u00e9mocraties occidentales. La banalisation de la <strong>barbarie<\/strong> est en bonne voie.<\/span><\/p>\n<p style=\"text-align: justify;\"><span style=\"font-family: times new roman, times, serif; font-size: 14pt;\">Dans quelle case une science historique ouverte \u00e0 la connaissance scientifique du genre humain dans sa globalit\u00e9, faut-il placer l&rsquo;exploit macabre de la cour royale d&rsquo;Arabie saoudite de couper les doigts d&rsquo;un journaliste, puis de le d\u00e9pecer tout vif\u00a0? Dans quelle case d&rsquo;une connaissance vraiment anthropologique et propre \u00e0 la science historique situer un massacre religieux fond\u00e9 sur le culte d&rsquo;Allah, de Jahv\u00e9 ou du dieu des chr\u00e9tiens\u00a0? Pour cela, il faudrait commencer par rendre r\u00e9ellement scientifique, c&rsquo;est-\u00e0-dire rationnelle, la connaissance des m\u00e9canismes psychologiques qui ont conduit aux guerres de religion et aux massacres command\u00e9s par une foi proclam\u00e9e \u00ab\u00a0v\u00e9ritable\u00a0\u00bb.<\/span><\/p>\n<p style=\"text-align: justify;\"><span style=\"font-family: times new roman, times, serif; font-size: 14pt;\">Mais la science historique moderne ignore tout de l&rsquo;animal religieux en tant que tel et fier de l&rsquo;\u00eatre. En r\u00e9alit\u00e9, Adam demeure aussi ignorant que du temps de Jules C\u00e9sar. <strong><em>L&rsquo;homme cet inconnu,<\/em><\/strong> le titre de l&rsquo;ouvrage d&rsquo;Alexis Carrel, demeure aussi pr\u00e9cautionneusement emprisonn\u00e9 dans la timide analyse du m\u00e9decin dont le champ demeure sagement circonscrit au si\u00e8ge des cabinets m\u00e9dicaux. Mais si le monde occidental devait explorer la notion m\u00eame de science m\u00e9dicale dans toute son extension et dans son enti\u00e8re sp\u00e9cificit\u00e9, afin de mettre sur la sellette la notion de <strong>barbarie<\/strong>, jusqu&rsquo;\u00e0 quel point faudrait-il enrichir les connaissances des Esculape de cabinet\u00a0?<\/span><\/p>\n<p style=\"text-align: justify;\"><span style=\"font-family: times new roman, times, serif; font-size: 14pt;\">La nouveaut\u00e9 se trouve donc dans le fait que l&rsquo;Arabie des Saoud dispose de forces sp\u00e9ciales et proprement factieuses et qu&rsquo;il s&rsquo;agit de factions calqu\u00e9es sur le mod\u00e8le militaire ensauvag\u00e9, officiellement en vigueur depuis les proc\u00e8s de Nuremberg, \u00e0 la suite desquels les g\u00e9n\u00e9raux vaincus avaient \u00e9t\u00e9 jug\u00e9s et ex\u00e9cut\u00e9s. C&rsquo;est ainsi que dans les guerres du Moyen-Orient, les vaincus sont tortur\u00e9s, crucifi\u00e9s ou pendus. Comment s&rsquo;\u00e9tonner de la chute de la police officielle saoudienne dans la barbarie la plus sanglante\u00a0?<\/span><\/p>\n<p style=\"text-align: justify;\"><span style=\"font-family: times new roman, times, serif; font-size: 14pt;\">Autre temps : dans ses <strong><em>M\u00e9moires<\/em><\/strong>, le duc de Saint-Simon rapporte que l&rsquo;arm\u00e9e victorieuse rendait souvent hommage au g\u00e9n\u00e9ral vaincu, s&rsquo;il s&rsquo;\u00e9tait courageusement d\u00e9fendu.<\/span><\/p>\n<p style=\"text-align: justify;\"><span style=\"font-family: times new roman, times, serif; font-size: 14pt;\">Je remarque que, de nos jours, la <strong>barbarie<\/strong> est partout, \u00e0 la fois parareligieuse et paramilitaire et qu&rsquo;elle ne dispose pas encore d&rsquo;une r\u00e9flexion th\u00e9ologique proprement dite, qui serait directement inspir\u00e9e par le <strong><em>Coran<\/em><\/strong>, les<em> <strong>Evangiles<\/strong> <\/em>ou la <strong><em>Thora<\/em><\/strong>. Or, depuis la nuit des temps, c&rsquo;est dans les guerres \u00e0 dominante religieuse que les massacres sont les plus sauvages.<\/span><\/p>\n<p><span style=\"font-family: times new roman, times, serif;\">26 octobre 2018<\/span><\/p>\n<p>&nbsp;<\/p>\n<p style=\"text-align: center;\"><img loading=\"lazy\" class=\"alignnone wp-image-259\" src=\"http:\/\/blog.lesgrossesorchadeslesamplesthalameges.fr\/wp-content\/uploads\/2018\/10\/Barbarie-XX-300x139.gif\" alt=\"\" width=\"600\" height=\"277\" \/><\/p>\n<p>&nbsp;<\/p>\n<p>&nbsp;<\/p>\n<p style=\"text-align: right;\"><span style=\"font-family: comic sans ms, sans-serif; font-size: 14pt;\">Octobre 2018<\/span><\/p>\n<p>&nbsp;<\/p>\n<p>&nbsp;<\/p>\n","protected":false},"excerpt":{"rendered":"<p>&nbsp; &nbsp; &nbsp; &nbsp; &nbsp; La barbarie commence seulement &nbsp; En mai 1948, \u00e0 l&rsquo;\u00e2ge de vingt-six ans, j&rsquo;ai publi\u00e9 un ouvrage au titre pessimiste \u00e0 l&rsquo;\u00e9poque : La Barbarie commence seulement. Le 10 mai 1940, tout le monde avait le sentiment que la guerre d\u00e9clench\u00e9e contre la France inaugurait un long reflux de la&#8230;<\/p>\n","protected":false},"author":1,"featured_media":0,"parent":0,"menu_order":0,"comment_status":"closed","ping_status":"closed","template":"","meta":[],"_links":{"self":[{"href":"https:\/\/blog.lesgrossesorchadeslesamplesthalameges.fr\/index.php\/wp-json\/wp\/v2\/pages\/256"}],"collection":[{"href":"https:\/\/blog.lesgrossesorchadeslesamplesthalameges.fr\/index.php\/wp-json\/wp\/v2\/pages"}],"about":[{"href":"https:\/\/blog.lesgrossesorchadeslesamplesthalameges.fr\/index.php\/wp-json\/wp\/v2\/types\/page"}],"author":[{"embeddable":true,"href":"https:\/\/blog.lesgrossesorchadeslesamplesthalameges.fr\/index.php\/wp-json\/wp\/v2\/users\/1"}],"replies":[{"embeddable":true,"href":"https:\/\/blog.lesgrossesorchadeslesamplesthalameges.fr\/index.php\/wp-json\/wp\/v2\/comments?post=256"}],"version-history":[{"count":0,"href":"https:\/\/blog.lesgrossesorchadeslesamplesthalameges.fr\/index.php\/wp-json\/wp\/v2\/pages\/256\/revisions"}],"wp:attachment":[{"href":"https:\/\/blog.lesgrossesorchadeslesamplesthalameges.fr\/index.php\/wp-json\/wp\/v2\/media?parent=256"}],"curies":[{"name":"wp","href":"https:\/\/api.w.org\/{rel}","templated":true}]}}