{"id":25711,"date":"2025-06-29T16:40:24","date_gmt":"2025-06-29T14:40:24","guid":{"rendered":"http:\/\/blog.lesgrossesorchadeslesamplesthalameges.fr\/?page_id=25711"},"modified":"2025-06-29T16:42:03","modified_gmt":"2025-06-29T14:42:03","slug":"aucune-autre-armee-au-monde-naurait-pu-le-faire","status":"publish","type":"page","link":"https:\/\/blog.lesgrossesorchadeslesamplesthalameges.fr\/index.php\/aucune-autre-armee-au-monde-naurait-pu-le-faire\/","title":{"rendered":"\u00ab Aucune autre arm\u00e9e au monde n\u2019aurait pu le faire \u00bb"},"content":{"rendered":"<p>&nbsp;<\/p>\n<p>&nbsp;<\/p>\n<p>&nbsp;<\/p>\n<p>&nbsp;<\/p>\n<p>&nbsp;<\/p>\n<p>&nbsp;<\/p>\n<p>&nbsp;<\/p>\n<p>&nbsp;<\/p>\n<p style=\"text-align: center;\"><span style=\"font-family: times new roman, times, serif; font-size: 36pt;\"><strong>\u00ab Aucune autre arm\u00e9e au monde n\u2019aurait pu le faire \u00bb<\/strong><\/span><\/p>\n<p style=\"text-align: justify;\"><span style=\"font-family: times new roman, times, serif; font-size: 14pt;\"><strong>\u00a0<\/strong><\/span><\/p>\n<p>&nbsp;<\/p>\n<p style=\"text-align: center;\"><span style=\"font-family: times new roman, times, serif; font-size: 24pt;\"><strong>Trump a-t-il reconnu les dommages que l\u2019Iran a inflig\u00e9s \u00e0 Isra\u00ebl ? A-t-il reconnu que les USA n\u2019ont pas r\u00e9ussi \u00e0 les stopper, pas r\u00e9ussi \u00e0 rendre Isra\u00ebl \u00ab Great Again \u00bb ?<\/strong><\/span><\/p>\n<p style=\"text-align: center;\"><span style=\"font-family: times new roman, times, serif; font-size: 14pt;\"><strong>\u00a0<\/strong><\/span><\/p>\n<p>&nbsp;<\/p>\n<p style=\"text-align: center;\"><span style=\"font-family: times new roman, times, serif; font-size: 18pt;\"><strong>John Helmer \u2013 <em>Dances with Bears<\/em> \u2013 25.6.2025<\/strong><\/span><span style=\"font-family: times new roman, times, serif; font-size: 18pt;\"><strong>\u00a0<\/strong><\/span><\/p>\n<p style=\"text-align: center;\"><span style=\"font-family: times new roman, times, serif; font-size: 18pt;\">Traduction :<strong> c.l. <\/strong>pour<strong> <em>L.G.O.<\/em><\/strong><\/span><\/p>\n<p style=\"text-align: justify;\"><span style=\"font-family: times new roman, times, serif; font-size: 18pt;\"><strong>\u00a0<\/strong><\/span><\/p>\n<p>&nbsp;<\/p>\n<p>&nbsp;<\/p>\n<p style=\"text-align: center;\"><span style=\"font-family: times new roman, times, serif; font-size: 14pt;\"><strong>\u00a0<a href=\"http:\/\/blog.lesgrossesorchadeslesamplesthalameges.fr\/index.php\/2025\/06\/29\/une-si-jolie-petite-guerre\/10-frappes-sur-israel\/\" rel=\"attachment wp-att-25689\"><img loading=\"lazy\" class=\"alignnone wp-image-25689\" src=\"http:\/\/blog.lesgrossesorchadeslesamplesthalameges.fr\/wp-content\/uploads\/2025\/06\/10.-Frappes-sur-Israel-192x300.jpg\" alt=\"\" width=\"600\" height=\"938\" srcset=\"https:\/\/blog.lesgrossesorchadeslesamplesthalameges.fr\/wp-content\/uploads\/2025\/06\/10.-Frappes-sur-Israel-192x300.jpg 192w, https:\/\/blog.lesgrossesorchadeslesamplesthalameges.fr\/wp-content\/uploads\/2025\/06\/10.-Frappes-sur-Israel.jpg 500w\" sizes=\"(max-width: 600px) 100vw, 600px\" \/><\/a><\/strong><\/span><\/p>\n<p style=\"text-align: justify;\"><span style=\"font-family: times new roman, times, serif; font-size: 14pt;\"><strong>\u00a0<\/strong><\/span><\/p>\n<p style=\"text-align: justify;\"><span style=\"font-family: times new roman, times, serif; font-size: 14pt;\"><strong>\u00a0<\/strong><\/span><\/p>\n<p>&nbsp;<\/p>\n<p style=\"text-align: justify; padding-left: 120px;\"><span style=\"font-family: times new roman, times, serif; font-size: 14pt;\"><strong>\u00a0\u00a0\u00a0 <a href=\"http:\/\/blog.lesgrossesorchadeslesamplesthalameges.fr\/index.php\/2025\/06\/29\/une-si-jolie-petite-guerre\/000-bird-twitter\/\" rel=\"attachment wp-att-25686\"><img loading=\"lazy\" class=\"alignnone wp-image-25686\" src=\"http:\/\/blog.lesgrossesorchadeslesamplesthalameges.fr\/wp-content\/uploads\/2025\/06\/000.-Bird-Twitter.gif\" alt=\"\" width=\"75\" height=\"61\" \/><\/a>Par John Helmer, Moscou<br \/>\n<\/strong><a href=\"https:\/\/twitter.com\/bears_with\"><strong>\u00a0 \u00a0 \u00a0 \u00a0 \u00a0 \u00a0 \u00a0 \u00a0 \u00a0 \u00a0 @bears_with<\/strong><\/a><\/span><\/p>\n<p>&nbsp;<\/p>\n<p>&nbsp;<\/p>\n<p style=\"text-align: justify;\"><span style=\"font-family: times new roman, times, serif; font-size: 14pt;\">Pourquoi tant d&rsquo;officiers de la CIA et du MI6 (\u00e0 la retraite) savent-ils et disent-ils tant de choses sur les dommages qu&rsquo;Isra\u00ebl et les USA ont inflig\u00e9s \u00e0 l&rsquo;Iran depuis le d\u00e9but de leur guerre le 13 juin, mais si peu sur les dommages que l&rsquo;Iran a inflig\u00e9s \u00e0 Isra\u00ebl (image ci-dessus) ?<\/span><\/p>\n<p style=\"text-align: justify;\"><span style=\"font-family: times new roman, times, serif; font-size: 14pt;\">\u00ab Comme vous le savez \u00bb, a d\u00e9clar\u00e9 le pr\u00e9sident Donald Trump hier soir, \u00e0 l&rsquo;issue du sommet de l&rsquo;OTAN aux Pays-Bas, \u00ab le week-end dernier, les \u00c9tats-Unis ont men\u00e9 avec succ\u00e8s une frappe de pr\u00e9cision massive sur les installations d&rsquo;enrichissement nucl\u00e9aire de l&rsquo;Iran. Et ce fut une tr\u00e8s, tr\u00e8s grande r\u00e9ussite. C&rsquo;est ce qu&rsquo;on appelle l&rsquo;oblit\u00e9ration. Aucune autre arm\u00e9e au monde n&rsquo;aurait pu le faire. Et maintenant, cet incroyable exercice de force am\u00e9ricaine a ouvert la voie \u00e0 la paix avec un accord de cessez-le-feu historique conclu lundi dernier\u00a0\u00bb.<\/span><\/p>\n<p style=\"text-align: justify;\"><span style=\"font-family: times new roman, times, serif; font-size: 14pt;\">Il a ensuite demand\u00e9 \u00e0 son secr\u00e9taire \u00e0 la d\u00e9fense, Peter Hegseth, de pr\u00e9ciser comment interpr\u00e9ter les rapports\u00a0des services de renseignement militaire du \u00ab groupe [Defense Intelligence Agency] qui est dirig\u00e9 par ce monsieur, en fait, il voudra peut-\u00eatre en parler un instant \u00bb. Hegseth : \u00ab\u00a0Quelqu&rsquo;un quelque part essaie de faire fuiter quelque chose pour dire\u2013 oh, avec peu de confiance \u2013 [que] nous pensons peut-\u00eatre que c&rsquo;est mod\u00e9r\u00e9. Ceux qui lancent les bombes au bon endroit savent exactement ce qui s&rsquo;est pass\u00e9 lorsqu&rsquo;elles ont explos\u00e9. Et vous savez qui d&rsquo;autre le sait ? L&rsquo;Iran. C&rsquo;est pourquoi ils sont venus \u00e0 la table des n\u00e9gociations tout de suite parce que leurs capacit\u00e9s nucl\u00e9aires ont \u00e9t\u00e9 [sic] r\u00e9duites \u2013 au-del\u00e0 de ce qu&rsquo;ils pensaient \u00eatre possible \u2013 gr\u00e2ce au courage d&rsquo;un commandant en chef qui a dirig\u00e9 nos troupes, en d\u00e9pit de ce que les <em>fake news<\/em> \u00a0peuvent dire\u00a0\u00bb.<\/span><\/p>\n<p style=\"text-align: justify;\"><span style=\"font-family: times new roman, times, serif; font-size: 14pt;\">Selon cette norme, l&rsquo;escalade de la force par les USA a contraint l&rsquo;Iran \u00e0 n\u00e9gocier les termes de la capitulation qu&rsquo;il refusait d&rsquo;accepter avant le 13 juin. Mais qu&rsquo;est-ce qui, selon cette norme de renseignement, a motiv\u00e9 Isra\u00ebl \u00e0 accepter le cessez-le-feu de Trump ?<\/span><\/p>\n<p style=\"text-align: justify;\"><span style=\"font-family: times new roman, times, serif; font-size: 14pt;\">La r\u00e9ponse \u00e0 cette question est le secret le plus confidentiel que gardent l&rsquo;administration Trump, le gouvernement isra\u00e9lien et les financiers juifs des campagnes \u00e9lectorales de Trump. C&rsquo;est aussi un secret si sensible que pas un seul des m\u00e9dias US que Trump attaque n&rsquo;ose le publier.<\/span><\/p>\n<p style=\"text-align: justify;\"><span style=\"font-family: times new roman, times, serif; font-size: 14pt;\">Le secret est simple : Isra\u00ebl voulait \u00e0 tout prix que Trump appelle \u00a0au cessez-le-feu afin d&rsquo;obtenir un r\u00e9approvisionnement d&rsquo;urgence en missiles de d\u00e9fense a\u00e9rienne US. Et Trump \u00e9tait tout aussi press\u00e9 parce que le co\u00fbt que la guerre de l&rsquo;Iran a impos\u00e9 au budget de la D\u00e9fense US est sup\u00e9rieur \u00e0 l&rsquo;argent que Trump a actuellement l&rsquo;autorisation l\u00e9gale de d\u00e9penser.<\/span><\/p>\n<p style=\"text-align: justify;\"><span style=\"font-family: times new roman, times, serif; font-size: 14pt;\">Selon cette analyse minutieuse des renseignements disponibles, \u00ab\u00a0entre le d\u00e9but de la guerre, le 13 juin, et l&rsquo;annonce du cessez-le-feu, le 23 juin, une course s&rsquo;est engag\u00e9e. Les Isra\u00e9liens couraient pour d\u00e9truire les missiles et les lanceurs iraniens avant que les Iraniens n\u2019arrivent \u00e0 lancer suffisamment de salves de missiles pour \u00e9puiser les chargeurs des intercepteurs isra\u00e9liens. Si on consid\u00e8re que les stocks de missiles balistiques iraniens se situaient entre 2.000 et 3.000 avant le d\u00e9but de la guerre, les Iraniens allaient finiraient par \u00e9puiser les intercepteurs isra\u00e9liens s&rsquo;ils n&rsquo;\u00e9taient pas neutralis\u00e9s, ce qui rendait critiques deux \u00e9l\u00e9ments de la strat\u00e9gie isra\u00e9lienne qui consistait \u00e0 gauchir un lanceur ou \u00e0 vaincre un missile. Si les Iraniens disposaient des missiles et des lanceurs n\u00e9cessaires pour continuer \u00e0 lancer des salves contre Isra\u00ebl, il y aurait eu un point d&rsquo;inflexion dans l&rsquo;ampleur des d\u00e9g\u00e2ts qu&rsquo;ils auraient pu causer, et ce point d&rsquo;inflexion serait arriv\u00e9 une fois qu&rsquo;Isra\u00ebl aurait \u00e9t\u00e9 \u00e0 court d&rsquo;intercepteurs\u00a0\u00bb.<\/span><\/p>\n<p style=\"text-align: justify;\"><span style=\"font-family: times new roman, times, serif; font-size: 14pt;\">C&rsquo;est l&rsquo;\u00e9valuation du renseignement pour Isra\u00ebl que Trump et Hegseth ne reconnaissent pas : \u00ab\u00a0Beaucoup d&rsquo;intercepteurs ont \u00e9t\u00e9 d\u00a0\u00bbtruits en moins de deux semaines. 39 intercepteurs THAAD dans presque toute la charge d&rsquo;une batterie de 6 lanceurs THAAD sans recharge, 48, de sorte que ce syst\u00e8me pourrait \u00eatre pr\u00e8s d&rsquo;\u00eatre \u00e0 court d&rsquo;intercepteurs. Il semble probable qu&rsquo;il ait \u00e9t\u00e9 d\u00e9ploy\u00e9 avec des recharges sur la base de l&rsquo;imagerie satellite, mais compte tenu du nombre de frappes iraniennes absentes des vid\u00e9os d&rsquo;Abbadi, je pense qu&rsquo;il s&rsquo;agit d&rsquo;un jugementcorrect. De m\u00eame, 34 Arrow-3, c&rsquo;est beaucoup, presque le double du nombre utilis\u00e9 en octobre. Bien qu&rsquo;il y ait peu d&rsquo;informations sur la profondeur du magasin Arrow-3 d&rsquo;Isra\u00ebl, la pr\u00e9sence du THAAD en Isra\u00ebl sugg\u00e8re qu&rsquo;il n&rsquo;est peut-\u00eatre pas beaucoup plus profond. N\u00e9anmoins, d&rsquo;apr\u00e8s le rapport \u00a0[du <a href=\"https:\/\/www.wsj.com\/world\/middle-east\/u-s-races-to-defend-israel-as-it-burns-through-missile-interceptors-2909e49d\"><em>Wall Street Journal<\/em><\/a>] et de ces donn\u00e9es, il semble probable qu&rsquo;Isra\u00ebl et la batterie am\u00e9ricaine THAAD soient \u00e0 court d<a href=\"https:\/\/www.armscontrolwonk.com\/archive\/1220527\/exhaustion-and-inflection-estimating-interceptor-expenditures-in-the-israel-iran-conflict\/\">&lsquo;intercepteurs<\/a>\u00ab\u00a0.<\/span><\/p>\n<p style=\"text-align: justify;\"><span style=\"font-family: times new roman, times, serif; font-size: 14pt;\">Cette derni\u00e8re phrase signifie que Trump a \u00e9t\u00e9 contraint d&rsquo;annoncer son cessez-le-feu le 23 juin pour \u00e9viter qu&rsquo;Isra\u00ebl ne se retrouve \u00e0 court d&rsquo;intercepteurs alors que l&rsquo;Iran acc\u00e9l\u00e9rait ses frappes, conform\u00e9ment \u00e0 la strat\u00e9gie du leurre d\u00e9fensif d\u00e9crite <a href=\"https:\/\/johnhelmer.net\/congratulations-to-everyone-in-rope-a-dope-strategy-the-bell-also-sounds-for-rest-periods\/\">ici<\/a>.<\/span><\/p>\n<p style=\"text-align: justify;\"><span style=\"font-family: times new roman, times, serif; font-size: 14pt;\">Trump et Hegseth avaient \u00e9galement besoin du cessez-le-feu parce qu&rsquo;ils \u00e9taient \u00e0 court d&rsquo;argent pour payer le r\u00e9approvisionnement d&rsquo;Isra\u00ebl. \u00ab\u00a0Selon le budget de l&rsquo;Agence de d\u00e9fense antimissile pour l&rsquo;exercice 2025, chaque intercepteur THAAD co\u00fbte environ 12,7 millions de dollars. Le minimum de 39 intercepteurs THAAD co\u00fbte donc plus de 495 millions de dollars. Le budget pr\u00e9voit que seuls 32 THAAD seront achet\u00e9s au cours de l&rsquo;exercice 2026, ce qui signifie que plus d&rsquo;une ann\u00e9e enti\u00e8re d&rsquo;intercepteurs a \u00e9t\u00e9 tir\u00e9e en douze jours (la cadence de production pour l&rsquo;exercice 2025 n&rsquo;\u00e9tait que de 12 intercepteurs). Le prix de 4 millions de dollars souvent mentionn\u00e9 n&rsquo;est probablement pas tout \u00e0 fait exact. Bien que le co\u00fbt pr\u00e9cis ne soit pas clair, les 34 Arrow-3 ont co\u00fbt\u00e9 au moins plus de 100 millions de dollars. Compte tenu de ces chiffres, on peut dire que <a href=\"https:\/\/www.armscontrolwonk.com\/archive\/1220527\/exhaustion-and-inflection-estimating-interceptor-expenditures-in-the-israel-iran-conflict\/\">plus d&rsquo;un milliard de dollars<\/a> ont \u00e9t\u00e9 d\u00e9pens\u00e9s pour les intercepteurs au cours du conflit de douze jours.<\/span><\/p>\n<p style=\"text-align: justify;\"><span style=\"font-family: times new roman, times, serif; font-size: 14pt;\">Dans la discussion d&rsquo;aujourd&rsquo;hui sur Gorilla Radio, Chris Cook rapporte \u00e9galement que la campagne iranienne a \u00e9t\u00e9 si efficace qu&rsquo;elle a d\u00e9clench\u00e9 un <a href=\"https:\/\/www.jpr.org.uk\/reports\/israelis-abroad-transformation-jewish-diaspora\">exode<\/a> sans pr\u00e9c\u00e9dent de r\u00e9fugi\u00e9s isra\u00e9liens vers Chypre et la Gr\u00e8ce, puis vers les patries juives &#8211; les USA, le Canada, le Royaume-Uni, l&rsquo;Allemagne et l&rsquo;Australie.<\/span><\/p>\n<p style=\"text-align: justify;\"><span style=\"font-family: times new roman, times, serif; font-size: 14pt;\">Selon l&rsquo;aveu officiel de l&rsquo;\u00c9tat isra\u00e9lien, pr\u00e8s de 90 000 Isra\u00e9liens ont fui le pays jusqu&rsquo;au 31 d\u00e9cembre 2024.\u00a0\u00a0 L&rsquo;exode de cette ann\u00e9e, qui s&rsquo;est acc\u00e9l\u00e9r\u00e9 \u00e0 partir du 13 juin, est \u00ab dunkerquien \u00bb, selon Cook. Pour Isra\u00ebl et la diaspora juive, ces dommages de guerre inflig\u00e9s par l&rsquo;Iran ont invers\u00e9 l&rsquo;id\u00e9ologie nationale de l&rsquo;alya, selon laquelle l&rsquo;\u00c9tat sioniste est le refuge s\u00fbr des Juifs. Il s&rsquo;agit d&rsquo;un changement de r\u00e9gime pour Isra\u00ebl, pas pour l&rsquo;Iran.<\/span><\/p>\n<p style=\"text-align: justify;\"><span style=\"font-family: times new roman, times, serif; font-size: 14pt;\">\u00a0\u00ab Il n&rsquo;est pas politiquement correct d&rsquo;utiliser l&rsquo;expression \u201cchangement de r\u00e9gime\u201d, a tweet\u00e9 Donald Trump le 22 juin.\u00a0\u00ab\u00a0Mais si le r\u00e9gime iranien actuel n&rsquo;est pas en mesure de rendre l&rsquo;Iran \u00e0 nouveau prosp\u00e8re, pourquoi n&rsquo;y aurait-il pas un changement de r\u00e9gime ? MIGA !!!\u00a0\u00bb\u00a0 Ce qu&rsquo;il s&rsquo;av\u00e8re politiquement impossible pour Trump de dire maintenant, c&rsquo;est qu&rsquo;il est forc\u00e9 de MIGA\u00a0 \u2013 RENDRE <strong>ISRA\u00cbL<\/strong> GREAT AGAIN !!! \u2013 et qu&rsquo;il n&rsquo;a ni l&rsquo;argent ni les armes pour y parvenir.<\/span><\/p>\n<p style=\"text-align: justify;\"><span style=\"font-family: times new roman, times, serif; font-size: 14pt;\">C&rsquo;est la le\u00e7on que le pr\u00e9sident Vladimir Poutine et ses conseillers sont en train d&rsquo;apprendre avant de d\u00e9cider de leurs prochaines \u00e9tapes de n\u00e9gociation et de combat dans la guerre d\u2019Ukraine.<\/span><\/p>\n<p style=\"text-align: justify;\"><span style=\"font-family: times new roman, times, serif; font-size: 14pt;\">La le\u00e7on est \u00e9galement hasardeuse, comme l&rsquo;a reconnu Wellington apr\u00e8s avoir vaincu Napol\u00e9on \u00e0 Waterloo &#8211; \u00ab la chose la plus hasardeuse que vous ayez jamais vue de votre vie \u00bb, a-t-il admis perplexe.\u00a0 La conclusion de cette \u00e9valuation des services de renseignement US rel\u00e8ve du v\u0153u pieux : \u00ab\u00a0Une fois qu&rsquo;Isra\u00ebl s&rsquo;est trouv\u00e9 \u00e0 court d&rsquo;intercepteurs, il \u00e9tait difficile de dire \u00e0 quel point ce point d&rsquo;inflexion \u00e9tait proche avant le d\u00e9but du cessez-le-feu, en particulier compte tenu des informations plus limit\u00e9es venant d\u2019Iran et des restrictions impos\u00e9es par le gouvernement isra\u00e9lien sur la couverture m\u00e9diatique des attaques de missiles. La veille du cessez-le-feu, l&rsquo;Iran continuait \u00e0 lancer plus de 10 missiles, dont Isra\u00ebl interceptait la plupart. Les efforts d\u00e9ploy\u00e9s par les USA pour r\u00e9approvisionner les intercepteurs THAAD auraient \u00e9galement pu prolonger ce processus et repousser le point d&rsquo;inflexion. Esp\u00e9rons que le cessez-le-feu tienne et que nous ne d\u00e9couvrions jamais <a href=\"https:\/\/www.armscontrolwonk.com\/archive\/1220527\/exhaustion-and-inflection-estimating-interceptor-expenditures-in-the-israel-iran-conflict\/\">\u00e0 quel point il \u00e9tait proche\u00a0<\/a>\u00bb.<\/span><\/p>\n<p>&nbsp;<\/p>\n<p>&nbsp;<\/p>\n<p style=\"text-align: center;\"><span style=\"font-family: times new roman, times, serif; font-size: 14pt;\"><strong><span style=\"font-size: 24pt;\">D\u00e9compte partiel des interceptions de missiles isra\u00e9lo-US, entre le 13 et le 23 juin<\/span>.<\/strong><\/span><\/p>\n<p>&nbsp;<\/p>\n<p style=\"text-align: center;\"><a href=\"http:\/\/blog.lesgrossesorchadeslesamplesthalameges.fr\/index.php\/aucune-autre-armee-au-monde-naurait-pu-le-faire\/14-tableau-frappes-interceptees-israel-2\/\" rel=\"attachment wp-att-25712\"><img loading=\"lazy\" class=\"alignnone wp-image-25712\" src=\"http:\/\/blog.lesgrossesorchadeslesamplesthalameges.fr\/wp-content\/uploads\/2025\/06\/14.-Tableau-frappes-interceptees-Israel-1.jpg\" alt=\"\" width=\"550\" height=\"837\" srcset=\"https:\/\/blog.lesgrossesorchadeslesamplesthalameges.fr\/wp-content\/uploads\/2025\/06\/14.-Tableau-frappes-interceptees-Israel-1.jpg 450w, https:\/\/blog.lesgrossesorchadeslesamplesthalameges.fr\/wp-content\/uploads\/2025\/06\/14.-Tableau-frappes-interceptees-Israel-1-197x300.jpg 197w\" sizes=\"(max-width: 550px) 100vw, 550px\" \/><\/a><\/p>\n<p style=\"text-align: center;\"><span style=\"font-family: times new roman, times, serif; font-size: 14pt;\"><span style=\"font-size: 12pt;\">Source:<\/span> <a href=\"https:\/\/www.armscontrolwonk.com\/archive\/1220527\/exhaustion-and-inflection-estimating-interceptor-expenditures-in-the-israel-iran-conflict\/\">https:\/\/www.armscontrolwonk.com\/archive\/1220527\/exhaustion-and-inflection-estimating-interceptor-expenditures-in-the-israel-iran-conflict\/<\/a><\/span><\/p>\n<p>&nbsp;<\/p>\n<p>&nbsp;<\/p>\n<p style=\"text-align: justify;\"><span style=\"font-family: times new roman, times, serif; font-size: 14pt;\">\u00a0\u00ab Il est probable que beaucoup plus d&rsquo;intercepteurs ont \u00e9t\u00e9 utilis\u00e9s, puisque toutes les frappes iraniennes n&rsquo;ont pas \u00e9t\u00e9 enregistr\u00e9es sur les vid\u00e9os. Mais ces estimations constituent une base de r\u00e9f\u00e9rence ouverte. En outre, les USA ont aid\u00e9 Isra\u00ebl \u00e0 intercepter les frappes iraniennes\u00a0: la marine US aurait apport\u00e9 sa contribution et des d\u00e9bris d&rsquo;intercepteurs SM-3 ont \u00e9t\u00e9 rep\u00e9r\u00e9s \u00bb.<\/span><\/p>\n<p>&nbsp;<\/p>\n<p>&nbsp;<\/p>\n<p>&nbsp;<\/p>\n<p style=\"text-align: center;\"><a href=\"http:\/\/blog.lesgrossesorchadeslesamplesthalameges.fr\/index.php\/aucune-autre-armee-au-monde-naurait-pu-le-faire\/15-radio\/\" rel=\"attachment wp-att-25713\"><img loading=\"lazy\" class=\"alignnone wp-image-25713\" src=\"http:\/\/blog.lesgrossesorchadeslesamplesthalameges.fr\/wp-content\/uploads\/2025\/06\/15.-radio-300x104.jpg\" alt=\"\" width=\"550\" height=\"190\" srcset=\"https:\/\/blog.lesgrossesorchadeslesamplesthalameges.fr\/wp-content\/uploads\/2025\/06\/15.-radio-300x104.jpg 300w, https:\/\/blog.lesgrossesorchadeslesamplesthalameges.fr\/wp-content\/uploads\/2025\/06\/15.-radio.jpg 500w\" sizes=\"(max-width: 550px) 100vw, 550px\" \/><\/a><\/p>\n<p>&nbsp;<\/p>\n<p style=\"text-align: center;\"><span style=\"font-family: times new roman, times, serif; font-size: 14pt;\"><strong>\u00c9coutez l&rsquo;\u00e9mission de Gorilla Radio d&rsquo;aujourd&rsquo;hui, \u00e0 partir de la minute 31:50 :<\/strong><\/span><\/p>\n<p style=\"text-align: center;\"><span style=\"font-family: times new roman, times, serif; font-size: 14pt;\">[Il faut aller <a href=\"https:\/\/johnhelmer.net\/no-other-military-on-earth-could-have-done-it-has-trump-acknowledged-the-damage-iran-has-inflicted-on-israel-which-the-us-failed-to-stop-failed-to-make-israel-great-again\/#more-91954\">sur le site de John Helmer]<\/a><\/span><\/p>\n<p>&nbsp;<\/p>\n<p>&nbsp;<\/p>\n<p style=\"text-align: justify;\"><span style=\"font-family: times new roman, times, serif; font-size: 14pt;\">Pour l&rsquo;introduction de cette \u00e9mission, pour acc\u00e9der aux archives de 20 ans de Gorilla Radio et pour le blog de Chris Cook, cliquez <a href=\"https:\/\/gradio.substack.com\/\"><strong>ici<\/strong><\/a> et<a href=\"https:\/\/gorillaradioblog.blogspot.com\/\"> <strong>ici<\/strong><\/a>.\u00a0 \u00a0<\/span><\/p>\n<p>&nbsp;<\/p>\n<p><span style=\"font-family: times new roman, times, serif; font-size: 14pt;\">Source : \u00a0<a href=\"https:\/\/johnhelmer.net\/no-other-military-on-earth-could-have-done-it-has-trump-acknowledged-the-damage-iran-has-inflicted-on-israel-which-the-us-failed-to-stop-failed-to-make-israel-great-again\/#more-91954\">https:\/\/johnhelmer.net\/no-other-military-on-earth-could-have-done-it-has-trump-acknowledged-the-damage-iran-has-inflicted-on-israel-which-the-us-failed-to-stop-failed-to-make-israel-great-again\/#more-91954<\/a><\/span><\/p>\n<p style=\"text-align: left;\"><span style=\"font-family: times new roman, times, serif; font-size: 14pt;\">URL de cet article : <a href=\"http:\/\/blog.lesgrossesorchadeslesamplesthalameges.fr\/index.php\/aucune-autre-armee-au-monde-naurait-pu-le-faire\/\">http:\/\/blog.lesgrossesorchadeslesamplesthalameges.fr\/index.php\/aucune-autre-armee-au-monde-naurait-pu-le-faire\/<\/a><\/span><\/p>\n<p>&nbsp;<\/p>\n<p>&nbsp;<\/p>\n<p style=\"text-align: center;\"><a href=\"http:\/\/blog.lesgrossesorchadeslesamplesthalameges.fr\/index.php\/aucune-autre-armee-au-monde-naurait-pu-le-faire\/000-russep-x-76\/\" rel=\"attachment wp-att-25714\"><img loading=\"lazy\" class=\"alignnone size-full wp-image-25714\" src=\"http:\/\/blog.lesgrossesorchadeslesamplesthalameges.fr\/wp-content\/uploads\/2025\/06\/000.-russep-x-3.gif\" alt=\"\" width=\"50\" height=\"50\" \/><\/a><\/p>\n<p>&nbsp;<\/p>\n<p style=\"text-align: right;\"><span style=\"font-family: comic sans ms, sans-serif; font-size: 14pt;\">Juin 2025<\/span><\/p>\n<p>&nbsp;<\/p>\n<p>&nbsp;<\/p>\n","protected":false},"excerpt":{"rendered":"<p>&nbsp; &nbsp; &nbsp; &nbsp; &nbsp; &nbsp; &nbsp; &nbsp; \u00ab Aucune autre arm\u00e9e au monde n\u2019aurait pu le faire \u00bb \u00a0 &nbsp; Trump a-t-il reconnu les dommages que l\u2019Iran a inflig\u00e9s \u00e0 Isra\u00ebl ? A-t-il reconnu que les USA n\u2019ont pas r\u00e9ussi \u00e0 les stopper, pas r\u00e9ussi \u00e0 rendre Isra\u00ebl \u00ab Great Again \u00bb ? \u00a0&#8230;<\/p>\n","protected":false},"author":1,"featured_media":0,"parent":0,"menu_order":0,"comment_status":"open","ping_status":"open","template":"","meta":[],"_links":{"self":[{"href":"https:\/\/blog.lesgrossesorchadeslesamplesthalameges.fr\/index.php\/wp-json\/wp\/v2\/pages\/25711"}],"collection":[{"href":"https:\/\/blog.lesgrossesorchadeslesamplesthalameges.fr\/index.php\/wp-json\/wp\/v2\/pages"}],"about":[{"href":"https:\/\/blog.lesgrossesorchadeslesamplesthalameges.fr\/index.php\/wp-json\/wp\/v2\/types\/page"}],"author":[{"embeddable":true,"href":"https:\/\/blog.lesgrossesorchadeslesamplesthalameges.fr\/index.php\/wp-json\/wp\/v2\/users\/1"}],"replies":[{"embeddable":true,"href":"https:\/\/blog.lesgrossesorchadeslesamplesthalameges.fr\/index.php\/wp-json\/wp\/v2\/comments?post=25711"}],"version-history":[{"count":8,"href":"https:\/\/blog.lesgrossesorchadeslesamplesthalameges.fr\/index.php\/wp-json\/wp\/v2\/pages\/25711\/revisions"}],"predecessor-version":[{"id":25722,"href":"https:\/\/blog.lesgrossesorchadeslesamplesthalameges.fr\/index.php\/wp-json\/wp\/v2\/pages\/25711\/revisions\/25722"}],"wp:attachment":[{"href":"https:\/\/blog.lesgrossesorchadeslesamplesthalameges.fr\/index.php\/wp-json\/wp\/v2\/media?parent=25711"}],"curies":[{"name":"wp","href":"https:\/\/api.w.org\/{rel}","templated":true}]}}