{"id":2582,"date":"2019-02-16T23:47:59","date_gmt":"2019-02-16T22:47:59","guid":{"rendered":"http:\/\/blog.lesgrossesorchadeslesamplesthalameges.fr\/?page_id=2582"},"modified":"2019-02-17T00:18:57","modified_gmt":"2019-02-16T23:18:57","slug":"gilets-jaunes-et-manipulation-etatique-de-la-violence","status":"publish","type":"page","link":"https:\/\/blog.lesgrossesorchadeslesamplesthalameges.fr\/index.php\/gilets-jaunes-et-manipulation-etatique-de-la-violence\/","title":{"rendered":"Gilets jaunes et manipulation \u00e9tatique de la violence"},"content":{"rendered":"<h1><\/h1>\n<h1><\/h1>\n<h1><\/h1>\n<h1><\/h1>\n<h1><\/h1>\n<h1><\/h1>\n<h1><\/h1>\n<p>&nbsp;<\/p>\n<p>&nbsp;<\/p>\n<p>&nbsp;<\/p>\n<p>&nbsp;<\/p>\n<h1 style=\"text-align: center;\"><strong><span style=\"font-family: times new roman, times, serif; font-size: 36pt;\">Gilets jaunes et manipulations \u00e9tatiques de la violence : une vieille histoire<\/span><\/strong><\/h1>\n<p>&nbsp;<\/p>\n<p style=\"text-align: center;\"><span style=\"font-family: times new roman, times, serif; font-size: 14pt;\"><span style=\"font-size: 18pt;\"><a href=\"https:\/\/www.causeur.fr\/author\/castelnau\">R\u00e9gis de Castelnau<\/a>\u00a0 \u2013\u00a0 <em>Vu du droit<\/em> \u2013<\/span> 11.2.2019<\/span><\/p>\n<p style=\"text-align: center;\"><span style=\"font-family: times new roman, times, serif; font-size: 14pt;\"><span style=\"font-size: 18pt;\">via <em>Causeur \u2013 <\/em><\/span>15.2.2019<\/span><\/p>\n<p>&nbsp;<\/p>\n<p>&nbsp;<\/p>\n<p style=\"text-align: justify;\"><span style=\"font-family: times new roman, times, serif; font-size: 18pt;\"><strong>Je peux en t\u00e9moigner : un pouvoir\u00a0sait instrumentaliser une manifestation pour la rendre violente. Toute ressemblance avec des \u00e9v\u00e9nements qui se seraient produits r\u00e9cemment\u2026<\/strong><\/span><\/p>\n<p>&nbsp;<\/p>\n<p>&nbsp;<\/p>\n<p style=\"text-align: center;\"><img loading=\"lazy\" class=\"alignnone wp-image-2596\" src=\"http:\/\/blog.lesgrossesorchadeslesamplesthalameges.fr\/wp-content\/uploads\/2019\/02\/castelnau-1-1-300x182.jpg\" alt=\"\" width=\"750\" height=\"454\" srcset=\"https:\/\/blog.lesgrossesorchadeslesamplesthalameges.fr\/wp-content\/uploads\/2019\/02\/castelnau-1-1-300x182.jpg 300w, https:\/\/blog.lesgrossesorchadeslesamplesthalameges.fr\/wp-content\/uploads\/2019\/02\/castelnau-1-1-768x465.jpg 768w, https:\/\/blog.lesgrossesorchadeslesamplesthalameges.fr\/wp-content\/uploads\/2019\/02\/castelnau-1-1-1024x620.jpg 1024w, https:\/\/blog.lesgrossesorchadeslesamplesthalameges.fr\/wp-content\/uploads\/2019\/02\/castelnau-1-1.jpg 1200w\" sizes=\"(max-width: 750px) 100vw, 750px\" \/><\/p>\n<p style=\"text-align: center;\"><span style=\"font-family: times new roman, times, serif; font-size: 12pt;\"><strong><em>Des manifestants \u00e0 Paris, le 9 f\u00e9vrier 2019<\/em><\/strong><\/span><\/p>\n<p>&nbsp;<\/p>\n<p>&nbsp;<\/p>\n<p style=\"text-align: justify;\"><span style=\"font-family: times new roman, times, serif; font-size: 14pt;\">L\u2019\u00e9poque est \u00e0 la d\u00e9nonciation du \u00ab complotisme \u00bb concept \u00e9lastique et d\u00e9sormais compl\u00e8tement galvaud\u00e9. Aid\u00e9 par quelques suppl\u00e9tifs z\u00e9l\u00e9s, comme le d\u00e9montre <a href=\"https:\/\/jean-jaures.org\/nos-productions\/enquete-complotisme-2019-les-grands-enseignements\">la nouvelle \u00ab \u00e9tude \u00bb<\/a> r\u00e9alis\u00e9e par la socialiste Fondation Jean-Jaur\u00e8s, et par les \u00e9ditocrates habituels, le bloc \u00e9litaire au pouvoir en fait deux usages.<\/span><\/p>\n<p>&nbsp;<\/p>\n<p style=\"text-align: justify;\"><span style=\"font-family: times new roman, times, serif; font-size: 18pt;\"><strong>\u00ab\u00a0Complotiste\u00a0\u00bb is the new \u00ab\u00a0fasciste\u00a0\u00bb<\/strong><\/span><\/p>\n<p style=\"text-align: justify;\"><span style=\"font-family: times new roman, times, serif; font-size: 14pt;\">Tout d\u2019abord, disqualifier toute critique de la politique visant \u00e0 adapter la France \u00e0 la mondialisation financi\u00e8re et n\u00e9olib\u00e9rale, ensuite justifier toutes les atteintes \u00e0 la libert\u00e9 d\u2019expression, celles d\u00e9j\u00e0 mises en place et celles projet\u00e9es. Gare \u00e0 celui qui pr\u00eate des intentions et des actions au pouvoir, l\u2019anath\u00e8me tombera sur lui telle la foudre : \u00ab Complotiste ! \u00bb<\/span><\/p>\n<p style=\"text-align: justify;\"><span style=\"font-family: times new roman, times, serif; font-size: 14pt;\">Depuis le d\u00e9but du mouvement des gilets jaunes, tous les observateurs honn\u00eates ont \u00e9t\u00e9 amen\u00e9s \u00e0 se poser beaucoup de questions concernant le comportement des forces de l\u2019ordre dans les manifestations. Certains ont \u00e9t\u00e9 jusqu\u2019\u00e0 accuser le minist\u00e8re de l\u2019Int\u00e9rieur de laisser faire les casseurs dans le but \u00e9vident de disqualifier le mouvement et de faire peur. Malgr\u00e9 certaines \u00e9vidences que la multiplication des vid\u00e9os ont pu \u00e9tablir, ils ont imm\u00e9diatement \u00e9t\u00e9 foudroy\u00e9s, h\u00e9r\u00e9tiques et relaps, par l\u2019accusation majeure : \u00ab Complotistes ! Comment pouvez-vous imaginer que le pouvoir puisse user de ce genre de comportement contre un mouvement social ? \u00bb<\/span><\/p>\n<p style=\"text-align: justify;\"><span style=\"font-family: times new roman, times, serif; font-size: 14pt;\">Eh bien justement, il peut. Et c\u2019est de cela que je peux t\u00e9moigner.<\/span><\/p>\n<p>&nbsp;<\/p>\n<p style=\"text-align: justify;\"><span style=\"font-family: times new roman, times, serif; font-size: 18pt;\"><strong>23 mars 1979, la grande provocation<\/strong><\/span><\/p>\n<p>&nbsp;<\/p>\n<p style=\"text-align: center;\"><span style=\"font-family: times new roman, times, serif; font-size: 14pt;\"><strong>\u00a0<img loading=\"lazy\" class=\"alignnone wp-image-2617\" src=\"http:\/\/blog.lesgrossesorchadeslesamplesthalameges.fr\/wp-content\/uploads\/2019\/02\/CGT-1-300x192.jpg\" alt=\"\" width=\"600\" height=\"384\" srcset=\"https:\/\/blog.lesgrossesorchadeslesamplesthalameges.fr\/wp-content\/uploads\/2019\/02\/CGT-1-300x192.jpg 300w, https:\/\/blog.lesgrossesorchadeslesamplesthalameges.fr\/wp-content\/uploads\/2019\/02\/CGT-1.jpg 640w\" sizes=\"(max-width: 600px) 100vw, 600px\" \/><\/strong><\/span><\/p>\n<p>&nbsp;<\/p>\n<p style=\"text-align: justify;\"><span style=\"font-family: times new roman, times, serif; font-size: 14pt;\">J\u2019ai constat\u00e9 la pr\u00e9sence, dans les manifestations, de policiers (?)\u00a0 <a href=\"https:\/\/www.liberation.fr\/checknews\/2018\/12\/03\/des-policiers-ont-ils-infiltre-les-gilets-jaunes-lors-des-manifestations_1695675\">sans uniforme<\/a>, habill\u00e9s comme des black blocs, mais parfois munis de marteaux <a href=\"https:\/\/www.20minutes.fr\/societe\/2438971-20190129-acte-11-gilets-jaunes-pourquoi-policiers-portaient-marteau\">sur l\u2019usage desquels on pouvait l\u00e9gitimement s\u2019interroger<\/a>. Lorsque l\u2019on sait que sous le r\u00e9gime d\u2019Emmanuel Macron n\u2019importe qui peut s\u2019affubler d\u2019un brassard et tabasser des manifestants, sans que la justice ne s\u2019en \u00e9meuve beaucoup. Lorsque j\u2019ai lu force t\u00e9moignages parlant de la passivit\u00e9 de la police au moment des d\u00e9pr\u00e9dations et des pillages. Lorsque j\u2019ai vu que le profil des personnes arr\u00eat\u00e9es en masse, et condamn\u00e9es lourdement<a href=\"http:\/\/www.vududroit.com\/2019\/02\/tribune-repression-gilets-jaunes-libertes-publiques-danger\/\"> pour des infractions fantaisistes<\/a>, a d\u00e9montr\u00e9 qu\u2019il ne s\u2019agissait absolument pas des casseurs habituels qu\u2019en g\u00e9n\u00e9ral la police conna\u00eet, j\u2019ai fini par me dire \u00ab tiens cela me rappelle quelque chose \u00bb.<\/span><\/p>\n<p style=\"text-align: justify;\"><span style=\"font-family: times new roman, times, serif; font-size: 14pt;\">C\u2019\u00e9tait il y a longtemps, 40 ans pr\u00e9cis\u00e9ment, au moment des grandes luttes ouvri\u00e8res qui, sous la pr\u00e9sidence de Val\u00e9ry Giscard d\u2019Estaing, s\u2019opposaient au d\u00e9mant\u00e8lement commenc\u00e9 de la sid\u00e9rurgie fran\u00e7aise. La Lorraine, et notamment la ville de Longwy, vivaient une situation de mobilisation populaire intense b\u00e9n\u00e9ficiant d\u2019un large soutien dans l\u2019opinion publique. Pour la premi\u00e8re fois, le monopole d\u2019\u00c9tat de radiodiffusion \u00e9tait battu en br\u00e8che par la cr\u00e9ation de la toute premi\u00e8re et ill\u00e9gale \u00ab radio libre \u00bb nomm\u00e9e : Lorraine C\u0153ur d\u2019Acier.<\/span><\/p>\n<p>&nbsp;<\/p>\n<p style=\"text-align: center;\"><span style=\"font-family: times new roman, times, serif; font-size: 14pt;\"><iframe loading=\"lazy\" src=\"\/\/www.youtube.com\/embed\/-_u1UkV0b-I\" width=\"560\" height=\"315\" frameborder=\"0\" allowfullscreen=\"allowfullscreen\"><\/iframe><\/span><\/p>\n<p>&nbsp;<\/p>\n<p style=\"text-align: justify;\"><span style=\"font-family: times new roman, times, serif; font-size: 14pt;\">Les organisations syndicales d\u00e9cid\u00e8rent d\u2019organiser une grande manifestation \u00e0 Paris le 23 mars 1979. Celle-ci aurait d\u00fb \u00eatre un grand succ\u00e8s, mais elle fut compl\u00e8tement d\u00e9voy\u00e9e par des violences consid\u00e9rables dont furent accus\u00e9s les membres d\u2019un groupuscule anarchisant appel\u00e9 \u00ab Les Autonomes \u00bb. Naturellement, les m\u00e9dias ne s\u2019int\u00e9ress\u00e8rent qu\u2019aux violences, pillages et d\u00e9pr\u00e9dations. Et le pouvoir giscardien, par l\u2019interm\u00e9diaire du ministre de l\u2019Int\u00e9rieur Christian Bonnet, ne se g\u00eana pas pour enfoncer le clou afin de disqualifier le mouvement des sid\u00e9rurgistes.<\/span><\/p>\n<p>&nbsp;<\/p>\n<p style=\"text-align: center;\"><span style=\"font-family: times new roman, times, serif; font-size: 14pt;\"><iframe loading=\"lazy\" src=\"https:\/\/www.dailymotion.com\/embed\/video\/x2mrcod\" width=\"480\" height=\"270\" frameborder=\"0\" allowfullscreen=\"allowfullscreen\"><\/iframe><\/span><\/p>\n<p>&nbsp;<\/p>\n<p style=\"text-align: justify;\"><span style=\"font-family: times new roman, times, serif; font-size: 14pt;\">Sollicit\u00e9 pour d\u00e9fendre des personnes arr\u00eat\u00e9es \u00e0 cette occasion, ce fut une totale surprise de constater que parmi les personnes arr\u00eat\u00e9es ne figurait aucun des fameux autonomes que l\u2019on avait pu voir sur les photos de presse. \u00c9taient poursuivis des manifestants paisibles, parfois de simples passants, sur la base de dossiers manifestement fabriqu\u00e9s, ou sur des incriminations fantaisistes, mais en aucun cas des casseurs. Ce qui n\u2019emp\u00eacha pas une justice z\u00e9l\u00e9e de distribuer des peines consid\u00e9rables qui furent confirm\u00e9es en appel. Malgr\u00e9 la mobilisation d\u2019un barreau de gauche o\u00f9 les avocats socialistes avaient encore le souci des libert\u00e9s publiques.<\/span><\/p>\n<p style=\"text-align: justify;\"><span style=\"font-family: times new roman, times, serif; font-size: 14pt;\">Un autre \u00e9pisode, exactement de m\u00eame nature, eut lieu cette fois-ci \u00e0 Longwy avec la prise d\u2019assaut et la fermeture par la police de la radio libre qui avait provoqu\u00e9 une manifestation de protestation. Celle-ci fut brutalement r\u00e9prim\u00e9e et quelques participants arr\u00eat\u00e9s\u2026 pour \u00eatre poursuivis sur la base de dossiers, j\u2019en t\u00e9moigne, l\u00e0 aussi rigoureusement vides. Les m\u00e9dias, quoique tr\u00e8s diff\u00e9rents de ceux d\u2019aujourd\u2019hui, en profit\u00e8rent l\u00e0 aussi pour pr\u00e9tendre \u00e0 la disqualification du mouvement des sid\u00e9rurgistes.<\/span><\/p>\n<p>&nbsp;<\/p>\n<p style=\"text-align: justify;\"><span style=\"font-family: times new roman, times, serif; font-size: 18pt;\"><strong>Quand la CGT enqu\u00eate<\/strong><\/span><\/p>\n<p style=\"text-align: justify;\"><span style=\"font-family: times new roman, times, serif; font-size: 14pt;\">La CGT, prise par surprise par ce d\u00e9voiement et saisie de nombreux t\u00e9moignages, entreprit alors un minutieux travail d\u2019enqu\u00eate \u00e0 base de recueil de photographies et de t\u00e9moignages qui faisaient appara\u00eetre de fa\u00e7on criante les manipulations de la police et la volont\u00e9 gouvernementale de cette provocation. Le service d\u2019ordre de la CGT proc\u00e9da d\u2019ailleurs lui-m\u00eame, au moment de la manifestation, \u00e0 l\u2019interpellation de deux soi-disant \u00ab autonomes \u00bb pour s\u2019apercevoir qu\u2019il s\u2019agissait de policiers d\u00e9guis\u00e9s. Utilisant ce travail et le compl\u00e9tant avec celui que nous avions nous-m\u00eames effectu\u00e9s dans la d\u00e9fense des personnes poursuivies, Daniel Voguet, Fran\u00e7ois Salvaing et moi-m\u00eame avons publi\u00e9 un livre, \u00e0 ce moment-l\u00e0, intitul\u00e9 : <em>La Provocation<\/em>, qui relatait la fa\u00e7on dont les choses s\u2019\u00e9taient d\u00e9roul\u00e9es.<\/span><\/p>\n<p>&nbsp;<\/p>\n<p>&nbsp;<\/p>\n<p style=\"text-align: center;\"><img loading=\"lazy\" class=\"alignnone wp-image-2618\" src=\"http:\/\/blog.lesgrossesorchadeslesamplesthalameges.fr\/wp-content\/uploads\/2019\/02\/CGT-186x300.jpg\" alt=\"\" width=\"300\" height=\"483\" srcset=\"https:\/\/blog.lesgrossesorchadeslesamplesthalameges.fr\/wp-content\/uploads\/2019\/02\/CGT-186x300.jpg 186w, https:\/\/blog.lesgrossesorchadeslesamplesthalameges.fr\/wp-content\/uploads\/2019\/02\/CGT.jpg 309w\" sizes=\"(max-width: 300px) 100vw, 300px\" \/><\/p>\n<p>&nbsp;<\/p>\n<p>&nbsp;<\/p>\n<p style=\"text-align: justify;\"><span style=\"font-family: times new roman, times, serif; font-size: 14pt;\">C\u2019\u00e9tait il y a 40 ans, l\u2019ouvrage a un peu vieilli, ainsi que ses auteurs, mais d\u2019une certaine fa\u00e7on il reste d\u2019actualit\u00e9 car il t\u00e9moigne de la fa\u00e7on dont un pouvoir politique, confront\u00e9 \u00e0 un mouvement social populaire, n\u2019a aucun probl\u00e8me pour utiliser manipulations et provocations polici\u00e8res dans le but de le disqualifier.<\/span><\/p>\n<p style=\"text-align: justify;\"><span style=\"font-family: times new roman, times, serif; font-size: 14pt;\">\u00c0 cela s\u2019ajoute la complaisance de la justice pour jouer sa partition dans l\u2019op\u00e9ration. Si celle-ci fut d\u00e9j\u00e0 fort z\u00e9l\u00e9e \u00e0 l\u2019\u00e9poque, ce qui vient de se produire avec l\u2019incroyable r\u00e9pression de masse des gilets jaunes montre qu\u2019on pouvait faire pire. Je me suis replong\u00e9 dans la lecture de ce que j\u2019avais \u00e9crit il y a 40 ans, ce qui m\u2019a confront\u00e9 \u00e0 des bouff\u00e9es de nostalgie mais aussi \u00e0 des rappels qui trouvent quand m\u00eame un dr\u00f4le d\u2019\u00e9cho aujourd\u2019hui\u00a0: volont\u00e9 du pouvoir de l\u2019\u00e9poque d\u2019affaiblir, isoler, disqualifier la lutte des sid\u00e9rurgistes, s\u2019attaquer de front \u00e0 des libert\u00e9s fondamentales et d\u2019abord au droit de manifestation. Les d\u00e9put\u00e9s de la majorit\u00e9 refus\u00e8rent une commission d\u2019enqu\u00eate parlementaire, la presse de prendre en compte les preuves fournies par la CGT et les magistrats accept\u00e8rent de compl\u00e9ter le spectacle policier par un spectacle judiciaire tout aussi d\u00e9voy\u00e9. \u00c0 la lumi\u00e8re de ce parall\u00e8le avec aujourd\u2019hui, je peux rassurer ceux qui pensent que les gens du pouvoir macronien n\u2019auraient aucun scrupule \u00e0 utiliser ce genre de m\u00e9thodes : ils ne sont pas complotistes\u00a0! Pas plus que je ne l\u2019\u00e9tais, il y a 40 ans en faisant la d\u00e9monstration de l\u2019implication du pouvoir \u00e9tatique de l\u2019\u00e9poque.<\/span><\/p>\n<p>&nbsp;<\/p>\n<p style=\"text-align: justify;\"><span style=\"font-family: times new roman, times, serif; font-size: 18pt;\"><strong>\u00catre r\u00e9aliste, pas complotiste<\/strong><\/span><\/p>\n<p style=\"text-align: justify;\"><span style=\"font-family: times new roman, times, serif; font-size: 14pt;\">J\u2019ajoute pour conclure que, dans l\u2019histoire du mouvement ouvrier et social, les provocations polici\u00e8res et judiciaires ont toujours exist\u00e9. On rappellera que la date du 1<sup>er<\/sup> mai, f\u00eate internationale des travailleurs, a \u00e9t\u00e9 choisie \u00e0 cause de ce qui s\u2019est pass\u00e9 le 1<sup>er<\/sup> mai 1886 \u00e0 Philadelphie. Une gr\u00e8ve g\u00e9n\u00e9rale fut lanc\u00e9e pour obtenir la journ\u00e9e de huit heures. Dans une des manifestations qui se d\u00e9roulaient, une bombe a \u00e9t\u00e9 jet\u00e9e dans la foule. Sans la moindre preuve, quatre dirigeants syndicaux seront condamn\u00e9s \u00e0 mort et pendus le 11 novembre 1887. Ils sont mont\u00e9s \u00e0 l\u2019\u00e9chafaud en chantant la <em>Marseillaise<\/em>. En 1893, la r\u00e9vision du proc\u00e8s reconna\u00eetra l\u2019innocence des inculp\u00e9s ainsi que la machination polici\u00e8re et judiciaire destin\u00e9e \u00e0 briser le mouvement.<\/span><\/p>\n<p style=\"text-align: justify;\"><span style=\"font-family: times new roman, times, serif; font-size: 14pt;\">Emmanuel Macron et Christophe Castaner n\u2019en sont pas l\u00e0, heureusement. Mais penser, devant certains \u00e9v\u00e9nements \u00e9vidents ou troublants, que la brutale r\u00e9pression\u00a0men\u00e9e contre le mouvement des gilets jaunes peut faire l\u2019objet de d\u00e9voiements et de manipulations, ce n\u2019est pas \u00eatre complotiste.<\/span><\/p>\n<p style=\"text-align: justify;\"><span style=\"font-family: times new roman, times, serif; font-size: 14pt;\"><a href=\"http:\/\/www.vududroit.com\/2019\/02\/gilets-jaunes-manipulations-etatiques-de-violence-vieille-histoire\/#comments\"><span style=\"font-size: 18pt;\">20 Comments<\/span><\/a><\/span><\/p>\n<p style=\"text-align: left;\"><span style=\"font-family: times new roman, times, serif; font-size: 14pt;\">Source\u00a0: <a href=\"http:\/\/www.vududroit.com\/2019\/02\/gilets-jaunes-manipulations-etatiques-de-violence-vieille-histoire\/\">http:\/\/www.vududroit.com\/2019\/02\/gilets-jaunes-manipulations-etatiques-de-violence-vieille-histoire\/<\/a><\/span><\/p>\n<p style=\"text-align: justify;\"><span style=\"font-family: times new roman, times, serif; font-size: 14pt;\">Et\u00a0: <a href=\"https:\/\/www.causeur.fr\/manifestants-casseurs-gilets-jaunes-159080\">https:\/\/www.causeur.fr\/manifestants-casseurs-gilets-jaunes-159080<\/a><\/span><\/p>\n<p>&nbsp;<\/p>\n<p>&nbsp;<\/p>\n<p>&nbsp;<\/p>\n<p style=\"text-align: center;\"><img loading=\"lazy\" class=\"alignnone size-full wp-image-2597\" src=\"http:\/\/blog.lesgrossesorchadeslesamplesthalameges.fr\/wp-content\/uploads\/2019\/02\/GILET-1-2.gif\" alt=\"\" width=\"75\" height=\"75\" \/><\/p>\n<p>&nbsp;<\/p>\n<p>&nbsp;<\/p>\n<p style=\"text-align: right;\"><span style=\"font-family: comic sans ms, sans-serif; font-size: 14pt;\">16 f\u00e9vrier 2019<\/span><\/p>\n<p>&nbsp;<\/p>\n<p>&nbsp;<\/p>\n<p>&nbsp;<\/p>\n","protected":false},"excerpt":{"rendered":"<p>&nbsp; &nbsp; &nbsp; &nbsp; Gilets jaunes et manipulations \u00e9tatiques de la violence : une vieille histoire &nbsp; R\u00e9gis de Castelnau\u00a0 \u2013\u00a0 Vu du droit \u2013 11.2.2019 via Causeur \u2013 15.2.2019 &nbsp; &nbsp; Je peux en t\u00e9moigner : un pouvoir\u00a0sait instrumentaliser une manifestation pour la rendre violente. Toute ressemblance avec des \u00e9v\u00e9nements qui se seraient produits&#8230;<\/p>\n","protected":false},"author":1,"featured_media":0,"parent":0,"menu_order":0,"comment_status":"open","ping_status":"open","template":"","meta":[],"_links":{"self":[{"href":"https:\/\/blog.lesgrossesorchadeslesamplesthalameges.fr\/index.php\/wp-json\/wp\/v2\/pages\/2582"}],"collection":[{"href":"https:\/\/blog.lesgrossesorchadeslesamplesthalameges.fr\/index.php\/wp-json\/wp\/v2\/pages"}],"about":[{"href":"https:\/\/blog.lesgrossesorchadeslesamplesthalameges.fr\/index.php\/wp-json\/wp\/v2\/types\/page"}],"author":[{"embeddable":true,"href":"https:\/\/blog.lesgrossesorchadeslesamplesthalameges.fr\/index.php\/wp-json\/wp\/v2\/users\/1"}],"replies":[{"embeddable":true,"href":"https:\/\/blog.lesgrossesorchadeslesamplesthalameges.fr\/index.php\/wp-json\/wp\/v2\/comments?post=2582"}],"version-history":[{"count":0,"href":"https:\/\/blog.lesgrossesorchadeslesamplesthalameges.fr\/index.php\/wp-json\/wp\/v2\/pages\/2582\/revisions"}],"wp:attachment":[{"href":"https:\/\/blog.lesgrossesorchadeslesamplesthalameges.fr\/index.php\/wp-json\/wp\/v2\/media?parent=2582"}],"curies":[{"name":"wp","href":"https:\/\/api.w.org\/{rel}","templated":true}]}}