{"id":26119,"date":"2025-08-22T21:05:12","date_gmt":"2025-08-22T19:05:12","guid":{"rendered":"https:\/\/blog.lesgrossesorchadeslesamplesthalameges.fr\/?page_id=26119"},"modified":"2025-08-22T21:08:19","modified_gmt":"2025-08-22T19:08:19","slug":"lenseignement-a-lere-de-lia","status":"publish","type":"page","link":"https:\/\/blog.lesgrossesorchadeslesamplesthalameges.fr\/index.php\/lenseignement-a-lere-de-lia\/","title":{"rendered":"L&rsquo;enseignement \u00e0 l&rsquo;\u00e8re de l&rsquo;IA"},"content":{"rendered":"<p>&nbsp;<\/p>\n<p>&nbsp;<\/p>\n<p>&nbsp;<\/p>\n<p>&nbsp;<\/p>\n<p>&nbsp;<\/p>\n<p>&nbsp;<\/p>\n<p>&nbsp;<\/p>\n<p>&nbsp;<\/p>\n<p style=\"text-align: center;\"><span style=\"font-family: times new roman, times, serif; font-size: 36pt;\"><strong>L&rsquo;enseignement \u00e0 l&rsquo;\u00e8re de l&rsquo;IA<\/strong><\/span><\/p>\n<p style=\"text-align: center;\"><span style=\"font-family: times new roman, times, serif; font-size: 36pt;\"><strong>\u00a0<\/strong><\/span><\/p>\n<p style=\"text-align: center;\"><span style=\"font-family: times new roman, times, serif; font-size: 24pt;\"><strong>Des robots d\u00e9pourvus de pens\u00e9e pour \u00e9duquer l&rsquo;homme ?<\/strong><\/span><\/p>\n<p>&nbsp;<\/p>\n<p style=\"text-align: center;\"><span style=\"font-family: times new roman, times, serif; font-size: 14pt;\"><strong>\u00a0<\/strong><\/span><\/p>\n<p style=\"text-align: center;\"><span style=\"font-family: times new roman, times, serif; font-size: 18pt;\"><strong>Bill Astore \u00a0\u2013 <em>bracingniews<\/em> \u2013 18.8.2025<\/strong><\/span><\/p>\n<p style=\"text-align: center;\"><span style=\"font-family: times new roman, times, serif; font-size: 18pt;\">Traduction :<strong> c.l. <\/strong>pour <strong>L.G.O.<\/strong><\/span><\/p>\n<p>&nbsp;<\/p>\n<p>&nbsp;<\/p>\n<p>&nbsp;<\/p>\n<p style=\"text-align: center;\"><a href=\"https:\/\/blog.lesgrossesorchadeslesamplesthalameges.fr\/index.php\/2025\/08\/22\/quelle-est-la-question-la-plus-importante-qui-se-pose-aujourdhui-a-lespece-humaine\/2-la-machine-dirigeant-lhomme\/\" rel=\"attachment wp-att-26106\"><img loading=\"lazy\" class=\"alignnone wp-image-26106 size-full\" src=\"http:\/\/blog.lesgrossesorchadeslesamplesthalameges.fr\/wp-content\/uploads\/2025\/08\/2.-La-machine-dirigeant-lhomme-.jpg\" alt=\"\" width=\"600\" height=\"364\" srcset=\"https:\/\/blog.lesgrossesorchadeslesamplesthalameges.fr\/wp-content\/uploads\/2025\/08\/2.-La-machine-dirigeant-lhomme-.jpg 600w, https:\/\/blog.lesgrossesorchadeslesamplesthalameges.fr\/wp-content\/uploads\/2025\/08\/2.-La-machine-dirigeant-lhomme--300x182.jpg 300w\" sizes=\"(max-width: 600px) 100vw, 600px\" \/><\/a><\/p>\n<p>&nbsp;<\/p>\n<p>&nbsp;<\/p>\n<p>&nbsp;<\/p>\n<p style=\"text-align: justify;\"><span style=\"font-family: times new roman, times, serif; font-size: 14pt;\">IA, bien s\u00fbr, signifie intelligence artificielle, et je m&rsquo;en suis servi ici, chez <em>Bracing Views<\/em>. J&rsquo;ai utilis\u00e9 <a href=\"https:\/\/bracingviews.substack.com\/p\/even-ai-is-suspicious-of-the-military\">ChatGPT<\/a> et <a href=\"https:\/\/bracingviews.substack.com\/p\/deepseek-steals-my-thunder-on-the\">DeepSeek<\/a> pour r\u00e9diger des essais critiques sur le complexe militaro-industriel, en analysant les r\u00e9sultats dans mes publications. Dans l&rsquo;ensemble, j&rsquo;ai \u00e9t\u00e9 impressionn\u00e9 et je suis content de ne plus avoir \u00e0 parcourir les essais r\u00e9dig\u00e9s par les \u00e9tudiants en dehors des cours.<\/span><\/p>\n<p style=\"text-align: justify;\"><span style=\"font-family: times new roman, times, serif; font-size: 14pt;\">J&rsquo;ai arr\u00eat\u00e9 d&rsquo;enseigner il y a onze ans, avant que l&rsquo;IA ne soit disponible. Bien s\u00fbr, Internet existait d\u00e9j\u00e0, et j&rsquo;avais des \u00e9tudiants qui copiaient-collaient des sources en ligne. En g\u00e9n\u00e9ral, je m&rsquo;en rendais compte ; je faisais une recherche \u00e0 partir d&rsquo;un passage \u00ab \u00e9tudiant \u00bb qui semblait un peu trop parfait, et souvent, des paragraphes entiers apparaissaient, que l&rsquo;\u00e9tudiant avait paresseusement copi\u00e9-coll\u00e9 dans un devoir, comme s&rsquo;il s&rsquo;agissait de son propre travail. Ces devoirs \u00e9taient faciles \u00e0 noter. F !<\/span><\/p>\n<p style=\"text-align: justify;\"><span style=\"font-family: times new roman, times, serif; font-size: 14pt;\">Les programmes d&rsquo;IA actuels rendent cela plus difficile. Si j&rsquo;enseignais aujourd&rsquo;hui, je donnerais moins de dissertations \u00e0 faire en dehors des cours, et je m&rsquo;inclinerais probablement devant la r\u00e9alit\u00e9 en autorisant les \u00e9tudiants \u00e0 utiliser l&rsquo;IA pour clarifier leurs arguments.<\/span><\/p>\n<p style=\"text-align: justify;\"><span style=\"font-family: times new roman, times, serif; font-size: 14pt;\">Le d\u00e9fi demeure : dans ce nouveau monde domin\u00e9 par l&rsquo;IA, comment \u00e9valuer les performances des \u00e9tudiants dans un cours de lettres et sciences humaines o\u00f9 les comp\u00e9tences en mati\u00e8re de recherche et de r\u00e9daction sont importantes, tout comme la ma\u00eetrise des faits et la capacit\u00e9 \u00e0 les analyser de mani\u00e8re critique ?<\/span><\/p>\n<p style=\"text-align: justify;\"><span style=\"font-family: times new roman, times, serif; font-size: 14pt;\">Je combinerais probablement l&rsquo;ancien et le nouveau. Les examens standard (questions \u00e0 choix multiples, questions \u00e0 r\u00e9ponse courte, dissertations \u00e9crites, tous r\u00e9alis\u00e9s en classe) ont toujours leur place. Mais j&rsquo;int\u00e9grerais \u00e9galement l&rsquo;IA, en particulier pour les discussions en classe.<\/span><\/p>\n<p style=\"text-align: justify;\"><span style=\"font-family: times new roman, times, serif; font-size: 14pt;\">Prenons, par exemple, le d\u00e9bat sur les avantages (et les inconv\u00e9nients) du complexe militaro-industriel. L&rsquo;IA peut facilement r\u00e9diger de courts essais tant en faveur qu&rsquo;en d\u00e9faveur (ou m\u00eame un essai qui examine les avantages et les inconv\u00e9nients du complexe militaro-industriel). Ces essais pourraient ensuite \u00eatre utilis\u00e9s en classe pour mettre en \u00e9vidence la complexit\u00e9 du complexe militaro-industriel et la mani\u00e8re dont les preuves peuvent \u00eatre utilis\u00e9es (manipul\u00e9es ?) pour raconter des histoires tr\u00e8s diff\u00e9rentes.<\/span><\/p>\n<p style=\"text-align: justify;\"><span style=\"font-family: times new roman, times, serif; font-size: 14pt;\">Autre exemple : fallait-il utiliser des bombes atomiques \u00e0 Hiroshima et Nagasaki ? L\u00e0 encore, l&rsquo;IA peut facilement r\u00e9diger des essais en faveur, contre ou \u00ab neutres \u00bb (avec \u00e0 nouveau les avantages et les inconv\u00e9nients). Ces courts essais pourraient ensuite servir de base \u00e0 une discussion en classe et \u00e0 un d\u00e9bat plus approfondi.<\/span><\/p>\n<p style=\"text-align: justify;\"><span style=\"font-family: times new roman, times, serif; font-size: 14pt;\">D&rsquo;une certaine mani\u00e8re, l&rsquo;IA est une manifestation s\u00e9lective de preuves qui existent d\u00e9j\u00e0. Et c&rsquo;est l\u00e0 que le b\u00e2t blesse. Qui effectue cette s\u00e9lection ? Qui \u00e9crit les algorithmes ? Quelles preuves sont privil\u00e9gi\u00e9es et lesquelles sont supprim\u00e9es ou ignor\u00e9es ?<\/span><\/p>\n<p style=\"text-align: justify;\"><span style=\"font-family: times new roman, times, serif; font-size: 14pt;\">D&rsquo;apr\u00e8s ce que j&rsquo;ai compris, l&rsquo;IA utilise des algorithmes qui privil\u00e9gient certains types de preuves par rapport \u00e0 d&rsquo;autres. De mani\u00e8re g\u00e9n\u00e9rale, l&rsquo;IA privil\u00e9gie les sources \u00ab officielles \u00bb, par exemple les documents gouvernementaux, les reportages des m\u00e9dias grand public, les groupes de r\u00e9flexion universitaires reconnus, etc.<\/span><\/p>\n<p style=\"text-align: justify;\"><span style=\"font-family: times new roman, times, serif; font-size: 14pt;\">Par ailleurs, il est possible que l&rsquo;IA recueille des informations provenant de sources moins que fiables. Encore une fois, quels algorithmes sont utilis\u00e9s ? Quels sont les objectifs de ceux qui sont \u00e0 l&rsquo;origine de l&rsquo;IA en question ?<\/span><\/p>\n<p>&nbsp;<\/p>\n<p>&nbsp;<\/p>\n<p>&nbsp;<\/p>\n<p style=\"text-align: center;\"><iframe loading=\"lazy\" src=\"\/\/www.youtube.com\/embed\/9FnO3igOkOk?si=vZK40OCk-CmwAWzO\" width=\"560\" height=\"314\" allowfullscreen=\"allowfullscreen\"><\/iframe><\/p>\n<p style=\"text-align: center;\"><strong><span style=\"font-family: times new roman, times, serif; font-size: 14pt;\">Tu ne peux pas trafiquer la v\u00e9rit\u00e9 ! \u2013 <em>Des hommes d\u2019honneur <\/em>(7\/8) Extrait du film (1992) HD<\/span><\/strong><\/p>\n<h1 style=\"text-align: justify;\"><\/h1>\n<p>&nbsp;<\/p>\n<p>&nbsp;<\/p>\n<p>&nbsp;<\/p>\n<p style=\"text-align: justify;\"><span style=\"font-family: times new roman, times, serif; font-size: 14pt;\">Pour les \u00e9tudiants, l&rsquo;IA est en quelque sorte une bo\u00eete noire. Elle crache des r\u00e9ponses sans citer beaucoup de sources (\u00e0 moins que vous ne le lui demandiez express\u00e9ment). Les \u00e9tudiants press\u00e9s s&rsquo;en moquent peut-\u00eatre, ils veulent juste des r\u00e9ponses. Mais comme le demande Tom Cruise dans <em>Des hommes d&rsquo;honneur<\/em> : \u00ab Je veux la v\u00e9rit\u00e9. \u00bb Que se passe-t-il lorsque le colonel Jessup, incarn\u00e9 par l&rsquo;IA, d\u00e9cide que \u00ab vous ne pouvez pas supporter la v\u00e9rit\u00e9 \u00bb et vous sert des demi-v\u00e9rit\u00e9s et de la propagande qui l&rsquo;arrangent ? Les \u00e9tudiants s&rsquo;en soucieront-ils seulement ? Auront-ils les comp\u00e9tences n\u00e9cessaires pour reconna\u00eetre qu&rsquo;ils sont induits en erreur ? Ou qu&rsquo;ils n&rsquo;ont pas toute l&rsquo;histoire ?<\/span><\/p>\n<p style=\"text-align: justify;\"><span style=\"font-family: times new roman, times, serif; font-size: 14pt;\">C&rsquo;est ce qui m&rsquo;inqui\u00e8te. Les \u00e9tudiants qui se contentent d\u2019accepter ce que l&rsquo;IA a \u00e0 leur dire. Non pas qu&rsquo;ils n&rsquo;aient rien appris, mais qu&rsquo;ils aient appris exactement ce qu&rsquo;ils ont \u00e9t\u00e9 programm\u00e9s pour apprendre. \u00c9trangement, dans ce sc\u00e9nario, les \u00e9tudiants eux-m\u00eames sont r\u00e9duits \u00e0 l&rsquo;\u00e9tat d&rsquo;automates. Et je ne pense pas que la plupart des \u00e9tudiants souhaitent devenir des robots d\u00e9pourvus de pens\u00e9e \u00e0 la place d\u2019hommes.<\/span><\/p>\n<p style=\"text-align: justify;\"><span style=\"font-family: times new roman, times, serif; font-size: 14pt;\">Ou bien le souhaitent-ils ?<\/span><\/p>\n<p>&nbsp;<\/p>\n<p style=\"text-align: justify;\"><span style=\"font-family: times new roman, times, serif; font-size: 14pt;\"><strong>Post-scriptum : <\/strong><\/span><span style=\"font-family: times new roman, times, serif; font-size: 14pt;\">Sur son nouveau site Substack, Mike Neiberg aborde le th\u00e8me de l&rsquo;IA et des sciences humaines. D\u00e9couvrez-le sur <a href=\"https:\/\/michaelneiberg.substack.com\/\">michaelneiberg.substack.com<\/a>.<\/span><\/p>\n<p>&nbsp;<\/p>\n<p style=\"text-align: justify;\"><span style=\"font-family: times new roman, times, serif; font-size: 14pt;\">Source : <a href=\"https:\/\/bracingviews.substack.com\/p\/teaching-in-the-age-of-ai?%20%20%0dNous%20vous%20avons%20d\u00e9j\u00e0%20parl\u00e9%20de%20Bill%20Astore%20ICI%0d\">https:\/\/bracingviews.substack.com\/p\/teaching-in-the-age-of-ai?\u00a0 <\/a><\/span><\/p>\n<p style=\"text-align: left;\"><span style=\"font-family: times new roman, times, serif; font-size: 14pt;\">URL de cet article : <a href=\"https:\/\/blog.lesgrossesorchadeslesamplesthalameges.fr\/index.php\/lenseignement-a-lere-de-lia\/\">https:\/\/blog.lesgrossesorchadeslesamplesthalameges.fr\/index.php\/lenseignement-a-lere-de-lia\/<\/a><\/span><\/p>\n<p style=\"text-align: justify;\"><span style=\"font-family: times new roman, times, serif; font-size: 14pt;\"><strong>\u00a0<\/strong><\/span><\/p>\n<p style=\"text-align: justify;\"><span style=\"font-family: times new roman, times, serif; font-size: 14pt;\"><strong>\u00a0<\/strong><\/span><\/p>\n<p style=\"text-align: center;\"><a href=\"https:\/\/blog.lesgrossesorchadeslesamplesthalameges.fr\/index.php\/2025\/07\/27\/nos-lecteurs\/000-russep-x-79\/\" rel=\"attachment wp-att-25928\"><img loading=\"lazy\" class=\"alignnone size-full wp-image-25928\" src=\"http:\/\/blog.lesgrossesorchadeslesamplesthalameges.fr\/wp-content\/uploads\/2025\/07\/000.-russep-x-2.gif\" alt=\"\" width=\"50\" height=\"50\" \/><\/a><\/p>\n<p>&nbsp;<\/p>\n<p>&nbsp;<\/p>\n<p style=\"text-align: right;\"><span style=\"font-family: comic sans ms, sans-serif; font-size: 14pt;\">Ao\u00fbt 2025<\/span><\/p>\n<p>&nbsp;<\/p>\n<p>&nbsp;<\/p>\n","protected":false},"excerpt":{"rendered":"<p>&nbsp; &nbsp; &nbsp; &nbsp; &nbsp; &nbsp; &nbsp; &nbsp; L&rsquo;enseignement \u00e0 l&rsquo;\u00e8re de l&rsquo;IA \u00a0 Des robots d\u00e9pourvus de pens\u00e9e pour \u00e9duquer l&rsquo;homme ? &nbsp; \u00a0 Bill Astore \u00a0\u2013 bracingniews \u2013 18.8.2025 Traduction : c.l. pour L.G.O. &nbsp; &nbsp; &nbsp; &nbsp; &nbsp; &nbsp; IA, bien s\u00fbr, signifie intelligence artificielle, et je m&rsquo;en suis servi ici, chez&#8230;<\/p>\n","protected":false},"author":1,"featured_media":0,"parent":0,"menu_order":0,"comment_status":"open","ping_status":"open","template":"","meta":[],"_links":{"self":[{"href":"https:\/\/blog.lesgrossesorchadeslesamplesthalameges.fr\/index.php\/wp-json\/wp\/v2\/pages\/26119"}],"collection":[{"href":"https:\/\/blog.lesgrossesorchadeslesamplesthalameges.fr\/index.php\/wp-json\/wp\/v2\/pages"}],"about":[{"href":"https:\/\/blog.lesgrossesorchadeslesamplesthalameges.fr\/index.php\/wp-json\/wp\/v2\/types\/page"}],"author":[{"embeddable":true,"href":"https:\/\/blog.lesgrossesorchadeslesamplesthalameges.fr\/index.php\/wp-json\/wp\/v2\/users\/1"}],"replies":[{"embeddable":true,"href":"https:\/\/blog.lesgrossesorchadeslesamplesthalameges.fr\/index.php\/wp-json\/wp\/v2\/comments?post=26119"}],"version-history":[{"count":8,"href":"https:\/\/blog.lesgrossesorchadeslesamplesthalameges.fr\/index.php\/wp-json\/wp\/v2\/pages\/26119\/revisions"}],"predecessor-version":[{"id":26127,"href":"https:\/\/blog.lesgrossesorchadeslesamplesthalameges.fr\/index.php\/wp-json\/wp\/v2\/pages\/26119\/revisions\/26127"}],"wp:attachment":[{"href":"https:\/\/blog.lesgrossesorchadeslesamplesthalameges.fr\/index.php\/wp-json\/wp\/v2\/media?parent=26119"}],"curies":[{"name":"wp","href":"https:\/\/api.w.org\/{rel}","templated":true}]}}