{"id":2742,"date":"2019-02-21T19:58:27","date_gmt":"2019-02-21T18:58:27","guid":{"rendered":"http:\/\/blog.lesgrossesorchadeslesamplesthalameges.fr\/?page_id=2742"},"modified":"2019-02-21T20:07:26","modified_gmt":"2019-02-21T19:07:26","slug":"commentaire-un-peu-sidere-des-grosses-orchades","status":"publish","type":"page","link":"https:\/\/blog.lesgrossesorchadeslesamplesthalameges.fr\/index.php\/commentaire-un-peu-sidere-des-grosses-orchades\/","title":{"rendered":"Commentaire un peu sid\u00e9r\u00e9 des Grosses Orchades"},"content":{"rendered":"<p>&nbsp;<\/p>\n<p>&nbsp;<\/p>\n<p>&nbsp;<\/p>\n<p>&nbsp;<\/p>\n<p style=\"text-align: center;\"><img loading=\"lazy\" class=\"alignnone wp-image-2710 aligncenter\" src=\"http:\/\/blog.lesgrossesorchadeslesamplesthalameges.fr\/wp-content\/uploads\/2019\/02\/bonnet-d\u00e2ne-GIF-200x300.gif\" alt=\"\" width=\"100\" height=\"150\" \/><\/p>\n<p>&nbsp;<\/p>\n<p style=\"text-align: center;\"><span style=\"font-family: times new roman, times, serif; font-size: 36pt;\"><strong>Commentaire un peu sid\u00e9r\u00e9 des Grosses Orchades<\/strong><\/span><\/p>\n<p style=\"text-align: center;\"><span style=\"font-family: times new roman, times, serif; font-size: 18pt;\"><span style=\"color: #808080;\"><strong>Th\u00e9roigne<\/strong><\/span> \u2013 <span style=\"font-size: 14pt;\">21.2.2019<\/span><\/span><\/p>\n<p>&nbsp;<\/p>\n<p>&nbsp;<\/p>\n<p style=\"text-align: center;\"><img loading=\"lazy\" class=\"alignnone wp-image-2735\" src=\"http:\/\/blog.lesgrossesorchadeslesamplesthalameges.fr\/wp-content\/uploads\/2019\/02\/confr\u00e9rie-des-tireurs-de-ficelles-300x222.jpg\" alt=\"\" width=\"600\" height=\"443\" srcset=\"https:\/\/blog.lesgrossesorchadeslesamplesthalameges.fr\/wp-content\/uploads\/2019\/02\/confr\u00e9rie-des-tireurs-de-ficelles-300x222.jpg 300w, https:\/\/blog.lesgrossesorchadeslesamplesthalameges.fr\/wp-content\/uploads\/2019\/02\/confr\u00e9rie-des-tireurs-de-ficelles-768x567.jpg 768w, https:\/\/blog.lesgrossesorchadeslesamplesthalameges.fr\/wp-content\/uploads\/2019\/02\/confr\u00e9rie-des-tireurs-de-ficelles-1024x756.jpg 1024w, https:\/\/blog.lesgrossesorchadeslesamplesthalameges.fr\/wp-content\/uploads\/2019\/02\/confr\u00e9rie-des-tireurs-de-ficelles.jpg 1652w\" sizes=\"(max-width: 600px) 100vw, 600px\" \/><\/p>\n<p style=\"text-align: center;\">\u00a9 Plonk &amp; Replonk<\/p>\n<p>&nbsp;<\/p>\n<p style=\"text-align: justify;\"><span style=\"font-family: comic sans ms, sans-serif;\">Avons-nous tellement besoin, si remarquable qu\u2019il soit, du roman noir US de Don Tracy, pour comprendre ce qui est en train de se passer en France, quand nous avons <em>Bagatelles pour un massacre<\/em>, remarquable pamphlet fran\u00e7ais, que personne ne lit, c\u2019est vrai, puisque le terrorisme intellectuel qui tient depuis trois quarts de si\u00e8cle toute la francophonie et pas rien que la France en otage l\u2019a frapp\u00e9 d\u2019interdit.<\/span><\/p>\n<p style=\"text-align: justify;\"><span style=\"font-family: comic sans ms, sans-serif;\">Ce n\u2019\u00e9tait pas le moment pr\u00e9vu pour en parler \u2013 c\u2019\u00e9tait et c\u2019est toujours pr\u00e9vu pour la tranche r\u00e9serv\u00e9e \u00e0 C\u00e9line dans nos c\u00e9l\u00e9brations du centenaire de \u00ab\u00a0l\u2019Armistice\u00a0\u00bb. C\u2019est seulement l\u2019actualit\u00e9 qui fait des siennes.<\/span><\/p>\n<p style=\"text-align: justify;\"><span style=\"font-family: comic sans ms, sans-serif;\">Soyons donc aussi brefs que possible, mais foin des tabous et des interdits.<\/span><\/p>\n<p style=\"text-align: justify;\"><span style=\"font-family: comic sans ms, sans-serif;\">Oui, ce texte est raciste, quoique pas antis\u00e9mite si les mots ont un sens. Disons jud\u00e9ophobe. Le racisme n\u2019est pas un crime, c\u2019est une maladie. N\u00e9e de l\u2019ignorance et de la peur de quelqu\u2019un ou de quelque chose. Toujours. Et une maladie n\u2019est pas l\u00e9gitime ou ill\u00e9gitime\u00a0: elle est. Et elle n\u2019a pas que des sympt\u00f4mes, elle a aussi des causes.<\/span><\/p>\n<p style=\"text-align: justify;\"><span style=\"font-family: comic sans ms, sans-serif;\">Ce qu\u2019il vitup\u00e8re, C\u00e9line, avec une petite centaine d\u2019ann\u00e9es d\u2019avance, tout au long de ses 382 pages, c\u2019est le sionisme actuel, ses pompes, ses \u0153uvres. En disant \u00ab\u00a0les juifs\u00a0\u00bb, c\u2019est-\u00e0-dire en oubliant les juifs qui sont, comme tout le monde, les victimes de ceux-l\u00e0. [Sauf, soit dit en passant, dans le court passage consacr\u00e9 \u00e0 la guerre d\u2019Espagne, o\u00f9 il salue (eh oui) les \u00e9migr\u00e9s d\u2019Europe de l\u2019Est qui retraversent l\u2019oc\u00e9an pour venir se battre \u2013 donc mourir \u2013 \u00e0 Madrid.] \u00a0Comme quand on dit \u00ab\u00a0les Fran\u00e7ais\u00a0\u00bb, en oubliant que depuis des si\u00e8cles la moiti\u00e9 de la France fait la guerre \u00e0 l\u2019autre.<\/span><\/p>\n<p style=\"text-align: justify;\"><span style=\"font-family: comic sans ms, sans-serif;\">G\u00e9n\u00e9ralisation abusive. Elles le sont toutes.<\/span><\/p>\n<p style=\"text-align: justify;\"><span style=\"font-family: comic sans ms, sans-serif;\">Quand j\u2019ai lu cela dans les ann\u00e9es 70, j\u2019ai trouv\u00e9 qu\u2019il aurait peut-\u00eatre pu d\u00e9lirer un peu moins, C\u00e9line, qu\u2019il s\u2019acharnait. Et voil\u00e0 qu\u2019un demi-si\u00e8cle plus tard, la r\u00e9alit\u00e9 d\u00e9passe le d\u00e9lire, que dis-je, le caricature\u00a0! Ce qu\u2019il n\u2019avait pas pr\u00e9vu, notre J\u00e9r\u00e9mie occidental, c\u2019est que cet empire-l\u00e0, qu\u2019il croyait indestructible, se d\u00e9truirait lui-m\u00eame comme les autres, et comme les autres par l\u2019<em>hybris<\/em>. Puisque, en effet, personne ne lui aura r\u00e9sist\u00e9, en dehors des Palestiniens.<\/span><\/p>\n<p style=\"text-align: justify;\"><span style=\"font-family: comic sans ms, sans-serif;\">Mais laissons les consid\u00e9rations historico-g\u00e9n\u00e9rales, puisque c\u2019est d\u2019un fait d\u2019actualit\u00e9 qu\u2019il s\u2019agit.<\/span><\/p>\n<p style=\"text-align: justify;\"><span style=\"font-family: comic sans ms, sans-serif;\">Au moment o\u00f9 ce qu\u2019on peut qualifier \u2013 abusivement selon moi \u2013 de gouvernement a tellement jet\u00e9 le masque rigolo qui le faisait passer pour tel aux yeux des aveugles, que la presse \u00e9trang\u00e8re (m\u00eame quelquefois <em>mainstream\u00a0<\/em>!) le d\u00e9peint pour ce qu\u2019il est\u00a0: une bande de malfaiteurs accul\u00e9s, qui paniquent et \u00ab\u00a0tirent dans le tas\u00a0\u00bb avec une hyst\u00e9rie grandissante, \u00e0 moins que ce ne soit avec machiav\u00e9lisme, et que \u00ab\u00a0le Machin\u00a0\u00bb o\u00f9 pourtant il si\u00e8ge avec droit de veto le <em>condamne<\/em> pour violences dignes d\u2019une dictature banani\u00e8re\u2026 au moment, donc, o\u00f9 on perd le compte des gri\u00e8vement bless\u00e9s <em>expr\u00e8s<\/em> par une police nationale pass\u00e9e sans \u00e9tat d\u2019\u00e2me du maintien de l\u2019ordre \u00e0 l\u2019assassinat \u00e0 gages, o\u00f9 un pandore a r\u00e9ussi, de la rue, \u00e0 trucider une vielle dame dans son troisi\u00e8me \u00e9tage sans m\u00eame \u00eatre mis \u00e0 pied pour la forme (ou la sauvegarde des apparences)\u2026 voil\u00e0 qu\u2019il n\u2019est tout \u00e0 coup question, dans Landerneau, que de l\u2019\u00ab\u00a0agression\u00a0\u00bb dont a \u00e9t\u00e9 victime, au cours de l\u2019acte XIV, le \u00ab\u00a0philosophe\u00a0\u00bb Alain Finkielkraut, par cette bande d\u2019antis\u00e9mites patent\u00e9s que sont forc\u00e9ment les Gilets Jaunes, pour qui M. Brighelli n\u2019a pas de mots assez durs, assez cinglants, assez stigmatisants. En chorus avec d\u2019autres, faut-il le dire.<\/span><\/p>\n<p style=\"text-align: justify;\"><span style=\"font-family: comic sans ms, sans-serif;\">Keskispass\u00a0?<\/span><\/p>\n<p style=\"text-align: justify;\"><span style=\"font-family: comic sans ms, sans-serif;\">Il se passe que \u00ab\u00a0le philosophe Alain Finkielkraut\u00a0\u00bb a eu l\u2019id\u00e9e en apparence saugrenuie d\u2019aller au bout de trois mois et 14 actes, apporter son soutien en chair et en os \u00e0 des \u00e9nergum\u00e8nes qu\u2019il a, para\u00eet-il, \u00ab\u00a0constamment compris et d\u00e9fendus\u00a0\u00bb, pour s\u2019en voir si mal et si injustement r\u00e9compenser. Et il s\u2019est trouv\u00e9 des cyniques pour dire \u00ab\u00a0il l\u2019a bien cherch\u00e9\u00a0\u00bb.<\/span><\/p>\n<p style=\"text-align: justify;\"><span style=\"font-family: comic sans ms, sans-serif;\">En toute inconscience ou en service command\u00e9\u00a0?<\/span><\/p>\n<p style=\"text-align: justify;\"><span style=\"font-family: comic sans ms, sans-serif;\">Car enfin\u2026<\/span><\/p>\n<p style=\"text-align: justify;\"><span style=\"font-family: comic sans ms, sans-serif;\">Il y a des d\u00e9cennies que M. Finkielkraut d\u00e9fend l\u2019ind\u00e9fendable\u00a0: une entreprise g\u00e9nocidaire \u00e0 rendre verts de jalousie les spectres du IIIe Reich.<\/span><\/p>\n<p style=\"text-align: justify;\"><span style=\"font-family: comic sans ms, sans-serif;\">Ce IIIe Reich dont le regrett\u00e9 William Blum disait qu\u2019il avait voulu durer mille ans mais qu\u2019il en avant quand m\u00eame dur\u00e9 douze.<\/span><\/p>\n<p style=\"text-align: justify;\"><span style=\"font-family: comic sans ms, sans-serif;\">Celui d\u2019aujourd\u2019hui (le IVe\u00a0?) dure, officiellement, depuis 71 ans. Or, on ne sache pas que M. Finkielkraut ait \u00ab\u00a0compris et d\u00e9fendu\u00a0\u00bb la petite Rachel Corrie pourtant un peu plus que molest\u00e9e puisqu\u2019elle en est morte. Ni tant et tant d\u2019autres. Dont une infinit\u00e9 de b\u00e9b\u00e9s. Oh, on n\u2019en est pas encore \u00e0 les saisir par les pieds pour leur fracasser la t\u00eate contre des murs comme au temps de Caligula (d\u2019autant que le moindre <em>i-phone <\/em>pourrait vous filmer en train de le faire) mais le r\u00e9sultat global serait plut\u00f4t pire, non\u00a0?<\/span><\/p>\n<p style=\"text-align: justify;\"><span style=\"font-family: comic sans ms, sans-serif;\">Pour abr\u00e9ger\u00a0: la question que de mauvais esprits se posent est\u00a0:<\/span><\/p>\n<p style=\"text-align: justify;\"><span style=\"font-family: comic sans ms, sans-serif;\">Qu\u2019allait-il faire dans cette gal\u00e8re\u00a0?<\/span><\/p>\n<p style=\"text-align: justify;\"><span style=\"font-family: comic sans ms, sans-serif;\">Dans quel but (outre exprimer sa sympathie et d\u00e9fendre des gens qui ne le m\u00e9ritaient pas)\u00a0?<\/span><\/p>\n<p style=\"text-align: justify;\"><span style=\"font-family: comic sans ms, sans-serif;\">C\u2019est un secret de polichinelle que l\u2019ind\u00e9fendable d\u00e9fendu par M. Finkielkraut n\u2019a m\u00eame pas \u00e0 claquer des doigts pour \u00eatre ob\u00e9i du susdit \u00ab\u00a0gouvernement\u00a0\u00bb et de sa magistrature \u00e0 plat ventre. Or il n\u2019est question, \u00e0 chuchotements de plus en plus sonores, que d\u2019une loi en gestation avanc\u00e9e interdisant (condamnant\u00a0?) \u00ab\u00a0l\u2019antis\u00e9mitisme\u00a0\u00bb, qui devrait ressembler \u2013 comme on conna\u00eet ses saints on\u00a0 les honore &#8211; aux \u00ab\u00a0lois\u00a0\u00bb anti-communistes des Franco et des Pinochet, avec autant de respect que celles-l\u00e0 pour la s\u00e9mantique, la justice et l\u2019int\u00e9grit\u00e9 physique des foules d\u2019en-France.<\/span><\/p>\n<p style=\"text-align: justify;\"><span style=\"font-family: comic sans ms, sans-serif;\">All\u00e9luiah\u00a0!<\/span><\/p>\n<p style=\"text-align: justify;\"><span style=\"font-family: comic sans ms, sans-serif;\">Qui ne se d\u00e9vouerait, qui ne risquerait de subir quelque bousculade pour une cause pareille\u00a0? Il faut avoir d\u00e9cid\u00e9ment tr\u00e8s mauvais esprit pour penser que M. Finkielkraut est all\u00e9 se faire molester expr\u00e8s, l\u00e0 o\u00f9 \u00ab\u00a0quelques flics heureusement pr\u00e9sents [allaient venir] en aide au philosophe\u00a0\u00bb.<\/span><\/p>\n<p style=\"text-align: justify;\"><span style=\"font-family: comic sans ms, sans-serif;\">Temp\u00eate dans un verre d\u2019eau\u00a0? Verre d\u2019eau, on ne sait pas, mais temp\u00eate\u00a0assur\u00e9ment.<\/span><\/p>\n<p style=\"text-align: justify;\"><span style=\"font-family: comic sans ms, sans-serif;\">Quid de M. Brighelli\u00a0?<\/span><\/p>\n<p style=\"text-align: justify;\"><span style=\"font-family: comic sans ms, sans-serif;\">Il est toujours profond\u00e9ment triste de voir un enseignant de la qualit\u00e9 qu\u2019on lui suppose exiger, de gamins n\u00e9s et malmen\u00e9s dans des ghettos, qu\u2019ils se conduisent en philosophes, quand les philosophes se conduisent en suppl\u00e9tifs de police, certains m\u00eame en fauteurs de guerre professionnels.<\/span><\/p>\n<p style=\"text-align: justify;\"><span style=\"font-family: comic sans ms, sans-serif;\">Si redoutable et redout\u00e9e \u00e0 juste titre que soit l\u2019entreprise d\u2019asservissement salafiste en cours, comment oublier que ceux qui en sont les premi\u00e8res victimes lui ont \u00e9t\u00e9 livr\u00e9s pieds et poings li\u00e9s par les \u00ab gouvernements\u00a0\u00bb successifs et leurs adroits marionnettistes\u00a0? Comment oublier que l\u2019ind\u00e9fendable d\u00e9fendu par M. Finkielkraut est aujourd\u2019hui ouvertement complice, sinon instigateur, de la totalitaire entreprise\u00a0 musulmane h\u00e9r\u00e9tique ? Et que Yahw\u00e9, s\u2019il peut, y reconnaisse les siens\u00a0!<\/span><\/p>\n<p style=\"text-align: justify;\"><span style=\"font-family: comic sans ms, sans-serif;\">M. Brighelli n\u2019aurait-il rien vu de tout cela\u00a0?<\/span><\/p>\n<p style=\"text-align: justify;\"><span style=\"font-family: comic sans ms, sans-serif;\">Son blog \u00ab\u00a0Bonnet d\u2019\u00e2ne\u00a0\u00bb est h\u00e9berg\u00e9 par <em>Causeur. <\/em>C\u2019est-\u00e0-dire par Mme Elisabeth L\u00e9vy et M. Alain Finkielkraut. Quoi de plus naturel que de d\u00e9fendre celui qui vous donne l\u2019hospitalit\u00e9\u00a0? M\u00eame s\u2019il faut, ce faisant, pi\u00e9tiner quelques damn\u00e9s de la terre\u2026<\/span><\/p>\n<p style=\"text-align: justify;\"><span style=\"font-family: comic sans ms, sans-serif;\">Le probl\u00e8me, c\u2019est que, comme l\u2019a fait remarquer quelqu\u2019un (serait-ce pas Elsa Triolet\u00a0?) il n\u2019y a que deux c\u00f4t\u00e9s aux barricades, et nous vivons une \u00e9poque \u00e0 barricades. Pas question de se tenir en \u00e9quilibre comme un ange sur la pointe d\u2019une aiguille ni de tenter quelque inenvisageable grand \u00e9cart\u00a0: il faut bien regarder de quel c\u00f4t\u00e9 on tombe. Arrive un moment o\u00f9 il ne peut pas \u00eatre question d\u2019en changer. Arrive un moment o\u00f9 ceux qui sont de part et d\u2019autre ne peuvent plus \u00e9changer que des balles. Un moment o\u00f9 il faudra peut-\u00eatre tuer et peut-\u00eatre mourir.<\/span><\/p>\n<p style=\"text-align: justify;\"><span style=\"font-family: comic sans ms, sans-serif;\">Un des deux c\u00f4t\u00e9s de la barricade est celui des humili\u00e9s et des offens\u00e9s. Ce sont les m\u00eames dans toutes les communaut\u00e9s humaines. Il ne saurait \u00eatre question, d\u00e8s lors, de respect humain.<\/span><\/p>\n<p style=\"text-align: justify;\"><span style=\"font-family: comic sans ms, sans-serif;\">Choisis ton camp, camarade.<\/span><\/p>\n<p>&nbsp;<\/p>\n<p>&nbsp;<\/p>\n<p style=\"text-align: center;\"><img loading=\"lazy\" class=\"alignnone wp-image-2710 aligncenter\" src=\"http:\/\/blog.lesgrossesorchadeslesamplesthalameges.fr\/wp-content\/uploads\/2019\/02\/bonnet-d\u00e2ne-GIF-200x300.gif\" alt=\"\" width=\"100\" height=\"150\" \/><\/p>\n<p>&nbsp;<\/p>\n<p>&nbsp;<\/p>\n<p style=\"text-align: justify;\"><span style=\"font-family: comic sans ms, sans-serif;\">Deux mots pour finir sur <em>Causeur,<\/em> magazine fort bien fait qui h\u00e9berge des gens de qualit\u00e9 parfois exceptionnelle, dont M. Brighelli. Ne pas le lire serait d\u00e9lib\u00e9r\u00e9ment s\u2019appauvrir.<\/span><\/p>\n<p style=\"text-align: justify;\"><span style=\"font-family: comic sans ms, sans-serif;\">Est-ce qu\u2019il pratique la manipulation des foules\u00a0?<\/span><\/p>\n<p style=\"text-align: justify;\"><span style=\"font-family: comic sans ms, sans-serif;\">\u00c9videmment\u00a0!<\/span><\/p>\n<p style=\"text-align: justify;\"><span style=\"font-family: comic sans ms, sans-serif;\">On peut manipuler grossi\u00e8rement, brutalement. Ou avec doigt\u00e9. Et dans tel ou tel sens.<\/span><\/p>\n<p style=\"text-align: justify;\"><span style=\"font-family: comic sans ms, sans-serif;\">C\u2019est aux foules qu\u2019il appartient d\u2019apprendre \u00e0 lire et \u00e0 trier ce qui, dans ce qu\u2019elles lisent, rel\u00e8ve du bien g\u00e9n\u00e9ral ou ob\u00e9it \u00e0 des int\u00e9r\u00eats plus particuliers, parfois m\u00eame contraires au bien commun.<\/span><\/p>\n<p style=\"text-align: justify;\"><span style=\"font-family: comic sans ms, sans-serif;\">\u00c0 titre d\u2019exemple presque anodin\u00a0:<\/span><\/p>\n<p style=\"text-align: justify;\"><span style=\"font-family: comic sans ms, sans-serif;\">Il vient de para\u00eetre dans <em>Causeur<\/em> un article dithyrambique sur Sami Frei et la lecture-spectacle d\u2019un texte de Samuel Beckett qu\u2019il donne en ce moment.<\/span><\/p>\n<p style=\"text-align: justify;\"><span style=\"font-family: comic sans ms, sans-serif;\">C\u2019est vrai que Sami Frei est un grand acteur. On n\u2019en dira jamais trop de bien. Et vrai qu\u2019il s\u2019attaque, en Beckett, \u00e0 un grand auteur.<\/span><\/p>\n<p style=\"text-align: justify;\"><span style=\"font-family: comic sans ms, sans-serif;\">Fabrice Lucchini aussi est un grand acteur. Et C\u00e9line, un de ses auteurs de pr\u00e9dilection, n\u2019est pas, et de loin, inf\u00e9rieur \u00e0 Beckett.<\/span><\/p>\n<p style=\"text-align: justify;\"><span style=\"font-family: comic sans ms, sans-serif;\">N\u00e9anmoins, je doute qu\u2019il y ait jamais eu une seule ligne, dans <em>Causeur<\/em>, pour dire tout le bien qu\u2019il fallait penser des lectures-spectacles C\u00e9line de Lucchini et inciter le public \u00e0 s\u2019y rendre. S\u2019il y en a eu, je battrai ma coulpe, promis, jur\u00e9, crach\u00e9.<\/span><\/p>\n<p style=\"text-align: justify;\"><span style=\"font-family: comic sans ms, sans-serif;\">Encore une fois, <em>Causeur<\/em> a le droit de publier ou de ne pas publier ce qu\u2019il veut. C\u2019est juste pour montrer une des formes infinies que peut prendre la manipulation.<\/span><\/p>\n<p style=\"text-align: justify;\"><span style=\"font-family: comic sans ms, sans-serif;\">Soit dit entre nous, quel merveilleux parall\u00e8le on aurait pu faire entre les deux grands nihilistes et leurs brillants interpr\u00e8tes. Tant pis, ce sera pour une autre fois.<\/span><\/p>\n<p style=\"text-align: justify;\"><span style=\"font-family: comic sans ms, sans-serif;\">Quand nous serons tous moins immatures.<\/span><\/p>\n<p>&nbsp;<\/p>\n<p>&nbsp;<\/p>\n<p><img loading=\"lazy\" class=\"alignnone wp-image-2710 aligncenter\" src=\"http:\/\/blog.lesgrossesorchadeslesamplesthalameges.fr\/wp-content\/uploads\/2019\/02\/bonnet-d\u00e2ne-GIF-200x300.gif\" alt=\"\" width=\"100\" height=\"150\" \/><\/p>\n<p>&nbsp;<\/p>\n<p>&nbsp;<\/p>\n<p>&nbsp;<\/p>\n<p style=\"text-align: right;\"><span style=\"font-size: 14pt; font-family: comic sans ms, sans-serif;\">Le 21 f\u00e9vrier 2019<\/span><\/p>\n<p style=\"text-align: center;\">\n","protected":false},"excerpt":{"rendered":"<p>&nbsp; &nbsp; &nbsp; &nbsp; &nbsp; Commentaire un peu sid\u00e9r\u00e9 des Grosses Orchades Th\u00e9roigne \u2013 21.2.2019 &nbsp; &nbsp; \u00a9 Plonk &amp; Replonk &nbsp; Avons-nous tellement besoin, si remarquable qu\u2019il soit, du roman noir US de Don Tracy, pour comprendre ce qui est en train de se passer en France, quand nous avons Bagatelles pour un massacre,&#8230;<\/p>\n","protected":false},"author":1,"featured_media":0,"parent":0,"menu_order":0,"comment_status":"open","ping_status":"open","template":"","meta":[],"_links":{"self":[{"href":"https:\/\/blog.lesgrossesorchadeslesamplesthalameges.fr\/index.php\/wp-json\/wp\/v2\/pages\/2742"}],"collection":[{"href":"https:\/\/blog.lesgrossesorchadeslesamplesthalameges.fr\/index.php\/wp-json\/wp\/v2\/pages"}],"about":[{"href":"https:\/\/blog.lesgrossesorchadeslesamplesthalameges.fr\/index.php\/wp-json\/wp\/v2\/types\/page"}],"author":[{"embeddable":true,"href":"https:\/\/blog.lesgrossesorchadeslesamplesthalameges.fr\/index.php\/wp-json\/wp\/v2\/users\/1"}],"replies":[{"embeddable":true,"href":"https:\/\/blog.lesgrossesorchadeslesamplesthalameges.fr\/index.php\/wp-json\/wp\/v2\/comments?post=2742"}],"version-history":[{"count":0,"href":"https:\/\/blog.lesgrossesorchadeslesamplesthalameges.fr\/index.php\/wp-json\/wp\/v2\/pages\/2742\/revisions"}],"wp:attachment":[{"href":"https:\/\/blog.lesgrossesorchadeslesamplesthalameges.fr\/index.php\/wp-json\/wp\/v2\/media?parent=2742"}],"curies":[{"name":"wp","href":"https:\/\/api.w.org\/{rel}","templated":true}]}}