{"id":2800,"date":"2019-02-24T20:06:19","date_gmt":"2019-02-24T19:06:19","guid":{"rendered":"http:\/\/blog.lesgrossesorchadeslesamplesthalameges.fr\/?page_id=2800"},"modified":"2019-02-24T20:07:19","modified_gmt":"2019-02-24T19:07:19","slug":"roger-waters-et-lex-president-rafael-correa","status":"publish","type":"page","link":"https:\/\/blog.lesgrossesorchadeslesamplesthalameges.fr\/index.php\/roger-waters-et-lex-president-rafael-correa\/","title":{"rendered":"Roger Waters et l&rsquo;ex-pr\u00e9sident Rafael Correa&#8230;"},"content":{"rendered":"<h1><\/h1>\n<h1><\/h1>\n<h1><\/h1>\n<h1><\/h1>\n<h1><\/h1>\n<h1><\/h1>\n<p>&nbsp;<\/p>\n<p>&nbsp;<\/p>\n<p>&nbsp;<\/p>\n<p>&nbsp;<\/p>\n<h1><\/h1>\n<h1 style=\"text-align: center;\"><span style=\"font-family: times new roman, times, serif; font-size: 36pt;\"><strong>Roger Waters (Pink Floyd) et l\u2019ex-pr\u00e9sident Rafael Correa d\u00e9montent l\u2019emballement m\u00e9diatique contre la d\u00e9mocratie v\u00e9n\u00e9zu\u00e9lienne<\/strong><\/span><\/h1>\n<p>&nbsp;<\/p>\n<p style=\"text-align: center;\"><span style=\"font-family: times new roman, times, serif;\"><span style=\"font-size: 18pt;\"><strong>Thierry Deronne \u2013 <em>Le Grand Soir<\/em> \u2013<\/strong><\/span> <span style=\"font-size: 14pt;\">19.2.2019<\/span><\/span><\/p>\n<p>&nbsp;<\/p>\n<p><span style=\"font-family: times new roman, times, serif;\"><img loading=\"lazy\" class=\"wp-image-2783 aligncenter\" src=\"http:\/\/blog.lesgrossesorchadeslesamplesthalameges.fr\/wp-content\/uploads\/2019\/02\/Waters-300x172.jpg\" alt=\"\" width=\"500\" height=\"287\" srcset=\"https:\/\/blog.lesgrossesorchadeslesamplesthalameges.fr\/wp-content\/uploads\/2019\/02\/Waters-300x172.jpg 300w, https:\/\/blog.lesgrossesorchadeslesamplesthalameges.fr\/wp-content\/uploads\/2019\/02\/Waters.jpg 350w\" sizes=\"(max-width: 500px) 100vw, 500px\" \/><\/span><\/p>\n<p>&nbsp;<\/p>\n<p><span style=\"font-family: times new roman, times, serif; font-size: 14pt;\">Ce 18 f\u00e9vrier Roger Waters, fondateur des Pink Floyd, a post\u00e9 ce message vid\u00e9o urgent\u00a0:<\/span><\/p>\n<p>&nbsp;<\/p>\n<p style=\"text-align: justify; padding-left: 60px;\"><span style=\"font-family: times new roman, times, serif; font-size: 14pt;\">\u00ab\u00a0On\u00a0 est \u00e0 quatre jours du 22 f\u00e9vrier 2019, date \u00e0 laquelle Richard Branson pr\u00e9tend qu\u2019il veut organiser un \u00ab\u00a0Concert live\u00a0\u00bb \u00e0 la fronti\u00e8re de la Colombie avec le Venezuela \u00ab\u00a0pour rassembler une aide humanitaire pour le peuple du Venezuela\u00a0\u00bb. Je l\u2019ai lu dans le <em>Daily Mail<\/em> et j\u2019ai vu un vid\u00e9oclip de Branson avec son coeur saignant et son tee-shirt de Virgin. L\u2019important \u00e0 comprendre, si vous entendez ce truc comique, c\u2019est que tout \u00e7a n\u2019a rien \u00e0 voir avec l\u2019aide humanitaire. Cela regarde l\u2019adh\u00e9sion de Richard Branson (ce qui ne m\u2019\u00e9tonne pas de sa part) \u00e0 la d\u00e9cision \u00e9tats-unienne de s\u2019emparer du Venezuela. Tout cela n\u2019a rien \u00e0 voir avec les besoins du peuple du Venezuela. Ce concert n\u2019a rien \u00e0 voir avec la d\u00e9mocratie. Rien \u00e0 voir avec la libert\u00e9. Rien \u00e0 voir avec une \u00ab\u00a0aide\u00a0\u00bb. J\u2019ai des amis \u00e0 Caracas. Il n\u2019y a pas de guerre civile, pas de violence, pas de meurtres, pas de dictature apparente, pas d\u2019emprisonnement massif d\u2019opposants, pas de suppression de la presse, non, rien de tout cela n\u2019a lieu, m\u00eame si c\u2019est le <em>storytelling<\/em> qu\u2019on vend au reste des \u00c9tats-Unis. Il faut s\u2019\u00e9loigner de tout \u00e7a, et en particulier de Richard Branson. Et, Peter Gabriel, mon ami, appelle-moi. Je veux te parler. Car il est tr\u00e8s facile d\u2019\u00eatre emmen\u00e9 par le bout du nez vers un \u00ab\u00a0changement de r\u00e9gime\u00a0\u00bb. Voulons-nous vraiment que le Venezuela devienne un autre Irak\u00a0? Ou Syrie\u00a0? Ou Libye\u00a0? Pas moi. Le peuple v\u00e9n\u00e9zu\u00e9lien non plus.\u00a0Maintenant j\u2019arr\u00eate. Jusqu\u2019\u00e0 demain.\u00a0\u00bb<\/span><\/p>\n<p>&nbsp;<\/p>\n<p>&nbsp;<\/p>\n<p style=\"text-align: center;\"><iframe loading=\"lazy\" src=\"\/\/www.youtube.com\/embed\/jYpUyBJu280\" width=\"560\" height=\"315\" frameborder=\"0\" allowfullscreen=\"allowfullscreen\"><\/iframe><\/p>\n<p>&nbsp;<\/p>\n<p>&nbsp;<\/p>\n<p style=\"text-align: justify;\"><span style=\"font-family: times new roman, times, serif; font-size: 14pt;\">C\u2019est aussi l\u2019avis de Rafael Correa, ex-pr\u00e9sident de l\u2019\u00c9quateur, qui s\u2019exprimait hier sur les ondes de la Radio-T\u00e9l\u00e9vision Publique Belge. Il y a d\u00e9mont\u00e9 la vulgate m\u00e9diatique de la \u00ab\u00a0crise humanitaire\u00a0\u00bb, comme l\u2019a d\u00e9j\u00e0 fait l\u2019expert de l\u2019ONU envoy\u00e9 sur place, <a href=\"https:\/\/venezuelainfos.wordpress.com\/2017\/12\/05\/il-ny-a-pas-de-crise-humanitaire-au-venezuela-explique-lexpert-independant-nomme-par-lonu\/\">Alfred de Zayas<\/a>, et a point\u00e9 la guerre \u00e9conomique contre le Venezuela. Il a rappel\u00e9 que le pr\u00e9sident Maduro a \u00e9t\u00e9 \u00e9lu d\u00e9mocratiquement et il a accus\u00e9 les \u00c9tats-Unis de manipulation.<\/span><\/p>\n<p>&nbsp;<\/p>\n<p style=\"padding-left: 60px;\"><span style=\"font-family: times new roman, times, serif; font-size: 14pt;\">\u00ab\u00a0Quel plus grand attentat contre les droits de l\u2019Homme que le blocus de la part des \u00c9tats-Unis\u00a0? Qui peut croire que Donald Trump d\u00e9fend les droits de l\u2019Homme\u00a0?\u00a0\u00bb\u00a0.<\/span><\/p>\n<p>&nbsp;<\/p>\n<p style=\"text-align: justify;\"><span style=\"font-family: times new roman, times, serif; font-size: 14pt;\">Notons le r\u00f4le des \u00ab\u00a0questions\u00a0\u00bb des journalistes dans ce type d\u2019interviews\u00a0: recycler le \u00ab\u00a0sens commun\u00a0\u00bb qu\u2019ils ont eux-m\u00eames s\u00e9diment\u00e9 depuis des ann\u00e9es. Dans ce cas, r\u00e9p\u00e9ter que le gouvernement \u00e9lu du Venezuela est un \u00ab\u00a0r\u00e9gime\u00a0\u00bb et que celui-ci \u00ab\u00a0bloque l\u2019aide humanitaire\u00a0\u00bb (1). Ce qui contribue \u00e0 neutraliser l\u2019opinion et \u00e0 justifier une intervention ou un coup d\u2019\u00c9tat contre une d\u00e9mocratie \u00e9lectorale et participative.<\/span><\/p>\n<p>&nbsp;<\/p>\n<p>&nbsp;<\/p>\n<p style=\"text-align: center;\"><iframe loading=\"lazy\" src=\"\/\/www.youtube.com\/embed\/rd8vunBNUCY\" width=\"560\" height=\"315\" frameborder=\"0\" allowfullscreen=\"allowfullscreen\"><\/iframe><\/p>\n<p>&nbsp;<\/p>\n<p>&nbsp;<\/p>\n<p style=\"text-align: justify;\"><span style=\"font-family: times new roman, times, serif; font-size: 14pt;\">Face \u00e0 l\u2019arriv\u00e9e en Colombie de militaires \u00e9tats-uniens et du s\u00e9nateur Marco Rubio dans le cadre de l\u2019\u00ab\u00a0aide humanitaire\u00a0\u00bb, l\u2019ex-candidat pr\u00e9sidentiel Gustavo Petro s\u2019est exprim\u00e9 via son <a href=\"https:\/\/twitter.com\/petrogustavo\/status\/1097473910566805504\">compte twitter<\/a>\u00a0:<\/span><\/p>\n<p>&nbsp;<\/p>\n<p style=\"text-align: justify; padding-left: 60px;\"><span style=\"font-family: times new roman, times, serif; font-size: 14pt;\">\u00ab\u00a0Bien que nos m\u00e9dias n\u2019aiment pas le dire, le s\u00e9nateur Rubio est l\u2019expression des secteurs les plus r\u00e9trogrades de la politique \u00e9tats-unienne et a aid\u00e9 \u00e0 construire une politique ext\u00e9rieure violente. Cette politique a assassin\u00e9 des millions de personnes au vingt-et-uni\u00e8me si\u00e8cle\u00a0\u00bb<\/span><\/p>\n<p>&nbsp;<\/p>\n<p style=\"text-align: justify;\"><span style=\"font-family: times new roman, times, serif; font-size: 14pt;\">ajoutant dans un <a href=\"https:\/\/twitter.com\/petrogustavo\/status\/1097465506574020608\">autre message<\/a>\u00a0:<\/span><\/p>\n<p>&nbsp;<\/p>\n<p style=\"text-align: justify; padding-left: 60px;\"><span style=\"font-family: times new roman, times, serif; font-size: 14pt;\">\u00ab\u00a0Le s\u00e9nateur am\u00e9ricain Marco Rubio \u00e9tait \u00e9galement all\u00e9 apporter la d\u00e9mocratie en Libye. Ce pays est aujourd\u2019hui un \u00c9tat failli avec des dizaines de milliers de morts et est devenu un march\u00e9 d\u2019esclaves noirs\u00a0\u00bb.<\/span><\/p>\n<p>&nbsp;<\/p>\n<p style=\"text-align: justify;\"><span style=\"font-family: times new roman, times, serif; font-size: 14pt;\"><strong>Thierry Deronne<\/strong>, Caracas, le 18 f\u00e9vrier 2019<\/span><\/p>\n<p style=\"text-align: justify;\"><span style=\"font-family: times new roman, times, serif; font-size: 14pt;\">________________<\/span><\/p>\n<p><span style=\"font-family: times new roman, times, serif; font-size: 14pt;\">Note (1)\u00a0: la t\u00e9l\u00e9vision canadienne vient d\u2019admettre que l\u2019image du \u00ab\u00a0pont bloqu\u00e9 par le Venezuela\u00a0\u00bb \u00e9tait une <em>fake news<\/em>\u00a0: <a href=\"https:\/\/www.cbc.ca\/news\/world\/venezuela-bridge-aid-pompeo-1.5018432\">https:\/\/www.cbc.ca\/news\/world\/venezuela-bridge-aid-pompeo-1.5018432<\/a><\/span><\/p>\n<p>&nbsp;<\/p>\n<p><span style=\"font-family: times new roman, times, serif; font-size: 14pt;\">Source\u00a0: <a href=\"https:\/\/www.legrandsoir.info\/roger-waters-pink-floyd-et-l-ex-president-rafael-correa-demontent-l-emballement-mediatique-contre-la-democratie-venezuelienne.html\">https\u00a0:\/\/www.legrandsoir.info\/roger-waters-pink-floyd-et-l-ex-president-rafael-correa-demontent-l-emballement-mediatique-contre-la-democratie-venezuelienne.html<\/a><\/span><\/p>\n<p><span style=\"font-size: 14pt;\"><span style=\"font-family: times new roman, times, serif;\">Source d\u2019origine\u00a0: <\/span><a href=\"https:\/\/wp.me\/p2ahp2-4vu\"><span style=\"font-family: times new roman, times, serif;\">Venezuelainfos<\/span><\/a><\/span><\/p>\n<p>&nbsp;<\/p>\n<p style=\"text-align: center;\"><img loading=\"lazy\" class=\"alignnone size-full wp-image-2784\" src=\"http:\/\/blog.lesgrossesorchadeslesamplesthalameges.fr\/wp-content\/uploads\/2019\/02\/000.-russep-x.gif\" alt=\"\" width=\"50\" height=\"50\" \/><\/p>\n<p>&nbsp;<\/p>\n<p style=\"text-align: right;\"><span style=\"font-family: comic sans ms, sans-serif; font-size: 14pt;\">le 24 f\u00e9vrier 2019<\/span><\/p>\n<p>&nbsp;<\/p>\n<p>&nbsp;<\/p>\n","protected":false},"excerpt":{"rendered":"<p>&nbsp; &nbsp; &nbsp; &nbsp; Roger Waters (Pink Floyd) et l\u2019ex-pr\u00e9sident Rafael Correa d\u00e9montent l\u2019emballement m\u00e9diatique contre la d\u00e9mocratie v\u00e9n\u00e9zu\u00e9lienne &nbsp; Thierry Deronne \u2013 Le Grand Soir \u2013 19.2.2019 &nbsp; &nbsp; Ce 18 f\u00e9vrier Roger Waters, fondateur des Pink Floyd, a post\u00e9 ce message vid\u00e9o urgent\u00a0: &nbsp; \u00ab\u00a0On\u00a0 est \u00e0 quatre jours du 22 f\u00e9vrier 2019,&#8230;<\/p>\n","protected":false},"author":1,"featured_media":0,"parent":0,"menu_order":0,"comment_status":"open","ping_status":"open","template":"","meta":[],"_links":{"self":[{"href":"https:\/\/blog.lesgrossesorchadeslesamplesthalameges.fr\/index.php\/wp-json\/wp\/v2\/pages\/2800"}],"collection":[{"href":"https:\/\/blog.lesgrossesorchadeslesamplesthalameges.fr\/index.php\/wp-json\/wp\/v2\/pages"}],"about":[{"href":"https:\/\/blog.lesgrossesorchadeslesamplesthalameges.fr\/index.php\/wp-json\/wp\/v2\/types\/page"}],"author":[{"embeddable":true,"href":"https:\/\/blog.lesgrossesorchadeslesamplesthalameges.fr\/index.php\/wp-json\/wp\/v2\/users\/1"}],"replies":[{"embeddable":true,"href":"https:\/\/blog.lesgrossesorchadeslesamplesthalameges.fr\/index.php\/wp-json\/wp\/v2\/comments?post=2800"}],"version-history":[{"count":0,"href":"https:\/\/blog.lesgrossesorchadeslesamplesthalameges.fr\/index.php\/wp-json\/wp\/v2\/pages\/2800\/revisions"}],"wp:attachment":[{"href":"https:\/\/blog.lesgrossesorchadeslesamplesthalameges.fr\/index.php\/wp-json\/wp\/v2\/media?parent=2800"}],"curies":[{"name":"wp","href":"https:\/\/api.w.org\/{rel}","templated":true}]}}