{"id":2860,"date":"2019-03-02T23:39:28","date_gmt":"2019-03-02T22:39:28","guid":{"rendered":"http:\/\/blog.lesgrossesorchadeslesamplesthalameges.fr\/?page_id=2860"},"modified":"2019-03-02T23:39:28","modified_gmt":"2019-03-02T22:39:28","slug":"le-complot-a-plusieurs-milliards-de-dollars-de-jared-kushner","status":"publish","type":"page","link":"https:\/\/blog.lesgrossesorchadeslesamplesthalameges.fr\/index.php\/le-complot-a-plusieurs-milliards-de-dollars-de-jared-kushner\/","title":{"rendered":"Le complot \u00e0 plusieurs milliards de dollars de Jared Kushner"},"content":{"rendered":"<p>&nbsp;<\/p>\n<p>&nbsp;<\/p>\n<p>&nbsp;<\/p>\n<p>&nbsp;<\/p>\n<p>&nbsp;<\/p>\n<p style=\"text-align: center;\"><span style=\"font-family: times new roman, times, serif; font-size: 36pt;\"><strong>Le complot \u00e0 plusieurs milliards de dollars de Jared Kushner pour livrer l\u2019arme atomique aux Saoudiens<\/strong><\/span><\/p>\n<p>&nbsp;<\/p>\n<p style=\"text-align: center;\"><span style=\"font-family: times new roman, times, serif;\"><span style=\"font-size: 18pt;\"><strong>Juan Cole \u2013 <em>I.C.H.<\/em> <\/strong>\u2013<\/span><span style=\"font-size: 14pt;\"> 25.2.2019<\/span><\/span><\/p>\n<p>&nbsp;<\/p>\n<p style=\"text-align: center;\"><img loading=\"lazy\" class=\"alignnone wp-image-2832\" src=\"http:\/\/blog.lesgrossesorchadeslesamplesthalameges.fr\/wp-content\/uploads\/2019\/03\/kushner-nuke.jpg\" alt=\"\" width=\"600\" height=\"467\" \/><\/p>\n<p>&nbsp;<\/p>\n<p style=\"text-align: justify;\"><span style=\"font-family: times new roman, times, serif; font-size: 14pt;\">Le Comit\u00e9 de surveillance et de r\u00e9forme du gouvernement de la Chambre des repr\u00e9sentants vient de publier un <a href=\"https:\/\/oversight.house.gov\/sites\/democrats.oversight.house.gov\/files\/Trump%20Saudi%20Nuclear%20Report%20-%202-19-2019.pdf\">rapport<\/a> sur un complot visant \u00e0 engranger des milliards de dollars en vendant \u00e0 l\u2019Arabie Saoudite de la technologie nucl\u00e9aire am\u00e9ricaine sensible, qui permettrait \u00e0 ce royaume de d\u00e9velopper l\u2019arme nucl\u00e9aire. Le projet exigeait que soit viol\u00e9e la loi US\u00a0 qui interdit les transferts de technologies susceptibles de conduire \u00e0 une prolif\u00e9ration nucl\u00e9aire.<\/span><\/p>\n<p style=\"text-align: justify;\"><span style=\"font-family: times new roman, times, serif; font-size: 14pt;\">Le projet a \u00e9t\u00e9 lanc\u00e9 par une \u00ab\u00a0compagnie\u00a0\u00bb form\u00e9e\u00a0 expr\u00e8s pour l\u2019occasion, appel\u00e9e <a href=\"http:\/\/ip3international.com\/\"><strong>IP3 International<\/strong><\/a>, qui ne semble pas avoir exist\u00e9 r\u00e9ellement, sinon \u00e0 l\u2019\u00e9tat de coquille, pour faire du lobbying \u00e0 l\u2019int\u00e9rieur de l\u2019administration Trump. Aux commandes d\u2019IP3, d\u2019apr\u00e8s le Comit\u00e9, on trouvait \u00ab\u00a0le g\u00e9n\u00e9ral Keith Alexander, le g\u00e9n\u00e9ral Jack Keane, M. Bud McFarlane, et le contre-amiral Michael Hewitt, ainsi que les directeurs g\u00e9n\u00e9raux de six compagnies\u00a0: <em>Exelon Corporation, Toshiba America Energy System,s, Bechtel Corporation, Centrus<\/em> <em>Energy Corporation, GE Energy Infrastructure<\/em> et <em>Siemens USA<\/em>\u00a0\u00bb. Tous \u00ab\u00a0ont sign\u00e9 une lettre au prince h\u00e9ritier Mohammed Ben Salman. La lettre pr\u00e9sentait \u201cle Programme Pont de Fer comme un plan Marshall du XXIe si\u00e8cle pour le Moyen Orient\u201d.\u00a0\u00bb<\/span><\/p>\n<p style=\"text-align: justify;\"><span style=\"font-family: times new roman, times, serif; font-size: 14pt;\">Bud McFarlane ? C\u2019est le conseiller sp\u00e9cial en S\u00e9curit\u00e9 Nationale de Ronald Reagan, qui a tremp\u00e9 jusqu\u2019aux coudes dans la vente d\u2019armes \u00e0 Khomeini lors du scandale des Iran-Contra et qui a eu l\u2019id\u00e9e d\u2019envoyer <a href=\"https:\/\/www.nytimes.com\/1987\/01\/11\/us\/mcfarlane-took-cake-and-bible-to-teheran-ex-cia-man-says.html\">\u00e0 l\u2019Ayatollah Khomeini un g\u00e2teau en forme de clef<\/a> et une Bible (en m\u00eame temps que quelques emplacements <a href=\"https:\/\/fr.wikipedia.org\/wiki\/BGM-71_TOW\">T.O.W. anti-tanks<\/a> )\u00a0! Comme Elliot Abrams, il a \u00e9t\u00e9 amnisti\u00e9 par George H.W. Bush, qui semble avoir cr\u00e9\u00e9 une fabrique \u00e0 scandales pour le XXIe si\u00e8cle.<\/span><\/p>\n<p style=\"text-align: justify;\"><span style=\"font-family: times new roman, times, serif; font-size: 14pt;\">Le contact pour le complot \u00e9tait le g\u00e9n\u00e9ral Mike Flynn, qui a r\u00e9clam\u00e9 l\u2019arrestation et la d\u00e9tention de Hillary Clinton \u00e0 la Convention Nationale R\u00e9publicaine de la fin de l\u2019\u00e9t\u00e9 2016 et s\u2019est agglutin\u00e9 \u00e0 Trump jusqu\u2019\u00e0 devenir son premier conseiller en S\u00e9curit\u00e9 Nationale. Flynn s\u2019est rendu en Arabie Saoudite dans le cadre deu complot IP3 de transfert de technologies nucl\u00e9aires \u00e0 ce pays, transfert qui aurait pu permettre \u00e0 Riyad de fabriquer( des bombes atomiques, si la famille royale avait estim\u00e9 n\u00e9cessaire de le faire pour se prot\u00e9ger (c\u2019est-\u00e0-dire si l\u2019Iran avait fait mine de bouger dans sa direction ou si les relations avec Isra\u00ebl nucl\u00e9aris\u00e9 avaient capot\u00e9). La version de couverture de l\u2019histoire \u00e9tait que le front entrepreneurial-\u00e9cran ne ferait que construire six r\u00e9acteurs nucl\u00e9aires pour produire de l\u2019\u00e9lectricit\u00e9 civile.<\/span><\/p>\n<p style=\"text-align: justify;\"><span style=\"font-family: times new roman, times, serif; font-size: 14pt;\">Derek Harvey, haut responsable aux affaires pour le Moyen Orient et l\u2019Afrique du Nord au Conseil pour la S\u00e9curit\u00e9 Nationale (CSN) dans la premi\u00e8re moiti\u00e9 de 2017, est celui qui aurait adopt\u00e9 le plan IP3 comme politique US en le sous-titrant \u00ab\u00a0Plan Marshall pour le Moyen Orient\u00a0\u00bb. M. Harvey ne semble pas avoir les id\u00e9es claires. Le Plan Marshall fut un plan d\u2019aide, par lequel les USA donn\u00e8rent des centaines de milliers de dollars \u00e0 des soci\u00e9t\u00e9s pauvres, apr\u00e8s la Deuxi\u00e8me guerre mondiale, pour y promouvoir la prosp\u00e9rit\u00e9 et lutter contre le communisme. Ce n&rsquo;a pas \u00e9t\u00e9 un stratag\u00e8me pour se faire de l\u2019argent en vendant de la technologie nucl\u00e9aire sensible \u00e0 une monarchie absolue qui se sert de scies \u00e0 os sur des journalistes, et enrichir honteusement des individus priv\u00e9s et une poign\u00e9e d\u2019entreprises.<\/span><\/p>\n<p style=\"text-align: justify;\"><span style=\"font-family: times new roman, times, serif; font-size: 14pt;\">Rappelez-vous que tous ces g\u00e9n\u00e9raux \u00e0 la retraite, ces directeurs g\u00e9n\u00e9raux et ces huiles r\u00e9publicaines r\u00e9clamaient qu\u2019on bombarde l\u2019Iran jusqu\u2019\u00e0 le ramener \u00e0 l\u2019\u00e2ge de pierre, au pr\u00e9texte qu\u2019il s\u2019\u00e9tait dot\u00e9 d\u2019un programme d\u2019enrichissement nucl\u00e9aire civil potentiellement \u00e0 double-usage, qui aurait peut-\u00eatre pu, un jour, conduire \u00e0 une B.A. iranienne (les Iraniens n\u2019ont jamais d\u00e9cid\u00e9 d\u2019aller dans ce sens et, en 2015, ils ont mis dans la naphtaline 80% de leur programme). Apparemment, ce qui pr\u00e9occupait \u00ab\u00a0l\u2019\u00e9lite\u00a0\u00bb \u00e9conomique am\u00e9ricaine n\u2019\u00e9tait pas tant une possible prolif\u00e9ration iranienne que la perspective de ne pas empocher quelques milliards de dollars pour leur en avoir fourni la technologie.<\/span><\/p>\n<p style=\"text-align: justify;\"><span style=\"font-family: times new roman, times, serif; font-size: 14pt;\">IP3 n\u2019\u00e9tait pas en mesure de contourner la loi sur l\u2019\u00e9nergie atomique, loi qui interdit \u00e0 une administration de transmettre des secrets atomiques \u00e0 un autre pays sans l\u00a0\u00bbapprobation du Congr\u00e8s. Mais le Conseil sur la S\u00e9curit\u00e9 Nationale pourrait servir de truchement \u00e0 un march\u00e9 de ce genre.<\/span><\/p>\n<p style=\"text-align: justify;\"><span style=\"font-family: times new roman, times, serif; font-size: 14pt;\">Le rapport du Congr\u00e8s dit que le complot IP3 a \u00e9t\u00e9 arr\u00eat\u00e9 \u00e0 un certain point, mais que les lanceurs d\u2019alerte du CSN craignent que du personnel de l\u2019administration Trump au CSN et ailleurs soient toujours en train de travailler sur de la technologie ill\u00e9gale.<\/span><\/p>\n<p style=\"text-align: justify;\"><span style=\"font-family: times new roman, times, serif; font-size: 14pt;\">Notez qu\u2019il aurait \u00e9t\u00e9 tr\u00e8s possible \u00e0 Trump de faire adopter ce plan par la Chambre R\u00e9publicaine et par le S\u00e9nat avant novembre dernier, mais il est peu vraisemblable que les repr\u00e9sentants actuels veuillent vendre la technologie de bombes nucl\u00e9aires \u00e0 l\u2019Arabie Saoudite.<\/span><\/p>\n<p style=\"text-align: justify;\"><span style=\"font-family: times new roman, times, serif; font-size: 14pt;\">Le gendre de Trump, Jared Kushner, semble avoir repris le projet \u00e0 son compte d\u00e8s que Flynn s\u2019est fait virer pour avoir menti au FBNI sur ses contacts\u00a0 avec l\u2019ambassadeur russe Sergue\u00ef Kislyak. Le rapport du Comit\u00e9 dit que des lanceurs d\u2019alertes pr\u00e9tendent qu\u2019en mars 2017, il y eut une rencontre\u2026<\/span><\/p>\n<p style=\"text-align: justify;\"><span style=\"font-family: times new roman, times, serif; font-size: 14pt;\">\u00ab\u00a0\u00c9tait aussi pr\u00e9sent un membre permanent du CSN, qui a ult\u00e9rieurement averti ses coll\u00e8gues de ce que M. Harvey \u00e9tait \u00e0 nouveau en train de promouvoir le plan IP3 \u201cpour que Jared Kushner puisse le pr\u00e9senter \u00e0 l\u2019approbation du Pr\u00e9sident\u201d.\u00a0\u00bb<\/span><\/p>\n<p style=\"text-align: justify;\"><span style=\"font-family: times new roman, times, serif; font-size: 14pt;\">Pour ce que nous en savons, le plan pour livrer la bombe atomique aux Saoudiens reste \u00e0 l\u2019ordre du jour, avec des centaines de milliards de dollars en jeu.\u00a0 Ce complot est le nec plus ultra de la criminalit\u00e9, avec les ressources du gouvernement US (vous souvenez-vous du <a href=\"https:\/\/fr.wikipedia.org\/wiki\/Projet_Manhattan\">projet Manhattan\u00a0<\/a>?) offertes \u00e0 un gouvernement \u00e9tranger par les criminels en col blanc qui sont aujourd\u2019hui \u00e0 la t\u00eate du gouvernement, dans le but de ramasser des fortunes individuelles capables de rivaliser avec celles des personnes les plus riches du monde, tels que Jeff Bezos et Bill Gates.<\/span><\/p>\n<p style=\"text-align: justify;\"><span style=\"font-family: times new roman, times, serif; font-size: 14pt;\">Une chose dont vous pouvez \u00eatre s\u00fbrs, c\u2019est que l\u2019Iran passe au peigne tr\u00e8s fin ce rapport du Congr\u00e8s. S\u2019il existe une chose r\u00e9ellement capable de faire s\u2019\u00e9craser le trait\u00e9 de non-prolif\u00e9ration de 2015 avec l\u2019Iran, c\u2019est bien la perspective d\u2019une B.A. saoudienne. Qu\u2019il puisse exister des gens qui, d\u2019une main, essaient de d\u00e9truire cet accord, et, de l\u2019autre, sont pr\u00eats \u00e0 vendre des secrets atomiques \u00e0 Riyad pour s\u2019enrichir personnellement, d\u00e9passe l\u2019entendement.<\/span><\/p>\n<p>&nbsp;<\/p>\n<p><img loading=\"lazy\" class=\"alignnone wp-image-2861\" src=\"http:\/\/blog.lesgrossesorchadeslesamplesthalameges.fr\/wp-content\/uploads\/2019\/03\/juan_cole.jpg\" alt=\"\" width=\"250\" height=\"171\" \/><\/p>\n<p style=\"text-align: justify;\"><span style=\"font-family: times new roman, times, serif; font-size: 14pt;\"><em>Juan Cole est professeur d\u2019histoire \u00e0 l\u2019universit\u00e9 du Michigan et propri\u00e9taire du magazine \u00e9lectronique <\/em><a href=\"https:\/\/www.juancole.com\/\">Informed Comment<\/a><em>. <\/em><\/span><\/p>\n<p style=\"text-align: justify;\"><span style=\"font-family: times new roman, times, serif; font-size: 14pt;\">Source : <a href=\"http:\/\/www.informationclearinghouse.info\/51161.htm\">http:\/\/www.informationclearinghouse.info\/51161.htm<\/a><\/span><\/p>\n<p style=\"text-align: justify;\"><span style=\"font-family: times new roman, times, serif; font-size: 14pt;\">Source d\u2019origine : <a href=\"https:\/\/www.truthdig.com\/articles\/jared-kushners-multi-billion-dollar-plot-to-give-saudis-nukes\/\">Truthdig<\/a><\/span><\/p>\n<p>&nbsp;<\/p>\n<p style=\"text-align: right;\"><span style=\"font-family: times new roman, times, serif; font-size: 14pt;\">Traduction : c.l. pour Les Grosses Orchades<\/span><\/p>\n<p>&nbsp;<\/p>\n<p>&nbsp;<\/p>\n<p style=\"text-align: right;\"><span style=\"font-family: comic sans ms, sans-serif; font-size: 14pt;\">2 mars 2019<\/span><\/p>\n","protected":false},"excerpt":{"rendered":"<p>&nbsp; &nbsp; &nbsp; &nbsp; &nbsp; Le complot \u00e0 plusieurs milliards de dollars de Jared Kushner pour livrer l\u2019arme atomique aux Saoudiens &nbsp; Juan Cole \u2013 I.C.H. \u2013 25.2.2019 &nbsp; &nbsp; Le Comit\u00e9 de surveillance et de r\u00e9forme du gouvernement de la Chambre des repr\u00e9sentants vient de publier un rapport sur un complot visant \u00e0 engranger&#8230;<\/p>\n","protected":false},"author":1,"featured_media":0,"parent":0,"menu_order":0,"comment_status":"open","ping_status":"open","template":"","meta":[],"_links":{"self":[{"href":"https:\/\/blog.lesgrossesorchadeslesamplesthalameges.fr\/index.php\/wp-json\/wp\/v2\/pages\/2860"}],"collection":[{"href":"https:\/\/blog.lesgrossesorchadeslesamplesthalameges.fr\/index.php\/wp-json\/wp\/v2\/pages"}],"about":[{"href":"https:\/\/blog.lesgrossesorchadeslesamplesthalameges.fr\/index.php\/wp-json\/wp\/v2\/types\/page"}],"author":[{"embeddable":true,"href":"https:\/\/blog.lesgrossesorchadeslesamplesthalameges.fr\/index.php\/wp-json\/wp\/v2\/users\/1"}],"replies":[{"embeddable":true,"href":"https:\/\/blog.lesgrossesorchadeslesamplesthalameges.fr\/index.php\/wp-json\/wp\/v2\/comments?post=2860"}],"version-history":[{"count":0,"href":"https:\/\/blog.lesgrossesorchadeslesamplesthalameges.fr\/index.php\/wp-json\/wp\/v2\/pages\/2860\/revisions"}],"wp:attachment":[{"href":"https:\/\/blog.lesgrossesorchadeslesamplesthalameges.fr\/index.php\/wp-json\/wp\/v2\/media?parent=2860"}],"curies":[{"name":"wp","href":"https:\/\/api.w.org\/{rel}","templated":true}]}}