{"id":2864,"date":"2019-03-02T23:49:33","date_gmt":"2019-03-02T22:49:33","guid":{"rendered":"http:\/\/blog.lesgrossesorchadeslesamplesthalameges.fr\/?page_id=2864"},"modified":"2019-03-02T23:49:44","modified_gmt":"2019-03-02T22:49:44","slug":"la-guerre-au-chef-boyardee","status":"publish","type":"page","link":"https:\/\/blog.lesgrossesorchadeslesamplesthalameges.fr\/index.php\/la-guerre-au-chef-boyardee\/","title":{"rendered":"La guerre au chef Boyardee"},"content":{"rendered":"<p>&nbsp;<\/p>\n<p>&nbsp;<\/p>\n<p>&nbsp;<\/p>\n<p>&nbsp;<\/p>\n<p>&nbsp;<\/p>\n<p style=\"text-align: center;\"><span style=\"font-family: times new roman, times, serif; font-size: 36pt;\"><strong>La guerre au \u00ab\u00a0Chef <\/strong> <img loading=\"lazy\" class=\"alignnone wp-image-2865\" src=\"http:\/\/blog.lesgrossesorchadeslesamplesthalameges.fr\/wp-content\/uploads\/2019\/03\/Chef-Boyardee-GIF-1.gif\" alt=\"\" width=\"50\" height=\"81\" \/><strong>Boyardee\u00a0\u00bb\u00a0:<\/strong><\/span><\/p>\n<p style=\"text-align: center;\"><span style=\"font-family: times new roman, times, serif; font-size: 36pt;\"><strong>L\u2019opposition inepte du Venezuela<\/strong><\/span><\/p>\n<p>&nbsp;<\/p>\n<p style=\"text-align: center;\"><span style=\"font-family: times new roman, times, serif; font-size: 14pt;\"><span style=\"font-size: 18pt;\"><strong>Justin Raimondo \u2013 <em>Antiwar.com<\/em> \u2013 <\/strong><\/span>26.2.2019<\/span><\/p>\n<p>&nbsp;<\/p>\n<p>&nbsp;<\/p>\n<p style=\"text-align: center;\"><img loading=\"lazy\" class=\"alignnone wp-image-2834\" src=\"http:\/\/blog.lesgrossesorchadeslesamplesthalameges.fr\/wp-content\/uploads\/2019\/03\/trump-guaidos-GIF.gif\" alt=\"\" width=\"500\" height=\"404\" \/><\/p>\n<p>&nbsp;<\/p>\n<p style=\"text-align: justify;\"><span style=\"font-family: times new roman, times, serif; font-size: 14pt;\"><strong>\u00a0<\/strong><\/span><\/p>\n<p style=\"text-align: justify;\"><span style=\"font-family: times new roman, times, serif; font-size: 14pt;\">Mon opinion \u00e0 contre-courant sur le changement de r\u00e9gime au Venezuela \u2013 que c\u2019est une pi\u00e8ce de th\u00e9\u00e2tre mont\u00e9e par le pr\u00e9sident Trump pour des raisons purement int\u00e9rieures \u2013 s\u2019est vue confirmer le grand jour o\u00f9 le conflit \u00e9tait suppos\u00e9 \u00e9clater et que la confrontation imminente a tourn\u00e9 aux\u2026 concerts rivaux\u00a0! Le changement de r\u00e9gime en guise de divertissement \u2013 il y a quelque chose de si am\u00e9ricain l\u00e0-dedans.<\/span><\/p>\n<p style=\"text-align: justify;\"><span style=\"font-family: times new roman, times, serif; font-size: 14pt;\">Que diable ! Un peu de musique est juste ce dont a besoin toute op\u00e9ration de changement de r\u00e9gime qui se respecte, mais le leit-motiv de celle-ci ressemble plus \u00e0 du <a href=\"http:\/\/interglacial.com\/~sburke\/stuff\/cage_433.html\">John Cage<\/a> qu\u2019\u00e0 du John Philip Souza. Au lieu de voir le \u00ab\u00a0pr\u00e9sident\u00a0\u00bb Guaido ralliant ses forces et les menant \u00e0 la bataille, on l\u2019a vu en train d\u2019essayer de traverser un pont jamais utilis\u00e9 avec 1.000 bo\u00eetes de <a href=\"https:\/\/en.wikipedia.org\/wiki\/Ettore_Boiardi\">Chef Boyardee<\/a>, 500 cartons de Bigs Macs au fromage et assez de \u00ab\u00a0nourriture\u00a0\u00bb pour lignes a\u00e9riennes (g\u00e9n\u00e9rosit\u00e9 de Richard Branson) pour exp\u00e9dier ad patres un certain nombre de Chavistes.<\/span><\/p>\n<p style=\"text-align: justify;\"><span style=\"font-family: times new roman, times, serif; font-size: 14pt;\">Fiasco retentissant, avec les camions qui transportaient le cheval de Troie culinaire en proie aux flammes et tout l\u2019incident d\u00e9g\u00e9n\u00e9rant en une querelle sur la question de savoir qui avait gratt\u00e9 l\u2019allumette.<\/span><\/p>\n<p style=\"text-align: justify;\"><span style=\"font-family: times new roman, times, serif; font-size: 14pt;\">\u00c0 quoi s&rsquo;attendaient les n\u00e9o-cons ? Ont-ils vraiment cru que l\u2019arm\u00e9e v\u00e9n\u00e9zu\u00e9lienne, \u00e0 ce moment dramatique, allait d\u00e9poser les armes et passer \u00e0 l\u2019opposition\u00a0? Toute cette affaire n\u2019a \u00e9t\u00e9 qu\u2019une farce, et je veux dire litt\u00e9ralement \u2013 au sens o\u00f9 il n\u2019a jamais \u00e9t\u00e9 question que cette cascade r\u00e9ussisse, ni ne soit m\u00eame prise au s\u00e9rieux . Il n&rsquo;y a eu qu\u2019un spectacle, produit et dirig\u00e9 par cet expert en effets th\u00e9\u00e2traux Donald J. Trump.<\/span><\/p>\n<p style=\"text-align: justify;\"><span style=\"font-family: times new roman, times, serif; font-size: 14pt;\">Comme je l\u2019ai dit <a href=\"https:\/\/original.antiwar.com\/justin\/2019\/02\/07\/us-regime-change-in-venezuela-fake-fake-fake\/\">dans un article pr\u00e9c\u00e9dent<\/a>, cette \u00ab\u00a0<em>fake<\/em>\u00a0\u00bb campagne de changement de r\u00e9gime \u00e9tait un stratag\u00e8me de Trump pour bien engluer les n\u00e9o-cons dans un \u00e9chec largement m\u00e9diatis\u00e9. Apr\u00e8s tout, son envoy\u00e9 sp\u00e9cial tout nouvellement nomm\u00e9, Elliott Abrams, a bien d\u00e9clar\u00e9 Trump \u00ab\u00a0inapte\u00a0\u00bb \u00e0 \u00eatre pr\u00e9sident\u00a0: le reste du r\u00e9seau n\u00e9o-con d\u00e9file \u00e0 pr\u00e9sent \u00e0 la t\u00eate de la \u00ab\u00a0R\u00e9sistance\u00a0\u00bb.<\/span><\/p>\n<p style=\"text-align: justify;\"><span style=\"font-family: times new roman, times, serif; font-size: 14pt;\">Il faut dire que c\u2019est jouissif de voir Trump d\u00e9truire ses ennemis. Plus jouissif encore a \u00e9t\u00e9 de voir la gauche hyst\u00e9rique p\u00e9ter les plombs lorsque j\u2019ai os\u00e9 dire qu\u2019il y avait vraiment peu de chances pour que le conflit au Venezuela tourne \u00e0 la guerre civile en bonne et due forme, avec participation pleine et enti\u00e8re des USA. Oh, non, il <em>faut<\/em> que \u00e7a finisse en carnage !<\/span><\/p>\n<p style=\"text-align: justify;\"><span style=\"font-family: times new roman, times, serif; font-size: 14pt;\">Mince alors, qu\u2019est-il arriv\u00e9 \u00e0 leur \u00ab\u00a0<em>Give peace a chance<\/em>\u00a0\u00bb ?<\/span><\/p>\n<p style=\"text-align: justify;\"><span style=\"font-family: times new roman, times, serif; font-size: 14pt;\">Les guerres et les menaces de guerre exposent invariablement l\u2019hypocrisie et les vraies all\u00e9geances des deux bords, et ce brouhaha v\u00e9n\u00e9zu\u00e9lien en produit d\u2019excellents exemples. \u00c0 gauche, nous avons les id\u00e9ologues en plein d\u00e9ni lorsque le gouvernement emprisonne les opposants et r\u00e9prime violemment les manifestations de rues de l\u2019opposition. \u00c0 droite, vous avez les conservateurs \u00ab\u00a0anti-communistes\u00a0\u00bb qui ont d\u00e9j\u00e0 oubli\u00e9 la le\u00e7on de l\u2019Irak. \u00ab\u00a0Envoyez les marines\u00a0!\u00a0\u00bb braillent-ils. \u00c0 quoi on ne peut que r\u00e9pondre\u00a0: \u00ab\u00a0Et ensuite\u00a0?\u00a0\u00bb.<\/span><\/p>\n<p style=\"text-align: justify;\"><span style=\"font-family: times new roman, times, serif; font-size: 14pt;\">C\u2019est une question qu\u2019ils \u00e9vitent avec assiduit\u00e9. Pour la m\u00eame raison, c\u2019est la premi\u00e8re chose que les g\u00e9n\u00e9raux veulent savoir. Et c\u2019est la raison essentielle qui fait que je pense qu\u2019il n\u2019y aura pas de conflit militaire impliquant les USA\u00a0: le Pentagone ne le permettra jamais. Avec nos arm\u00e9es si terriblement surmen\u00e9es \u2013 certains soldats se voyant d\u00e9ployer quatre ou cinq fois de suite sans la moindre pause \u2013 et notre liste d\u2019ennemis en constante expansion, un nouveau front dans notre politique ext\u00e9rieure de guerres sans fin est la derni\u00e8re chose que souhaitent les militaires.<\/span><\/p>\n<p style=\"text-align: justify;\"><span style=\"font-family: times new roman, times, serif; font-size: 14pt;\">\u00c0 mesure que l\u2019opposition sent qu&rsquo;elle faiblit, elle multiplie ses appels \u00e0 l\u2019intervention ext\u00e9rieure\u00a0: une force multilat\u00e9rale OAS [<em>Organization of American States<\/em>, ndt], avec les USA pour se charger du gros boulot.<\/span><\/p>\n<p style=\"text-align: justify;\"><span style=\"font-family: times new roman, times, serif; font-size: 14pt;\">Ce qui, encore une fois, prouve \u00e0 quel point ils sont nuls. On assiste en ce moment \u00e0 une r\u00e9bellion mondiale contre les dirigeants non-\u00e9lus, autoproclam\u00e9s, et leurs \u00ab\u00a0experts\u00a0\u00bb, et les n\u00e9o-cons veulent nous entra\u00eener dans une guerre au b\u00e9n\u00e9fice d\u2019un type appel\u00e9 Juan qui n\u2019a pas plus de droit que moi \u00e0 la pr\u00e9sidence du Venezuela.<\/span><\/p>\n<p style=\"text-align: justify;\"><span style=\"font-family: times new roman, times, serif; font-size: 14pt;\">Trump adore demander aux supporters qui viennent \u00e0 ses rallies \u00ab\u00a0N\u2019\u00eates-vous pas fatigu\u00e9s de gagner ?\u00a0\u00bb Dans le cas des n\u00e9ocons de l\u2019aventure v\u00e9n\u00e9zu\u00e9lienne, vous pouvez compter sur nous, Messieurs-Dames, pour leur crier, du poulailler\u00a0: \u00ab\u00a0N\u2019\u00eates-vous pas fatigu\u00e9s de perdre\u00a0?\u00a0\u00bb<\/span><\/p>\n<p>&nbsp;<\/p>\n<p style=\"text-align: justify;\"><span style=\"font-family: times new roman, times, serif; font-size: 14pt;\">Source : <a href=\"http:\/\/www.informationclearinghouse.info\/51169.htm\">http:\/\/www.informationclearinghouse.info\/51169.htm<\/a><\/span><\/p>\n<p><span style=\"font-family: times new roman, times, serif; font-size: 14pt;\">Source d&rsquo;origine : <\/span><a href=\"https:\/\/original.antiwar.com\/justin\/2019\/02\/25\/the-chef-boyardee-war-venezuelas-clueless-opposition\/\"><em><span style=\"font-family: times new roman, times, serif; font-size: 14pt;\">Antiwar<\/span><\/em><\/a><\/p>\n<p style=\"text-align: right;\"><span style=\"font-family: times new roman, times, serif; font-size: 14pt;\">Traduction : c.l. pour les Grosses Orchades<\/span><\/p>\n<p>&nbsp;<\/p>\n<p>&nbsp;<\/p>\n<p style=\"text-align: center;\"><img loading=\"lazy\" class=\"alignnone wp-image-2865\" src=\"http:\/\/blog.lesgrossesorchadeslesamplesthalameges.fr\/wp-content\/uploads\/2019\/03\/Chef-Boyardee-GIF-1.gif\" alt=\"\" width=\"148\" height=\"240\" \/><\/p>\n<p>&nbsp;<\/p>\n<p>&nbsp;<\/p>\n<p><img loading=\"lazy\" class=\"alignnone wp-image-2827 aligncenter\" src=\"http:\/\/blog.lesgrossesorchadeslesamplesthalameges.fr\/wp-content\/uploads\/2019\/03\/2.-Chat-GD-1.gif\" alt=\"\" width=\"60\" height=\"60\" \/><\/p>\n<p>&nbsp;<\/p>\n<p>&nbsp;<\/p>\n<p style=\"text-align: center;\"><span style=\"font-family: times new roman, times, serif; font-size: 36pt;\"><strong>La v\u00e9ritable aide humanitaire : Sur les march\u00e9s communaux subventionn\u00e9s par l\u2019\u00c9tat du Venezuela<\/strong><\/span><\/p>\n<p>&nbsp;<\/p>\n<p style=\"text-align: center;\"><iframe loading=\"lazy\" src=\"\/\/www.youtube.com\/embed\/qlX3yfXNX_g\" width=\"560\" height=\"315\" frameborder=\"0\" allowfullscreen=\"allowfullscreen\"><\/iframe><\/p>\n<p>&nbsp;<\/p>\n<p>&nbsp;<\/p>\n<p style=\"text-align: center;\"><span style=\"font-family: times new roman, times, serif; font-size: 14pt;\"><img loading=\"lazy\" class=\"alignnone wp-image-2827\" src=\"http:\/\/blog.lesgrossesorchadeslesamplesthalameges.fr\/wp-content\/uploads\/2019\/03\/2.-Chat-GD-1.gif\" alt=\"\" width=\"60\" height=\"60\" \/><\/span><\/p>\n<p>&nbsp;<\/p>\n<p style=\"text-align: right;\"><span style=\"font-family: comic sans ms, sans-serif; font-size: 14pt;\">2 mars 2019<\/span><\/p>\n<p>&nbsp;<\/p>\n<p>&nbsp;<\/p>\n<p>&nbsp;<\/p>\n","protected":false},"excerpt":{"rendered":"<p>&nbsp; &nbsp; &nbsp; &nbsp; &nbsp; La guerre au \u00ab\u00a0Chef Boyardee\u00a0\u00bb\u00a0: L\u2019opposition inepte du Venezuela &nbsp; Justin Raimondo \u2013 Antiwar.com \u2013 26.2.2019 &nbsp; &nbsp; &nbsp; \u00a0 Mon opinion \u00e0 contre-courant sur le changement de r\u00e9gime au Venezuela \u2013 que c\u2019est une pi\u00e8ce de th\u00e9\u00e2tre mont\u00e9e par le pr\u00e9sident Trump pour des raisons purement int\u00e9rieures \u2013 s\u2019est&#8230;<\/p>\n","protected":false},"author":1,"featured_media":0,"parent":0,"menu_order":0,"comment_status":"open","ping_status":"open","template":"","meta":[],"_links":{"self":[{"href":"https:\/\/blog.lesgrossesorchadeslesamplesthalameges.fr\/index.php\/wp-json\/wp\/v2\/pages\/2864"}],"collection":[{"href":"https:\/\/blog.lesgrossesorchadeslesamplesthalameges.fr\/index.php\/wp-json\/wp\/v2\/pages"}],"about":[{"href":"https:\/\/blog.lesgrossesorchadeslesamplesthalameges.fr\/index.php\/wp-json\/wp\/v2\/types\/page"}],"author":[{"embeddable":true,"href":"https:\/\/blog.lesgrossesorchadeslesamplesthalameges.fr\/index.php\/wp-json\/wp\/v2\/users\/1"}],"replies":[{"embeddable":true,"href":"https:\/\/blog.lesgrossesorchadeslesamplesthalameges.fr\/index.php\/wp-json\/wp\/v2\/comments?post=2864"}],"version-history":[{"count":0,"href":"https:\/\/blog.lesgrossesorchadeslesamplesthalameges.fr\/index.php\/wp-json\/wp\/v2\/pages\/2864\/revisions"}],"wp:attachment":[{"href":"https:\/\/blog.lesgrossesorchadeslesamplesthalameges.fr\/index.php\/wp-json\/wp\/v2\/media?parent=2864"}],"curies":[{"name":"wp","href":"https:\/\/api.w.org\/{rel}","templated":true}]}}