{"id":2873,"date":"2019-03-02T23:52:06","date_gmt":"2019-03-02T22:52:06","guid":{"rendered":"http:\/\/blog.lesgrossesorchadeslesamplesthalameges.fr\/?page_id=2873"},"modified":"2019-03-02T23:52:06","modified_gmt":"2019-03-02T22:52:06","slug":"le-grand-lamento-du-sionisme","status":"publish","type":"page","link":"https:\/\/blog.lesgrossesorchadeslesamplesthalameges.fr\/index.php\/le-grand-lamento-du-sionisme\/","title":{"rendered":"Le grand lamento du sionisme"},"content":{"rendered":"<p>&nbsp;<\/p>\n<p>&nbsp;<\/p>\n<p>&nbsp;<\/p>\n<p>&nbsp;<\/p>\n<p>&nbsp;<\/p>\n<p style=\"text-align: center;\"><span style=\"font-family: times new roman, times, serif; font-size: 24pt; color: #c00000;\">Interludes<\/span><\/p>\n<p>&nbsp;<\/p>\n<p style=\"text-align: center;\"><span style=\"font-family: arial black, sans-serif; font-size: 36pt;\"><strong>Le grand lamento du sionisme<\/strong><\/span><\/p>\n<p style=\"text-align: center;\"><span style=\"font-family: times new roman, times, serif; font-size: 14pt;\"><strong>\u00a0<\/strong><\/span><\/p>\n<p style=\"text-align: center;\"><span style=\"font-family: times new roman, times, serif; font-size: 14pt;\"><span style=\"font-size: 18pt;\"><strong>Aline de Di\u00e9guez<\/strong> \u2013<\/span><strong> 2.3.2019<br \/>\n<\/strong><\/span><\/p>\n<p>&nbsp;<\/p>\n<p><span style=\"font-family: times new roman, times, serif; font-size: 14pt; color: #993300;\">\u00ab\u00a0Nous sommes un peuple, mais un peuple sp\u00e9cial \u2026<\/span><\/p>\n<p style=\"text-align: justify;\"><span style=\"font-family: times new roman, times, serif; font-size: 14pt; color: #993300;\">\u00ab\u00a0Regardez-nous: juif y\u00e9m\u00e9nite ou juif de Pologne, juif roumain ou juif d&rsquo;Alg\u00e9rie, juif de Lituanie, de Russie ou d&rsquo;Arabie, juif de Patagonie, du P\u00e9rou, d&rsquo;Inde, d&rsquo;Afghanistan ou de Chine, nous sommes non seulement un seul et m\u00eame peuple, mais une seule et m\u00eame \u00e2me, une seule et m\u00eame ethnie. Nos g\u00e8nes l&rsquo;attestent.<\/span><\/p>\n<p>&nbsp;<\/p>\n<p style=\"text-align: center;\"><img loading=\"lazy\" class=\"alignnone wp-image-2837\" src=\"http:\/\/blog.lesgrossesorchadeslesamplesthalameges.fr\/wp-content\/uploads\/2019\/03\/juif-Gange-300x210.jpg\" alt=\"\" width=\"500\" height=\"349\" srcset=\"https:\/\/blog.lesgrossesorchadeslesamplesthalameges.fr\/wp-content\/uploads\/2019\/03\/juif-Gange-300x210.jpg 300w, https:\/\/blog.lesgrossesorchadeslesamplesthalameges.fr\/wp-content\/uploads\/2019\/03\/juif-Gange.jpg 518w\" sizes=\"(max-width: 500px) 100vw, 500px\" \/><\/p>\n<p style=\"text-align: center;\"><span style=\"font-family: times new roman, times, serif; font-size: 12pt;\"><strong>Juifs des bords du Gange<\/strong><\/span><\/p>\n<p>&nbsp;<\/p>\n<p style=\"text-align: justify;\"><span style=\"font-family: times new roman, times, serif; font-size: 14pt; color: #993300;\">Des m\u00e9chants et des envieux disent que notre r\u00e9gime politique est un canada dry de d\u00e9mocratie. Nous leur clouons le bec en entonnant \u00e0 gorge d\u00e9ploy\u00e9e notre hymne favori, repris en c\u0153ur par les innombrables amis que nous poss\u00e9dons dans le monde entier: nous sommes la <em>\u00ab\u00a0seule d\u00e9mocratie du Moyen Orient\u00a0\u00bb <\/em>chantons-nous \u00e0 tue-t\u00eate. Douillettement \u00e0 l&rsquo;abri derri\u00e8re une d\u00e9mocratie Potemkine que nous savons vendre comme personne \u00e0 la plan\u00e8te enti\u00e8re, nous luttons avec une patience tenace, apprise durant nos mill\u00e9naires d&rsquo;exil, contre les indig\u00e8nes sans titre, accroch\u00e9s \u00e0 leurs masures et \u00e0 leurs lopins comme des moules \u00e0 leur bouchot sur la terre que nous a donn\u00e9e notre Dieu.<\/span><\/p>\n<p style=\"text-align: justify;\"><span style=\"font-family: times new roman, times, serif; font-size: 14pt; color: #993300;\">Certains h\u00e9r\u00e9tiques ignorants nous demandent de partager notre terre b\u00e9nie avec ces usurpateurs, ou pire encore, de les accueillir parmi nous. Quelle horreur ! Ce serait un sacril\u00e8ge et un crime contre notre Dieu dans le premier cas et une \u00e9pouvantable souillure dans le second. Tu ne laboureras pas avec un boeuf et un \u00e2ne ensemble, nous a bien recommand\u00e9 notre Dieu. (<strong>Dt 22,10<\/strong>). Comme il est omniscient, il sait qu&rsquo;on ne doit pas lier les \u00e2nes avec les chevaux. Or, nous sommes de fringants pur sang et nous m\u00e9prisons les \u00e2nes, ces animaux qui prennent parfois une forme humaine. Un de nos anciens coreligionnaires pass\u00e9 \u00e0 l&rsquo;ennemi a conserv\u00e9 quelque chose de notre esprit et de nos principes et il a fermement recommand\u00e9 aux Corinthiens de ne pas se mettre sous le joug des infid\u00e8les. (<strong>Paul, 2 Cor, 6,4<\/strong>).<\/span><\/p>\n<p style=\"text-align: justify;\"><span style=\"font-family: times new roman, times, serif; font-size: 14pt; color: #993300;\">Nous n&rsquo;aimons pas les Arabes \u2013 d&rsquo;ailleurs, nous n&rsquo;aimons aucun non-juif, notre <strong>Talmud<\/strong> nous le recommande \u2013 mais nous ha\u00efssons particuli\u00e8rement ceux d&rsquo;entre eux qui ont l&rsquo;outrecuidance de se baptiser Palestiniens. La Palestine n&rsquo;existe pas et les Palestiniens sont un peuple invent\u00e9 comme vient de le d\u00e9clarer un de nos grands amis d&rsquo;outre-Atlantique. Ce sont des usurpateurs et des squatteurs sans titres de notre terre, celle que notre Dieu nous a donn\u00e9e en propre. Car nous nous honorons de poss\u00e9der un Dieu pour nous tout seuls, un Dieu qui a parl\u00e9 \u00e0 nos anc\u00eatres. Deux autres Dieux se sont inspir\u00e9s du n\u00f4tre, mais nous nous gaussons sous cape de cette pr\u00e9tention et nous nous chuchotons entre nous que ce sont de mis\u00e9rables h\u00e9r\u00e9tiques, car les copies ne valent jamais l&rsquo;original. Notre religion est le pilier de notre essence. Elle est\u00a0 notre raison d&rsquo;\u00eatre depuis que notre Dieu a d\u00e9ploy\u00e9 sa grande ombre sur nos t\u00eates. B\u00e9ni soit-il.<\/span><\/p>\n<p style=\"text-align: justify;\"><span style=\"font-family: times new roman, times, serif; font-size: 14pt; color: #993300;\">Nous nous m\u00e9fions des goys car nous avons exp\u00e9riment\u00e9 leur ingratitude dans notre chair. L&rsquo;un de nos grands amis de l&rsquo;Hexagone nous a pr\u00e9venus,\u00a0 lorsqu&rsquo;il a affirm\u00e9 que certains d&rsquo;entre nous \u00ab\u00a0<strong><em>s&rsquo;inqui\u00e8tent de voir les juifs prendre le risque d&rsquo;\u00eatre ha\u00efs pour services rendus<\/em><\/strong>\u00a0\u00bb. Pour que tout soit clair, il a m\u00eame pr\u00e9cis\u00e9 la nature des \u00ab\u00a0<strong><em>services rendus<\/em><\/strong>\u00a0\u00bb. C&rsquo;est pourquoi je pr\u00e9f\u00e8re lui donner la parole: \u00ab\u00a0<strong><em>Comme les pr\u00eats <\/em><\/strong>(que nous faisons aux goys exclusivement, jamais entre nous)<strong> <em>comme ces pr\u00eats sont de tr\u00e8s courte dur\u00e9e\u2013 un an ou moins \u2013 et \u00e0 des taux d&rsquo;int\u00e9r\u00eat tr\u00e8s \u00e9lev\u00e9s, de l&rsquo;ordre de 50 \u00e0 80%, l&rsquo;accumulation va tr\u00e8s vite<\/em><\/strong>\u00a0\u00bb. Voil\u00e0 qui est bien dit.<\/span><\/p>\n<p>&nbsp;<\/p>\n<p style=\"text-align: justify; padding-left: 90px;\"><span style=\"font-family: times new roman, times, serif; font-size: 14pt; color: #993300;\">(Voir <strong>Jacques Attali : \u00ab\u00a0<em>Les juifs ont toutes les raisons d&rsquo;\u00eatre fiers de cette partie de leur histoire<\/em>\u00a0\u00bb, <\/strong>propos recueillis par \u00c9ric Conan <a style=\"color: #993300;\" href=\"http:\/\/www.denistouret.fr\/ideologues\/index.html\">http:\/\/www.denistouret.fr\/ideologues\/index.html<\/a> <strong>\u00a0<\/strong>. <strong><em>Les Juifs, le monde et l&rsquo;argent<\/em><\/strong><em>, <strong>Histoire \u00e9conomique du peuple juif<\/strong>. <\/em>Fayard, 2002 )<\/span><\/p>\n<p>&nbsp;<\/p>\n<p style=\"text-align: justify;\"><span style=\"font-family: times new roman, times, serif; font-size: 14pt; color: #993300;\">Un d\u00e9tail nous chagrine, il se dit ici et l\u00e0 que nous aurions accueilli en notre sein des convertis qui ne seraient pas de notre sang. Gros mensonge ! Calomnie ! Nous avons toujours \u00e9t\u00e9 fid\u00e8les aux sages principes \u00e9nonc\u00e9s par nos proph\u00e8tes Esdras et N\u00e9h\u00e9mie. B\u00e9nie soit leur m\u00e9moire ! Pas de m\u00e9langes. Notre ethnie est si pure que chacun d&rsquo;entre nous pourrait remonter jusqu&rsquo;\u00e0 un h\u00e9ro\u00efque anc\u00eatre revenu du cruel exil \u00e0 Babylone, quand ce n&rsquo;est pas \u00e0 David ou \u00e0 Salomon.<\/span><\/p>\n<p style=\"text-align: justify;\"><span style=\"font-family: times new roman, times, serif; font-size: 14pt; color: #993300;\">Tous les Juifs du monde sont issus de la seule souche jud\u00e9enne. D&rsquo;ailleurs certains de nos dirigeants ne pr\u00e9sentent-ils pas aujourd&rsquo;hui une morphologie typiquement moyen-orientale ? Regardez le glabre Benjamin Netanyahou ou l&rsquo;imposante matrone Tzippora Livni: grands, blonds, massifs, yeux bleus, teint ros\u00e9, brachyc\u00e9phales, syst\u00e8me pileux maigrelet, large bassin, on voit au premier coup d&rsquo;\u0153il qu&rsquo;ils sont de purs descendants de nos anc\u00eatres, les hommes du d\u00e9sert, les rudes H\u00e9breux , antiques conducteurs de chameaux \u2026 sur les bords de la Volga ou du Brahmapoutre. Ce p\u00e8re et son fils, pr\u00e9sent\u00e9s ci-dessous, ne sont-ils pas, eux-aussi d&rsquo;une ascendance typiquement jud\u00e9enne ?<\/span><\/p>\n<p>&nbsp;<\/p>\n<p style=\"text-align: center;\"><img loading=\"lazy\" class=\"alignnone wp-image-2874\" src=\"http:\/\/blog.lesgrossesorchadeslesamplesthalameges.fr\/wp-content\/uploads\/2019\/03\/Juifs-CHine.jpg\" alt=\"\" width=\"400\" height=\"495\" \/><\/p>\n<p style=\"text-align: center;\"><span style=\"font-family: times new roman, times, serif; font-size: 12pt;\"><strong>Juifs des bords du Yang ts\u00e9 Kiang<\/strong><\/span><\/p>\n<p>&nbsp;<\/p>\n<p style=\"text-align: justify;\"><span style=\"font-family: times new roman, times, serif; font-size: 14pt; color: #993300;\">Nous m\u00e9prisons de toutes nos forces Shlomo Sand, cet historien pervers, qui essaie de faire croire au monde que le peuple juif n&rsquo;existe pas, qu&rsquo;il aurait disparu depuis belle lurette s&rsquo;il n&rsquo;avait \u00e9t\u00e9 augment\u00e9 par des conversions de peuples entiers, de berb\u00e8res, de sauvages khazariens et autres mongolo\u00efdes, turcophones ou asiatiques.<\/span><\/p>\n<p style=\"text-align: justify;\"><span style=\"font-family: times new roman, times, serif; font-size: 14pt; color: #993300;\">Foutaises malveillantes. Mais nous pouvons d\u00e9sormais confondre ce traitre, ce juif anim\u00e9 par la haine de soi. Heureusement, des g\u00e9n\u00e9ticiens comme nous les aimons sont parvenus \u00e0 \u00e9craser cette th\u00e8se inf\u00e2me et \u00e0 prouver que nous avons su, durant deux mill\u00e9naires, pr\u00e9server intact notre patrimoine g\u00e9n\u00e9tique moyen oriental.<\/span><\/p>\n<p style=\"text-align: justify;\"><span style=\"font-family: times new roman, times, serif; font-size: 14pt; color: #993300;\">Nous sommes un peuple, un peuple homog\u00e8ne, parce que nous sommes tous les descendants du peuple rassembl\u00e9 par notre grand purificateur &#8211; b\u00e9ni soit Esdras &#8211; et nous le crions dans toutes les langues de la terre.<\/span><\/p>\n<p style=\"text-align: justify;\"><span style=\"font-family: times new roman, times, serif; font-size: 14pt; color: #993300;\">Et c&rsquo;est ainsi que Jahv\u00e9 est grand.\u00a0\u00bb<\/span><\/p>\n<p>&nbsp;<\/p>\n<p><span style=\"font-family: times new roman, times, serif; font-size: 14pt;\">Source\u00a0: <\/span><a href=\"http:\/\/aline.dedieguez.pagesperso-orange.fr\/mariali\/interludes\/lamento\/lamento_sionisme.htm\"><span style=\"font-family: times new roman, times, serif; font-size: 14pt;\">http:\/\/aline.dedieguez.pagesperso-orange.fr\/mariali\/interludes\/lamento\/lamento_sionisme.htm<\/span><\/a><\/p>\n<p>&nbsp;<\/p>\n<p style=\"text-align: right;\"><span style=\"font-family: comic sans ms, sans-serif; font-size: 14pt;\">2 mars 2019\u00a0<\/span><\/p>\n<p>&nbsp;<\/p>\n<p>&nbsp;<\/p>\n<p>&nbsp;<\/p>\n","protected":false},"excerpt":{"rendered":"<p>&nbsp; &nbsp; &nbsp; &nbsp; &nbsp; Interludes &nbsp; Le grand lamento du sionisme \u00a0 Aline de Di\u00e9guez \u2013 2.3.2019 &nbsp; \u00ab\u00a0Nous sommes un peuple, mais un peuple sp\u00e9cial \u2026 \u00ab\u00a0Regardez-nous: juif y\u00e9m\u00e9nite ou juif de Pologne, juif roumain ou juif d&rsquo;Alg\u00e9rie, juif de Lituanie, de Russie ou d&rsquo;Arabie, juif de Patagonie, du P\u00e9rou, d&rsquo;Inde, d&rsquo;Afghanistan ou&#8230;<\/p>\n","protected":false},"author":1,"featured_media":0,"parent":0,"menu_order":0,"comment_status":"open","ping_status":"open","template":"","meta":[],"_links":{"self":[{"href":"https:\/\/blog.lesgrossesorchadeslesamplesthalameges.fr\/index.php\/wp-json\/wp\/v2\/pages\/2873"}],"collection":[{"href":"https:\/\/blog.lesgrossesorchadeslesamplesthalameges.fr\/index.php\/wp-json\/wp\/v2\/pages"}],"about":[{"href":"https:\/\/blog.lesgrossesorchadeslesamplesthalameges.fr\/index.php\/wp-json\/wp\/v2\/types\/page"}],"author":[{"embeddable":true,"href":"https:\/\/blog.lesgrossesorchadeslesamplesthalameges.fr\/index.php\/wp-json\/wp\/v2\/users\/1"}],"replies":[{"embeddable":true,"href":"https:\/\/blog.lesgrossesorchadeslesamplesthalameges.fr\/index.php\/wp-json\/wp\/v2\/comments?post=2873"}],"version-history":[{"count":0,"href":"https:\/\/blog.lesgrossesorchadeslesamplesthalameges.fr\/index.php\/wp-json\/wp\/v2\/pages\/2873\/revisions"}],"wp:attachment":[{"href":"https:\/\/blog.lesgrossesorchadeslesamplesthalameges.fr\/index.php\/wp-json\/wp\/v2\/media?parent=2873"}],"curies":[{"name":"wp","href":"https:\/\/api.w.org\/{rel}","templated":true}]}}