{"id":2944,"date":"2019-03-08T23:52:55","date_gmt":"2019-03-08T22:52:55","guid":{"rendered":"http:\/\/blog.lesgrossesorchadeslesamplesthalameges.fr\/?page_id=2944"},"modified":"2019-03-09T02:05:33","modified_gmt":"2019-03-09T01:05:33","slug":"journee-des-femmes-des-connes-des-criminelles-et-bien-plus","status":"publish","type":"page","link":"https:\/\/blog.lesgrossesorchadeslesamplesthalameges.fr\/index.php\/journee-des-femmes-des-connes-des-criminelles-et-bien-plus\/","title":{"rendered":"Journ\u00e9e des femmes, des connes, des criminelles et bien plus."},"content":{"rendered":"<p>&nbsp;<\/p>\n<p>&nbsp;<\/p>\n<p>&nbsp;<\/p>\n<p>&nbsp;<\/p>\n<p>&nbsp;<\/p>\n<p style=\"text-align: center;\"><span style=\"font-family: times new roman, times, serif; font-size: 36pt;\"><strong>Journ\u00e9e des femmes, des connes, des criminelles et bien plus<\/strong><\/span><\/p>\n<p>&nbsp;<\/p>\n<p style=\"text-align: center;\"><span style=\"font-family: times new roman, times, serif; font-size: 18pt;\"><strong>Maria Poumier \u2013 <\/strong>le 8 mars 2018<\/span><\/p>\n<p style=\"text-align: center;\"><span style=\"font-family: times new roman, times, serif; font-size: 18pt;\"><strong><em>Entre la plume et l\u2019enclume<\/em><\/strong><\/span><\/p>\n<p>&nbsp;<\/p>\n<p style=\"text-align: justify;\"><span style=\"font-family: times new roman, times, serif; font-size: 14pt;\"><strong><em>\u00a0<img loading=\"lazy\" class=\"wp-image-2934 aligncenter\" src=\"http:\/\/blog.lesgrossesorchadeslesamplesthalameges.fr\/wp-content\/uploads\/2019\/03\/mariage_pour_tous_recadree-300x148.jpg\" alt=\"\" width=\"600\" height=\"296\" srcset=\"https:\/\/blog.lesgrossesorchadeslesamplesthalameges.fr\/wp-content\/uploads\/2019\/03\/mariage_pour_tous_recadree-300x148.jpg 300w, https:\/\/blog.lesgrossesorchadeslesamplesthalameges.fr\/wp-content\/uploads\/2019\/03\/mariage_pour_tous_recadree-768x379.jpg 768w, https:\/\/blog.lesgrossesorchadeslesamplesthalameges.fr\/wp-content\/uploads\/2019\/03\/mariage_pour_tous_recadree-1024x505.jpg 1024w, https:\/\/blog.lesgrossesorchadeslesamplesthalameges.fr\/wp-content\/uploads\/2019\/03\/mariage_pour_tous_recadree.jpg 1060w\" sizes=\"(max-width: 600px) 100vw, 600px\" \/><\/em><\/strong><\/span><\/p>\n<p>&nbsp;<\/p>\n<p style=\"text-align: justify;\"><span style=\"font-family: times new roman, times, serif; font-size: 14pt;\"><strong><em>\u00a0<\/em><\/strong><\/span><\/p>\n<p style=\"text-align: justify;\"><span style=\"font-family: times new roman, times, serif; font-size: 14pt;\">Il y a toujours eu deux ou trois f\u00e9minismes : celui des \u00e9lites, r\u00e9clamant des libert\u00e9s et des privil\u00e8ges; celui d&rsquo;en bas, r\u00e9clamant de la justice et de la protection (1); celui des manipulateurs d&rsquo; imb\u00e9ciles consentantes est le troisi\u00e8me. Si l&rsquo;on s&rsquo;en tient au point de vue r\u00e9aliste autant que machiste, les deux premi\u00e8res cat\u00e9gories sont toujours, peu ou prou,\u00a0 la proie des troisi\u00e8mes. C&rsquo;est extr\u00eamement humiliant, mais c&rsquo;est comme \u00e7a.<\/span><\/p>\n<p style=\"text-align: justify;\"><span style=\"font-family: times new roman, times, serif; font-size: 14pt;\">Mais l&rsquo;histoire avance, et les r\u00e8gles du jeu \u00e9voluent, dans\u00a0 les rapports entre les deux sexes. L&rsquo;un ne pouvant exterminer l&rsquo;autre, on fait avec, on s&rsquo;adapte, on craque, on rebat les cartes avec le vieux jeu dont on h\u00e9rite. Quand rien ne va plus, quand une soci\u00e9t\u00e9 rentre dans une\u00a0 crise profonde, il y a un indice pour mesurer la destruction mutuelle: il n&rsquo;y a plus de naissances, le suicide d\u00e9mographique r\u00e9sulte d&rsquo;un accord des deux sexes pour ne plus imaginer d&rsquo;avenir, ne plus envisager de rien b\u00e2tir, ne plus souhaiter que jouir du temps qui reste.<\/span><\/p>\n<p style=\"text-align: justify;\"><span style=\"font-family: times new roman, times, serif; font-size: 14pt;\">Comme au temps d&rsquo;Euripide, dans la d\u00e9cadence, nous mettons M\u00e9d\u00e9e au rang des h\u00e9ro\u00efnes : M\u00e9d\u00e9e, celle qui tue ses deux enfants, le premier n\u00e9 et le suivant, pour se venger de son mari, qui lui en pr\u00e9f\u00e8re une plus jeune et plus jolie. D&rsquo;ailleurs, il fallait quand m\u00eame \u00eatre belle, pour int\u00e9resser Weinstein. C&rsquo;est quand on se retrouve vieille et moche qu&rsquo;on fait sa prude et que les truies\u00a0 balancent leurs porcs. C&rsquo;est vexant mais c&rsquo;est comme \u00e7a. Passons \u00e0 la vraie vengeance bien froide : toutes ont des raisons de d\u00e9plorer qu&rsquo;un mec, quel qu&rsquo;il soit, ne soit pas \u00e0 leur hauteur; on va donc exprimer notre \u00ab\u00a0<em>empowerment<\/em>\u00a0\u00bb, notre prise de pouvoir, par un abus de faiblesse caract\u00e9ris\u00e9 : en supprimant tel ou tel gosse, de notre propre initiative. Les f\u00e9ministes litt\u00e9raires se r\u00e9clament de M\u00e9d\u00e9e, on commence \u00e0 entrer dans le camp des monstres.<\/span><\/p>\n<p style=\"text-align: justify;\"><span style=\"font-family: times new roman, times, serif; font-size: 14pt;\">Nous sommes dans le temps des criminelles, qui font la gr\u00e8ve de l&rsquo;enfantement, et qui cassent l&rsquo;outil de la reproduction. Jadis les femmes pauvres commettaient des infanticides, et en \u00e9taient punies de mort. Les femmes riches se d\u00e9brouillaient pour abandonner ou avorter discr\u00e8tement, sans perdre leur immunit\u00e9 de classe. Et puis, dans un vertige \u00e9galitaire, libertaire et utopiste, on a d\u00e9p\u00e9nalis\u00e9 l&rsquo;avortement. Tous les eug\u00e9nistes de la plan\u00e8te et savants fous, se drapant tous dans les beaux pr\u00e9textes de l&rsquo;int\u00e9r\u00eat et de l&rsquo;autonomie des femmes, ont fait cause commune pour \u00e9radiquer le maximum* d&rsquo;enfants avant la naissance, pour que ce nettoyage ethnique consenti ou subi soit invisible\u00a0 \u00e0 nos yeux myopes, et indolore.<\/span><\/p>\n<p style=\"text-align: justify;\"><span style=\"font-family: times new roman, times, serif; font-size: 14pt;\">R\u00e9sultat, au bout de 40 ans sous la loi Veil, un enfant sur quatre, en France, un b\u00e9b\u00e9 qui voulait vivre et qui exigeait de venir au monde, n&rsquo;a pas vu le jour. Dans nos soci\u00e9t\u00e9s, plus de la moiti\u00e9 des femmes choisit d&rsquo;avorter au moins une fois dans sa vie, alors que presque toutes sont sous contraception presque permanente. Et le nombre des avortements, 220.000 par an, est rest\u00e9 stable, contrairement \u00e0 tous les pronostics !!!<\/span><\/p>\n<p style=\"text-align: justify;\"><span style=\"font-family: times new roman, times, serif; font-size: 14pt;\">Ce bilan, on ne le constate dans l&rsquo;histoire que dans des \u00e9pisodes de crise extr\u00eame\u00a0: M et Mme Goebbels donn\u00e8rent la mort \u00e0 leurs six enfants et \u00e0 leur chien avant de se suicider, juste apr\u00e8s Hitler. Dans l&rsquo;Antiquit\u00e9, les assi\u00e9g\u00e9es d&rsquo;une cit\u00e9 condamn\u00e9e se donnaient la mort, ainsi qu&rsquo;\u00e0 leurs enfants et \u00e0 ceux qui n&rsquo;\u00e9taient pas encore n\u00e9s, pour\u00a0ne pas tomber aux mains des ennemis. Il y avait de la dignit\u00e9, par\u00a0 del\u00e0 la mort, il y avait une foi myst\u00e9rieuse dans le sens.<\/span><\/p>\n<p style=\"text-align: justify;\"><span style=\"font-family: times new roman, times, serif; font-size: 14pt;\">Dans notre soci\u00e9t\u00e9, le f\u00e9minisme qui s&rsquo;arcboute sur le principe du \u00ab\u00a0droit \u00e0 l&rsquo;avortement\u00a0\u00bb rel\u00e8ve donc du crime de masse, non seulement par le nombre des victimes, mais par le nombre des criminelles, de femmes qui se pr\u00e9valent de l&rsquo;impunit\u00e9 pour massacrer les plus innocents et les plus d\u00e9sarm\u00e9s. En prendre conscience est absolument insupportable, pour une soci\u00e9t\u00e9 qui se croit, sinc\u00e8rement, porteuse h\u00e9ro\u00efque des droits de l&rsquo;homme, mod\u00e8le de respect pour autrui, capable d&rsquo;avoir invent\u00e9 l&rsquo;abolition de la peine de mort, capable de donner des le\u00e7ons au monde entier.\u00a0<\/span><\/p>\n<p style=\"text-align: justify;\"><span style=\"font-family: times new roman, times, serif; font-size: 14pt;\">La premi\u00e8re bou\u00e9e de sauvetage mental, quand tout s&rsquo;effondre pour la femme qui prend\u00a0 conscience du carnage qu&rsquo;elle a fait du fruit de ses entrailles, c&rsquo;est de s&rsquo;en prendre aux hommes: il y a m\u00e9caniquement, autant de complices du crime que de criminelles, dans un avortement \u00ab\u00a0r\u00e9ussi\u00a0\u00bb, et bien plus encore, si l&rsquo;on ajoute les gens en situation de pouvoir, qui sont toujours un peu plus hommes que femmes: m\u00e9decins, l\u00e9gislateurs, et autres autorit\u00e9s. Ce n&rsquo;est pas consolant du tout, d&rsquo;avoir \u00e0 multiplier les accusations de complicit\u00e9 de g\u00e9nocide. Les soci\u00e9t\u00e9s qui ont disparu\u00a0sont des soci\u00e9t\u00e9s de vaincus, \u00e0 la suite d&rsquo;invasions, et\u00a0 ou d&rsquo;inaptitude \u00e0 g\u00e9rer leurs ressources, ressources mat\u00e9rielles de leur territoire, ou ressources humaines, dont l&rsquo;intelligence, la pr\u00e9voyance, et l&rsquo;aptitude au bien font partie.\u00a0<\/span><\/p>\n<p style=\"text-align: justify;\"><span style=\"font-family: times new roman, times, serif; font-size: 14pt;\">Les marchands de b\u00e9b\u00e9s sont enchant\u00e9s que nous continuions notre guerre contre la pens\u00e9e et contre la foi dans le sens. Ils nous font tr\u00e8s peur : les \u00ab\u00a0grossesses spontan\u00e9es\u00a0\u00bb, comme ils disent, font des enfants bourr\u00e9s de maladies cong\u00e9nitales, dites maintenant \u00ab\u00a0g\u00e9n\u00e9tique\u00a0\u00bb, \u00e7a fait plus propre, bonne raison pour multiplier les d\u00e9pistages pr\u00e9nataux et pr\u00e9nuptiaux, et rendre le tri encore plus rigoureux : on envoie \u00e0 la poubelle, de nos jours, un enfant parce qu&rsquo;une \u00e9chographiste a vu qu&rsquo;il avait un bec de li\u00e8vre, oui, il y a des\u00a0\u00ab\u00a0parents\u00a0\u00bb et des \u00ab\u00a0m\u00e9decins\u00a0\u00bb qui en sont l\u00e0, et qui, s&rsquo;ils n&rsquo;arrivent pas \u00e0\u00a0 supprimer l&rsquo;enfant imparfait avant l&rsquo;accouchement, le feront passer \u00e0 la trappe juste apr\u00e8s. \u00e7a se fait couramment dans les h\u00f4pitaux, et \u00e7a commence \u00e0 se savoir. Au fait, quel parent peut se targuer d&rsquo;avoir un enfant parfait&#8230; ?<\/span><\/p>\n<p>&nbsp;<\/p>\n<p>&nbsp;<\/p>\n<p style=\"text-align: center;\"><img loading=\"lazy\" class=\"alignnone wp-image-2945\" src=\"http:\/\/blog.lesgrossesorchadeslesamplesthalameges.fr\/wp-content\/uploads\/2019\/03\/Maria-1.jpg\" alt=\"\" width=\"600\" height=\"450\" \/><\/p>\n<p>&nbsp;<\/p>\n<p>&nbsp;<\/p>\n<p style=\"text-align: justify;\"><span style=\"font-family: times new roman, times, serif; font-size: 14pt;\">Les marchands de b\u00e9b\u00e9s calquent tous le mod\u00e8le sioniste sur leur territoire: on \u00e9limine autant que possible tous ceux que la nature a mis l\u00e0, et que la\u00a0 nature continue \u00e0 aider pour prolif\u00e9rer. Leur territoire de pr\u00e9dilection ne doit \u00eatre peupl\u00e9 que par les nouveaux propri\u00e9taires, de par le droit du riche sur le pauvre surnum\u00e9raire, contre le pauvre dangereux, et colon riche de la mise en esclavage des pauvres utiles, que l&rsquo;on flatte. Les marchands de b\u00e9b\u00e9s n&rsquo;en vendront qu&rsquo;\u00e0 ceux qui en ont les moyens, c&rsquo;est normal. La projection d\u00e9mographique, selon leurs calculs, disons d&rsquo;ici un si\u00e8cle, c&rsquo;est l&rsquo;inversion de la pyramide des races actuelles : 51 riches blancs ou jaunes de type nordique riche (les clients) \/49 autres, divers, sombres et pauvres, et surtout bien contr\u00f4l\u00e9s dans leurs Gaza. Comme pour les actionnaires, ce qui compte c&rsquo;est de garder la main, Ben quoi, nous les riches, on est le peuple \u00e9lu, le peuple combl\u00e9 de b\u00e9n\u00e9dictions, le peuple qui m\u00e9rite son bonheur. Il ne faut pas le dire trop fort, mais qui peut honn\u00eatement ne pas \u00e9prouver sa chance d&rsquo;\u00eatre du bon c\u00f4t\u00e9 des choses. Et en \u00e9change, bien s\u00fbr, on accueillera g\u00e9n\u00e9reusement quelques outsiders au d\u00e9part \u00ab\u00a0d\u00e9favoris\u00e9s, mais talentueux et convertis \u00e0 nos valeurs, dans notre grande famille\u00a0\u00bb.<\/span><\/p>\n<p>&nbsp;<\/p>\n<p>&nbsp;<\/p>\n<p style=\"text-align: justify;\"><img loading=\"lazy\" class=\"wp-image-2946 aligncenter\" src=\"http:\/\/blog.lesgrossesorchadeslesamplesthalameges.fr\/wp-content\/uploads\/2019\/03\/Non-\u00e0-la-casse-300x150.jpeg\" alt=\"\" width=\"600\" height=\"300\" srcset=\"https:\/\/blog.lesgrossesorchadeslesamplesthalameges.fr\/wp-content\/uploads\/2019\/03\/Non-\u00e0-la-casse-300x150.jpeg 300w, https:\/\/blog.lesgrossesorchadeslesamplesthalameges.fr\/wp-content\/uploads\/2019\/03\/Non-\u00e0-la-casse.jpeg 630w\" sizes=\"(max-width: 600px) 100vw, 600px\" \/><\/p>\n<p>&nbsp;<\/p>\n<p>&nbsp;<\/p>\n<p style=\"text-align: justify;\"><span style=\"font-family: times new roman, times, serif; font-size: 14pt;\">Mais il y a un autre calcul, moins atroce, moins dystopique : c&rsquo;est que les criminels et criminelles, les actifs, les complices, les passifs, sortent de l&rsquo;hypnose h\u00e9doniste, en d\u00e9couvrant l&rsquo;\u00e9tendue des charniers et des auto-carnages commis, activement subventionn\u00e9s par\u00a0 le lobby des marchands de b\u00e9b\u00e9s. Une fois la fertilit\u00e9 spirituelle retrouv\u00e9e, le reste suivra. Le salut se fait jour seulement quand il y a danger de mort imminent. Le salut, le miracle, on ne se le donne pas soi-m\u00eame, on le re\u00e7oit. Il s&rsquo;appelle le pardon, et il appelle l&rsquo;action de gr\u00e2ce.\u00a0 Et pour recevoir le pardon, il faut le repentir. Le repentir lib\u00e8re.<\/span><\/p>\n<p style=\"text-align: justify;\"><span style=\"font-family: times new roman, times, serif; font-size: 14pt;\">Les femmes l&rsquo;ont toujours su, elles ont toujours fait tenir les \u00e9difices spirituels. Dans l&rsquo;\u00e9glise de V\u00e9theuil, village d&rsquo;artistes, bobos et m\u00e9cr\u00e9ants, il y a une dalle de cuivre, au milieu de la nef. C&rsquo;est l&rsquo;ancien cur\u00e9 du lieu, dans les ann\u00e9es 1950, qui y a fait graver ceci :\u00a0\u00ab\u00a0ici venaient prier les femmes pour leurs enfants malades\u00a0\u00bb. C&rsquo;\u00e9tait d\u00e9j\u00e0 du pass\u00e9, et il le regrettait, et il tenait \u00e0 t\u00e9moigner. On continue.<\/span><\/p>\n<p style=\"text-align: justify;\"><span style=\"font-family: times new roman, times, serif; font-size: 14pt;\">____________________<\/span><\/p>\n<p><span style=\"font-family: times new roman, times, serif; font-size: 14pt;\">(1) Important rappel sur le f\u00e9minisme de la classe ouvri\u00e8re ici:\u00a0<a href=\"http:\/\/www.les7duquebec.com\/7-au-front\/rosa-luxembourg-contre-le-feminisme\/\">http:\/\/www.les7duquebec.com\/7-au-front\/rosa-luxembourg-contre-le-feminisme\/<\/a><\/span><\/p>\n<p style=\"text-align: justify;\"><span style=\"font-family: times new roman, times, serif; font-size: 14pt;\">* Je dis bien le maximum, \u00e0 l&rsquo;\u00e9chelle plan\u00e9taire, parce que les riches, malthusiens, consid\u00e8rent toujours qu&rsquo;il y a beaucoup trop de pauvres sur\u00a0 \u00ab\u00a0leur\u00a0\u00bb plan\u00e8te. Faire avorter, st\u00e9riliser, fragiliser, tout cela se combine harmonieusement avec l&rsquo;espoir de faire dispara\u00eetre la plus grande partie de l&rsquo;humanit\u00e9. Bien s\u00fbr, il est indispensable que le projet grandiose ne soit pas trop voyant.<\/span><\/p>\n<p>&nbsp;<\/p>\n<p style=\"text-align: left;\"><span style=\"font-family: times new roman, times, serif; font-size: 14pt;\">Source\u00a0: <a href=\"http:\/\/plumenclume.org\/blog\/327-journee-des-femmes-des-connes-des-criminelles-et-bien-plus\">http:\/\/plumenclume.org\/blog\/327-journee-des-femmes-des-connes-des-criminelles-et-bien-plus<\/a><\/span><\/p>\n<p>&nbsp;<\/p>\n<p>&nbsp;<\/p>\n<p><img loading=\"lazy\" class=\"alignnone size-full wp-image-2931 aligncenter\" src=\"http:\/\/blog.lesgrossesorchadeslesamplesthalameges.fr\/wp-content\/uploads\/2019\/03\/cul-de-lampe-AMAZONES.gif\" alt=\"\" width=\"113\" height=\"118\" \/><\/p>\n<p>&nbsp;<\/p>\n<p>&nbsp;<\/p>\n<p>&nbsp;<\/p>\n<p style=\"text-align: right;\"><span style=\"font-family: comic sans ms, sans-serif; font-size: 14pt;\">8 mars 2019<\/span><\/p>\n<p>&nbsp;<\/p>\n<p>&nbsp;<\/p>\n","protected":false},"excerpt":{"rendered":"<p>&nbsp; &nbsp; &nbsp; &nbsp; &nbsp; Journ\u00e9e des femmes, des connes, des criminelles et bien plus &nbsp; Maria Poumier \u2013 le 8 mars 2018 Entre la plume et l\u2019enclume &nbsp; \u00a0 &nbsp; \u00a0 Il y a toujours eu deux ou trois f\u00e9minismes : celui des \u00e9lites, r\u00e9clamant des libert\u00e9s et des privil\u00e8ges; celui d&rsquo;en bas, r\u00e9clamant&#8230;<\/p>\n","protected":false},"author":1,"featured_media":0,"parent":0,"menu_order":0,"comment_status":"open","ping_status":"open","template":"","meta":[],"_links":{"self":[{"href":"https:\/\/blog.lesgrossesorchadeslesamplesthalameges.fr\/index.php\/wp-json\/wp\/v2\/pages\/2944"}],"collection":[{"href":"https:\/\/blog.lesgrossesorchadeslesamplesthalameges.fr\/index.php\/wp-json\/wp\/v2\/pages"}],"about":[{"href":"https:\/\/blog.lesgrossesorchadeslesamplesthalameges.fr\/index.php\/wp-json\/wp\/v2\/types\/page"}],"author":[{"embeddable":true,"href":"https:\/\/blog.lesgrossesorchadeslesamplesthalameges.fr\/index.php\/wp-json\/wp\/v2\/users\/1"}],"replies":[{"embeddable":true,"href":"https:\/\/blog.lesgrossesorchadeslesamplesthalameges.fr\/index.php\/wp-json\/wp\/v2\/comments?post=2944"}],"version-history":[{"count":0,"href":"https:\/\/blog.lesgrossesorchadeslesamplesthalameges.fr\/index.php\/wp-json\/wp\/v2\/pages\/2944\/revisions"}],"wp:attachment":[{"href":"https:\/\/blog.lesgrossesorchadeslesamplesthalameges.fr\/index.php\/wp-json\/wp\/v2\/media?parent=2944"}],"curies":[{"name":"wp","href":"https:\/\/api.w.org\/{rel}","templated":true}]}}