{"id":2968,"date":"2019-03-08T23:47:52","date_gmt":"2019-03-08T22:47:52","guid":{"rendered":"http:\/\/blog.lesgrossesorchadeslesamplesthalameges.fr\/?page_id=2968"},"modified":"2019-03-09T01:42:07","modified_gmt":"2019-03-09T00:42:07","slug":"carnaval-dalost","status":"publish","type":"page","link":"https:\/\/blog.lesgrossesorchadeslesamplesthalameges.fr\/index.php\/carnaval-dalost\/","title":{"rendered":"Carnaval d&rsquo;Alost"},"content":{"rendered":"<p>&nbsp;<\/p>\n<p>&nbsp;<\/p>\n<p>&nbsp;<\/p>\n<p>&nbsp;<\/p>\n<p>&nbsp;<\/p>\n<p style=\"text-align: center;\"><span style=\"font-family: times new roman, times, serif; font-size: 36pt;\"><strong>Carnaval d\u2019Alost<\/strong><\/span><\/p>\n<p style=\"text-align: justify;\"><span style=\"font-family: times new roman, times, serif; font-size: 14pt;\"><strong>\u00a0<\/strong><\/span><\/p>\n<p>&nbsp;<\/p>\n<p style=\"text-align: center;\"><img loading=\"lazy\" class=\"alignnone wp-image-3026\" src=\"http:\/\/blog.lesgrossesorchadeslesamplesthalameges.fr\/wp-content\/uploads\/2019\/03\/alost-1-1-300x169.jpg\" alt=\"\" width=\"600\" height=\"337\" srcset=\"https:\/\/blog.lesgrossesorchadeslesamplesthalameges.fr\/wp-content\/uploads\/2019\/03\/alost-1-1-300x169.jpg 300w, https:\/\/blog.lesgrossesorchadeslesamplesthalameges.fr\/wp-content\/uploads\/2019\/03\/alost-1-1-768x432.jpg 768w, https:\/\/blog.lesgrossesorchadeslesamplesthalameges.fr\/wp-content\/uploads\/2019\/03\/alost-1-1.jpg 790w\" sizes=\"(max-width: 600px) 100vw, 600px\" \/><\/p>\n<p>&nbsp;<\/p>\n<p style=\"text-align: justify;\"><span style=\"font-family: times new roman, times, serif; font-size: 14pt;\"><strong>\u00a0<\/strong><\/span><\/p>\n<p style=\"text-align: justify;\"><span style=\"font-family: comic sans ms, sans-serif; font-size: 14pt;\">Les Flamands d\u2019Alost se sont d\u00e9guis\u00e9s cette fois en \u00ab\u00a0juifs\u00a0\u00bb experts aux choses d\u2019argent. On le leur reproche.\u00a0 [\u00c0 quand l\u2019interdiction de Shakespeare\u00a0?]<\/span><\/p>\n<p style=\"text-align: justify;\"><span style=\"font-family: comic sans ms, sans-serif; font-size: 14pt;\">Mais qui sont ces Flamands d\u2019Alost\u00a0?<\/span><\/p>\n<p style=\"text-align: justify;\"><span style=\"font-family: comic sans ms, sans-serif; font-size: 14pt;\">S\u2019ils sont racistes, ils le sont dans toutes les directions et sans m\u00eame s\u2019en douter. Ce n\u2019est pas de tr\u00e8s bon go\u00fbt, certes. \u00a0Vous ne le saviez pas\u00a0? Les caricatures de carnaval sont rarement de bon go\u00fbt. On aime ou on n\u2019aime pas, mais si mauvais go\u00fbt il y a, il remonte \u00e0 la pr\u00e9histoire.<\/span><\/p>\n<p style=\"text-align: justify;\"><span style=\"font-family: comic sans ms, sans-serif; font-size: 14pt;\">Et, oui, certes, la mani\u00e8re dont Carnaval refl\u00e8te l\u2019actualit\u00e9 de son si\u00e8cle refl\u00e8te ce si\u00e8cle et le fait de fa\u00e7on simpliste. Avec ses id\u00e9es re\u00e7ues et la perception qu\u2019a Populus de Populus chez les autres.<\/span><\/p>\n<p style=\"text-align: justify;\"><span style=\"font-family: comic sans ms, sans-serif; font-size: 14pt;\">L\u2019an dernier (ou le pr\u00e9c\u00e9dent) le carnaval d\u2019Alost avait caricatur\u00e9 les djihadistes. Les salafistes de Riyad n\u2019ont pas d\u00fb appr\u00e9cier.<\/span><\/p>\n<p>&nbsp;<\/p>\n<p>&nbsp;<\/p>\n<p style=\"text-align: center;\"><img loading=\"lazy\" class=\"alignnone wp-image-3027\" src=\"http:\/\/blog.lesgrossesorchadeslesamplesthalameges.fr\/wp-content\/uploads\/2019\/03\/Alost-2-300x200.jpg\" alt=\"\" width=\"600\" height=\"400\" srcset=\"https:\/\/blog.lesgrossesorchadeslesamplesthalameges.fr\/wp-content\/uploads\/2019\/03\/Alost-2-300x200.jpg 300w, https:\/\/blog.lesgrossesorchadeslesamplesthalameges.fr\/wp-content\/uploads\/2019\/03\/Alost-2.jpg 600w\" sizes=\"(max-width: 600px) 100vw, 600px\" \/><\/p>\n<p style=\"text-align: center;\"><span style=\"font-family: times new roman, times, serif; font-size: 14pt;\"><strong><em>Char djihadiste au carnaval d\u2019Alost<\/em><\/strong><\/span><\/p>\n<p style=\"text-align: justify;\"><span style=\"font-family: times new roman, times, serif; font-size: 14pt;\"><strong><em>\u00a0<\/em><\/strong><\/span><\/p>\n<p>&nbsp;<\/p>\n<p style=\"text-align: justify;\"><span style=\"font-family: comic sans ms, sans-serif; font-size: 14pt;\">La diff\u00e9rence entre les deux carnavals, c\u2019est que l\u2019autre n\u2019a pas fait deux lignes dans les merdias et, surtout, qu\u2019on n\u2019a pas entendu les ceusses de l\u2019Union Europ\u00e9enne s\u2019\u00e9trangler de vertu outrag\u00e9e.\u00a0 Pourquoi, hein, pourquoi\u00a0?<\/span><\/p>\n<p style=\"text-align: justify;\"><span style=\"font-family: comic sans ms, sans-serif; font-size: 14pt;\">Cette fois, m\u00eame RT en fait tout un plat\u00a0:<\/span><\/p>\n<p>&nbsp;<\/p>\n<p>&nbsp;<\/p>\n<p style=\"text-align: center;\"><span style=\"font-family: times new roman, times, serif; font-size: 36pt;\"><strong>\u00ab\u00a0Antis\u00e9mitisme impensable\u00a0\u00bb : un char du carnaval d&rsquo;Alost fait r\u00e9agir la Commission europ\u00e9enne (VIDEO)<\/strong><\/span><\/p>\n<p>&nbsp;<\/p>\n<p style=\"text-align: center;\"><span style=\"font-family: times new roman, times, serif; font-size: 18pt;\"><strong><em>RT fran\u00e7ais<\/em><\/strong><strong> \u2013 <\/strong>6.3.2019<\/span><\/p>\n<p>&nbsp;<\/p>\n<p style=\"text-align: justify;\"><span style=\"font-family: times new roman, times, serif; font-size: 14pt;\">Parmi les silhouettes carnavalesques qui ont d\u00e9fil\u00e9 lors des r\u00e9jouissances d&rsquo;Alost, en Belgique, l&rsquo;ex\u00e9cutif europ\u00e9en a condamn\u00e9 la pr\u00e9sence de caricatures d&rsquo;hommes juifs d\u00e9filant sur un char d\u00e9cor\u00e9 avec des machines \u00e0 sous et des sacs d&rsquo;argent.<\/span><\/p>\n<p style=\"text-align: justify;\"><span style=\"font-family: times new roman, times, serif; font-size: 14pt;\"><a href=\"https:\/\/ich.unesco.org\/fr\/RL\/le-carnaval-dalost-00402\">Le carnaval d&rsquo;Alost<\/a>, qui s&rsquo;est d\u00e9roul\u00e9 du 3 au 5 mars\u00a0en Flandre-Orientale, dans le nord de la Belgique, s&rsquo;est attir\u00e9 les foudres de la Commission europ\u00e9enne. Pour quelle raison ? La pr\u00e9sence,\u00a0sur un char dont le d\u00e9cor reproduisait des\u00a0machines \u00e0 sous et des sacs d&rsquo;argent, ainsi que de caricatures d&rsquo;hommes juifs aux papillotes apparentes et coiff\u00e9s de Shtreimels.<\/span><\/p>\n<p style=\"text-align: justify;\"><span style=\"font-family: times new roman, times, serif; font-size: 14pt;\">\u00abC&rsquo;est impensable que de telles parades aient lieu dans les rues europ\u00e9ennes\u00bb, a ainsi d\u00e9clar\u00e9 le 5 mars, Margaritis Schinas, porte-parole de la Commission europ\u00e9enne. \u00abLa position de la Commission a \u00e9t\u00e9, est et restera tr\u00e8s claire, nous nous opposerons \u00e0 toute forme d&rsquo;antis\u00e9mitisme [&#8230;] Il incombe aux autorit\u00e9s nationales de prendre les mesures qui s\u2019imposent sur la base du droit applicable\u00bb, a-t-il ajout\u00e9.<\/span><\/p>\n<p style=\"text-align: right;\"><strong><span style=\"font-family: arial black, sans-serif; font-size: 14pt;\"><a href=\"https:\/\/francais.rt.com\/international\/59730-antisemitisme-impensable-char-carnaval-alost-fait-reagir-commission-europeenne\">Lire la suite\u2026<\/a><\/span><\/strong><\/p>\n<p>&nbsp;<\/p>\n<p style=\"text-align: left;\"><span style=\"font-family: times new roman, times, serif; font-size: 14pt;\">Source\u00a0: <a href=\"https:\/\/francais.rt.com\/international\/59730-antisemitisme-impensable-char-carnaval-alost-fait-reagir-commission-europeenne\">https:\/\/francais.rt.com\/international\/59730-antisemitisme-impensable-char-carnaval-alost-fait-reagir-commission-europeenne<\/a><\/span><\/p>\n<p>&nbsp;<\/p>\n<p style=\"text-align: justify;\"><span style=\"font-family: comic sans ms, sans-serif; font-size: 14pt;\">[M. Margaritis Schinas a bien oubli\u00e9 ses traditions catholiques. Que va dire le Vatican\u00a0? \u00c0 moins que, l\u00e0 aussi, on soit devenu b\u00e9gueule.]<\/span><\/p>\n<p>&nbsp;<\/p>\n<p>&nbsp;<\/p>\n<p style=\"text-align: center;\"><img loading=\"lazy\" class=\"alignnone size-full wp-image-2980\" src=\"http:\/\/blog.lesgrossesorchadeslesamplesthalameges.fr\/wp-content\/uploads\/2019\/03\/spirale-d\u00e9esse-PETIT-GIF.gif\" alt=\"\" width=\"60\" height=\"136\" \/><\/p>\n<p>&nbsp;<\/p>\n<p>&nbsp;<\/p>\n<p style=\"text-align: right;\"><span style=\"font-family: comic sans ms, sans-serif; font-size: 14pt;\">8 mars 2019<\/span><\/p>\n","protected":false},"excerpt":{"rendered":"<p>&nbsp; &nbsp; &nbsp; &nbsp; &nbsp; Carnaval d\u2019Alost \u00a0 &nbsp; &nbsp; \u00a0 Les Flamands d\u2019Alost se sont d\u00e9guis\u00e9s cette fois en \u00ab\u00a0juifs\u00a0\u00bb experts aux choses d\u2019argent. On le leur reproche.\u00a0 [\u00c0 quand l\u2019interdiction de Shakespeare\u00a0?] Mais qui sont ces Flamands d\u2019Alost\u00a0? S\u2019ils sont racistes, ils le sont dans toutes les directions et sans m\u00eame s\u2019en douter&#8230;.<\/p>\n","protected":false},"author":1,"featured_media":0,"parent":0,"menu_order":0,"comment_status":"open","ping_status":"open","template":"","meta":[],"_links":{"self":[{"href":"https:\/\/blog.lesgrossesorchadeslesamplesthalameges.fr\/index.php\/wp-json\/wp\/v2\/pages\/2968"}],"collection":[{"href":"https:\/\/blog.lesgrossesorchadeslesamplesthalameges.fr\/index.php\/wp-json\/wp\/v2\/pages"}],"about":[{"href":"https:\/\/blog.lesgrossesorchadeslesamplesthalameges.fr\/index.php\/wp-json\/wp\/v2\/types\/page"}],"author":[{"embeddable":true,"href":"https:\/\/blog.lesgrossesorchadeslesamplesthalameges.fr\/index.php\/wp-json\/wp\/v2\/users\/1"}],"replies":[{"embeddable":true,"href":"https:\/\/blog.lesgrossesorchadeslesamplesthalameges.fr\/index.php\/wp-json\/wp\/v2\/comments?post=2968"}],"version-history":[{"count":0,"href":"https:\/\/blog.lesgrossesorchadeslesamplesthalameges.fr\/index.php\/wp-json\/wp\/v2\/pages\/2968\/revisions"}],"wp:attachment":[{"href":"https:\/\/blog.lesgrossesorchadeslesamplesthalameges.fr\/index.php\/wp-json\/wp\/v2\/media?parent=2968"}],"curies":[{"name":"wp","href":"https:\/\/api.w.org\/{rel}","templated":true}]}}