{"id":3097,"date":"2019-03-16T23:57:36","date_gmt":"2019-03-16T22:57:36","guid":{"rendered":"http:\/\/blog.lesgrossesorchadeslesamplesthalameges.fr\/?page_id=3097"},"modified":"2019-03-17T00:06:16","modified_gmt":"2019-03-16T23:06:16","slug":"algerie-liceberg-qui-pourrait-couler-emmanuel-macron","status":"publish","type":"page","link":"https:\/\/blog.lesgrossesorchadeslesamplesthalameges.fr\/index.php\/algerie-liceberg-qui-pourrait-couler-emmanuel-macron\/","title":{"rendered":"Algerie : L\u2019Iceberg qui pourrait couler Emmanuel Macron"},"content":{"rendered":"<p>&nbsp;<\/p>\n<p>&nbsp;<\/p>\n<p>&nbsp;<\/p>\n<p>&nbsp;<\/p>\n<p>&nbsp;<\/p>\n<p style=\"text-align: center;\"><span style=\"font-family: times new roman, times, serif; font-size: 36pt;\"><strong>Algerie : L\u2019Iceberg qui pourrait couler Emmanuel Macron<\/strong><\/span><\/p>\n<p style=\"text-align: justify;\"><span style=\"font-family: times new roman, times, serif; font-size: 14pt;\"><strong>\u00a0<\/strong><\/span><\/p>\n<p style=\"text-align: justify;\"><span style=\"font-family: tahoma, arial, helvetica, sans-serif; font-size: 14pt;\"><strong>L\u2019agitation r\u00e9cente menace maintenant la France, avec l\u2019\u00e9ventualit\u00e9 d\u2019une nouvelle vague migratoire en pr\u00e9paration.<\/strong><\/span><\/p>\n<p>&nbsp;<\/p>\n<p style=\"text-align: center;\"><span style=\"font-family: times new roman, times, serif; font-size: 18pt;\"><strong>Scott McConnell \u2013 <\/strong><a href=\"http:\/\/theduran.com\/author\/the-american-conservative\/\"><strong><em>The American Conservative<\/em><\/strong><\/a><strong>\u00a0 \u2013 10.3.2019<\/strong><\/span><\/p>\n<p>&nbsp;<\/p>\n<p>&nbsp;<\/p>\n<p style=\"text-align: center;\"><img loading=\"lazy\" class=\"alignnone wp-image-3111\" src=\"http:\/\/blog.lesgrossesorchadeslesamplesthalameges.fr\/wp-content\/uploads\/2019\/03\/Macron-Alg\u00e9rie-1-300x190.jpg\" alt=\"\" width=\"600\" height=\"379\" srcset=\"https:\/\/blog.lesgrossesorchadeslesamplesthalameges.fr\/wp-content\/uploads\/2019\/03\/Macron-Alg\u00e9rie-1-300x190.jpg 300w, https:\/\/blog.lesgrossesorchadeslesamplesthalameges.fr\/wp-content\/uploads\/2019\/03\/Macron-Alg\u00e9rie-1.jpg 554w\" sizes=\"(max-width: 600px) 100vw, 600px\" \/><\/p>\n<p>&nbsp;<\/p>\n<p style=\"text-align: justify;\"><span style=\"font-family: times new roman, times, serif; font-size: 14pt;\"><strong>\u00a0<\/strong><\/span><\/p>\n<p style=\"text-align: justify;\"><span style=\"font-family: times new roman, times, serif; font-size: 14pt;\">Apr\u00e8s avoir surv\u00e9cu \u00e0 plusieurs tentatives d\u2019assassinat par les partisans de l\u2019Alg\u00e9rie fran\u00e7aise, Charles de Gaulle, en 1962, signa un accord de paix qui mettait fin \u00e0 la souverainet\u00e9 fran\u00e7aise en Alg\u00e9rie. La guerre d\u2019ind\u00e9pendance de l\u2019Alg\u00e9rie avait \u00e9t\u00e9 longue et brutale, marqu\u00e9e par le terrorisme et la torture. Tout ce qui comptait dans la politique fran\u00e7aise voyait en 1954, dans l\u2019Alg\u00e9rie, une partie int\u00e9grante de la France qu\u2019il fallait d\u00e9fendre \u00e0 tout prix. Mais, en 1962, cette fa\u00e7on de voir avait chang\u00e9. Avec un froid r\u00e9alisme, de Gaulle remarqua, \u00e0 propos du conflit alors dans sa septi\u00e8me ann\u00e9e\u00a0: \u00ab\u00a0Quant \u00e0 la France, il va falloir qu\u2019elle s\u2019int\u00e9resse \u00e0 autre chose\u00a0\u00bb.<\/span><\/p>\n<p style=\"text-align: justify;\"><span style=\"font-family: times new roman, times, serif; font-size: 14pt;\">La France s\u2019en est bien tir\u00e9e apr\u00e8s avoir accord\u00e9 son ind\u00e9pendance \u00e0 l\u2019Alg\u00e9rie. L\u2019Alg\u00e9rie beaucoup moins. Les Alg\u00e9riens qui avaient pris parti pour la France, combattu dans son arm\u00e9e ou servi comme administrateurs du gouvernement colonial s\u2019en sont tir\u00e9s affreusement mal\u00a0: beaucoup d\u2019entre eux ont connu des morts \u00e9pouvantables aux mains de vainqueurs assoiff\u00e9s de vengeance. Selon <a href=\"https:\/\/www.amazon.com\/Savage-War-Peace-1954-1962-Classics\/dp\/1590172183\"><em>A<\/em> <em>Savage War of Peace<\/em><\/a> (\u00ab\u00a0<em>Une guerre de paix sauvage<\/em> \u00bb) d\u2019Alistair Horne, 15.000 furent tu\u00e9s au cours de l\u2019\u00e9t\u00e9, <em>apr\u00e8s <\/em>l\u2019armistice du mois de mars.<\/span><\/p>\n<p style=\"text-align: justify;\"><span style=\"font-family: times new roman, times, serif; font-size: 14pt;\">Une des raisons importantes pour lesquelles de Gaulle rompit avec ses soutiens conservateurs au sein de l\u2019arm\u00e9e et se d\u00e9cida \u00e0 n\u00e9gocier l\u2019ind\u00e9pendance de l\u2019Alg\u00e9rie, fut qu\u2019il pensait que les Fran\u00e7ais et les Alg\u00e9riens \u00e9taient fondamentalement des peuples diff\u00e9rents. Pour lui, l\u2019<em>Alg\u00e9rie fran\u00e7aise<\/em>, la France \u00ab\u00a0de cent millions\u00a0\u00bb compl\u00e9t\u00e9e par la population alg\u00e9rienne et ses vastes r\u00e9serves de p\u00e9trole et de gaz, \u00e9tait un fantasme total. Son coll\u00e8gue Alain Peyrefitte a cit\u00e9 une phrase de lui, prononc\u00e9e en priv\u00e9 en 1959, disant qu\u2019on pouvait m\u00e9langer les Arabes et les Fran\u00e7ais, mais que, comme l\u2019huile et le vinaigre dans une bouteille, ils finiraient in\u00e9vitablement par se s\u00e9parer. Il craignait que <em>l\u2019Alg\u00e9rie fran\u00e7aise<\/em> finisse par faire de son village de Colombey-les-Deux-\u00c9glises un Colombey-les-Deux-Mosqu\u00e9es.<\/span><\/p>\n<p style=\"text-align: justify;\"><span style=\"font-family: times new roman, times, serif; font-size: 14pt;\">Pourtant, l\u2019Alg\u00e9rie d\u2019apr\u00e8s l\u2019ind\u00e9pendance est rest\u00e9e, \u00e9conomiquement, \u00e9troitement reli\u00e9e \u00e0 la France, surtout comme vivier principal d\u2019ouvriers d\u2019usine \u00ab\u00a0temporaires\u00a0\u00bb, une immigration qui avait commenc\u00e9 pendant la guerre d\u2019Alg\u00e9rie elle-m\u00eame. Alors m\u00eame que le besoin de main d\u2019\u0153uvre industrielle diminuait d\u00e9j\u00e0, la France a institu\u00e9 des dispositions de regroupement familial permettant aux travailleurs de se marier et de faire venir leur femme en France, dispositions qu\u2019aucun des pr\u00e9sidents suivants n\u2019a \u00e9t\u00e9 capable d\u2019annuler. Il y a maintenant trois millions d\u2019Alg\u00e9riens en France, qui jouissent de la nationalit\u00e9 fran\u00e7aise ou de la double nationalit\u00e9. La relation qu\u2019entretient la France avec le gouvernement alg\u00e9rien est une relation privil\u00e9gi\u00e9e\u00a0: chaque pr\u00e9sident fran\u00e7ais fait une visite officielle en Alg\u00e9rie durant la premi\u00e8re ann\u00e9e de son mandat. Le commerce est mutuellement important bet l\u2019Alg\u00e9rie joue un r\u00f4le-cl\u00e9 dans la politique africaine fran\u00e7aise du fait\u00a7 de ses fronti\u00e8res avec le Mali, le Niger et la Libye. En fait, quiconque est un peu attentif en France, mis \u00e0 part peut-\u00eatre les militants islamistes, redoute vivement la perspective d\u2019une d\u00e9stabilisation ou de troubles en Alg\u00e9rie.<\/span><\/p>\n<p style=\"text-align: justify;\"><span style=\"font-family: times new roman, times, serif; font-size: 14pt;\">Mais cela pourrait n\u00e9anmoins se produire. Abdelaziz Bouteflika, le pr\u00e9sident de l\u2019Alg\u00e9rie, a \u00e9t\u00e9 victime d\u2019un ,s\u00e9rieux accident vasculaire il y a six ans, et il appara\u00eet d\u00e9sormais rarement en public. N\u00e9anmoins, \u00e0 82, il (ou ceux qui parlent en son nom) insiste pour briguer un cinqui\u00e8me mandat pr\u00e9sidentiel. Du frait que les \u00e9lections en Alg\u00e9rie sont loin d\u2019\u00eatre libres \u2013 le parti au pouvoir disposant du contr\u00f4le total des urnes et du comptage des voix, cela veut dire que sa victoire est pr\u00e9d\u00e9termin\u00e9e. Depuis l\u2019annonce de la candidature Bouteflika, des centaines de milliers d\u2019Alg\u00e9riens sont descendus dans les rues pour manifester avec d\u00e9termination quoique dans le calme, et ce, dans toutes les villes du pays. Ils sont rejoints par leurs fr\u00e8res qui manifestent dans les villes fran\u00e7aises.<\/span><\/p>\n<p style=\"text-align: justify;\"><span style=\"font-family: times new roman, times, serif; font-size: 14pt;\">Peu de gens semblent savoir quel est le v\u00e9ritable \u00e9quilibre des forces politiques en Alg\u00e9rie\u00a0: il y a un puissant appareil d\u2019\u00c9tat li\u00e9 \u00e0 l\u2019arm\u00e9e, mais il n\u2019y a pas de partis politiques forts. Les islamistes ont gagn\u00e9 le premier tour des \u00e9lections l\u00e9gislatives de 1991, ce qui a pouss\u00e9 l\u2019arm\u00e9e \u00e0 faire un coup d\u2019\u00c9tat, lequel a d\u00e9clench\u00e9 une guerre civile brutale. Six ans plus tard, un par(\u2018ti li\u00e9 \u00e0 l\u2019arm\u00e9e a gagn\u00e9 les \u00e9lections l\u00e9gislatives, et en 1999, Bouteflika a remport\u00e9 l\u2019\u00e9lection pr\u00e9sidentielle et entrepris une esp\u00e8ce de r\u00e9unification nationale au moyen d\u2019une amnistie. C\u2019est ce Bouteflika \u2013 jeune avant-gardiste du mouvement de lib\u00e9ration alg\u00e9rien des ann\u00e9es 1960, figure conciliante d\u2019apr\u00e8s la guerre civile des ann\u00e9es 1990, aujourd\u2019hui figure de proue octog\u00e9naire d\u2019un r\u00e9gime g\u00e9n\u00e9ralement consid\u00e9r\u00e9 comme corrompu \u2013 qui se retrouve au sommet de la structure alg\u00e9rienne comme un bouchon sur une bouteille. Et nul ne sait ce qui se passera quand le bouchon sera \u00f4t\u00e9.<\/span><\/p>\n<p style=\"text-align: justify;\"><span style=\"font-family: times new roman, times, serif; font-size: 14pt;\">En France, le gouvernement du pr\u00e9sident Emmanuel Macron a rappel la semaine derni\u00e8re son ambassadeur en consultation, et des sp\u00e9cialistes de la r\u00e9gion disent, prenant peut-\u00eatre leurs d\u00e9sirs pour des r\u00e9alit\u00e9s, que les islamistes ne sont plus de loin aussi populaires qu\u2019ils l\u2019\u00e9taient dans les ann\u00e9es 1990. Personne ne sait vraiment o\u00f9 sont les analogies pertinentes. Le Printemps Arabe, qui a fini par amener une dictature militaire en \u00c9gypte et une guerre civile<em> [!!! ndt] <\/em>sauvage en Syrie ne semble gu\u00e8re prometteur. Non plus que la r\u00e9volte <em>[!!! ndt]<\/em> contre Muammar Kadhafi en Libye, qui a conduit, avec la France soutenant les rebelles, \u00e0 sa mort et \u00e0 la destruction de la Libye en tant qu\u2019\u00c9tat capable de fonctionner. Ce qui est triste, c\u2019est qu\u2019il y a peu de mod\u00e8les attractifs en mati\u00e8re de succession gouvernementale dans le monde arabe (on pourrait regarder avec espoiur en direction de la Tunisie, quoiqu\u2019il s\u2019agisse d\u2019un pays minuscule en comparaison de l\u2019Alg\u00e9rie).<\/span><\/p>\n<p style=\"text-align: justify;\"><span style=\"font-family: times new roman, times, serif; font-size: 14pt;\">Le romancier franco-alg\u00e9rien <a href=\"https:\/\/fr.wikipedia.org\/wiki\/Boualem_Sansal\">Boualem Sansal<\/a> capte bien l\u2019ambig\u00fcit\u00e9 que tout le monde ressent. <a href=\"http:\/\/www.lefigaro.fr\/vox\/monde\/2019\/02\/28\/31002-20190228ARTFIG00283-boualem-sansal-les-jeunes-execrent-le-regime-mais-l-algerie-a-peur-d-une-autre-guerre-civile.php\">Dans une interview r\u00e9cente accord\u00e9e au Figaro<\/a>, il accueille les manifestations calmement massives comme la fin d\u2019une l\u00e9thargie chez un peuple qui m\u00e9rite un meilleur gouvernement que celui qu\u2019il a. Il rappelle que l\u2019Alg\u00e9rie est un pays riche, riche \u00e9galement d\u2019un grand nombre de gens \u00e9duqu\u00e9s et talentueux. Mais il demande \u00e9galement \u00ab\u00a0comment passe-t-on \u00e0 l\u2019\u00e9tape suivante, c\u2019est-\u00e0-dire comment organise-t-on des \u00e9lections libres\u00a0?&#8230; comment r\u00e9pare-t-on les d\u00e9g\u00e2ts caus\u00e9s par 57 ans de dictature et de corruption\u00a0?&#8230; comment remet-on un pays au travail\u00a0?&#8230; comment accouche-t-on d\u2019un projet social\u00a0? Qui va diriger tout \u00e7a\u00a0?&#8230; Un autre Bouteflika sorti d\u2019un laboratoire des services secrets\u00a0? Un comit\u00e9 de salut public\u00a0? Un proph\u00e8te utile\u00a0?\u00a0\u00bb<\/span><\/p>\n<p style=\"text-align: justify;\"><span style=\"font-family: times new roman, times, serif; font-size: 14pt;\">Sansal a dit aussi que les islamistes attendent toujours en coulisses, nombreux, organis\u00e9s et d\u00e9termin\u00e9s. L\u2019Alg\u00e9rie, a-t-il ajout\u00e9, est un pays musulman conservateur. Le salafisme y repr\u00e9sente une force puissante. Le gouvernement a d\u00e9pens\u00e9 des milliards pour tenter d\u2019emp\u00eacher le d\u00e9veloppement d\u2019un \u00ab\u00a0Islam\u00a0v\u00e9ritable\u00a0\u00bb en construisant d\u2019innombrables mosqu\u00e9es avec l\u2019air conditionn\u00e9, pour faire concurrence aux extr\u00e9mistes. Le r\u00e9sultat, c\u2019est que d\u2019\u00e9normes franges de la population se consacrent quotidiennement \u00e0 des formes vari\u00e9es d\u2019exorcisme et font\u00a0 peu de cas de la modernit\u00e9.<\/span><\/p>\n<p style=\"text-align: justify;\"><span style=\"font-family: times new roman, times, serif; font-size: 14pt;\">Sansal (et la plupart des autres commentateurs avec\u00a0 lui) insiste sur le fait que le pouvoir de l\u2019arm\u00e9e ne flanchera pas, qu\u2019il contr\u00f4le compl\u00e8tement le pays et qu\u2019il est d\u00e9termin\u00e9 \u00e0 r\u00e9sister \u00e0 tout d\u00e9fi islamiste. Mais il reconna\u00eet aussi qu\u2019il n\u2019a jamais vraiment gagn\u00e9 la guerre civile des ann\u00e9es 1990, que les islamistes n\u2019ont jamais \u00e9t\u00e9 vaincus politiquement.<\/span><\/p>\n<p style=\"text-align: justify;\"><span style=\"font-family: times new roman, times, serif; font-size: 14pt;\">Si l\u2019Alg\u00e9rie sombre dans le chaos, la France en sera d\u00e9stabilis\u00e9e. La guerre civile a eu pour r\u00e9sultat une \u00e9norme vague d\u2019\u00e9migration. Cette fois-ci, elle serait plus grande. Parmi les \u00e9migrants, il y aurait un tr\u00e8s grand nombre d\u2019islamistes, et l\u2019immigration ill\u00e9gale ferait que les Fran\u00e7ais ne pourraient pas contr\u00f4ler tous ceux qui entreraient. Or, la France, au moins dans certains quartiers, est d\u00e9j\u00e0 une R\u00e9publique Islamique \u00e0 l\u2019\u00e9tat d\u2019embryon.<\/span><\/p>\n<p style=\"text-align: justify;\"><span style=\"font-family: times new roman, times, serif; font-size: 14pt;\">Macron admet que l\u2019Alg\u00e9rie pourrait devenir l\u2019iceberg capable de couler sa pr\u00e9sidence, d\u00e9passant facilement le scandale de son garde du corps (l\u2019affaire Benalla) et les Gilets Jaunes. Son administration semble tiraill\u00e9e entre un \u00e9talage public de correction politique et la crainte d\u2019une islamisation \u00e0 grande \u00e9chelle. Pendant sa campagne pr\u00e9sidentielle, il a fait le grand geste d\u2019accuser la France de \u00ab\u00a0crimes contre l\u2019humanit\u00e9\u00a0\u00bb au cours de sa p\u00e9riode coloniale, puis il a fait machine arri\u00e8re. Un de ses alli\u00e9s l\u00e9gislatifs cl\u00e9 a dit r\u00e9cemment qu\u2019il n\u2019y avait pas de r\u00e9elle diff\u00e9rence entre le voile musulman et le serre-t\u00eate port\u00e9 par les \u00e9coli\u00e8res catholiques <em>[?!?! ndt]<\/em>, pour se faire aussit\u00f4t r\u00e9primander par un membre f\u00e9minin du cabinet, qui a fait observer qu\u2019\u00ab\u00a0aucune femme au monde n\u2019a \u00e9t\u00e9 lapid\u00e9e pour ne pas avoir port\u00e9 de serre-t\u00eate\u00a0\u00bb.<\/span><\/p>\n<p style=\"text-align: justify;\"><span style=\"font-family: times new roman, times, serif; font-size: 14pt;\">La France officielle n\u2019arr\u00eate pas d\u2019affirmer son soutien \u00e0 l\u2019auto-d\u00e9termination alg\u00e9rienne, tout en ayant grabnd peur que l\u2019Alg\u00e9rie fasse un choix terrible, un choix qui priverait la France d\u2019un pr\u00e9cieux partenaire strat\u00e9gique et d\u00e9cha\u00eenerait une vague migratoire impossible \u00e0 contr\u00f4ler. Les journaux conservateurs sont pleins d\u2019avertissements sur la n\u00e9cessit\u00e9 d\u2019un r\u00e9alisme sans concessions, mais sans gu\u00e8\u00a7re offrir de suggestion quant \u00e0 ce que cela pourrait impliquer. La population fran\u00e7aise \u00e9tait 17 foisz celle de l\u2019Alg\u00e9rie en 1830, ann\u00e9e de la conqu\u00eate coloniale. Elle repr\u00e9sente maintenant moins du double. De Gaulle avait raison de dire qu\u2019en lib\u00e9rant l\u2019Alg\u00e9rie, la France aurait \u00e0 se pr\u00e9occuper d\u2019autre chose. Mais, 57 ans plus tard, il s\u2019av\u00e8re que ce n\u2019est pas chose aussi facile que cela.<\/span><\/p>\n<p>&nbsp;<\/p>\n<p style=\"text-align: justify;\"><span style=\"font-family: times new roman, times, serif; font-size: 14pt;\">Source\u00a0: <a href=\"http:\/\/theduran.com\/algeria-the-iceberg-that-could-sink-emmanuel-macron-2\/\">http:\/\/theduran.com\/algeria-the-iceberg-that-could-sink-emmanuel-macron-2\/<\/a><\/span><\/p>\n<p>&nbsp;<\/p>\n<p style=\"text-align: right;\"><span style=\"font-family: times new roman, times, serif; font-size: 14pt;\">Traduction\u00a0: c.l. pour Les Grosses Orchades<\/span><\/p>\n<p>&nbsp;<\/p>\n<p>&nbsp;<\/p>\n<p style=\"text-align: right;\"><span style=\"font-family: comic sans ms, sans-serif; font-size: 14pt;\">16 mars 2019<\/span><\/p>\n<p>&nbsp;<\/p>\n<p>&nbsp;<\/p>\n","protected":false},"excerpt":{"rendered":"<p>&nbsp; &nbsp; &nbsp; &nbsp; &nbsp; Algerie : L\u2019Iceberg qui pourrait couler Emmanuel Macron \u00a0 L\u2019agitation r\u00e9cente menace maintenant la France, avec l\u2019\u00e9ventualit\u00e9 d\u2019une nouvelle vague migratoire en pr\u00e9paration. &nbsp; Scott McConnell \u2013 The American Conservative\u00a0 \u2013 10.3.2019 &nbsp; &nbsp; &nbsp; \u00a0 Apr\u00e8s avoir surv\u00e9cu \u00e0 plusieurs tentatives d\u2019assassinat par les partisans de l\u2019Alg\u00e9rie fran\u00e7aise, Charles&#8230;<\/p>\n","protected":false},"author":1,"featured_media":0,"parent":0,"menu_order":0,"comment_status":"open","ping_status":"open","template":"","meta":[],"_links":{"self":[{"href":"https:\/\/blog.lesgrossesorchadeslesamplesthalameges.fr\/index.php\/wp-json\/wp\/v2\/pages\/3097"}],"collection":[{"href":"https:\/\/blog.lesgrossesorchadeslesamplesthalameges.fr\/index.php\/wp-json\/wp\/v2\/pages"}],"about":[{"href":"https:\/\/blog.lesgrossesorchadeslesamplesthalameges.fr\/index.php\/wp-json\/wp\/v2\/types\/page"}],"author":[{"embeddable":true,"href":"https:\/\/blog.lesgrossesorchadeslesamplesthalameges.fr\/index.php\/wp-json\/wp\/v2\/users\/1"}],"replies":[{"embeddable":true,"href":"https:\/\/blog.lesgrossesorchadeslesamplesthalameges.fr\/index.php\/wp-json\/wp\/v2\/comments?post=3097"}],"version-history":[{"count":0,"href":"https:\/\/blog.lesgrossesorchadeslesamplesthalameges.fr\/index.php\/wp-json\/wp\/v2\/pages\/3097\/revisions"}],"wp:attachment":[{"href":"https:\/\/blog.lesgrossesorchadeslesamplesthalameges.fr\/index.php\/wp-json\/wp\/v2\/media?parent=3097"}],"curies":[{"name":"wp","href":"https:\/\/api.w.org\/{rel}","templated":true}]}}