{"id":3099,"date":"2019-03-16T23:58:09","date_gmt":"2019-03-16T22:58:09","guid":{"rendered":"http:\/\/blog.lesgrossesorchadeslesamplesthalameges.fr\/?page_id=3099"},"modified":"2019-03-17T00:19:42","modified_gmt":"2019-03-16T23:19:42","slug":"bruxelles-montre-sa-peur-des-eurosceptiques","status":"publish","type":"page","link":"https:\/\/blog.lesgrossesorchadeslesamplesthalameges.fr\/index.php\/bruxelles-montre-sa-peur-des-eurosceptiques\/","title":{"rendered":"Bruxelles montre sa peur des Eurosceptiques"},"content":{"rendered":"<p>&nbsp;<\/p>\n<p>&nbsp;<\/p>\n<p>&nbsp;<\/p>\n<p>&nbsp;<\/p>\n<p>&nbsp;<\/p>\n<p style=\"text-align: center;\"><span style=\"font-size: 36pt; font-family: times new roman, times, serif;\"><strong>Bruxelles montre sa peur des Eurosceptiques<\/strong><\/span><\/p>\n<p><span style=\"font-family: times new roman, times, serif; font-size: 14pt;\"><strong>\u00a0<\/strong><\/span><\/p>\n<p style=\"text-align: justify;\"><span style=\"font-family: tahoma, arial, helvetica, sans-serif; font-size: 14pt;\"><strong>Expulser Orban du PPE ne fera que le renforcer. Cela ne fera que fournir aux Eurosceptiques davantage de munitions.<\/strong><\/span><\/p>\n<p>&nbsp;<\/p>\n<p style=\"text-align: center;\"><span style=\"font-family: times new roman, times, serif; font-size: 18pt;\"><a href=\"http:\/\/theduran.com\/author\/tom-luongo\/\"><strong>Tom Luongo<\/strong><\/a><strong>\u00a0 \u2013 <em>Strategic Culture Foundation<\/em> \u2013 10.3.2019<\/strong><\/span><\/p>\n<p>&nbsp;<\/p>\n<p>&nbsp;<\/p>\n<p style=\"text-align: center;\"><img loading=\"lazy\" class=\"alignnone wp-image-3117\" src=\"http:\/\/blog.lesgrossesorchadeslesamplesthalameges.fr\/wp-content\/uploads\/2019\/03\/Viktor-ORBAN-1-300x163.jpg\" alt=\"\" width=\"600\" height=\"325\" srcset=\"https:\/\/blog.lesgrossesorchadeslesamplesthalameges.fr\/wp-content\/uploads\/2019\/03\/Viktor-ORBAN-1-300x163.jpg 300w, https:\/\/blog.lesgrossesorchadeslesamplesthalameges.fr\/wp-content\/uploads\/2019\/03\/Viktor-ORBAN-1-768x416.jpg 768w, https:\/\/blog.lesgrossesorchadeslesamplesthalameges.fr\/wp-content\/uploads\/2019\/03\/Viktor-ORBAN-1.jpg 1000w\" sizes=\"(max-width: 600px) 100vw, 600px\" \/><\/p>\n<p>&nbsp;<\/p>\n<p>&nbsp;<\/p>\n<p style=\"text-align: justify;\"><span style=\"font-family: times new roman, times, serif; font-size: 14pt;\">Le Premier ministre hongrois Viktor Orban est, depuis des ann\u00e9es, \u00a0sous un feu nourri de l\u2019Union Europ\u00e9enne pour son opposition \u00e0 la politique d\u2019immigration sauvage de la chanceli\u00e8re allemande Angela Merkel.<\/span><\/p>\n<p style=\"text-align: justify;\"><span style=\"font-family: times new roman, times, serif; font-size: 14pt;\">Une politique sur laquelle elle-m\u00eame a d\u00fb reculer. Et il importe peu de savoir dans quelle mesure Merkel a modifi\u00e9 sa position et pris en compte la r\u00e9alit\u00e9 des d\u00e9g\u00e2ts que sa politique a caus\u00e9s, Orban reste coupable du p\u00e9ch\u00e9 de non-conformit\u00e9.<\/span><\/p>\n<p style=\"text-align: justify;\"><span style=\"font-family: times new roman, times, serif; font-size: 14pt;\">En fait, il\u00a0 est coupable de bien plus que cela. Parce qu\u2019Orban n\u2019a pas seulement mis le pied sur le troisi\u00e8me rail de la politique europ\u00e9enne, il n\u2019arr\u00eate pas de sauter dessus \u00e0 pieds joints.<\/span><\/p>\n<p style=\"text-align: justify;\"><span style=\"font-family: times new roman, times, serif; font-size: 14pt;\">Pi\u00e9tiner le troisi\u00e8me \u00a0rail, \u00e9videmment, c\u2019est appeler les choses et les gens par leur nom. C\u2019est nommer clairement la personne qui contr\u00f4le en r\u00e9alit\u00e9 la politique europ\u00e9enne en cooptant de si grandes quantit\u00e9s du Parlement europ\u00e9en<\/span><\/p>\n<p style=\"text-align: justify;\"><span style=\"font-family: times new roman, times, serif; font-size: 14pt;\">Cette personne, bien s\u00fbr, c\u2019est George Soros.<\/span><\/p>\n<p style=\"text-align: justify;\"><span style=\"font-family: times new roman, times, serif; font-size: 14pt;\">On assiste en ce moment, en vue des \u00e9lections au Parlement europ\u00e9en de mai prochain, \u00e0 une pouss\u00e9e visant \u00e0 exclure le parti <a href=\"-Union%20civique%20hoingroise\">Fidesz<\/a>-Union civique hoingroise d\u2019Orban du <a href=\"https:\/\/fr.wikipedia.org\/wiki\/Parti_populaire_europ%C3%A9en\">Parti Populaire Europ\u00e9en<\/a>, coalition nominale de centre-droit, qui est aussi le plus grand parti repr\u00e9sent\u00e9 au Parlement europ\u00e9en.<\/span><\/p>\n<p style=\"text-align: justify;\"><span style=\"font-family: times new roman, times, serif; font-size: 14pt;\">Et, avec chacune de ses victoires sur Soros, Orban devient plus audacieux. Apr\u00e8s une campagne de r\u00e9\u00e9lection victorieuse, conduite sur le th\u00e8me \u00ab\u00a0Ne laissez pas gagner Soros\u00a0!\u00a0\u00bb, Orban a expuls\u00e9 du pays la principale ONG de Soros, <em>Open Society Foundation,<\/em> ainsi d\u2019ailleurs que son \u00ab\u00a0Universit\u00e9 Centrale Europ\u00e9enne\u00a0\u00bb.<\/span><\/p>\n<p style=\"text-align: justify;\"><span style=\"font-family: times new roman, times, serif; font-size: 14pt;\">Mais son p\u00e9ch\u00e9 capital a \u00e9t\u00e9 d\u2019assimiler le pr\u00e9sident sortant de la Commission Europ\u00e9enne, Jean-Claude \u00ab\u00a0quand les choses vont mal il faut mentir\u00a0\u00bb Juncker aux tentatives faites par Soros pour affaiblir les fronti\u00e8res de la Hongrie.<\/span><\/p>\n<p style=\"text-align: justify;\"><span style=\"font-family: times new roman, times, serif; font-size: 14pt;\">Sa punition, pour cela et pour avoir construit une barri\u00e8re douani\u00e8re \u00e0 l\u2019int\u00e9rieur des fronti\u00e8res de son pays, qui d\u00e9joue la tactique de Soros et Merkel de <a href=\"https:\/\/www.lewrockwell.com\/2018\/05\/no_author\/hungarys-multi-layer-border-wall\/\">fixation des immigrants pour des ann\u00e9es dans les limbes juridiques sans fin des pays d\u2019accueil<\/a>, a \u00e9t\u00e9 l\u2019ouverture d\u2019une proc\u00e9dure \u00ab\u00a0Article 7\u00a0\u00bb contre la Hongrie, accus\u00e9e de n\u2019avoir pas respect\u00e9 la position de l\u2019Union Europ\u00e9enne sur les droits humains.<\/span><\/p>\n<p style=\"text-align: justify;\"><span style=\"font-family: times new roman, times, serif; font-size: 14pt;\">\u00a0La Pologne a des ennuis du m\u00eame ordre avec Merkel, mais, gr\u00e2ce \u00e0 une des rares dispositions raisonnables de la structure de l\u2019UE, chaque pays peut en utiliser un autre pour opposer son veto \u00e0 une censure effective et au retrait concomitant de son droit de vote \u00e0 l\u2019int\u00e9rieur de l\u2019Union qu\u2019entra\u00eene la pleine application de l\u2019Article 7.<\/span><\/p>\n<p style=\"text-align: justify;\"><span style=\"font-family: times new roman, times, serif; font-size: 14pt;\">Mais le pr\u00e9sent papier n\u2019a pas r\u00e9ellement pour sujet les derniers ennuis d\u2019Orban avec les faux d\u00e9mocrates de l\u2019UE. Mon vrai sujet est la terreur que provoque, chez ces gens, la mont\u00e9e des Eurosceptiques \u00e0 la Orban dans tout le continent, \u00e0 mesure que les \u00e9lections de mai approchent.<\/span><\/p>\n<p style=\"text-align: justify;\"><span style=\"font-family: times new roman, times, serif; font-size: 14pt;\">L\u2019expulsion potentielle d\u2019Orban du PPE n\u2019est qu\u2019un des sympt\u00f4mes de cette peur. R\u00e9cemment, la Fran\u00e7aise Marine Le Pen a d\u00e9couvert <a href=\"http:\/\/theduran.com\/marine-le-pen-to-be-prosecuted-for-2015-anti-isis-tweets-2\/\">qu\u2019un proc\u00e8s qui lui est intent\u00e9 \u00ab\u00a0pour avoir\u00a0tweet\u00e9 des d\u00e9capitations d\u2019ISIS en 2015\u00a0\u00bb<\/a> va vraiment avoir lieu, et peut l\u2019envoyer en prison pour trois ans.<\/span><\/p>\n<p>&nbsp;<\/p>\n<p>&nbsp;<\/p>\n<p style=\"text-align: center;\"><img loading=\"lazy\" class=\"alignnone wp-image-3118\" src=\"http:\/\/blog.lesgrossesorchadeslesamplesthalameges.fr\/wp-content\/uploads\/2019\/03\/MARINE-300x199.jpg\" alt=\"\" width=\"600\" height=\"398\" srcset=\"https:\/\/blog.lesgrossesorchadeslesamplesthalameges.fr\/wp-content\/uploads\/2019\/03\/MARINE-300x199.jpg 300w, https:\/\/blog.lesgrossesorchadeslesamplesthalameges.fr\/wp-content\/uploads\/2019\/03\/MARINE.jpg 684w\" sizes=\"(max-width: 600px) 100vw, 600px\" \/><\/p>\n<p>&nbsp;<\/p>\n<p>&nbsp;<\/p>\n<p style=\"text-align: justify;\"><span style=\"font-family: times new roman, times, serif; font-size: 14pt;\">Ce n\u2019est pas tr\u00e8s diff\u00e9rent <a href=\"https:\/\/www.lemonde.fr\/europe\/article\/2018\/08\/27\/matteo-salvini-vise-par-une-enquete-pour-sequestration-de-migrants_5346548_3214.html\">des accusations de kidnapping<\/a> formul\u00e9es par des procureurs siciliens contre le Vice-Premier ministre italien, leader de la Lega et mauvais gar\u00e7on en chef Matteo Salvini. Autre piteux essai de faire \u00e9clater la coalition eurosceptique italienne en la for\u00e7ant \u00e0 se concentrer sur des futilit\u00e9s int\u00e9rieures, faute d\u2019oser affronter le vrai d\u00e9fi qu\u2019elle apporte aux \u00e9lections de mai.<\/span><\/p>\n<p>&nbsp;<\/p>\n<p>&nbsp;<\/p>\n<p style=\"text-align: justify;\"><img loading=\"lazy\" class=\"wp-image-3119 aligncenter\" src=\"http:\/\/blog.lesgrossesorchadeslesamplesthalameges.fr\/wp-content\/uploads\/2019\/03\/Salvini-300x150.jpg\" alt=\"\" width=\"600\" height=\"300\" srcset=\"https:\/\/blog.lesgrossesorchadeslesamplesthalameges.fr\/wp-content\/uploads\/2019\/03\/Salvini-300x150.jpg 300w, https:\/\/blog.lesgrossesorchadeslesamplesthalameges.fr\/wp-content\/uploads\/2019\/03\/Salvini-768x384.jpg 768w, https:\/\/blog.lesgrossesorchadeslesamplesthalameges.fr\/wp-content\/uploads\/2019\/03\/Salvini-1024x512.jpg 1024w, https:\/\/blog.lesgrossesorchadeslesamplesthalameges.fr\/wp-content\/uploads\/2019\/03\/Salvini.jpg 1440w\" sizes=\"(max-width: 600px) 100vw, 600px\" \/><\/p>\n<p>&nbsp;<\/p>\n<p>&nbsp;<\/p>\n<p style=\"text-align: justify;\"><span style=\"font-family: times new roman, times, serif; font-size: 14pt;\">Il en va de m\u00eame \u00e0 pr\u00e9sent pour Marine Le Pen. Les sondages montrent que son parti <a href=\"https:\/\/rassemblementnational.fr\/\">Rassemblement National<\/a> grignotent la marge d\u2019erreur du parti En Marche du pr\u00e9sident Emmanuel Macron, avec une bonne chance d\u2019envoyer un certain nombre d\u2019Eurosceptiques fran\u00e7ais si\u00e9ger au Parlement europ\u00e9en d\u2019ici une paire de mois.<\/span><\/p>\n<p style=\"text-align: justify;\"><span style=\"font-family: times new roman, times, serif; font-size: 14pt;\">Merkel se d\u00e9bat avec un probl\u00e8me identique. Et m\u00eame si le soutien au parti Alternative pour l\u2019Allemagne (AfD) a faibli dans les r\u00e9cents sondages en descendant \u00e0 13% des intentions de vote, il ne faut pas sous-estimer le d\u00e9sir des \u00e9lecteurs d\u2019envoyer un message fort \u00e0 Bruxelles en allant voter en plus grands nombres pour des partis nouveaux ou alternatifs, auxquels ils n\u2019apporteraient pas leurs voix sur le plan int\u00e9rieur.<\/span><\/p>\n<p>&nbsp;<\/p>\n<p>&nbsp;<\/p>\n<p style=\"text-align: center;\"><img loading=\"lazy\" class=\"alignnone wp-image-3120\" src=\"http:\/\/blog.lesgrossesorchadeslesamplesthalameges.fr\/wp-content\/uploads\/2019\/03\/alice-weidel-300x225.jpg\" alt=\"\" width=\"600\" height=\"450\" srcset=\"https:\/\/blog.lesgrossesorchadeslesamplesthalameges.fr\/wp-content\/uploads\/2019\/03\/alice-weidel-300x225.jpg 300w, https:\/\/blog.lesgrossesorchadeslesamplesthalameges.fr\/wp-content\/uploads\/2019\/03\/alice-weidel-768x576.jpg 768w, https:\/\/blog.lesgrossesorchadeslesamplesthalameges.fr\/wp-content\/uploads\/2019\/03\/alice-weidel-1024x768.jpg 1024w, https:\/\/blog.lesgrossesorchadeslesamplesthalameges.fr\/wp-content\/uploads\/2019\/03\/alice-weidel.jpg 2048w\" sizes=\"(max-width: 600px) 100vw, 600px\" \/><\/p>\n<p style=\"text-align: center;\"><span style=\"font-family: times new roman, times, serif; font-size: 12pt;\"><strong><em>Alice Weidel qui, avec Alexander Gauland, est \u00e0 la t\u00eate de l\u2019AfD<\/em><\/strong><\/span><\/p>\n<p style=\"text-align: justify;\"><span style=\"font-family: times new roman, times, serif; font-size: 14pt;\"><strong><em>\u00a0<\/em><\/strong><\/span><\/p>\n<p>&nbsp;<\/p>\n<p style=\"text-align: justify;\"><span style=\"font-family: times new roman, times, serif; font-size: 14pt;\">On a assist\u00e9 \u00e0 ce ph\u00e9nbom\u00e8ne \u00a0dans le pass\u00e9, lorsque UKIP a stup\u00e9fait tout le monde avec les r\u00e9sultats qu\u2019il a obtenus lors des \u00e9lections europ\u00e9ennes de 2014. Ils ne se sont jamais r\u00e9p\u00e9t\u00e9s sur le plan int\u00e9rieur, parce que c\u2019est le \u00ab\u00a0dilemme du prisonnier\u00a0\u00bb qui pr\u00e9vaut en Grande Bretagne, du fait de son syst\u00e8me au scrutin majoritaire.<\/span><\/p>\n<p>&nbsp;<\/p>\n<p>&nbsp;<\/p>\n<p style=\"text-align: center;\"><img loading=\"lazy\" class=\"alignnone wp-image-3121\" src=\"http:\/\/blog.lesgrossesorchadeslesamplesthalameges.fr\/wp-content\/uploads\/2019\/03\/FARAGE-300x199.jpg\" alt=\"\" width=\"600\" height=\"399\" srcset=\"https:\/\/blog.lesgrossesorchadeslesamplesthalameges.fr\/wp-content\/uploads\/2019\/03\/FARAGE-300x199.jpg 300w, https:\/\/blog.lesgrossesorchadeslesamplesthalameges.fr\/wp-content\/uploads\/2019\/03\/FARAGE.jpg 617w\" sizes=\"(max-width: 600px) 100vw, 600px\" \/><\/p>\n<p style=\"text-align: center;\"><span style=\"font-family: times new roman, times, serif; font-size: 12pt;\"><strong><em>Nigel Farage c\u00e9l\u00e9brant pr\u00e9ventivement la future ind\u00e9pendance anglaise<\/em><\/strong><\/span><\/p>\n<p>&nbsp;<\/p>\n<p>&nbsp;<\/p>\n<p style=\"text-align: justify;\"><span style=\"font-family: times new roman, times, serif; font-size: 14pt;\">Mais pour le Parlement europ\u00e9en, o\u00f9 le syst\u00e8me \u00e0 deux partis n\u2019a pas d\u2019emprise, et o\u00f9 il est plus difficile aux \u00e9lecteurs d\u2019opter pour les b\u00e9n\u00e9fices directs de leur vote, il est plus probable qu\u2019ils desserreront un peu les boulons et apporteront leur soutien \u00e0 un parti plus petit, moins traditionnel.<\/span><\/p>\n<p style=\"text-align: justify;\"><span style=\"font-family: times new roman, times, serif; font-size: 14pt;\">Et cela, s\u2019ajoutant \u00e0 de s\u00e9rieuses erreurs de calcul sur le Brexit, dont je vais vous parler dans deux minutes, r\u00e9ussit \u00e0 faire vraiment tr\u00e8s peur aux \u00ab\u00a0\u00e9lites\u00a0\u00bb des cercles politiques europ\u00e9ens. Si peur qu\u2019ils sont pr\u00eats \u00e0 engloutir de s\u00e9rieuses ressources dans des initiatives chim\u00e9riques de valeur douteuse.<\/span><\/p>\n<p style=\"text-align: justify;\"><span style=\"font-family: times new roman, times, serif; font-size: 14pt;\">Expulser Orban du PPE ne fera que le renforcer. Cela ne fera que fournir aux Eurosceptiques davantage de munitions. Orban, comme Salvini, adore jouer les exclus. Il s\u2019en servira pour rallier d\u2019autres Europ\u00e9ens \u00e0 sa cause et attirer quelques si\u00e8ges de plus dans son orbite.<\/span><\/p>\n<p style=\"text-align: justify;\"><span style=\"font-family: times new roman, times, serif; font-size: 14pt;\">D\u2019apr\u00e8s les r\u00e9sultats des derniers sondages, dont vous pouvez trouver les derniers pointages mis \u00e0 jour <a href=\"https:\/\/pollofpolls.eu\/EU\"><strong>ici<\/strong><\/a><strong>, <\/strong>les partis eurosceptiques se partageront entre 215 et 225 si\u00e8ges sur les 705 \u00e0 pourvoir, en supposant que la Grande Bretagne quitte vraiment l\u2019Union et ne participe donc pas aux \u00e9lections pour le Parlement, ce qui, \u00e0 ce stade, ne semble pas probable.<\/span><\/p>\n<p style=\"text-align: justify;\"><span style=\"font-family: times new roman, times, serif; font-size: 14pt;\"><a href=\"https:\/\/twitter.com\/k3nny18\/status\/1103060231733608451\">S\u2019il est exact, comme on le rapporte, que le Premier ministre Theresa May<\/a> a fait un march\u00e9 avec Merkel en juillet dernier portant sur un accord de retrait, et si cet accord a \u00e9t\u00e9 fabriqu\u00e9\u00a0de fa\u00e7on telle que le Royaume Uni puisse r\u00e9int\u00e9grer l\u2019U<u>E plus tard, alors, il est hors de question que Mrs\u00a0May puisse, \u00e0 ce stade, pr\u00e9venir le BREXIT aux conditions de l\u2019OMC, m\u00eame avec 90 jours de plus pour le faire.<\/u><\/span><\/p>\n<p style=\"text-align: justify;\"><span style=\"font-family: times new roman, times, serif; font-size: 14pt;\">Un rapport du <a href=\"https:\/\/en.wikipedia.org\/wiki\/Bruges_Group_(United_Kingdom)\"><em>Bruges Group<\/em><\/a>, supprim\u00e9 depuis, en donnait les d\u00e9tails (les <a href=\"https:\/\/www.altnewsmedia.net\/topical-news-general\/the-bruges-group-article-they-dont-want-you-to-read\/\">voir ici<\/a>). Et nous saurons que c\u2019est exact si Theresa May accepte brusquement de se d\u00e9mettre de ses fonctions de Premier ministre aussit\u00f4t apr\u00e8s le 29 mars, que la Grande Bretagne sorte de l\u2019Europe ou pas.<\/span><\/p>\n<p style=\"text-align: justify;\"><span style=\"font-family: times new roman, times, serif; font-size: 14pt;\">Parce que soit elle n\u2019aura pas r\u00e9ussi \u00e0 faire \u00e9chouer le Brexit et sera sacrifi\u00e9e pour sauver les Tories, soit elle se d\u00e9mettra en faveur d\u2019un vrai partisan du Brexit, dans le cas o\u00f9 le Parlement voterait une extension.<\/span><\/p>\n<p style=\"text-align: justify;\"><span style=\"font-family: times new roman, times, serif; font-size: 14pt;\">Nous saurons que ceci \u00e9tait vrai si elle le fait.<\/span><\/p>\n<p style=\"text-align: justify;\"><span style=\"font-family: times new roman, times, serif; font-size: 14pt;\">Voil\u00e0 bien des \u00ab\u00a0si\u00a0\u00bb, je sais, mais \u00e0 l\u2019heure actuelle, tout le monde danse le Juncker Two-Steps, mentant et faisant assaut de cajoleries pour maintenir le <em>statu quo<\/em> et continuer d\u2019aller de l\u2019avant dans toujours plus d\u2019int\u00e9gration europ\u00e9enne.<\/span><\/p>\n<p style=\"text-align: justify;\"><span style=\"font-family: times new roman, times, serif; font-size: 14pt;\">Mario Draghi, \u00e0 la Banque Centrale Europ\u00e9enne, a jou\u00e9 son r\u00f4le, louvoyant \u00e0 qui mieux mieux pour emp\u00eacher les march\u00e9s d\u2019imploser.<\/span><\/p>\n<p style=\"text-align: justify;\"><span style=\"font-family: times new roman, times, serif; font-size: 14pt;\">Et si le BREXIT se fait aux conditions de l\u2019OMC, cela ouvre la voie au d\u00e9veloppement \u00a0de leur pire cauchemar<\/span><\/p>\n<p style=\"text-align: justify;\"><span style=\"font-family: times new roman, times, serif; font-size: 14pt;\">Regardez alors Viktor Orban sourire du sourire du juste.<\/span><\/p>\n<p><span style=\"font-family: times new roman, times, serif; font-size: 14pt;\">Source : <a href=\"http:\/\/theduran.com\/brussels-shows-its-fear-of-euroskeptics\/\">http:\/\/theduran.com\/brussels-shows-its-fear-of-euroskeptics\/<\/a><\/span><\/p>\n<p>&nbsp;<\/p>\n<p style=\"text-align: right;\"><span style=\"font-family: times new roman, times, serif; font-size: 14pt;\">Traduction\u00a0: c.l. pour Les Grosses Orchades<\/span><\/p>\n<p>&nbsp;<\/p>\n<p>&nbsp;<\/p>\n<p style=\"text-align: right;\"><span style=\"font-family: comic sans ms, sans-serif; font-size: 14pt;\">16 mars 2019<\/span><\/p>\n","protected":false},"excerpt":{"rendered":"<p>&nbsp; &nbsp; &nbsp; &nbsp; &nbsp; Bruxelles montre sa peur des Eurosceptiques \u00a0 Expulser Orban du PPE ne fera que le renforcer. Cela ne fera que fournir aux Eurosceptiques davantage de munitions. &nbsp; Tom Luongo\u00a0 \u2013 Strategic Culture Foundation \u2013 10.3.2019 &nbsp; &nbsp; &nbsp; &nbsp; Le Premier ministre hongrois Viktor Orban est, depuis des ann\u00e9es, \u00a0sous&#8230;<\/p>\n","protected":false},"author":1,"featured_media":0,"parent":0,"menu_order":0,"comment_status":"open","ping_status":"open","template":"","meta":[],"_links":{"self":[{"href":"https:\/\/blog.lesgrossesorchadeslesamplesthalameges.fr\/index.php\/wp-json\/wp\/v2\/pages\/3099"}],"collection":[{"href":"https:\/\/blog.lesgrossesorchadeslesamplesthalameges.fr\/index.php\/wp-json\/wp\/v2\/pages"}],"about":[{"href":"https:\/\/blog.lesgrossesorchadeslesamplesthalameges.fr\/index.php\/wp-json\/wp\/v2\/types\/page"}],"author":[{"embeddable":true,"href":"https:\/\/blog.lesgrossesorchadeslesamplesthalameges.fr\/index.php\/wp-json\/wp\/v2\/users\/1"}],"replies":[{"embeddable":true,"href":"https:\/\/blog.lesgrossesorchadeslesamplesthalameges.fr\/index.php\/wp-json\/wp\/v2\/comments?post=3099"}],"version-history":[{"count":0,"href":"https:\/\/blog.lesgrossesorchadeslesamplesthalameges.fr\/index.php\/wp-json\/wp\/v2\/pages\/3099\/revisions"}],"wp:attachment":[{"href":"https:\/\/blog.lesgrossesorchadeslesamplesthalameges.fr\/index.php\/wp-json\/wp\/v2\/media?parent=3099"}],"curies":[{"name":"wp","href":"https:\/\/api.w.org\/{rel}","templated":true}]}}