{"id":3101,"date":"2019-03-16T23:58:55","date_gmt":"2019-03-16T22:58:55","guid":{"rendered":"http:\/\/blog.lesgrossesorchadeslesamplesthalameges.fr\/?page_id=3101"},"modified":"2019-03-17T00:28:35","modified_gmt":"2019-03-16T23:28:35","slug":"vu-du-droit-le-retour","status":"publish","type":"page","link":"https:\/\/blog.lesgrossesorchadeslesamplesthalameges.fr\/index.php\/vu-du-droit-le-retour\/","title":{"rendered":"Vu du droit le retour"},"content":{"rendered":"<p>&nbsp;<\/p>\n<p>&nbsp;<\/p>\n<p>&nbsp;<\/p>\n<p>&nbsp;<\/p>\n<p>&nbsp;<\/p>\n<p><span style=\"font-family: times new roman, times, serif; font-size: 18pt; color: #c00000;\"><strong><em>Il y a vraiment beaucoup de gens qui ont des probl\u00e8mes avec leur blog ou site ces temps-ci. Pourquoi est-ce si souvent du m\u00eame c\u00f4t\u00e9\u00a0?&#8230;<\/em><\/strong><\/span><\/p>\n<p style=\"text-align: center;\"><span style=\"font-family: times new roman, times, serif; font-size: 14pt;\"><strong>\u00a0<\/strong><\/span><\/p>\n<p style=\"text-align: center;\"><span style=\"font-family: times new roman, times, serif; font-size: 36pt;\"><strong>Vu Du Droit, le retour<\/strong><\/span><\/p>\n<p>&nbsp;<\/p>\n<p style=\"text-align: center;\"><span style=\"font-family: times new roman, times, serif; font-size: 18pt;\"><strong>R\u00e9gis de Castelnau \u2013 11 mars 2019<\/strong><\/span><\/p>\n<p>&nbsp;<\/p>\n<p style=\"text-align: center;\"><img loading=\"lazy\" class=\"alignnone wp-image-3080\" src=\"http:\/\/blog.lesgrossesorchadeslesamplesthalameges.fr\/wp-content\/uploads\/2019\/03\/Vu-du-droit-GIF-300x204.gif\" alt=\"\" width=\"600\" height=\"408\" \/><\/p>\n<p style=\"text-align: justify;\"><span style=\"font-family: times new roman, times, serif; font-size: 14pt;\">Petits et gros soucis sur le blog Vu Du Droit o\u00f9 il m\u2019\u00e9tait impossible de publier. Ce qui m\u2019a plong\u00e9 dans de grandes souffrances et m\u2019a oblig\u00e9 \u00e0 me rabattre sur quelques statuts Facebook pour tenter d\u2019apaiser le sentiment de manque n\u00e9 de l\u2019impossibilit\u00e9 de satisfaire mon addiction.<\/span><\/p>\n<p style=\"text-align: justify;\"><span style=\"font-family: times new roman, times, serif; font-size: 14pt;\">Gr\u00e2ce \u00e0 un ami virtuose, j\u2019ai pu r\u00e9cup\u00e9rer mon outil m\u00eame si celui-ci est encore un peu convalescent. Je fais donc cette publication pour informer sur les raisons du silence et confirmer que nous allons recommencer \u00e0 publier.<\/span><\/p>\n<p style=\"text-align: justify;\"><span style=\"font-family: times new roman, times, serif; font-size: 14pt;\">Mon ami virtuose qui a remis les choses d\u2019\u00e9querre m\u2019a dit que mon site Word-press \u00e9tait plus corrompu que l\u2019actuelle direction de l\u2019\u00c9tat. C\u2019est dire. Probl\u00e8me technique ou action malveillante, on ne sait pas mais les pr\u00e9cautions (qui ne sont jamais suffisantes) ont \u00e9t\u00e9 prises.<\/span><\/p>\n<p style=\"text-align: justify;\"><span style=\"font-family: times new roman, times, serif; font-size: 14pt;\">Histoire de se distraire un peu, on trouvera ci-dessous un statut Facebook sur les incons\u00e9quences tr\u00e8s inqui\u00e9tantes du dr\u00f4le de gars qui nous sert de pr\u00e9sident. En attendant la suite.<\/span><\/p>\n<p>&nbsp;<\/p>\n<p>&nbsp;<\/p>\n<p style=\"text-align: center;\"><img loading=\"lazy\" class=\"alignnone wp-image-3128\" src=\"http:\/\/blog.lesgrossesorchadeslesamplesthalameges.fr\/wp-content\/uploads\/2019\/03\/Macron-VU-DU-DROIT-300x199.jpg\" alt=\"\" width=\"600\" height=\"398\" srcset=\"https:\/\/blog.lesgrossesorchadeslesamplesthalameges.fr\/wp-content\/uploads\/2019\/03\/Macron-VU-DU-DROIT-300x199.jpg 300w, https:\/\/blog.lesgrossesorchadeslesamplesthalameges.fr\/wp-content\/uploads\/2019\/03\/Macron-VU-DU-DROIT.jpg 640w\" sizes=\"(max-width: 600px) 100vw, 600px\" \/><\/p>\n<p>&nbsp;<\/p>\n<p>&nbsp;<\/p>\n<p style=\"text-align: justify;\"><strong><span style=\"font-family: times new roman, times, serif; font-size: 18pt;\">Rubrique : d\u00e9rives folles<\/span><\/strong><\/p>\n<p style=\"text-align: justify;\"><span style=\"font-family: times new roman, times, serif; font-size: 14pt;\">La phrase prononc\u00e9e par Emmanuel Macron est proprement hallucinante. Qu\u2019arrive-t-il donc \u00e0 ce personnage ?<\/span><\/p>\n<p style=\"text-align: justify;\"><span style=\"font-family: times new roman, times, serif; font-size: 14pt;\">Une \u00ab violence polici\u00e8re \u00bb, c\u2019est une violence commise par un policier dans l\u2019exercice de ses fonctions, en violation du code p\u00e9nal et des r\u00e8gles qui organisent sa profession et ses interventions. Vis-\u00e0-vis du code p\u00e9nal, les violences ne sont pas trait\u00e9es de la m\u00eame fa\u00e7on si elles sont commises par un particulier ou par un policier. C\u2019est le septi\u00e8me alin\u00e9a de l\u2019article 221\u20135 du code p\u00e9nal qui aggrave les condamnations des violences commises : \u00ab Par une personne d\u00e9positaire de l\u2019autorit\u00e9 publique ou charg\u00e9e d\u2019une mission de service public dans l\u2019exercice ou \u00e0 l\u2019occasion de l\u2019exercice de ses fonctions ou de sa mission \u00bb.<\/span><\/p>\n<p style=\"text-align: justify;\"><span style=\"font-family: times new roman, times, serif; font-size: 14pt;\">Lorsque l\u2019on voit sur des vid\u00e9os des violences incontestables et ill\u00e9gales, commises par des policiers en uniforme dans l\u2019exercice de leurs fonctions, il est inacceptable de parler de \u00ab violences polici\u00e8res \u00bb ?<\/span><\/p>\n<p style=\"text-align: justify;\"><span style=\"font-family: times new roman, times, serif; font-size: 14pt;\">Lorsque l\u2019IGPN, organe r\u00e9publicain de contr\u00f4le de la police, enqu\u00eate sur ce qu\u2019elle qualifie elle-m\u00eame de \u00ab violences polici\u00e8res \u00bb, c\u2019est inacceptable ?<\/span><\/p>\n<p style=\"text-align: justify;\"><span style=\"font-family: times new roman, times, serif; font-size: 14pt;\">Lorsque le parquet poursuit des policiers pour des violences commises en violation du code p\u00e9nal fran\u00e7ais, qui qualifie sp\u00e9cifiquement les \u00ab violences polici\u00e8res \u00bb, c\u2019est inacceptable ?<\/span><\/p>\n<p style=\"text-align: justify;\"><span style=\"font-family: times new roman, times, serif; font-size: 14pt;\">Lorsque des juges d\u2019instruction mettent en examen des policiers pour des violences commises en violation de l\u2019article 221\u20135 du code p\u00e9nal, c\u2019est inacceptable ?<\/span><\/p>\n<p style=\"text-align: justify;\"><span style=\"font-family: times new roman, times, serif; font-size: 14pt;\">Lorsqu\u2019un tribunal condamne des policiers en application de cet article, c\u2019est inacceptable ?<\/span><\/p>\n<p style=\"text-align: justify;\"><span style=\"font-family: times new roman, times, serif; font-size: 14pt;\">Lorsque la presse ou n\u2019importe quel citoyen utilisent la libert\u00e9 d\u2019expression garantie par la constitution et la d\u00e9claration des droits de l\u2019homme pour qualifier de violences polici\u00e8res les comportements violents et ill\u00e9gaux de policiers dans l\u2019exercice de leurs fonctions, c\u2019est inacceptable ?<\/span><\/p>\n<p style=\"text-align: justify;\"><span style=\"font-family: times new roman, times, serif; font-size: 14pt;\">Emmanuel Macron est manifestement parti dans une effarante d\u00e9rive autoritaire.<\/span><\/p>\n<p style=\"text-align: justify;\"><span style=\"font-family: times new roman, times, serif; font-size: 14pt;\">Tous ses actes et ses paroles montrent que les libert\u00e9s r\u00e9publicaines sont d\u00e9sormais gravement en danger dans notre pays.<\/span><\/p>\n<p style=\"text-align: justify;\"><span style=\"font-family: times new roman, times, serif; font-size: 14pt;\">O\u00f9 sont donc les belles \u00e2mes, les professeurs de maintien, les antifascistes estampill\u00e9s, les extr\u00eames centristes ? En rangs serr\u00e9s derri\u00e8re lui, avides de cette dictature qui les soulagera de leur peur.<\/span><\/p>\n<p style=\"text-align: justify;\"><span style=\"font-family: times new roman, times, serif; font-size: 14pt;\">Comme d\u2019habitude.<\/span><\/p>\n<p>&nbsp;<\/p>\n<p><span style=\"font-family: times new roman, times, serif; font-size: 14pt;\">Source\u00a0: <\/span><a href=\"http:\/\/www.vududroit.com\/2019\/03\/vu-du-droit-le-retour\/\"><span style=\"font-family: times new roman, times, serif; font-size: 14pt;\">http:\/\/www.vududroit.com\/2019\/03\/vu-du-droit-le-retour\/<\/span><\/a><\/p>\n<p>&nbsp;<\/p>\n<p style=\"text-align: right;\"><span style=\"font-family: comic sans ms, sans-serif; font-size: 14pt;\">16 mars 2019<\/span><\/p>\n<p>&nbsp;<\/p>\n<p>&nbsp;<\/p>\n","protected":false},"excerpt":{"rendered":"<p>&nbsp; &nbsp; &nbsp; &nbsp; &nbsp; Il y a vraiment beaucoup de gens qui ont des probl\u00e8mes avec leur blog ou site ces temps-ci. Pourquoi est-ce si souvent du m\u00eame c\u00f4t\u00e9\u00a0?&#8230; \u00a0 Vu Du Droit, le retour &nbsp; R\u00e9gis de Castelnau \u2013 11 mars 2019 &nbsp; Petits et gros soucis sur le blog Vu Du Droit&#8230;<\/p>\n","protected":false},"author":1,"featured_media":0,"parent":0,"menu_order":0,"comment_status":"closed","ping_status":"closed","template":"","meta":[],"_links":{"self":[{"href":"https:\/\/blog.lesgrossesorchadeslesamplesthalameges.fr\/index.php\/wp-json\/wp\/v2\/pages\/3101"}],"collection":[{"href":"https:\/\/blog.lesgrossesorchadeslesamplesthalameges.fr\/index.php\/wp-json\/wp\/v2\/pages"}],"about":[{"href":"https:\/\/blog.lesgrossesorchadeslesamplesthalameges.fr\/index.php\/wp-json\/wp\/v2\/types\/page"}],"author":[{"embeddable":true,"href":"https:\/\/blog.lesgrossesorchadeslesamplesthalameges.fr\/index.php\/wp-json\/wp\/v2\/users\/1"}],"replies":[{"embeddable":true,"href":"https:\/\/blog.lesgrossesorchadeslesamplesthalameges.fr\/index.php\/wp-json\/wp\/v2\/comments?post=3101"}],"version-history":[{"count":0,"href":"https:\/\/blog.lesgrossesorchadeslesamplesthalameges.fr\/index.php\/wp-json\/wp\/v2\/pages\/3101\/revisions"}],"wp:attachment":[{"href":"https:\/\/blog.lesgrossesorchadeslesamplesthalameges.fr\/index.php\/wp-json\/wp\/v2\/media?parent=3101"}],"curies":[{"name":"wp","href":"https:\/\/api.w.org\/{rel}","templated":true}]}}