{"id":3103,"date":"2019-03-16T23:59:23","date_gmt":"2019-03-16T22:59:23","guid":{"rendered":"http:\/\/blog.lesgrossesorchadeslesamplesthalameges.fr\/?page_id=3103"},"modified":"2019-03-17T01:14:17","modified_gmt":"2019-03-17T00:14:17","slug":"billet-dingratitude","status":"publish","type":"page","link":"https:\/\/blog.lesgrossesorchadeslesamplesthalameges.fr\/index.php\/billet-dingratitude\/","title":{"rendered":"Billet d&rsquo;ingratitude"},"content":{"rendered":"<p>&nbsp;<\/p>\n<p>&nbsp;<\/p>\n<p>&nbsp;<\/p>\n<p>&nbsp;<\/p>\n<p>&nbsp;<\/p>\n<p>&nbsp;<\/p>\n<p><img loading=\"lazy\" class=\"alignnone wp-image-3155\" src=\"http:\/\/blog.lesgrossesorchadeslesamplesthalameges.fr\/wp-content\/uploads\/2019\/03\/Cercle-nation-et-R\u00e9publique-GIF-1.gif\" alt=\"\" width=\"400\" height=\"173\" \/><\/p>\n<p>&nbsp;<\/p>\n<p>&nbsp;<\/p>\n<p style=\"text-align: center;\"><span style=\"font-family: arial, helvetica, sans-serif; font-size: 24pt;\"><strong>BILLET D&rsquo;INGRATITUDE : R\u00c9PONSE DE LA BERG\u00c8RE AU BERGER TROP NA\u00cfF !<\/strong><\/span><\/p>\n<p>&nbsp;<\/p>\n<p style=\"text-align: center;\"><span style=\"font-family: arial, helvetica, sans-serif; font-size: 14pt;\"><strong>de Jacques MYARD<\/strong><\/span><\/p>\n<p style=\"text-align: center;\"><span style=\"font-family: arial, helvetica, sans-serif; font-size: 14pt;\"><strong>Membre Honoraire du Parlement<\/strong><\/span><\/p>\n<p style=\"text-align: center;\"><span style=\"font-family: arial, helvetica, sans-serif; font-size: 14pt;\"><strong>Maire de Maisons-Laffitte<\/strong><\/span><\/p>\n<p style=\"text-align: center;\"><span style=\"font-family: arial, helvetica, sans-serif; font-size: 14pt;\"><strong>Pr\u00e9sident du Cercle Nation et R\u00e9publique<\/strong><\/span><\/p>\n<p>&nbsp;<\/p>\n<p style=\"text-align: right;\"><span style=\"font-family: arial, helvetica, sans-serif; font-size: 14pt;\">Le 14 MARS 2019<\/span><\/p>\n<p>&nbsp;<\/p>\n<p style=\"text-align: justify;\"><span style=\"font-family: arial, helvetica, sans-serif; font-size: 14pt;\"><strong>L&rsquo;encre du Trait\u00e9 d&rsquo;Aix-la-Chapelle est \u00e0 peine s\u00e8che que la gratitude de Berlin apparait dans le soleil resplendissant de l&rsquo;amiti\u00e9 franco-allemande sans limites ni aucune arri\u00e8re-pens\u00e9e&#8230; <\/strong><\/span><\/p>\n<p>&nbsp;<\/p>\n<p><span style=\"font-family: arial, helvetica, sans-serif; font-size: 14pt;\"><strong>Honni soit celui qui mal y pense l<\/strong><\/span><\/p>\n<p>&nbsp;<\/p>\n<p style=\"text-align: justify;\"><span style=\"font-family: arial, helvetica, sans-serif; font-size: 14pt;\"><strong>Petit rappel : dans le Trait\u00e9 d&rsquo;Aix-la-Chapelle, la France a souscrit &#8211; article 8-2 ) :<\/strong><\/span><\/p>\n<p>&nbsp;<\/p>\n<p style=\"padding-left: 90px; text-align: justify;\"><span style=\"font-family: arial, helvetica, sans-serif; font-size: 14pt;\"><strong>\u00a0\u00bb L&rsquo;admission de la RFA en tant que membre permanent du Conseil de s\u00e9curit\u00e9 des Nations unies est une priorit\u00e9 de la diplomatie franco-allemande. \u00a0\u00bb <\/strong><\/span><\/p>\n<p>&nbsp;<\/p>\n<p style=\"text-align: justify;\"><span style=\"font-family: arial, helvetica, sans-serif; font-size: 14pt;\"><strong>C&rsquo;\u00e9tait d\u00e9j\u00e0 beaucoup; beaucoup trop pour ceux qui savent ce que cela peut entra\u00eener dans l&rsquo;\u00e9quilibre onusien sans que cet objectif soit au pr\u00e9alable n\u00e9goci\u00e9 avec tous les \u00c9tats !<\/strong><\/span><\/p>\n<p style=\"text-align: justify;\"><span style=\"font-family: arial, helvetica, sans-serif; font-size: 14pt;\"><strong>\u00a0<\/strong><\/span><\/p>\n<p>&nbsp;<\/p>\n<p style=\"text-align: center;\"><span style=\"font-family: arial, helvetica, sans-serif; font-size: 14pt;\"><strong>\u00a0<img loading=\"lazy\" class=\"alignnone wp-image-3156\" src=\"http:\/\/blog.lesgrossesorchadeslesamplesthalameges.fr\/wp-content\/uploads\/2019\/03\/Annegrete-3-300x200.jpg\" alt=\"\" width=\"400\" height=\"267\" srcset=\"https:\/\/blog.lesgrossesorchadeslesamplesthalameges.fr\/wp-content\/uploads\/2019\/03\/Annegrete-3-300x200.jpg 300w, https:\/\/blog.lesgrossesorchadeslesamplesthalameges.fr\/wp-content\/uploads\/2019\/03\/Annegrete-3-768x512.jpg 768w, https:\/\/blog.lesgrossesorchadeslesamplesthalameges.fr\/wp-content\/uploads\/2019\/03\/Annegrete-3-1024x683.jpg 1024w\" sizes=\"(max-width: 400px) 100vw, 400px\" \/><\/strong><\/span><\/p>\n<p>&nbsp;<\/p>\n<p>&nbsp;<\/p>\n<p style=\"text-align: justify;\"><span style=\"font-family: arial, helvetica, sans-serif; font-size: 14pt;\"><strong>Mais cela a visiblement mis en app\u00e9tit de puissance la ch\u00e8re Annegret Kramp-Karrenbauer, AKK pour les intimes, et pr\u00e9sidente de la CDU allemande destin\u00e9e \u00e0 remplacer la Chanceli\u00e8re Angela Merkel.<\/strong><\/span><\/p>\n<p>&nbsp;<\/p>\n<p style=\"text-align: justify;\"><span style=\"font-family: arial, helvetica, sans-serif; font-size: 14pt;\"><strong>Cette ch\u00e8re AKK dans sa r\u00e9ponse &#8211; publi\u00e9e par Die Welt &#8211; \u00e0 E.Macron, nouvel \u00e9vang\u00e9liste europ\u00e9en qui vient d&rsquo;adresser \u00e0 ses ouailles une \u00e9p\u00eetre fameuse pour les convertir \u00e0 son credo de progressiste europ\u00e9en, cette ch\u00e8re Annegret franchit le Rubicon et exige que l&rsquo;Union europ\u00e9enne soit \u00e0 l&rsquo;avenir repr\u00e9sent\u00e9e par un si\u00e8ge permanent au Conseil de s\u00e9curit\u00e9 : <\/strong><\/span><\/p>\n<p>&nbsp;<\/p>\n<p style=\"text-align: justify; padding-left: 90px;\"><span style=\"font-family: arial, helvetica, sans-serif; font-size: 14pt;\"><strong>Vous, les Franzosen, tirez-vous de ce si\u00e8ge et laissez Germania, sous couvert d&rsquo;Union europ\u00e9enne, diriger les affaires du monde ; FERMEZ LE BAN !<\/strong><\/span><\/p>\n<p>&nbsp;<\/p>\n<p style=\"text-align: justify;\"><span style=\"font-family: arial, helvetica, sans-serif; font-size: 14pt;\"><strong>Et puis, assez d&rsquo;anachronisme, nous explique Annegret, certes, nous les Allemands, nous aimons beaucoup Strasbourg mais le Parlement europ\u00e9en n&rsquo;en a que faire et doit si\u00e9ger \u00e0 Bruxelles; faisons fi de l&rsquo;Histoire et des symboles des relations franco-allemande &#8230;<\/strong><\/span><\/p>\n<p style=\"text-align: justify;\"><span style=\"font-family: arial, helvetica, sans-serif; font-size: 14pt;\"><strong>D&rsquo;ailleurs, si vous aimez les symboles, construisons un porte-avions europ\u00e9en, nous propose AKK, ouvrons aussi notre march\u00e9 aux produits agricoles africains &#8211; sous-entendu : votre PAC co\u00fbte trop cher.<\/strong><\/span><\/p>\n<p style=\"text-align: justify;\"><span style=\"font-family: arial, helvetica, sans-serif; font-size: 14pt;\"><strong>Enfin, cher Emmanuel, ne r\u00eave pas avec ta souverainet\u00e9 europ\u00e9enne, et AKK d&rsquo;ass\u00e9ner : <\/strong><\/span><\/p>\n<p>&nbsp;<\/p>\n<p style=\"text-align: justify; padding-left: 90px;\"><span style=\"font-family: arial, helvetica, sans-serif; font-size: 14pt;\"><strong>\u00ab\u00a0 Le fonctionnement des institutions europ\u00e9ennes ne peut revendiquer aucune sup\u00e9riorit\u00e9 morale par rapport \u00e0 la coop\u00e9ration entre les gouvernements nationaux. Refonder l&rsquo;Europe ne se fera pas sans les Etats-nations.\u00a0\u00bb<\/strong><\/span><\/p>\n<p>&nbsp;<\/p>\n<p style=\"text-align: justify;\"><span style=\"font-family: arial, helvetica, sans-serif; font-size: 14pt;\"><strong>Et l\u00e0, AKK a parfaitement raison, mais il faut interpr\u00e9ter l&rsquo;assertion ; il faut lire : l&rsquo;Allemagne est redevenue puissante et n&rsquo;accepte plus la tutelle multilat\u00e9rale de Bruxelles !<\/strong><\/span><\/p>\n<p style=\"text-align: justify;\"><span style=\"font-family: arial, helvetica, sans-serif; font-size: 14pt;\"><strong>Enfin, nous voil\u00e0 rassur\u00e9s, \u00ab\u00a0la communautarisation des dettes, l&rsquo;europ\u00e9anisation des syst\u00e8mes de protection sociale et du salaire minimum\u00a0\u00bb, l&rsquo;Allemagne n&rsquo;en veut pas; personne n&rsquo;en doutait sauf E. Macron !<\/strong><\/span><\/p>\n<p style=\"text-align: justify;\"><span style=\"font-family: arial, helvetica, sans-serif; font-size: 14pt;\"><strong>Pour une r\u00e9plique \u00e0 E. Macron, c&rsquo;en est une ! C&rsquo;est une double gifle ! C&rsquo;est une le\u00e7on magistrale faite \u00e0 un amateur qui a oubli\u00e9 que les Etats n&rsquo;ont pas d&rsquo;amis car ils d\u00e9fendent justement leurs int\u00e9r\u00eats conform\u00e9ment au mandat re\u00e7u de leur peuple.<\/strong><\/span><\/p>\n<p style=\"text-align: justify;\"><span style=\"font-family: arial, helvetica, sans-serif; font-size: 14pt;\"><strong>\u00a0<\/strong><\/span><\/p>\n<p>&nbsp;<\/p>\n<p style=\"text-align: justify;\"><span style=\"font-family: arial, helvetica, sans-serif; font-size: 14pt;\"><strong>\u00a0<img loading=\"lazy\" class=\"alignnone wp-image-3157\" src=\"http:\/\/blog.lesgrossesorchadeslesamplesthalameges.fr\/wp-content\/uploads\/2019\/03\/Mekel-und-Karrenbauer-300x214.jpg\" alt=\"\" width=\"600\" height=\"428\" srcset=\"https:\/\/blog.lesgrossesorchadeslesamplesthalameges.fr\/wp-content\/uploads\/2019\/03\/Mekel-und-Karrenbauer-300x214.jpg 300w, https:\/\/blog.lesgrossesorchadeslesamplesthalameges.fr\/wp-content\/uploads\/2019\/03\/Mekel-und-Karrenbauer.jpg 600w\" sizes=\"(max-width: 600px) 100vw, 600px\" \/><\/strong><\/span><\/p>\n<p style=\"text-align: justify;\"><span style=\"font-family: arial, helvetica, sans-serif; font-size: 14pt;\"><strong>\u00a0<\/strong><\/span><\/p>\n<p style=\"text-align: justify;\"><span style=\"font-family: arial, helvetica, sans-serif; font-size: 14pt;\"><strong> E. Macron qui n&rsquo;a plus rien de jupit\u00e9rien mais est un roi nu, devrait maintenant m\u00e9diter cette maxime de Charles Pinot Duclos dans <em>Les consid\u00e9rations sur les moeurs de ce si\u00e8cle<\/em> ( 1751 ) :<\/strong><\/span><\/p>\n<p style=\"text-align: justify;\"><span style=\"font-family: arial, helvetica, sans-serif; font-size: 14pt;\"><strong>\u00ab\u00a0L&rsquo;ingratitude demande sans peine, re\u00e7oit sans pudeur, et oublie sans remords.\u00a0\u00bb<\/strong><\/span><\/p>\n<p style=\"text-align: justify;\"><span style=\"font-family: arial, helvetica, sans-serif; font-size: 14pt;\"><strong>AKK a d\u00fb en faire sa devise, on est pr\u00e9venus !<\/strong><\/span><\/p>\n<p><span style=\"font-family: arial, helvetica, sans-serif; font-size: 14pt;\"><strong>\u00a0<\/strong><\/span><\/p>\n<p><span style=\"font-family: arial, helvetica, sans-serif; font-size: 14pt;\"><strong>\u00a0<\/strong><\/span><\/p>\n<p style=\"text-align: center;\"><strong>\u00a0<img loading=\"lazy\" class=\"alignnone wp-image-3139\" src=\"http:\/\/blog.lesgrossesorchadeslesamplesthalameges.fr\/wp-content\/uploads\/2019\/03\/Alg\u00e9rie-Carte-GIF-1.gif\" alt=\"\" width=\"60\" height=\"59\" \/><\/strong><\/p>\n<p><strong>\u00a0<\/strong><\/p>\n<p><strong>\u00a0<\/strong><\/p>\n<p style=\"text-align: right;\"><span style=\"font-family: comic sans ms, sans-serif; font-size: 14pt;\">16 mars 2019<\/span><\/p>\n<p><strong>\u00a0<\/strong><\/p>\n<p>&nbsp;<\/p>\n","protected":false},"excerpt":{"rendered":"<p>&nbsp; &nbsp; &nbsp; &nbsp; &nbsp; &nbsp; &nbsp; &nbsp; BILLET D&rsquo;INGRATITUDE : R\u00c9PONSE DE LA BERG\u00c8RE AU BERGER TROP NA\u00cfF ! &nbsp; de Jacques MYARD Membre Honoraire du Parlement Maire de Maisons-Laffitte Pr\u00e9sident du Cercle Nation et R\u00e9publique &nbsp; Le 14 MARS 2019 &nbsp; L&rsquo;encre du Trait\u00e9 d&rsquo;Aix-la-Chapelle est \u00e0 peine s\u00e8che que la gratitude de&#8230;<\/p>\n","protected":false},"author":1,"featured_media":0,"parent":0,"menu_order":0,"comment_status":"open","ping_status":"open","template":"","meta":[],"_links":{"self":[{"href":"https:\/\/blog.lesgrossesorchadeslesamplesthalameges.fr\/index.php\/wp-json\/wp\/v2\/pages\/3103"}],"collection":[{"href":"https:\/\/blog.lesgrossesorchadeslesamplesthalameges.fr\/index.php\/wp-json\/wp\/v2\/pages"}],"about":[{"href":"https:\/\/blog.lesgrossesorchadeslesamplesthalameges.fr\/index.php\/wp-json\/wp\/v2\/types\/page"}],"author":[{"embeddable":true,"href":"https:\/\/blog.lesgrossesorchadeslesamplesthalameges.fr\/index.php\/wp-json\/wp\/v2\/users\/1"}],"replies":[{"embeddable":true,"href":"https:\/\/blog.lesgrossesorchadeslesamplesthalameges.fr\/index.php\/wp-json\/wp\/v2\/comments?post=3103"}],"version-history":[{"count":0,"href":"https:\/\/blog.lesgrossesorchadeslesamplesthalameges.fr\/index.php\/wp-json\/wp\/v2\/pages\/3103\/revisions"}],"wp:attachment":[{"href":"https:\/\/blog.lesgrossesorchadeslesamplesthalameges.fr\/index.php\/wp-json\/wp\/v2\/media?parent=3103"}],"curies":[{"name":"wp","href":"https:\/\/api.w.org\/{rel}","templated":true}]}}