{"id":3105,"date":"2019-03-17T00:00:03","date_gmt":"2019-03-16T23:00:03","guid":{"rendered":"http:\/\/blog.lesgrossesorchadeslesamplesthalameges.fr\/?page_id=3105"},"modified":"2019-03-17T00:36:15","modified_gmt":"2019-03-16T23:36:15","slug":"la-chine-explose-tpous-les-records","status":"publish","type":"page","link":"https:\/\/blog.lesgrossesorchadeslesamplesthalameges.fr\/index.php\/la-chine-explose-tpous-les-records\/","title":{"rendered":"La Chine explose tous les records"},"content":{"rendered":"<p>&nbsp;<\/p>\n<p>&nbsp;<\/p>\n<p>&nbsp;<\/p>\n<p>&nbsp;<\/p>\n<p>&nbsp;<\/p>\n<p style=\"text-align: center;\"><span style=\"font-size: 36pt; font-family: times new roman, times, serif;\"><strong>La Chine explose tous les records avec 32 tonnes d\u2019or achet\u00e9es ces 3 derniers mois.<\/strong><\/span><\/p>\n<p>&nbsp;<\/p>\n<p style=\"text-align: center;\"><span style=\"font-family: times new roman, times, serif; font-size: 18pt;\"><strong>Charles Sannat \u2013 <em>Insolentiae<\/em> \u2013 15 mars 2019<\/strong><\/span><\/p>\n<p>&nbsp;<\/p>\n<p>&nbsp;<\/p>\n<p style=\"text-align: center;\"><img loading=\"lazy\" class=\"alignnone wp-image-3089\" src=\"http:\/\/blog.lesgrossesorchadeslesamplesthalameges.fr\/wp-content\/uploads\/2019\/03\/Chine-Rissie-Lingots-300x187.jpg\" alt=\"\" width=\"600\" height=\"375\" srcset=\"https:\/\/blog.lesgrossesorchadeslesamplesthalameges.fr\/wp-content\/uploads\/2019\/03\/Chine-Rissie-Lingots-300x187.jpg 300w, https:\/\/blog.lesgrossesorchadeslesamplesthalameges.fr\/wp-content\/uploads\/2019\/03\/Chine-Rissie-Lingots.jpg 426w\" sizes=\"(max-width: 600px) 100vw, 600px\" \/><\/p>\n<p>&nbsp;<\/p>\n<p>&nbsp;<\/p>\n<p style=\"text-align: justify;\"><span style=\"font-family: times new roman, times, serif; font-size: 14pt;\">C\u2019est la premi\u00e8re fois depuis deux ans que la Chine annonce officiellement augmenter ses r\u00e9serves d\u2019or, tandis que, au m\u00eame moment, la Russie, elle vient de confirmer la diminution de ses achats\u2026<\/span><\/p>\n<p style=\"text-align: justify;\"><span style=\"font-family: times new roman, times, serif; font-size: 14pt;\">Tout cela ne doit rien au hasard, et il n\u2019y a aucun hasard sur le march\u00e9 de l\u2019or. Chine et Russie agissent ensemble afin de ne pas trop peser sur les cours de l\u2019or et le faire monter en achetant simultan\u00e9ment des sommes consid\u00e9rables ce qui aurait pour cons\u00e9quences de faire augmenter tr\u00e8s fortement les cours du m\u00e9tal jaune.<\/span><\/p>\n<p style=\"text-align: justify;\"><span style=\"font-family: times new roman, times, serif; font-size: 14pt;\">Dans un tel cas, cela co\u00fbterait \u00e9videmment plus cher\u2026 \u00e0 la Chine et \u00e0 la Russie, qui prennent grand soin de ne pas se tirer une balle dans le pied.<\/span><\/p>\n<p style=\"text-align: justify;\"><span style=\"font-family: times new roman, times, serif; font-size: 14pt;\">Non seulement ces deux pays ach\u00e8tent de l\u2019or, mais en plus ils font en sorte de l\u2019acheter assez peu cher.<\/span><\/p>\n<p style=\"text-align: justify;\"><span style=\"font-family: times new roman, times, serif; font-size: 14pt;\">Et vous?<\/span><\/p>\n<p style=\"text-align: justify;\"><span style=\"font-family: times new roman, times, serif; font-size: 14pt;\">Charles SANNAT<\/span><\/p>\n<p>&nbsp;<\/p>\n<p style=\"text-align: justify;\"><span style=\"font-family: times new roman, times, serif; font-size: 18pt;\"><strong>Un pied de nez au dollar? La Chine s\u2019active sur le march\u00e9 de l\u2019or<\/strong>.\u00a0<\/span><\/p>\n<p style=\"text-align: justify;\"><span style=\"font-family: times new roman, times, serif; font-size: 14pt;\">En trois mois, la Banque de Chine a achet\u00e9 32 tonnes d\u2019or et si elle maintient ce rythme elle pourra devancer la Russie et le Kazakhstan, les deux pays qui ont acquis le plus d\u2019or en 2018, selon <em>The Financial Times<\/em>.<\/span><\/p>\n<p style=\"text-align: justify;\"><span style=\"font-family: times new roman, times, serif; font-size: 14pt;\">En f\u00e9vrier, la Chine a augment\u00e9 ses r\u00e9serves d\u2019or de 10 tonnes, en janvier de 11,8 tonnes et en d\u00e9cembre, de 9,95 tonnes. Cela lui a permis de porter ses r\u00e9serves \u00e0 1.874 tonnes d\u2019or.<\/span><\/p>\n<p style=\"text-align: justify;\"><span style=\"font-family: times new roman, times, serif; font-size: 14pt;\">La Russie, au contraire, a diminu\u00e9 ses achats en janvier \u00e0 6,2, la plus faible quantit\u00e9 depuis d\u00e9cembre 2006.<\/span><\/p>\n<p style=\"text-align: justify;\"><span style=\"font-family: times new roman, times, serif; font-size: 14pt;\">Le Kazakhstan, lui aussi, n\u2019a achet\u00e9 en janvier que 2,8 tonnes du m\u00e9tal jaune, ce qui est inf\u00e9rieur \u00e0 ses acquisitions mensuelles moyennes de l\u2019ann\u00e9e derni\u00e8re estim\u00e9es \u00e0 4 tonnes.<\/span><\/p>\n<p style=\"text-align: justify;\"><span style=\"font-family: times new roman, times, serif; font-size: 14pt;\">Rappelons qu\u2019en 2018, les banques centrales du monde entier ont achet\u00e9 651,5 tonnes d\u2019or, une quantit\u00e9 record depuis pr\u00e8s de 50 ans.<\/span><\/p>\n<p>&nbsp;<\/p>\n<p>&nbsp;<\/p>\n<p style=\"text-align: center;\"><img loading=\"lazy\" class=\"alignnone wp-image-3133\" src=\"http:\/\/blog.lesgrossesorchadeslesamplesthalameges.fr\/wp-content\/uploads\/2019\/03\/oeufs-de-p\u00e2ques-en-or.jpg\" alt=\"\" width=\"600\" height=\"352\" \/><\/p>\n<p>&nbsp;<\/p>\n<p>&nbsp;<\/p>\n<p style=\"text-align: justify;\"><span style=\"font-family: times new roman, times, serif; font-size: 14pt;\">Source\u00a0: <a href=\"https:\/\/insolentiae.com\/la-chine-explose-tous-les-records-avec-32-tonnes-dor-achetees-ces-3-derniers-mois\/\">https:\/\/insolentiae.com\/la-chine-explose-tous-les-records-avec-32-tonnes-dor-achetees-ces-3-derniers-mois\/<\/a><\/span><\/p>\n<p style=\"text-align: justify;\"><span style=\"font-size: 14pt;\"><span style=\"font-family: times new roman, times, serif;\">Source d\u2019origine\u00a0: <\/span><a href=\"https:\/\/fr.sputniknews.com\/economie\/201903131040341372-chine-achat-or-record\/\"><span style=\"font-family: times new roman, times, serif;\">Sputnik.com<\/span><\/a><\/span><\/p>\n<p style=\"text-align: right;\"><span style=\"font-family: comic sans ms, sans-serif; font-size: 14pt;\">16 mars 2019<\/span><\/p>\n<p>&nbsp;<\/p>\n<p>&nbsp;<\/p>\n","protected":false},"excerpt":{"rendered":"<p>&nbsp; &nbsp; &nbsp; &nbsp; &nbsp; La Chine explose tous les records avec 32 tonnes d\u2019or achet\u00e9es ces 3 derniers mois. &nbsp; Charles Sannat \u2013 Insolentiae \u2013 15 mars 2019 &nbsp; &nbsp; &nbsp; &nbsp; C\u2019est la premi\u00e8re fois depuis deux ans que la Chine annonce officiellement augmenter ses r\u00e9serves d\u2019or, tandis que, au m\u00eame moment, la&#8230;<\/p>\n","protected":false},"author":1,"featured_media":0,"parent":0,"menu_order":0,"comment_status":"open","ping_status":"open","template":"","meta":[],"_links":{"self":[{"href":"https:\/\/blog.lesgrossesorchadeslesamplesthalameges.fr\/index.php\/wp-json\/wp\/v2\/pages\/3105"}],"collection":[{"href":"https:\/\/blog.lesgrossesorchadeslesamplesthalameges.fr\/index.php\/wp-json\/wp\/v2\/pages"}],"about":[{"href":"https:\/\/blog.lesgrossesorchadeslesamplesthalameges.fr\/index.php\/wp-json\/wp\/v2\/types\/page"}],"author":[{"embeddable":true,"href":"https:\/\/blog.lesgrossesorchadeslesamplesthalameges.fr\/index.php\/wp-json\/wp\/v2\/users\/1"}],"replies":[{"embeddable":true,"href":"https:\/\/blog.lesgrossesorchadeslesamplesthalameges.fr\/index.php\/wp-json\/wp\/v2\/comments?post=3105"}],"version-history":[{"count":0,"href":"https:\/\/blog.lesgrossesorchadeslesamplesthalameges.fr\/index.php\/wp-json\/wp\/v2\/pages\/3105\/revisions"}],"wp:attachment":[{"href":"https:\/\/blog.lesgrossesorchadeslesamplesthalameges.fr\/index.php\/wp-json\/wp\/v2\/media?parent=3105"}],"curies":[{"name":"wp","href":"https:\/\/api.w.org\/{rel}","templated":true}]}}