{"id":3107,"date":"2019-03-17T00:00:27","date_gmt":"2019-03-16T23:00:27","guid":{"rendered":"http:\/\/blog.lesgrossesorchadeslesamplesthalameges.fr\/?page_id=3107"},"modified":"2019-03-17T00:54:19","modified_gmt":"2019-03-16T23:54:19","slug":"le-nom-propre-de-la-blessure","status":"publish","type":"page","link":"https:\/\/blog.lesgrossesorchadeslesamplesthalameges.fr\/index.php\/le-nom-propre-de-la-blessure\/","title":{"rendered":"Le nom propre de la blessure"},"content":{"rendered":"<p>&nbsp;<\/p>\n<p>&nbsp;<\/p>\n<p>&nbsp;<\/p>\n<p>&nbsp;<\/p>\n<p>&nbsp;<\/p>\n<p style=\"text-align: center;\"><img loading=\"lazy\" class=\"alignnone wp-image-3142\" src=\"http:\/\/blog.lesgrossesorchadeslesamplesthalameges.fr\/wp-content\/uploads\/2019\/03\/Livres-blanc-s-noir-GIF-300x104.gif\" alt=\"\" width=\"300\" height=\"104\" \/><\/p>\n<p>&nbsp;<\/p>\n<p style=\"text-align: center;\"><span style=\"font-family: times new roman, times, serif; font-size: 36pt;\"><strong>Le Nom Propre de la Blessure\u00a0:\u00a0<\/strong><\/span><\/p>\n<p style=\"text-align: center;\"><span style=\"font-family: times new roman, times, serif; font-size: 36pt; color: #c00000;\"><strong>Abdelk\u00e9bir Khatibi<\/strong><\/span><\/p>\n<p style=\"text-align: center;\"><span style=\"font-family: times new roman, times, serif; font-size: 14pt;\"><strong>\u00a0<\/strong><\/span><\/p>\n<p style=\"text-align: center;\"><span style=\"font-family: times new roman, times, serif; font-size: 18pt;\"><strong>Anatole Atlas, le 16 mars 2019<\/strong><\/span><\/p>\n<p>&nbsp;<\/p>\n<p>&nbsp;<\/p>\n<p style=\"text-align: center;\"><img loading=\"lazy\" class=\"alignnone wp-image-3090\" src=\"http:\/\/blog.lesgrossesorchadeslesamplesthalameges.fr\/wp-content\/uploads\/2019\/03\/khatibi.jpg\" alt=\"\" width=\"500\" height=\"323\" \/><\/p>\n<p>&nbsp;<\/p>\n<p>&nbsp;<\/p>\n<p style=\"text-align: justify; padding-left: 90px;\"><span style=\"font-family: times new roman, times, serif; font-size: 14pt;\"><strong>\u00ab\u00a0<em>Il y a entre le ciel et la terre des signes pour ceux qui savent.<\/em>\u00a0\u00bb<\/strong><\/span><\/p>\n<p>&nbsp;<\/p>\n<p style=\"text-align: justify;\"><span style=\"font-family: times new roman, times, serif; font-size: 14pt;\">Cette r\u00e9v\u00e9lation proph\u00e9tique tr\u00e8s mohammadienne conclut une lettre d\u2019<a href=\"https:\/\/fr.wikipedia.org\/wiki\/Abdelk%C3%A9bir_Khatibi\">Abdelk\u00e9bir Khatibi<\/a> \u00e0 Roland Barthes\u00a0 &#8211;\u00a0 relative aux avantages du beurre rance pour le couscous\u00a0 &#8211;\u00a0 publi\u00e9e dans <a href=\"http:\/\/www.seuil.com\/ouvrage\/sade-fourier-loyola-roland-barthes\/9782020055116\"><em>Sade, Fourier, Loyola<\/em><\/a>.<\/span><\/p>\n<p>&nbsp;<\/p>\n<p style=\"text-align: justify; padding-left: 90px;\"><span style=\"font-family: times new roman, times, serif; font-size: 14pt;\"><strong>\u00ab\u00a0<em>Nous avons cherch\u00e9 le lieu errant de notre parole\u2026<\/em>\u00a0\u00bb<\/strong><\/span><\/p>\n<p>&nbsp;<\/p>\n<p style=\"text-align: justify;\"><span style=\"font-family: times new roman, times, serif; font-size: 14pt;\">Cette intuition po\u00e9tique tr\u00e8s rimbaldienne ouvre une lettre d\u2019Abdelk\u00e9bir Khatibi \u00e0 Tahar Ben Jelloun, publi\u00e9e par celui-ci dans <em>La M\u00e9moire future<\/em>.<\/span><\/p>\n<p>&nbsp;<\/p>\n<p style=\"text-align: justify; padding-left: 90px;\"><span style=\"font-family: times new roman, times, serif; font-size: 14pt;\"><strong>\u00ab\u00a0<em>Tout m\u2019encourageait \u00e0 rester illisible\u00a0: un \u00e9tranger clandestin qui navigue dans la nuit entre deux langues. Illisible celui ou celle qui brouille le principe d\u2019identit\u00e9 de la nation. Or, j\u2019\u00e9tais colonis\u00e9 par cette nation (\u2026) Tout l\u2019\u00e9difice monumental, constituant la forteresse du legs patrimonial qui enferme la langue dans ses institutions et ses enseignements, est chaque fois \u00e0 mettre en crise dans toute pens\u00e9e, toute \u0153uvre, toute invention, qui en bouleverse les donn\u00e9es. Alors l\u2019invention de la langue prend toute sa force de transformation, de mise en forme de la dissidence.\u00a0<\/em>\u00bb<\/strong><\/span><\/p>\n<p>&nbsp;<\/p>\n<p style=\"text-align: justify;\"><span style=\"font-family: times new roman, times, serif; font-size: 14pt;\">Cette r\u00e9flexion philosophique tr\u00e8s khatibienne d\u2019Abdelk\u00e9bir Khatibi r\u00e9pond, dans une <em>Lettre ouverte \u00e0 Jacques Derrida<\/em>, \u00e0 la r\u00e9f\u00e9rence \u00e9logieuse faite par celui-ci \u00e0 celui-l\u00e0 dans <em>Le Monolinguisme de l\u2019autre<\/em>.<\/span><\/p>\n<p style=\"text-align: justify;\"><span style=\"font-family: times new roman, times, serif; font-size: 14pt;\">Ces trois occurrences figurent dans <a href=\"http:\/\/www.flsh-agadir.ac.ma\/?parutions_recents=abdelkebir-khatibi-lesprit-de-la-lettre\"><em>L\u2019esprit de la lettre<\/em><\/a>, brillant essai du po\u00e8te Hassan Wahbi, qui fut l\u2019ami de Khatibi \u2013 livre \u00e0 la hauteur de l\u2019un des plus inspir\u00e9s joailliers m\u00e9connus de la langue fran\u00e7aise, mort voici juste dix ans. Combien de temps faudra-t-il donc encore aux humains pour qu\u2019ils s\u2019avisent de l\u2019urgence d\u2019un r\u00e9gime alimentaire indispensable \u00e0 leur sant\u00e9 psychique\u00a0: le diamant\u00a0?<\/span><\/p>\n<p style=\"text-align: justify;\"><span style=\"font-family: times new roman, times, serif; font-size: 14pt;\">Cette nourriture de l\u2019esprit banale en Atlantide, sur une ligne reliant le Maroc \u00e0 la Martinique, deux Atlantes en firent l\u2019ordinaire de la marmite o\u00f9 bouillait leur \u00e9criture\u00a0: l\u2019auteur du <a href=\"http:\/\/www.edouardglissant.fr\/toutmonde.html\"><em>Tout-Monde<\/em><\/a> Edouard Glissant et celui de <a href=\"https:\/\/www.persee.fr\/doc\/colan_0336-1500_1974_num_24_1_4167\"><em>La Blessure du Nom Propre<\/em><\/a>, Abdelk\u00e9bir Khatibi.<\/span><\/p>\n<p style=\"text-align: justify;\"><span style=\"font-family: times new roman, times, serif; font-size: 14pt;\">Mais qui conna\u00eet Khatibi ? S&rsquo;il fallait tenter une analogie sommaire avec un autre guerrier berb\u00e8re (de qualit\u00e9 sinon de c\u00e9l\u00e9brit\u00e9 comparable), je citerais le nom du footballeur Zidane. Cr\u00e9er des illuminations qui \u00e9lucident la pyramide sociale de la base au sommet, r\u00e9v\u00e9lant le caract\u00e8re frauduleux de ce qui lui tient lieu d&rsquo;axe central, est le plus inexpiable des crimes : valant condamnation aux t\u00e9n\u00e8bres.\u00a0<\/span><\/p>\n<p style=\"text-align: justify;\"><span style=\"font-family: times new roman, times, serif; font-size: 14pt;\">Le chantre de l\u2019Aimance (forme de courtoisie sup\u00e9rieure) qui se voulait <em>exote<\/em>, <em>\u00e9tranger professionnel<\/em>, <em>autre de l\u2019autre<\/em>, <em>voyageur en exil perp\u00e9tuel<\/em>, <em>juif du Juif<\/em>, explora des territoires o\u00f9 s&rsquo;ouvre un troisi\u00e8me terme entre l\u2019Un et l\u2019Autre. Il fit de cette qu\u00eate le th\u00e8me d\u2019un \u00e9change \u00e9pistolaire avec Jacques Hassoun (<em>Le m\u00eame livre<\/em>), qui demeure l\u2019une des exp\u00e9riences intellectuelles et litt\u00e9raires les plus abouties d\u2019authentique dialogue jud\u00e9o-arabe. C\u2019\u00e9tait avant que les commandos de la <em>Propaganda Staffel<\/em> sioniste n\u2019investissent tous les miradors m\u00e9diatiques. Impossible, aujourd\u2019hui, de se procurer <em>Vomito Blanco <\/em>ou <em>Paradoxes du sionisme<\/em>, sommets d\u2019analyse ind\u00e9pass\u00e9s concernant la colonisation raciste en Palestine !&#8230;<\/span><\/p>\n<p style=\"text-align: justify;\"><span style=\"font-family: times new roman, times, serif; font-size: 14pt;\">J\u2019ai la conviction que ce drame historique, nimb\u00e9 d\u2019alibis transhistoriques, fut \u00e0 l\u2019origine de la maladie qui devait l&#8217;emporter \u00e0 71 ans, le 16 mars 2009. Pour paraphraser Mallarm\u00e9 \u00e0 propos de Rimbaud, Khatibi reste\u00a0<em>un migrant consid\u00e9rable<\/em><strong>.\u00a0<\/strong><\/span><\/p>\n<p>&nbsp;<\/p>\n<p style=\"text-align: justify;\"><span style=\"font-family: times new roman, times, serif; font-size: 14pt;\"><strong>On peut retrouver Anatole Atlas sur\u00a0:<\/strong><\/span><\/p>\n<p style=\"text-align: justify;\"><span style=\"font-family: times new roman, times, serif; font-size: 14pt;\"><a href=\"http:\/\/www.spherisme.be\">www.spherisme.be<\/a><\/span><\/p>\n<p>&nbsp;<\/p>\n<p>&nbsp;<\/p>\n<p style=\"text-align: center;\"><img loading=\"lazy\" class=\"alignnone size-full wp-image-3141\" src=\"http:\/\/blog.lesgrossesorchadeslesamplesthalameges.fr\/wp-content\/uploads\/2019\/03\/17.-stack-of-books-x.gif\" alt=\"\" width=\"80\" height=\"66\" \/><\/p>\n<p>&nbsp;<\/p>\n<p>&nbsp;<\/p>\n<p style=\"text-align: justify;\"><span style=\"font-family: times new roman, times, serif; font-size: 18pt;\"><strong>Le livre introuvable d\u2019Abdelk\u00e9bir Khatibi\u00a0:<\/strong><\/span><\/p>\n<p>&nbsp;<\/p>\n<p style=\"text-align: justify;\"><span style=\"font-family: times new roman, times, serif; font-size: 14pt;\"><strong>\u00a0<img loading=\"lazy\" class=\"alignnone wp-image-3092\" src=\"http:\/\/blog.lesgrossesorchadeslesamplesthalameges.fr\/wp-content\/uploads\/2019\/03\/AK-Vomito-Blanco-176x300.jpg\" alt=\"\" width=\"200\" height=\"342\" srcset=\"https:\/\/blog.lesgrossesorchadeslesamplesthalameges.fr\/wp-content\/uploads\/2019\/03\/AK-Vomito-Blanco-176x300.jpg 176w, https:\/\/blog.lesgrossesorchadeslesamplesthalameges.fr\/wp-content\/uploads\/2019\/03\/AK-Vomito-Blanco.jpg 292w\" sizes=\"(max-width: 200px) 100vw, 200px\" \/><\/strong><\/span><\/p>\n<p style=\"text-align: justify;\"><span style=\"font-family: times new roman, times, serif; font-size: 14pt;\">Abdelk\u00e9bir KHATIBI<\/span><\/p>\n<h1 style=\"text-align: justify;\"><strong><span style=\"font-family: times new roman, times, serif; font-size: 14pt;\"><em><span style=\"font-size: 18pt;\">Vomito blanco : Le sionisme et la conscience malheureuse<\/span> <\/em><\/span><\/strong><\/h1>\n<h1 style=\"text-align: justify;\"><span style=\"font-family: times new roman, times, serif; font-size: 14pt;\">Union G\u00e9n\u00e9rale d\u2019\u00c9ditions (10-18) \u00a0\u2013 1974<\/span><\/h1>\n<h1 style=\"text-align: justify;\"><span style=\"font-family: times new roman, times, serif; font-size: 14pt;\">177 pages<\/span><\/h1>\n<p>&nbsp;<\/p>\n<p style=\"text-align: center;\"><span style=\"font-family: times new roman, times, serif; font-size: 14pt;\"><strong>\u00a0<img loading=\"lazy\" class=\"alignnone size-full wp-image-3141\" src=\"http:\/\/blog.lesgrossesorchadeslesamplesthalameges.fr\/wp-content\/uploads\/2019\/03\/17.-stack-of-books-x.gif\" alt=\"\" width=\"80\" height=\"66\" \/><\/strong><\/span><\/p>\n<p>&nbsp;<\/p>\n<p style=\"text-align: justify;\"><span style=\"font-family: times new roman, times, serif; font-size: 14pt;\"><strong>\u00a0<\/strong><\/span><\/p>\n<p style=\"text-align: center;\"><span style=\"font-family: times new roman, times, serif; font-size: 18pt;\"><strong>Voir ici la liste compl\u00e8te de ses \u0153uvres\u00a0:<\/strong><\/span><\/p>\n<p style=\"text-align: center;\"><img loading=\"lazy\" class=\"alignnone size-full wp-image-3140\" src=\"http:\/\/blog.lesgrossesorchadeslesamplesthalameges.fr\/wp-content\/uploads\/2019\/03\/0.-freccia-nera-piccola-xx-3.gif\" alt=\"\" width=\"46\" height=\"46\" \/><\/p>\n<p style=\"text-align: center;\"><span style=\"font-family: times new roman, times, serif; font-size: 18pt;\"><a href=\"https:\/\/fr.wikipedia.org\/wiki\/Abdelk%C3%A9bir_Khatibi\"><strong>https:\/\/fr.wikipedia.org\/wiki\/Abdelk%C3%A9bir_Khatibi<\/strong><\/a><\/span><\/p>\n<p>&nbsp;<\/p>\n<p>&nbsp;<\/p>\n<p>&nbsp;<\/p>\n<p style=\"text-align: center;\"><strong><img loading=\"lazy\" class=\"alignnone size-full wp-image-3141\" src=\"http:\/\/blog.lesgrossesorchadeslesamplesthalameges.fr\/wp-content\/uploads\/2019\/03\/17.-stack-of-books-x.gif\" alt=\"\" width=\"80\" height=\"66\" \/><\/strong><\/p>\n<p>&nbsp;<\/p>\n<p>&nbsp;<\/p>\n<p>&nbsp;<\/p>\n<p>&nbsp;<\/p>\n<p>&nbsp;<\/p>\n<p>16 mars 2019.<\/p>\n","protected":false},"excerpt":{"rendered":"<p>&nbsp; &nbsp; &nbsp; &nbsp; &nbsp; &nbsp; Le Nom Propre de la Blessure\u00a0:\u00a0 Abdelk\u00e9bir Khatibi \u00a0 Anatole Atlas, le 16 mars 2019 &nbsp; &nbsp; &nbsp; &nbsp; \u00ab\u00a0Il y a entre le ciel et la terre des signes pour ceux qui savent.\u00a0\u00bb &nbsp; Cette r\u00e9v\u00e9lation proph\u00e9tique tr\u00e8s mohammadienne conclut une lettre d\u2019Abdelk\u00e9bir Khatibi \u00e0 Roland Barthes\u00a0 &#8211;\u00a0&#8230;<\/p>\n","protected":false},"author":1,"featured_media":0,"parent":0,"menu_order":0,"comment_status":"open","ping_status":"open","template":"","meta":[],"_links":{"self":[{"href":"https:\/\/blog.lesgrossesorchadeslesamplesthalameges.fr\/index.php\/wp-json\/wp\/v2\/pages\/3107"}],"collection":[{"href":"https:\/\/blog.lesgrossesorchadeslesamplesthalameges.fr\/index.php\/wp-json\/wp\/v2\/pages"}],"about":[{"href":"https:\/\/blog.lesgrossesorchadeslesamplesthalameges.fr\/index.php\/wp-json\/wp\/v2\/types\/page"}],"author":[{"embeddable":true,"href":"https:\/\/blog.lesgrossesorchadeslesamplesthalameges.fr\/index.php\/wp-json\/wp\/v2\/users\/1"}],"replies":[{"embeddable":true,"href":"https:\/\/blog.lesgrossesorchadeslesamplesthalameges.fr\/index.php\/wp-json\/wp\/v2\/comments?post=3107"}],"version-history":[{"count":0,"href":"https:\/\/blog.lesgrossesorchadeslesamplesthalameges.fr\/index.php\/wp-json\/wp\/v2\/pages\/3107\/revisions"}],"wp:attachment":[{"href":"https:\/\/blog.lesgrossesorchadeslesamplesthalameges.fr\/index.php\/wp-json\/wp\/v2\/media?parent=3107"}],"curies":[{"name":"wp","href":"https:\/\/api.w.org\/{rel}","templated":true}]}}