{"id":3248,"date":"2019-03-20T21:57:41","date_gmt":"2019-03-20T20:57:41","guid":{"rendered":"http:\/\/blog.lesgrossesorchadeslesamplesthalameges.fr\/?page_id=3248"},"modified":"2019-03-20T21:57:41","modified_gmt":"2019-03-20T20:57:41","slug":"reponse-de-frederic-lordon-a-emmanuel-macron","status":"publish","type":"page","link":"https:\/\/blog.lesgrossesorchadeslesamplesthalameges.fr\/index.php\/reponse-de-frederic-lordon-a-emmanuel-macron\/","title":{"rendered":"R\u00e9ponse de Fr\u00e9d\u00e9ric Lordon \u00e0 Emmanuel Macron"},"content":{"rendered":"<p>&nbsp;<\/p>\n<p>&nbsp;<\/p>\n<p>&nbsp;<\/p>\n<p>&nbsp;<\/p>\n<p style=\"text-align: justify;\"><span style=\"font-family: times new roman, times, serif; font-size: 14pt;\"><strong>\u00a0<\/strong><\/span><\/p>\n<p>&nbsp;<\/p>\n<p style=\"text-align: center;\"><span style=\"font-family: times new roman, times, serif; font-size: 36pt;\"><strong>R\u00e9ponse de Fr\u00e9d\u00e9ric Lordon \u00e0 Emmanuel Macron qui l\u2019avait invit\u00e9 \u00e0 venir \u00e0 l\u2019\u00c9lys\u00e9e participer au \u00ab\u00a0grand d\u00e9bat\u00a0\u00bb.<\/strong><\/span><\/p>\n<p>&nbsp;<\/p>\n<p style=\"text-align: center;\"><span style=\"font-family: times new roman, times, serif; font-size: 18pt;\"><strong>18 mars 2019<\/strong><\/span><\/p>\n<p>&nbsp;<\/p>\n<p style=\"text-align: justify;\"><span style=\"font-family: times new roman, times, serif; font-size: 14pt;\"><strong>Pour clore en beaut\u00e9 le grand d\u00e9bat national, 65 \u00ab\u00a0intellectuels\u00a0\u00bb ont \u00e9t\u00e9 convi\u00e9s \u00e0 l\u2019\u00c9lys\u00e9e ce lundi 18\u00a0mars, aupr\u00e8s du pr\u00e9sident en personne. Une rencontre retransmise en direct par France Culture. Parmi les invit\u00e9s, vous pourrez, si vous voulez, \u00e9couter l\u2019historien Marcel Gauchet, le sociologue Michel Wieviorka ou encore le psychiatre Boris Cyrulnik mais pas l\u2019\u00e9conomiste et philosophe Fr\u00e9d\u00e9ric Lordon. Alors que ce dernier \u00e9tait d\u00fbment invit\u00e9 par M.\u00a0Macron, il a pr\u00e9f\u00e9r\u00e9 d\u00e9cliner. Rompu aux usages de la bonne soci\u00e9t\u00e9, M.\u00a0Lordon n\u2019a cependant pas manqu\u00e9 de s\u2019en excuser publiquement \u00e0 l\u2019occasion d\u2019une assembl\u00e9e extraordinaire qui se tenait \u00e0 la Bourse du travail jeudi 14\u00a0[<\/strong><a href=\"https:\/\/lundi.am\/65-intellectuels-invites-a-debattre-a-l-Elysee#nb10-1\"><strong>1<\/strong><\/a><strong>]. Nous publions ici sa r\u00e9ponse au pr\u00e9sident ainsi que la vid\u00e9o de son intervention.<\/strong><\/span><\/p>\n<p>&nbsp;<\/p>\n<p>&nbsp;<\/p>\n<p style=\"text-align: center;\"><img loading=\"lazy\" class=\"alignnone wp-image-3251\" src=\"http:\/\/blog.lesgrossesorchadeslesamplesthalameges.fr\/wp-content\/uploads\/2019\/03\/T\u00e9l\u00e9si\u00e8ge-1-260x300.jpg\" alt=\"\" width=\"600\" height=\"691\" srcset=\"https:\/\/blog.lesgrossesorchadeslesamplesthalameges.fr\/wp-content\/uploads\/2019\/03\/T\u00e9l\u00e9si\u00e8ge-1-260x300.jpg 260w, https:\/\/blog.lesgrossesorchadeslesamplesthalameges.fr\/wp-content\/uploads\/2019\/03\/T\u00e9l\u00e9si\u00e8ge-1.jpg 560w\" sizes=\"(max-width: 600px) 100vw, 600px\" \/><\/p>\n<p>&nbsp;<\/p>\n<p>&nbsp;<\/p>\n<p style=\"text-align: justify;\"><span style=\"font-family: times new roman, times, serif; font-size: 14pt;\">Cher Monsieur Macron,<\/span><\/p>\n<p style=\"text-align: justify;\"><span style=\"font-family: times new roman, times, serif; font-size: 14pt;\">Vous comprendrez que si c\u2019est pour venir faire tapisserie le petit doigt en l\u2019air au milieu des pitres fa\u00e7on BHL, Enthoven, ou des intellectuels de cour comme Patrick Boucheron\u00a0[<a href=\"https:\/\/lundi.am\/65-intellectuels-invites-a-debattre-a-l-Elysee#nb10-2\">2<\/a>], je pr\u00e9f\u00e9rerais avoir piscine ou m\u00eame d\u00eener avec Fran\u00e7ois Hollande. Au moins votre invitation ajoute-t-elle un \u00e9l\u00e9ment suppl\u00e9mentaire pour documenter votre conception du d\u00e9bat. Savez-vous qu\u2019\u00e0 part les \u00e9ditorialistes qui vous servent de laquais et r\u00e9p\u00e8tent en boucle que la-d\u00e9mocratie-c\u2019est-le-d\u00e9bat, votre grand d\u00e9bat \u00e0 vous, personne n\u2019y croit\u00a0? Vous-m\u00eame n\u2019y croyez pas davantage. Dans une confidence r\u00e9cente \u00e0 des journalistes, qui aurait gagn\u00e9 \u00e0 recevoir plus de publicit\u00e9, vous avez dit ceci\u00a0: \u00ab\u00a0Je ressoude, et d\u00e8s que c\u2019est consolid\u00e9 je r\u00e9attaque\u00a0\u00bb. C\u2019est tr\u00e8s frais. Vous ressoudez et vous r\u00e9attaquez. C\u2019est parfait, nous savons \u00e0 quoi nous en tenir, nous aussi viendrons avec le chalumeau.<\/span><\/p>\n<p style=\"text-align: justify;\"><span style=\"font-family: times new roman, times, serif; font-size: 14pt;\">En r\u00e9alit\u00e9, sur la mani\u00e8re dont vous utilisez le langage pour \u00ab\u00a0d\u00e9battre\u00a0\u00bb comme vous dites, nous sommes assez au clair depuis longtemps. C\u2019est une mani\u00e8re particuli\u00e8re, dont on se souviendra, parce qu\u2019elle aura fait entrer dans la r\u00e9alit\u00e9 ce qu\u2019un roman d\u2019Orwell bien connu avait anticip\u00e9 il y a 70 ans tr\u00e8s exactement \u2013 au moins, apr\u00e8s la grande r\u00e9ussite de votre itin\u00e9rance m\u00e9morielle, on ne pourra pas dire que vous n\u2019avez pas le sens des dates anniversaires. C\u2019est une mani\u00e8re particuli\u00e8re d\u2019user du langage en effet parce qu\u2019elle n\u2019est plus de l\u2019ordre du simple mensonge.<\/span><\/p>\n<p style=\"text-align: justify;\"><span style=\"font-family: times new roman, times, serif; font-size: 14pt;\">Bien s\u00fbr, dans vos institutions, on continue de mentir, grossi\u00e8rement, \u00e9hont\u00e9ment. Vos procureurs mentent, votre police ment, vos experts m\u00e9dicaux de service mentent \u2013 ce que vous avez tent\u00e9 de faire \u00e0 la m\u00e9moire d\u2019Adama Traor\u00e9 par experts interpos\u00e9s, par exemple, c\u2019est immonde. Mais, serais-je presque tent\u00e9 de dire, c\u2019est du mensonge tristement ordinaire.<\/span><\/p>\n<p style=\"text-align: justify;\"><span style=\"font-family: times new roman, times, serif; font-size: 14pt;\">Vous et vos sbires minist\u00e9riels venus de la start-up nation, c\u2019est autre chose\u00a0: vous d\u00e9truisez le langage. Quand M<sup>me<\/sup>\u00a0Buzyn dit qu\u2019elle supprime des lits pour am\u00e9liorer la qualit\u00e9 des soins\u00a0; quand M<sup>me<\/sup>\u00a0P\u00e9nicaud dit que le d\u00e9mant\u00e8lement du code du travail \u00e9tend les garanties des salari\u00e9s\u00a0; quand M<sup>me<\/sup>\u00a0Vidal explique l\u2019augmentation des droits d\u2019inscription pour les \u00e9tudiants \u00e9trangers par un souci d\u2019\u00e9quit\u00e9 financi\u00e8re\u00a0; quand vous-m\u00eame pr\u00e9sentez la loi sur la fake news comme un progr\u00e8s de la libert\u00e9 de la presse, la loi anti-casseur comme une protection du droit de manifester, ou quand vous nous expliquez que la suppression de l\u2019ISF s\u2019inscrit dans une politique de justice sociale, vous voyez bien qu\u2019on est dans autre chose \u2013 autre chose que le simple mensonge. On est dans la destruction du langage et du sens m\u00eame des mots.<\/span><\/p>\n<p style=\"text-align: justify;\"><span style=\"font-family: times new roman, times, serif; font-size: 14pt;\">Si des gens vous disent \u00ab\u00a0Je ne peux faire qu\u2019un repas tous les deux jours\u00a0\u00bb et que vous leur r\u00e9pondez \u00ab\u00a0Je suis content que vous ayez bien mang\u00e9\u00a0\u00bb, d\u2019abord la discussion va vite devenir difficile, ensuite, forc\u00e9ment, parmi les affam\u00e9s, il y en a qui vont se mettre en col\u00e8re. De tous les arguments qui justifient amplement la rage qui s\u2019est empar\u00e9e du pays, il y a donc celui-ci qui, je crois, p\u00e8se \u00e9galement, \u00e0 c\u00f4t\u00e9 des 30 ans de violences sociales et des 3 mois de violences polici\u00e8res \u00e0 vous faire payer\u00a0: il y a que, face \u00e0 des gens comme vous, qui d\u00e9truisent \u00e0 ce point le sens des mots \u2013 donc, pensez-y, la possibilit\u00e9 m\u00eame de discuter \u2013, la seule solution restante, j\u2019en suis bien d\u00e9sol\u00e9, c\u2019est de vous chasser.<\/span><\/p>\n<p style=\"text-align: justify;\"><span style=\"font-family: times new roman, times, serif; font-size: 14pt;\">Il y a peu encore, vous avez d\u00e9clar\u00e9\u00a0: \u00ab\u00a0R\u00e9pression, violences polici\u00e8res, ces mots sont inacceptables dans un Etat de droit\u00a0\u00bb. Mais M.\u00a0Macron, vous \u00eates irr\u00e9parable. Comment dire\u00a0: dans un Etat de droit, ce ne sont pas ces mots, ce sont ces choses qui sont inacceptables. \u00c0 une morte, 22 \u00e9borgn\u00e9s et 5 mains arrach\u00e9es, vous vous repoudrez la perruque et vous nous dites\u00a0: \u00ab\u00a0Je n\u2019aime pas le terme r\u00e9pression, parce qu\u2019il ne correspond pas \u00e0 la r\u00e9alit\u00e9\u00a0\u00bb. La question \u2013 mais quasi-psychiatrique \u2013 qui s\u2019en suit, c\u2019est de savoir dans quelle r\u00e9alit\u00e9 au juste vous demeurez.<\/span><\/p>\n<p style=\"text-align: justify;\"><span style=\"font-family: times new roman, times, serif; font-size: 14pt;\">Des \u00e9l\u00e9ments de r\u00e9ponse nous sont donn\u00e9s par un article publi\u00e9 il y a de \u00e7a quelques jours par le Gorafi sous le titre\u00a0: <a href=\"http:\/\/www.legorafi.fr\/2019\/03\/11\/le-comite-de-medecine-du-ministere-de-linterieur-confirme-que-le-lanceur-de-balle-de-defense-est-bon-pour-la-sante\/\">\u00ab\u00a0Le comit\u00e9 de m\u00e9decine du minist\u00e8re de l\u2019int\u00e9rieur confirme que le LBD est bon pour la sant\u00e9\u00a0\u00bb<\/a>. On peut y lire ceci\u00a0: \u00ab\u00a0Christophe Castaner s\u2019est r\u00e9joui des r\u00e9sultats des tests du comit\u00e9 de m\u00e9decins et a aussit\u00f4t sign\u00e9 une ordonnance qualifiant de r\u00e9bellion et outrage \u00e0 agent toute personne qui mettrait en cause la fiabilit\u00e9 de cette \u00e9tude\u00a0\u00bb. M.\u00a0Macron, voyez-vous la minceur de l\u2019\u00e9cart qui vous tient encore s\u00e9par\u00e9 du Gorafi\u00a0? Vous \u00eates la gorafisation du monde en personne. Sauf que, normalement, le Gorafi, c\u2019est pour rire. En r\u00e9alit\u00e9, personne ne veut vivre dans un monde gorafis\u00e9. Si donc le macronisme est un gorafisme <em>mais pour de vrai<\/em>, vous comprendrez qu\u2019il va nous falloir ajuster nos moyens <em>en cons\u00e9quence<\/em>. Et s\u2019il est impossible de vous ramener \u00e0 la raison, il faudra bien vous ramener \u00e0 la maison.<\/span><\/p>\n<p style=\"text-align: justify;\"><span style=\"font-family: times new roman, times, serif; font-size: 14pt;\">Tous les glapissements \u00e9ditorialistes du pays sur votre l\u00e9gitimit\u00e9 \u00e9lectorale ne pourront rien contre cette exigence \u00e9l\u00e9mentaire, et somme toute logique. En v\u00e9rit\u00e9, l\u00e9gitime, vous ne l\u2019avez jamais \u00e9t\u00e9. Votre score \u00e9lectoral r\u00e9el, c\u2019est 10%. 10% c\u2019est votre score de premier tour corrig\u00e9 du taux d\u2019abstention et surtout du vote utile puisque nous savons que pr\u00e8s de la moiti\u00e9 de vos \u00e9lecteurs de premier tour ont vot\u00e9 non par adh\u00e9sion \u00e0 vos id\u00e9es mais parce qu\u2019on les avait suffisamment apeur\u00e9s pour qu\u2019ils choisissent l\u2019option \u00ab\u00a0ceinture et bretelles\u00a0\u00bb.<\/span><\/p>\n<p style=\"text-align: justify;\"><span style=\"font-family: times new roman, times, serif; font-size: 14pt;\">Mais quand bien m\u00eame on vous accorderait cette fable de la l\u00e9gitimit\u00e9 \u00e9lectorale, il n\u2019en reste plus rien au moment o\u00f9 vous avez fait du peuple un ennemi de l\u2019\u00c9tat, peut-\u00eatre m\u00eame un ennemi personnel, en tout cas au moment o\u00f9 vous lui faites la guerre \u2013 avec des armes de guerre, et des blessures de guerre. Mesurez-vous \u00e0 quel point vous \u00eates en train de vous couvrir de honte internationale\u00a0? Le Guardian, le New-York Times, et jusqu\u2019au Financial Times, le Conseil de l\u2019Europe, Amnesty International, l\u2019ONU, tous sont effar\u00e9s de votre violence. M\u00eame Erdogan et Salvini ont pu s\u2019offrir ce plaisir de gourmets de vous faire la le\u00e7on en mati\u00e8re de d\u00e9mocratie et de mod\u00e9ration, c\u2019est dire jusqu\u2019o\u00f9 vous \u00eates tomb\u00e9.<\/span><\/p>\n<p style=\"text-align: justify;\"><span style=\"font-family: times new roman, times, serif; font-size: 14pt;\">Mais de l\u2019international, il n\u2019arrive pas que des motifs de honte pour vous\u00a0: \u00e9galement des motifs d\u2019espoir pour nous. Les Alg\u00e9riens sont en train de nous montrer comment on se d\u00e9barrasse d\u2019un pouvoir ill\u00e9gitime. C\u2019est un tr\u00e8s beau spectacle, aussi admirable que celui des Gilets Jaunes. Une pancarte, dont je ne sais si elle est alg\u00e9rienne ou fran\u00e7aise et \u00e7a n\u2019a aucune importance, \u00e9crit ceci\u00a0: \u00ab\u00a0Macron soutient Boutef\u00a0; les Alg\u00e9riens soutiennent les Gilets Jaunes\u00a0; solidarit\u00e9 internationale\u00a0\u00bb. Et c\u2019est exactement \u00e7a\u00a0: solidarit\u00e9 internationale\u00a0; Boutef bient\u00f4t d\u00e9gag\u00e9, Macron \u00e0 d\u00e9gager bient\u00f4t.<\/span><\/p>\n<p style=\"text-align: justify;\"><span style=\"font-family: times new roman, times, serif; font-size: 14pt;\">Dans le film de Perret et Ruffin, un monsieur qui a normalement plus l\u2019\u00e2ge des mots crois\u00e9s que celui de l\u2019\u00e9meute \u2013 mais on a l\u2019\u00e2ge de sa vitalit\u00e9 bien davantage que celui de son \u00e9tat civil \u2013, un monsieur \u00e0 casquette, donc, sugg\u00e8re qu\u2019on monte des plaques de fer de 2 m\u00e8tres par 3 sur des tracteurs ou des bulls, et que ce soit nous qui poussions les flics plut\u00f4t que l\u2019inverse. C\u2019est une id\u00e9e. Un autre dit qu\u2019il s\u2019est mis \u00e0 lire la Constitution \u00e0 46 ans alors qu\u2019il n\u2019avait jamais tenu un livre de sa vie. M.\u00a0Macron je vous vois d\u2019ici vous pr\u00e9cipiter pour nous dire que voil\u00e0 c\u2019est \u00e7a qu\u2019il faut faire, lisez la Constitution et oubliez bien vite ces sottes histoires de plaques de fer. Savez-vous qu\u2019en r\u00e9alit\u00e9 ce sont deux activit\u00e9s tr\u00e8s compl\u00e9mentaires. Pour \u00eatre tout \u00e0 fait juste, il faudrait m\u00eame dire que l\u2019une ne va pas sans l\u2019autre\u00a0: pas de Constitution avant d\u2019avoir pass\u00e9 le bull.<\/span><\/p>\n<p style=\"text-align: justify;\"><span style=\"font-family: times new roman, times, serif; font-size: 14pt;\">C\u2019est ce que les Gilets Jaunes ont tr\u00e8s bien compris, et c\u2019est pourquoi ils sont en position de faire l\u2019histoire. D\u2019une certaine mani\u00e8re M.\u00a0Macron, vous ne cessez de les y inviter. En embastillant un jeune homme qui joue du tambour, en laissant votre police \u00e9craser \u00e0 coups de botte les lunettes d\u2019un interpell\u00e9, ou violenter des Gilets Jaunes en fauteuil roulant \u2013 en fauteuil roulant\u00a0! \u2013, vous fabriquez des images pour l\u2019histoire, et vous appelez vous-m\u00eame le grand vent de l\u2019histoire.<\/span><\/p>\n<p style=\"text-align: justify;\"><span style=\"font-family: times new roman, times, serif; font-size: 14pt;\">Vous et vos semblables, qui vous en croyez la pointe avanc\u00e9e, il se pourrait que vous finissiez balay\u00e9s par elle. C\u2019est ainsi en effet que finissent les d\u00e9molisseurs en g\u00e9n\u00e9ral. Or c\u2019est ce que vous \u00eates\u00a0: des d\u00e9molisseurs. Vous d\u00e9truisez le travail, vous d\u00e9truisez les territoires, vous d\u00e9truisez les vies, et vous d\u00e9truisez la plan\u00e8te. Si vous, vous n\u2019avez plus aucune l\u00e9gitimit\u00e9, le peuple, lui, a enti\u00e8rement celle de r\u00e9sister \u00e0 sa propre d\u00e9molition \u2013 craignez m\u00eame que dans l\u2019\u00e9lan de sa fureur il ne lui vienne le d\u00e9sir de d\u00e9molir ses d\u00e9molisseurs.<\/span><\/p>\n<p style=\"text-align: justify;\"><span style=\"font-family: times new roman, times, serif; font-size: 14pt;\">Comme en arriver l\u00e0 n\u2019est souhaitable pour personne, il reste une solution simple, logique, et qui pr\u00e9serve l\u2019int\u00e9grit\u00e9 de tous\u00a0: M.\u00a0Macron, il faut partir. M.\u00a0Macron, rendez les cl\u00e9s.<\/span><\/p>\n<p style=\"text-align: justify;\"><span style=\"font-family: times new roman, times, serif; font-size: 14pt;\">________________<\/span><\/p>\n<p style=\"text-align: justify;\"><span style=\"font-family: times new roman, times, serif; font-size: 14pt;\">[<a href=\"https:\/\/lundi.am\/65-intellectuels-invites-a-debattre-a-l-Elysee#nh10-1\">1<\/a>]\u00a0La discussion ce jour-l\u00e0 avait une toute autre teneur. Intitul\u00e9e <em>Fin du grand d\u00e9bat, d\u00e9but du grand d\u00e9barras<\/em>, elle r\u00e9unissait entre autres J\u00e9rome Rodrigues, Herv\u00e9 Kempf, Priscillia Ludosky et Youssef Brakni. On retrouvera les interventions des uns et des autres <a href=\"https:\/\/www.youtube.com\/channel\/UCxohrx-egTafeFzK7spH2sw\">ici<\/a>.<\/span><\/p>\n<p style=\"text-align: justify;\"><span style=\"font-family: times new roman, times, serif; font-size: 14pt;\">[<a href=\"https:\/\/lundi.am\/65-intellectuels-invites-a-debattre-a-l-Elysee#nh10-2\">2<\/a>]\u00a0Entre cette intervention et sa transcription, le casting du \u00ab\u00a0Grand D\u00e9bat avec les Intellectuels\u00a0\u00bb a \u00e9t\u00e9 r\u00e9v\u00e9l\u00e9. Patrick Boucheron n\u2019en est pas, semble-t-il. Mais son macronisme d\u00e9clar\u00e9 et son m\u00e9pris, tout aussi d\u00e9clar\u00e9, des Gilets Jaunes, ne sont pas de nature \u00e0 commander une correction <em>sur le fond<\/em>. Idem d\u2019ailleurs pour les deux autres clowns.<\/span><\/p>\n<p style=\"text-align: justify;\"><span style=\"font-family: times new roman, times, serif; font-size: 14pt;\"><a href=\"https:\/\/lundi.am\/65-intellectuels-invites-a-debattre-a-l-Elysee\">https:\/\/lundi.am\/65-intellectuels-invites-a-debattre-a-l-Elysee<\/a><\/span><\/p>\n<p>&nbsp;<\/p>\n<p>&nbsp;<\/p>\n<p style=\"text-align: center;\"><img loading=\"lazy\" class=\"alignnone wp-image-3252\" src=\"http:\/\/blog.lesgrossesorchadeslesamplesthalameges.fr\/wp-content\/uploads\/2019\/03\/Fake-photo-1-300x233.jpg\" alt=\"\" width=\"600\" height=\"466\" srcset=\"https:\/\/blog.lesgrossesorchadeslesamplesthalameges.fr\/wp-content\/uploads\/2019\/03\/Fake-photo-1-300x233.jpg 300w, https:\/\/blog.lesgrossesorchadeslesamplesthalameges.fr\/wp-content\/uploads\/2019\/03\/Fake-photo-1.jpg 640w\" sizes=\"(max-width: 600px) 100vw, 600px\" \/><\/p>\n<p>&nbsp;<\/p>\n<p style=\"text-align: justify;\"><span style=\"font-family: times new roman, times, serif; font-size: 14pt;\">Source\u00a0: <a href=\"https:\/\/blogs.mediapart.fr\/paeonia\/blog\">Le blog de Paeonia<\/a> sur Mediapart.<\/span><\/p>\n<p style=\"text-align: justify;\"><span style=\"font-family: times new roman, times, serif; font-size: 14pt;\"><strong><em>Merci \u00e0 L\u00e0-Bas si j\u2019y suis et \u00e0 Vu du droit pour les deux fake-photos.<\/em><\/strong><\/span><\/p>\n<p style=\"text-align: justify;\"><span style=\"font-family: times new roman, times, serif; font-size: 14pt;\"><strong><em>\u00a0<\/em><\/strong><\/span><\/p>\n<p>&nbsp;<\/p>\n<p style=\"text-align: center;\"><img loading=\"lazy\" class=\"alignnone size-full wp-image-3253\" src=\"http:\/\/blog.lesgrossesorchadeslesamplesthalameges.fr\/wp-content\/uploads\/2019\/03\/0.-cocarde-rouge-bleu-bis-1.gif\" alt=\"\" width=\"64\" height=\"66\" \/><\/p>\n<p>&nbsp;<\/p>\n<p>&nbsp;<\/p>\n<p style=\"text-align: center;\"><span style=\"font-family: times new roman, times, serif; font-size: 36pt;\"><strong>Fin du grand d\u00e9bat, d\u00e9but du grand d\u00e9barras !<\/strong><\/span><\/p>\n<p>&nbsp;<\/p>\n<p style=\"text-align: center;\"><span style=\"font-family: times new roman, times, serif; font-size: 18pt;\"><strong>Fr\u00e9d\u00e9ric Lordon \u00a0\u2013 <em>Bourse du Travail Paris<\/em> \u2013 14.3.2019<\/strong><\/span><\/p>\n<p>&nbsp;<\/p>\n<p style=\"text-align: center;\"><span style=\"font-family: times new roman, times, serif; font-size: 14pt;\"><iframe loading=\"lazy\" src=\"\/\/www.youtube.com\/embed\/wjYwlNN0DlI\" width=\"560\" height=\"315\" frameborder=\"0\" allowfullscreen=\"allowfullscreen\"><\/iframe><\/span><\/p>\n<p>&nbsp;<\/p>\n<p>&nbsp;<\/p>\n<p style=\"text-align: justify;\"><span style=\"font-family: times new roman, times, serif; font-size: 14pt; color: #c00000;\"><strong><em>NB : La cocarde est celle de Robespierre. Aux couleurs de Paris et de Saint Domingue.<\/em><\/strong><\/span><\/p>\n<p style=\"text-align: justify;\"><span style=\"font-family: times new roman, times, serif; font-size: 14pt;\"><strong><em>\u00a0<\/em><\/strong><\/span><\/p>\n<p style=\"text-align: center;\"><img loading=\"lazy\" class=\"alignnone size-full wp-image-3250\" src=\"http:\/\/blog.lesgrossesorchadeslesamplesthalameges.fr\/wp-content\/uploads\/2019\/03\/Drapeau-national-de-Ha\u00efti.png\" alt=\"\" width=\"290\" height=\"174\" \/><\/p>\n<p style=\"text-align: center;\"><span style=\"font-family: times new roman, times, serif; font-size: 12pt;\"><strong><em>Drapeau national ha\u00eftien<\/em><\/strong><\/span><\/p>\n<p>&nbsp;<\/p>\n<p>&nbsp;<\/p>\n<p style=\"text-align: right;\"><span style=\"font-family: comic sans ms, sans-serif; font-size: 14pt;\">2<\/span><\/p>\n<p style=\"text-align: right;\"><span style=\"font-family: comic sans ms, sans-serif; font-size: 14pt;\">20 mars 201<\/span><\/p>\n<p>&nbsp;<\/p>\n<p>&nbsp;<\/p>\n","protected":false},"excerpt":{"rendered":"<p>&nbsp; &nbsp; &nbsp; &nbsp; \u00a0 &nbsp; R\u00e9ponse de Fr\u00e9d\u00e9ric Lordon \u00e0 Emmanuel Macron qui l\u2019avait invit\u00e9 \u00e0 venir \u00e0 l\u2019\u00c9lys\u00e9e participer au \u00ab\u00a0grand d\u00e9bat\u00a0\u00bb. &nbsp; 18 mars 2019 &nbsp; Pour clore en beaut\u00e9 le grand d\u00e9bat national, 65 \u00ab\u00a0intellectuels\u00a0\u00bb ont \u00e9t\u00e9 convi\u00e9s \u00e0 l\u2019\u00c9lys\u00e9e ce lundi 18\u00a0mars, aupr\u00e8s du pr\u00e9sident en personne. Une rencontre retransmise&#8230;<\/p>\n","protected":false},"author":1,"featured_media":0,"parent":0,"menu_order":0,"comment_status":"open","ping_status":"open","template":"","meta":[],"_links":{"self":[{"href":"https:\/\/blog.lesgrossesorchadeslesamplesthalameges.fr\/index.php\/wp-json\/wp\/v2\/pages\/3248"}],"collection":[{"href":"https:\/\/blog.lesgrossesorchadeslesamplesthalameges.fr\/index.php\/wp-json\/wp\/v2\/pages"}],"about":[{"href":"https:\/\/blog.lesgrossesorchadeslesamplesthalameges.fr\/index.php\/wp-json\/wp\/v2\/types\/page"}],"author":[{"embeddable":true,"href":"https:\/\/blog.lesgrossesorchadeslesamplesthalameges.fr\/index.php\/wp-json\/wp\/v2\/users\/1"}],"replies":[{"embeddable":true,"href":"https:\/\/blog.lesgrossesorchadeslesamplesthalameges.fr\/index.php\/wp-json\/wp\/v2\/comments?post=3248"}],"version-history":[{"count":0,"href":"https:\/\/blog.lesgrossesorchadeslesamplesthalameges.fr\/index.php\/wp-json\/wp\/v2\/pages\/3248\/revisions"}],"wp:attachment":[{"href":"https:\/\/blog.lesgrossesorchadeslesamplesthalameges.fr\/index.php\/wp-json\/wp\/v2\/media?parent=3248"}],"curies":[{"name":"wp","href":"https:\/\/api.w.org\/{rel}","templated":true}]}}