{"id":3265,"date":"2019-03-20T22:08:29","date_gmt":"2019-03-20T21:08:29","guid":{"rendered":"http:\/\/blog.lesgrossesorchadeslesamplesthalameges.fr\/?page_id=3265"},"modified":"2019-03-20T22:08:29","modified_gmt":"2019-03-20T21:08:29","slug":"etats-de-droit","status":"publish","type":"page","link":"https:\/\/blog.lesgrossesorchadeslesamplesthalameges.fr\/index.php\/etats-de-droit\/","title":{"rendered":"\u00c9tats de droit"},"content":{"rendered":"<p><span style=\"font-family: times new roman, times, serif; font-size: 14pt;\"><strong>\u00a0<\/strong><\/span><\/p>\n<p>&nbsp;<\/p>\n<p>&nbsp;<\/p>\n<p>&nbsp;<\/p>\n<p>&nbsp;<\/p>\n<p style=\"text-align: center;\"><span style=\"font-family: times new roman, times, serif; font-size: 48pt; color: #c00000;\">Solidarit\u00e9 avec la Syrie souveraine<\/span><\/p>\n<p style=\"text-align: center;\"><span style=\"font-family: times new roman, times, serif; font-size: 14pt;\"><strong>\u00a0<\/strong><\/span><\/p>\n<p style=\"text-align: center;\"><span style=\"font-family: times new roman, times, serif; font-size: 36pt;\"><strong>\u00c9tats de droit<\/strong><\/span><\/p>\n<p style=\"text-align: center;\"><span style=\"font-family: times new roman, times, serif; font-size: 18pt;\"><strong>Michel Raimbaud \u2013 <\/strong><a href=\"http:\/\/www.comite-valmy.org\/spip.php?auteur3\"><strong><em>Comit\u00e9 Valmy<\/em><\/strong><\/a> \u2013 18\u00a03.2019<\/span><\/p>\n<p>&nbsp;<\/p>\n<p>&nbsp;<\/p>\n<p style=\"text-align: center;\"><img loading=\"lazy\" class=\"alignnone wp-image-3267\" src=\"http:\/\/blog.lesgrossesorchadeslesamplesthalameges.fr\/wp-content\/uploads\/2019\/03\/Syrie-assad-1-300x216.jpg\" alt=\"\" width=\"650\" height=\"467\" srcset=\"https:\/\/blog.lesgrossesorchadeslesamplesthalameges.fr\/wp-content\/uploads\/2019\/03\/Syrie-assad-1-300x216.jpg 300w, https:\/\/blog.lesgrossesorchadeslesamplesthalameges.fr\/wp-content\/uploads\/2019\/03\/Syrie-assad-1.jpg 512w\" sizes=\"(max-width: 650px) 100vw, 650px\" \/><\/p>\n<p>&nbsp;<\/p>\n<p>&nbsp;<\/p>\n<p style=\"text-align: left;\"><img loading=\"lazy\" class=\"alignnone wp-image-3268\" src=\"http:\/\/blog.lesgrossesorchadeslesamplesthalameges.fr\/wp-content\/uploads\/2019\/03\/Raimbaud-1.png\" alt=\"\" width=\"175\" height=\"122\" \/><\/p>\n<p style=\"text-align: justify;\"><span style=\"font-family: times new roman, times, serif; font-size: 14pt;\"><strong>Michel Raimbaud<\/strong><\/span><br \/>\n<span style=\"font-family: times new roman, times, serif; font-size: 14pt;\">Ancien ambassadeur de France<\/span><\/p>\n<p>&nbsp;<\/p>\n<p style=\"text-align: justify;\"><span style=\"font-family: times new roman, times, serif; font-size: 14pt;\">Ce vendredi 15 mars 2019 marque le huiti\u00e8me anniversaire d\u2019un conflit universel. D\u00e9j\u00e0 plus long que les deux guerres mondiales, il a pass\u00e9 \u00ab\u00a0l\u2019\u00e2ge de raison\u00a0\u00bb qui signifiait pour les parents et grands-parents de jadis la fin de l\u2019innocence de leur prog\u00e9niture. Les intellectuels de toutes les rives auraient int\u00e9r\u00eat \u00e0 lire l\u2019article publi\u00e9 \u00e0 cette occasion par Kamal Khalaf, \u00e9crivain, journaliste et analyste politique palestinien bien connu, qui rappelle une r\u00e9alit\u00e9 escamot\u00e9e\u00a0: <em>\u00ab\u00a0s\u2019il y a une guerre qui n\u2019est pas innocente, c\u2019est bien celle de Syrie\u00a0\u00bb<\/em> Pr\u00e8s de 400.000 morts, des millions de r\u00e9fugi\u00e9s, d\u00e9plac\u00e9s, exil\u00e9s, sinistr\u00e9s, et une multitude de bless\u00e9s, d\u2019estropi\u00e9s, de handicap\u00e9s \u00e0 vie. Des orphelins, des veuves, des familles bris\u00e9es ou dispers\u00e9es. Sans parler d\u2019un pays en partie d\u00e9truit, \u00e0 dessein. Ayant d\u00e9j\u00e0 beaucoup dit et \u00e9crit \u00e0 ce propos, je n\u2019allongerai pas l\u2019inventaire des supplices inflig\u00e9s \u00e0 tout un peuple, victime par surcro\u00eet d\u2019un flagrant d\u00e9ni de v\u00e9rit\u00e9 et de justice sans pr\u00e9c\u00e9dent.<\/span><\/p>\n<p style=\"text-align: justify;\"><span style=\"font-family: times new roman, times, serif; font-size: 14pt;\">Les d\u00e9vots, pr\u00e9dicateurs ou impr\u00e9cateurs qui croient repr\u00e9senter le \u00ab\u00a0monde civilis\u00e9\u00a0\u00bb le savent s\u00fbrement, si cette trag\u00e9die aux innombrables victimes n\u2019a pas la puissance d\u2019\u00e9vocation d\u2019un 11 septembre, c\u2019est qu\u2019on l\u2019a ensevelie sous une for\u00eat de \u00ab\u00a0faux pavillons\u00a0\u00bb, que son r\u00e9cit a \u00e9t\u00e9 \u00e9touff\u00e9 sous une chape d\u2019omerta ou de mensonge. La manipulation a permis aux faussaires de justifier la poursuite de ce crime collectif au nom de la l\u00e9galit\u00e9 internationale, pourtant viol\u00e9e par eux sans vergogne et sans pudeur. Que l\u2019on invoque pour pr\u00e9texte la d\u00e9mocratisation, la d\u00e9fense des droits de l\u2019homme, la responsabilit\u00e9 de prot\u00e9ger, ou bien qu\u2019on la drape dans les oripeaux de la morale humanitaire ou de l\u2019\u00c9tat de Droit, l\u2019entreprise alliant dans son lit les \u00ab\u00a0crois\u00e9s\u00a0\u00bb euro-atlantiques sous leurs enseignes vari\u00e9es et les \u00ab\u00a0djihadistes\u00a0\u00bb sous leurs franchises diverses aura \u00e9t\u00e9 une entreprise perverse, ill\u00e9gale et criminelle. Et c\u2019est par le biais d\u2019une escroquerie m\u00e9diatique et intellectuelle sans pr\u00e9c\u00e9dent qu\u2019ils ont pu la faire passer pour une guerre noble, voire une guerre sainte.<\/span><\/p>\n<p style=\"text-align: justify;\"><span style=\"font-family: times new roman, times, serif; font-size: 14pt;\">Si l\u2019Etat syrien a pu compter sur des alli\u00e9s fid\u00e8les, son peuple a h\u00e9rit\u00e9 d\u2019un \u00ab\u00a0groupe d\u2019amis\u00a0\u00bb que l\u2019on ne peut souhaiter qu\u2019\u00e0 des ennemis h\u00e9r\u00e9ditaires\u00a0: \u00e0 Marrakech en d\u00e9cembre 2012, on d\u00e9nombre (excusez du peu) 114 \u00c9tats, les protagonistes de l\u2019agression. Dans ces pays, incluant la France, les politiques, les intellectuels et les m\u00e9dias n\u2019ont jamais dit <em>\u00ab\u00a0Nous sommes tous des Syriens\u00a0\u00bb<\/em>, ou <em>\u00ab\u00a0tous des Arabes\u00a0\u00bb,<\/em> alors que le <em>\u00ab\u00a0peuple si bon\u00a0\u00bb<\/em> avait b\u00e9n\u00e9fici\u00e9 de nos effusions \u00e0 nous, qui \u00e9tions <em>\u00ab\u00a0tous des Am\u00e9ricains\u00a0\u00bb<\/em> \u00e0 l\u2019insu de notre plein gr\u00e9.<\/span><\/p>\n<p style=\"text-align: justify;\"><span style=\"font-family: times new roman, times, serif; font-size: 14pt;\">Ce deux-poids, deux-mesures est li\u00e9 \u00e0 la conviction que l\u2019Occident est la seule humanit\u00e9 qui vaille, que seules ses valeurs, ses langues, ses mod\u00e8les, ses conceptions, ses combats ont une port\u00e9e universelle. Cette certitude est si incrust\u00e9e que les hommes et femmes de la rue comme les \u00ab\u00a0\u00e9lites\u00a0\u00bb ne voient pas malice \u00e0 ce que leurs gouvernants s\u2019arrogent \u00ab\u00a0le droit de dire le droit\u00a0\u00bb et puissent intervenir militairement pour changer le \u00ab\u00a0r\u00e9gime\u00a0\u00bb de tout pays r\u00e9sistant que le ma\u00eetre am\u00e9ricain aura daign\u00e9 qualifier de \u00ab\u00a0voyou\u00a0\u00bb. Que les abonn\u00e9s des plateaux de la t\u00e9l\u00e9vision remplacent l\u2019invocation \u00e0 \u00ab\u00a0nos grandes d\u00e9mocraties\u00a0\u00bb vaguement surfaite par des incantations sur \u00ab\u00a0nos \u00c9tats de droit\u00a0\u00bb ne change pas les fondamentaux\u00a0: l\u2019Occident se consid\u00e8re comme l\u2019incarnation du Droit. Une fois de plus, il constitue le mod\u00e8le, \u00e9videmment inimitable, en la mati\u00e8re. Le r\u00e9sultat est croquignolesque, ainsi qu\u2019en t\u00e9moignent les r\u00e9unions du Conseil de S\u00e9curit\u00e9, o\u00f9 chaque prestation occidentale est un morceau de bravoure, un chef-d\u2019\u0153uvre d\u2019hypocrisie, un grand moment de n\u2019importe quoi. On dira\u00a0: et la France alors, et Descartes et le cart\u00e9sianisme, Voltaire et les philosophes, et les Lumi\u00e8res, la raison et la logique, dont on se pique dans nos \u00ab\u00a0\u00c9tats de droit\u00a0\u00bb en g\u00e9n\u00e9ral, et chez nous en particulier\u00a0?<\/span><\/p>\n<p style=\"text-align: justify;\"><span style=\"font-family: times new roman, times, serif; font-size: 14pt;\">Parlons franc, le satan\u00e9 et infernal \u00c9tat de droit impose au ci-devant \u00ab\u00a0homme blanc\u00a0\u00bb un fardeau tel qu\u2019il serait injuste de ne pas trouver de circonstances att\u00e9nuantes \u00e0 ces personnages si \u00e9l\u00e9gants et bien coiff\u00e9s qu\u2019ils ne peuvent \u00eatre malhonn\u00eates. \u00c0 d\u00e9faut d\u2019entendre leur sanglot, il suffit de voir leur visage accabl\u00e9 par la mis\u00e8re du monde, leur indignation devant l\u2019iniquit\u00e9 des \u00c9tats faillis que le monde civilis\u00e9 est oblig\u00e9 de bombarder et de punir, devant l\u2019insolence des \u00e9mergents para-communistes, ou face aux provocations de tous ces \u00ab\u00a0axes de la r\u00e9sistance\u00a0\u00bb. Que de sto\u00efcisme il faut pour mettre de c\u00f4t\u00e9 son attachement aux principes des Nations-Unies afin d\u2019imposer justice et d\u00e9mocratie chez les Barbares. Le vrai \u00c9tat de Droit n\u2019est-il pas l\u2019\u00c9tat de tous les droits\u00a0: de d\u00e9finir des r\u00e8gles, des normes, de nommer, de juger, de menacer, de condamner, de sanctionner, de punir, d\u2019intervenir, de changer les r\u00e9gimes inadapt\u00e9s, d\u2019occuper, de changer la g\u00e9ographie, etc. C\u2019est une grande souffrance morale et une t\u00e2che prenante, qui implique des devoirs et des droits, pile et face de la m\u00eame m\u00e9daille.<\/span><\/p>\n<p style=\"text-align: justify;\"><span style=\"font-family: times new roman, times, serif; font-size: 14pt;\">Dans ces conditions, les \u00c9tats de Droit ne sauraient d\u00e9choir en s\u2019embarrassant de scrupules indignes de leur rang, en respectant dans des pays barbares, des \u00c9tats \u00ab\u00a0qui n\u2019existent pas\u00a0\u00bb aux dires de nos intelligences complexes, les principes et les r\u00e8gles d\u2019un Droit qu\u2019ils malm\u00e8nent chez eux, \u00e0 contre-coeur, n\u2019en doutons pas. Le Droit est affaire de gens ou de pays civilis\u00e9s. Les \u00ab\u00a0\u00c9tats voyous\u00a0\u00bb sont faits pour \u00eatre sanctionn\u00e9s, bombard\u00e9s, punis, mis sous embargo ou sous blocus.<\/span><\/p>\n<p style=\"text-align: justify;\"><span style=\"font-family: times new roman, times, serif; font-size: 14pt;\">\u00c0 ce stade, un souci aura peut-\u00eatre d\u00e9sesp\u00e9r\u00e9 les adeptes du droit, ceux qui croient en la diplomatie et v\u00e9n\u00e8rent la l\u00e9galit\u00e9 onusienne\u2026 Pour qui juge naturelle l\u2019h\u00e9g\u00e9monie exerc\u00e9e depuis si longtemps sur le monde, il est logique de chercher \u00e0 imposer des noms et des normes. C\u2019est ainsi que l\u2019\u00c9tat \u00ab\u00a0hors-la-loi\u00a0\u00bb a \u00e9t\u00e9 d\u00e9fini par les id\u00e9ologues inspir\u00e9s par le messianisme n\u00e9oconservateur. Selon Avraham Shla\u00efm, juriste isra\u00e9lien et professeur \u00e0 Oxford, un \u00ab\u00a0\u00c9tat voyou\u00a0\u00bb d\u00e9tient des armes de destruction massive (ADM), soutient ou pratique le terrorisme et viole r\u00e9guli\u00e8rement le Droit international. Or, ces crit\u00e8res peuvent inspirer de mauvaises pens\u00e9es\u00a0: le cambrioleur crie au vol, l\u2019agresseur hurle au viol.<\/span><\/p>\n<p style=\"text-align: justify;\"><span style=\"font-family: times new roman, times, serif; font-size: 14pt;\">C\u2019est ainsi qu\u2019en Syrie, les trois Occidentaux et leurs alli\u00e9s, puissances nucl\u00e9aires d\u00e9tentrices d\u2019ADM, ont enseveli un peuple sous des tonnes de sanctions sadiques, armes de destruction massive par excellence\u00a0; ils ont soutenu, arm\u00e9, financ\u00e9 et prot\u00e9g\u00e9 les centaines de groupes terroristes (y compris Da\u2019esh et Al Qaida) qui ont martyris\u00e9 le peuple syrien. Ils bombardent, lancent des frappes punitives contre les \u00ab\u00a0m\u00e9chants\u00a0\u00bb. Ils violent le droit international par leur seule pr\u00e9sence militaire sans aval du gouvernement l\u00e9gal, enfreignant la charte des Nations-Unies par leur occupation ill\u00e9gale. Certains comme Erdogan ont m\u00eame des revendications territoriales ou des vell\u00e9it\u00e9s de recolonisation, sans s\u2019attirer les foudres des \u00ab\u00a0Gardiens du Droit\u00a0\u00bb, membres permanents du Conseil de S\u00e9curit\u00e9, alli\u00e9s d\u2019Ankara par la gr\u00e2ce de l\u2019OTAN.<\/span><\/p>\n<p style=\"text-align: justify;\"><span style=\"font-family: times new roman, times, serif; font-size: 14pt;\">Les r\u00e9alit\u00e9s s\u2019accommodent mal d\u2019affirmations sommaires\u00a0: il en va ainsi de celle, largement admise, qui r\u00e9duirait le conflit de Syrie \u00e0 une guerre contre le terrorisme, assimil\u00e9e \u00e0 la lutte contre Da\u2019esh. Or, vue de Damas, cette guerre ne serait pas finie avec la seule disparition de l\u2019\u00c9tat Islamique. \u00c0 Idlib, sur la rive est de l\u2019Euphrate ou du c\u00f4t\u00e9 de la base US d\u2019Al Tanaf, on trouve encore des milliers de terroristes pr\u00e9sent\u00e9s comme des opposants \u00ab\u00a0mod\u00e9r\u00e9s\u00a0\u00bb ou des \u00ab\u00a0rebelles arm\u00e9s\u00a0\u00bb alors qu\u2019ils n\u2019ont que chang\u00e9 de badge afin d\u2019\u00e9chapper aux r\u00e9solutions de l\u2019ONU. Quand bien m\u00eame ces \u00ab\u00a0terroristes mod\u00e9r\u00e9s\u00a0\u00bb seraient-ils \u00e9radiqu\u00e9s ou \u00e9vapor\u00e9s, la guerre ne serait pas achev\u00e9e. Resterait \u00e0 obtenir le d\u00e9part des \u00ab\u00a0forces sp\u00e9ciales\u00a0\u00bb occidentales et le retrait des janissaires du n\u00e9o-calife tra\u00eenant ill\u00e9galement sur le territoire. Tant que le gouvernement n\u2019a pas atteint ses objectifs l\u00e9gitimes, la Syrie sera en \u00e9tat de guerre.<\/span><\/p>\n<p style=\"text-align: justify;\"><span style=\"font-family: times new roman, times, serif; font-size: 14pt;\">Il semble d\u2019ailleurs que les partenaires atlantiques (l\u2019Am\u00e9rique, l\u2019Europe et Isra\u00ebl) n\u2019aient pas l\u2019intention de d\u00e9guerpir facilement. La Syrie, qui devait \u00eatre \u00ab\u00a0lentement saign\u00e9e \u00e0 mort\u00a0\u00bb, a \u00e9t\u00e9 endommag\u00e9e, mais elle r\u00e9siste vaillamment, aid\u00e9e par de puissants alli\u00e9s. \u00c0 d\u00e9faut d\u2019avoir gagn\u00e9 la guerre, pourquoi ne pas emp\u00eacher son retour \u00e0 la vie en l\u2019\u00e9touffant avec les armes que le ma\u00eetre fouettard aime tant\u00a0: les sanctions, blocus et embargos. L\u2019Am\u00e9rique, chef spirituel de tous les criminels d\u00e9vots, en battle-dress ou en trois pi\u00e8ces cravate, fait preuve d\u2019une imagination d\u00e9bordante qui illustre son leadership moral et culturel, tandis que l\u2019Union Europ\u00e9enne lui embo\u00eete le pas avec une servilit\u00e9 in\u00e9puisable et un manque de fantaisie \u00e0 faire dormir debout. N\u00e9anmoins, le dispositif est efficace, tant est puissante l\u2019\u00e9treinte de l\u2019Am\u00e9rique et tellement est pervers son dispositif de normes unilat\u00e9rales et extraterritoriales. Au point qu\u2019un vague attach\u00e9 commercial de l\u2019ambassade US \u00e0 Amman peut terroriser le gouvernement jordanien en interdisait tout commerce avec la Syrie, sa voisine. Les entreprises fran\u00e7aises, gu\u00e8re plus hardies, filent doux devant les menaces de sanctions financi\u00e8res ou commerciales. Le gouvernement de la \u00ab\u00a0grande nation\u00a0\u00bb, comme on disait fi\u00e8rement nagu\u00e8re, n\u2019a plus que deux options\u00a0: se soumettre bon gr\u00e9 mal gr\u00e9 ou se soumettre mal gr\u00e9 bon gr\u00e9.<\/span><\/p>\n<p style=\"text-align: justify;\"><span style=\"font-family: times new roman, times, serif; font-size: 14pt;\">Dans tous les domaines, la Syrie est d\u00e9j\u00e0 gav\u00e9e de sanctions, y compris les plus farfelues. Depuis huit ans, les \u00ab\u00a0trains\u00a0\u00bb de mesures punitives se succ\u00e8dent \u00e0 un rythme effr\u00e9n\u00e9. La derni\u00e8re fourn\u00e9e\u00a0: la loi C\u00e9sar, vot\u00e9e par le Congr\u00e8s, qui g\u00e9n\u00e9ralise les sanctions, les \u00e9tendant \u00e0 tous les secteurs, et touchant non seulement les soci\u00e9t\u00e9s ou les banques, mais d\u00e9sormais les \u00c9tats et les individus. Il s\u2019agit d\u2019ass\u00e9cher les circuits financiers syriens pour interdire toute reconstruction, autrement dit d\u2019\u00e9trangler le peuple syrien. Par ailleurs, les pays voisins ayant accueilli des r\u00e9fugi\u00e9s sont soumis \u00e0 des pressions violentes visant \u00e0 emp\u00eacher le retour de ces exil\u00e9s vers la Syrie, \u00ab\u00a0la situation n\u2019\u00e9tant pas m\u00fbre\u00a0\u00bb (disent les occidentaux). L\u2019Union Europ\u00e9enne s\u2019est empress\u00e9e d\u2019imiter son grand timonier. Ses \u00c9tats, qui ne sont plus leurs propres l\u00e9gislateurs, ne peuvent que se rallier \u00e0 la majorit\u00e9, laquelle ne jure que par la voix de son ma\u00eetre.<\/span><\/p>\n<p style=\"text-align: justify;\"><span style=\"font-family: times new roman, times, serif; font-size: 14pt;\">Les discussions sur la question syrienne sont \u00e9touff\u00e9es par une omerta et une censure impitoyables. Le lavage de cerveau est parvenu \u00e0 pervertir le d\u00e9bat. Celui-ci ne porte jamais sur la l\u00e9galit\u00e9 ou l\u2019ill\u00e9galit\u00e9 de l\u2019envoi de troupes contre la volont\u00e9 du gouvernement syrien. Aucun doute n\u2019est \u00e9mis sur la l\u00e9gitimit\u00e9 de leur pr\u00e9sence et de leur maintien, pr\u00e9tendument pour combattre Da\u2019esh, soutenir les \u00ab\u00a0d\u00e9mocrates kurdes\u00a0\u00bb, v\u00e9rifier le niveau de l\u2019eau dans l\u2019Euphrate, ou bombarder pour tuer le temps. Par contre, on distrait la galerie lorsque la tactique est critiqu\u00e9e sur le plan technique par tel ou tel officier. Comme si l\u2019aventure militaire lanc\u00e9e par un \u00ab\u00a0\u00c9tat de Droit\u00a0\u00bb ne pouvait qu\u2019\u00eatre l\u00e9gale et l\u00e9gitime. De m\u00eame, le d\u00e9bat national s\u2019enflamme lorsqu\u2019il concerne le retour et le jugement des terroristes fran\u00e7ais partis faire le djihad. Mais la discussion envisage le probl\u00e8me du seul point de vue de la s\u00e9curit\u00e9 de la France\u00a0: quel danger repr\u00e9senteront ces individus \u00e0 leur retour. Aucune condamnation de l\u2019action pass\u00e9e en Syrie. \u00c0 qui les remettre, aux Turcs, aux Kurdes\u2026\u00a0? Pas un mot sur leur \u00e9ventuelle remise aux seules autorit\u00e9s l\u00e9gitimes, celles de Damas. \u00c0 en croire nos chefs de guerre, il n\u2019y aurait plus d\u2019\u00c9tat, pas de justice en Syrie. Dans ces conditions, comment la France peut-elle esp\u00e9rer remettre un pied dans ce pays qu\u2019elle a contribu\u00e9 \u00e0 d\u00e9truire et dont elle nie l\u2019existence, un \u00c9tat pourtant consid\u00e9r\u00e9 comme le vainqueur potentiel\u00a0?<\/span><\/p>\n<p style=\"text-align: justify;\"><span style=\"font-family: times new roman, times, serif; font-size: 14pt;\">Aux dires des experts la guerre est termin\u00e9e, mais tant de mensonges ont \u00e9t\u00e9 r\u00e9pandus qu\u2019il sera difficile de normaliser. Loin de faire machine arri\u00e8re, l\u2019Occident, qui porte une responsabilit\u00e9 \u00e9crasante dans la trag\u00e9die, semble parti pour une fuite en avant o\u00f9 tous les coups seront permis, dans un m\u00e9pris total de la l\u00e9galit\u00e9. L\u2019approche tordue de \u00ab\u00a0nos \u00c9tats de Droit\u00a0\u00bb ne pr\u00e9sage rien de bon. En ce huiti\u00e8me anniversaire, les dirigeants fran\u00e7ais sont enferr\u00e9s dans un d\u00e9sir de vengeance irrationnel, pr\u00e9tendant plus que jamais d\u00e9cider de l\u2019avenir de la Syrie, sur lequel ils n\u2019ont gu\u00e8re de prise. On accordait jadis \u00e0 la France une vocation de m\u00e9diatrice ou de conciliatrice. Il est navrant que les dirigeants d\u2019aujourd\u2019hui se contentent d\u2019une capacit\u00e9 de nuisance. Reviendront-t-ils \u00e0 la raison\u00a0?<\/span><\/p>\n<p style=\"text-align: justify;\"><span style=\"font-family: times new roman, times, serif; font-size: 14pt;\">Source\u00a0: <a href=\"http:\/\/www.comite-valmy.org\/\">http:\/\/www.comite-valmy.org\/<\/a><\/span><\/p>\n<p>&nbsp;<\/p>\n<p>&nbsp;<\/p>\n<p style=\"text-align: center;\"><img loading=\"lazy\" class=\"alignnone size-full wp-image-3270\" src=\"http:\/\/blog.lesgrossesorchadeslesamplesthalameges.fr\/wp-content\/uploads\/2019\/03\/Coeur-Syrie-GIF-1.gif\" alt=\"\" width=\"162\" height=\"157\" \/><\/p>\n<p>&nbsp;<\/p>\n<p style=\"text-align: right;\"><span style=\"font-family: comic sans ms, sans-serif; font-size: 14pt;\">20 mars 2019<\/span><\/p>\n<p>&nbsp;<\/p>\n<p>&nbsp;<\/p>\n","protected":false},"excerpt":{"rendered":"<p>\u00a0 &nbsp; &nbsp; &nbsp; &nbsp; Solidarit\u00e9 avec la Syrie souveraine \u00a0 \u00c9tats de droit Michel Raimbaud \u2013 Comit\u00e9 Valmy \u2013 18\u00a03.2019 &nbsp; &nbsp; &nbsp; &nbsp; Michel Raimbaud Ancien ambassadeur de France &nbsp; Ce vendredi 15 mars 2019 marque le huiti\u00e8me anniversaire d\u2019un conflit universel. D\u00e9j\u00e0 plus long que les deux guerres mondiales, il a pass\u00e9&#8230;<\/p>\n","protected":false},"author":1,"featured_media":0,"parent":0,"menu_order":0,"comment_status":"open","ping_status":"open","template":"","meta":[],"_links":{"self":[{"href":"https:\/\/blog.lesgrossesorchadeslesamplesthalameges.fr\/index.php\/wp-json\/wp\/v2\/pages\/3265"}],"collection":[{"href":"https:\/\/blog.lesgrossesorchadeslesamplesthalameges.fr\/index.php\/wp-json\/wp\/v2\/pages"}],"about":[{"href":"https:\/\/blog.lesgrossesorchadeslesamplesthalameges.fr\/index.php\/wp-json\/wp\/v2\/types\/page"}],"author":[{"embeddable":true,"href":"https:\/\/blog.lesgrossesorchadeslesamplesthalameges.fr\/index.php\/wp-json\/wp\/v2\/users\/1"}],"replies":[{"embeddable":true,"href":"https:\/\/blog.lesgrossesorchadeslesamplesthalameges.fr\/index.php\/wp-json\/wp\/v2\/comments?post=3265"}],"version-history":[{"count":0,"href":"https:\/\/blog.lesgrossesorchadeslesamplesthalameges.fr\/index.php\/wp-json\/wp\/v2\/pages\/3265\/revisions"}],"wp:attachment":[{"href":"https:\/\/blog.lesgrossesorchadeslesamplesthalameges.fr\/index.php\/wp-json\/wp\/v2\/media?parent=3265"}],"curies":[{"name":"wp","href":"https:\/\/api.w.org\/{rel}","templated":true}]}}