{"id":3274,"date":"2019-03-20T22:19:54","date_gmt":"2019-03-20T21:19:54","guid":{"rendered":"http:\/\/blog.lesgrossesorchadeslesamplesthalameges.fr\/?page_id=3274"},"modified":"2019-03-20T22:19:56","modified_gmt":"2019-03-20T21:19:56","slug":"damas-lmiberera-les-zones-kurdes","status":"publish","type":"page","link":"https:\/\/blog.lesgrossesorchadeslesamplesthalameges.fr\/index.php\/damas-lmiberera-les-zones-kurdes\/","title":{"rendered":"Damas lmib\u00e9rera les zones kurdes"},"content":{"rendered":"<p>&nbsp;<\/p>\n<p>&nbsp;<\/p>\n<p>&nbsp;<\/p>\n<p>&nbsp;<\/p>\n<p style=\"text-align: center;\"><span style=\"font-family: times new roman, times, serif; font-size: 48pt; color: #c00000;\">SYRIE<\/span><\/p>\n<p>&nbsp;<\/p>\n<p style=\"text-align: center;\"><span style=\"font-family: times new roman, times, serif; font-size: 36pt;\"><strong>Damas lib\u00e9rera les zones kurdes \u00ab\u00a0par la force\u00a0\u00bb ou \u00ab\u00a0par des accords\u00a0\u00bb<\/strong><\/span><\/p>\n<p>&nbsp;<\/p>\n<p style=\"text-align: center;\"><span style=\"font-family: times new roman, times, serif; font-size: 18pt;\"><strong>D\u2019apr\u00e8s<\/strong> <strong><em>actu.orange\/AFP<\/em><\/strong><strong> <em>(18\/3\/19)<\/em><\/strong><\/span><\/p>\n<p>&nbsp;<\/p>\n<p style=\"text-align: center;\"><img loading=\"lazy\" class=\"alignnone wp-image-3275\" src=\"http:\/\/blog.lesgrossesorchadeslesamplesthalameges.fr\/wp-content\/uploads\/2019\/03\/general-ayoub-1-300x200.jpg\" alt=\"\" width=\"600\" height=\"400\" srcset=\"https:\/\/blog.lesgrossesorchadeslesamplesthalameges.fr\/wp-content\/uploads\/2019\/03\/general-ayoub-1-300x200.jpg 300w, https:\/\/blog.lesgrossesorchadeslesamplesthalameges.fr\/wp-content\/uploads\/2019\/03\/general-ayoub-1-768x512.jpg 768w, https:\/\/blog.lesgrossesorchadeslesamplesthalameges.fr\/wp-content\/uploads\/2019\/03\/general-ayoub-1.jpg 800w\" sizes=\"(max-width: 600px) 100vw, 600px\" \/><\/p>\n<p style=\"text-align: center;\"><span style=\"font-family: times new roman, times, serif; font-size: 14pt;\"><strong><em>Le g\u00e9n\u00e9ral Ali Abdallah Ayoub, ministre syrien de la D\u00e9fense<\/em><\/strong><\/span><\/p>\n<p style=\"text-align: center;\"><span style=\"font-family: times new roman, times, serif; font-size: 14pt;\"><strong>\u00a0<\/strong><\/span><\/p>\n<p style=\"text-align: justify;\"><span style=\"font-family: times new roman, times, serif; font-size: 14pt;\">L&rsquo;arm\u00e9e syrienne <em>lib\u00e9rera<\/em> les zones sous contr\u00f4le des forces kurdes, dans le nord et le nord-est de la Syrie, <em>\u00ab\u00a0par la force\u00a0\u00bb<\/em> ou par le biais <em>\u00a0d\u2019\u00ab\u00a0accords de r\u00e9conciliation\u00a0\u00bb,<\/em> a averti lundi le ministre syrien de la D\u00e9fense.<\/span><\/p>\n<p style=\"text-align: justify;\"><span style=\"font-family: times new roman, times, serif; font-size: 14pt;\"><em>\u00ab\u00a0L&rsquo;arm\u00e9e va lib\u00e9rer cette r\u00e9gion comme elle a d\u00e9j\u00e0 lib\u00e9r\u00e9 la plupart des r\u00e9gions de Syrie par la force ou par le biais d&rsquo;accords de r\u00e9conciliation nationale\u00a0\u00bb<\/em>, a affirm\u00e9 Ali Abdallah Ayoub lors d&rsquo;une conf\u00e9rence de presse \u00e0 Damas avec les commandants en chef des arm\u00e9es irakienne et iranienne.<\/span><\/p>\n<p style=\"text-align: justify;\"><span style=\"font-family: times new roman, times, serif; font-size: 14pt;\">Les forces kurdes sont <em>\u00ab\u00a0la seule carte restante aux mains des Am\u00e9ricains\u00a0\u00bb,<\/em> a ajout\u00e9 M. Ayoub, en r\u00e9f\u00e9rence aux <em>Forces d\u00e9mocratiques syriennes (FDS)<\/em> soutenues par la coalition internationale \u00ab\u00a0antijihadiste\u00a0\u00bb dirig\u00e9e par les \u00c9tats-Unis.<\/span><\/p>\n<p style=\"text-align: justify;\"><span style=\"font-family: times new roman, times, serif; font-size: 14pt;\">Cette alliance de combattants arabes et kurdes est le fer de lance de la lutte contre le groupe <em>Etat islamique (EI) <\/em>et m\u00e8ne, \u00e0 l&rsquo;heure actuelle, avec l&rsquo;aide de la coalition chapeaut\u00e9e par Washington, une offensive contre l&rsquo;ultime poche du <em>\u00ab\u00a0califat\u00a0\u00bb<\/em> autoproclam\u00e9 en Syrie.<\/span><\/p>\n<p style=\"text-align: justify;\"><span style=\"font-family: times new roman, times, serif; font-size: 14pt;\">\u00c0 la faveur du conflit d\u00e9clench\u00e9 en 2011 et du d\u00e9part des forces gouvernementales mi-2012, les Kurdes de Syrie, une minorit\u00e9 ethnique repr\u00e9sentant 15% de la population syrienne, ont instaur\u00e9 une autonomie\u00a0sur de vastes\u00a0territoires dans le nord et le nord-est du pays, riches en ressources p\u00e9troli\u00e8res, hydrauliques et agricoles.<\/span><\/p>\n<p style=\"text-align: justify;\"><span style=\"font-family: times new roman, times, serif; font-size: 14pt;\">Ils ont adopt\u00e9 d\u00e8s le d\u00e9but du conflit une position de neutralit\u00e9 envers le pouvoir et la r\u00e9bellion.<\/span><\/p>\n<p style=\"text-align: justify;\"><span style=\"font-family: times new roman, times, serif; font-size: 14pt;\">En d\u00e9cembre 2018, le pr\u00e9sident am\u00e9ricain Donald Trump a ordonn\u00e9 le retrait de ses quelque 2.000 militaires d\u00e9ploy\u00e9s en Syrie, suscitant l&rsquo;inqui\u00e9tude des responsables kurdes, avant qu&rsquo;il ne revienne sur sa d\u00e9cision et annonce le maintien de 200 soldats.<\/span><\/p>\n<p style=\"text-align: justify;\"><span style=\"font-family: times new roman, times, serif; font-size: 14pt;\">Face au risque d&rsquo;un l\u00e2chage am\u00e9ricain, les Kurdes ont entam\u00e9 en \u00e9t\u00e9 dernier des n\u00e9gociations avec Damas concernant l&rsquo;avenir de leur autonomie. \u00a0<\/span><\/p>\n<p style=\"text-align: justify;\"><span style=\"font-family: times new roman, times, serif; font-size: 14pt;\">Soutenu par la Russie et l&rsquo;Iran, le gouvernement syrien a enchain\u00e9 les victoires contre rebelles et jihadistes ces derni\u00e8res ann\u00e9es, et contr\u00f4lent aujourd&rsquo;hui de nouveau pr\u00e8s des deux tiers du pays.<\/span><\/p>\n<p style=\"text-align: justify;\"><span style=\"font-family: times new roman, times, serif; font-size: 14pt;\">Il a d\u00e9sormais dans le viseur les zones kurdes et la province d&rsquo;Idleb (nord-ouest).<\/span><\/p>\n<p style=\"text-align: justify;\"><span style=\"font-family: times new roman, times, serif; font-size: 14pt;\"><em>\u00ab\u00a0L&rsquo;Etat syrien r\u00e9tablira son autorit\u00e9 totale (&#8230;), Idlib ne sera pas une exception\u00a0\u00bb<\/em>, a martel\u00e9 lundi M. Ayoub.\u00a0<\/span><\/p>\n<p style=\"text-align: justify;\"><span style=\"font-family: times new roman, times, serif; font-size: 14pt;\">Pass\u00e9e en d\u00e9but d&rsquo;ann\u00e9e sous la tutelle du groupe jihadiste <em>Hayat Tahrir al-Cham (HTS),<\/em> domin\u00e9 par l&rsquo;ex-branche syrienne d&rsquo;<em>Al-Qa\u00efda<\/em>, la province d&rsquo;Idlib est <em>\u00ab\u00a0prot\u00e9g\u00e9e\u00a0\u00bb<\/em> par un accord russo-turc ayant emp\u00each\u00e9 une offensive des forces gouvernementales.<\/span><\/p>\n<p style=\"text-align: justify;\"><span style=\"font-family: times new roman, times, serif; font-size: 14pt;\">La guerre en Syrie s&rsquo;est complexifi\u00e9e au fil des ans, avec l&rsquo;implication d\u2019acteurs \u00e9trangers de plus en plus nombreux et la mont\u00e9e en puissance de groupes jihadistes. Le conflit a tu\u00e9 plus de 370.000 personnes, selon l&rsquo;<em>Observatoire syrien des droits de l&rsquo;Homme (OSDH),<\/em> et d\u00e9plac\u00e9 plusieurs millions d&rsquo;autres.\u00a0<\/span><\/p>\n<p style=\"text-align: justify;\"><span style=\"font-family: times new roman, times, serif; font-size: 14pt;\">Source\u00a0: <\/span><a href=\"https:\/\/actu.orange.fr\/monde\/syrie-damas-liberera-les-zones-kurdes-par-la-force-ou-des-accords-CNT000001dQsQw.html\"><span style=\"font-family: times new roman, times, serif; font-size: 14pt;\">actu.orange<\/span><\/a><\/p>\n<p>&nbsp;<\/p>\n<p>&nbsp;<\/p>\n<p style=\"text-align: center;\"><img loading=\"lazy\" class=\"alignnone size-full wp-image-3270\" src=\"http:\/\/blog.lesgrossesorchadeslesamplesthalameges.fr\/wp-content\/uploads\/2019\/03\/Coeur-Syrie-GIF-1.gif\" alt=\"\" width=\"162\" height=\"157\" \/><\/p>\n<p>&nbsp;<\/p>\n<p>&nbsp;<\/p>\n<p style=\"text-align: right;\"><span style=\"font-family: comic sans ms, sans-serif; font-size: 14pt;\">20 mars 2019<\/span><\/p>\n<p>&nbsp;<\/p>\n<p>&nbsp;<\/p>\n","protected":false},"excerpt":{"rendered":"<p>&nbsp; &nbsp; &nbsp; &nbsp; SYRIE &nbsp; Damas lib\u00e9rera les zones kurdes \u00ab\u00a0par la force\u00a0\u00bb ou \u00ab\u00a0par des accords\u00a0\u00bb &nbsp; D\u2019apr\u00e8s actu.orange\/AFP (18\/3\/19) &nbsp; Le g\u00e9n\u00e9ral Ali Abdallah Ayoub, ministre syrien de la D\u00e9fense \u00a0 L&rsquo;arm\u00e9e syrienne lib\u00e9rera les zones sous contr\u00f4le des forces kurdes, dans le nord et le nord-est de la Syrie, \u00ab\u00a0par la&#8230;<\/p>\n","protected":false},"author":1,"featured_media":0,"parent":0,"menu_order":0,"comment_status":"open","ping_status":"open","template":"","meta":[],"_links":{"self":[{"href":"https:\/\/blog.lesgrossesorchadeslesamplesthalameges.fr\/index.php\/wp-json\/wp\/v2\/pages\/3274"}],"collection":[{"href":"https:\/\/blog.lesgrossesorchadeslesamplesthalameges.fr\/index.php\/wp-json\/wp\/v2\/pages"}],"about":[{"href":"https:\/\/blog.lesgrossesorchadeslesamplesthalameges.fr\/index.php\/wp-json\/wp\/v2\/types\/page"}],"author":[{"embeddable":true,"href":"https:\/\/blog.lesgrossesorchadeslesamplesthalameges.fr\/index.php\/wp-json\/wp\/v2\/users\/1"}],"replies":[{"embeddable":true,"href":"https:\/\/blog.lesgrossesorchadeslesamplesthalameges.fr\/index.php\/wp-json\/wp\/v2\/comments?post=3274"}],"version-history":[{"count":0,"href":"https:\/\/blog.lesgrossesorchadeslesamplesthalameges.fr\/index.php\/wp-json\/wp\/v2\/pages\/3274\/revisions"}],"wp:attachment":[{"href":"https:\/\/blog.lesgrossesorchadeslesamplesthalameges.fr\/index.php\/wp-json\/wp\/v2\/media?parent=3274"}],"curies":[{"name":"wp","href":"https:\/\/api.w.org\/{rel}","templated":true}]}}