{"id":3281,"date":"2019-03-20T22:50:22","date_gmt":"2019-03-20T21:50:22","guid":{"rendered":"http:\/\/blog.lesgrossesorchadeslesamplesthalameges.fr\/?page_id=3281"},"modified":"2019-03-21T04:09:10","modified_gmt":"2019-03-21T03:09:10","slug":"litalie-courtisant-la-chine","status":"publish","type":"page","link":"https:\/\/blog.lesgrossesorchadeslesamplesthalameges.fr\/index.php\/litalie-courtisant-la-chine\/","title":{"rendered":"L&rsquo;Italie courtisant la Chine"},"content":{"rendered":"<p>&nbsp;<\/p>\n<p>&nbsp;<\/p>\n<p>&nbsp;<\/p>\n<p>&nbsp;<\/p>\n<p>&nbsp;<\/p>\n<p>&nbsp;<\/p>\n<p style=\"text-align: center;\"><span style=\"font-family: times new roman, times, serif; font-size: 36pt;\"><strong>L\u2019Italie courtisant la Chine est un coup de ma\u00eetre du chaos<\/strong><\/span><\/p>\n<p>&nbsp;<\/p>\n<p style=\"text-align: center;\"><span style=\"font-family: times new roman, times, serif; font-size: 14pt;\"><a href=\"https:\/\/tomluongo.me\/author\/tfl1728\/\"><strong><span style=\"font-size: 18pt;\">Tom Luongo<\/span><\/strong><\/a><span style=\"font-size: 18pt;\"> \u2013 <strong><em>Gold, Goats \u2018N Guns<\/em><\/strong> \u2013 15.3.2019<\/span><\/span><\/p>\n<p>&nbsp;<\/p>\n<p>&nbsp;<\/p>\n<p style=\"text-align: justify;\"><img loading=\"lazy\" class=\"wp-image-3285 aligncenter\" src=\"http:\/\/blog.lesgrossesorchadeslesamplesthalameges.fr\/wp-content\/uploads\/2019\/03\/trump-di-maio-1-300x210.jpg\" alt=\"\" width=\"600\" height=\"421\" srcset=\"https:\/\/blog.lesgrossesorchadeslesamplesthalameges.fr\/wp-content\/uploads\/2019\/03\/trump-di-maio-1-300x210.jpg 300w, https:\/\/blog.lesgrossesorchadeslesamplesthalameges.fr\/wp-content\/uploads\/2019\/03\/trump-di-maio-1-768x539.jpg 768w, https:\/\/blog.lesgrossesorchadeslesamplesthalameges.fr\/wp-content\/uploads\/2019\/03\/trump-di-maio-1.jpg 927w\" sizes=\"(max-width: 600px) 100vw, 600px\" \/><\/p>\n<p>&nbsp;<\/p>\n<p>&nbsp;<\/p>\n<p style=\"text-align: justify;\"><span style=\"font-family: times new roman, times, serif; font-size: 14pt;\">La visite en Italie, la semaine prochaine, du Premier ministre chinois Xi Jinping rend presque tout le monde nerveux. L\u2019annonce que vient de faire le dirigeant du Mouvement Cinq \u00c9toiles Luigi di Maio selon laquelle son pays est pr\u00eat \u00e0 signer un protocole d\u2019accord avec la Chine pour faire partie de l\u2019ambitieuse initiative OBOR a d\u00e9clench\u00e9 une avalanche de r\u00e9actions de Trump \u00e0 Angela Merkel et au propre partenaire de coalition de Di Maio, le dirigeant de la Lega Matteo Salvini.<\/span><\/p>\n<p style=\"text-align: justify;\"><span style=\"font-family: times new roman, times, serif; font-size: 14pt;\">Mais ne vous laissez pas tromper par l\u2019emballage. Je ne crois pas que l\u2019annonce de Di Maio ait pris Salvini au d\u00e9pourvu \u2013 <a href=\"https:\/\/in.reuters.com\/article\/us-italy-china-analysis\/italys-drive-to-join-chinas-belt-and-road-hits-pot-holes-idINKCN1QW1E2\">comme le laisse croire l\u2019article de Reuters<\/a> \u2013 autant qu\u2019elle a interloqu\u00e9 Merkel et Trump.<\/span><\/p>\n<p>&nbsp;<\/p>\n<p style=\"text-align: justify; padding-left: 90px;\"><span style=\"font-family: times new roman, times, serif; font-size: 14pt;\">Bien que <a href=\"https:\/\/solidariteetprogres.fr\/actualites-001\/l-italie-cap-sur-la-chine.html\">Geraci<\/a> soit un membre de la Ligue, le groupe a eu l\u2019air pris de court quand la nouvelle d\u2019un accord imminent a \u00e9merg\u00e9 la semaine derni\u00e8re, avec le chef du parti, Matteo Salvini mettant en garde contre \u00ab\u00a0la\u00a0colonisation\u00a0\u00bb de l\u2019Italie par la Chine.<\/span><\/p>\n<p>&nbsp;<\/p>\n<p style=\"text-align: justify;\"><span style=\"font-family: times new roman, times, serif; font-size: 14pt;\">\u00ab\u00a0Nous sommes en train de l\u2019examiner\u00a0\u00bb a d\u00e9clar\u00e9 jeudi Salvini, co-Premier ministre avec Di Maio. \u00ab\u00a0Avant de permettre \u00e0 quelqu\u2019un d\u2019investir dans les ports de Trieste et de G\u00eanes, je ne r\u00e9fl\u00e9chirais pas une mais une centaine de fois.\u00a0\u00bb<\/span><\/p>\n<p style=\"text-align: justify;\"><span style=\"font-family: times new roman, times, serif; font-size: 14pt;\">Quoi qu\u2019on en pense, cette annonce est une initiative tr\u00e8s intelligente de Di Maio. Elle met quelque peu sur la d\u00e9fensive un Salvini qui r\u00e9glait depuis quelque temps le tempo de la coalition. Salvini a besoin de l\u2019aide de Trump pour se\u00a0 mesurer \u00e0 Merkel et \u00e0 l\u2019Union Europ\u00e9enne.<\/span><\/p>\n<p style=\"text-align: justify;\"><span style=\"font-family: times new roman, times, serif; font-size: 14pt;\">Merkel essaie de montrer ses muscles \u00e0 Trump sur les questions d\u2019\u00e9nergie, <a href=\"https:\/\/tomluongo.me\/2019\/02\/21\/merkel-draws-the-line-against-trump\/\">comme je l\u2019ai expliqu\u00e9 dans un r\u00e9cent article<\/a>, en d\u00e9fendant le gazoduc Nordstream 2 contre l\u2019agression US, pour tenter de changer la distribution des cartes du jeu g\u00e9opolitique<\/span><\/p>\n<p style=\"text-align: justify;\"><span style=\"font-family: times new roman, times, serif; font-size: 14pt;\">Il me para\u00eet clair aujourd\u2019hui que les priorit\u00e9s de Merkel pour ce qu\u2019il lui reste de temps \u00e0 la chancellerie sont les suivantes<br \/>\n<\/span><\/p>\n<p>&nbsp;<\/p>\n<p style=\"padding-left: 120px; text-align: justify;\"><span style=\"font-family: times new roman, times, serif; font-size: 14pt;\">1\/ Ouvrir, pour la politique ext\u00e9rieure de l\u2019UE une route ind\u00e9pendante des USA en cr\u00e9ant une arm\u00e9e UE pour \u00e9viter le recours \u00e0 l\u2019OTAN et\u2026<\/span><\/p>\n<p style=\"padding-left: 120px; text-align: justify;\"><span style=\"font-family: times new roman, times, serif; font-size: 14pt;\">2\/ <\/span><span style=\"font-family: times new roman, times, serif; font-size: 14pt;\">Mettre fin \u00e0 l\u2019occupation US de l\u2019Allemagne.<\/span><\/p>\n<p style=\"padding-left: 120px; text-align: justify;\"><span style=\"font-family: times new roman, times, serif; font-size: 14pt;\">3\/ Assurer l\u2019avenir \u00e9nerg\u00e9tique de l\u2019Allemagne, qui asure \u00e9galement son avenir politique de pays dirigeant de l\u2019Union Europ\u00e9enne, en soudant le continent aux art\u00e8res \u00e9nerg\u00e9tiques russes\u00a0: Nordstream 2 et Turkstream.<\/span><\/p>\n<p style=\"padding-left: 120px; text-align: justify;\"><span style=\"font-family: times new roman, times, serif; font-size: 14pt;\">4\/ R\u00e9ussir le d\u00e9gagement d\u2019avec l\u2019OTAN, force qui contr\u00f4le les relations de l\u2019Europe avec la Russie, mais ne sert pas les objectifs de l\u2019Europe \u00e0 long terme.<\/span><\/p>\n<p>&nbsp;<\/p>\n<p style=\"text-align: justify;\"><span style=\"font-family: times new roman, times, serif; font-size: 14pt;\">Ceci, alors que Trump et Xi sont jusqu\u2019au cou dans les tractations d\u2019un accord commercial dont le monde entier guette l\u2019issue en retenant son souffle. Que je vous souffle\u00a0: <a href=\"https:\/\/moneyandmarkets.com\/tom-luongo-dow-rally-past-china-trump-trade\/\">Trump pliera<\/a>.<\/span><\/p>\n<p style=\"text-align: justify;\"><span style=\"font-family: times new roman, times, serif; font-size: 14pt;\"><a href=\"https:\/\/www.reuters.com\/article\/us-usa-trade-eu-idUSKCN1QV1UM\">L\u2019UE vient juste de reporter les discussions avec les USA sur cette question<\/a>, ne r\u00e9ussissant pas \u00e0 se d\u00e9cider s\u2019il convient de rouvrir les n\u00e9gociations commerciales avec les \u00c9tats-Unis..<\/span><\/p>\n<p>&nbsp;<\/p>\n<p style=\"text-align: justify; padding-left: 120px;\"><span style=\"font-family: times new roman, times, serif; font-size: 14pt;\"><strong>Dans un vote d\u00e9routant, le Parlement europ\u00e9en vient de faire passer \u00e0 une \u00e9troite majorit\u00e9 une s\u00e9rie d\u2019amendements contre la reprise des discussions, mais a ensuite vot\u00e9 contre sa propre r\u00e9solution, ce qui signifie en r\u00e9alit\u00e9 qu\u2019il a d\u00e9cid\u00e9 de n\u2019avoir pas de point de vue.<\/strong><\/span><\/p>\n<p style=\"text-align: justify; padding-left: 120px;\"><span style=\"font-family: times new roman, times, serif; font-size: 14pt;\"><strong>La r\u00e9solution n\u2019aurait pas \u00e9t\u00e9 contraignante, mais le Parlement devra approuver tout accord pris, et les gouvernements de l\u2019UE ont d\u00e9clar\u00e9 qu\u2019ils voulaient entendre l\u2019opinion des parlementaires avant de d\u00e9cider quoi que ce soit.<\/strong>.<\/span><\/p>\n<p>&nbsp;<\/p>\n<p style=\"text-align: justify;\"><span style=\"font-family: times new roman, times, serif; font-size: 14pt;\">Parce que tout, bien s\u00fbr, dans l\u2019UE, est en temps normal clair comme de l\u2019eau de roche, non ?<\/span><\/p>\n<p style=\"text-align: justify;\"><span style=\"font-family: times new roman, times, serif; font-size: 14pt;\">Et voil\u00e0 maintenant que Di Maio s\u2019am\u00e8ne et prend un rendez-vous d\u2019importance majeure avec Xi, \u00e0 la recherche de milliards en investissements chinois pour relancer les perspectives \u00e9conomiques de l\u2019Italie.<\/span><\/p>\n<p style=\"text-align: justify;\"><span style=\"font-family: times new roman, times, serif; font-size: 14pt;\">Trump est d\u00e9j\u00e0 fou de rage avec Nordstream 2 et menace de sanctions quelques-unes des plus grosses compagnies du monde pour leur participation au projet. Mais ce navire a d\u00e9j\u00e0 lev\u00e9 l\u2019ancre. Le gazoduc est termin\u00e9 \u00e0 70%.<\/span><\/p>\n<p style=\"text-align: justify;\"><span style=\"font-family: times new roman, times, serif; font-size: 14pt;\">\u00c0 peu pr\u00e8s tout ce que les USA peuvent essayer de faire d\u00e9sormais, c\u2019est obtenir du Parlement europ\u00e9en qu\u2019il mette fin aux livraisons de gaz par ce gazoduc en passant par pertes et profits les 11 milliards d\u2019euros qu\u2019il a d\u00e9pens\u00e9s pour construire le bidule. C\u2019est comme avec le Brexit et la Crim\u00e9e\u00a0: il y a un moment o\u00f9 ceux qui s\u2019opposent \u00e0 quelque chose qui ne leur pla\u00eet pas dans le monde doivent accepter le fait accompli.<\/span><\/p>\n<p style=\"text-align: justify;\"><span style=\"font-family: times new roman, times, serif; font-size: 14pt;\">Malheureusement, les gens d\u00e9traqu\u00e9s qui croient qu\u2019ils dirigent la plan\u00e8te n\u2019abandonneront pas tant qu\u2019il y aura des avocats \u00e0 d\u00e9ployer pour compliquer les choses.<\/span><\/p>\n<p style=\"text-align: justify;\"><span style=\"font-family: times new roman, times, serif; font-size: 14pt;\">C\u2019est pourquoi je trouve merveilleux le coup jou\u00e9 par Di Maio. Trump est engag\u00e9 dans une guerre \u00e9conomique avec la Chine, tout en se plaignant am\u00e8rement de ce que l\u2019Europe ait le front de faire des affaires avec la Russie. Il la menace m\u00eame de lui facturer la pr\u00e9sence des troupes que nous n\u2019avons aucune envie de lui \u00f4ter.<\/span><\/p>\n<p style=\"text-align: justify;\"><span style=\"font-family: times new roman, times, serif; font-size: 14pt;\">Di Maio dit que l\u2019Italie est exactement ce qui convient \u00e0 l\u2019initiative OBOR chinoise, initiative que que les USA sont en train de saper activement partout en Asie et au Moyen Orient.<\/span><\/p>\n<p style=\"text-align: justify;\"><span style=\"font-family: times new roman, times, serif; font-size: 14pt;\">Et tout cela en faisant un pied de nez \u00e0 Merkel qui n\u2019a pas envie que l\u2019Italie se sente libre d\u2019en faire \u00e0 sa guise \u00e0 quelque niveau que ce soit, au moment o\u00f9 on entre dans la saison des \u00e9lections parlementaires europ\u00e9ennes. Les Eurosceptiques pourraient bien remporter jusqu\u2019\u00e0 un tiers des si\u00e8ges, m\u00eame sans l\u2019apport d\u2019un contingent d\u2019otages britanniques.<\/span><\/p>\n<p style=\"text-align: justify;\"><span style=\"font-family: times new roman, times, serif; font-size: 14pt;\">En\u00a0 outre, Merkel doit toujours essayer de parler des deux coins de la bouche \u00e0 la fois avec les USA\u00a0:<\/span><\/p>\n<p>&nbsp;<\/p>\n<p style=\"text-align: justify; padding-left: 150px;\"><span style=\"font-family: times new roman, times, serif; font-size: 14pt;\">1\/ Rester ferme sur le Nordstream <\/span><\/p>\n<p style=\"text-align: justify; padding-left: 150px;\"><span style=\"font-family: times new roman, times, serif; font-size: 14pt;\">2\/ essayer de sauver les accords de Vienne sur le nucl\u00e9aire iranien, mais soutenir l\u2019imb\u00e9cile op\u00e9ration de changement de r\u00e9gime US au Venezuela pour calmer Trump.<\/span><\/p>\n<p>&nbsp;<\/p>\n<p style=\"text-align: justify;\"><span style=\"font-family: times new roman, times, serif; font-size: 14pt;\">Ceci est une forte d\u00e9claration d\u2019ind\u00e9pendance de l\u2019Italie, qui rejoint ainsi la Hongrie, la Pologne, la Gr\u00e8ce et le Portugal, pays qui ont tous des protocoles d\u2019accord avec la Chine. Et ce n\u2019est pas comme si la Hongrie et la Pologne\u00a0 \u00e9taient en t\u00eate sur la liste des cartes de v\u0153ux de Merkel pour No\u00ebl. L\u2019une et l\u2019autre sont aux prises avec une proc\u00e9dure \u00ab\u00a0Article 7\u00a0\u00bb visant \u00e0 les d\u00e9pouiller de leur droit de vote \u00e0 l\u2019UE.<\/span><\/p>\n<p style=\"text-align: justify;\"><span style=\"font-family: times new roman, times, serif; font-size: 14pt;\">De quelque c\u00f4t\u00e9 qu\u2019on prenne les choses, cette d\u00e9claration d\u2019ind\u00e9pendance met des b\u00e2tons dans beaucoup de roues \u00e0 l\u2019international tout en \u00e9tant d\u2019excellente politique int\u00e9rieure. Si Xi quitte Rome sans un accord, cela ne voudra pas forc\u00e9ment dire que l\u2019Italie aura c\u00e9d\u00e9 \u00e0 des pressions ext\u00e9rieures, soit de Trump soit de Merkel, mais plus vraisemblablement que Xi aura demand\u00e9 davantage que ce que l\u2019Italie est pr\u00eate \u00e0 donner \u00e0 ce stade.<\/span><\/p>\n<p style=\"text-align: justify;\"><span style=\"font-family: times new roman, times, serif; font-size: 14pt;\">Et, bien s\u00fbr, des deux c\u00f4t\u00e9s, les n\u00e9gociateurs se rendent compte qu\u2019ils sont utilis\u00e9s par la partie oppos\u00e9e comme levier contre des gens qui ne sont pas dans la pi\u00e8ce. Quoi qu\u2019il en soit, Xi venant \u00e0 Rome et rencontrant ces \u00ab\u00a0<em>outsiders<\/em>\u00a0\u00bb europ\u00e9ens \u00e9quivaut \u00e0 dire en termes clairs que la Chine sait quel jeu imp\u00e9rial Merkel et le gang de Bruxelles jouent sur le long terme.<\/span><\/p>\n<p>&nbsp;<\/p>\n<p>____________________<\/p>\n<p><span style=\"font-family: times new roman, times, serif; font-size: 14pt;\"><a href=\"https:\/\/www.patreon.com\/GoldGoatsNGuns\">Rejoignez-moi ici <\/a>\u00a0et souscrivez \u00e0 la newsletter de <em>Gold, Goats\u2019N Guns<\/em>, o\u00f9 la g\u00e9opolitique et le portfolio management vous aideront \u00e0 naviguer dans un moment tr\u00e8s difficile de l\u2019histoire.<\/span><\/p>\n<p>&nbsp;<\/p>\n<p><span style=\"font-family: times new roman, times, serif; font-size: 14pt;\">Source : <a href=\"https:\/\/tomluongo.me\/2019\/03\/15\/italy-courting-china-is-a-masterstroke-of-chaos\/\">https:\/\/tomluongo.me\/2019\/03\/15\/italy-courting-china-is-a-masterstroke-of-chaos\/<\/a><\/span><\/p>\n<p>&nbsp;<\/p>\n<p style=\"text-align: right;\"><span style=\"font-family: times new roman, times, serif; font-size: 14pt;\">Traduction\u00a0: c.L. pour Les Grosses Orchades<\/span><\/p>\n<p>&nbsp;<\/p>\n<p>&nbsp;<\/p>\n<p style=\"text-align: right;\"><span style=\"font-family: comic sans ms, sans-serif; font-size: 14pt;\">20 mars 2019<\/span><\/p>\n<p>&nbsp;<\/p>\n<p>&nbsp;<\/p>\n","protected":false},"excerpt":{"rendered":"<p>&nbsp; &nbsp; &nbsp; &nbsp; &nbsp; &nbsp; L\u2019Italie courtisant la Chine est un coup de ma\u00eetre du chaos &nbsp; Tom Luongo \u2013 Gold, Goats \u2018N Guns \u2013 15.3.2019 &nbsp; &nbsp; &nbsp; &nbsp; La visite en Italie, la semaine prochaine, du Premier ministre chinois Xi Jinping rend presque tout le monde nerveux. L\u2019annonce que vient de faire&#8230;<\/p>\n","protected":false},"author":1,"featured_media":0,"parent":0,"menu_order":0,"comment_status":"open","ping_status":"open","template":"","meta":[],"_links":{"self":[{"href":"https:\/\/blog.lesgrossesorchadeslesamplesthalameges.fr\/index.php\/wp-json\/wp\/v2\/pages\/3281"}],"collection":[{"href":"https:\/\/blog.lesgrossesorchadeslesamplesthalameges.fr\/index.php\/wp-json\/wp\/v2\/pages"}],"about":[{"href":"https:\/\/blog.lesgrossesorchadeslesamplesthalameges.fr\/index.php\/wp-json\/wp\/v2\/types\/page"}],"author":[{"embeddable":true,"href":"https:\/\/blog.lesgrossesorchadeslesamplesthalameges.fr\/index.php\/wp-json\/wp\/v2\/users\/1"}],"replies":[{"embeddable":true,"href":"https:\/\/blog.lesgrossesorchadeslesamplesthalameges.fr\/index.php\/wp-json\/wp\/v2\/comments?post=3281"}],"version-history":[{"count":0,"href":"https:\/\/blog.lesgrossesorchadeslesamplesthalameges.fr\/index.php\/wp-json\/wp\/v2\/pages\/3281\/revisions"}],"wp:attachment":[{"href":"https:\/\/blog.lesgrossesorchadeslesamplesthalameges.fr\/index.php\/wp-json\/wp\/v2\/media?parent=3281"}],"curies":[{"name":"wp","href":"https:\/\/api.w.org\/{rel}","templated":true}]}}