{"id":3288,"date":"2019-03-20T23:01:19","date_gmt":"2019-03-20T22:01:19","guid":{"rendered":"http:\/\/blog.lesgrossesorchadeslesamplesthalameges.fr\/?page_id=3288"},"modified":"2019-03-20T23:01:24","modified_gmt":"2019-03-20T22:01:24","slug":"le-retour-de-marco-polo","status":"publish","type":"page","link":"https:\/\/blog.lesgrossesorchadeslesamplesthalameges.fr\/index.php\/le-retour-de-marco-polo\/","title":{"rendered":"Le retour de Marco Polo"},"content":{"rendered":"<p>&nbsp;<\/p>\n<p>&nbsp;<\/p>\n<p>&nbsp;<\/p>\n<p>&nbsp;<\/p>\n<p>&nbsp;<\/p>\n<p style=\"text-align: center;\"><span style=\"font-family: times new roman, times, serif; font-size: 36pt;\"><strong>Le retour de Marco Polo ou les complications d&rsquo;un monde post-imp\u00e9rial<\/strong><\/span><\/p>\n<p>&nbsp;<\/p>\n<p style=\"text-align: center;\"><span style=\"font-family: times new roman, times, serif; font-size: 18pt;\"><strong>Observatus Geopolitiucus \u2013 <em>Chroniques du Grand jeu<\/em> \u2013 17.3.2019<\/strong><\/span><\/p>\n<p style=\"text-align: center;\"><span style=\"font-family: times new roman, times, serif; font-size: 18pt;\"><strong>\u00a0<\/strong><\/span><\/p>\n<p>&nbsp;<\/p>\n<p style=\"text-align: center;\"><img loading=\"lazy\" class=\"alignnone wp-image-3227\" src=\"http:\/\/blog.lesgrossesorchadeslesamplesthalameges.fr\/wp-content\/uploads\/2019\/03\/soie-soie-soie-300x164.jpg\" alt=\"\" width=\"750\" height=\"410\" srcset=\"https:\/\/blog.lesgrossesorchadeslesamplesthalameges.fr\/wp-content\/uploads\/2019\/03\/soie-soie-soie-300x164.jpg 300w, https:\/\/blog.lesgrossesorchadeslesamplesthalameges.fr\/wp-content\/uploads\/2019\/03\/soie-soie-soie.jpg 500w\" sizes=\"(max-width: 750px) 100vw, 750px\" \/><\/p>\n<p style=\"text-align: center;\"><span style=\"font-family: times new roman, times, serif; font-size: 14pt;\"><strong><em>Soie, soie, soie\u2026<\/em><\/strong><\/span><\/p>\n<p style=\"text-align: justify;\"><span style=\"font-family: times new roman, times, serif; font-size: 14pt;\"><strong><em>\u00a0<\/em><\/strong><\/span><\/p>\n<p>&nbsp;<\/p>\n<p style=\"text-align: justify;\"><span style=\"font-family: times new roman, times, serif; font-size: 14pt;\">Lorsque le 22 mars, le pr\u00e9sident chinois Xi Jinping d\u00e9barquera \u00e0 Rome pour une tr\u00e8s importante visite, l&rsquo;esprit de Marco Polo flottera dans l&rsquo;air. S&rsquo;il ne fut pas le premier Occidental \u00e0 emprunter la route de la Soie, le c\u00e9l\u00e8bre V\u00e9nitien laissa \u00e0 la post\u00e9rit\u00e9 la description de la Chine et ses merveilles dans son <em>Devisement du monde<\/em>.<\/span><\/p>\n<p style=\"text-align: justify;\"><span style=\"font-family: times new roman, times, serif; font-size: 14pt;\">Sept si\u00e8cles plus tard, le gouvernement italien lance un pav\u00e9 dans la marre en voulant rejoindre les Nouvelles routes de la Soie, le tentaculaire projet de P\u00e9kin visant \u00e0 int\u00e9grer \u00e9conomiquement l&rsquo;Eurasie, hantise de l&#8217;empire am\u00e9ricain. Sans surprise, Washington <a href=\"http:\/\/www.globaltimes.cn\/content\/1141336.shtml\">a d\u00e9j\u00e0 r\u00e9agi<\/a>, en affirmant sans rire que cela \u00ab\u00a0d\u00e9graderait l&rsquo;image internationale de l&rsquo;Italie\u00a0\u00bb.<\/span><\/p>\n<p>&nbsp;<\/p>\n<p>&nbsp;<\/p>\n<p style=\"text-align: center;\"><img loading=\"lazy\" class=\"alignnone size-medium wp-image-3290\" src=\"http:\/\/blog.lesgrossesorchadeslesamplesthalameges.fr\/wp-content\/uploads\/2019\/03\/Les-cons-300x160.jpg\" alt=\"\" width=\"300\" height=\"160\" srcset=\"https:\/\/blog.lesgrossesorchadeslesamplesthalameges.fr\/wp-content\/uploads\/2019\/03\/Les-cons-300x160.jpg 300w, https:\/\/blog.lesgrossesorchadeslesamplesthalameges.fr\/wp-content\/uploads\/2019\/03\/Les-cons-768x410.jpg 768w, https:\/\/blog.lesgrossesorchadeslesamplesthalameges.fr\/wp-content\/uploads\/2019\/03\/Les-cons-1024x547.jpg 1024w, https:\/\/blog.lesgrossesorchadeslesamplesthalameges.fr\/wp-content\/uploads\/2019\/03\/Les-cons.jpg 1135w\" sizes=\"(max-width: 300px) 100vw, 300px\" \/><\/p>\n<p>&nbsp;<\/p>\n<p>&nbsp;<\/p>\n<p style=\"text-align: justify;\"><span style=\"font-family: times new roman, times, serif; font-size: 14pt;\">Cette derni\u00e8re n&rsquo;est pourtant pas le premier pays europ\u00e9en \u00e0 adh\u00e9rer au projet chinois et le fid\u00e8le lecteur sait que la Hongrie du grand m\u00e9chant Orban <a href=\"http:\/\/www.chroniquesdugrandjeu.com\/2016\/07\/pleure-mackinder-pleure.html\">est sur les rangs<\/a> depuis trois ans, rejointe ensuite par la Gr\u00e8ce ou encore le Portugal. Mais le poids de l&rsquo;Italie est autrement important : membre du G7, quatri\u00e8me pays europ\u00e9en en termes de population et d&rsquo;\u00e9conomie, sa d\u00e9cision pourrait \u00ab\u00a0briser la glace\u00a0\u00bb pour les autres et <a href=\"https:\/\/www.asiatimes.com\/2019\/03\/article\/italian-bri-decision-echoes-uk-move-on-aiib\/\">entra\u00eener plusieurs pays<\/a> dans son sillage. D&rsquo;autant que cette int\u00e9gration aux routes de la Soie ferait b\u00e9n\u00e9ficier des pr\u00eats de la BAII, \u00e0 propos de laquelle <a href=\"http:\/\/www.chroniquesdugrandjeu.com\/2015\/07\/d-athenes-a-pekin-survol-de-l-eurasie.html\">un petit rappel<\/a> n&rsquo;est pas inutile :<\/span><\/p>\n<p style=\"text-align: justify;\"><span style=\"font-family: times new roman, times, serif; font-size: 14pt;\"><em>La fameuse Banque asiatique d&rsquo;investissement dans les infrastructures (BAII) a \u00e9t\u00e9 lanc\u00e9e en fanfare \u00e0 P\u00e9kin cette semaine <\/em>[juillet 2015, ndlr]<em>. Plus de 300 d\u00e9l\u00e9gu\u00e9s de 57 pays <\/em><a href=\"http:\/\/rt.com\/business\/270520-russia-chinese-aiib-shareholder\"><em>ont assist\u00e9 \u00e0 la signature<\/em><\/a><em>. Rappelons que la BAII concurrencera la Banque mondiale sous influence am\u00e9ricaine et sera la cheville ouvri\u00e8re du cauchemar absolu des strat\u00e8ges \u00e9tats-uniens : l\u2019int\u00e9gration de l\u2019Eurasie. Elle financera &#8211; sans doute en coop\u00e9ration avec l\u2019autre Goliath bancaire cr\u00e9\u00e9 r\u00e9cemment, la banque des BRICS &#8211; les infrastructures li\u00e9es au ph\u00e9nom\u00e9nal projet continental de routes de la Soie visant \u00e0 relier l\u2019Europe \u00e0 l\u2019Extr\u00eame-Orient en \u00e9vitant les mers, marginalisant consid\u00e9rablement les Etats-Unis. <\/em><\/span><\/p>\n<p style=\"text-align: justify;\"><span style=\"font-family: times new roman, times, serif; font-size: 14pt;\">L&rsquo;entr\u00e9e de Rome dans la danse serait une situation <a href=\"https:\/\/www.asiatimes.com\/2019\/03\/article\/marco-polo-is-back-in-china-again\/\">gagnant-gagnant<\/a>, l&rsquo;Italie pouvant ainsi financer la reconstruction de ses infrastructures vieillissantes (cf. catastrophe du pont de G\u00eanes) et vendre son <em>Made in Italy<\/em> aux consommateurs chinois qui en sont friands. Un seul perdant dans cette affaire : Washington.<\/span><\/p>\n<p style=\"text-align: justify;\"><span style=\"font-family: times new roman, times, serif; font-size: 14pt;\">L&rsquo;analyse pourrait s&rsquo;arr\u00eater l\u00e0 et conclure \u00e0 une nouvelle baffe dans la t\u00eate imp\u00e9riale. Pourtant, si ce dernier point n&rsquo;est pas discutable, les choses sont en r\u00e9alit\u00e9 bien plus compliqu\u00e9es et entrent dans la lign\u00e9e de ce que <a href=\"http:\/\/www.chroniquesdugrandjeu.com\/2017\/01\/recompositions.html\">nous pr\u00e9disions<\/a> au lendemain de l&rsquo;\u00e9lection du Donald il y a plus de deux ans :<\/span><\/p>\n<p style=\"text-align: justify;\"><span style=\"font-family: times new roman, times, serif; font-size: 14pt;\"><em>Le deuxi\u00e8me mandat d&rsquo;Obama avait sans doute port\u00e9 \u00e0 son paroxysme l&rsquo;affrontement des deux blocs. Entre 2013 et 2015, le syst\u00e8me imp\u00e9rial am\u00e9ricain, incluant ses d\u00e9pendances europ\u00e9enne et m\u00e9diatique, s&rsquo;est arc-bout\u00e9, uni, resserr\u00e9 presque jusqu&rsquo;\u00e0 l&rsquo;\u00e9touffement. Un objet trop compress\u00e9 finit par se fissurer, puis \u00e9clater &#8211; simple loi physique. G\u00e9opolitiquement, cela nous a donn\u00e9 le Brexit et <\/em><a href=\"http:\/\/www.chroniquesdugrandjeu.com\/2016\/11\/horreur-enfer-et-damnation.html\"><em>l&rsquo;\u00e9lection de Trump<\/em><\/a><em>.<\/em><\/span><\/p>\n<p style=\"text-align: justify;\"><span style=\"font-family: times new roman, times, serif; font-size: 14pt;\"><em>Nous entrons maintenant dans une \u00e8re al\u00e9atoire de recomposition, un nouvel ordre mondial que les tenants de l&rsquo;ordre ancien voient avec horreur et qu&rsquo;ils tentent d\u00e9sesp\u00e9r\u00e9ment, et avec de moins en moins de succ\u00e8s, de ralentir. Voici venue l&rsquo;\u00e8re des \u00e9lectrons libres, de la restructuration internationale et des nouveaux paradigmes.<\/em><\/span><\/p>\n<p style=\"text-align: justify;\"><span style=\"font-family: times new roman, times, serif; font-size: 14pt;\">Le rapprochement italo-chinois est \u00e9clairant \u00e0 cet \u00e9gard et <a href=\"https:\/\/tomluongo.me\/2019\/03\/15\/italy-courting-china-is-a-masterstroke-of-chaos\/\">un excellent article<\/a> de Tom Luongo l&rsquo;analyse en d\u00e9tail. R\u00e9sumons la complexit\u00e9 de la situation en quelques points :<\/span><\/p>\n<ol style=\"text-align: justify;\">\n<li><span style=\"font-family: times new roman, times, serif; font-size: 14pt;\">Le ralliement de Rome aux Nouvelles routes de la Soie est pouss\u00e9 par le Mouvement 5 \u00e9toiles et son leader, Di Maio.<\/span><\/li>\n<li><span style=\"font-family: times new roman, times, serif; font-size: 14pt;\">Cette annonce a \u00e9t\u00e9 accueillie avec des cris d&rsquo;orfraie par Trump, Merkel mais aussi par la Ligue de Salvini, autre composante essentielle du gouvernement italien, pourtant alli\u00e9e \u00e0 Di Maio.<\/span><\/li>\n<li><span style=\"font-family: times new roman, times, serif; font-size: 14pt;\">La position de Salvini recoupe grosso modo celle de l&rsquo;anti-syst\u00e8me \u00ab\u00a0de droite\u00a0\u00bb partout en Europe (Le Pen, Wildeers, UKIP etc.) : oui \u00e0 la multipolarit\u00e9 russo-chinoise sur le plan g\u00e9opolitique contre l&rsquo;h\u00e9g\u00e9monie am\u00e9ricaine, mais non \u00e0 l&rsquo;invasion chinoise sur le plan \u00e9conomique.<\/span><\/li>\n<li><span style=\"font-family: times new roman, times, serif; font-size: 14pt;\">Merkel, qui ne veut pas voir l&rsquo;Italie jouer un r\u00f4le important en Europe, s&rsquo;oppose \u00e0 l&rsquo;accord Rome-P\u00e9kin. Ce faisant, elle se retrouve curieusement dans le m\u00eame camp que Salvini, qu&rsquo;elle d\u00e9teste par ailleurs (migrants, f\u00e9d\u00e9ralisme europ\u00e9en etc.)<\/span><\/li>\n<li><span style=\"font-family: times new roman, times, serif; font-size: 14pt;\">Ironie du sort, elle se retrouve \u00e9galement dans le m\u00eame bateau que le Donald, \u00e0 qui elle s&rsquo;oppose sur \u00e0 peu pr\u00e8s tous les autres sujets (gaz russe, paiement pour le stationnement des troupes US, protectionnisme vs libre-\u00e9change etc.)<\/span><\/li>\n<li><span style=\"font-family: times new roman, times, serif; font-size: 14pt;\">Dans ce maelstrom, l&rsquo;euronouillerie est compl\u00e8tement perdue, <a href=\"https:\/\/www.asiatimes.com\/2019\/03\/article\/eu-dilemma-how-to-deal-with-china\/\">ne sachant que faire<\/a> avec la Chine. Elle est encore plus d\u00e9sempar\u00e9e face aux Etats-Unis de Trump, comme le montre <a href=\"https:\/\/www.reuters.com\/article\/us-usa-trade-eu-idUSKCN1QV1UM\">la d\u00e9lirante s\u00e9ance<\/a> du Parlement europ\u00e9en d&rsquo;il y a trois jours, au cours de laquelle les d\u00e9put\u00e9s ont d&rsquo;abord vot\u00e9 une s\u00e9rie d&rsquo;amendements contre la reprise des n\u00e9gociations commerciales avant&#8230; de voter dans la foul\u00e9e pour annuler leur propre r\u00e9solution !<\/span><\/li>\n<\/ol>\n<p style=\"text-align: justify;\"><span style=\"font-family: times new roman, times, serif; font-size: 14pt;\">Dans le nouveau monde aux recompositions complexes cr\u00e9\u00e9es par le reflux imp\u00e9rial, Bruxelles est d\u00e9boussol\u00e9e. Vassal eurocratique cherche suzerain d\u00e9sesp\u00e9r\u00e9ment&#8230;<\/span><\/p>\n<p>&nbsp;<\/p>\n<p>&nbsp;<\/p>\n<p style=\"text-align: center;\"><img loading=\"lazy\" class=\"alignnone size-medium wp-image-3291\" src=\"http:\/\/blog.lesgrossesorchadeslesamplesthalameges.fr\/wp-content\/uploads\/2019\/03\/Ma\u00eetre-GIF-300x300.gif\" alt=\"\" width=\"300\" height=\"300\" srcset=\"https:\/\/blog.lesgrossesorchadeslesamplesthalameges.fr\/wp-content\/uploads\/2019\/03\/Ma\u00eetre-GIF-300x300.gif 300w, https:\/\/blog.lesgrossesorchadeslesamplesthalameges.fr\/wp-content\/uploads\/2019\/03\/Ma\u00eetre-GIF-150x150.gif 150w\" sizes=\"(max-width: 300px) 100vw, 300px\" \/><\/p>\n<p>&nbsp;<\/p>\n<p>&nbsp;<\/p>\n<p>&nbsp;<\/p>\n<p style=\"text-align: justify;\"><span style=\"font-family: times new roman, times, serif; font-size: 14pt;\">Source\u00a0: <a href=\"http:\/\/www.chroniquesdugrandjeu.com\/2019\/03\/le-retour-de-marco-polo-ou-les-complications-d-un-monde-post-imperial.html\">http:\/\/www.chroniquesdugrandjeu.com\/2019\/03\/le-retour-de-marco-polo-ou-les-complications-d-un-monde-post-imperial.html<\/a><\/span><\/p>\n<p>&nbsp;<\/p>\n<p style=\"text-align: right;\"><span style=\"font-family: comic sans ms, sans-serif; font-size: 14pt;\">20 mars 2019<\/span><\/p>\n<p>&nbsp;<\/p>\n<p>&nbsp;<\/p>\n","protected":false},"excerpt":{"rendered":"<p>&nbsp; &nbsp; &nbsp; &nbsp; &nbsp; Le retour de Marco Polo ou les complications d&rsquo;un monde post-imp\u00e9rial &nbsp; Observatus Geopolitiucus \u2013 Chroniques du Grand jeu \u2013 17.3.2019 \u00a0 &nbsp; Soie, soie, soie\u2026 \u00a0 &nbsp; Lorsque le 22 mars, le pr\u00e9sident chinois Xi Jinping d\u00e9barquera \u00e0 Rome pour une tr\u00e8s importante visite, l&rsquo;esprit de Marco Polo flottera&#8230;<\/p>\n","protected":false},"author":1,"featured_media":0,"parent":0,"menu_order":0,"comment_status":"open","ping_status":"open","template":"","meta":[],"_links":{"self":[{"href":"https:\/\/blog.lesgrossesorchadeslesamplesthalameges.fr\/index.php\/wp-json\/wp\/v2\/pages\/3288"}],"collection":[{"href":"https:\/\/blog.lesgrossesorchadeslesamplesthalameges.fr\/index.php\/wp-json\/wp\/v2\/pages"}],"about":[{"href":"https:\/\/blog.lesgrossesorchadeslesamplesthalameges.fr\/index.php\/wp-json\/wp\/v2\/types\/page"}],"author":[{"embeddable":true,"href":"https:\/\/blog.lesgrossesorchadeslesamplesthalameges.fr\/index.php\/wp-json\/wp\/v2\/users\/1"}],"replies":[{"embeddable":true,"href":"https:\/\/blog.lesgrossesorchadeslesamplesthalameges.fr\/index.php\/wp-json\/wp\/v2\/comments?post=3288"}],"version-history":[{"count":0,"href":"https:\/\/blog.lesgrossesorchadeslesamplesthalameges.fr\/index.php\/wp-json\/wp\/v2\/pages\/3288\/revisions"}],"wp:attachment":[{"href":"https:\/\/blog.lesgrossesorchadeslesamplesthalameges.fr\/index.php\/wp-json\/wp\/v2\/media?parent=3288"}],"curies":[{"name":"wp","href":"https:\/\/api.w.org\/{rel}","templated":true}]}}