{"id":3299,"date":"2019-03-20T23:23:59","date_gmt":"2019-03-20T22:23:59","guid":{"rendered":"http:\/\/blog.lesgrossesorchadeslesamplesthalameges.fr\/?page_id=3299"},"modified":"2019-03-20T23:23:59","modified_gmt":"2019-03-20T22:23:59","slug":"libye-2011-2019","status":"publish","type":"page","link":"https:\/\/blog.lesgrossesorchadeslesamplesthalameges.fr\/index.php\/libye-2011-2019\/","title":{"rendered":"LIBYE 2011-2019"},"content":{"rendered":"<p>&nbsp;<\/p>\n<p>&nbsp;<\/p>\n<p>&nbsp;<\/p>\n<p>&nbsp;<\/p>\n<p>&nbsp;<\/p>\n<p style=\"text-align: center;\"><span style=\"font-family: times new roman, times, serif; font-size: 36pt;\"><strong>LIBYE<\/strong><\/span><\/p>\n<p style=\"text-align: center;\"><span style=\"font-family: times new roman, times, serif; font-size: 36pt;\"><strong>2011 \u2013 2019<\/strong><\/span><\/p>\n<p>&nbsp;<\/p>\n<p><span style=\"font-family: times new roman, times, serif;\">\u00a0<img loading=\"lazy\" class=\"aligncenter wp-image-3232\" src=\"http:\/\/blog.lesgrossesorchadeslesamplesthalameges.fr\/wp-content\/uploads\/2019\/03\/Conf\u00e9r.-Libye-300x200.jpg\" alt=\"\" width=\"650\" height=\"433\" srcset=\"https:\/\/blog.lesgrossesorchadeslesamplesthalameges.fr\/wp-content\/uploads\/2019\/03\/Conf\u00e9r.-Libye-300x200.jpg 300w, https:\/\/blog.lesgrossesorchadeslesamplesthalameges.fr\/wp-content\/uploads\/2019\/03\/Conf\u00e9r.-Libye-768x512.jpg 768w, https:\/\/blog.lesgrossesorchadeslesamplesthalameges.fr\/wp-content\/uploads\/2019\/03\/Conf\u00e9r.-Libye-1024x682.jpg 1024w, https:\/\/blog.lesgrossesorchadeslesamplesthalameges.fr\/wp-content\/uploads\/2019\/03\/Conf\u00e9r.-Libye.jpg 1280w\" sizes=\"(max-width: 650px) 100vw, 650px\" \/><\/span><\/p>\n<p>&nbsp;<\/p>\n<p>&nbsp;<\/p>\n<p style=\"text-align: justify;\"><span style=\"font-family: times new roman, times, serif; font-size: 14pt;\">Le 19 mars 2011,\u00a0 49 Etats ont mobilis\u00e9 leurs flottes a\u00e9riennes, maritimes et terrestres pour attaquer et agresser un peuple libre et ind\u00e9pendant, sous le pr\u00e9texte fallacieux de prot\u00e9ger des civils qui n\u2019\u00e9taient pas menac\u00e9s, ce qui a conduit \u00e0 la perp\u00e9tration de nombreux crimes dont la destruction de l&rsquo;\u00c9tat libyen, transform\u00e9 en un \u00c9tat failli, celles de son arm\u00e9e et de toutes ses infrastructures,\u00a0\u00e0 des crimes de guerre contre les civils et des centaines de milliers d\u2019exil\u00e9s\u00a0 et\u00a0 de prisonniers<\/span><br \/>\n<span style=\"font-family: times new roman, times, serif; font-size: 14pt;\">Huit ans ont pass\u00e9 depuis ce d\u00e9sastre. La de ses innombrables victimes ? Silence radio partout. Il est grand temps que les institutions de la justice internationale agissent pour justifier leur appellation et rendent justice aux opprim\u00e9s, aux ruin\u00e9s, aux tortur\u00e9s et aux exil\u00e9s libyens.<\/span><\/p>\n<p>&nbsp;<\/p>\n<p style=\"text-align: center;\"><span style=\"font-family: times new roman, times, serif; font-size: 24pt;\">INVITATION<\/span><\/p>\n<p>&nbsp;<\/p>\n<p><span style=\"font-family: times new roman, times, serif; font-size: 14pt;\">En ce huiti\u00e8me anniversaire de l&rsquo;agression de l&rsquo;OTAN contre l\u2019\u00c9tat libyen, le Comit\u00e9 international pour la d\u00e9fense des droits du peuple libyen organise une conf\u00e9rence sur le th\u00e8me suivant :<\/span><\/p>\n<p>&nbsp;<\/p>\n<p style=\"text-align: center;\"><span style=\"font-family: times new roman, times, serif; font-size: 24pt;\"><strong>\u00ab Les crimes de l&rsquo;OTAN en\u00a0 Libye, quel r\u00f4le pour la justice internationale ?\u00a0\u00bb<\/strong><\/span><\/p>\n<p>&nbsp;<\/p>\n<p style=\"text-align: justify;\"><span style=\"font-family: times new roman, times, serif; font-size: 14pt;\">Le comit\u00e9 vous invite \u00e0 participer \u00e0 cette conf\u00e9rence qui r\u00e9unira de nombreux intervenants connus internationalement.<\/span><\/p>\n<p style=\"text-align: justify;\"><span style=\"font-family: times new roman, times, serif; font-size: 14pt;\">Nous esp\u00e9rons vous y voir nombreux.<\/span><\/p>\n<p style=\"text-align: justify;\"><span style=\"font-family: times new roman, times, serif; font-size: 14pt;\"><strong>\u00a0<\/strong><\/span><\/p>\n<p style=\"text-align: justify;\"><span style=\"font-family: times new roman, times, serif; font-size: 14pt;\"><strong>Comit\u00e9 international pour la d\u00e9fense des droits de peuple libyen<br \/>\n07 rue Pierre Salmon<\/strong><\/span><\/p>\n<p style=\"text-align: justify;\"><span style=\"font-family: times new roman, times, serif; font-size: 14pt;\"><strong>51430 Besannes-Reims<\/strong><strong><br \/>\n<\/strong><\/span><\/p>\n<p>&nbsp;<\/p>\n<p style=\"text-align: center;\"><span style=\"font-family: times new roman, times, serif; font-size: 24pt;\"><strong>La conf\u00e9rence se d\u00e9roulera <\/strong><\/span><\/p>\n<p style=\"text-align: justify;\"><span style=\"font-family: times new roman, times, serif; font-size: 14pt;\"><strong>\u00a0<\/strong><\/span><\/p>\n<p style=\"text-align: center;\"><span style=\"font-size: 24pt;\"><span style=\"font-family: times new roman, times, serif; color: #c00000;\"><strong>Le 23\/03\/2019 \u00e0 13h.30<\/strong><\/span> <\/span><br \/>\n<span style=\"font-family: times new roman, times, serif; font-size: 24pt; color: #c00000;\">\u00a0\u00e0 l\u2019<strong>H\u00f4tel Claridge, <\/strong><\/span><\/p>\n<p style=\"text-align: center;\"><span style=\"font-family: times new roman, times, serif; font-size: 24pt; color: #c00000;\"><strong>74 avenue des Champs Elys\u00e9es, <\/strong><\/span><\/p>\n<p style=\"text-align: center;\"><span style=\"font-family: times new roman, times, serif; font-size: 14pt;\"><strong><span style=\"font-size: 24pt; color: #c00000;\">75008 PARIS<\/span><br \/>\n<\/strong>\u00a0\u00a0\u00a0<\/span><\/p>\n<p style=\"text-align: center;\"><span style=\"font-family: times new roman, times, serif; font-size: 24pt;\"><strong>Programme de la conf\u00e9rence<\/strong><\/span><\/p>\n<p style=\"text-align: justify;\"><span style=\"font-family: times new roman, times, serif; font-size: 14pt;\"><strong>\u00a0<\/strong><\/span><\/p>\n<p style=\"text-align: justify;\"><span style=\"font-family: times new roman, times, serif; font-size: 14pt;\"><strong>Sur les th\u00e8mes :<br \/>\n<\/strong><\/span><\/p>\n<p>&nbsp;<\/p>\n<p style=\"text-align: center;\"><span style=\"font-family: times new roman, times, serif; font-size: 14pt;\"><strong> 1. Les crimes commis par l\u2019OTAN en\u00a0 Libye et la justice p\u00e9nale internationale<\/strong><\/span><\/p>\n<p style=\"text-align: center;\"><span style=\"font-family: times new roman, times, serif; font-size: 14pt;\"><strong>2.\u00a0<\/strong><\/span><span style=\"font-family: times new roman, times, serif; font-size: 14pt;\"><strong> Le crime du vol et pillage des avoirs libyens gel\u00e9s et la justice internationale<\/strong><\/span><\/p>\n<p>&nbsp;<\/p>\n<p style=\"text-align: justify;\"><span style=\"font-family: times new roman, times, serif; font-size: 14pt;\">13h 30 \u00a0: \u00a0accueil des participants et ouverture<\/span><br \/>\n<span style=\"font-family: times new roman, times, serif; font-size: 14pt;\">14h 00 \u00a0: \u00a0allocation de repr\u00e9sentant du comit\u00e9 international<\/span><br \/>\n<span style=\"font-family: times new roman, times, serif; font-size: 14pt;\">14h 10 \u00a0: \u00a0allocations vari\u00e9es<\/span><br \/>\n<span style=\"font-family: times new roman, times, serif; font-size: 14pt;\">14h 20 \u00a0: \u00a0les interventions :<\/span><\/p>\n<p>&nbsp;<\/p>\n<p style=\"text-align: justify; padding-left: 90px;\"><span style=\"font-family: times new roman, times, serif; font-size: 14pt;\">1\u00b0) Les crimes de l\u2019OTAN en Libye et la justice p\u00e9nale internationale (<strong>Professeur Mezri Haddad<\/strong>) et (<strong>M<sup>e<\/sup> Elie Hatem<\/strong>, avocat international) 45 min.<\/span><\/p>\n<p style=\"text-align: justify; padding-left: 90px;\"><span style=\"font-family: times new roman, times, serif; font-size: 14pt;\">2\u00b0) \u00a0Le crime de vol et pillage des avoirs libyens gel\u00e9s et la justice internationale (<strong>M<sup>e <\/sup>Yan Fermont<\/strong>, avocat international, barreau de Bruxelles) et (<strong>Professeur Robert Charvin<\/strong>), 45 min.<\/span><\/p>\n<p>&nbsp;<\/p>\n<p style=\"text-align: justify;\"><span style=\"font-family: times new roman, times, serif; font-size: 14pt;\">16.10 : Pause caf\u00e9<\/span><\/p>\n<p style=\"text-align: justify;\"><span style=\"font-family: times new roman, times, serif; font-size: 14pt;\">16.30 : Vid\u00e9o sur les crimes commis par l\u2019OTAN en Libye<\/span><\/p>\n<p style=\"text-align: justify;\"><span style=\"font-family: times new roman, times, serif; font-size: 14pt;\">17\u00a0: D\u00e9bat public<\/span><\/p>\n<p><span style=\"font-size: 14pt;\">_________________<br \/>\n<\/span><\/p>\n<p>&nbsp;<\/p>\n<p>&nbsp;<\/p>\n<p><span style=\"font-size: 14pt;\">\u062f\u0639\u0648\u0629 \u062d\u0636\u0648\u0631 \u0645\u0624\u062a\u0645\u0631 \u062f\u0648\u0644\u064a<\/span><\/p>\n<p><span style=\"font-size: 14pt;\">\u0628\u0645\u0646\u0627\u0633\u0628\u0629 \u0627\u0644\u0630\u0643\u0631\u0649 \u0627\u0644\u0645\u0634\u0624\u0648\u0645\u0629 \u0644\u0627\u0639\u062a\u062f\u0627\u0621 \u0627\u0644\u0646\u0627\u062a\u0648 \u0639\u0644\u0649 \u0644\u064a\u0628\u064a\u0627 \u0633\u0646\u0629 2011 \u062a\u0646\u0638\u0645 \u0627\u0644\u0644\u062c\u0646\u0629 \u0627\u0644\u062f\u0648\u0644\u064a\u0629 \u0644\u0644\u062f\u0641\u0627\u0639 \u0639\u0646 \u062d\u0642\u0648\u0642 \u0627\u0644\u0634\u0639\u0628 \u0627\u0644\u0644\u064a\u0628\u064a \u0645\u0624\u062a\u0645\u0631\u0627 \u062f\u0648\u0644\u064a\u0627 \u0628\u0628\u0627\u0631\u064a\u0633 \u062a\u062d\u062a \u0639\u0646\u0648\u0627\u0646: \u00a0\u00bb \u062c\u0631\u0627\u0626\u0645 \u0627\u0644\u0646\u0627\u062a\u0648 \u0627\u0644\u0645\u0631\u062a\u0643\u0628\u0629 \u0641\u064a \u0644\u064a\u0628\u064a\u0627\u060c \u0623\u064a \u062f\u0648\u0631 \u0644\u0644\u0639\u062f\u0627\u0644\u0629 \u0627\u0644\u062f\u0648\u0644\u064a\u0629\u061f\u00a0\u00bb <\/span><br \/>\n<span style=\"font-size: 14pt;\">\u00a0\u0648\u0628\u0647\u0630\u0647 \u0627\u0644\u0645\u0646\u0627\u0633\u0628\u0629 \u064a\u0633\u0631 \u0627\u0644\u0644\u062c\u0646\u0629 \u0627\u0644\u062f\u0648\u0644\u064a\u0629 \u062f\u0639\u0648\u062a\u0643\u0645 \u0627\u0644\u0649 \u0627\u0644\u0645\u0634\u0627\u0631\u0643\u0629 \u0641\u064a \u0647\u0630\u0627 \u0627\u0644\u0646\u0634\u0627\u0637 \u0627\u0644\u0630\u064a \u064a\u0636\u0645 \u0639\u062f\u062f\u0627 \u0645\u0646 \u0627\u0644\u0645\u062a\u062f\u0627\u062e\u0644\u064a\u0646 \u0627\u0644\u0645\u062a\u062e\u0635\u0635\u064a\u0646 \u064a\u062a\u0646\u0627\u0648\u0644\u0648\u0646 \u0628\u0627\u0644\u0646\u0642\u0627\u0634 \u062c\u0631\u0627\u0626\u0645 \u0627\u0644\u0646\u0627\u062a\u0648 \u0648\u0627\u0644\u0645\u0639\u0627\u0642\u0628\u0629 \u0639\u0644\u064a\u0647\u0627 \u0645\u0646 \u0642\u0628\u0644 \u0627\u0644\u0642\u0627\u0646\u0648\u0646 \u0627\u0644\u062f\u0648\u0644\u064a \u0627\u0644\u0625\u0646\u0633\u0627\u0646\u064a \u0648\u0645\u0624\u0633\u0633\u0627\u062a \u0627\u0644\u0639\u062f\u0627\u0644\u0629 \u0627\u0644\u062f\u0648\u0644\u064a\u0629\u060c \u0648\u0630\u0644\u0643 \u064a\u0648\u0645 \u0627\u0644\u0633\u0628\u062a 23\/03\/2019 \u0627\u0628\u062a\u062f\u0627\u0621 \u0645\u0646 \u0627\u0644\u0633\u0627\u0639\u0629 13.30 \u0638\u0647\u0631\u0627 \u0628\u0641\u0646\u062f\u0642 \u0643\u0644\u0627\u0631\u062f\u062c \u0627\u0644\u0643\u0627\u0626\u0646 \u0641\u064a \u0627\u0644\u0639\u0646\u0648\u0627\u0646 \u0627\u0644\u062a\u0627\u0644\u064a :\u00a0<\/span><\/p>\n<p>&nbsp;<\/p>\n<p style=\"text-align: center;\"><span style=\"font-family: times new roman, times, serif; font-size: 18pt;\">H\u00f4tel Claridge,<\/span><\/p>\n<p style=\"text-align: center;\"><span style=\"font-family: times new roman, times, serif; font-size: 18pt;\">74 avenue des Champs Elys\u00e9es,<\/span><\/p>\n<p style=\"text-align: center;\"><span style=\"font-family: times new roman, times, serif; font-size: 18pt;\">75008 PARIS<\/span><\/p>\n<p>&nbsp;<\/p>\n<p><span style=\"font-size: 14pt;\">\u0646\u062d\u0646 \u0646\u062a\u0637\u0644\u0639 \u0627\u0644\u0649 \u062d\u0636\u0648\u0631\u0643\u0645 \u0627\u0644\u0639\u0631\u064a\u0636 \u0648\u0627\u0644\u0641\u0627\u0639\u0644\u00a0\u00a0 <\/span><br \/>\n<span style=\"font-size: 14pt;\">\u0628\u0631\u0646\u0627\u0645\u062c\u00a0\u00a0 \u0627\u0644\u0645\u0624\u062a\u0645\u0631:<\/span><br \/>\n<span style=\"font-size: 14pt;\">\u0627\u0644\u0633\u0627\u0639\u0629 13.30 \u0627\u0633\u062a\u0642\u0628\u0627\u0644 \u0627\u0644\u0645\u0634\u0627\u0631\u0643\u064a\u0646 \u0648\u0627\u0644\u0627\u0641\u062a\u062a\u0627\u062d<\/span><br \/>\n<span style=\"font-size: 14pt;\">\u0627\u0644\u0633\u0627\u0639\u0629\u00a0\u00a0 14.00 \u0643\u0644\u0645\u0629 \u0627\u0644\u0644\u062c\u0646\u0629 \u0627\u0644\u062f\u0648\u0644\u064a\u0629<\/span><br \/>\n<span style=\"font-size: 14pt;\">\u0627\u0644\u0633\u0627\u0639\u0629 14.10 \u0643\u0644\u0645\u0627\u062a \u0627\u0644\u0645\u0634\u0627\u0631\u0643\u064a\u0646<\/span><br \/>\n<span style=\"font-size: 14pt;\">\u0627\u0644\u0633\u0627\u0639\u0629 14.20 \u0627\u0644\u0645\u062f\u0627\u062e\u0644\u0627\u062a:<\/span><br \/>\n<span style=\"font-size: 14pt;\">1-\u00a0\u00a0\u00a0 \u062c\u0631\u0627\u0626\u0645 \u0627\u0644\u0646\u0627\u062a\u0648 \u0648\u0627\u0644\u0639\u062f\u0627\u0644\u0629 \u0627\u0644\u062c\u0646\u0627\u0626\u064a\u0629 \u0627\u0644\u062f\u0648\u0644\u064a\u0629 (\u0627\u0644\u0628\u0631\u0648\u0641\u0633\u0648\u0631 \u0645\u0627\u0632\u0631\u0649 \u062d\u062f\u0627\u062f \u062a\u0642\u062f\u064a\u0645 \u0648\u062a\u0639\u0644\u064a\u0642 \u0627\u0644\u0645\u062d\u0627\u0645\u064a \u0627\u064a\u0644\u0649 \u062d\u0627\u062a\u0645 \u060c 45 \u062f\u0642\u064a\u0642\u0629<\/span><br \/>\n<span style=\"font-size: 14pt;\">2-\u00a0\u00a0\u00a0 \u062c\u0631\u064a\u0645\u0629 \u0646\u0647\u0628 \u0648\u0633\u0631\u0642\u0629 \u0627\u0644\u0623\u0645\u0648\u0627\u0644 \u0627\u0644\u0644\u064a\u0628\u064a\u0629 \u0627\u0644\u0645\u062c\u0645\u062f\u0629 (\u0627\u0644\u0645\u062d\u0627\u0645\u064a \u0627\u0644\u062f\u0648\u0644\u064a \u064a\u0627\u0646 \u0641\u064a\u0645\u0648\u0646 \u0648\u0627\u0644\u0628\u0631\u0648\u0641\u0633\u0648\u0631 \u062a\u0642\u062f\u064a\u0645 \u0648\u062a\u0639\u0644\u064a\u0642 \u0631\u0648\u0628\u064a\u0631 \u0634\u0631\u0641\u0627\u0646( \u060c\u00a0 45 \u062f\u0642\u064a\u0642\u0629 <\/span><br \/>\n<span style=\"font-size: 14pt;\">\u0627\u0644\u0633\u0627\u0639\u0629 16.10 : \u0627\u0633\u062a\u0631\u0627\u062d\u0629<\/span><br \/>\n<span style=\"font-size: 14pt;\">\u0627\u0644\u0633\u0627\u0639\u0629 16.30:\u00a0 \u0639\u0631\u0636 \u0645\u0631\u0626\u064a \u062d\u0648\u0644 \u062c\u0631\u0627\u0626\u0645 \u0627\u0644\u0646\u0627\u062a\u0648 \u0641\u064a \u0644\u064a\u0628\u064a\u0627<\/span><br \/>\n<span style=\"font-size: 14pt;\">\u0627\u0644\u0633\u0627\u0639\u0629 17.00\u00a0\u00a0\u00a0 : \u0646\u0642\u0627\u0634 \u0639\u0627\u0645<\/span><br \/>\n<span style=\"font-size: 14pt;\">\u0627\u0644\u0633\u0627\u0639\u0629 17.45\u00a0\u00a0\u00a0\u00a0 : \u0627\u0644\u0627\u062e\u062a\u062a\u0627\u0645<\/span><\/p>\n<p>&nbsp;<\/p>\n<p>&nbsp;<\/p>\n<p style=\"text-align: center;\"><img loading=\"lazy\" class=\"alignnone size-full wp-image-3300\" src=\"http:\/\/blog.lesgrossesorchadeslesamplesthalameges.fr\/wp-content\/uploads\/2019\/03\/Coeur-Libye-GIF-1.gif\" alt=\"\" width=\"166\" height=\"155\" \/><\/p>\n<p>&nbsp;<\/p>\n<p>&nbsp;<\/p>\n<p style=\"text-align: right;\"><span style=\"font-family: comic sans ms, sans-serif;\">20 mars 2019<\/span><\/p>\n<p>&nbsp;<\/p>\n<p>&nbsp;<\/p>\n","protected":false},"excerpt":{"rendered":"<p>&nbsp; &nbsp; &nbsp; &nbsp; &nbsp; LIBYE 2011 \u2013 2019 &nbsp; \u00a0 &nbsp; &nbsp; Le 19 mars 2011,\u00a0 49 Etats ont mobilis\u00e9 leurs flottes a\u00e9riennes, maritimes et terrestres pour attaquer et agresser un peuple libre et ind\u00e9pendant, sous le pr\u00e9texte fallacieux de prot\u00e9ger des civils qui n\u2019\u00e9taient pas menac\u00e9s, ce qui a conduit \u00e0 la perp\u00e9tration&#8230;<\/p>\n","protected":false},"author":1,"featured_media":0,"parent":0,"menu_order":0,"comment_status":"open","ping_status":"open","template":"","meta":[],"_links":{"self":[{"href":"https:\/\/blog.lesgrossesorchadeslesamplesthalameges.fr\/index.php\/wp-json\/wp\/v2\/pages\/3299"}],"collection":[{"href":"https:\/\/blog.lesgrossesorchadeslesamplesthalameges.fr\/index.php\/wp-json\/wp\/v2\/pages"}],"about":[{"href":"https:\/\/blog.lesgrossesorchadeslesamplesthalameges.fr\/index.php\/wp-json\/wp\/v2\/types\/page"}],"author":[{"embeddable":true,"href":"https:\/\/blog.lesgrossesorchadeslesamplesthalameges.fr\/index.php\/wp-json\/wp\/v2\/users\/1"}],"replies":[{"embeddable":true,"href":"https:\/\/blog.lesgrossesorchadeslesamplesthalameges.fr\/index.php\/wp-json\/wp\/v2\/comments?post=3299"}],"version-history":[{"count":0,"href":"https:\/\/blog.lesgrossesorchadeslesamplesthalameges.fr\/index.php\/wp-json\/wp\/v2\/pages\/3299\/revisions"}],"wp:attachment":[{"href":"https:\/\/blog.lesgrossesorchadeslesamplesthalameges.fr\/index.php\/wp-json\/wp\/v2\/media?parent=3299"}],"curies":[{"name":"wp","href":"https:\/\/api.w.org\/{rel}","templated":true}]}}