{"id":3309,"date":"2019-03-20T23:36:00","date_gmt":"2019-03-20T22:36:00","guid":{"rendered":"http:\/\/blog.lesgrossesorchadeslesamplesthalameges.fr\/?page_id=3309"},"modified":"2019-03-20T23:40:02","modified_gmt":"2019-03-20T22:40:02","slug":"marches-de-retour-deja-un-an","status":"publish","type":"page","link":"https:\/\/blog.lesgrossesorchadeslesamplesthalameges.fr\/index.php\/marches-de-retour-deja-un-an\/","title":{"rendered":"Marches de retour : d\u00e9j\u00e0 un an !"},"content":{"rendered":"<p>&nbsp;<\/p>\n<p>&nbsp;<\/p>\n<p>&nbsp;<\/p>\n<p>&nbsp;<\/p>\n<p>&nbsp;<\/p>\n<p>&nbsp;<\/p>\n<p style=\"text-align: center;\"><span style=\"font-family: times new roman, times, serif; font-size: 36pt;\"><strong>Marches du retour\u00a0: d\u00e9j\u00e0 un an\u00a0!<\/strong><\/span><\/p>\n<p>&nbsp;<\/p>\n<p>&nbsp;<\/p>\n<p style=\"text-align: center;\"><img loading=\"lazy\" class=\"alignnone wp-image-3316\" src=\"http:\/\/blog.lesgrossesorchadeslesamplesthalameges.fr\/wp-content\/uploads\/2019\/03\/Handala-couleur-1-178x300.png\" alt=\"\" width=\"75\" height=\"126\" \/><\/p>\n<p>&nbsp;<\/p>\n<p>&nbsp;<\/p>\n<p style=\"text-align: justify;\"><span style=\"font-family: tahoma, arial, helvetica, sans-serif; font-size: 14pt;\">Fran\u00e7aises, Fran\u00e7ais,<\/span><\/p>\n<p style=\"text-align: justify;\"><span style=\"font-family: tahoma, arial, helvetica, sans-serif; font-size: 14pt;\">Belges, Belges<\/span><\/p>\n<p style=\"text-align: justify;\"><span style=\"font-family: tahoma, arial, helvetica, sans-serif; font-size: 14pt;\">Samedi 30 mars prochain, nous ne c\u00e9l\u00e8brerons pas seulement la traditionnelle journ\u00e9e de la terre Palestinienne, mais aussi un an, jour pour jour, depuis le d\u00e9but des Marches du Retour h\u00e9ro\u00efques et hebdomadaires dans la Bande de Gaza. Et nous vous appelons \u00e0 y participer tr\u00e8s nombreux, afin d\u2019envoyer un signe aux Palestiniens, qui se croient oubli\u00e9s du monde entier.<\/span><\/p>\n<p>&nbsp;<\/p>\n<p>&nbsp;<\/p>\n<p style=\"text-align: justify;\"><span style=\"font-family: tahoma, arial, helvetica, sans-serif; font-size: 14pt;\"><img loading=\"lazy\" class=\"wp-image-3233 aligncenter\" src=\"http:\/\/blog.lesgrossesorchadeslesamplesthalameges.fr\/wp-content\/uploads\/2019\/03\/Grande-marche-212x300.jpg\" alt=\"\" width=\"600\" height=\"848\" srcset=\"https:\/\/blog.lesgrossesorchadeslesamplesthalameges.fr\/wp-content\/uploads\/2019\/03\/Grande-marche-212x300.jpg 212w, https:\/\/blog.lesgrossesorchadeslesamplesthalameges.fr\/wp-content\/uploads\/2019\/03\/Grande-marche.jpg 600w\" sizes=\"(max-width: 600px) 100vw, 600px\" \/><\/span><\/p>\n<p>&nbsp;<\/p>\n<p>&nbsp;<\/p>\n<ul style=\"text-align: justify;\">\n<li><span style=\"font-family: tahoma, arial, helvetica, sans-serif; font-size: 14pt;\">Parce qu\u2019ils sont courageux, n\u2019ayant que leurs drapeaux et leur d\u00e9termination face \u00e0 une arm\u00e9e qui tire \u00e0 balles r\u00e9elles sur hommes, femmes et enfants, secouristes et journalistes<\/span><\/li>\n<li><span style=\"font-family: tahoma, arial, helvetica, sans-serif; font-size: 14pt;\">Parce que 200 d\u2019entre eux, dont 40 enfants, ont \u00e9t\u00e9 tu\u00e9s et 7800 autres bless\u00e9s par balles, dont 130 mutil\u00e9s, pour avoir demand\u00e9 \u00e0 vivre libres<\/span><\/li>\n<li><span style=\"font-family: tahoma, arial, helvetica, sans-serif; font-size: 14pt;\">Parce qu\u2019enfermer 2 millions d\u2019\u00eatres humains derri\u00e8re des barbel\u00e9s pendant 12 ans, en les privant de tout, m\u00eame de soins, est d\u2019une barbarie sans nom<\/span><\/li>\n<li><span style=\"font-family: tahoma, arial, helvetica, sans-serif; font-size: 14pt;\">Parce que nos dirigeants collaborent avec cet Etat d\u2019apartheid isra\u00e9lien qui colonise et massacre les Palestiniens, en affichant ses th\u00e9ories et lois racistes.<\/span><\/li>\n<\/ul>\n<p>&nbsp;<\/p>\n<p style=\"text-align: justify;\"><span style=\"font-family: tahoma, arial, helvetica, sans-serif; font-size: 14pt;\"><strong>Nous vous appelons \u00e0 montrer notre solidarit\u00e9 \u00e0 cette jeunesse, \u00e0 ces m\u00e8res qui ne veulent pas perdre leurs enfants un par un, mais qui n\u2019ont aucune perspective de libert\u00e9 \u00e0 leur offrir, \u00e0 ces p\u00e8res qui se sentent impuissants devant l\u2019angoisse et le d\u00e9sespoir de leurs enfants.<\/strong><\/span><\/p>\n<p>&nbsp;<\/p>\n<p style=\"text-align: justify;\"><span style=\"font-family: tahoma, arial, helvetica, sans-serif; font-size: 14pt; color: #c00000;\"><strong>GRANDE MARCHE DE LA R\u00c9PUBLIQUE \u00c0 L\u2019OP\u00c9RA<\/strong><\/span><\/p>\n<p style=\"text-align: justify;\"><span style=\"font-family: tahoma, arial, helvetica, sans-serif; font-size: 14pt; color: #c00000;\"><strong>LE SAMEDI 30 MARS<\/strong><\/span><\/p>\n<p style=\"text-align: justify;\"><span style=\"font-family: tahoma, arial, helvetica, sans-serif; font-size: 14pt; color: #c00000;\"><strong>DE 14 H \u00c0 17 H 30<\/strong><\/span><\/p>\n<p style=\"text-align: justify;\"><span style=\"font-family: tahoma, arial, helvetica, sans-serif; font-size: 14pt; color: #c00000;\"><strong>(AVEC UN RASSEMBLEMENT DE 14 H \u00c0 15 H \u00c0 R\u00c9PUBLIQUE, AVANT DE D\u00c9FILER)<\/strong><\/span><\/p>\n<p>&nbsp;<\/p>\n<p style=\"text-align: justify;\"><span style=\"font-family: tahoma, arial, helvetica, sans-serif; font-size: 14pt;\"><strong>Premiers signataires\u00a0<\/strong> : <em>CAPJPO-EuroPalestine, Droits Devant !!, Al-Rowwad, Campagne pour la lib\u00e9ration de Georges Abdallah, Avec Naplouse, D\u00e9sob\u00c9issants, ISM France\u2026 et de nombreux Gilets Jaunes, comme on peut le voir ici : <\/em><a href=\"https:\/\/www.europalestine.com\/spip.php?article86\"><em>https:\/\/www.europalestine.com\/spip.php?article86<\/em><\/a><\/span><\/p>\n<p>&nbsp;<\/p>\n<p style=\"text-align: justify;\"><span style=\"font-family: tahoma, arial, helvetica, sans-serif; font-size: 14pt;\">Les jeunes organisateurs des Marches du Retour ne r\u00e9clament que l\u2019application du droit, c\u2019est \u00e0 dire la libert\u00e9 de mouvement et la r\u00e9solution 194 de l\u2019ONU qui reconnait aux r\u00e9fugi\u00e9s palestiniens qui le souhaitent le droit de pouvoir retourner dans leur pays. Ils nous lancent un appel.<\/span><\/p>\n<p style=\"text-align: justify;\"><span style=\"font-family: tahoma, arial, helvetica, sans-serif; font-size: 14pt;\"><strong>\u00ab\u00a0<em>Lancez des initiatives dans un million d\u2019endroits, en Europe, aux \u00c9tats-Unis, au Moyen-Orient, au Maghreb, et dans le reste du monde, pour attirer l\u2019attention sur notre sort, celui des Palestiniens !\u00a0\u00bb<\/em><\/strong><\/span><\/p>\n<p>&nbsp;<\/p>\n<p style=\"text-align: justify;\"><span style=\"font-family: tahoma, arial, helvetica, sans-serif; font-size: 14pt;\">C\u2019est ainsi que l\u2019a formul\u00e9 Salah Abdel Ati, l\u2019un des organisateurs des Marches du Retour.<\/span><\/p>\n<p>&nbsp;<\/p>\n<p style=\"text-align: justify;\"><span style=\"font-family: tahoma, arial, helvetica, sans-serif; font-size: 14pt;\"><strong><em>\u00ab\u00a0Ne les laissez pas isoler Gaza du reste de la Palestine comme ils veulent le faire d\u00e9finitivement ! Nous souffrons tous de l\u2019oppression isra\u00e9lienne, que nous soyons en Cisjordanie, \u00e0 J\u00e9rusalem-Est, dans les ge\u00f4les isra\u00e9liennes ou dans le ghetto de Gaza.\u00a0\u00bb<\/em><\/strong><\/span><\/p>\n<p style=\"text-align: justify;\"><span style=\"font-family: tahoma, arial, helvetica, sans-serif; font-size: 14pt;\"><strong><em>\u00ab\u00a0Nous avons choisi la r\u00e9sistance populaire pacifique, mais ils veulent absolument nous rejeter dans la violence, de la m\u00eame mani\u00e8re qu\u2019ils attisent la division entre les partis, ou essaient de faire croire que les marches de Gaza sont sous le contr\u00f4le du Hamas, alors qu\u2019elles ne le sont pas.\u00a0\u00bb<\/em><\/strong><\/span><\/p>\n<p style=\"text-align: justify;\"><span style=\"font-family: tahoma, arial, helvetica, sans-serif; font-size: 14pt;\"><strong><em>\u00ab\u00a0Ce sont des comit\u00e9s de base, de la jeunesse, des femmes, qui se sont organis\u00e9s eux-m\u00eames, en se r\u00e9partissant les t\u00e2ches : la communication, les soins, le BDS, les r\u00e9fugi\u00e9s&#8230; Le Hamas ne peut que soutenir ces marches, mais ce n\u2019est pas lui qui les organise. Le Hamas subit au contraire des pressions de toutes parts, d\u2019Isra\u00ebl, de l\u2019\u00c9gypte, du Qatar, etc, pour que ces marches cessent.\u00a0\u00bb<\/em><\/strong><\/span><\/p>\n<p style=\"text-align: justify;\"><span style=\"font-family: tahoma, arial, helvetica, sans-serif; font-size: 14pt;\"><strong><em>\u00ab\u00a0Nous n\u2019avons aucune envie de mourir. Nous aimons la vie et nous ne voulons pas que les jeunes perdent tout espoir. Tous ces adolescents qu\u2019Isra\u00ebl essaie de briser attendent un signe de vous.\u00a0\u00bb<\/em><\/strong><\/span><\/p>\n<p>&nbsp;<\/p>\n<p style=\"text-align: justify;\"><span style=\"font-family: tahoma, arial, helvetica, sans-serif; font-size: 14pt; color: #c00000;\"><strong>Ce signe, faisons-le ensemble le samedi 30 mars !<\/strong><\/span><\/p>\n<p style=\"text-align: justify;\"><span style=\"font-family: tahoma, arial, helvetica, sans-serif; font-size: 14pt; color: #c00000;\"><strong>RV \u00e0 14 H Place de la R\u00e9publique.<\/strong><\/span><\/p>\n<p style=\"text-align: justify;\"><span style=\"font-family: tahoma, arial, helvetica, sans-serif; font-size: 14pt; color: #c00000;\"><strong>Merci de faire tourner l\u2019information !<\/strong><\/span><\/p>\n<p>&nbsp;<\/p>\n<p style=\"text-align: justify;\"><span style=\"font-family: times new roman, times, serif; font-size: 14pt;\"><span style=\"font-family: tahoma, arial, helvetica, sans-serif;\">Source\u00a0: CAPJPO-EuroPalestine\u00a0 <\/span><a href=\"https:\/\/www.europalestine.com\"><span style=\"font-family: tahoma, arial, helvetica, sans-serif; font-size: 14pt;\">www.europalestine.com<\/span><\/a><\/span><\/p>\n<p>&nbsp;<\/p>\n<p>&nbsp;<\/p>\n<p style=\"text-align: center;\"><img loading=\"lazy\" class=\"alignnone wp-image-3316\" src=\"http:\/\/blog.lesgrossesorchadeslesamplesthalameges.fr\/wp-content\/uploads\/2019\/03\/Handala-couleur-1-178x300.png\" alt=\"\" width=\"75\" height=\"126\" \/><\/p>\n<p>&nbsp;<\/p>\n<p>&nbsp;<\/p>\n<p style=\"text-align: right;\"><span style=\"font-family: comic sans ms, sans-serif;\">20 mars 2019<\/span><\/p>\n<p>&nbsp;<\/p>\n<p>&nbsp;<\/p>\n","protected":false},"excerpt":{"rendered":"<p>&nbsp; &nbsp; &nbsp; &nbsp; &nbsp; &nbsp; Marches du retour\u00a0: d\u00e9j\u00e0 un an\u00a0! &nbsp; &nbsp; &nbsp; &nbsp; Fran\u00e7aises, Fran\u00e7ais, Belges, Belges Samedi 30 mars prochain, nous ne c\u00e9l\u00e8brerons pas seulement la traditionnelle journ\u00e9e de la terre Palestinienne, mais aussi un an, jour pour jour, depuis le d\u00e9but des Marches du Retour h\u00e9ro\u00efques et hebdomadaires dans la&#8230;<\/p>\n","protected":false},"author":1,"featured_media":0,"parent":0,"menu_order":0,"comment_status":"open","ping_status":"open","template":"","meta":[],"_links":{"self":[{"href":"https:\/\/blog.lesgrossesorchadeslesamplesthalameges.fr\/index.php\/wp-json\/wp\/v2\/pages\/3309"}],"collection":[{"href":"https:\/\/blog.lesgrossesorchadeslesamplesthalameges.fr\/index.php\/wp-json\/wp\/v2\/pages"}],"about":[{"href":"https:\/\/blog.lesgrossesorchadeslesamplesthalameges.fr\/index.php\/wp-json\/wp\/v2\/types\/page"}],"author":[{"embeddable":true,"href":"https:\/\/blog.lesgrossesorchadeslesamplesthalameges.fr\/index.php\/wp-json\/wp\/v2\/users\/1"}],"replies":[{"embeddable":true,"href":"https:\/\/blog.lesgrossesorchadeslesamplesthalameges.fr\/index.php\/wp-json\/wp\/v2\/comments?post=3309"}],"version-history":[{"count":0,"href":"https:\/\/blog.lesgrossesorchadeslesamplesthalameges.fr\/index.php\/wp-json\/wp\/v2\/pages\/3309\/revisions"}],"wp:attachment":[{"href":"https:\/\/blog.lesgrossesorchadeslesamplesthalameges.fr\/index.php\/wp-json\/wp\/v2\/media?parent=3309"}],"curies":[{"name":"wp","href":"https:\/\/api.w.org\/{rel}","templated":true}]}}