{"id":3323,"date":"2019-03-20T23:43:16","date_gmt":"2019-03-20T22:43:16","guid":{"rendered":"http:\/\/blog.lesgrossesorchadeslesamplesthalameges.fr\/?page_id=3323"},"modified":"2019-03-21T01:10:04","modified_gmt":"2019-03-21T00:10:04","slug":"algerie-une-plateforme-pour-le-changement-document","status":"publish","type":"page","link":"https:\/\/blog.lesgrossesorchadeslesamplesthalameges.fr\/index.php\/algerie-une-plateforme-pour-le-changement-document\/","title":{"rendered":"Alg\u00e9rie : Une plateforme pour le changement (document)"},"content":{"rendered":"<p>&nbsp;<\/p>\n<p>&nbsp;<\/p>\n<p>&nbsp;<\/p>\n<p>&nbsp;<\/p>\n<p>&nbsp;<\/p>\n<p>&nbsp;<\/p>\n<p style=\"text-align: center;\"><span style=\"font-size: 36pt; color: #c00000; font-family: times new roman, times, serif;\">ALG\u00c9RIE<\/span><\/p>\n<p>&nbsp;<\/p>\n<p style=\"text-align: center;\"><span style=\"font-size: 40pt; font-family: times new roman, times, serif;\"><strong>Une plateforme pour le changement<\/strong><\/span><\/p>\n<p style=\"text-align: center;\"><span style=\"font-size: 28pt; font-family: times new roman, times, serif;\"><strong> (document)<\/strong><\/span><\/p>\n<p>&nbsp;<\/p>\n<p style=\"text-align: center;\"><span style=\"font-size: 18pt; font-family: times new roman, times, serif;\"><strong>Gilles Munier<\/strong> \u2013 <strong><em>France-Irak actualit\u00e9s<\/em><\/strong> \u2013 18.3.2019<\/span><\/p>\n<p style=\"text-align: justify;\"><span style=\"font-size: 14pt; font-family: times new roman, times, serif;\"><strong><em>\u00a0<\/em><\/strong><\/span><\/p>\n<p>&nbsp;<\/p>\n<p style=\"text-align: center;\"><img loading=\"lazy\" class=\"alignnone wp-image-3372\" src=\"http:\/\/blog.lesgrossesorchadeslesamplesthalameges.fr\/wp-content\/uploads\/2019\/03\/Manif-didouche-mourad-1-240x300.jpg\" alt=\"\" width=\"750\" height=\"938\" srcset=\"https:\/\/blog.lesgrossesorchadeslesamplesthalameges.fr\/wp-content\/uploads\/2019\/03\/Manif-didouche-mourad-1-240x300.jpg 240w, https:\/\/blog.lesgrossesorchadeslesamplesthalameges.fr\/wp-content\/uploads\/2019\/03\/Manif-didouche-mourad-1.jpg 600w\" sizes=\"(max-width: 750px) 100vw, 750px\" \/><\/p>\n<p style=\"text-align: center;\"><span style=\"font-size: 12pt; font-family: times new roman, times, serif;\"><strong><em>Vue des manifestants (rue Didouche Mourad, \u00e0 Alger)<\/em><\/strong><\/span><\/p>\n<p>&nbsp;<\/p>\n<p>&nbsp;<\/p>\n<p style=\"text-align: justify;\"><strong><span style=\"font-size: 18pt; font-family: times new roman, times, serif;\">Cette plateforme est le fruit d\u2019un d\u00e9bat de plusieurs semaines et de r\u00e9unions entre les jeunes Alg\u00e9riens, hommes et femmes de villes et de villages du pays, pr\u00e9occup\u00e9s au premier plan de l\u2019avenir de l\u2019Alg\u00e9rie indissociablement li\u00e9 \u00e0 leur propre avenir. Elle r\u00e9sume et synth\u00e9tise les avis et points de vue exprim\u00e9s par la majorit\u00e9 des participants au d\u00e9bat et prend \u00e9galement en compte les propositions avanc\u00e9es et les points de vue exprim\u00e9s par d\u2019autres acteurs politiques et de la soci\u00e9t\u00e9 civile sans exclusion.<\/span><\/strong><\/p>\n<p>&nbsp;<\/p>\n<p style=\"text-align: justify;\"><span style=\"font-size: 18pt; font-family: times new roman, times, serif;\"><strong>Plateforme pour le changement en Alg\u00e9rie<\/strong><\/span><\/p>\n<p style=\"text-align: justify;\"><span style=\"font-size: 14pt; font-family: times new roman, times, serif;\">En ce d\u00e9but 2019, le Peuple alg\u00e9rien a cri\u00e9 son ras-le-bol d\u2019une mani\u00e8re massive, pacifique et civilis\u00e9e pour dire non \u00e0 un r\u00e9gime d\u00e9voy\u00e9. Dans une ambiance fraternelle, civilis\u00e9e et en harmonie avec les services de s\u00e9curit\u00e9, il a clam\u00e9 haut et fort \u00ab Alg\u00e9rie r\u00e9publique pas monarchie ! \u00bb, \u00ab Non \u00e0 un pouvoir mafieux ! \u00bb, \u00ab Vous avez consum\u00e9 le pays, esp\u00e8ce de voleurs ! \u00bb, \u00ab Alg\u00e9rie libre et d\u00e9mocratique !\u00bb, \u00ab Le Peuple veut changer de r\u00e9gime ! \u00bb, \u00ab Non au 5\u00e8me mandat ! \u00bb, \u00ab L\u2019arm\u00e9e et le peuple sont des fr\u00e8res ! \u00bb.<\/span><\/p>\n<p style=\"text-align: justify;\"><span style=\"font-size: 14pt; font-family: times new roman, times, serif;\">Fid\u00e8le au serment de novembre 1954 et aux sacrifices des chouhadas, il a exprim\u00e9 sa d\u00e9termination pour vivre dans une Alg\u00e9rie o\u00f9 seront garantis\u00a0:<\/span><\/p>\n<p>&nbsp;<\/p>\n<ul style=\"text-align: justify;\">\n<li><span style=\"font-size: 14pt; font-family: times new roman, times, serif;\">L a souverainet\u00e9 du pays et le droit de tous ses citoyens d\u2019y vivre libres et dignes\u00a0;<\/span><\/li>\n<li><span style=\"font-size: 14pt; font-family: times new roman, times, serif;\">Le suffrage universel comme seul moyen de choix des dirigeants et des programmes politiques<\/span><\/li>\n<li><span style=\"font-size: 14pt; font-family: times new roman, times, serif;\">Les libert\u00e9s individuelles et collectives\u00a0et des droits fondamentaux de la personne humaine\u00a0;<\/span><\/li>\n<li><span style=\"font-size: 14pt; font-family: times new roman, times, serif;\">Le droit inali\u00e9nable \u00e0 l\u2019action politique, syndicale et associative\u00a0;<\/span><\/li>\n<li><span style=\"font-size: 14pt; font-family: times new roman, times, serif;\">La justice sociale et la redistribution juste et \u00e9quitable des richesses;<\/span><\/li>\n<li><span style=\"font-size: 14pt; font-family: times new roman, times, serif;\">Le contr\u00f4le d\u00e9mocratique effectif des forces arm\u00e9es et des services de s\u00e9curit\u00e9 par les repr\u00e9sentants du peuple.<\/span><\/li>\n<\/ul>\n<p>&nbsp;<\/p>\n<p style=\"text-align: justify;\"><span style=\"font-size: 14pt; font-family: times new roman, times, serif;\">La crise politique majeure que vit notre pays ne peut \u00eatre r\u00e9duite au refus du cinqui\u00e8me mandat d\u2019un homme malade. Son annonce, le 11 mars 2019, d\u2019annuler les pr\u00e9sidentielles d\u2019avril 2019, suite \u00e0 la protestation populaire, ainsi que son affirmation qu\u2019\u00ab\u00a0il n\u2019a jamais \u00e9t\u00e9 question\u00a0\u00bb pour lui de briguer un cinqui\u00e8me mandat, alors que le monde entier est t\u00e9moin que son dossier de candidature a \u00e9t\u00e9 d\u00e9pos\u00e9 le 3 mars 2019, ne laisse aucun doute sur sa politique de mensonge et de fourberie.<\/span><\/p>\n<p style=\"text-align: justify;\"><span style=\"font-size: 14pt; font-family: times new roman, times, serif;\">Bouteflika vient de pi\u00e9tiner la constitution actuelle, qu\u2019il avait impos\u00e9e, en annon\u00e7ant vouloir prolonger son quatri\u00e8me mandat, ce qui constitue une rupture irr\u00e9versible entre son r\u00e9gime et le Peuple.<\/span><\/p>\n<p style=\"text-align: justify;\"><span style=\"font-size: 14pt; font-family: times new roman, times, serif;\">Le Peuple alg\u00e9rien n\u2019acceptera aucune d\u00e9marche de cercles visant \u00e0 faire durer le syst\u00e8me actuel, que ce soit de l\u2019entourage du \u00ab\u00a0fr\u00e8re\u00a0\u00bb, de \u00ab\u00a0l\u2019ami\u00a0\u00bb ou d\u2019autres cercles occultes.<\/span><\/p>\n<p style=\"text-align: justify;\"><span style=\"font-size: 14pt; font-family: times new roman, times, serif;\">Il y a aujourd\u2019hui urgence et n\u00e9cessit\u00e9 d\u2019op\u00e9rer un changement radical du syst\u00e8me en place, sur des bases nouvelles, avec des personnes nouvelles et de toute fa\u00e7on non pilot\u00e9 par le r\u00e9gime actuel.<\/span><\/p>\n<p style=\"text-align: justify;\"><span style=\"font-size: 14pt; font-family: times new roman, times, serif;\">Sur cette base, les citoyens et citoyennes qui se sont mobilis\u00e9s en masse ces derni\u00e8res semaines exigent\u00a0:<\/span><\/p>\n<p>&nbsp;<\/p>\n<ul style=\"text-align: justify;\">\n<li><span style=\"font-size: 14pt; font-family: times new roman, times, serif;\">Le retrait du Chef de l\u2019Etat \u00e0 l\u2019issue de son mandat actuel le 27 avril 2019 ;<\/span><\/li>\n<li><span style=\"font-size: 14pt; font-family: times new roman, times, serif;\">La d\u00e9mission du gouvernement\u00a0et la dissolution du parlement et du s\u00e9nat ;<\/span><\/li>\n<li><span style=\"font-size: 14pt; font-family: times new roman, times, serif;\">L\u2019entr\u00e9e dans une phase de transition qui permettra au Peuple de concr\u00e9tiser son projet national\u00a0;<\/span><\/li>\n<li><span style=\"font-size: 14pt; font-family: times new roman, times, serif;\">La mise en place d\u2019une \u00ab\u00a0Pr\u00e9sidence coll\u00e9giale\u00a0\u00bb compos\u00e9e de personnalit\u00e9s nationales dignes de confiance et s\u2019engageant \u00e0 ne pas rester au pouvoir \u00e0 la fin de la transition\u00a0;<\/span><\/li>\n<li><span style=\"font-size: 14pt; font-family: times new roman, times, serif;\">La mise en place d\u2019un \u00ab\u00a0Gouvernement de salut national\u00a0\u00bb nomm\u00e9 par la pr\u00e9sidence coll\u00e9giale, charg\u00e9 de g\u00e9rer les affaires courantes de l\u2019Etat\u00a0;<\/span><\/li>\n<li><span style=\"font-size: 14pt; font-family: times new roman, times, serif;\">Un d\u00e9bat national inclusif qui d\u00e9finira les modalit\u00e9s pratiques d\u2019une r\u00e9vision constitutionnelle ainsi que l\u2019organisation d\u2019\u00e9lections \u00e0 l\u2019issue de la phase de transition\u00a0;<\/span><\/li>\n<li><span style=\"font-size: 14pt; font-family: times new roman, times, serif;\">L\u2019engagement de l\u2019Arm\u00e9e Nationale Populaire et des services de s\u00e9curit\u00e9 \u00e0 assurer leurs missions constitutionnelles sans interf\u00e9rer dans les choix politiques du Peuple.<\/span><\/li>\n<\/ul>\n<p>&nbsp;<\/p>\n<p style=\"text-align: justify;\"><span style=\"font-size: 14pt; font-family: times new roman, times, serif;\">Les organisations de la soci\u00e9t\u00e9 civile, en particulier les \u00e9tudiants, les syndicats, les journalistes, les travailleurs, les avocats et les juges, ainsi que les partis et les personnalit\u00e9s qui adh\u00e8rent \u00e0 cette d\u00e9marche, ont d\u00e9cid\u00e9 de cr\u00e9er une \u00ab\u00a0Coordination Nationale pour le Changement\u00a0\u00bb (CNC) qui sera un espace d\u2019\u00e9change, de concertation et de coordination pour mettre en \u0153uvre la pr\u00e9sente plateforme. Les entit\u00e9s affili\u00e9es \u00e0 la CNC gardent leur autonomie et libert\u00e9 d\u2019action tout en s\u2019engagent \u00e0 \u00eatre aux c\u00f4t\u00e9s du Peuple et \u00e0 soutenir ses revendications l\u00e9gitimes. Elles s\u2019engagent aussi \u00e0 se r\u00e9unir dans les plus brefs d\u00e9lais pour d\u00e9cider d\u2019actions concr\u00e8tes.<\/span><\/p>\n<p style=\"text-align: justify;\"><span style=\"font-size: 14pt; font-family: times new roman, times, serif;\">Vive l\u2019Alg\u00e9rie et Gloire \u00e0 nos martyrs\u00a0!<\/span><\/p>\n<p style=\"text-align: justify;\"><span style=\"font-size: 14pt; font-family: times new roman, times, serif;\">Le 15 mars 2019<\/span><\/p>\n<p>&nbsp;<\/p>\n<p style=\"text-align: justify;\"><span style=\"font-size: 14pt; font-family: times new roman, times, serif;\">Les signataires de cette plateforme ne revendiquent ni la paternit\u00e9 ni un r\u00f4le privil\u00e9gi\u00e9 dans la Coordination nationale pour le changement. La Coordination est ouverte, sans exclusive, \u00e0 celles et ceux qui adh\u00e8rent \u00e0 la pr\u00e9sente plateforme et c\u2019est en son sein que seront abord\u00e9es, de mani\u00e8re d\u00e9mocratique et transparente, les questions de repr\u00e9sentation de la Coordination ainsi que ses actions concr\u00e8tes.<\/span><\/p>\n<p style=\"text-align: justify;\"><span style=\"font-size: 14pt; font-family: times new roman, times, serif;\">Les signataires de la plateforme par ordre alphab\u00e9tique :<\/span><\/p>\n<p>&nbsp;<\/p>\n<ul style=\"text-align: justify;\">\n<li><span style=\"font-size: 14pt; font-family: times new roman, times, serif;\">Zoubida Assoul<\/span><\/li>\n<li><span style=\"font-size: 14pt; font-family: times new roman, times, serif;\">Abdelghani Badi<\/span><\/li>\n<li><span style=\"font-size: 14pt; font-family: times new roman, times, serif;\">Mohcine Belabes<\/span><\/li>\n<li><span style=\"font-size: 14pt; font-family: times new roman, times, serif;\">Ali Benouari<\/span><\/li>\n<li><span style=\"font-size: 14pt; font-family: times new roman, times, serif;\">Samir Bouakouir<\/span><\/li>\n<li><span style=\"font-size: 14pt; font-family: times new roman, times, serif;\">Mustapha Bouchachi<\/span><\/li>\n<li><span style=\"font-size: 14pt; font-family: times new roman, times, serif;\">Mourad Dhina<\/span><\/li>\n<li><span style=\"font-size: 14pt; font-family: times new roman, times, serif;\">Kamel Guemazi<\/span><\/li>\n<li><span style=\"font-size: 14pt; font-family: times new roman, times, serif;\">Karim Tabou<\/span><\/li>\n<\/ul>\n<p>&nbsp;<\/p>\n<p style=\"text-align: left;\"><span style=\"font-size: 14pt; font-family: times new roman, times, serif;\">Source\u00a0: <a href=\"http:\/\/www.france-irak-actualite.com\/2019\/03\/une-plateforme-pour-le-changement-en-algerie-document-8.html\">http:\/\/www.france-irak-actualite.com\/2019\/03\/une-plateforme-pour-le-changement-en-algerie-document-8.html<\/a><\/span><\/p>\n<p style=\"text-align: justify;\"><span style=\"font-size: 14pt; font-family: times new roman, times, serif;\">Source d\u2019origine<strong> :<\/strong> <a href=\"http:\/\/www.cnc-dz.net\/\">CNC<\/a><\/span><\/p>\n<p>&nbsp;<\/p>\n<p>&nbsp;<\/p>\n<p style=\"text-align: center;\"><img loading=\"lazy\" class=\"alignnone size-full wp-image-3373\" src=\"http:\/\/blog.lesgrossesorchadeslesamplesthalameges.fr\/wp-content\/uploads\/2019\/03\/Alg\u00e9rie-Carte-GIF-3.gif\" alt=\"\" width=\"171\" height=\"167\" \/><\/p>\n<p>&nbsp;<\/p>\n<p>&nbsp;<\/p>\n<p style=\"text-align: right;\"><span style=\"font-size: 14pt; font-family: comic sans ms, sans-serif;\">20 mars 2019<\/span><\/p>\n<p>&nbsp;<\/p>\n<p>&nbsp;<\/p>\n<p>&nbsp;<\/p>\n","protected":false},"excerpt":{"rendered":"<p>&nbsp; &nbsp; &nbsp; &nbsp; &nbsp; &nbsp; ALG\u00c9RIE &nbsp; Une plateforme pour le changement (document) &nbsp; Gilles Munier \u2013 France-Irak actualit\u00e9s \u2013 18.3.2019 \u00a0 &nbsp; Vue des manifestants (rue Didouche Mourad, \u00e0 Alger) &nbsp; &nbsp; Cette plateforme est le fruit d\u2019un d\u00e9bat de plusieurs semaines et de r\u00e9unions entre les jeunes Alg\u00e9riens, hommes et femmes de&#8230;<\/p>\n","protected":false},"author":1,"featured_media":0,"parent":0,"menu_order":0,"comment_status":"open","ping_status":"open","template":"","meta":[],"_links":{"self":[{"href":"https:\/\/blog.lesgrossesorchadeslesamplesthalameges.fr\/index.php\/wp-json\/wp\/v2\/pages\/3323"}],"collection":[{"href":"https:\/\/blog.lesgrossesorchadeslesamplesthalameges.fr\/index.php\/wp-json\/wp\/v2\/pages"}],"about":[{"href":"https:\/\/blog.lesgrossesorchadeslesamplesthalameges.fr\/index.php\/wp-json\/wp\/v2\/types\/page"}],"author":[{"embeddable":true,"href":"https:\/\/blog.lesgrossesorchadeslesamplesthalameges.fr\/index.php\/wp-json\/wp\/v2\/users\/1"}],"replies":[{"embeddable":true,"href":"https:\/\/blog.lesgrossesorchadeslesamplesthalameges.fr\/index.php\/wp-json\/wp\/v2\/comments?post=3323"}],"version-history":[{"count":0,"href":"https:\/\/blog.lesgrossesorchadeslesamplesthalameges.fr\/index.php\/wp-json\/wp\/v2\/pages\/3323\/revisions"}],"wp:attachment":[{"href":"https:\/\/blog.lesgrossesorchadeslesamplesthalameges.fr\/index.php\/wp-json\/wp\/v2\/media?parent=3323"}],"curies":[{"name":"wp","href":"https:\/\/api.w.org\/{rel}","templated":true}]}}