{"id":3326,"date":"2019-03-20T23:45:00","date_gmt":"2019-03-20T22:45:00","guid":{"rendered":"http:\/\/blog.lesgrossesorchadeslesamplesthalameges.fr\/?page_id=3326"},"modified":"2019-03-20T23:55:33","modified_gmt":"2019-03-20T22:55:33","slug":"privatisation-de-fortis","status":"publish","type":"page","link":"https:\/\/blog.lesgrossesorchadeslesamplesthalameges.fr\/index.php\/privatisation-de-fortis\/","title":{"rendered":"Privatisation de FORTIS"},"content":{"rendered":"<p>&nbsp;<\/p>\n<p>&nbsp;<\/p>\n<p>&nbsp;<\/p>\n<p>&nbsp;<\/p>\n<p>&nbsp;<\/p>\n<p style=\"text-align: center;\"><span style=\"font-family: times new roman, times, serif; font-size: 36pt;\"><strong>Privatisation de FORTIS\u00a0 : la Belgique a perdu plus d\u2019un milliard d\u2019euros, et les agences vont fermer !!!<\/strong><\/span><\/p>\n<p>&nbsp;<\/p>\n<p style=\"text-align: center;\"><span style=\"font-family: times new roman, times, serif; font-size: 18pt;\"><a href=\"https:\/\/insolentiae.com\/author\/charles-s\/\"><strong>Charles Sannat<\/strong><\/a><strong> \u2013<em> Insolenti\u00e6<\/em> \u2013 18.3.2019<\/strong><\/span><\/p>\n<p>&nbsp;<\/p>\n<p><span style=\"font-family: times new roman, times, serif; font-size: 18pt;\"><strong>\u00a0<\/strong><\/span><\/p>\n<p style=\"text-align: center;\"><img loading=\"lazy\" class=\"alignnone wp-image-3329\" src=\"http:\/\/blog.lesgrossesorchadeslesamplesthalameges.fr\/wp-content\/uploads\/2019\/03\/Manneken-Pis-1-GIF-1-300x156.gif\" alt=\"\" width=\"600\" height=\"313\" \/><\/p>\n<p>&nbsp;<\/p>\n<p>&nbsp;<\/p>\n<p style=\"text-align: justify;\"><span style=\"font-family: times new roman, times, serif; font-size: 14pt;\">Mes ch\u00e8res impertinentes, mes chers impertinents,<\/span><\/p>\n<p style=\"text-align: justify;\"><span style=\"font-family: times new roman, times, serif; font-size: 14pt;\">Pauvres amis Belges et je le dis avec une infinie amiti\u00e9.<\/span><\/p>\n<p style=\"text-align: justify;\"><span style=\"font-family: times new roman, times, serif; font-size: 14pt;\">BNP Paribas a rachet\u00e9 Fortis aux Belges, enfin, la participation de 25% de l\u2019Etat belge. A travers des id\u00e9es dites \u00ab\u00a0europ\u00e9ennes\u00a0\u00bb de Privatisation de Fortis, la Belgique a perdu plus d\u2019un milliard d\u2019euros, et les agences vont fermer en Belgique\u2026<\/span><\/p>\n<p style=\"text-align: justify;\"><span style=\"font-family: times new roman, times, serif; font-size: 14pt;\">Voil\u00e0 les cons\u00e9quences g\u00e9n\u00e9ralement des \u00ab\u00a0privatisations modernes\u00a0\u00bb, qu\u2019elles soient en France ou ailleurs en Europe, elles ont pour cons\u00e9quences d\u2019enrichir certains, et de priver les \u00c9tats de futures ressources et de leur gestion notamment sociale.<\/span><\/p>\n<p style=\"text-align: justify;\"><span style=\"font-family: times new roman, times, serif; font-size: 14pt;\">L\u2019Europe en imposant le plus possible le d\u00e9sengagement des \u00c9tats nationaux des \u00e9conomies nationales veut en r\u00e9alit\u00e9 d\u00e9sarmer les pays, les gouvernements. Cela n\u2019est pas le fruit du hasard ni uniquement de l\u2019id\u00e9ologie lib\u00e9rale. Il faut bien comprendre et d\u00e9crypter la politique europ\u00e9enne qui est d\u2019un cynisme absolu.<\/span><\/p>\n<p style=\"text-align: justify;\"><span style=\"font-family: times new roman, times, serif; font-size: 14pt;\">Moins les Etats disposent de leviers, moins ils sont forts, plus l\u2019Europe F\u00e9d\u00e9rale peut venir en remplacement.<\/span><\/p>\n<p style=\"text-align: justify;\"><span style=\"font-family: times new roman, times, serif; font-size: 14pt;\">C\u2019est aussi en cela que ce besoin irr\u00e9pressible de \u00ab\u00a0privatisation\u00a0\u00bb devenant l\u2019alpha et l\u2019om\u00e9ga de toutes les politiques \u00e9conomiques doit \u00eatre combattu.<\/span><\/p>\n<p style=\"text-align: justify;\"><span style=\"font-family: times new roman, times, serif; font-size: 14pt;\">Plus que jamais, nos Etats doivent \u00eatre arm\u00e9s comme tous les pays qui pensent leur puissance le sont \u00e0 travers des fonds souverains.<\/span><\/p>\n<p>&nbsp;<\/p>\n<p style=\"text-align: justify;\"><span style=\"font-family: times new roman, times, serif; font-size: 18pt;\"><strong>BNP Paribas Fortis : l\u2019\u00c9tat belge s\u2019est priv\u00e9 de 1,2 milliard d\u2019euros<\/strong><\/span><\/p>\n<p style=\"text-align: justify;\"><span style=\"font-family: times new roman, times, serif; font-size: 14pt;\">Pour le journal <em>Le Soir<\/em> en Belgique, \u00ab\u00a0en 2013, la Belgique c\u00e9dait sa participation de 25 % dans BNP Paribas Fortis. \u00c0 la vue des dividendes vers\u00e9s depuis lors par la premi\u00e8re banque du pays, on peut dire que la Belgique a fait une mauvaise affaire\u2026<\/span><\/p>\n<p style=\"text-align: justify;\"><span style=\"font-family: times new roman, times, serif; font-size: 14pt;\">En 2009, l\u2019\u00c9tat belge c\u00e9dait 75 % de Fortis Banque \u00e0 BNP Paribas en \u00e9change d\u2019une participation de 10 % du capital du groupe fran\u00e7ais. Mais il conservait 25 % de la premi\u00e8re banque du pays.<\/span><\/p>\n<p style=\"text-align: justify;\"><span style=\"font-family: times new roman, times, serif; font-size: 14pt;\">En 2013, le gouvernement Di Rupo c\u00e9dait sa participation dans BNP Paribas Fortis au groupe fran\u00e7ais, empochant au passage 3,25 milliards d\u2019euros qui serviront \u00e0 r\u00e9duire la dette publique.<\/span><\/p>\n<p>&nbsp;<\/p>\n<p style=\"text-align: justify;\"><span style=\"font-family: times new roman, times, serif; font-size: 18pt;\"><strong>\u00ab Un bon deal \u00bb, selon Koen Geens, ministre des Finances de l\u2019\u00e9poque. Vraiment ? S\u2019interroge le journal.\u00a0<\/strong><\/span><\/p>\n<p style=\"text-align: justify;\"><span style=\"font-family: times new roman, times, serif; font-size: 14pt;\">\u00ab\u00a0En tenant compte des dividendes de BNP Paribas Fortis auxquels il a ainsi renonc\u00e9, pond\u00e9r\u00e9s par l\u2019\u00e9conomie r\u00e9alis\u00e9e sur la dette, l\u2019Etat belge s\u2019est priv\u00e9, depuis 2014, de 1,2 milliard d\u2019euros. En abandonnant en prime tout droit de regard sur la strat\u00e9gie de la premi\u00e8re banque du pays\u00a0\u00bb.<\/span><\/p>\n<p>&nbsp;<\/p>\n<p style=\"text-align: justify;\"><span style=\"font-family: times new roman, times, serif; font-size: 18pt;\"><strong>BNP Paribas Fortis va fermer 40% de ses agences<\/strong><\/span><\/p>\n<p style=\"text-align: justify;\"><span style=\"font-family: times new roman, times, serif; font-size: 14pt;\">Mais ce n\u2019est pas tout, Fortis va \u00e9galement fermer 40% de ses agences et supprimer 2 200 emplois soit 17% de ses effectifs d\u2019ici 2021\u2026<\/span><\/p>\n<p style=\"text-align: justify;\"><span style=\"font-family: times new roman, times, serif; font-size: 14pt;\">Les banques tenteront par tous les moyens de proc\u00e9der sans licenciements secs, en profitant au maximum des d\u00e9parts naturels et \u00e9videmment des grosses vagues de d\u00e9parts \u00e0 la retraite.<\/span><\/p>\n<p style=\"text-align: justify;\"><span style=\"font-family: times new roman, times, serif; font-size: 14pt;\">Mais la logique est l\u00e0.<\/span><\/p>\n<p style=\"text-align: justify;\"><span style=\"font-family: times new roman, times, serif; font-size: 14pt;\">Le m\u00e9tier de banquier est en train, sous vos yeux de muter, et d\u2019ici 2021 ce qui n\u2019est que dans moins de deux ans, en Belgique il y aura 40% d\u2019agences en moins.<\/span><\/p>\n<p style=\"text-align: justify;\"><span style=\"font-family: times new roman, times, serif; font-size: 14pt;\">La France va vivre exactement le m\u00eame ph\u00e9nom\u00e8ne, avec un changement tr\u00e8s important des usages, et de tr\u00e8s nombreuses agences vont dispara\u00eetre au profit des interfaces internet des banques, et seuls quelques gros bureaux vont subsister aussi bien pour la gestion patrimoniale que pour le suivi des entreprises.<\/span><\/p>\n<p style=\"text-align: justify;\"><span style=\"font-family: times new roman, times, serif; font-size: 14pt;\">Je vous en parlais d\u00e9j\u00e0 dans <a href=\"https:\/\/insolentiae.com\/le-rythme-des-fermetures-dagences-bancaires-doit-quadrupler-en-france\/\">cet article<\/a> ou dans <a href=\"https:\/\/insolentiae.com\/les-banques-poursuivent-leur-reductions-deffectifs-et-la-fermetures-des-agences\/\">celui-ci<\/a><\/span><\/p>\n<p style=\"text-align: justify;\"><span style=\"font-family: times new roman, times, serif; font-size: 14pt;\">A moins de viser des hauts postes dans la banque, ce n\u2019est plus du tout un secteur d\u2019avenir et le cours du petit banquier d\u2019agence du coin de la rue va s\u2019effondrer avant.. de dispara\u00eetre. Ce n\u2019est donc pas une bonne id\u00e9e d\u2019orientation.<\/span><\/p>\n<p style=\"text-align: justify;\"><span style=\"font-family: times new roman, times, serif; font-size: 14pt;\">Il est d\u00e9j\u00e0 trop tard, mais tout n\u2019est pas perdu. Pr\u00e9parez-vous !<\/span><\/p>\n<p>&nbsp;<\/p>\n<p><span style=\"font-family: times new roman, times, serif; font-size: 14pt;\">Source\u00a0: <a href=\"https:\/\/insolentiae.com\/privatisation-de-fortis-la-belgique-a-perdu-plus-dun-milliard-deuros-et-les-agences-vont-fermer-ledito-de-charles-sannat\/\">https:\/\/insolentiae.com\/privatisation-de-fortis-la-belgique-a-perdu-plus-dun-milliard-deuros-et-les-agences-vont-fermer-ledito-de-charles-sannat\/<\/a><\/span><\/p>\n<p><span style=\"font-family: times new roman, times, serif; font-size: 14pt;\">Sources d\u2019origine\u00a0:<\/span><\/p>\n<p><span style=\"font-family: times new roman, times, serif; font-size: 14pt;\"><a href=\"https:\/\/www.lesoir.be\/212796\/article\/2019-03-17\/bnp-paribas-fortis-letat-belge-sest-prive-de-12-milliard-deuros\"><em>Le soir <\/em>ici<\/a><\/span><\/p>\n<p><a href=\"http:\/\/www.lefigaro.fr\/flash-eco\/bnp-paribas-fortis-va-supprimer-2200-emplois-en-belgique-20190317\"><span style=\"font-family: times new roman, times, serif; font-size: 14pt;\"><em>Le Figaro<\/em> ici<\/span><\/a><\/p>\n<p>&nbsp;<\/p>\n<p style=\"text-align: center;\"><img loading=\"lazy\" class=\"alignnone size-full wp-image-3330\" src=\"http:\/\/blog.lesgrossesorchadeslesamplesthalameges.fr\/wp-content\/uploads\/2019\/03\/Manneken-Pis-petit-GIF-1.gif\" alt=\"\" width=\"87\" height=\"74\" \/><\/p>\n<p>&nbsp;<\/p>\n<p>&nbsp;<\/p>\n<p style=\"text-align: right;\"><span style=\"font-family: comic sans ms, sans-serif; font-size: 14pt;\">\u00a020 mars <\/span><span style=\"font-family: comic sans ms, sans-serif; font-size: 14pt;\">2019<\/span><u><br \/>\n<\/u><\/p>\n<p>&nbsp;<\/p>\n<p>&nbsp;<\/p>\n<p>&nbsp;<\/p>\n<p>&nbsp;<\/p>\n","protected":false},"excerpt":{"rendered":"<p>&nbsp; &nbsp; &nbsp; &nbsp; &nbsp; Privatisation de FORTIS\u00a0 : la Belgique a perdu plus d\u2019un milliard d\u2019euros, et les agences vont fermer !!! &nbsp; Charles Sannat \u2013 Insolenti\u00e6 \u2013 18.3.2019 &nbsp; \u00a0 &nbsp; &nbsp; Mes ch\u00e8res impertinentes, mes chers impertinents, Pauvres amis Belges et je le dis avec une infinie amiti\u00e9. BNP Paribas a rachet\u00e9&#8230;<\/p>\n","protected":false},"author":1,"featured_media":0,"parent":0,"menu_order":0,"comment_status":"open","ping_status":"open","template":"","meta":[],"_links":{"self":[{"href":"https:\/\/blog.lesgrossesorchadeslesamplesthalameges.fr\/index.php\/wp-json\/wp\/v2\/pages\/3326"}],"collection":[{"href":"https:\/\/blog.lesgrossesorchadeslesamplesthalameges.fr\/index.php\/wp-json\/wp\/v2\/pages"}],"about":[{"href":"https:\/\/blog.lesgrossesorchadeslesamplesthalameges.fr\/index.php\/wp-json\/wp\/v2\/types\/page"}],"author":[{"embeddable":true,"href":"https:\/\/blog.lesgrossesorchadeslesamplesthalameges.fr\/index.php\/wp-json\/wp\/v2\/users\/1"}],"replies":[{"embeddable":true,"href":"https:\/\/blog.lesgrossesorchadeslesamplesthalameges.fr\/index.php\/wp-json\/wp\/v2\/comments?post=3326"}],"version-history":[{"count":0,"href":"https:\/\/blog.lesgrossesorchadeslesamplesthalameges.fr\/index.php\/wp-json\/wp\/v2\/pages\/3326\/revisions"}],"wp:attachment":[{"href":"https:\/\/blog.lesgrossesorchadeslesamplesthalameges.fr\/index.php\/wp-json\/wp\/v2\/media?parent=3326"}],"curies":[{"name":"wp","href":"https:\/\/api.w.org\/{rel}","templated":true}]}}