{"id":3348,"date":"2019-03-21T00:18:23","date_gmt":"2019-03-20T23:18:23","guid":{"rendered":"http:\/\/blog.lesgrossesorchadeslesamplesthalameges.fr\/?page_id=3348"},"modified":"2019-03-21T00:50:25","modified_gmt":"2019-03-20T23:50:25","slug":"verviers-soiree-contre-lapartheid","status":"publish","type":"page","link":"https:\/\/blog.lesgrossesorchadeslesamplesthalameges.fr\/index.php\/verviers-soiree-contre-lapartheid\/","title":{"rendered":"Verviers : Soir\u00e9e contre l&rsquo;apartheid"},"content":{"rendered":"<table style=\"width: 727px; height: 4180px;\" width=\"796\">\n<tbody>\n<tr>\n<td style=\"width: 717px;\">\n<p style=\"text-align: center;\"><img loading=\"lazy\" class=\"alignnone wp-image-3359\" src=\"http:\/\/blog.lesgrossesorchadeslesamplesthalameges.fr\/wp-content\/uploads\/2019\/03\/intal-verviers-logo-2-300x35.jpg\" alt=\"\" width=\"750\" height=\"89\" srcset=\"https:\/\/blog.lesgrossesorchadeslesamplesthalameges.fr\/wp-content\/uploads\/2019\/03\/intal-verviers-logo-2-300x35.jpg 300w, https:\/\/blog.lesgrossesorchadeslesamplesthalameges.fr\/wp-content\/uploads\/2019\/03\/intal-verviers-logo-2.jpg 550w\" sizes=\"(max-width: 750px) 100vw, 750px\" \/><\/p>\n<p>&nbsp;<\/p>\n<p>&nbsp;<\/p>\n<p style=\"text-align: center;\"><span style=\"color: #c00000;\"><strong><span style=\"font-family: times new roman, times, serif; font-size: 24pt;\">22 MARS : SOIR\u00c9E SUR LA PALESTINE<\/span><\/strong><\/span><\/p>\n<p style=\"text-align: center;\"><span style=\"color: #c00000;\"><strong><span style=\"font-family: times new roman, times, serif; font-size: 24pt;\">18H30 CRVI VERVIERS<\/span><\/strong><\/span><\/p>\n<p>&nbsp;<\/p>\n<p>&nbsp;<\/p>\n<h1 style=\"text-align: center;\"><span style=\"font-family: times new roman, times, serif; font-size: 24pt;\"><img loading=\"lazy\" class=\"alignnone wp-image-3352\" src=\"http:\/\/blog.lesgrossesorchadeslesamplesthalameges.fr\/wp-content\/uploads\/2019\/03\/intal-verviers-1-1-300x200.jpg\" alt=\"\" width=\"600\" height=\"400\" srcset=\"https:\/\/blog.lesgrossesorchadeslesamplesthalameges.fr\/wp-content\/uploads\/2019\/03\/intal-verviers-1-1-300x200.jpg 300w, https:\/\/blog.lesgrossesorchadeslesamplesthalameges.fr\/wp-content\/uploads\/2019\/03\/intal-verviers-1-1.jpg 464w\" sizes=\"(max-width: 600px) 100vw, 600px\" \/><\/span><\/h1>\n<p>&nbsp;<\/p>\n<h2 style=\"text-align: justify;\"><span style=\"font-family: times new roman, times, serif; font-size: 14pt;\"><em>\u00a0<\/em><\/span><\/h2>\n<p style=\"text-align: justify;\"><span style=\"font-family: times new roman, times, serif; font-size: 14pt;\">Le boycott est l\u2019arme des pauvres contre les puissants, des opprim\u00e9.es contre la domination. Le mouvement BDS (boycott, d\u00e9sinvestissement, sanctions) est une initative d\u2019organisations sociales palestiniennes en lutte contre l\u2019occupation militaire de la Palestine et les politiques d&rsquo;apartheid men\u00e9es par Isra\u00ebl. C\u2019est un mouvement non violent, moral et antiraciste.<\/span><\/p>\n<p>&nbsp;<\/p>\n<p>&nbsp;<\/p>\n<p style=\"text-align: center;\"><span style=\"font-family: times new roman, times, serif; font-size: 24pt;\"><strong>intal et Verviers Palestine vous invitent ce vendredi 22 mars dans le cadre de la <\/strong><a href=\"https:\/\/crm.intal.be\/sites\/all\/modules\/civicrm\/extern\/url.php?u=26685&amp;qid=1547913\"><strong>Semaine Internationale contre l&rsquo;Apartheid<\/strong><\/a>.<\/span><\/p>\n<p>&nbsp;<\/p>\n<p>&nbsp;<\/p>\n<p style=\"text-align: justify;\"><span style=\"font-family: times new roman, times, serif; font-size: 14pt;\">\u00a0Nous avons l&rsquo;honneur d&rsquo;avoir comme invit\u00e9s David Cronin et Fiona :<\/span><\/p>\n<p>&nbsp;<\/p>\n<p style=\"text-align: justify;\"><span style=\"font-family: times new roman, times, serif; font-size: 14pt;\"><strong>David Cronin<\/strong> est un journaliste irlandais et un activiste politique qui vit \u00e0 Bruxelles. Il est r\u00e9dacteur en chef adjoint de <em>The Electronic Intifada<\/em>. Sur la Palestine, il a d\u00e9j\u00e0 \u00e9crit <em>Balfour&rsquo;s Shadow<\/em> et <em>Alliance with Israel : aiding the occupation<\/em>, <em>L\u2019ombre de Balfour : un si\u00e8cle de soutien britannique au sionisme et \u00e0 Isra\u00ebl<\/em> (Pluto, 2017).<\/span><\/p>\n<p style=\"text-align: justify;\"><span style=\"font-family: times new roman, times, serif; font-size: 14pt;\"><strong>Fiona<\/strong> travaille pour une ONG belge qui a des partenaires en Palestine. Elle s&rsquo;est rendue plusieurs fois en Palestine, notamment dans la bande de Gaza. Elle nous parlera de son v\u00e9cu, du travail des organisations sociales et mouvements de jeunes et de comment l&rsquo;occupation et l&rsquo;apartheid impactent la vie de la jeunesse palestinienne au jour le jour.<\/span><\/p>\n<p style=\"text-align: justify;\"><span style=\"font-family: times new roman, times, serif; font-size: 14pt;\">Ensemble, ils retraceront l&rsquo;Histoire de la r\u00e9sistance palestinienne, et ouvriront la discussion sur l&rsquo;importance de la solidarit\u00e9 internationale avec la Palestine, y compris via des actions concr\u00e8tes \u00e0 mener en Belgique.<\/span><\/p>\n<p style=\"text-align: justify;\"><span style=\"font-family: times new roman, times, serif; font-size: 14pt;\">Vous \u00eates les tr\u00e8s bienvenus <strong>ce <\/strong><\/span><\/p>\n<p>&nbsp;<\/p>\n<p style=\"text-align: center;\"><span style=\"font-family: times new roman, times, serif; font-size: 24pt; color: #c00000;\"><strong>vendredi 22 mars \u00e0 18h30<\/strong><\/span><\/p>\n<p style=\"text-align: center;\"><span style=\"font-family: times new roman, times, serif; font-size: 24pt; color: #c00000;\"><strong>dans les locaux du CRVI, <\/strong><\/span><\/p>\n<p style=\"text-align: center;\"><span style=\"font-family: times new roman, times, serif; font-size: 24pt; color: #c00000;\"><strong>17 Rue de Rome, <\/strong><\/span><\/p>\n<p style=\"text-align: center;\"><span style=\"font-family: times new roman, times, serif; font-size: 24pt; color: #c00000;\"><strong>4800 Verviers<\/strong>.<\/span><\/p>\n<p>&nbsp;<\/p>\n<p style=\"text-align: justify;\"><span style=\"font-family: times new roman, times, serif; font-size: 14pt;\">Rejoindre intal ? C&rsquo;est facile ! Rejoignez-nous \u00e0 partir de 10 \u20ac par an <a href=\"https:\/\/crm.intal.be\/sites\/all\/modules\/civicrm\/extern\/url.php?u=26686&amp;qid=1547913\">via ce formulaire<\/a>.<\/span><\/p>\n<p>&nbsp;<\/p>\n<p style=\"text-align: center;\"><img loading=\"lazy\" class=\"alignnone wp-image-3316\" src=\"http:\/\/blog.lesgrossesorchadeslesamplesthalameges.fr\/wp-content\/uploads\/2019\/03\/Handala-couleur-1-178x300.png\" alt=\"\" width=\"75\" height=\"126\" \/><\/p>\n<p>&nbsp;<\/p>\n<p>&nbsp;<\/p>\n<p style=\"text-align: justify;\"><span style=\"font-family: times new roman, times, serif; font-size: 18pt; color: #c00000;\"><strong><em>Dans la foul\u00e9e, voir ici\u00a0:<\/em><\/strong><\/span><\/p>\n<p>&nbsp;<\/p>\n<h1 style=\"text-align: center;\"><span style=\"font-size: 36pt;\"><strong><span style=\"font-family: times new roman, times, serif;\">Pas de financement de l\u2019UE pour l\u2019industrie militaire isra\u00e9lienne<\/span><\/strong><\/span><\/h1>\n<h1 style=\"text-align: center;\"><span style=\"font-family: times new roman, times, serif; font-size: 24pt; color: #c00000;\">(rien que parce que Google se donne beaucoup de mal pour qu\u2019on ne l\u2019ouvre pas\u2026)<\/span><\/h1>\n<p style=\"text-align: center;\"><img loading=\"lazy\" class=\"alignnone size-full wp-image-3353\" src=\"http:\/\/blog.lesgrossesorchadeslesamplesthalameges.fr\/wp-content\/uploads\/2019\/03\/0.-freccia-nera-piccola-xx-4.gif\" alt=\"\" width=\"46\" height=\"46\" \/><\/p>\n<h1 style=\"text-align: center;\"><span style=\"font-family: times new roman, times, serif; font-size: 14pt;\"><a href=\"https:\/\/www.assopalestine13.org\/spip.php?article1689\"><span style=\"font-size: 18pt;\">https:\/\/www.assopalestine13.org\/spip.php?article1689<\/span><\/a><\/span><\/h1>\n<p>&nbsp;<\/p>\n<p>&nbsp;<\/p>\n<h1 style=\"text-align: center;\"><img loading=\"lazy\" class=\"alignnone wp-image-3316\" src=\"http:\/\/blog.lesgrossesorchadeslesamplesthalameges.fr\/wp-content\/uploads\/2019\/03\/Handala-couleur-1-178x300.png\" alt=\"\" width=\"75\" height=\"126\" \/><\/h1>\n<h1 style=\"text-align: justify;\"><\/h1>\n<p>&nbsp;<\/p>\n<p>&nbsp;<\/p>\n<p style=\"text-align: center;\"><span style=\"font-family: times new roman, times, serif; font-size: 24pt;\"><strong>Le site de David Cronin<\/strong><\/span><\/p>\n<p style=\"text-align: center;\"><span style=\"font-family: times new roman, times, serif; font-size: 24pt;\"><strong><img loading=\"lazy\" class=\"alignnone size-full wp-image-3353\" src=\"http:\/\/blog.lesgrossesorchadeslesamplesthalameges.fr\/wp-content\/uploads\/2019\/03\/0.-freccia-nera-piccola-xx-4.gif\" alt=\"\" width=\"46\" height=\"46\" \/><br \/>\n<\/strong><\/span><\/p>\n<p style=\"text-align: center;\"><span style=\"font-family: times new roman, times, serif; font-size: 14pt;\"><a href=\"https:\/\/dvcronin.blogspot.com\/\"><strong><span style=\"font-size: 18pt;\">https:\/\/dvcronin.blogspot.com\/<\/span><\/strong><\/a><\/span><\/p>\n<p>&nbsp;<\/p>\n<p>&nbsp;<\/p>\n<p>&nbsp;<\/p>\n<p style=\"text-align: center;\"><img loading=\"lazy\" class=\"alignnone wp-image-3316\" src=\"http:\/\/blog.lesgrossesorchadeslesamplesthalameges.fr\/wp-content\/uploads\/2019\/03\/Handala-couleur-1-178x300.png\" alt=\"\" width=\"75\" height=\"126\" \/><\/p>\n<p style=\"text-align: justify;\"><span style=\"font-family: times new roman, times, serif; font-size: 14pt;\"><strong>\u00a0<\/strong><\/span><\/p>\n<p>&nbsp;<\/p>\n<p>&nbsp;<\/p>\n<p style=\"text-align: center;\"><span style=\"font-family: times new roman, times, serif; font-size: 24pt;\"><strong>Ses livres en anglais\u00a0sur Pluto Press :<\/strong><\/span><\/p>\n<p style=\"text-align: center;\"><strong><img loading=\"lazy\" class=\"alignnone size-full wp-image-3353\" src=\"http:\/\/blog.lesgrossesorchadeslesamplesthalameges.fr\/wp-content\/uploads\/2019\/03\/0.-freccia-nera-piccola-xx-4.gif\" alt=\"\" width=\"46\" height=\"46\" \/><\/strong><\/p>\n<p style=\"text-align: center;\"><span style=\"font-family: times new roman, times, serif; font-size: 14pt;\"><a href=\"https:\/\/www.plutobooks.com\/author\/david-cronin\/\"><strong><span style=\"font-size: 18pt;\">https:\/\/www.plutobooks.com\/author\/david-cronin\/<\/span><\/strong><\/a><\/span><\/p>\n<p style=\"text-align: justify;\"><span style=\"font-family: times new roman, times, serif; font-size: 14pt;\"><strong>\u00a0<\/strong><\/span><\/p>\n<p>&nbsp;<\/p>\n<p>&nbsp;<\/p>\n<p style=\"text-align: center;\"><img loading=\"lazy\" class=\"alignnone wp-image-3316\" src=\"http:\/\/blog.lesgrossesorchadeslesamplesthalameges.fr\/wp-content\/uploads\/2019\/03\/Handala-couleur-1-178x300.png\" alt=\"\" width=\"75\" height=\"126\" \/><\/p>\n<p>&nbsp;<\/p>\n<p>&nbsp;<\/p>\n<p style=\"text-align: right;\"><span style=\"font-family: times new roman, times, serif; font-size: 14pt;\">20 mars 2019<\/span><\/p>\n<h1 style=\"text-align: justify;\"><\/h1>\n<h1 style=\"text-align: justify;\"><\/h1>\n<h1 style=\"text-align: justify;\"><\/h1>\n<h1 style=\"text-align: justify;\"><\/h1>\n<p style=\"text-align: justify;\">\n<\/td>\n<\/tr>\n<\/tbody>\n<\/table>\n","protected":false},"excerpt":{"rendered":"<p>&nbsp; &nbsp; 22 MARS : SOIR\u00c9E SUR LA PALESTINE 18H30 CRVI VERVIERS &nbsp; &nbsp; &nbsp; \u00a0 Le boycott est l\u2019arme des pauvres contre les puissants, des opprim\u00e9.es contre la domination. Le mouvement BDS (boycott, d\u00e9sinvestissement, sanctions) est une initative d\u2019organisations sociales palestiniennes en lutte contre l\u2019occupation militaire de la Palestine et les politiques d&rsquo;apartheid men\u00e9es&#8230;<\/p>\n","protected":false},"author":1,"featured_media":0,"parent":0,"menu_order":0,"comment_status":"closed","ping_status":"closed","template":"","meta":[],"_links":{"self":[{"href":"https:\/\/blog.lesgrossesorchadeslesamplesthalameges.fr\/index.php\/wp-json\/wp\/v2\/pages\/3348"}],"collection":[{"href":"https:\/\/blog.lesgrossesorchadeslesamplesthalameges.fr\/index.php\/wp-json\/wp\/v2\/pages"}],"about":[{"href":"https:\/\/blog.lesgrossesorchadeslesamplesthalameges.fr\/index.php\/wp-json\/wp\/v2\/types\/page"}],"author":[{"embeddable":true,"href":"https:\/\/blog.lesgrossesorchadeslesamplesthalameges.fr\/index.php\/wp-json\/wp\/v2\/users\/1"}],"replies":[{"embeddable":true,"href":"https:\/\/blog.lesgrossesorchadeslesamplesthalameges.fr\/index.php\/wp-json\/wp\/v2\/comments?post=3348"}],"version-history":[{"count":0,"href":"https:\/\/blog.lesgrossesorchadeslesamplesthalameges.fr\/index.php\/wp-json\/wp\/v2\/pages\/3348\/revisions"}],"wp:attachment":[{"href":"https:\/\/blog.lesgrossesorchadeslesamplesthalameges.fr\/index.php\/wp-json\/wp\/v2\/media?parent=3348"}],"curies":[{"name":"wp","href":"https:\/\/api.w.org\/{rel}","templated":true}]}}