{"id":3436,"date":"2019-03-23T18:31:39","date_gmt":"2019-03-23T17:31:39","guid":{"rendered":"http:\/\/blog.lesgrossesorchadeslesamplesthalameges.fr\/?page_id=3436"},"modified":"2019-03-23T18:41:23","modified_gmt":"2019-03-23T17:41:23","slug":"discours-du-ministre-chinois-des-affaires-etrangeres-wang-yi","status":"publish","type":"page","link":"https:\/\/blog.lesgrossesorchadeslesamplesthalameges.fr\/index.php\/discours-du-ministre-chinois-des-affaires-etrangeres-wang-yi\/","title":{"rendered":"Discours du ministre chinois des Affaires \u00e9trang\u00e8res Wang Yi"},"content":{"rendered":"<p>&nbsp;<\/p>\n<p>&nbsp;<\/p>\n<p>&nbsp;<\/p>\n<p>&nbsp;<\/p>\n<p>&nbsp;<\/p>\n<p style=\"text-align: center;\"><span style=\"font-size: 36pt;\"><strong><span style=\"font-family: times new roman, times, serif;\">Discours du ministre chinois des Affaires \u00e9trang\u00e8res Wang Yi \u00e0 l\u2019occasion de la c\u00e9l\u00e9bration du 55e anniversaire de l\u2019\u00e9tablissement des relations sino-fran\u00e7aises<\/span><\/strong><\/span><\/p>\n<p>&nbsp;<\/p>\n<p style=\"text-align: center;\"><span style=\"font-family: times new roman, times, serif; font-size: 24pt; color: #c00000;\">(Faut-il rappeler qu\u2019on les doit \u00e0 Charles de Gaulle\u00a0et \u00e0 Mao Tse Toung ?)<\/span><\/p>\n<p>&nbsp;<\/p>\n<p style=\"text-align: center;\"><span style=\"font-family: times new roman, times, serif; font-size: 14pt;\"><a href=\"https:\/\/en.wikipedia.org\/wiki\/Wang_Yi_(politician)\"><strong><span style=\"font-size: 18pt;\">Wang Yi<\/span><\/strong><\/a><span style=\"font-size: 18pt;\"><strong> \u2013\u2013 <em>LGS <\/em>\u2013 19.3.2019<\/strong><\/span><\/span><\/p>\n<p style=\"text-align: center;\"><span style=\"font-family: times new roman, times, serif; font-size: 14pt;\"><strong>\u00a0<\/strong><\/span><\/p>\n<p>&nbsp;<\/p>\n<p><img loading=\"lazy\" class=\"aligncenter wp-image-3406\" src=\"http:\/\/blog.lesgrossesorchadeslesamplesthalameges.fr\/wp-content\/uploads\/2019\/03\/Wang-Yi-buste-300x185.jpg\" alt=\"\" width=\"500\" height=\"308\" srcset=\"https:\/\/blog.lesgrossesorchadeslesamplesthalameges.fr\/wp-content\/uploads\/2019\/03\/Wang-Yi-buste-300x185.jpg 300w, https:\/\/blog.lesgrossesorchadeslesamplesthalameges.fr\/wp-content\/uploads\/2019\/03\/Wang-Yi-buste.jpg 650w\" sizes=\"(max-width: 500px) 100vw, 500px\" \/><\/p>\n<p style=\"text-align: center;\"><span style=\"font-family: times new roman, times, serif; font-size: 14pt;\"><strong><em>Wang YI<\/em><\/strong><\/span><\/p>\n<p>&nbsp;<\/p>\n<p>&nbsp;<\/p>\n<p style=\"text-align: justify;\"><span style=\"font-family: times new roman, times, serif; font-size: 14pt;\">Le 24 janvier 2019, le conseiller d\u2019\u00c9tat chinois et ministre des Affaires \u00e9trang\u00e8res Wang Yi (photo) et le ministre fran\u00e7ais des Affaires \u00e9trang\u00e8res Jean-Yves Le Drian ont particip\u00e9 \u00e0 la c\u00e9r\u00e9monie de lancement des activit\u00e9s c\u00e9l\u00e9brant le 55e anniversaire de l\u2019\u00e9tablissement des relations diplomatiques sino-fran\u00e7aises.<\/span><\/p>\n<p>&nbsp;<\/p>\n<p>&nbsp;<\/p>\n<p style=\"text-align: center;\"><img loading=\"lazy\" class=\"alignnone wp-image-3407\" src=\"http:\/\/blog.lesgrossesorchadeslesamplesthalameges.fr\/wp-content\/uploads\/2019\/03\/Wang-Yi-et-Le-Drian.jpg\" alt=\"\" width=\"600\" height=\"399\" \/><\/p>\n<p style=\"text-align: center;\"><span style=\"font-family: times new roman, times, serif; font-size: 14pt;\"><a href=\"https:\/\/cn.ambafrance.org\/Entretien-de-M-Jean-Yves-Le-Drian-avec-M-Wang-Yi-conseiller-37962\"><strong><em>Wang Yi et Yves Le Drian<\/em><\/strong><\/a><\/span><\/p>\n<p>&nbsp;<\/p>\n<p>&nbsp;<\/p>\n<p><span style=\"font-family: times new roman, times, serif; font-size: 18pt;\"><strong>Discours du ministre chinois des Affaires \u00e9trang\u00e8res Wang Yi.<\/strong><\/span><\/p>\n<p>&nbsp;<\/p>\n<p style=\"text-align: justify;\"><span style=\"font-family: times new roman, times, serif; font-size: 14pt;\">Tout d\u2019abord, au nom du gouvernement chinois, je tiens \u00e0 exprimer mes chaleureuses f\u00e9licitations \u00e0 l\u2019occasion du 55e anniversaire de l\u2019\u00e9tablissement des relations diplomatiques entre la Chine et la France. Je remercie sinc\u00e8rement les amis de tous horizons qui se sont engag\u00e9s avec t\u00e9nacit\u00e9 \u00e0 promouvoir l\u2019amiti\u00e9 et la coop\u00e9ration entre les deux pays depuis 55 ans\u00a0!<\/span><\/p>\n<p style=\"text-align: justify;\"><span style=\"font-family: times new roman, times, serif; font-size: 14pt;\">Il y a cinq ans, le pr\u00e9sident Xi Jinping a prononc\u00e9 un \u00e9minent discours \u00e0 la c\u00e9r\u00e9monie en comm\u00e9moration du cinquantenaire de l\u2019\u00e9tablissement des relations diplomatiques sino-fran\u00e7aises. Pla\u00e7ant les faits dans une perspective historique large, il a r\u00e9sum\u00e9 en quatre points l\u2019esprit de ces relations\u00a0: <strong>ind\u00e9pendance et autonomie<\/strong>, <strong>compr\u00e9hension mutuelle<\/strong>, <strong>regard visionnaire<\/strong> et <strong>profit partag\u00e9<\/strong>. Ce r\u00e9sum\u00e9 illustre parfaitement le glorieux parcours qu\u2019ont suivi les relations sino-fran\u00e7aises depuis plusieurs d\u00e9cennies.<\/span><\/p>\n<p style=\"text-align: justify;\"><span style=\"font-family: times new roman, times, serif; font-size: 14pt;\">C\u2019est pr\u00e9cis\u00e9ment parce que les deux pays appliquent une politique \u00e9trang\u00e8re ind\u00e9pendante que, d\u00e8s le d\u00e9but, les relations sino-fran\u00e7aises ont os\u00e9 se mettre au premier plan des relations internationales et jouer un r\u00f4le de pr\u00e9curseur. Il y a 55 ans, au plus fort de la guerre froide, le pr\u00e9sident Mao Zedong et le g\u00e9n\u00e9ral de Gaulle ont pris la ferme d\u00e9cision historique de nouer des relations diplomatiques entre leur pays respectif. La France est alors devenue la premi\u00e8re puissance occidentale \u00e0 avoir \u00e9tabli des relations officielles avec la Chine nouvelle. Un \u00e9v\u00e9nement qui a ouvert la porte aux interactions entre l\u2019Orient et l\u2019Occident.<\/span><\/p>\n<p style=\"text-align: justify;\"><span style=\"font-family: times new roman, times, serif; font-size: 14pt;\">C\u2019est pr\u00e9cis\u00e9ment parce que nos \u00e9changes sont bas\u00e9s sur la compr\u00e9hension mutuelle que les relations sino-fran\u00e7aises trouvent toujours un terrain d\u2019entente par-del\u00e0 les divergences. Au fil des 55 derni\u00e8res ann\u00e9es, les relations bilat\u00e9rales, au lieu de suivre un long fleuve tranquille, ont connu des hauts et des bas. Mais le temps a d\u00e9montr\u00e9 que rien ne peut nous emp\u00eacher d\u2019avancer main dans la main tant que nous mettons l\u2019accent sur la compr\u00e9hension mutuelle et le respect r\u00e9ciproque.<\/span><\/p>\n<p style=\"text-align: justify;\"><span style=\"font-family: times new roman, times, serif; font-size: 14pt;\">C\u2019est pr\u00e9cis\u00e9ment parce que nous cultivons tous deux une pens\u00e9e strat\u00e9gique visionnaire que les relations sino-fran\u00e7aises parviennent \u00e0 marcher continuellement vers l\u2019avenir, avec clairvoyance, malgr\u00e9 des nuages flottants. Depuis 55 ans, nonobstant les changements brusques intervenus dans le paysage international, les relations sino-fran\u00e7aises gardent toujours leur position de premier rang parmi les relations entre la Chine et l\u2019Europe, et m\u00eame entre la Chine et l\u2019Occident. La France est la premi\u00e8re puissance occidentale \u00e0 avoir mis en place un partenariat strat\u00e9gique global avec la Chine et \u00e0 avoir entrepris un dialogue strat\u00e9gique avec elle. De par leurs caract\u00e8res strat\u00e9gique et pionnier, les relations sino-fran\u00e7aises ont apport\u00e9 une contribution importante et unique \u00e0 la paix, \u00e0 la stabilit\u00e9 et au d\u00e9veloppement du monde.<\/span><\/p>\n<p style=\"text-align: justify;\"><span style=\"font-family: times new roman, times, serif; font-size: 14pt;\">C\u2019est pr\u00e9cis\u00e9ment parce que nous tenons tous deux en estime le juste concept des avantages mutuels et du profit partag\u00e9 que les relations sino-fran\u00e7aises demeurent dynamiques et avancent \u00e0 pas de g\u00e9ant. Ces derni\u00e8res ann\u00e9es, la Chine et la France ont atteint de nouveaux sommets dans leur coop\u00e9ration pragmatique, et ce dans divers domaines. En 2018, pour la toute premi\u00e8re fois, le volume des \u00e9changes bilat\u00e9raux a d\u00e9pass\u00e9 la barre des 60 milliards de dollars. En outre, plus de 2,3 millions de touristes chinois se sont rendus en France cette m\u00eame ann\u00e9e. Cette coop\u00e9ration Chine-France, construite sur les principes du b\u00e9n\u00e9fice mutuel et du mod\u00e8le gagnant-gagnant, a d\u00e9j\u00e0 apport\u00e9 des r\u00e9sultats concrets aux deux pays et aux deux peuples. Il s\u2019agit d\u2019une force motrice in\u00e9puisable, gage du d\u00e9veloppement durable des relations sino-fran\u00e7aises.<\/span><\/p>\n<p style=\"text-align: justify;\"><span style=\"font-family: times new roman, times, serif; font-size: 14pt;\">\u00c0 l\u2019heure actuelle, le monde aborde un tournant historique, in\u00e9dit depuis un si\u00e8cle, o\u00f9 les syst\u00e8mes et r\u00e8gles internationaux \u00e9tablis sont constamment remis en question, et o\u00f9 les consensus existants tels que le multilat\u00e9ralisme et la lib\u00e9ralisation des \u00e9changes sont de plus en plus \u00e9branl\u00e9s. On peut dire que l\u2019humanit\u00e9 se trouve, une nouvelle fois, \u00e0 un carrefour, mais quel chemin \u00e0 prendre\u00a0? \u00c0 un moment aussi d\u00e9cisif, la Chine et la France ont un r\u00f4le \u00e0 jouer. En tant que grands repr\u00e9sentants des brillantes civilisations orientale et occidentale, ainsi qu\u2019en tant que grandes puissances endossant des responsabilit\u00e9s majeures vis-\u00e0-vis de la paix et du d\u00e9veloppement dans le monde, les deux pays devraient remplir la mission historique qui leur incombe et continuer de travailler ensemble en accord avec la belle tradition institu\u00e9e au travers de leurs contacts, afin de pr\u00e9parer un terrain plus \u00e9tendu aux 55 prochaines ann\u00e9es de leurs relations bilat\u00e9rales. Par l\u00e0 m\u00eame, elles ouvriront de brillantes perspectives d\u2019avenir, pour notre monde et l\u2019humanit\u00e9 tout enti\u00e8re. Pour ce faire, les t\u00e2ches suivantes s\u2019imposent\u00a0:<\/span><\/p>\n<p style=\"text-align: justify;\"><span style=\"font-family: times new roman, times, serif; font-size: 14pt;\"><strong>Nous devons hisser haut la banni\u00e8re du multilat\u00e9ralisme<\/strong>. Il convient pour la Chine et la France de renforcer leur coop\u00e9ration et leur coordination dans les enceintes multilat\u00e9rales, comme les Nations Unies, le G20 et l\u2019OMC. Ainsi, elles pourront d\u00e9fendre conjointement un syst\u00e8me international centr\u00e9 sur les objectifs de la Charte des Nations Unies, maintenir le syst\u00e8me de libre-\u00e9change fond\u00e9 sur les r\u00e8gles concern\u00e9es, ainsi que soutenir l\u2019Accord de Paris et la coop\u00e9ration internationale pour la lutte contre le changement climatique, l\u2019objectif \u00e9tant d\u2019orienter les dialogues multilat\u00e9raux vers la coop\u00e9ration, la tol\u00e9rance et le mod\u00e8le gagnant-gagnant.<\/span><\/p>\n<p>&nbsp;<\/p>\n<p>&nbsp;<\/p>\n<p style=\"text-align: center;\"><img loading=\"lazy\" class=\"alignnone wp-image-3438\" src=\"http:\/\/blog.lesgrossesorchadeslesamplesthalameges.fr\/wp-content\/uploads\/2019\/03\/Wang-Yi-et-Serguei-Lavrov-300x162.jpg\" alt=\"\" width=\"600\" height=\"325\" srcset=\"https:\/\/blog.lesgrossesorchadeslesamplesthalameges.fr\/wp-content\/uploads\/2019\/03\/Wang-Yi-et-Serguei-Lavrov-300x162.jpg 300w, https:\/\/blog.lesgrossesorchadeslesamplesthalameges.fr\/wp-content\/uploads\/2019\/03\/Wang-Yi-et-Serguei-Lavrov-768x415.jpg 768w, https:\/\/blog.lesgrossesorchadeslesamplesthalameges.fr\/wp-content\/uploads\/2019\/03\/Wang-Yi-et-Serguei-Lavrov.jpg 1000w\" sizes=\"(max-width: 600px) 100vw, 600px\" \/><\/p>\n<p style=\"text-align: center;\"><span style=\"font-family: times new roman, times, serif; font-size: 14pt;\"><strong><em>Wang Yi et son homologue russe Serguei Lavrov<\/em><\/strong><\/span><\/p>\n<p style=\"text-align: justify;\"><span style=\"font-family: times new roman, times, serif; font-size: 14pt;\"><strong><em>\u00a0<\/em><\/strong><\/span><\/p>\n<p>&nbsp;<\/p>\n<p style=\"text-align: justify;\"><span style=\"font-family: times new roman, times, serif; font-size: 14pt;\"><strong>Nous devons hisser haut la banni\u00e8re de la coop\u00e9ration ouverte.<\/strong> Il est primordial que la Chine et la France \u0153uvrent en commun pour constituer une \u00e9conomie mondiale ouverte. La Chine pers\u00e9v\u00e9rera dans l\u2019approfondissement de la r\u00e9forme et l\u2019\u00e9largissement de l\u2019ouverture, ce qui multipliera les possibilit\u00e9s de coop\u00e9ration avec tous les pays, y compris la France. Nous sommes dispos\u00e9s \u00e0 faire progresser une coop\u00e9ration tous azimuts avec la partie fran\u00e7aise, au grand profit des deux peuples. Nous esp\u00e9rons \u00e9galement que la France r\u00e9servera aux entreprises chinoises un environnement commercial ouvert, \u00e9quitable et transparent.<\/span><\/p>\n<p style=\"text-align: justify;\"><span style=\"font-family: times new roman, times, serif; font-size: 14pt;\"><strong>Nous devons hisser haut la banni\u00e8re du dialogue entre les civilisations.<\/strong> Les peuples chinois et fran\u00e7ais ont, chacun de son c\u00f4t\u00e9, forg\u00e9 une civilisation au prestige international. Il faut que les deux parties fassent toujours figure de mod\u00e8les dans les \u00e9changes et dialogues entre les civilisations, en promouvant le respect et l\u2019appr\u00e9ciation mutuels ainsi que l\u2019inspiration et l\u2019assimilation r\u00e9ciproques entre les diff\u00e9rentes civilisations. La sagesse qu\u2019elles apporteront contribuera \u00e0 la r\u00e9solution des enjeux auxquels est confront\u00e9e la soci\u00e9t\u00e9, tout en encourageant les civilisations aux quatre coins du monde \u00e0 mieux s\u2019\u00e9panouir.<\/span><\/p>\n<p style=\"text-align: justify;\"><span style=\"font-family: times new roman, times, serif; font-size: 14pt;\"><strong>Nous devons hisser haut la banni\u00e8re de la communaut\u00e9 de destin pour l\u2019humanit\u00e9.<\/strong> Il est n\u00e9cessaire de laisser son \u00e9go de c\u00f4t\u00e9 et de renoncer \u00e0 tous les jeux \u00e0 somme nulle, en vue de cibler le bien-\u00eatre commun et les int\u00e9r\u00eats \u00e0 long terme de toutes les nations et de toute l\u2019humanit\u00e9. La finalit\u00e9 consiste \u00e0 pr\u00e9coniser des relations internationales novatrices caract\u00e9ris\u00e9es par le respect mutuel, l\u2019\u00e9quit\u00e9, la justice et la coop\u00e9ration gagnant-gagnant, afin d\u2019apporter de nouvelles contributions \u00e0 la paix et au d\u00e9veloppement dans le monde.<\/span><\/p>\n<p style=\"text-align: right;\"><span style=\"font-family: times new roman, times, serif; font-size: 14pt;\"><strong>Wang YI<\/strong><\/span><\/p>\n<p>&nbsp;<\/p>\n<p style=\"text-align: left;\"><span style=\"font-family: times new roman, times, serif; font-size: 14pt;\">Source\u00a0:\u00a0 <a href=\"https:\/\/www.legrandsoir.info\/discours-du-ministre-chinois-des-affaires-etrangeres-wang-yi-a-l-occasion-de-la-celebration-du-55e-anniversaire-de-l.html\">https:\/\/www.legrandsoir.info\/discours-du-ministre-chinois-des-affaires-etrangeres-wang-yi-a-l-occasion-de-la-celebration-du-55e-anniversaire-de-l.html<\/a><\/span><\/p>\n<p style=\"text-align: left;\"><span style=\"font-size: 14pt; font-family: times new roman, times, serif;\">Source\u00a0d\u2019origine\u00a0: <a href=\"http:\/\/www.chinatoday.com.cn\/ctfrench\/2018\/sd\/201903\/t20190306_800159862.html\">http:\/\/www.chinatoday.com.cn\/ctfrench\/2018\/sd\/201903\/t20190306_800159862.html<\/a><\/span><\/p>\n<p>&nbsp;<\/p>\n<p>&nbsp;<\/p>\n<p style=\"text-align: center;\"><img loading=\"lazy\" class=\"alignnone size-full wp-image-3403\" src=\"http:\/\/blog.lesgrossesorchadeslesamplesthalameges.fr\/wp-content\/uploads\/2019\/03\/000.-russep-x-1.gif\" alt=\"\" width=\"50\" height=\"50\" \/><\/p>\n<p>&nbsp;<\/p>\n<p style=\"text-align: right;\"><span style=\"font-family: comic sans ms, sans-serif;\">23 mars 2019<\/span><\/p>\n<p>&nbsp;<\/p>\n<p>&nbsp;<\/p>\n<p>&nbsp;<\/p>\n","protected":false},"excerpt":{"rendered":"<p>&nbsp; &nbsp; &nbsp; &nbsp; &nbsp; Discours du ministre chinois des Affaires \u00e9trang\u00e8res Wang Yi \u00e0 l\u2019occasion de la c\u00e9l\u00e9bration du 55e anniversaire de l\u2019\u00e9tablissement des relations sino-fran\u00e7aises &nbsp; (Faut-il rappeler qu\u2019on les doit \u00e0 Charles de Gaulle\u00a0et \u00e0 Mao Tse Toung ?) &nbsp; Wang Yi \u2013\u2013 LGS \u2013 19.3.2019 \u00a0 &nbsp; Wang YI &nbsp; &nbsp;&#8230;<\/p>\n","protected":false},"author":1,"featured_media":0,"parent":0,"menu_order":0,"comment_status":"open","ping_status":"open","template":"","meta":[],"_links":{"self":[{"href":"https:\/\/blog.lesgrossesorchadeslesamplesthalameges.fr\/index.php\/wp-json\/wp\/v2\/pages\/3436"}],"collection":[{"href":"https:\/\/blog.lesgrossesorchadeslesamplesthalameges.fr\/index.php\/wp-json\/wp\/v2\/pages"}],"about":[{"href":"https:\/\/blog.lesgrossesorchadeslesamplesthalameges.fr\/index.php\/wp-json\/wp\/v2\/types\/page"}],"author":[{"embeddable":true,"href":"https:\/\/blog.lesgrossesorchadeslesamplesthalameges.fr\/index.php\/wp-json\/wp\/v2\/users\/1"}],"replies":[{"embeddable":true,"href":"https:\/\/blog.lesgrossesorchadeslesamplesthalameges.fr\/index.php\/wp-json\/wp\/v2\/comments?post=3436"}],"version-history":[{"count":0,"href":"https:\/\/blog.lesgrossesorchadeslesamplesthalameges.fr\/index.php\/wp-json\/wp\/v2\/pages\/3436\/revisions"}],"wp:attachment":[{"href":"https:\/\/blog.lesgrossesorchadeslesamplesthalameges.fr\/index.php\/wp-json\/wp\/v2\/media?parent=3436"}],"curies":[{"name":"wp","href":"https:\/\/api.w.org\/{rel}","templated":true}]}}