{"id":3513,"date":"2019-03-23T20:33:13","date_gmt":"2019-03-23T19:33:13","guid":{"rendered":"http:\/\/blog.lesgrossesorchadeslesamplesthalameges.fr\/?page_id=3513"},"modified":"2019-03-23T20:33:13","modified_gmt":"2019-03-23T19:33:13","slug":"nigel-farage-reprend-la-parole","status":"publish","type":"page","link":"https:\/\/blog.lesgrossesorchadeslesamplesthalameges.fr\/index.php\/nigel-farage-reprend-la-parole\/","title":{"rendered":"Nigel Farage reprend la parole"},"content":{"rendered":"<p><strong>\u00a0<\/strong><\/p>\n<p>&nbsp;<\/p>\n<p>&nbsp;<\/p>\n<p>&nbsp;<\/p>\n<p>&nbsp;<\/p>\n<p>&nbsp;<\/p>\n<p style=\"text-align: center;\"><span style=\"font-family: times new roman, times, serif; font-size: 36pt;\"><strong>Nigel Farage reprend la parole<\/strong><\/span><\/p>\n<p>&nbsp;<\/p>\n<p style=\"text-align: center;\"><span style=\"font-family: times new roman, times, serif; font-size: 18pt;\"><strong>Sophie Mestral \u2013 <em>La lettre patriote<\/em> \u2013 22.3.2019<\/strong><\/span><\/p>\n<p>&nbsp;<\/p>\n<p style=\"text-align: justify;\"><span style=\"font-family: times new roman, times, serif; font-size: 14pt;\"><strong>\u00a0<\/strong><\/span><\/p>\n<p style=\"text-align: center;\"><img loading=\"lazy\" class=\"alignnone wp-image-3477\" src=\"http:\/\/blog.lesgrossesorchadeslesamplesthalameges.fr\/wp-content\/uploads\/2019\/03\/Nigel-300x169.jpg\" alt=\"\" width=\"600\" height=\"338\" srcset=\"https:\/\/blog.lesgrossesorchadeslesamplesthalameges.fr\/wp-content\/uploads\/2019\/03\/Nigel-300x169.jpg 300w, https:\/\/blog.lesgrossesorchadeslesamplesthalameges.fr\/wp-content\/uploads\/2019\/03\/Nigel.jpg 680w\" sizes=\"(max-width: 600px) 100vw, 600px\" \/><\/p>\n<p>&nbsp;<\/p>\n<p>&nbsp;<\/p>\n<p style=\"text-align: justify;\"><span style=\"font-family: times new roman, times, serif; font-size: 14pt;\">L\u2019inventeur du <em>Brexit<\/em> a repris la parole au sein des instances europ\u00e9ennes, pour appeler \u00e0 une sortie imm\u00e9diate du Royaume Uni. Extrait de son discours\u00a0:<\/span><\/p>\n<p style=\"text-align: justify;\"><span style=\"font-family: times new roman, times, serif; font-size: 14pt;\"><em>\u201c<strong>Le foss\u00e9, \u00e0 pr\u00e9sent, entre notre classe politique au Royaume-Uni et l\u2019opinion publique, est un gouffre qui grandit <\/strong>car ne doutez pas du durcissement de l\u2019opinion en cours. Il y a un plus grand sentiment d\u2019unit\u00e9 dans le pays que je n\u2019en ai vu depuis des ann\u00e9es.\u00a0<strong>Nous voulons simplement partir <\/strong>et \u00e7a s\u2019applique \u00e0 beaucoup de ceux qui ont vot\u00e9 le maintien du Royaume-Uni dans l\u2019Union europ\u00e9enne \u00e9galement car ils respectent le principe m\u00eame de la d\u00e9mocratie\u00a0(\u2026)<\/em><\/span><\/p>\n<p style=\"text-align: justify;\"><span style=\"font-family: times new roman, times, serif; font-size: 14pt;\"><strong><em>Et nous n\u2019avons qu\u2019une envie\u00a0: ne pas \u00eatre gouvern\u00e9s par vous. Nous voulons nous gouverner nous-m\u00eames<\/em><\/strong><em>\u00a0(\u2026)<\/em><\/span><\/p>\n<p style=\"text-align: justify;\"><span style=\"font-family: times new roman, times, serif; font-size: 14pt;\"><em>Maintenant j\u2019imagine que le prochain num\u00e9ro sera la venue jeudi prochain de la Premi\u00e8re ministre britannique \u00e0 Bruxelles pour le sommet europ\u00e9en, une mise en sc\u00e8ne humiliante suppl\u00e9mentaire o\u00f9 elle suppliera pour l\u2019extension du d\u00e9lai de l\u2019article 50 (\u2026) Quand je vous ai entendu ce matin, monsieur Barnier, dire que si cet accord de retrait \u00e9tait d\u00e9daign\u00e9, la nouvelle phase de n\u00e9gociations pourrait durer quatre ans, je me suis dit \u2018<strong>\u00e7a suffit<\/strong>\u2019 (\u2026) Nous ne voulons pas g\u00e2cher encore quatre ans de notre vie, encore quatre ans d\u2019agonie. Et vous ne voulez pas encore g\u00e2cher quatre ans de la v\u00f4tre. (\u2026)\u00a0<\/em><\/span><\/p>\n<p style=\"text-align: justify;\"><span style=\"font-family: times new roman, times, serif; font-size: 14pt;\"><strong><em>Vous avez votre plan. Vous voulez vos Etats-Unis d\u2019Europe. Vous voulez votre arm\u00e9e. Vous voulez que tout le monde adopte l\u2019euro. Nous ne sommes qu\u2019une foutue nuisance pour vous<\/em><\/strong><em>.<\/em><\/span><\/p>\n<p style=\"text-align: justify;\"><span style=\"font-family: times new roman, times, serif; font-size: 14pt;\"><strong><em>Et puis, apr\u00e8s les europ\u00e9ennes, vous ne voulez pas que je revienne ici, ni des hordes d\u2019eurosceptiques<\/em><\/strong><em>.<\/em><\/span><\/p>\n<p style=\"text-align: justify;\"><span style=\"font-family: times new roman, times, serif; font-size: 14pt;\"><em>Donc il existe une solution simple, et c\u2019est que la demande britannique d\u2019extension du d\u00e9lai avant le d\u00e9clenchement de\u00a0<strong>l\u2019article 50 soit rejet\u00e9e par un veto \u00e0 ce sommet europ\u00e9en<\/strong>. <\/em><\/span><\/p>\n<p style=\"text-align: justify;\"><span style=\"font-family: times new roman, times, serif; font-size: 14pt;\"><em>On part le 29 mars, la plupart des pr\u00e9paratifs ont \u00e9t\u00e9 effectu\u00e9s, et m\u00eame s\u2019il y a quelques brefs cahots sur la route, nous partons, et vous comme nous pouvons reprendre le cours du reste de notre vie. <\/em><\/span><\/p>\n<p style=\"text-align: justify;\"><span style=\"font-family: times new roman, times, serif; font-size: 14pt;\"><em>C\u2019est la seule bonne solution \u00e0 notre disposition\u201d<\/em><\/span><\/p>\n<p>&nbsp;<\/p>\n<p style=\"text-align: left;\"><span style=\"font-family: times new roman, times, serif; font-size: 14pt;\">Source\u00a0: <\/span><a href=\"https:\/\/lalettrepatriote.com\/nigel-farage-reprend-la-parole\/\"><span style=\"font-family: times new roman, times, serif; font-size: 14pt;\">https:\/\/lalettrepatriote.com\/nigel-farage-reprend-la-parole\/<\/span><\/a><\/p>\n<p>&nbsp;<\/p>\n<p>&nbsp;<\/p>\n<p>&nbsp;<\/p>\n<p style=\"text-align: center;\"><img loading=\"lazy\" class=\"alignnone size-full wp-image-3465\" src=\"http:\/\/blog.lesgrossesorchadeslesamplesthalameges.fr\/wp-content\/uploads\/2019\/03\/Petit-gilet.gif\" alt=\"\" width=\"75\" height=\"75\" \/><\/p>\n<p>&nbsp;<\/p>\n<p>&nbsp;<\/p>\n<p style=\"text-align: right;\"><span style=\"font-family: comic sans ms, sans-serif; font-size: 14pt;\">23 mars 2019<\/span><\/p>\n<p>&nbsp;<\/p>\n<p>&nbsp;<\/p>\n","protected":false},"excerpt":{"rendered":"<p>\u00a0 &nbsp; &nbsp; &nbsp; &nbsp; &nbsp; Nigel Farage reprend la parole &nbsp; Sophie Mestral \u2013 La lettre patriote \u2013 22.3.2019 &nbsp; \u00a0 &nbsp; &nbsp; L\u2019inventeur du Brexit a repris la parole au sein des instances europ\u00e9ennes, pour appeler \u00e0 une sortie imm\u00e9diate du Royaume Uni. Extrait de son discours\u00a0: \u201cLe foss\u00e9, \u00e0 pr\u00e9sent, entre notre&#8230;<\/p>\n","protected":false},"author":1,"featured_media":0,"parent":0,"menu_order":0,"comment_status":"open","ping_status":"open","template":"","meta":[],"_links":{"self":[{"href":"https:\/\/blog.lesgrossesorchadeslesamplesthalameges.fr\/index.php\/wp-json\/wp\/v2\/pages\/3513"}],"collection":[{"href":"https:\/\/blog.lesgrossesorchadeslesamplesthalameges.fr\/index.php\/wp-json\/wp\/v2\/pages"}],"about":[{"href":"https:\/\/blog.lesgrossesorchadeslesamplesthalameges.fr\/index.php\/wp-json\/wp\/v2\/types\/page"}],"author":[{"embeddable":true,"href":"https:\/\/blog.lesgrossesorchadeslesamplesthalameges.fr\/index.php\/wp-json\/wp\/v2\/users\/1"}],"replies":[{"embeddable":true,"href":"https:\/\/blog.lesgrossesorchadeslesamplesthalameges.fr\/index.php\/wp-json\/wp\/v2\/comments?post=3513"}],"version-history":[{"count":0,"href":"https:\/\/blog.lesgrossesorchadeslesamplesthalameges.fr\/index.php\/wp-json\/wp\/v2\/pages\/3513\/revisions"}],"wp:attachment":[{"href":"https:\/\/blog.lesgrossesorchadeslesamplesthalameges.fr\/index.php\/wp-json\/wp\/v2\/media?parent=3513"}],"curies":[{"name":"wp","href":"https:\/\/api.w.org\/{rel}","templated":true}]}}