{"id":3546,"date":"2019-03-29T23:37:22","date_gmt":"2019-03-29T22:37:22","guid":{"rendered":"http:\/\/blog.lesgrossesorchadeslesamplesthalameges.fr\/?page_id=3546"},"modified":"2019-03-30T04:11:42","modified_gmt":"2019-03-30T03:11:42","slug":"la-politique-etrangere-des-neocons-us-et-la-guerre-livree-a-la-serbie","status":"publish","type":"page","link":"https:\/\/blog.lesgrossesorchadeslesamplesthalameges.fr\/index.php\/la-politique-etrangere-des-neocons-us-et-la-guerre-livree-a-la-serbie\/","title":{"rendered":"La politique \u00e9trang\u00e8re des n\u00e9ocons US et la guerre livr\u00e9e \u00e0 la Serbie"},"content":{"rendered":"<p>&nbsp;<\/p>\n<p>&nbsp;<\/p>\n<p>&nbsp;<\/p>\n<p>&nbsp;<\/p>\n<p>&nbsp;<\/p>\n<p style=\"text-align: center;\"><span style=\"font-family: times new roman, times, serif; font-size: 36pt;\"><strong>La politique \u00e9trang\u00e8re des n\u00e9ocons US et la guerre livr\u00e9e \u00e0 la Serbie<\/strong><\/span><\/p>\n<p>&nbsp;<\/p>\n<p style=\"text-align: center;\"><span style=\"font-family: times new roman, times, serif; font-size: 14pt;\"><a href=\"http:\/\/theduran.com\/author\/richard-galustian\/\"><span style=\"font-size: 18pt;\"><strong>Richard Galustian<\/strong><\/span><\/a><strong><span style=\"font-size: 18pt;\"> \u2013 <em>TheDuran<\/em> \u2013 26.3.2019<\/span><\/strong><\/span><\/p>\n<p>&nbsp;<\/p>\n<p>&nbsp;<\/p>\n<p style=\"text-align: center;\"><img loading=\"lazy\" class=\"alignnone wp-image-3697\" src=\"http:\/\/blog.lesgrossesorchadeslesamplesthalameges.fr\/wp-content\/uploads\/2019\/03\/NATO-serbia-1-300x200.jpg\" alt=\"\" width=\"650\" height=\"432\" srcset=\"https:\/\/blog.lesgrossesorchadeslesamplesthalameges.fr\/wp-content\/uploads\/2019\/03\/NATO-serbia-1-300x200.jpg 300w, https:\/\/blog.lesgrossesorchadeslesamplesthalameges.fr\/wp-content\/uploads\/2019\/03\/NATO-serbia-1-768x511.jpg 768w, https:\/\/blog.lesgrossesorchadeslesamplesthalameges.fr\/wp-content\/uploads\/2019\/03\/NATO-serbia-1-1024x681.jpg 1024w\" sizes=\"(max-width: 650px) 100vw, 650px\" \/><\/p>\n<p>&nbsp;<\/p>\n<p>&nbsp;<\/p>\n<p style=\"text-align: justify;\"><span style=\"font-family: tahoma, arial, helvetica, sans-serif; font-size: 14pt;\"><strong>L\u2019attaque contre la Serbie a commenc\u00e9 par une \u00ab guerre financi\u00e8re\u00a0\u00bb, a continu\u00e9 par des \u00ab\u00a0sanctions\u00a0\u00bb et a fini par une agressive campagne non provoqu\u00e9e d\u2019incessants bombardements de l\u2019OTAN.<\/strong><\/span><\/p>\n<p>&nbsp;<\/p>\n<p style=\"text-align: justify;\"><span style=\"font-family: times new roman, times, serif; font-size: 14pt;\">La chasse aux sorci\u00e8res lanc\u00e9e contre le pr\u00e9sident Trump \u00e0 propos d\u2019une pr\u00e9tendue collusion avec les Russes est officiellement termin\u00e9e apr\u00e8s la soumission du rapport Mueller, permettant ainsi qu\u2019on en vienne aux vrais probl\u00e8mes de l\u2019Am\u00e9riuque, qui affectent le monde entier.<\/span><\/p>\n<p style=\"text-align: justify;\"><span style=\"font-family: times new roman, times, serif; font-size: 14pt;\">Dans l\u2019espoir d\u2019un d\u00e9clin de la russophobie aux USA, jetons un \u0153il \u00e0 la r\u00e9cente histoire de leurs guerres, en commen\u00e7ant par le 20<sup>e<\/sup> anniversaire, ce mois-ci, de la guerre la guerre livr\u00e9e par l\u2019OTAN \u00e0 la Serbie en 1999, qui s\u2019est \u00e9lev\u00e9e \u00e0 pr\u00e8s de 100 jours de bombardements incessants de villes historiques et d\u2019infrastructures<\/span><\/p>\n<p style=\"text-align: justify;\"><span style=\"font-family: times new roman, times, serif; font-size: 14pt;\">Premi\u00e8rement, ces probl\u00e8mes sont majoritairement causes par les neocons ou \u00c9tat Profond, appelez-les comme vous voudrez, et la promotion continuelle, par le complexe militaro-s\u00e9curitaire industriel US, de guerres et de changements de r\u00e9gime, et, deuxi\u00e8mement, par le soutien sans r\u00e9serve de Trump \u00e0 Isra\u00ebl, quels que soient les crimes de guerre qu\u2019ils n\u2019en finissent pas de commettre contre les Palestiniens.<\/span><\/p>\n<p style=\"text-align: justify;\"><span style=\"font-family: times new roman, times, serif; font-size: 14pt;\">Incroyablement, apr\u00e8s cette guerre insane, unilat\u00e9rale, injuste et ill\u00e9gale ex\u00e9cut\u00e9e par l\u2019OTAN, l\u2019OTAN a eu l\u2019audace d\u2019inviter la Serbie \u00e0 s\u2019y incorporer. Quelque chose qui n\u2019arrivera jamais. Qu\u2019est-ce qu\u2019ils fument \u00e0 DC, au Pentagone et \u00e0 l\u2019OTAN de Bruxelles\u00a0?<\/span><\/p>\n<p style=\"text-align: justify;\"><span style=\"font-family: times new roman, times, serif; font-size: 14pt;\">Pour compliquer encore ces probl\u00e8mes en les aggravant, l\u2019Arm\u00e9e US et l\u2019<em>Israeli Defence Force <\/em>(IDF) collaborent dans toute cette politique de changements de r\u00e9gimes sur tous les continents, dont la preuve la plus r\u00e9cente est l\u2019arriv\u00e9e, le mois, dernier, de troupes d\u2019\u00e9lites isra\u00e9liennes au Br\u00e9sil, pour soutenir une attaque potentielle du Venezuela par le Br\u00e9sil et la Colombie.<\/span><\/p>\n<p style=\"text-align: justify;\"><span style=\"font-family: times new roman, times, serif; font-size: 14pt;\">Comme il fallait s\u2019y attendre, l\u2019Am\u00e9rique poursuit son changement de r\u00e9gime au Venezuela avec la totale et enthousiaste coop\u00e9ration des <em>Main Stream Media<\/em> (MSM), usant des techniques de propagande les plus \u00e9prouv\u00e9es et sophistiqu\u00e9es et d\u2019un jeu vari\u00e9 de pr\u00e9textes.<\/span><\/p>\n<p style=\"text-align: justify;\"><span style=\"font-family: times new roman, times, serif; font-size: 14pt;\">De la Serbie \u00e0 l\u2019Irak et de l\u2019Irak \u00e0 la Libye, o\u00f9 tout \u00e7 ava-t-il finir ? Vous remarquerez que Trump recherche \u00e0 pr\u00e9sent une \u00ab\u00a0alliance avec l\u2019OTAN\u00a0\u00bb, en offrant le statut de membre de l\u2019OTAN au pr\u00e9sident Bolsonaro, du Br\u00e9sil pour qu\u2019il participe \u00e0 l\u2019invasion du Venezuela..<\/span><\/p>\n<p style=\"text-align: justify;\"><span style=\"font-family: times new roman, times, serif; font-size: 14pt;\">Il est donc important de se rappeler, \u00e0 titre d\u2019exemple qu\u2019une longue guerre de d\u00e9stabilisation \u00e9conomique et financi\u00e8re a \u00e9t\u00e9 suivie des bombardements de la Serbie..<\/span><\/p>\n<p style=\"text-align: justify;\"><span style=\"font-family: times new roman, times, serif; font-size: 14pt;\">La Serbie avait fait jusque-l\u00e0 partie de la Yougoslavie, pays qui avait r\u00e9ussi avec succ\u00e8s, apr\u00e8s 1945, \u00e0 r\u00e9soudre les vieilles rivalit\u00e9s des Balkans au XIXe si\u00e8cle et au d\u00e9but du XXe, son histoire s\u00e9culaire avant l\u2019arriv\u00e9e au pouvoir du pr\u00e9sident Tito<\/span><\/p>\n<p style=\"text-align: justify;\"><span style=\"font-family: times new roman, times, serif; font-size: 14pt;\">Les Nations Unies, au lieu de soutenir <em>de facto<\/em> les pr\u00e9tendues \u00ab\u00a0guerres humanitaires\u00a0\u00bb et les \u00ab\u00a0changements de r\u00e9gime\u00a0\u00bb des \u00c9tats-Unis servis par l\u2019OTAN et sempiternellement matraqu\u00e9s dans la t\u00eate des gens par les m\u00e9dias <em>mainstream <\/em>du genre CNN et FOX News, feraient bien de finir par prendre une vraie position.<\/span><\/p>\n<p style=\"text-align: justify;\"><span style=\"font-family: times new roman, times, serif; font-size: 14pt;\">Ainsi donc, la Yougoslavie elle aussi, dont le statut de non-align\u00e9 sous le pr\u00e9sident Tito faisait jadis l\u2019envie et l\u2019admiration du monde, fut d\u00e9truite et mise en pi\u00e8ces, \u00ab\u00a0balkanis\u00e9e\u00a0\u00bb au d\u00e9but des ann\u00e9es 1990.<\/span><\/p>\n<p style=\"text-align: justify;\"><span style=\"font-family: times new roman, times, serif; font-size: 14pt;\">L\u2019attaque contre la Serbie a commence par une \u201cguerre financi\u00e8re\u00a0\u00bb, a continu\u00e9 par des \u00ab\u00a0sanctions\u00a0\u00bb et a fini par une agressive campagne non provoqu\u00e9e d\u2019incessants bombardements de l\u2019OTAN. C\u2019est ce \u00e0 quoi nous pouvons nous attendre maintenant au Venezuela.<\/span><\/p>\n<p style=\"text-align: justify;\"><span style=\"font-family: times new roman, times, serif; font-size: 14pt;\">Cette strat\u00e9gie de \u00ab balkanisation \u00bb est appliqu\u00e9e de fa\u00e7on identique \u00e0 l\u2019Afghanistan, \u00e0 l\u2019Irak, \u00e0 la Libye, \u00e0 la Syrie, et \u00e0 d\u2019autres. Car cela sert les int\u00e9r\u00eats des n\u00e9ocons US de d\u00e9membrer des \u00c9tats partout dans le monde et de les remplacer par des\u00a0r\u00e9gions plus petites, plus faciles \u00e0 \u00ab\u00a0contr\u00f4ler\u00a0\u00bb.<\/span><\/p>\n<p style=\"text-align: justify;\"><span style=\"font-family: times new roman, times, serif; font-size: 14pt;\">Les mots \u00ab changement de r\u00e9gime \u00bb vont \u00e0 l\u2019encontre de l\u2019inten tion des mots contenus dans la Constitution des \u00c9tats-Unis. Personne, dans ces fameux m\u00e9dias <em>mainstream<\/em>, ne nous le rappelle jamais. Toutefois, l\u2019ambition des \u00c9tats-Unis de renverser les autres \u00c9tats se poursuit, ce dont ils ne font d\u2019ailleurs plus, dans leur arrogance, le moindre myst\u00e8re. Les \u00c9tats suivants sur la liste seront probablement le Nicaragua et ensuite l\u2019Iran, pour n\u2019en citer que deux.<\/span><\/p>\n<p style=\"text-align: justify;\"><span style=\"font-family: times new roman, times, serif; font-size: 14pt;\">Une d\u00e9claration des plus remarquables, scandaleuses et unilat\u00e9rales imaginables vient d\u2019\u00eatre faite par le pr\u00e9sident Trump \u2013 quoique sans l\u2019approbation formelle, \u00e0 ce jour, des institutions US \u2013 aux termes de laquelle il \u00ab\u00a0donne\u00a0\u00bb quelque chose qu\u2019il n\u2019a aucune autorit\u00e9 pour donner\u00a0: une partie du territoire syrien \u2013 les hauteurs du Golan pour \u00eatre pr\u00e9cis \u2013 \u00e0 Isra\u00ebl. D\u00e9marche qui pourrait, un de ces jours, d\u00e9clencher une guerre israelo-arabe \u00e0 grande \u00e9chelle.<\/span><\/p>\n<p style=\"text-align: justify;\"><span style=\"font-family: times new roman, times, serif; font-size: 14pt;\">Ceci est d\u2019une importance extr\u00eame, et pourtant, aucune protestation officielle n\u2019est encore venue des dirigeants du monde.<\/span><\/p>\n<p style=\"text-align: justify;\"><span style=\"font-family: times new roman, times, serif; font-size: 14pt;\">La raison principale ayant entra\u00een\u00e9 cette d\u00e9cision, selon un haut fonctionnaire de l\u2019administration US, est que \u00ab\u00a0Dieu a choisi Trump pour sauver les juifs\u00a0\u00bb.<\/span><\/p>\n<p style=\"text-align: justify;\"><span style=\"font-family: times new roman, times, serif; font-size: 14pt;\">Sans oublier tle besoin qu\u2019a Trump (ce que \u00ab\u00a0nous le peuple\u00a0\u00bb ne comprenons pas exactement pourquoi) de soutenir le Premier ministre Netanyahou dans une campagne de r\u00e9\u00e9lection qui s\u2019annonce difficile en Isra\u00ebl \u2013 en partie parce que les deux pays ont rat\u00e9 leur \u00ab\u00a0changement de r\u00e9gime\u00a0\u00bb en Syrie, mais de fa\u00e7on plus d\u00e9cisive encore parce que les financiers terroristes qui se sont acoquin\u00e9s pour former une compagnie quyi a d\u00e9j\u00e0 commenc\u00e9 \u00e0 forer pour extraire du p\u00e9trole sur les hauteurs du Golan. Vous pourriez \u00eatre curieux de savoir qui sont les propri\u00e9taires-fondateurs de cette compagnie foreuse, laquelle devrait r\u00e9pondre \u00e0 une pl\u00e9thore de questions que vous devez vous poser aussi.<\/span><\/p>\n<p style=\"text-align: justify;\"><span style=\"font-family: times new roman, times, serif; font-size: 14pt;\">Les noms des actionnaires disent tout\u00a0: Dick Cheney, le baron Rothschild et Rupert Murdoch. Les trois chefs les plus repr\u00e9sentatifs des n\u00e9ocons, des banquiers et des m\u00e9dias de la plan\u00e8te.<\/span><\/p>\n<p style=\"text-align: justify;\"><span style=\"font-family: times new roman, times, serif; font-size: 14pt;\">En fin de compte, il ne faut pas davantage de preuves pour que nous, les peuples du monde, nous soulevions contre les forces obscures de la mondialisation partout o\u00f9 elles existent, que ce soit \u00e0 Bruxelles, \u00e0 Londres, en France ou \u00e0 Washington. Nous devons exiger des \u00e9lections d\u00e9mocratiques ou d\u00e9clencher des r\u00e9volutions. ce qui a d\u00e9j\u00e0 commenc\u00e9 en France avec les GILETS JAUNES. Et le BREXIT est, par d\u00e9finition, un rejet, par le peuple britannique, de la mondialisation et de l\u2019h\u00e9g\u00e9monie am\u00e9ricaine.<\/span><\/p>\n<p style=\"text-align: justify;\"><span style=\"font-family: times new roman, times, serif; font-size: 14pt;\">Le mod\u00e8le de d\u00e9stabilisation et de destruction des \u00c9tats par les USA, pour les piller de leurs ressources souveraines, est l\u2019histoire invisible des cent derni\u00e8res ann\u00e9es, qui n\u2019est enseign\u00e9e dans aucune universit\u00e9, nulle part en Occident.<\/span><\/p>\n<p style=\"text-align: justify;\"><span style=\"font-family: times new roman, times, serif; font-size: 14pt;\">En ce qui concerne l\u2019Ukraine, son gouvernement a \u00e9t\u00e9 renvers\u00e9 par la CIA et remplac\u00e9 par un r\u00e9gime ultra-fasciste, qui a le soutien complet de l\u2019Am\u00e9rique. Ce n\u2019est pas un secret, mais les <em>mainstream<\/em> se contentent de n\u2019en pas parler.<\/span><\/p>\n<p style=\"text-align: justify;\"><span style=\"font-family: times new roman, times, serif; font-size: 14pt;\">L\u2019OTAN cornaqu\u00e9 par les USA est la \u00ab\u00a0machine de guerre transnationale\u00a0\u00bb du monde, qui d\u00e9vore les richesses de presque tous les pays libres. L\u2019OTAN peut extorquer pour nous pousser par la terreur \u00e0 nous conformer \u00e0 la strat\u00e9gie mondialiste \u00ab\u00a0canc\u00e9rig\u00e8ne\u00a0\u00bb des imp\u00e9rialistes n\u00e9ocons US.<\/span><\/p>\n<p style=\"text-align: justify;\"><span style=\"font-family: times new roman, times, serif; font-size: 14pt;\">Un total estim\u00e9 de 20 millions personnes sont mortes de par le monde, depuis la fin de la Deuxi\u00e8me guerre mondiale, aux mains des militaires US. Pensez-y un instant.<\/span><\/p>\n<p style=\"text-align: justify;\"><span style=\"font-family: times new roman, times, serif; font-size: 14pt;\">Une des phrases les plus c\u00e9l\u00e8bres attribu\u00e9es au grand pr\u00e9sident am\u00e9ricain Abraham Lincoln parle de tromperie : \u00ab\u00a0Vous pouvez tromper tout le monde une partie du temps, et quelques personnes tout le temps, mais vous ne pouvez pas tromper tout le monde tout le temps.\u00a0\u00bb<\/span><\/p>\n<p>&nbsp;<\/p>\n<p><img loading=\"lazy\" class=\"alignnone size-full wp-image-3698\" src=\"http:\/\/blog.lesgrossesorchadeslesamplesthalameges.fr\/wp-content\/uploads\/2019\/03\/Richard-Galustian.jpg\" alt=\"\" width=\"171\" height=\"200\" \/><\/p>\n<p style=\"text-align: justify;\"><span style=\"font-family: times new roman, times, serif; font-size: 14pt;\"><strong>Richard Galustian<\/strong> est un consultant MENA, dipl\u00f4m\u00e9 de la Bengladesh Agricultural University, qui <a href=\"http:\/\/theduran.com\/author\/richard-galustian\/\">\u00e9crit pour TheDuran<\/a>, pour le <a href=\"http:\/\/theduran.com\/author\/richard-galustian\/\"><em>Times of Malta<\/em><\/a> et pour le <a href=\"https:\/\/www.themoscowtimes.com\/author\/richard-galustian\"><em>Moscow Times<\/em><\/a><em>, <\/em>entre autres. On peut consulter <a href=\"https:\/\/www.youtube.com\/channel\/UCb0HdCt2PwhX_0esRJSpZpQ\">ses vid\u00e9os en ligne<\/a> sur Youtube<\/span><\/p>\n<p>&nbsp;<\/p>\n<p style=\"text-align: left;\"><span style=\"font-family: times new roman, times, serif; font-size: 14pt;\">Source\u00a0: <a href=\"http:\/\/theduran.com\/us-neocon-foreign-policy-and-the-war-waged-against-serbia\/\">http:\/\/theduran.com\/us-neocon-foreign-policy-and-the-war-waged-against-serbia\/<\/a><\/span><\/p>\n<p>&nbsp;<\/p>\n<p style=\"text-align: right;\"><span style=\"font-family: times new roman, times, serif; font-size: 14pt;\">Traduction\u00a0: c.l. pour Les Grosses Orchades<\/span><\/p>\n<p>&nbsp;<\/p>\n<p>&nbsp;<\/p>\n<p>&nbsp;<\/p>\n<p style=\"text-align: center;\"><img loading=\"lazy\" class=\"alignnone size-full wp-image-3646\" src=\"http:\/\/blog.lesgrossesorchadeslesamplesthalameges.fr\/wp-content\/uploads\/2019\/03\/1.-Aigle-au-chapeau-1.gif\" alt=\"\" width=\"51\" height=\"75\" \/><\/p>\n<p>&nbsp;<\/p>\n<p>&nbsp;<\/p>\n<p style=\"text-align: right;\"><span style=\"font-family: comic sans ms, sans-serif;\">28 mars 2019<\/span><\/p>\n<p>&nbsp;<\/p>\n<p>&nbsp;<\/p>\n<p>&nbsp;<\/p>\n","protected":false},"excerpt":{"rendered":"<p>&nbsp; &nbsp; &nbsp; &nbsp; &nbsp; La politique \u00e9trang\u00e8re des n\u00e9ocons US et la guerre livr\u00e9e \u00e0 la Serbie &nbsp; Richard Galustian \u2013 TheDuran \u2013 26.3.2019 &nbsp; &nbsp; &nbsp; &nbsp; L\u2019attaque contre la Serbie a commenc\u00e9 par une \u00ab guerre financi\u00e8re\u00a0\u00bb, a continu\u00e9 par des \u00ab\u00a0sanctions\u00a0\u00bb et a fini par une agressive campagne non provoqu\u00e9e d\u2019incessants&#8230;<\/p>\n","protected":false},"author":1,"featured_media":0,"parent":0,"menu_order":0,"comment_status":"open","ping_status":"open","template":"","meta":[],"_links":{"self":[{"href":"https:\/\/blog.lesgrossesorchadeslesamplesthalameges.fr\/index.php\/wp-json\/wp\/v2\/pages\/3546"}],"collection":[{"href":"https:\/\/blog.lesgrossesorchadeslesamplesthalameges.fr\/index.php\/wp-json\/wp\/v2\/pages"}],"about":[{"href":"https:\/\/blog.lesgrossesorchadeslesamplesthalameges.fr\/index.php\/wp-json\/wp\/v2\/types\/page"}],"author":[{"embeddable":true,"href":"https:\/\/blog.lesgrossesorchadeslesamplesthalameges.fr\/index.php\/wp-json\/wp\/v2\/users\/1"}],"replies":[{"embeddable":true,"href":"https:\/\/blog.lesgrossesorchadeslesamplesthalameges.fr\/index.php\/wp-json\/wp\/v2\/comments?post=3546"}],"version-history":[{"count":0,"href":"https:\/\/blog.lesgrossesorchadeslesamplesthalameges.fr\/index.php\/wp-json\/wp\/v2\/pages\/3546\/revisions"}],"wp:attachment":[{"href":"https:\/\/blog.lesgrossesorchadeslesamplesthalameges.fr\/index.php\/wp-json\/wp\/v2\/media?parent=3546"}],"curies":[{"name":"wp","href":"https:\/\/api.w.org\/{rel}","templated":true}]}}