{"id":3551,"date":"2019-03-29T23:40:02","date_gmt":"2019-03-29T22:40:02","guid":{"rendered":"http:\/\/blog.lesgrossesorchadeslesamplesthalameges.fr\/?page_id=3551"},"modified":"2019-03-29T23:40:02","modified_gmt":"2019-03-29T22:40:02","slug":"la-serbie-commemore-le-20e-anniversaire-des-frappes-occidentalmes","status":"publish","type":"page","link":"https:\/\/blog.lesgrossesorchadeslesamplesthalameges.fr\/index.php\/la-serbie-commemore-le-20e-anniversaire-des-frappes-occidentalmes\/","title":{"rendered":"La Serbie comm\u00e9more le 20e anniversaire des frappes occidentalmes"},"content":{"rendered":"<p>&nbsp;<\/p>\n<p>&nbsp;<\/p>\n<p>&nbsp;<\/p>\n<p>&nbsp;<\/p>\n<p>&nbsp;<\/p>\n<p style=\"text-align: center;\"><span style=\"font-family: times new roman, times, serif; font-size: 36pt;\"><strong>Une \u00ab\u00a0agression de l&rsquo;OTAN\u00a0\u00bb : la Serbie comm\u00e9more le 20e anniversaire des frappes occidentales<\/strong><\/span><\/p>\n<p>&nbsp;<\/p>\n<p style=\"text-align: center;\"><span style=\"font-family: times new roman, times, serif; font-size: 18pt;\"><strong><em>RT fran\u00e7ais<\/em><\/strong> \u2013 24.3.2019<\/span><\/p>\n<p>&nbsp;<\/p>\n<p>&nbsp;<\/p>\n<p style=\"text-align: center;\"><img loading=\"lazy\" class=\"alignnone wp-image-3630\" src=\"http:\/\/blog.lesgrossesorchadeslesamplesthalameges.fr\/wp-content\/uploads\/2019\/03\/Serbie-1-1-300x169.jpg\" alt=\"\" width=\"600\" height=\"337\" srcset=\"https:\/\/blog.lesgrossesorchadeslesamplesthalameges.fr\/wp-content\/uploads\/2019\/03\/Serbie-1-1-300x169.jpg 300w, https:\/\/blog.lesgrossesorchadeslesamplesthalameges.fr\/wp-content\/uploads\/2019\/03\/Serbie-1-1-768x432.jpg 768w, https:\/\/blog.lesgrossesorchadeslesamplesthalameges.fr\/wp-content\/uploads\/2019\/03\/Serbie-1-1.jpg 790w\" sizes=\"(max-width: 600px) 100vw, 600px\" \/><\/p>\n<p style=\"text-align: center;\"><span style=\"font-family: times new roman, times, serif; font-size: 12pt;\"><strong><em>Op\u00e9ration d&rsquo;explosion contr\u00f4l\u00e9e d&rsquo;une bombe \u00e0 fragmentation de l&rsquo;OTAN \u00e0 Nis, dans le sud de la Serbie en 2004, cinq ans apr\u00e8s la fin du conflit<\/em><\/strong><strong><em>.<\/em><\/strong><\/span><\/p>\n<p>&nbsp;<\/p>\n<p>&nbsp;<\/p>\n<p style=\"text-align: justify;\"><span style=\"font-family: tahoma, arial, helvetica, sans-serif; font-size: 14pt;\"><strong>La Serbie comm\u00e9more\u00a0ce 24 mars le 20e anniversaire <\/strong><a href=\"https:\/\/francais.rt.com\/international\/54461-otan-a-bombarde-serbie-pour-proteger-civils-selon-secretaire-general-jens-stoltenberg-belgrade\"><strong>des frappes a\u00e9riennes de l&rsquo;OTAN<\/strong><\/a><strong> qui avaient contraint en 1999 Belgrade \u00e0 retirer ses troupes du <\/strong><a href=\"https:\/\/francais.rt.com\/international\/60258-20-ans-apres-bombardement-otan-relation-entretient-serbie-alliance\"><strong>Kosovo<\/strong><\/a><strong>. Sans l&rsquo;aval des Nations unies, l&rsquo;intervention de l&rsquo;Alliance atlantique avait constitu\u00e9 une premi\u00e8re contre un \u00c9tat souverain.<\/strong><\/span><\/p>\n<p style=\"text-align: justify;\"><span style=\"font-family: times new roman, times, serif; font-size: 14pt;\"><strong>\u00a0<\/strong><\/span><\/p>\n<p style=\"text-align: justify;\"><span style=\"font-family: times new roman, times, serif; font-size: 14pt;\">Des c\u00e9r\u00e9monies sont organis\u00e9es dans plusieurs villes du pays, notamment \u00e0 Belgrade. La principale comm\u00e9moration, \u00e0 laquelle doivent participer le pr\u00e9sident serbe Aleksandar Vucic et le Premier ministre Ana Brnabic,\u00a0est pr\u00e9vue \u00e0 20h \u00e0 Nis, ville du sud de la Serbie. Symboliquement, en r\u00e9f\u00e9rence aux bombardements occidentaux de 1999, les sir\u00e8nes d&rsquo;alerte de d\u00e9fense anti-a\u00e9rienne retentiront<\/span><\/p>\n<p style=\"text-align: justify;\"><span style=\"font-family: times new roman, times, serif; font-size: 14pt;\">Aleksandar Vucic a d\u00e9clar\u00e9 le 23 mars que la Serbie n&rsquo;avait pas peur d&rsquo;appeler \u00ab\u00a0les choses par leur juste nom\u00a0\u00bb, soulignant que les frappes \u00e9taient une \u00ab\u00a0agression de l&rsquo;OTAN\u00a0\u00bb contre son pays. <em>\u00ab\u00a0Nous avons besoin d&rsquo;une bonne et d\u00e9cente relation avec l&rsquo;OTAN, afin de ne plus jamais conduire la Serbie dans une telle position, mais il est \u00e9galement important de ne jamais oublier les crimes qu&rsquo;ils ont commis contre notre peuple et nos enfants\u00a0\u00bb<\/em>, a-t-il d\u00e9clar\u00e9.<\/span><\/p>\n<p style=\"text-align: justify;\"><span style=\"font-family: times new roman, times, serif; font-size: 14pt;\">Le m\u00eame jour, le ministre serbe\u00a0de la D\u00e9fense, Aleksandar Vulin, a soulign\u00e9\u00a0que la\u00a0Serbie avait choisi la neutralit\u00e9 militaire. <em>\u00ab\u00a0Nous ne deviendront pas un pays membre de l&rsquo;OTAN m\u00eame si nous restons le dernier pays d&rsquo;Europe \u00e0 n\u2019\u00eatre pas membre de l&rsquo;Alliance atlantique\u00a0\u00bb,<\/em> a-t-il assur\u00e9.<\/span><\/p>\n<p style=\"text-align: justify;\"><span style=\"font-family: times new roman, times, serif; font-size: 14pt;\">Le 12 mars dernier, le ministre serbe de l\u2019Innovation et du D\u00e9veloppement technologique, Nenad Popovic, avait \u00e9galement\u00a0<a href=\"https:\/\/francais.rt.com\/international\/60258-20-ans-apres-bombardement-otan-relation-entretient-serbie-alliance\">rappel\u00e9 la volont\u00e9 de Belgrade de pr\u00e9server son ind\u00e9pendance<\/a>.\u00a0<em>\u00ab\u00a0La Serbie reste fermement sur ses positions de neutralit\u00e9 militaire : notre pays ne sera jamais membre de l\u2019OTAN. 99% des citoyens de la R\u00e9publique serbe expriment clairement cette position. Et nous nous tenons \u00e0 la neutralit\u00e9 militaire\u00a0\u00bb,<\/em> avait-il alors martel\u00e9.<\/span><\/p>\n<p>&nbsp;<\/p>\n<p style=\"text-align: left;\"><span style=\"font-family: times new roman, times, serif; font-size: 18pt;\"><strong>Les marionnettes du Kosovo expriment leur \u00ab\u00a0gratitude\u00a0\u00bb \u00e0 l&rsquo;OTAN<\/strong><\/span><\/p>\n<p style=\"text-align: justify;\"><span style=\"font-family: times new roman, times, serif; font-size: 14pt;\">Il y a vingt ans, le 24 mars 1999, l&rsquo;OTAN lan\u00e7ait une campagne de bombardements a\u00e9riens contre la Yougoslavie, compos\u00e9e alors encore de la Serbie et du Mont\u00e9n\u00e9gro, afin d&rsquo;intervenir\u00a0dans le\u00a0conflit \u00e0 caract\u00e8re ethnique du Kosovo qui a fait\u00a0plus de 13.000 morts, en grande majorit\u00e9 albanais, de 1998 \u00e0 1999.<\/span><\/p>\n<p style=\"text-align: justify;\"><span style=\"font-family: times new roman, times, serif; font-size: 14pt;\">Durant la campagne de bombardements contre la Serbie \u2013 qui a dur\u00e9 11 semaines, du 24 mars\u00a0au 10 juin 1999 \u2013 l&rsquo;Alliance atlantique a vis\u00e9 des dizaines de cibles militaires, ainsi que des infrastructures civiles telles que des ponts, des intersections ferroviaires ou le r\u00e9seau \u00e9lectrique.\u00a0Du fait des erreurs de frappes, l&rsquo;op\u00e9ration a fait de nombreuses victimes civiles, sans, pour autant qu&rsquo;un bilan soit officiellement \u00e9tabli. La fourchette de l&rsquo;estimation irait de 500 morts selon l&rsquo;ONG <em>Human Rights Watch<\/em> \u00e0 2.500 selon les autorit\u00e9s serbes.<\/span><\/p>\n<p style=\"text-align: justify;\"><span style=\"font-family: times new roman, times, serif; font-size: 14pt;\">Le 10 juin 1999, c\u00e9dant face \u00e0 la sup\u00e9riorit\u00e9 militaire de l&rsquo;OTAN, le dirigeant serbe Slobodan Milosevic avait ordonn\u00e9 \u00e0 ses forces de se retirer du Kosovo, une province plac\u00e9e le mois suivant sous administration de l&rsquo;ONU. Une telle intervention,\u00a0sans l&rsquo;aval du Conseil de s\u00e9curit\u00e9 des Nations unies, constituait alors une premi\u00e8re contre un \u00c9tat souverain en 50 ans d&rsquo;existence de l&rsquo;Alliance atlantique.<\/span><\/p>\n<p style=\"text-align: justify;\"><span style=\"font-family: times new roman, times, serif; font-size: 14pt;\">Avec une vision plus particuli\u00e8re des \u00e9v\u00e9nements, le Premier ministre du Kosovo, Ramush Haradinaj, a de son c\u00f4t\u00e9 affirm\u00e9 qu&rsquo;il s&rsquo;agissait d&rsquo;une \u00ab\u00a0intervention\u00a0\u00bb contre \u00ab\u00a0l&rsquo;action g\u00e9nocidaire [du pr\u00e9sident serbe de la Yougoslavie Slobodan] Milosevic\u00a0\u00bb. \u00ab\u00a0Le peuple du Kosovo r\u00e9affirmera toujours sa profonde gratitude [pour cette op\u00e9ration qui a] sauv\u00e9 des milliers de vies et qui nous a donn\u00e9 la possibilit\u00e9 de vivre en paix et en libert\u00e9\u00a0\u00bb, a-t-il \u00e9crit sur son compte Twitter.<\/span><\/p>\n<p>&nbsp;<\/p>\n<p style=\"text-align: justify; padding-left: 120px;\"><span style=\"font-family: times new roman, times, serif; font-size: 14pt;\"><a href=\"https:\/\/twitter.com\/hashtag\/NATO?src=hash&amp;ref_src=twsrc%5Etfw\">#NATO<\/a>\u2019s intervention in <a href=\"https:\/\/twitter.com\/hashtag\/Milosevic?src=hash&amp;ref_src=twsrc%5Etfw\">#Milosevic<\/a>\u2019s genocidal action against people of <a href=\"https:\/\/twitter.com\/hashtag\/Kosovo?src=hash&amp;ref_src=twsrc%5Etfw\">#Kosovo<\/a> was crucial humanitarian contribution: demonstrated coord int\u2019l action for <a href=\"https:\/\/twitter.com\/hashtag\/Peace?src=hash&amp;ref_src=twsrc%5Etfw\">#Peace<\/a>, <a href=\"https:\/\/twitter.com\/hashtag\/Justice?src=hash&amp;ref_src=twsrc%5Etfw\">#Justice<\/a> &amp; rules-based world order. <a href=\"https:\/\/twitter.com\/jensstoltenberg?ref_src=twsrc%5Etfw\">@jensstoltenberg<\/a><a href=\"https:\/\/twitter.com\/NATO?ref_src=twsrc%5Etfw\">@NATO<\/a><\/span><\/p>\n<p style=\"text-align: justify; padding-left: 120px;\"><span style=\"font-family: times new roman, times, serif; font-size: 14pt;\">\u2014 Ramush Haradinaj (@haradinajramush) <a href=\"https:\/\/twitter.com\/haradinajramush\/status\/1109381337499222016?ref_src=twsrc%5Etfw\">23 mars 2019<\/a><\/span><\/p>\n<p>&nbsp;<\/p>\n<p style=\"text-align: justify;\"><span style=\"font-family: times new roman, times, serif; font-size: 14pt;\">Pr\u00e8s d&rsquo;une d\u00e9cennie apr\u00e8s la guerre, le Kosovo avait d\u00e9clar\u00e9 en f\u00e9vrier 2008 son ind\u00e9pendance, soutenu, dans une s\u00e9quence minutieusement pr\u00e9par\u00e9e, par les principaux pays occidentaux, en premier lieu desquels les \u00c9tats-Unis[<span style=\"color: #c00000;\">1<\/span>]. Toutefois, cette d\u00e9claration a largement divis\u00e9 la communaut\u00e9 internationale, puisque outre la Serbie, deux membres du Conseil de s\u00e9curit\u00e9, la Russie et la Chine, n&rsquo;ont pas reconnu cette ind\u00e9pendance et ont donc bloqu\u00e9 l&rsquo;entr\u00e9e du Kosovo \u00e0 l&rsquo;ONU.<\/span><\/p>\n<p style=\"text-align: justify;\"><span style=\"font-family: times new roman, times, serif; font-size: 14pt;\">_________________\u00a0\u00a0<\/span><\/p>\n<p style=\"text-align: justify;\"><span style=\"font-family: times new roman, times, serif; font-size: 14pt;\">[<span style=\"color: #c00000;\">1<\/span>] Onze ans apr\u00e8s son ind\u00e9pendance \u2013 toute relative \u2013\u00a0le Kosovo reste <a href=\"https:\/\/francais.rt.com\/international\/48144-dix-ans-dependance-espoirs-decus-kosovo\">un pays pauvre, plomb\u00e9 par la corruption et sous la tutelle de puissances \u00e9trang\u00e8res<\/a>. Quant \u00e0 l&rsquo;UE,\u00a0elle ne parvient pas \u00e0 respecter sa promesse d&rsquo;int\u00e9grer ce petit pays et de stabiliser la r\u00e9gion.\u00a0<\/span><\/p>\n<p>&nbsp;<\/p>\n<p><span style=\"font-family: times new roman, times, serif; font-size: 14pt;\">D\u2019apr\u00e8s \u00a0: <a href=\"https:\/\/francais.rt.com\/international\/60355-agression-otan-serbie-commemore-20e-anniversaire-frappes-occidentales\">https:\/\/francais.rt.com\/international\/60355-agression-otan-serbie-commemore-20e-anniversaire-frappes-occidentales<\/a><\/span><\/p>\n<p>&nbsp;<\/p>\n<p><strong><span style=\"font-family: times new roman, times, serif; font-size: 14pt;\">URL de cet article :<\/span><\/strong><\/p>\n<p>&nbsp;<\/p>\n<p style=\"text-align: justify;\"><span style=\"font-family: times new roman, times, serif; font-size: 14pt; color: #c00000;\"><strong><em>Rappelons que c\u2019est l\u2019int\u00e9ressante\u00a0\u00ab\u00a0op\u00e9ration Kosovo\u00a0\u00bb qui a offert sur un plateau,\u00a0\u00e0 la F\u00e9d\u00e9ration de Russie, le pr\u00e9c\u00e9dent qui a justifi\u00e9 sa r\u00e9cup\u00e9ration de la Crim\u00e9e, abusivement offerte \u00e0 l\u2019Ukraine par un Nikita Khrouchtchev qui n\u2019en avait pas plus le droit que n\u2019en a Donald J. Trump aujourd\u2019hui d\u2019offrir le Golan aux sionistes, ce qui fait qu\u2019en droit international le Golan est et reste territoire syrien et que, sans doute, le Kosovo est appel\u00e9 \u00e0 redevnir un jour province d&rsquo;une Yougoslavie reconstitu\u00e9e.<\/em><\/strong><\/span><\/p>\n<p style=\"text-align: justify;\"><span style=\"font-family: times new roman, times, serif; font-size: 14pt; color: #c00000;\"><strong><em>Les anniversaires servent aussi \u00e0 rappeler ces petites choses-l\u00e0.<\/em><\/strong><\/span><\/p>\n<p style=\"text-align: justify;\"><span style=\"font-family: times new roman, times, serif; font-size: 14pt;\"><strong><em>\u00a0<\/em><\/strong><\/span><\/p>\n<p style=\"text-align: justify;\"><span style=\"font-family: times new roman, times, serif; font-size: 14pt;\"><strong><em>\u00a0<\/em><\/strong><\/span><\/p>\n<p style=\"text-align: center;\"><strong><em>\u00a0<img loading=\"lazy\" class=\"alignnone size-full wp-image-3586\" src=\"http:\/\/blog.lesgrossesorchadeslesamplesthalameges.fr\/wp-content\/uploads\/2019\/03\/1.-Aigle-au-chapeau.gif\" alt=\"\" width=\"51\" height=\"75\" \/><\/em><\/strong><\/p>\n<p><strong><em>\u00a0<\/em><\/strong><\/p>\n<p style=\"text-align: right;\"><span style=\"font-family: comic sans ms, sans-serif;\">28 mars 2019<\/span><\/p>\n<p>&nbsp;<\/p>\n<p>&nbsp;<\/p>\n","protected":false},"excerpt":{"rendered":"<p>&nbsp; &nbsp; &nbsp; &nbsp; &nbsp; Une \u00ab\u00a0agression de l&rsquo;OTAN\u00a0\u00bb : la Serbie comm\u00e9more le 20e anniversaire des frappes occidentales &nbsp; RT fran\u00e7ais \u2013 24.3.2019 &nbsp; &nbsp; Op\u00e9ration d&rsquo;explosion contr\u00f4l\u00e9e d&rsquo;une bombe \u00e0 fragmentation de l&rsquo;OTAN \u00e0 Nis, dans le sud de la Serbie en 2004, cinq ans apr\u00e8s la fin du conflit. &nbsp; &nbsp; La&#8230;<\/p>\n","protected":false},"author":1,"featured_media":0,"parent":0,"menu_order":0,"comment_status":"open","ping_status":"open","template":"","meta":[],"_links":{"self":[{"href":"https:\/\/blog.lesgrossesorchadeslesamplesthalameges.fr\/index.php\/wp-json\/wp\/v2\/pages\/3551"}],"collection":[{"href":"https:\/\/blog.lesgrossesorchadeslesamplesthalameges.fr\/index.php\/wp-json\/wp\/v2\/pages"}],"about":[{"href":"https:\/\/blog.lesgrossesorchadeslesamplesthalameges.fr\/index.php\/wp-json\/wp\/v2\/types\/page"}],"author":[{"embeddable":true,"href":"https:\/\/blog.lesgrossesorchadeslesamplesthalameges.fr\/index.php\/wp-json\/wp\/v2\/users\/1"}],"replies":[{"embeddable":true,"href":"https:\/\/blog.lesgrossesorchadeslesamplesthalameges.fr\/index.php\/wp-json\/wp\/v2\/comments?post=3551"}],"version-history":[{"count":0,"href":"https:\/\/blog.lesgrossesorchadeslesamplesthalameges.fr\/index.php\/wp-json\/wp\/v2\/pages\/3551\/revisions"}],"wp:attachment":[{"href":"https:\/\/blog.lesgrossesorchadeslesamplesthalameges.fr\/index.php\/wp-json\/wp\/v2\/media?parent=3551"}],"curies":[{"name":"wp","href":"https:\/\/api.w.org\/{rel}","templated":true}]}}