{"id":3554,"date":"2019-03-29T23:43:07","date_gmt":"2019-03-29T22:43:07","guid":{"rendered":"http:\/\/blog.lesgrossesorchadeslesamplesthalameges.fr\/?page_id=3554"},"modified":"2019-03-30T03:26:57","modified_gmt":"2019-03-30T02:26:57","slug":"letendue-des-destructions-de-lotan-en-yougoslavie","status":"publish","type":"page","link":"https:\/\/blog.lesgrossesorchadeslesamplesthalameges.fr\/index.php\/letendue-des-destructions-de-lotan-en-yougoslavie\/","title":{"rendered":"L&rsquo;\u00e9tendue des destructions de l&rsquo;OTAN en Yougoslavie"},"content":{"rendered":"<p><strong>\u00a0<\/strong><\/p>\n<p>&nbsp;<\/p>\n<p>&nbsp;<\/p>\n<p>&nbsp;<\/p>\n<p>&nbsp;<\/p>\n<p>&nbsp;<\/p>\n<p style=\"text-align: center;\"><span style=\"font-family: times new roman, times, serif; font-size: 36pt;\"><strong>L\u2019\u00e9tendue des destructions de l\u2019OTAN en Yougoslavie<\/strong><\/span><\/p>\n<p>&nbsp;<\/p>\n<p style=\"text-align: center;\"><span style=\"font-family: times new roman, times, serif; font-size: 18pt;\"><strong><em>Russia Insider<\/em><\/strong><strong> \u2013 25.3.2019<\/strong><\/span><\/p>\n<p>&nbsp;<\/p>\n<p>&nbsp;<\/p>\n<p style=\"text-align: center;\"><img loading=\"lazy\" class=\"alignnone wp-image-3609\" src=\"http:\/\/blog.lesgrossesorchadeslesamplesthalameges.fr\/wp-content\/uploads\/2019\/03\/Yougoslavie-1-2-300x189.png\" alt=\"\" width=\"600\" height=\"379\" srcset=\"https:\/\/blog.lesgrossesorchadeslesamplesthalameges.fr\/wp-content\/uploads\/2019\/03\/Yougoslavie-1-2-300x189.png 300w, https:\/\/blog.lesgrossesorchadeslesamplesthalameges.fr\/wp-content\/uploads\/2019\/03\/Yougoslavie-1-2.png 768w\" sizes=\"(max-width: 600px) 100vw, 600px\" \/><\/p>\n<p><strong>\u00a0<\/strong><\/p>\n<p style=\"text-align: center;\"><span style=\"font-family: times new roman, times, serif; font-size: 14pt;\"><strong><em>\u00a0<\/em><\/strong><\/span><\/p>\n<p style=\"text-align: justify;\"><span style=\"font-family: times new roman, times, serif; font-size: 14pt;\"><strong><em>Il y a 16 ans<\/em><\/strong> [20 aujourd\u2019hui, ndt],<strong> <em>l\u2019\u00ab\u00a0Organisation de d\u00e9fense collective\u00a0\u00bb a lanc\u00e9 une guerre ill\u00e9gale contre la Yougoslavie<\/em> <\/strong>[avec la b\u00e9n\u00e9diction de tous les autres \u00c9tats de l\u2019Union Europ\u00e9enne et de la Grande Bretagne. ndt]<\/span><\/p>\n<p style=\"text-align: justify;\"><span style=\"font-family: times new roman, times, serif; font-size: 14pt;\">Cet article, extrait de nos archives, a \u00e9t\u00e9 publi\u00e9 pour la premi\u00e8re fois par <em>Russia Insider<\/em> en mars 2015 (<a href=\"https:\/\/russia-insider.com\/en\/tanjug\">Tanjug<\/a>)<\/span><\/p>\n<p style=\"text-align: justify;\"><span style=\"font-family: times new roman, times, serif; font-size: 14pt;\">Source d\u2019origine\u00a0: <strong><em>Tanjug<\/em><\/strong>. Traduit pour <em>Russia Insider<\/em> par Mihajlo Doknic<\/span><\/p>\n<p>&nbsp;<\/p>\n<p style=\"text-align: center;\">____________________<\/p>\n<p>&nbsp;<\/p>\n<p>&nbsp;<\/p>\n<p style=\"text-align: justify;\"><span style=\"font-family: tahoma, arial, helvetica, sans-serif; font-size: 14pt;\"><strong>Il y a 16 ans, sans R\u00e9solution du Conseil de S\u00e9curit\u00e9 des Nations Unies, l\u2019OTAN a lanc\u00e9 une attaque ill\u00e9gale sur la Yougoslavie. Aujourd\u2019hui, des c\u00e9r\u00e9monies comm\u00e9moratives se sont d\u00e9roul\u00e9es dans tout le pays. Tanjug aligne les quelques chiffres qui montrent l\u2019\u00e9tendue de la destruction du pays et des pertes en vies humaines.<\/strong><\/span><\/p>\n<p>&nbsp;<\/p>\n<p style=\"text-align: justify;\"><span style=\"font-family: times new roman, times, serif; font-size: 14pt;\"><strong>\u00a0<\/strong><\/span><\/p>\n<p style=\"text-align: center;\">\u00a0<img loading=\"lazy\" class=\"alignnone wp-image-3749\" src=\"http:\/\/blog.lesgrossesorchadeslesamplesthalameges.fr\/wp-content\/uploads\/2019\/03\/Yougoslavie-2-300x202.jpg\" alt=\"\" width=\"600\" height=\"404\" srcset=\"https:\/\/blog.lesgrossesorchadeslesamplesthalameges.fr\/wp-content\/uploads\/2019\/03\/Yougoslavie-2-300x202.jpg 300w, https:\/\/blog.lesgrossesorchadeslesamplesthalameges.fr\/wp-content\/uploads\/2019\/03\/Yougoslavie-2.jpg 670w\" sizes=\"(max-width: 600px) 100vw, 600px\" \/><\/p>\n<p style=\"text-align: center;\"><span style=\"font-family: times new roman, times, serif; font-size: 14pt;\"><strong><em>Mission accomplished : pays d\u00e9truit, populations massacr\u00e9es<\/em><\/strong><\/span><\/p>\n<p style=\"text-align: justify;\"><span style=\"font-family: times new roman, times, serif; font-size: 14pt;\"><strong><em>\u00a0<\/em><\/strong><\/span><\/p>\n<p>&nbsp;<\/p>\n<p style=\"text-align: justify;\"><span style=\"font-family: times new roman, times, serif; font-size: 14pt;\">Le 24 mars 1999, sans la moindre r\u00e9solution du Conseil de S\u00e9curit\u00e9, l\u2019OTAN a d\u00e9clench\u00e9 une agression militaire contre la Yougoslavie [la Serbie et le Montenegro].<\/span><\/p>\n<p style=\"text-align: justify;\"><span style=\"font-family: times new roman, times, serif; font-size: 14pt;\">La Yougoslavie, pr\u00e9tendue responsable d\u2019une \u00ab\u00a0catastrophe humanitaire\u00a0\u00bb au Kosovo-et-M\u00e9tochie, a \u00e9t\u00e9 agress\u00e9e, apr\u00e8s que les soi-disant n\u00e9gociations de Rambouillet sur le statut futur du Kosovo aient \u00e9chou\u00e9. Les accords de Rambouillet pr\u00e9voyaient le d\u00e9ploiement de forces de l\u2019OTAN sur le territoire de la Yougoslavie. La partie yougoslave ne voulait pas de troupes de l\u2019OTAN sur son territoire et a propos\u00e9 que ce soient des troupes de l\u2019ONU qui soient d\u00e9ploy\u00e9es pour superviser la mise en \u0153uvre des accords de Rambouillet, ce qui fut confirm\u00e9 par le Parlement yougoslave.<\/span><\/p>\n<p style=\"text-align: justify;\"><span style=\"font-family: times new roman, times, serif; font-size: 14pt;\">Insatisfaite, l\u2019OTAN a alors d\u00e9cha\u00een\u00e9 une offensive militaire massive sur le petit pays et son people, qui s\u2019est sold\u00e9e par d\u2019innombrables destructions et la perte de nombreuses vies. Le g\u00e9n\u00e9ral Wesley Clark, qui dirigeait la campagne, a admis, dans son livre <em>La guerre moderne, <\/em>que le projet et les pr\u00e9parations pour la guerre \u00e9taient d\u00e9j\u00e0 en cours en 1998, et d\u00e9finitivement arr\u00eat\u00e9s en ao\u00fbt 1998. Ce qui signifie que les \u00ab\u00a0n\u00e9gociations\u00a0\u00bb de Rambouillet n\u2019ont jamais eu la moindre chance d\u2019aboutir.<\/span><\/p>\n<p>&nbsp;<\/p>\n<p style=\"text-align: justify;\"><span style=\"font-family: times new roman, times, serif; font-size: 14pt;\">Aujourd\u2019hui, \u00ab Tanjug \u00bb aligne quelques chiffres qui ont \u00e9t\u00e9 rendus publics par le gouvernement serbe, montrant \u00e9loquemment les d\u00e9vastations de toutes sortes et la destruction du pays qui ont r\u00e9sult\u00e9 de l\u2019offensive de l\u2019OTAN<\/span><\/p>\n<p>&nbsp;<\/p>\n<ul style=\"text-align: justify;\">\n<li><span style=\"font-family: times new roman, times, serif; font-size: 14pt;\">Plus de 2500 personnes tu\u00e9es, dont plus de 1.500 civils<\/span><\/li>\n<li><span style=\"font-family: times new roman, times, serif; font-size: 14pt;\">500 personnes bless\u00e9es<\/span><\/li>\n<li><span style=\"font-family: times new roman, times, serif; font-size: 14pt;\">Un tiers des capacit\u00e9s du pays en \u00e9lectricit\u00e9 et en \u00e9nergie d\u00e9truit<\/span><\/li>\n<li><span style=\"font-family: times new roman, times, serif; font-size: 14pt;\">Co\u00fbt total des destructions\u00a0mat\u00e9rielles : plus de 100 milliards de dollars.<\/span><\/li>\n<\/ul>\n<p>&nbsp;<\/p>\n<p style=\"text-align: justify;\"><span style=\"font-family: times new roman, times, serif; font-size: 14pt;\">Il n\u2019y a pas une seule ville en Serbie qui n\u2019ait \u00e9t\u00e9 prise pour cible par l\u2019OTAN. L\u2019\u00e9tendue des d\u00e9g\u00e2ts structurels s\u2019est \u00e9lev\u00e9 \u00e0\u00a0:<\/span><\/p>\n<p>&nbsp;<\/p>\n<ul style=\"text-align: justify;\">\n<li><span style=\"font-family: times new roman, times, serif; font-size: 14pt;\">000 maisons et appartements<\/span><\/li>\n<li><span style=\"font-family: times new roman, times, serif; font-size: 14pt;\">470 kms de routes<\/span><\/li>\n<li><span style=\"font-family: times new roman, times, serif; font-size: 14pt;\">595 kms de voies ferr\u00e9es<\/span><\/li>\n<li><span style=\"font-family: times new roman, times, serif; font-size: 14pt;\">14 a\u00e9roports<\/span><\/li>\n<li><span style=\"font-family: times new roman, times, serif; font-size: 14pt;\">39 h\u00f4pitaux et centres m\u00e9dicaux<\/span><\/li>\n<li><span style=\"font-family: times new roman, times, serif; font-size: 14pt;\">69 \u00e9coles<\/span><\/li>\n<li><span style=\"font-family: times new roman, times, serif; font-size: 14pt;\">19 \u00e9coles maternelles<\/span><\/li>\n<li><span style=\"font-family: times new roman, times, serif; font-size: 14pt;\">176 objets culturels<\/span><\/li>\n<li><span style=\"font-family: times new roman, times, serif; font-size: 14pt;\">82 ponts<\/span><\/li>\n<\/ul>\n<p>&nbsp;<\/p>\n<p style=\"text-align: justify;\"><span style=\"font-family: times new roman, times, serif; font-size: 14pt;\">Le pilonnage de ce tout petit pays par les troupes de l\u2019OTAN a impliqu\u00e9\u00a0:<\/span><\/p>\n<p>&nbsp;<\/p>\n<ul style=\"text-align: justify;\">\n<li><span style=\"font-family: times new roman, times, serif; font-size: 14pt;\">150 avions<\/span><\/li>\n<li><span style=\"font-family: times new roman, times, serif; font-size: 14pt;\">300 attaques [sorties] par l\u2019aviation<\/span><\/li>\n<li><span style=\"font-family: times new roman, times, serif; font-size: 14pt;\">300 missiles Cruise Middle lanc\u00e9s<\/span><\/li>\n<li><span style=\"font-family: times new roman, times, serif; font-size: 14pt;\">000 bombes \u00e0 fragmentation [interdites]<\/span><\/li>\n<li><span style=\"font-family: times new roman, times, serif; font-size: 14pt;\">000 tonnes de bombes et d\u2019autres munitions<\/span><\/li>\n<li><span style=\"font-family: times new roman, times, serif; font-size: 14pt;\">Des munitions \u00e0 l\u2019uranium appauvri<\/span><\/li>\n<\/ul>\n<p>&nbsp;<\/p>\n<p style=\"text-align: justify;\"><span style=\"font-family: times new roman, times, serif; font-size: 14pt;\">Apr\u00e8s des efforts diplomatiques, la signature de l\u2019Accord Technique Militaire de Kumanovo (Mac\u00e9doine) Il a \u00e9t\u00e9 mis fin aux bombardements et \u00e0 l\u2019agression le 9 juin, \u00e0 condition que l\u2019arm\u00e9e yougoslave se retirerait du Kosovo dans les trois jours.<\/span><\/p>\n<p style=\"text-align: justify;\"><span style=\"font-family: times new roman, times, serif; font-size: 14pt;\">Ce jour-l\u00e0, le Conseil de S\u00e9curit\u00e9 de l\u2019ONU a adopt\u00e9 la R\u00e9solution 1244, et quelque 37.000 soldats \u00ab\u00a0de la KFOR\u00a0\u00bb ont \u00e9t\u00e9 envoy\u00e9s au Kosovo [en r\u00e9alit\u00e9, c\u2019est l\u2019OTAN qui y a command\u00e9 la force du maintien de la paix], avec pour mandat d\u2019assurer la paix et la stabilit\u00e9 et de permettre le retour des r\u00e9fugi\u00e9s, jusqu\u2019\u00e0 ce qu\u2019un large statut d\u2019autonomie ait \u00e9t\u00e9 n\u00e9goci\u00e9 pour le Kosovo.<\/span><\/p>\n<p style=\"text-align: justify;\"><span style=\"font-family: times new roman, times, serif; font-size: 14pt;\">Avec le soutien des USA, de l\u2019OTAN et de la majorit\u00e9 des pays de l\u2019UE, le Kosovo a d\u00e9clar\u00e9 son ind\u00e9pendance en 2008\u2026\u00a0!<\/span><\/p>\n<p style=\"text-align: justify;\"><span style=\"font-family: times new roman, times, serif; font-size: 14pt;\">Tous ceux en somme, qui se sont ensuite si bruyamment oppos\u00e9s \u00e0 l\u2019auto-d\u00e9termination de la Crim\u00e9e ou d\u2019autres parties de l\u2019Ukraine\u2026<\/span><\/p>\n<p>&nbsp;<\/p>\n<p style=\"text-align: left;\"><span style=\"font-family: times new roman, times, serif; font-size: 14pt;\">Source : <a href=\"https:\/\/russia-insider.com\/en\/history\/extent-natos-destruction-yugoslavia\/ri4901\">https:\/\/russia-insider.com\/en\/history\/extent-natos-destruction-yugoslavia\/ri4901<\/a><\/span><\/p>\n<p style=\"text-align: left;\"><span style=\"font-family: times new roman, times, serif; font-size: 14pt;\"><strong>URL de cet article :<\/strong> <a href=\"http:\/\/blog.lesgrossesorchadeslesamplesthalameges.fr\/index.php\/letendue-des-destructions-de-lotan-en-yougoslavie\/\">http:\/\/blog.lesgrossesorchadeslesamplesthalameges.fr\/index.php\/letendue-des-destructions-de-lotan-en-yougoslavie\/<\/a><\/span><\/p>\n<p>&nbsp;<\/p>\n<p style=\"text-align: right;\"><span style=\"font-family: times new roman, times, serif; font-size: 14pt;\">Traduction\u00a0: c.l. pour Les Grosses Orchades<\/span><\/p>\n<p>&nbsp;<\/p>\n<p>&nbsp;<\/p>\n<p style=\"text-align: center;\"><img loading=\"lazy\" class=\"alignnone size-full wp-image-3646\" src=\"http:\/\/blog.lesgrossesorchadeslesamplesthalameges.fr\/wp-content\/uploads\/2019\/03\/1.-Aigle-au-chapeau-1.gif\" alt=\"\" width=\"51\" height=\"75\" \/><\/p>\n<p>&nbsp;<\/p>\n<p>&nbsp;<\/p>\n<p style=\"text-align: right;\"><span style=\"font-family: comic sans ms, sans-serif;\">28 mars 2019<\/span><\/p>\n<p>&nbsp;<\/p>\n<p>&nbsp;<\/p>\n","protected":false},"excerpt":{"rendered":"<p>\u00a0 &nbsp; &nbsp; &nbsp; &nbsp; &nbsp; L\u2019\u00e9tendue des destructions de l\u2019OTAN en Yougoslavie &nbsp; Russia Insider \u2013 25.3.2019 &nbsp; &nbsp; \u00a0 \u00a0 Il y a 16 ans [20 aujourd\u2019hui, ndt], l\u2019\u00ab\u00a0Organisation de d\u00e9fense collective\u00a0\u00bb a lanc\u00e9 une guerre ill\u00e9gale contre la Yougoslavie [avec la b\u00e9n\u00e9diction de tous les autres \u00c9tats de l\u2019Union Europ\u00e9enne et de&#8230;<\/p>\n","protected":false},"author":1,"featured_media":0,"parent":0,"menu_order":0,"comment_status":"open","ping_status":"open","template":"","meta":[],"_links":{"self":[{"href":"https:\/\/blog.lesgrossesorchadeslesamplesthalameges.fr\/index.php\/wp-json\/wp\/v2\/pages\/3554"}],"collection":[{"href":"https:\/\/blog.lesgrossesorchadeslesamplesthalameges.fr\/index.php\/wp-json\/wp\/v2\/pages"}],"about":[{"href":"https:\/\/blog.lesgrossesorchadeslesamplesthalameges.fr\/index.php\/wp-json\/wp\/v2\/types\/page"}],"author":[{"embeddable":true,"href":"https:\/\/blog.lesgrossesorchadeslesamplesthalameges.fr\/index.php\/wp-json\/wp\/v2\/users\/1"}],"replies":[{"embeddable":true,"href":"https:\/\/blog.lesgrossesorchadeslesamplesthalameges.fr\/index.php\/wp-json\/wp\/v2\/comments?post=3554"}],"version-history":[{"count":0,"href":"https:\/\/blog.lesgrossesorchadeslesamplesthalameges.fr\/index.php\/wp-json\/wp\/v2\/pages\/3554\/revisions"}],"wp:attachment":[{"href":"https:\/\/blog.lesgrossesorchadeslesamplesthalameges.fr\/index.php\/wp-json\/wp\/v2\/media?parent=3554"}],"curies":[{"name":"wp","href":"https:\/\/api.w.org\/{rel}","templated":true}]}}