{"id":3557,"date":"2019-03-29T23:45:55","date_gmt":"2019-03-29T22:45:55","guid":{"rendered":"http:\/\/blog.lesgrossesorchadeslesamplesthalameges.fr\/?page_id=3557"},"modified":"2019-03-29T23:45:55","modified_gmt":"2019-03-29T22:45:55","slug":"justice-des-vainqueurs-retour-sur-srebrenica","status":"publish","type":"page","link":"https:\/\/blog.lesgrossesorchadeslesamplesthalameges.fr\/index.php\/justice-des-vainqueurs-retour-sur-srebrenica\/","title":{"rendered":"Justice des vainqueurs, retour sur Srebrenica"},"content":{"rendered":"<p>&nbsp;<\/p>\n<p>&nbsp;<\/p>\n<p>&nbsp;<\/p>\n<p>&nbsp;<\/p>\n<p>&nbsp;<\/p>\n<p style=\"text-align: justify;\"><span style=\"font-family: times new roman, times, serif; font-size: 18pt; color: #c00000;\"><strong><em>Si vous n\u2019en lisez qu\u2019un, que ce soit celui-l\u00e0\u00a0:<\/em><\/strong><\/span><\/p>\n<p style=\"text-align: justify;\"><span style=\"font-family: times new roman, times, serif; font-size: 14pt;\"><strong><em>\u00a0<\/em><\/strong><\/span><\/p>\n<p style=\"text-align: center;\"><span style=\"font-family: times new roman, times, serif; font-size: 36pt;\"><strong>Justice des vainqueurs, retour sur Srebrenica<\/strong><\/span><\/p>\n<p>&nbsp;<\/p>\n<p style=\"text-align: center;\"><span style=\"font-family: times new roman, times, serif; font-size: 14pt;\"><a href=\"https:\/\/www.iveris.eu\/author\/G%C3%A9n%C3%A9ral+Dominique+Delawarde\/\"><strong><em><span style=\"font-size: 24pt;\"><span style=\"font-size: 18pt;\">G\u00e9n\u00e9ral Dominique Delawarde<\/span><\/span><\/em><\/strong><\/a><span style=\"font-size: 18pt;\"> \u00a0<strong>\u2013 Iveris.eu \u2013 <em>Tribune libre <\/em><\/strong>\u2013 <strong>23.3.2019<\/strong><\/span><\/span><\/p>\n<p>&nbsp;<\/p>\n<p>&nbsp;<\/p>\n<p><img loading=\"lazy\" class=\"wp-image-3593 aligncenter\" src=\"http:\/\/blog.lesgrossesorchadeslesamplesthalameges.fr\/wp-content\/uploads\/2019\/03\/Srebrenica-1-300x225.jpg\" alt=\"\" width=\"400\" height=\"300\" srcset=\"https:\/\/blog.lesgrossesorchadeslesamplesthalameges.fr\/wp-content\/uploads\/2019\/03\/Srebrenica-1-300x225.jpg 300w, https:\/\/blog.lesgrossesorchadeslesamplesthalameges.fr\/wp-content\/uploads\/2019\/03\/Srebrenica-1-768x576.jpg 768w, https:\/\/blog.lesgrossesorchadeslesamplesthalameges.fr\/wp-content\/uploads\/2019\/03\/Srebrenica-1-1024x768.jpg 1024w, https:\/\/blog.lesgrossesorchadeslesamplesthalameges.fr\/wp-content\/uploads\/2019\/03\/Srebrenica-1.jpg 1300w\" sizes=\"(max-width: 400px) 100vw, 400px\" \/><\/p>\n<p>&nbsp;<\/p>\n<p>&nbsp;<\/p>\n<p style=\"text-align: justify;\"><strong><span style=\"font-family: tahoma, arial, helvetica, sans-serif; font-size: 14pt;\">Le 20 mars 2019, Radovan Karadzic, a \u00e9t\u00e9 condamn\u00e9 \u00e0 la r\u00e9clusion criminelle \u00e0 perp\u00e9tuit\u00e9. Aucune vraie surprise \u00e0 premi\u00e8re vue. Toutefois, en y regardant de plus pr\u00e8s, <a href=\"https:\/\/www.theglobeandmail.com\/opinion\/the-real-story-behind-srebrenica\/article737584\/\">un t\u00e9moignage capital de 2005, celui du g\u00e9n\u00e9ral canadien Mac Kenzie<\/a>, commandant la Force de l&rsquo;ONU \u00e0 l&rsquo;\u00e9poque des faits, met en \u00e9vidence un \u00ab <em>deux poids, deux mesures<\/em> \u00bb du jugement, flagrant et choquant \u00e0 la fois, et conteste, \u00e0 juste titre, certains aspects de la \u00ab <em>v\u00e9rit\u00e9 m\u00e9diatique<\/em> \u00bb devenue \u00ab<em> v\u00e9rit\u00e9 historique<\/em> \u00bb(1).<\/span><\/strong><\/p>\n<p>&nbsp;<\/p>\n<p>&nbsp;<\/p>\n<p style=\"text-align: center;\"><img loading=\"lazy\" class=\"alignnone wp-image-3637\" src=\"http:\/\/blog.lesgrossesorchadeslesamplesthalameges.fr\/wp-content\/uploads\/2019\/03\/Karadzic.jpg\" alt=\"\" width=\"600\" height=\"434\" \/><\/p>\n<p style=\"text-align: center;\"><span style=\"font-family: times new roman, times, serif; font-size: 12pt;\"><strong><em>Radovan Karadzic, l\u00e0 o\u00f9 devraient \u00eatre assis tous les \u00ab\u00a0responsables\u00a0\u00bb US en gros et en d\u00e9tail si le TPYI \u00e9tait un vrai tribunal international et non une officine de gangsters<\/em><\/strong><\/span><\/p>\n<p>&nbsp;<\/p>\n<p>&nbsp;<\/p>\n<p style=\"text-align: justify;\"><span style=\"font-family: times new roman, times, serif; font-size: 14pt;\">Ayant servi \u00e0 Sarajevo tr\u00e8s peu de temps avant les faits (hiver 94-95), puis \u00e0 nouveau quatre ans apr\u00e8s (lors de l&rsquo;enqu\u00eate 1999-2000), je suis en mesure de confirmer certains aspects de ce t\u00e9moignage.<\/span><\/p>\n<p>&nbsp;<\/p>\n<p style=\"text-align: justify;\"><span style=\"font-family: times new roman, times, serif; font-size: 14pt;\">Que dit le\u00a0g\u00e9n\u00e9ral Mac Kenzie ? Il donne trois \u00e9l\u00e9ments clefs :<\/span><\/p>\n<p>&nbsp;<\/p>\n<p style=\"text-align: justify;\"><span style=\"font-family: times new roman, times, serif; font-size: 14pt;\">1 &#8211; <strong>Avant le \u00ab <em>massacre<\/em> \u00bb<\/strong>, Naser Ori\u0107, jeune chef bosniaque (musulman) de 25 ans prend, en 1992, le commandement du secteur de Srebrenica. De 1993 jusqu&rsquo;\u00e0 juillet 1995, il entreprend une s\u00e9rie de raids et de massacres dans des dizaines de petits villages serbes autour de la ville pour \u00e9tendre son territoire. Le montant total des pertes inflig\u00e9es aux Serbes est, selon Mac Kenzie, au moins \u00e9gal \u00e0 celui des pertes bosniaques imputables au massacre de Srebrenica et ce sont ces actions bosniaques r\u00e9p\u00e9t\u00e9es et meurtri\u00e8res qui ont suscit\u00e9 la r\u00e9action militaire serbe sur Srebrenica en 1995, r\u00e9action qui a d\u00e9bouch\u00e9 sur un massacre \u00ab <em>de revanche<\/em> \u00bb.<\/span><\/p>\n<p style=\"text-align: justify;\"><span style=\"font-family: times new roman, times, serif; font-size: 14pt;\">Cette partie du t\u00e9moignage de Mac Kenzie est confirm\u00e9e par le g\u00e9n\u00e9ral fran\u00e7ais Morillon lorsqu&rsquo;il d\u00e9clare : \u00ab <em>Dans la nuit du No\u00ebl orthodoxe, nuit sacr\u00e9e de janvier 1993, Naser Ori\u0107 a men\u00e9 des raids sur des villages serbes&#8230; Il y a eu des t\u00eates coup\u00e9es, des massacres abominables commis par les forces de Naser Ori\u0107 dans tous les villages avoisinants<\/em> \u00bb.<\/span><\/p>\n<p style=\"text-align: justify;\"><span style=\"font-family: times new roman, times, serif; font-size: 14pt;\">Elle est confirm\u00e9e par le procureur du TPYI qui d\u00e9clare de son c\u00f4t\u00e9 : \u00ab <em>Naser Ori\u0107 est \u00e0 ce moment-l\u00e0, l&rsquo;autorit\u00e9 r\u00e9gnante et le seigneur de guerre de Srebrenica<\/em> \u00bb\u2026.\u00a0 \u00ab <em>Il devient ivre de pouvoir<\/em> \u00bb et \u00ab <em>ne s&#8217;embarrasse pas de faire respecter les lois et coutumes de la guerre. Ses hommes attaquent, pillent et br\u00fblent une cinquantaine de villages et hameaux serbes des alentours. \u00c0 Kravica et dans d&rsquo;autres villages, Ori\u0107 commande et prend part personnellement \u00e0 ces attaques<\/em> \u00bb, selon son acte d&rsquo;accusation.<\/span><\/p>\n<p style=\"text-align: justify;\"><span style=\"font-family: times new roman, times, serif; font-size: 14pt;\">2 &#8211; <strong>Ce massacre n&rsquo;est pas un g\u00e9nocide.<\/strong> Le g\u00e9n\u00e9ral Mac Kenzie dit que les femmes, les enfants et les vieillards ont \u00e9t\u00e9 \u00e9vacu\u00e9s de la ville de Srebrenica et transport\u00e9s en zone bosniaque avant le pr\u00e9sum\u00e9 massacre. Ceci n&rsquo;\u00e9tait \u00e9videmment pas la pratique de Naser Ori\u0107 lors de ses attaques sur les villages serbes. Mais ce simple fait exclut, selon Mac Kenzie, l&rsquo;utilisation du mot \u00ab <em>g\u00e9nocide<\/em> \u00bb par les forces serbes.<\/span><\/p>\n<p style=\"text-align: justify;\"><span style=\"font-family: times new roman, times, serif; font-size: 14pt;\">3 \u2013 <strong>Un\u00a0 bilan du massacre tr\u00e8s exag\u00e9r\u00e9<\/strong>. Mac Kenzie dit enfin que l&rsquo;expression de \u00ab <em>jusqu&rsquo;\u00e0 8.000 morts<\/em> \u00bb utilis\u00e9e par les m\u00e9dias pour quantifier l&rsquo;ampleur du massacre est fortement exag\u00e9r\u00e9e car elle inclut 5.000 pr\u00e9sum\u00e9s disparus et que 2.000 corps seulement ont \u00e9t\u00e9 retrouv\u00e9s dont beaucoup \u00e9taient imputables aux nombreux combats ayant eu lieu avant le pr\u00e9sum\u00e9 \u00ab <em>massacre<\/em> \u00bb.<\/span><\/p>\n<p style=\"text-align: justify;\"><span style=\"font-family: times new roman, times, serif; font-size: 14pt;\">Je confirme personnellement cette version des faits qui accr\u00e9dite une hypoth\u00e8se beaucoup plus basse de l&rsquo;ampleur du massacre pour une raison simple : j&rsquo;ai suivi, sur le terrain et scrupuleusement, l&rsquo;\u00e9lection d&rsquo;apr\u00e8s-guerre (en 2000) pour la ville de Srebrenica, \u00e9lection supervis\u00e9e par l&rsquo;OSCE. La circonscription de Srebrenica a \u00e9t\u00e9 gagn\u00e9e, \u00e0 une assez forte majorit\u00e9, par les bosniaques musulmans. L&rsquo;ampleur de cette victoire n&rsquo;aurait pas \u00e9t\u00e9 possible si 8.000 \u00e9lecteurs musulmans de la ville avaient \u00e9t\u00e9 vraiment massacr\u00e9s en juillet 1995.<\/span><\/p>\n<p style=\"text-align: justify;\"><span style=\"font-family: times new roman, times, serif; font-size: 14pt;\">Comme l&rsquo;a dit le g\u00e9n\u00e9ral Mac Kenzie, la math\u00e9matique \u00e9l\u00e9mentaire ne colle pas avec l&rsquo;expression m\u00e9diatique \u00ab <em>jusqu&rsquo;\u00e0 8.000<\/em> \u00bb. De nombreux \u00ab <em>pr\u00e9sum\u00e9s disparus<\/em> \u00bb dans le massacre de Srebrenica sont donc \u00ab <em>r\u00e9apparus<\/em> \u00bb pour voter en l&rsquo;an 2000. Ils s&rsquo;\u00e9taient simplement r\u00e9fugi\u00e9s ailleurs le temps du conflit. Les m\u00e9dias occidentaux ont pr\u00e9f\u00e9r\u00e9 ignorer cette petite information pourtant r\u00e9v\u00e9latrice.<\/span><\/p>\n<p style=\"text-align: justify;\"><span style=\"font-family: times new roman, times, serif; font-size: 14pt;\">Mac Kenzie a la caract\u00e9ristique de n&rsquo;\u00eatre ni serbe, ni bosniaque. C&rsquo;est un g\u00e9n\u00e9ral canadien. On ne peut le soup\u00e7onner de partialit\u00e9. Ses propos sur le massacre des villages serbes avant Srebrenica ont d&rsquo;ailleurs \u00e9t\u00e9 confirm\u00e9s par le g\u00e9n\u00e9ral Morillon, g\u00e9n\u00e9ral Fran\u00e7ais, qui l&rsquo;a pr\u00e9c\u00e9d\u00e9 \u00e0 Sarajevo. L&rsquo;auteur des massacres des Serbes Naser Ori\u0107, commandant les forces bosniaques, a mis lui-m\u00eame la main \u00e0 la p\u00e2te et, aux dires de Mac Kenzie, a massacr\u00e9 plus de Serbes dans les villages autour de Srebrenica que Mladic n&rsquo;en a tu\u00e9 dans la ville. Il a \u00e9t\u00e9 condamn\u00e9 \u00e0 deux ans de prison en premi\u00e8re instance et acquitt\u00e9 en appel. Karadzic, qui n&rsquo;a pas particip\u00e9 directement \u00e0 des actions de guerre contre les bosniaques mais \u00e9tait le chef d&rsquo;\u00e9tat de la R\u00e9publique serbe autoproclam\u00e9e de Bosnie, donc responsable des actes de ses subordonn\u00e9s, est condamn\u00e9 \u00e0 la perp\u00e9tuit\u00e9.<\/span><\/p>\n<p style=\"text-align: justify;\"><span style=\"font-family: times new roman, times, serif; font-size: 14pt;\">Comment expliquer ce deux poids, deux-mesures ? La justice est rendue par les vainqueurs. <em>\u00ab\u00a0Vae Victis<\/em>\u00a0\u00bb, malheur aux vaincus. \u00a0\u00a0\u00a0\u00a0\u00a0\u00a0<\/span><\/p>\n<p style=\"text-align: justify;\"><span style=\"font-family: times new roman, times, serif; font-size: 14pt;\">L&rsquo;histoire est \u00e9crite par les vainqueurs. Dans ce cadre, la v\u00e9rit\u00e9 m\u00e9diatique du camp des vainqueurs de \u00ab\u00a0l<em>&lsquo;apr\u00e8s victoire\u00a0\u00bb<\/em> devient \u00ab\u00a0<em>v\u00e9rit\u00e9 historique<\/em>\u00a0\u00bb, si biais\u00e9e soit-elle, si romanc\u00e9e soit-elle, si mensong\u00e8re soit-elle. Elle devient tr\u00e8s vite la seule v\u00e9rit\u00e9 historique \u00ab\u00a0<em>politiquement correcte<\/em>\u00a0\u00bb. Celui qui s&rsquo;\u00e9l\u00e8ve pour la corriger ou\u00a0 la remettre\u00a0 en\u00a0 question\u00a0 est imm\u00e9diatement qualifi\u00e9, au\u00a0 mieux de \u00ab\u00a0<em>r\u00e9visionniste<\/em>\u00a0\u00bb, au pire de \u00ab\u00a0<em>n\u00e9gationniste<\/em>\u00a0\u00bb\u2026<\/span><\/p>\n<p style=\"text-align: justify;\"><span style=\"font-family: times new roman, times, serif; font-size: 14pt;\">Les voix qui s&rsquo;\u00e9l\u00e8vent, comme celles du g\u00e9n\u00e9ral Mac Kenzie, celle du g\u00e9n\u00e9ral Morillon, ou tr\u00e8s modestement la\u00a0mienne, dans le cas de Srebrenica, sont \u00e9touff\u00e9s par le fracas m\u00e9diatique. La v\u00e9rit\u00e9 historique ? Ce sont les m\u00e9dias et les juges du camp des vainqueurs qui l&rsquo;\u00e9crivent et nul t\u00e9moin, pr\u00e9sum\u00e9 impartial, et m\u00eame appartenant au camp des vainqueurs, n&rsquo;est admis \u00e0 faire valoir un constat diff\u00e9rent. C&rsquo;est la vie.\u2026<\/span><\/p>\n<p style=\"text-align: justify;\"><span style=\"font-family: times new roman, times, serif; font-size: 14pt;\">S&rsquo;il fallait pendre tous les vrais criminels de guerre, alors une belle brochette de chefs d&rsquo;\u00c9tat ou de chefs militaires du camp occidental (celui des vainqueurs) auraient \u00e9t\u00e9 pendus depuis la fin de la 2<sup>\u00e8me<\/sup> guerre mondiale, \u00e0 commencer par Hashim Thaci, actuel pr\u00e9sident de la r\u00e9publique du Kosovo, promu \u00e0 cette fonction par les occidentaux, mais trafiquant d&rsquo;organes lors de la guerre du Kosovo. Il utilisait les prisonniers de guerre serbes comme une \u00ab\u00a0<em>banque d&rsquo;organes frais<\/em>\u00a0\u00bb et il faisait ex\u00e9cuter ses prisonniers au fur et \u00e0 mesure des commandes qu&rsquo;il recevait. Et je ne parle \u00e9videmment pas des chefs d&rsquo;\u00c9tat qui d\u00e9clenchent des guerres sous des pr\u00e9textes mensongers et font tuer, par leurs forces arm\u00e9es, des centaines de milliers de personnes en Irak, en Syrie ou ailleurs, qui font l\u00e9galiser ou couvrent la torture ex\u00e9cut\u00e9e par les spadassins de leurs pays, ou encore rendent tristement c\u00e9l\u00e8bres les noms d&rsquo;Abu Graib, de Guantanamo ou de Gaza. Et je n&rsquo;\u00e9voque pas les chefs d&rsquo;\u00c9tat qui font ex\u00e9cuter \u00ab\u00a0<em>le g\u00e9nocide \u00e0 petit feux<\/em>\u00a0\u00bb de la nation palestinienne sur ses terres ancestrales ou couvrent l&rsquo;apartheid et le nettoyage ethnique en Palestine de leur silence coupable.<\/span><\/p>\n<p style=\"text-align: justify;\"><span style=\"font-family: times new roman, times, serif; font-size: 14pt;\">\u00ab\u00a0<em>Selon que vous serez puissant ou mis\u00e9rable, les jugements de cour vous rendront blanc ou noir<\/em>\u00a0\u00bb, disait La Fontaine. C&rsquo;est la vie.\u2026<\/span><\/p>\n<p style=\"text-align: justify;\"><span style=\"font-family: times new roman, times, serif; font-size: 14pt;\">La conclusion de mon propos est la suivante :\u00a0\u00e0 force de nous \u00eatre ass\u00e9n\u00e9e quotidiennement pendant des mois, voire des ann\u00e9es, la v\u00e9rit\u00e9 \u00ab\u00a0<em>m\u00e9diatique\u00a0\u00bb<\/em>\u00a0du camp des vainqueurs devient, souvent \u00e0 tort, la v\u00e9rit\u00e9 \u00ab\u00a0<em>historique<\/em>\u00a0\u00bb.<\/span><\/p>\n<p style=\"text-align: justify;\"><span style=\"font-family: times new roman, times, serif; font-size: 14pt;\">Si certains mensonges sont parfois rapidement \u00e9vent\u00e9s (couveuses du Koweit, Timisoara, armes de destruction massives de Saddam, attaque au gaz de la Goutha), d&rsquo;autres v\u00e9rit\u00e9s d\u00e9rangeantes ne le sont qu&rsquo;apr\u00e8s d\u00e9classification d&rsquo;archives secr\u00e8tes, un demi-si\u00e8cle ou davantage, apr\u00e8s les faits. Encore faut-il que quelqu&rsquo;un ait l&rsquo;id\u00e9e de \u00ab\u00a0<em>tirer sur le fil du mensonge et que tout vienne<\/em>\u2026.\u00a0\u00bb<\/span><\/p>\n<p style=\"text-align: justify;\"><span style=\"font-family: times new roman, times, serif; font-size: 14pt;\">Par ailleurs, dans les jugements rendus en fin de conflit, le camp des perdants paie, \u00e0 faute \u00e9gale, un prix beaucoup plus \u00e9lev\u00e9 que le camp des gagnants qui fournit les juges du tribunal et les r\u00e9mun\u00e8re. C&rsquo;est la vie\u2026&#8230;<\/span><\/p>\n<p style=\"text-align: justify;\"><span style=\"font-family: times new roman, times, serif; font-size: 14pt;\"><strong><em>Dominique Delawarde<\/em><\/strong><\/span><\/p>\n<p>&nbsp;<\/p>\n<p style=\"text-align: left;\"><span style=\"font-family: times new roman, times, serif; font-size: 14pt;\">Source\u00a0: <a href=\"https:\/\/www.iveris.eu\/list\/tribunes_libres\/418-justice_des_vainqueurs_retour_sur_srebrenica_\">https:\/\/www.iveris.eu\/list\/tribunes_libres\/418-justice_des_vainqueurs_retour_sur_srebrenica_<\/a><\/span><\/p>\n<p>&nbsp;<\/p>\n<p><strong>URL de cet article :<\/strong><\/p>\n<p>&nbsp;<\/p>\n<p>&nbsp;<\/p>\n<p style=\"text-align: right;\"><span style=\"font-family: comic sans ms, sans-serif;\">28 mars 2019<\/span><\/p>\n<p>&nbsp;<\/p>\n<p>&nbsp;<\/p>\n","protected":false},"excerpt":{"rendered":"<p>&nbsp; &nbsp; &nbsp; &nbsp; &nbsp; Si vous n\u2019en lisez qu\u2019un, que ce soit celui-l\u00e0\u00a0: \u00a0 Justice des vainqueurs, retour sur Srebrenica &nbsp; G\u00e9n\u00e9ral Dominique Delawarde \u00a0\u2013 Iveris.eu \u2013 Tribune libre \u2013 23.3.2019 &nbsp; &nbsp; &nbsp; &nbsp; Le 20 mars 2019, Radovan Karadzic, a \u00e9t\u00e9 condamn\u00e9 \u00e0 la r\u00e9clusion criminelle \u00e0 perp\u00e9tuit\u00e9. Aucune vraie surprise \u00e0&#8230;<\/p>\n","protected":false},"author":1,"featured_media":0,"parent":0,"menu_order":0,"comment_status":"open","ping_status":"open","template":"","meta":[],"_links":{"self":[{"href":"https:\/\/blog.lesgrossesorchadeslesamplesthalameges.fr\/index.php\/wp-json\/wp\/v2\/pages\/3557"}],"collection":[{"href":"https:\/\/blog.lesgrossesorchadeslesamplesthalameges.fr\/index.php\/wp-json\/wp\/v2\/pages"}],"about":[{"href":"https:\/\/blog.lesgrossesorchadeslesamplesthalameges.fr\/index.php\/wp-json\/wp\/v2\/types\/page"}],"author":[{"embeddable":true,"href":"https:\/\/blog.lesgrossesorchadeslesamplesthalameges.fr\/index.php\/wp-json\/wp\/v2\/users\/1"}],"replies":[{"embeddable":true,"href":"https:\/\/blog.lesgrossesorchadeslesamplesthalameges.fr\/index.php\/wp-json\/wp\/v2\/comments?post=3557"}],"version-history":[{"count":0,"href":"https:\/\/blog.lesgrossesorchadeslesamplesthalameges.fr\/index.php\/wp-json\/wp\/v2\/pages\/3557\/revisions"}],"wp:attachment":[{"href":"https:\/\/blog.lesgrossesorchadeslesamplesthalameges.fr\/index.php\/wp-json\/wp\/v2\/media?parent=3557"}],"curies":[{"name":"wp","href":"https:\/\/api.w.org\/{rel}","templated":true}]}}