{"id":3560,"date":"2019-03-29T23:48:12","date_gmt":"2019-03-29T22:48:12","guid":{"rendered":"http:\/\/blog.lesgrossesorchadeslesamplesthalameges.fr\/?page_id=3560"},"modified":"2019-03-29T23:48:12","modified_gmt":"2019-03-29T22:48:12","slug":"comment-litalie-a-conquis-le-statut-de-grand-pays","status":"publish","type":"page","link":"https:\/\/blog.lesgrossesorchadeslesamplesthalameges.fr\/index.php\/comment-litalie-a-conquis-le-statut-de-grand-pays\/","title":{"rendered":"Comment l&rsquo;Italie a conquis le \u00ab\u00a0statut de grand pays\u00a0\u00bb"},"content":{"rendered":"<h1><\/h1>\n<h1><\/h1>\n<h1><\/h1>\n<h1><\/h1>\n<h1 style=\"text-align: center;\"><\/h1>\n<p>&nbsp;<\/p>\n<p>&nbsp;<\/p>\n<p>&nbsp;<\/p>\n<p>&nbsp;<\/p>\n<p>&nbsp;<\/p>\n<p>&nbsp;<\/p>\n<h1 style=\"text-align: center;\"><span style=\"font-size: 36pt; font-family: times new roman, times, serif;\"><strong>Comment l\u2019Italie a conquis le statut de \u00ab\u00a0grand pays\u00a0\u00bb <\/strong><\/span><\/h1>\n<h1 style=\"text-align: center;\"><span style=\"font-size: 36pt; font-family: times new roman, times, serif;\"><strong>et<\/strong><\/span><\/h1>\n<h1 style=\"text-align: center;\"><span style=\"font-size: 36pt; font-family: times new roman, times, serif;\"><strong>Colloque \u00e0 Florence, le 7 avril<br \/>\n<\/strong><\/span><\/h1>\n<p>&nbsp;<\/p>\n<p style=\"text-align: center;\"><span style=\"font-family: times new roman, times, serif; font-size: 18pt;\"><strong>Manlio Dinucci<\/strong><strong> \u2013 <em>il manifesto<\/em> \u2013 22.3.2019<\/strong><\/span><\/p>\n<p style=\"text-align: center;\"><span style=\"font-family: times new roman, times, serif; font-size: 18pt;\">Traduction\u00a0:<strong> Marie-Ange Patrizio<\/strong><\/span><\/p>\n<p>&nbsp;<\/p>\n<p>&nbsp;<\/p>\n<p style=\"text-align: justify;\"><span style=\"font-family: times new roman, times, serif; font-size: 14pt;\"><strong><span style=\"font-family: tahoma, arial, helvetica, sans-serif;\">Massimo D\u2019Alema est entr\u00e9 dans l\u2019histoire en faisant participer son pays, l\u2019Italie, au crime de l\u2019Otan contre l\u2019ex-Yougoslavie. Le monde \u00e9tait devenu unipolaire et plus personne en Occident ne se souciait de violer le droit international et de mener une guerre contre l\u2019avis du Conseil de s\u00e9curit\u00e9. Le m\u00eame D\u2019Alema est aujourd\u2019hui actif pour la cr\u00e9ation d\u2019une Grande Albanie incluant l\u2019actuel Kosovo.<\/span><\/strong><\/span><\/p>\n<p>&nbsp;<\/p>\n<p>&nbsp;<\/p>\n<p style=\"text-align: center;\"><img loading=\"lazy\" class=\"alignnone wp-image-3642\" src=\"http:\/\/blog.lesgrossesorchadeslesamplesthalameges.fr\/wp-content\/uploads\/2019\/03\/DAlema-Clinton-1-300x225.jpg\" alt=\"\" width=\"600\" height=\"450\" srcset=\"https:\/\/blog.lesgrossesorchadeslesamplesthalameges.fr\/wp-content\/uploads\/2019\/03\/DAlema-Clinton-1-300x225.jpg 300w, https:\/\/blog.lesgrossesorchadeslesamplesthalameges.fr\/wp-content\/uploads\/2019\/03\/DAlema-Clinton-1.jpg 400w\" sizes=\"(max-width: 600px) 100vw, 600px\" \/><\/p>\n<p>&nbsp;<\/p>\n<p>&nbsp;<\/p>\n<p style=\"text-align: justify;\"><span style=\"font-family: times new roman, times, serif; font-size: 14pt;\">Le 24 mars 1999, la s\u00e9ance du S\u00e9nat italien reprend \u00e0 20\u00a0h\u00a035 avec une communication de l\u2019honorable Sergio Mattarella, alors vice-pr\u00e9sident du gouvernement D\u2019Alema (Ulivo, Pdci, Udeur)\u00a0: <em>\u00ab\u00a0Honorables s\u00e9nateurs, comme inform\u00e9 par les agences de presse, \u00e0 18\u00a0h\u00a045 ont commenc\u00e9 les op\u00e9rations de l\u2019Otan\u00a0\u00bb.<\/em><\/span><\/p>\n<p style=\"text-align: justify;\"><span style=\"font-family: times new roman, times, serif; font-size: 14pt;\">\u00c0 ce moment-l\u00e0, les bombes des F-16 du 31\u00e8me escadron US, qui avaient d\u00e9coll\u00e9 d\u2019Aviano (Frioul), ont d\u00e9j\u00e0 frapp\u00e9 Pristina et Belgrade. Et sont en train d\u2019arriver de nouvelles vagues de chasseurs-bombardiers US et alli\u00e9s, partis d\u2019autres bases italiennes.<\/span><\/p>\n<p style=\"text-align: justify;\"><span style=\"font-family: times new roman, times, serif; font-size: 14pt;\">De cette fa\u00e7on, violant la Constitution (articles 11, 78 et 87), l\u2019Italie est entra\u00een\u00e9e dans une guerre, dont le gouvernement informe le Parlement apr\u00e8s les agences de presse, quand d\u00e9sormais elle a commenc\u00e9.<\/span><\/p>\n<p style=\"text-align: justify;\"><span style=\"font-family: times new roman, times, serif; font-size: 14pt;\">Vingt jours avant l\u2019attaque contre la Yougoslavie, Massimo d\u2019Alema \u2014comme il le racontera lui-m\u00eame dans une interview \u00e0 <em>Il Reformista<\/em> (24 mars 2009) \u2013 avait \u00e9t\u00e9 convoqu\u00e9 \u00e0 Washington o\u00f9 le pr\u00e9sident Clinton lui avait propos\u00e9\u00a0: <em>\u00ab\u00a0L\u2019Italie est tellement proche du sc\u00e9nario de guerre que nous ne vous demandons pas de participer aux op\u00e9rations militaires, il suffit que vous mettiez \u00e0 disposition vos bases\u00a0\u00bb.<\/em><\/span><\/p>\n<p style=\"text-align: justify;\"><span style=\"font-family: times new roman, times, serif; font-size: 14pt;\">D\u2019Alema lui avait orgueilleusement r\u00e9pondu\u00a0: <em>\u00ab\u00a0Nous prendrons nos responsabilit\u00e9s \u00e0 \u00e9galit\u00e9 avec les autres pays de l\u2019Alliance\u00a0\u00bb,<\/em> c\u2019est-\u00e0-dire que l\u2019Italie allait mettre \u00e0 disposition non seulement ses bases, mais aussi ses chasseurs-bombardiers pour la guerre contre la Yougoslavie. 54 avions italiens participeront en effet aux bombardements, attaquant les objectifs indiqu\u00e9s par le commandement US.<\/span><\/p>\n<p style=\"text-align: justify;\"><span style=\"font-family: times new roman, times, serif; font-size: 14pt;\"><em>\u00ab\u00a0C\u2019\u00e9tait moralement juste et c\u2019\u00e9tait aussi la fa\u00e7on d\u2019exercer pleinement notre r\u00f4le\u00a0\u00bb,<\/em> explique D\u2019Alema dans l\u2019interview. <em>\u00ab\u00a0Pour le nombre d\u2019avions nous n\u2019avons \u00e9t\u00e9 seconds que par rapport aux USA. L\u2019Italie est un grand pays et on ne doit pas s\u2019\u00e9tonner de l\u2019engagement montr\u00e9 dans cette guerre\u00a0\u00bb,<\/em> avait-il d\u00e9clar\u00e9 en juin 1999 en habit de pr\u00e9sident du Conseil, soulignant que, pour les pilotes, cela avait \u00e9t\u00e9 <em>\u00ab\u00a0une grande exp\u00e9rience humaine et professionnelle\u00a0\u00bb.<\/em><\/span><\/p>\n<p style=\"text-align: justify;\"><span style=\"font-family: times new roman, times, serif; font-size: 14pt;\">L\u2019Italie joue ainsi un r\u00f4le de premi\u00e8re importance dans la guerre contre la Yougoslavie. Ce sont des bases italiennes que d\u00e9colle la plus grande partie des 1.100\u00a0avions qui, en 78\u00a0jours, effectuent 38.000\u00a0sorties, larguant 23.000\u00a0bombes et missiles (beaucoup \u00e0 l\u2019uranium appauvri) sur la Serbie et l\u2019actuel Kosovo.<\/span><\/p>\n<p style=\"text-align: justify;\"><span style=\"font-family: times new roman, times, serif; font-size: 14pt;\">Ainsi est activ\u00e9 et test\u00e9 tout le syst\u00e8me des bases des USA et de l\u2019OTAN en Italie, pr\u00e9parant sa mont\u00e9e en puissance pour les guerres \u00e0 venir. La suivante sera celle contre la Libye en 2011.<\/span><\/p>\n<p style=\"text-align: justify;\"><span style=\"font-family: times new roman, times, serif; font-size: 14pt;\">Alors que la guerre contre la Yougoslavie est encore en cours, le gouvernement D\u2019Alema participe \u00e0 Washington au sommet de l\u2019OTAN des 23-25 avril 1999, qui rend op\u00e9rationnel le <em>Nouveau concept strat\u00e9gique<\/em>\u00a0: l\u2019OTAN est transform\u00e9e en alliance qui engage les pays membres \u00e0 <em>\u00ab\u00a0mener des op\u00e9rations de riposte aux crises non pr\u00e9vues \u00e0 l\u2019article 5, en-dehors du territoire de l\u2019Alliance\u00a0\u00bb.<\/em><\/span><\/p>\n<p style=\"text-align: justify;\"><span style=\"font-family: times new roman, times, serif; font-size: 14pt;\">De l\u00e0 commence l\u2019expansion de l\u2019OTAN \u00e0 l\u2019Est. En vingt ann\u00e9es, apr\u00e8s avoir d\u00e9moli la F\u00e9d\u00e9ration Yougoslave, l\u2019OTAN s\u2019\u00e9tend de 16 \u00e0 29\u00a0\u00c9tats (30 si on englobe maintenant aussi la Mac\u00e9doine), s\u2019\u00e9tendant de plus en plus au bord de la Russie.<\/span><\/p>\n<p style=\"text-align: justify;\"><span style=\"font-family: times new roman, times, serif; font-size: 14pt;\">Aujourd\u2019hui, l\u2019\u00ab\u00a0aire atlantique-nord\u00a0\u00bb s\u2019\u00e9tend jusqu\u2019aux montagnes afghanes. Et les soldats italiens sont l\u00e0-bas, confirmant ce que D\u2019Alema d\u00e9finissait avec orgueil <em>\u00ab\u00a0le nouveau statut de grand pays\u00a0\u00bb, <\/em>conquis par l\u2019Italie il y a vingt ans en participant \u00e0 la destruction d\u2019un pays qui n\u2019avait ni attaqu\u00e9 ni menac\u00e9 l\u2019Italie ou ses alli\u00e9s.<\/span><\/p>\n<p>&nbsp;<\/p>\n<p>&nbsp;<\/p>\n<p style=\"text-align: center;\"><img loading=\"lazy\" class=\"alignnone wp-image-3643\" src=\"http:\/\/blog.lesgrossesorchadeslesamplesthalameges.fr\/wp-content\/uploads\/2019\/03\/NO-GUERRA-NO-NATO-300x168.jpg\" alt=\"\" width=\"600\" height=\"336\" \/><\/p>\n<p>&nbsp;<\/p>\n<p>&nbsp;<\/p>\n<h3 style=\"text-align: left;\"><span style=\"font-size: 18pt;\"><strong><span style=\"font-family: tahoma, arial, helvetica, sans-serif;\">La guerre contre la Yougoslavie sera un des th\u00e8mes du Colloque international sur les 70 ans de l\u2019OTAN<\/span><\/strong><\/span><\/h3>\n<p style=\"text-align: justify;\"><span style=\"font-family: times new roman, times, serif; font-size: 14pt;\">Le th\u00e8me <strong><em>\u00ab\u00a0Yougoslavie\u00a0: il y a 20 ans, la guerre fondatrice de la nouvelle OTAN\u00a0\u00bb<\/em><\/strong> sera trait\u00e9, y compris avec documentation vid\u00e9o, dans le Colloque international <strong><em>\u00ab\u00a0Les 70 ans de l\u2019Otan\u00a0: quel bilan historique\u00a0? Sortir du syst\u00e8me de guerre, maintenant\u00a0\u00bb,<\/em><\/strong> qui se d\u00e9roule dimanche 7 avril \u00e0 Florence (Cinema Teatro Odeon, Piazza Strozzi, 10\u00a0h\u00a015-18\u00a0h). Parmi les autres th\u00e8mes <strong><em>\u00ab\u00a0L\u2019Europe en premi\u00e8re ligne de la confrontation nucl\u00e9aire\u00a0\u00bb.<\/em><\/strong><\/span><\/p>\n<p style=\"text-align: justify;\"><span style=\"font-family: times new roman, times, serif; font-size: 14pt;\"><strong>Intervenants\u00a0:<\/strong> Michel\u00a0Chossudovsky, directeur de <em>Global Research<\/em> (Canada)\u00a0: V. Kozin, expert politico-militaire du Minist\u00e8re des Affaires \u00c9trang\u00e8res (Russie)\u00a0; \u017d. Jovanovi\u0107, pr\u00e9sident du Forum de Belgrade (Serbie)\u00a0; Diana Johnstone, essayiste (USA)\u00a0; Paul Craig Roberts, \u00e9ditorialiste (USA). <em>Parmi les intervenants italiens<\/em>\u00a0: A. Zanotelli, G. Strada, F. Cardini, F. Mini, G. Chiesa, A. Negri, T. Di Francesco, M.\u00a0Dinucci.<\/span><\/p>\n<p style=\"text-align: justify;\"><span style=\"font-family: times new roman, times, serif; font-size: 14pt;\"><strong>Organisateurs\u00a0:<\/strong> Comitato No Guerra No Nato et <em>Global Research<\/em>, avec <em>Pax Christi<\/em>, <em>Comboniani<\/em>, <em>Wilpf<\/em> et autres associations. Pour participer au Colloque (entr\u00e9e libre) communiquer nom et lieu de r\u00e9sidence \u00e0\u00a0:<\/span><\/p>\n<p>&nbsp;<\/p>\n<p style=\"padding-left: 120px;\"><span style=\"font-family: times new roman, times, serif; font-size: 18pt;\"><strong>G. Padovano<\/strong><\/span><\/p>\n<p style=\"text-align: justify; padding-left: 120px;\"><span style=\"font-family: times new roman, times, serif; font-size: 18pt;\">Email <a href=\"mailto:giuseppepadovano.gp@gmail.com\">giuseppepadovano.gp@gmail.com<\/a>\u00a0 \/<\/span><\/p>\n<p style=\"text-align: justify; padding-left: 120px;\"><span style=\"font-family: times new roman, times, serif; font-size: 18pt;\">T\u00e9l. portable. 393 998 3462<\/span><\/p>\n<p style=\"text-align: justify;\"><span style=\"font-family: times new roman, times, serif; font-size: 14pt;\">Source <\/span><br \/>\n<span style=\"font-family: times new roman, times, serif; font-size: 14pt;\"><a href=\"https:\/\/ilmanifesto.it\/litalia-divento-la-base-di-un-conflitto-armato\/\"><em>il manifesto<\/em> du 22 mars 2019<\/a><\/span><\/p>\n<p style=\"text-align: justify;\"><span style=\"font-family: times new roman, times, serif; font-size: 14pt;\">Via\u00a0: <a href=\"https:\/\/www.voltairenet.org\/article205760.html\">https:\/\/www.voltairenet.org\/article205760.html<\/a><\/span><\/p>\n<p>&nbsp;<\/p>\n<p>&nbsp;<\/p>\n<p style=\"text-align: center;\"><img loading=\"lazy\" class=\"alignnone size-full wp-image-3646\" src=\"http:\/\/blog.lesgrossesorchadeslesamplesthalameges.fr\/wp-content\/uploads\/2019\/03\/1.-Aigle-au-chapeau-1.gif\" alt=\"\" width=\"51\" height=\"75\" \/><\/p>\n<p>&nbsp;<\/p>\n<p>&nbsp;<\/p>\n<p style=\"text-align: right;\"><span style=\"font-family: comic sans ms, sans-serif; font-size: 14pt;\">28 mars 2019<\/span><\/p>\n<p>&nbsp;<\/p>\n<p>&nbsp;<\/p>\n<p>&nbsp;<\/p>\n<p>28 mars 2019<\/p>\n","protected":false},"excerpt":{"rendered":"<p>&nbsp; &nbsp; &nbsp; &nbsp; &nbsp; &nbsp; Comment l\u2019Italie a conquis le statut de \u00ab\u00a0grand pays\u00a0\u00bb et Colloque \u00e0 Florence, le 7 avril &nbsp; Manlio Dinucci \u2013 il manifesto \u2013 22.3.2019 Traduction\u00a0: Marie-Ange Patrizio &nbsp; &nbsp; Massimo D\u2019Alema est entr\u00e9 dans l\u2019histoire en faisant participer son pays, l\u2019Italie, au crime de l\u2019Otan contre l\u2019ex-Yougoslavie. Le monde&#8230;<\/p>\n","protected":false},"author":1,"featured_media":0,"parent":0,"menu_order":0,"comment_status":"open","ping_status":"open","template":"","meta":[],"_links":{"self":[{"href":"https:\/\/blog.lesgrossesorchadeslesamplesthalameges.fr\/index.php\/wp-json\/wp\/v2\/pages\/3560"}],"collection":[{"href":"https:\/\/blog.lesgrossesorchadeslesamplesthalameges.fr\/index.php\/wp-json\/wp\/v2\/pages"}],"about":[{"href":"https:\/\/blog.lesgrossesorchadeslesamplesthalameges.fr\/index.php\/wp-json\/wp\/v2\/types\/page"}],"author":[{"embeddable":true,"href":"https:\/\/blog.lesgrossesorchadeslesamplesthalameges.fr\/index.php\/wp-json\/wp\/v2\/users\/1"}],"replies":[{"embeddable":true,"href":"https:\/\/blog.lesgrossesorchadeslesamplesthalameges.fr\/index.php\/wp-json\/wp\/v2\/comments?post=3560"}],"version-history":[{"count":0,"href":"https:\/\/blog.lesgrossesorchadeslesamplesthalameges.fr\/index.php\/wp-json\/wp\/v2\/pages\/3560\/revisions"}],"wp:attachment":[{"href":"https:\/\/blog.lesgrossesorchadeslesamplesthalameges.fr\/index.php\/wp-json\/wp\/v2\/media?parent=3560"}],"curies":[{"name":"wp","href":"https:\/\/api.w.org\/{rel}","templated":true}]}}