{"id":3564,"date":"2019-03-29T23:53:44","date_gmt":"2019-03-29T22:53:44","guid":{"rendered":"http:\/\/blog.lesgrossesorchadeslesamplesthalameges.fr\/?page_id=3564"},"modified":"2019-03-29T23:54:14","modified_gmt":"2019-03-29T22:54:14","slug":"cretinho-pour-de-bon","status":"publish","type":"page","link":"https:\/\/blog.lesgrossesorchadeslesamplesthalameges.fr\/index.php\/cretinho-pour-de-bon\/","title":{"rendered":"Cretinho pour de bon ?"},"content":{"rendered":"<p>&nbsp;<\/p>\n<p>&nbsp;<\/p>\n<p>&nbsp;<\/p>\n<p>&nbsp;<\/p>\n<p>&nbsp;<\/p>\n<p style=\"text-align: center;\"><span style=\"font-family: times new roman, times, serif; font-size: 36pt;\"><strong>Cretinho pour de bon ?<\/strong><\/span><\/p>\n<p>&nbsp;<\/p>\n<p style=\"text-align: center;\"><span style=\"font-family: times new roman, times, serif; font-size: 18pt;\"><strong>Observatus geopoliticus \u2013 <em>Chroniques du Grand jeu<\/em> \u2013 23.3.2019<\/strong><\/span><\/p>\n<p>&nbsp;<\/p>\n<p>&nbsp;<\/p>\n<p style=\"text-align: center;\"><img loading=\"lazy\" class=\"alignnone wp-image-3663\" src=\"http:\/\/blog.lesgrossesorchadeslesamplesthalameges.fr\/wp-content\/uploads\/2019\/03\/Cretinho-1-300x300.jpg\" alt=\"\" width=\"500\" height=\"500\" srcset=\"https:\/\/blog.lesgrossesorchadeslesamplesthalameges.fr\/wp-content\/uploads\/2019\/03\/Cretinho-1-300x300.jpg 300w, https:\/\/blog.lesgrossesorchadeslesamplesthalameges.fr\/wp-content\/uploads\/2019\/03\/Cretinho-1-150x150.jpg 150w, https:\/\/blog.lesgrossesorchadeslesamplesthalameges.fr\/wp-content\/uploads\/2019\/03\/Cretinho-1.jpg 700w\" sizes=\"(max-width: 500px) 100vw, 500px\" \/><\/p>\n<p>&nbsp;<\/p>\n<p>&nbsp;<\/p>\n<p style=\"text-align: justify;\"><span style=\"font-family: times new roman, times, serif; font-size: 14pt;\">Qui pourrait oublier <a href=\"http:\/\/www.chroniquesdugrandjeu.com\/2016\/11\/horreur-enfer-et-damnation.html\">les ondes de choc<\/a> provoqu\u00e9es par l&rsquo;\u00e9lection de Donald Trump \u00e0 la pr\u00e9sidence am\u00e9ricaine en novembre 2016 ?<\/span><\/p>\n<p>&nbsp;<\/p>\n<p style=\"text-align: justify; padding-left: 90px;\"><span style=\"font-family: times new roman, times, serif; font-size: 14pt;\"><em>Le syst\u00e8me imp\u00e9rial est en pleine crise de nerf : banksters, volaille m\u00e9diatique, euronouilles et n\u00e9o-conservateurs sont en \u00e9moi. Ce ne sont que sanglots dans la voix, yeux mouill\u00e9s et regrets \u00e9ternels.<\/em><\/span><\/p>\n<p style=\"text-align: justify; padding-left: 90px;\"><span style=\"font-family: times new roman, times, serif; font-size: 14pt;\"><em>Apr\u00e8s le <\/em><a href=\"http:\/\/www.chroniquesdugrandjeu.com\/2016\/06\/l-empire-tangue.html\"><em>Brexit<\/em><\/a><em>, voil\u00e0 un nouveau coup dur pour l&rsquo;establishment qui nous assurait pourtant que l&rsquo;abominable Donald des neiges n&rsquo;avait aucune chance. <\/em><a href=\"http:\/\/www.zerohedge.com\/news\/2016-11-09\/brexit-vs-us-election-deja-vu-all-over-again\"><em>Comme pour le Brexit<\/em><\/a><em>, comme pour le r\u00e9f\u00e9rendum de 2005&#8230; A l&rsquo;Elys\u00e9e, Flamby n&rsquo;avait pr\u00e9par\u00e9 qu&rsquo;une seule lettre de f\u00e9licitations (pour Clinton !) tandis que la clique am\u00e9ricanisante est sous le <\/em><a href=\"http:\/\/www.lefigaro.fr\/elections-americaines\/2016\/11\/09\/01040-20161109ARTFIG00102-en-allemagne-le-choc-face-au-vote-de-la-colere.php\"><em>choc en Allemagne<\/em><\/a><em>. Quant \u00e0 la <\/em><a href=\"http:\/\/tvmag.lefigaro.fr\/programme-tv\/election-de-donald-trump-larmes-et-stupeur-sur-les-plateaux-de-tele-francais_0453c91a-a668-11e6-9c99-b1f71e963387\/\"><em>bobo\u00eftude m\u00e9diatique<\/em><\/a><em>, n&rsquo;en parlons pas&#8230; Les <\/em><a href=\"https:\/\/www.les-crises.fr\/les-gros-donateurs-de-la-fondation-clinton\/\"><em>soutiens internationaux de Clinton<\/em><\/a><em>, eux, font grise mine et l&rsquo;on imagine ais\u00e9ment les visages tir\u00e9s et soucieux \u00e0 Riyad, Kiev ou Doha.<\/em><\/span><\/p>\n<p>&nbsp;<\/p>\n<p style=\"text-align: justify;\"><span style=\"font-family: times new roman, times, serif; font-size: 14pt;\">En un mot comme en cent :<\/span><\/p>\n<p>&nbsp;<\/p>\n<p>&nbsp;<\/p>\n<p style=\"text-align: center;\"><img loading=\"lazy\" class=\"alignnone wp-image-3664\" src=\"http:\/\/blog.lesgrossesorchadeslesamplesthalameges.fr\/wp-content\/uploads\/2019\/03\/cretinho-2-1-300x99.jpg\" alt=\"\" width=\"750\" height=\"247\" srcset=\"https:\/\/blog.lesgrossesorchadeslesamplesthalameges.fr\/wp-content\/uploads\/2019\/03\/cretinho-2-1-300x99.jpg 300w, https:\/\/blog.lesgrossesorchadeslesamplesthalameges.fr\/wp-content\/uploads\/2019\/03\/cretinho-2-1-768x253.jpg 768w, https:\/\/blog.lesgrossesorchadeslesamplesthalameges.fr\/wp-content\/uploads\/2019\/03\/cretinho-2-1-1024x337.jpg 1024w, https:\/\/blog.lesgrossesorchadeslesamplesthalameges.fr\/wp-content\/uploads\/2019\/03\/cretinho-2-1.jpg 1200w\" sizes=\"(max-width: 750px) 100vw, 750px\" \/><\/p>\n<p>&nbsp;<\/p>\n<p>&nbsp;<\/p>\n<p style=\"text-align: justify;\"><span style=\"font-family: times new roman, times, serif; font-size: 14pt;\">Depuis, bien de l&rsquo;eau a coul\u00e9 sous les ponts. Il \u00e9tait pr\u00e9visible que le <em>Deep State<\/em> ferait tout pour harceler, pressurer et finalement r\u00e9cup\u00e9rer l&rsquo;ind\u00e9licat occupant de la Maison Blanche, et torpiller le possible rapprochement am\u00e9ricano-russe. A plusieurs reprises, nos <em>Chroniques<\/em> se sont demand\u00e9es si le Donald s&rsquo;\u00e9tait couch\u00e9 devant le marais qu&rsquo;il \u00e9tait cens\u00e9 drainer : <a href=\"http:\/\/www.chroniquesdugrandjeu.com\/2017\/02\/marais-micros.html\">d\u00e9mission forc\u00e9e<\/a> de Flynn en f\u00e9vrier 2017, <em>false flag<\/em> chimique de <a href=\"http:\/\/www.chroniquesdugrandjeu.com\/polyphonie-syrienne\">Khan Cheikhoun<\/a> et <a href=\"http:\/\/www.chroniquesdugrandjeu.com\/2017\/04\/ebullition.html\">d\u00e9barquement de Bannon<\/a> en avril 2017, <a href=\"http:\/\/www.chroniquesdugrandjeu.com\/2017\/06\/conflagration.html\">menaces ubuesques et cyniques<\/a> contre Assad en juin 2017, nouveau <em>false flag<\/em> chimique de <a href=\"http:\/\/www.chroniquesdugrandjeu.com\/2018\/04\/false-flag-iii-le-retour.html\">Douma<\/a> et nomination du moustachu <a href=\"http:\/\/www.chroniquesdugrandjeu.com\/2018\/05\/escalade-ou-theatre-d-ombres.html\">n\u00e9o-con Bolton<\/a> en avril 2018, retrait de l&rsquo;accord sur le nucl\u00e9aire iranien et <a href=\"http:\/\/www.chroniquesdugrandjeu.com\/2018\/05\/un-pont-des-missiles-un-massacre-et-une-defaite-americano-iranienne.html\">transfert de l&rsquo;ambassade US<\/a> \u00e0 J\u00e9rusalem en mai 2018, <a href=\"http:\/\/www.chroniquesdugrandjeu.com\/2018\/12\/crimee-et-chatiment.html\">soumission \u00e0 la junte ukrano-am\u00e9ricaine<\/a> lors de l&rsquo;incident de Kertch en d\u00e9cembre 2018, <a href=\"http:\/\/www.chroniquesdugrandjeu.com\/2019\/01\/peleas-a-caracas.html\">tentative flagrante de putsch<\/a> au Venezuela depuis janvier 2019, <a href=\"http:\/\/www.chroniquesdugrandjeu.com\/2019\/01\/l-empire-contre-attaque.html\">attaques r\u00e9p\u00e9t\u00e9es<\/a> contre le <em>Nord Stream II<\/em>, multiplications des sanctions contre \u00e0 peu pr\u00e8s tout le monde&#8230; Ca fait beaucoup.<\/span><\/p>\n<p style=\"text-align: justify;\"><span style=\"font-family: times new roman, times, serif; font-size: 14pt;\">Et pourtant, subsistait toujours un doute. Le Donald faisait de la r\u00e9sistance, par exemple en rencontrant (se soumettant \u00e0, selon le syst\u00e8me imp\u00e9rial) Poutine par deux fois (<a href=\"http:\/\/www.chroniquesdugrandjeu.com\/une-rencontre\">juillet 2017<\/a> et <a href=\"http:\/\/www.chroniquesdugrandjeu.com\/rencontre-panique\">juillet 2018<\/a>), en insistant plusieurs fois sur <a href=\"http:\/\/www.chroniquesdugrandjeu.com\/2018\/12\/syrixit-ou-le-donald-dans-ses-oeuvres.html\">un retrait am\u00e9ricain<\/a> de Syrie, ou encore en critiquant sans gants l&rsquo;OTAN et l&rsquo;UE.<\/span><\/p>\n<p style=\"text-align: justify;\"><span style=\"font-family: times new roman, times, serif; font-size: 14pt;\">Faut-il parler au pass\u00e9 de ce regimbement contre l&rsquo;Etat profond ? Creinho a-t-il d\u00e9finitivement remplac\u00e9 Donaldinho ? L&rsquo;\u00e9volution r\u00e9cente pousse en ce sens. Trump semble une nouvelle fois (une fois de trop ?) avoir flanch\u00e9 en renon\u00e7ant au retrait syrien. Certaines rumeurs pr\u00e9tendent qu&rsquo;<a href=\"https:\/\/www.wsj.com\/articles\/u-s-military-now-preparing-to-leave-as-many-as-1-000-troops-in-syria-11552853378?shareToken=st11375f0530fe42ce967203ce57cf9bd3\">un millier de soldats US<\/a> (la moiti\u00e9 du contingent actuel) resterait dans les zones reprises par les Kurdes \u00e0 Daech dans l&rsquo;Est du pays, toujours dans l&rsquo;optique de couper l&rsquo;axe chiite, <a href=\"http:\/\/www.chroniquesdugrandjeu.com\/2018\/12\/le-conflit-syrien-pour-les-nuls.html\">objectif principal<\/a> de l&#8217;empire au Moyen-Orient. A noter tout de m\u00eame que le g\u00e9n\u00e9ral Dunford, chef d&rsquo;\u00e9tat-major des arm\u00e9es, <a href=\"https:\/\/edition.cnn.com\/2019\/03\/17\/politics\/syria-us-troop-level\/index.html\">a r\u00e9fut\u00e9<\/a> le chiffre, d\u00e9clarant qu&rsquo;il n&rsquo;y avait \u00ab\u00a0aucun changement au plan annonc\u00e9 en f\u00e9vrier\u00a0\u00bb et que les militaires continuaient \u00ab\u00a0\u00e0 mettre en \u0153uvre le plan du pr\u00e9sident pour n&rsquo;y laisser qu&rsquo;une pr\u00e9sence r\u00e9siduelle\u00a0\u00bb. R\u00e9siduelle, certes, mais pas absente comme il \u00e9tait pr\u00e9vu initialement. Et le <a href=\"https:\/\/www.rt.com\/news\/453849-white-helmets-usa-funding\/\">renouvellement de l&rsquo;aide financi\u00e8re<\/a> aux in\u00e9narrables Casques blancs, \u00ab\u00a0h\u00e9ro\u00efques\u00a0\u00bb selon la terminologie orwellienne de Washington, pourrait indiquer un prochain <em>false flag<\/em> chimique. Douce co\u00efncidence, ils ont souvent lieu en avril&#8230;<\/span><\/p>\n<p style=\"text-align: justify;\"><span style=\"font-family: times new roman, times, serif; font-size: 14pt;\">La reconnaissance du plateau du Golan comme faisant partie d&rsquo;Isra\u00ebl n&rsquo;est pas trumpienne en soi et le Congr\u00e8s planche d\u00e9j\u00e0 sur la question depuis quelques mois. La chose peut d&rsquo;ailleurs \u00eatre vue sous deux angles diff\u00e9rents : <em>On continue \u00e0 rogner l&rsquo;arc chiite en restant en Syrie et on vous donne en plus le Golan<\/em> ou, au contraire, <em>Prenez le Golan en compensation de notre retrait de la r\u00e9gion<\/em>. Toujours est-il que, si cette annonce a \u00e9videmment \u00e9t\u00e9 re\u00e7ue avec contentement \u00e0 Tel Aviv, elle a <a href=\"https:\/\/www.theguardian.com\/world\/2019\/mar\/22\/trump-provokes-global-anger-by-recognising-israels-claim-to-golan-heights\">provoqu\u00e9 un toll\u00e9<\/a> partout ailleurs : Russie, Iran, Chine, Turquie, <a href=\"https:\/\/iranian.com\/2019\/03\/21\/tulsi-gabbard-slams-trumps-endorsement-of-israeli-sovereignty-over-golan-heights\/\">Tulsi<\/a>, euronouilles etc., tous s&rsquo;opposent \u00e0 cette <a href=\"https:\/\/indianpunchline.com\/trumps-golan-move-shows-us-contempt-for-international-law-and-rules-based-order\/\">d\u00e9cision ill\u00e9gale<\/a> et dangereuse. Les justifications d\u00e9lirantes qui accompagnent l&rsquo;oukase de Washington &#8211; <em>Dieu a envoy\u00e9 Trump pour sauver Isra\u00ebl de l&rsquo;Iran<\/em>, <a href=\"https:\/\/www.bbc.com\/news\/world-us-canada-47670717\">dixit Pompeo<\/a> &#8211; est repr\u00e9sentative des visions eschatologiques des grands empires finissants \u00e0 travers l&rsquo;histoire.<\/span><\/p>\n<p style=\"text-align: justify;\"><span style=\"font-family: times new roman, times, serif; font-size: 14pt;\">Puisque l&rsquo;on parle de d\u00e9lire, la tragi-comique visite de Bolsonaro aux Etats-Unis figure \u00e9galement en bonne place. <a href=\"https:\/\/www.infobae.com\/america\/mundo\/2019\/03\/18\/jair-bolsonaro-visito-la-sede-de-la-cia\/\">Excursion surprise<\/a> au QG de la CIA, <a href=\"https:\/\/www.reuters.com\/article\/us-usa-brazil\/brazils-president-bolsonaro-visits-cia-during-washington-trip-idUSKCN1QZ1T0\">d\u00e9clarations infantiles<\/a> du neuneu Ministre de l&rsquo;\u00e9conomie (\u00ab\u00a0We love Disneyland and Coca Cola\u00a0\u00bb) et surtout, proposition du Donald d&rsquo;int\u00e9grer le Br\u00e9sil dans l&rsquo;OTAN ! Pour celui qui, il y a deux ans, pensait s\u00e9rieusement mettre fin \u00e0 l&rsquo;Alliance atlantique, quel retournement de veste&#8230; Il y a peu de chance que ce sc\u00e9nario <a href=\"http:\/\/www.opex360.com\/2019\/03\/20\/le-president-trump-envisage-ladhesion-du-bresil-a-lotan\/\">illusoire<\/a>, d&rsquo;ailleurs imm\u00e9diatement <a href=\"http:\/\/www.lefigaro.fr\/flash-actu\/bresil-dans-l-otan-la-france-retoque-la-suggestion-de-trump-20190320\">remis en cause<\/a> par les euronouilles (<em>il n&rsquo;y a que nous, les Europ\u00e9ens, qui pouvons \u00eatre vos vassaux au sein de l&rsquo;OTAN<\/em>), aboutisse. En sus des raisons d\u00e9j\u00e0 invoqu\u00e9es, il ne prendra pas parmi l&rsquo;establishment militaire br\u00e9silien, <a href=\"http:\/\/www.politika.cl\/2019\/03\/20\/la-genuflexion-de-bolsonaro-ante-trump-disgusto-a-militares-brasilenos\/\">passablement \u00e9nerv\u00e9<\/a> par les g\u00e9nuflexions de Bolsonaro devant l&#8217;empire et inquiet de l&rsquo;utilisation du Br\u00e9sil comme base arri\u00e8re d&rsquo;une \u00e9ventuelle intervention au Venezuela.<\/span><\/p>\n<p style=\"text-align: justify;\"><span style=\"font-family: times new roman, times, serif; font-size: 14pt;\">Puisque nous en parlons, des bruits font <a href=\"https:\/\/www.militarytimes.com\/news\/your-military\/2019\/03\/15\/there-are-mounting-signs-of-military-planning-for-venezuela\/?utm_source=twitter.com&amp;utm_campaign=Socialflow+MAR&amp;utm_medium=social\">de plus en plus \u00e9tat<\/a> d&rsquo;une possible op\u00e9ration militaire am\u00e9ricaine contre Maduro. Si tel est le cas, ce qui reste quand m\u00eame \u00e0 v\u00e9rifier, les Follamours du Potomac sont-ils tout \u00e0 fait s\u00e9rieux ? Veulent-ils r\u00e9ellement engager l&#8217;empire d\u00e9clinant dans un \u00e9ni\u00e8me bourbier ? Rien n&rsquo;est moins s\u00fbr, mais le fait m\u00eame que l&rsquo;on \u00e9voque la possibilit\u00e9 en dit long sur la mue d&rsquo;un pr\u00e9sident qui s&rsquo;\u00e9tait fait \u00e9lire sur un programme d\u00e9non\u00e7ant les co\u00fbteuses et path\u00e9tiques guerres de Washington. Les z\u00e9lotes imp\u00e9riaux de la guerre froide contre Moscou <a href=\"https:\/\/www.thenation.com\/article\/the-cold-war-ides-of-march\/\">se portent \u00e0 merveille<\/a> et claironnent sur tous les toits leur d\u00e9sir d&rsquo;en d\u00e9coudre, tandis que des pans entiers de l&rsquo;\u00e9lectorat du Donald, \u00e9chauff\u00e9s par ses multiples trahisons, int\u00e9rieures comme internationales, <a href=\"https:\/\/russia-insider.com\/en\/alt-right-declares-war-trump-betrayal-immigration-opposes-reelection\/ri26622\">se d\u00e9tournent de lui<\/a>.<\/span><\/p>\n<p style=\"text-align: justify;\"><span style=\"font-family: times new roman, times, serif; font-size: 14pt;\">On en saura plus tr\u00e8s bient\u00f4t, alors que le point final a \u00e9t\u00e9 mis au rapport Mueller, cens\u00e9 enqu\u00eater sur la suppos\u00e9e collusion entre Trump et Moscou. Rien ne dit qu&rsquo;il sera rendu public, mais il a \u00e9t\u00e9 <a href=\"https:\/\/www.la-croix.com\/Monde\/Washington-retient-souffle-attente-rapport-Mueller-2019-03-23-1301010913\">remis \u00e0 la justice<\/a> et ses principales conclusions le seront sans doute au Congr\u00e8s ces prochaines heures. L&rsquo;absence de r\u00e9v\u00e9lations fracassantes ou d&rsquo;inculpations serait un coup \u00e9norme port\u00e9 au <em>Deep State<\/em> qui, depuis deux ans, pourrit la pr\u00e9sidence du Donald, peut-\u00eatre ainsi oblig\u00e9 de donner des gages guerriers \u00e0 son adversaire. Verra-t-on alors un nouveau retournement de veste de la Houppette blonde, revenant aux sentiments relativement pacifistes qui l&rsquo;habitaient \u00e0 ses d\u00e9buts ? Les jours prochains nous en diront plus&#8230;<\/span><\/p>\n<p>&nbsp;<\/p>\n<p style=\"text-align: left;\"><span style=\"font-family: times new roman, times, serif; font-size: 14pt;\">Source\u00a0: <a href=\"http:\/\/www.chroniquesdugrandjeu.com\/2019\/03\/cretinho-pour-de-bon.html?utm_source=_ob_email&amp;utm_medium=_ob_notification&amp;utm_campaign=_ob_pushmail\">http:\/\/www.chroniquesdugrandjeu.com\/2019\/03\/cretinho-pour-de-bon.html?utm_source=_ob_email&amp;utm_medium=_ob_notification&amp;utm_campaign=_ob_pushmail<\/a><\/span><\/p>\n<p>&nbsp;<\/p>\n<p><span style=\"font-family: times new roman, times, serif; font-size: 14pt;\">URL de cet article : <\/span><\/p>\n<p>&nbsp;<\/p>\n<p style=\"text-align: right;\"><span style=\"font-family: comic sans ms, sans-serif; font-size: 14pt;\">28 mars 2019<\/span><\/p>\n<p>&nbsp;<\/p>\n<p>&nbsp;<\/p>\n<p>&nbsp;<\/p>\n","protected":false},"excerpt":{"rendered":"<p>&nbsp; &nbsp; &nbsp; &nbsp; &nbsp; Cretinho pour de bon ? &nbsp; Observatus geopoliticus \u2013 Chroniques du Grand jeu \u2013 23.3.2019 &nbsp; &nbsp; &nbsp; &nbsp; Qui pourrait oublier les ondes de choc provoqu\u00e9es par l&rsquo;\u00e9lection de Donald Trump \u00e0 la pr\u00e9sidence am\u00e9ricaine en novembre 2016 ? &nbsp; Le syst\u00e8me imp\u00e9rial est en pleine crise de nerf&#8230;<\/p>\n","protected":false},"author":1,"featured_media":0,"parent":0,"menu_order":0,"comment_status":"open","ping_status":"open","template":"","meta":[],"_links":{"self":[{"href":"https:\/\/blog.lesgrossesorchadeslesamplesthalameges.fr\/index.php\/wp-json\/wp\/v2\/pages\/3564"}],"collection":[{"href":"https:\/\/blog.lesgrossesorchadeslesamplesthalameges.fr\/index.php\/wp-json\/wp\/v2\/pages"}],"about":[{"href":"https:\/\/blog.lesgrossesorchadeslesamplesthalameges.fr\/index.php\/wp-json\/wp\/v2\/types\/page"}],"author":[{"embeddable":true,"href":"https:\/\/blog.lesgrossesorchadeslesamplesthalameges.fr\/index.php\/wp-json\/wp\/v2\/users\/1"}],"replies":[{"embeddable":true,"href":"https:\/\/blog.lesgrossesorchadeslesamplesthalameges.fr\/index.php\/wp-json\/wp\/v2\/comments?post=3564"}],"version-history":[{"count":0,"href":"https:\/\/blog.lesgrossesorchadeslesamplesthalameges.fr\/index.php\/wp-json\/wp\/v2\/pages\/3564\/revisions"}],"wp:attachment":[{"href":"https:\/\/blog.lesgrossesorchadeslesamplesthalameges.fr\/index.php\/wp-json\/wp\/v2\/media?parent=3564"}],"curies":[{"name":"wp","href":"https:\/\/api.w.org\/{rel}","templated":true}]}}