{"id":3567,"date":"2019-03-29T23:59:07","date_gmt":"2019-03-29T22:59:07","guid":{"rendered":"http:\/\/blog.lesgrossesorchadeslesamplesthalameges.fr\/?page_id=3567"},"modified":"2019-03-29T23:59:07","modified_gmt":"2019-03-29T22:59:07","slug":"la-russie-trace-une-ligne-rouge-devant-les-usa-au-venezuela","status":"publish","type":"page","link":"https:\/\/blog.lesgrossesorchadeslesamplesthalameges.fr\/index.php\/la-russie-trace-une-ligne-rouge-devant-les-usa-au-venezuela\/","title":{"rendered":"La Russie trace une ligne rouge devant les USA au Venezuela"},"content":{"rendered":"<p>&nbsp;<\/p>\n<p>&nbsp;<\/p>\n<p>&nbsp;<\/p>\n<p>&nbsp;<\/p>\n<p>&nbsp;<\/p>\n<p style=\"text-align: justify;\"><span style=\"font-family: times new roman, times, serif; font-size: 18pt; color: #c00000;\"><strong><em>Il n\u2019y avait pas que les Chinois, \u00e0 Rome, cette semaine<\/em><\/strong><\/span><\/p>\n<p style=\"text-align: justify;\"><span style=\"font-family: times new roman, times, serif; font-size: 14pt;\"><strong><em>\u00a0<\/em><\/strong><\/span><\/p>\n<p style=\"text-align: center;\"><span style=\"font-family: times new roman, times, serif; font-size: 36pt;\"><strong>La Russie trace une ligne rouge devant les USA au Venezuela<\/strong><\/span><\/p>\n<p>&nbsp;<\/p>\n<p style=\"text-align: center;\"><span style=\"font-family: times new roman, times, serif; font-size: 14pt;\"><a href=\"http:\/\/theduran.com\/author\/finian-cunningham\/\"><strong><span style=\"font-size: 18pt;\">Finian Cunningham<\/span><\/strong><\/a><span style=\"font-size: 18pt;\"><strong> \u2013 <em>TheDuran<\/em> \u2013<\/strong><strong>24 mars 2019<\/strong><\/span><\/span><\/p>\n<p>&nbsp;<\/p>\n<p style=\"text-align: justify;\"><span style=\"font-size: 18pt;\"><em><span style=\"font-family: times new roman, times, serif;\"><strong>\u00ab\u00a0L\u2019usage de la force politique est exclue. L\u2019usage de la force militaire est hors de question. Respectez les lois internationales et la souverainet\u00e9 du Venezuela.\u00a0\u00bb<\/strong><\/span><\/em><\/span><\/p>\n<p>&nbsp;<\/p>\n<p>&nbsp;<\/p>\n<p style=\"text-align: center;\"><img loading=\"lazy\" class=\"alignnone wp-image-3692\" src=\"http:\/\/blog.lesgrossesorchadeslesamplesthalameges.fr\/wp-content\/uploads\/2019\/03\/Poutine-Maduro-1-300x179.jpg\" alt=\"\" width=\"600\" height=\"358\" srcset=\"https:\/\/blog.lesgrossesorchadeslesamplesthalameges.fr\/wp-content\/uploads\/2019\/03\/Poutine-Maduro-1-300x179.jpg 300w, https:\/\/blog.lesgrossesorchadeslesamplesthalameges.fr\/wp-content\/uploads\/2019\/03\/Poutine-Maduro-1.jpg 591w\" sizes=\"(max-width: 600px) 100vw, 600px\" \/><\/p>\n<p>&nbsp;<\/p>\n<p style=\"text-align: justify;\"><span style=\"font-family: times new roman, times, serif; font-size: 14pt;\">.<\/span><\/p>\n<p style=\"text-align: justify;\"><span style=\"font-family: tahoma, arial, helvetica, sans-serif; font-size: 14pt;\"><strong>Lors d\u2019une rencontre au plus haut niveau, \u00e0 Rome, cette semaine, il semble que la Russie ait r\u00e9it\u00e9r\u00e9 une s\u00e9v\u00e8re mise en garde \u00e0 Washington\u00a0: Moscou ne tol\u00e9rera pas une intervention militaire am\u00e9ricaine pour renverser le gouvernement v\u00e9n\u00e9zu\u00e9lien, qui est son alli\u00e9.<\/strong><\/span><\/p>\n<p style=\"text-align: justify;\"><span style=\"font-family: times new roman, times, serif; font-size: 14pt;\"><strong>\u00a0<\/strong><\/span><\/p>\n<p style=\"text-align: justify;\"><span style=\"font-family: times new roman, times, serif; font-size: 14pt;\">Pendant ce temps-l\u00e0,\u00a0 \u00e0 Washington D.C., le pr\u00e9sident Donald Trump s\u2019est <a href=\"https:\/\/www.france24.com\/en\/20190320-trump-reaffirms-us-considering-all-options-venezuela\">\u00e0 nouveau vant\u00e9<\/a> de ce que l\u2019option militaire \u00e9tait toujours sur la table, au cours de la conf\u00e9rence de presse qu\u2019il a donn\u00e9e avec son homologue br\u00e9silien Jair Bolsonaro. Soit Trump bluffait, soit il n\u2019\u00e9tait pas encore au courant de l\u2019ultimatum russe.<\/span><\/p>\n<p style=\"text-align: justify;\"><span style=\"font-family: times new roman, times, serif; font-size: 14pt;\">La <a href=\"https:\/\/www.reuters.com\/article\/us-venezuela-politics-usa-russia\/u-s-russia-talks-on-venezuela-stall-over-role-of-maduro-idUSKCN1R022B\">rencontre<\/a>, dans la capitale italienne, entre l\u2019\u00ab\u00a0envoy\u00e9 sp\u00e9cial\u00a0\u00bb sur les affaires v\u00e9n\u00e9zu\u00e9liennes, Elliott Abrams, et le vice-ministre russe des Affaires \u00e9trang\u00e8res, Sergue\u00ef Ryabkov a m\u00eame eu un vague air d\u2019urgence dans les pr\u00e9paratifs. Le d\u00e9partement d\u2019\u00c9tat US n\u2019a annonc\u00e9 le t\u00eate-\u00e0-t\u00eate que trois jours avant qu\u2019il ait lieu. Les deux hauts fonctionnaires ont \u00e9galement tenu leurs deux heures de discussions dans un h\u00f4tel de Rome, ce qui indique assez un arrangement ad hoc.<\/span><\/p>\n<p style=\"text-align: justify;\"><span style=\"font-family: times new roman, times, serif; font-size: 14pt;\">Abrams n\u2019est pas un diplomate ordinaire. C\u2019est un sp\u00e9cialiste des changements de r\u00e9gime, avec un palmar\u00e8s criminel particuli\u00e8rement riche en patronage d\u2019op\u00e9rations terroristes, dont \u00a0la tristement c\u00e9l\u00e8bre affaire Iran-Contra qui avait eu pour but de d\u00e9stabiliser le Nicaragua, dans les ann\u00e9es 1980. Sa nomination par le pr\u00e9sident Trump sur le \u00ab\u00a0dossier Venezuela\u00a0\u00bb ne fait que souligner \u00e0 quel point Washington veut s\u00e9rieusement changer le r\u00e9gime \u00e0 Caracas. Savoir s\u2019il y arrivera ou non est une tout autre affaire.<\/span><\/p>\n<p style=\"text-align: justify;\"><span style=\"font-family: times new roman, times, serif; font-size: 14pt;\">L\u2019interlocuteur moscovite, Sergue\u00ef Ryabkov est connu pour ne pas m\u00e2cher ses mots et pour avoir nagu\u00e8re tanc\u00e9 Washington sur sa volont\u00e9 de rechercher une domination militaire de la plan\u00e8te. Il appelle un chat un chat et, on s\u2019en doute, un criminel un criminel.<\/span><\/p>\n<p style=\"text-align: justify;\"><span style=\"font-family: times new roman, times, serif; font-size: 14pt;\">La rencontre de cette semaine \u00e0 Rome a \u00e9t\u00e9 qualifi\u00e9e de \u00ab\u00a0franche\u00a0\u00bb et de \u00ab\u00a0s\u00e9rieuse\u00a0\u00bb, ce qui est la fa\u00e7on diplomatique de parler d\u2019un \u00e9change bouillant. Le moment \u00e9tait bien choisi, les enjeux \u00e9tant \u00e9lev\u00e9s, juste apr\u00e8s que le Venezuela venait d\u2019\u00eatre plong\u00e9 dans des pannes massives d\u2019\u00e9lectricit\u00e9, que beaucoup d\u2019observateurs, le Kremlin inclus, ont attribu\u00e9 \u00e0 des sabotages US. Les coupures de courant avaient suivi de peu par une mise en sc\u00e8ne avort\u00e9e de provocation de l\u2019arm\u00e9e v\u00e9n\u00e9zu\u00e9lienne, au moyen de livraisons d\u2019\u00ab\u00a0aide humanitaire\u00a0\u00bb en provenance de la Colombie voisine.<\/span><\/p>\n<p style=\"text-align: justify;\"><span style=\"font-family: times new roman, times, serif; font-size: 14pt;\">Le fait que les efforts de Washington pour renverser le pr\u00e9sident \u00e9lu Nicolas Maduro aient \u00e9chou\u00e9 jusqu\u2019ici, pourrait laisser penser que les Am\u00e9ricains intensifient leur campagne de d\u00e9stabilisation du pays, avec l\u2019objectif d\u2019installer l\u2019opposant soutenu par les USA, Juan Guaido. Il s\u2019est autoproclame \u00ab\u00a0pr\u00e9sident en exercice\u00a0\u00bb en janvier, avec l\u2019imprimatur de Washington.<\/span><\/p>\n<p style=\"text-align: justify;\"><span style=\"font-family: times new roman, times, serif; font-size: 14pt;\">\u00c9tant donn\u00e9 que les coupures de courant \u00e0 l\u2019\u00e9chelle nationale n\u2019ont pas r\u00e9ussi non plus \u00e0 fomenter une r\u00e9volte de la population civile ni de l\u2019arm\u00e9e contre Maduro, la nouvelle option qui tenterait Washington pourrait \u00eatre l\u2019option militaire.<\/span><\/p>\n<p style=\"text-align: justify;\"><span style=\"font-family: times new roman, times, serif; font-size: 14pt;\">Il semble en tout cas significatif que Washington ait r\u00e9cemment \u00e9vacu\u00e9, du pays sud-am\u00e9ricain, ce qu\u2019il y restait de ses diplomates. Le secr\u00e9taire d\u2019\u00c9tat US Mike Pompeo a comment\u00e9 cette \u00e9vacuation en disant qu\u2019avoir du personnel sur le terrain \u00ab\u00a0limitait\u00a0\u00bb le champ d\u2019action de Washington. <a href=\"https:\/\/www.cnbc.com\/2019\/03\/15\/american-airlines-suspends-flights-to-venezuela-amid-unrest.html\">Selon certaines informations,<\/a> les American Airlines ont interrompu la semaine derni\u00e8re toutes leurs activit\u00e9s au Venezuela. Autre signe que les USA semblent envisager une intervention militaire, soit directement, soit en armant secr\u00e8tement des mercenaires locaux. Cette derni\u00e8re solution rel\u00e8ve certainement du domaine d\u2019Abrams.<\/span><\/p>\n<p style=\"text-align: justify;\"><span style=\"font-family: times new roman, times, serif; font-size: 14pt;\">Apr\u00e8s la rencontre de Rome, Ryabkov a d\u00e9clar\u00e9 sans prendre de gants : \u00ab\u00a0Nous voulons croire que Washington prend nos priorit\u00e9s au s\u00e9rieux, \u00a0tout comme notre approche et nos avertissements\u00a0\u00bb.<\/span><\/p>\n<p style=\"text-align: justify;\"><span style=\"font-family: times new roman, times, serif; font-size: 14pt;\">Une des mises en garde formul\u00e9es par Ryabkov semble bien avoir \u00e9t\u00e9 qu\u2019aucune intervention militaire au Venezuela ne sera tol\u00e9r\u00e9e par Moscou.<\/span><\/p>\n<p style=\"text-align: justify;\"><span style=\"font-family: times new roman, times, serif; font-size: 14pt;\">Abrams, pour sa part, en sortant de la rencontre, avait l\u2019air de quelqu\u2019un qui a re\u00e7u une r\u00e9primande s\u00e9v\u00e8re. \u00ab\u00a0Non, nous ne sommes pas arriv\u00e9s \u00e0 une entente, mais je pense que les discussions ont \u00e9t\u00e9 positives, en ce sens que les deux parties en sont sorties avec une meilleure compr\u00e9hension des points de vue de l\u2019autre\u00a0\u00bb, a-t-il d\u00e9clar\u00e9 aux reporters.<\/span><\/p>\n<p style=\"text-align: justify;\"><span style=\"font-family: times new roman, times, serif; font-size: 14pt;\">\u00ab\u00a0Une meilleure compr\u00e9hension des points de vue de l\u2019autre\u00a0\u00bb signifie que Washington a vu tracer devant ses pieds une ligne rouge \u00e0 ne pas d\u00e9passer&gt;.<\/span><\/p>\n<p style=\"text-align: justify;\"><span style=\"font-family: times new roman, times, serif; font-size: 14pt;\">L\u2019arrogance des Am\u00e9ricains est confondantes. Si on en croit <a href=\"https:\/\/www.voanews.com\/a\/us-russia-talks-on-venezuela-stall-over-role-of-maduro\/4838480.html\">les \u00e9ditoriaux de presse US<\/a>, Abrams semble s\u2019\u00eatre envol\u00e9 pour Rome dans l\u2019id\u00e9e de trouver, avec Ryabkov, une \u00ab\u00a0transition\u00a0\u00bb ou un \u00ab\u00a0compromis\u00a0\u00bb quant \u00e0 celui qui garderait le titre de\u00a0pr\u00e9sident du Venezuela.<\/span><\/p>\n<p style=\"text-align: justify;\"><span style=\"font-family: times new roman, times, serif; font-size: 14pt;\">C\u2019est sans aucun doute ce qu\u2019il voulait dire, quand il a d\u00e9clar\u00e9, apr\u00e8s la rencontre, qu\u2019il n\u2019y a pas eu \u00ab\u00a0convergence de vues\u00a0\u00bb, mais qu\u2019il a \u00ab\u00a0une meilleure compr\u00e9hension\u00a0\u00bb de la position russe.<\/span><\/p>\n<p style=\"text-align: justify;\"><span style=\"font-family: times new roman, times, serif; font-size: 14pt;\">La tactique de Washington est un <em>remake<\/em> de la Syrie. Tout au long des huit ans de la guerre dans ce pays, les USA n\u2019ont jamais cess\u00e9 de prof\u00e9rer des exigences sur une \u00ab\u00a0transition politique\u00a0\u00bb qui verrait \u00e0 la fin le pr\u00e9sident Bachar al-Assad d\u00e9missionner sa fonction. \u00c0 l\u2019oppos\u00e9,\u00a0 la position invariable de la Russie a toujours \u00e9t\u00e9\u00a0 qu\u2019il n\u2019appartient \u00e0 aucun pouvoir ext\u00e9rieur de d\u00e9cider de la politique syrienne. C\u2019est une affaire de souverainet\u00e9\u00a0: le peuple syrien doit se d\u00e9terminer de fa\u00e7on ind\u00e9pendante.<\/span><\/p>\n<p style=\"text-align: justify;\"><span style=\"font-family: times new roman, times, serif; font-size: 14pt;\">Presque trois ans apr\u00e8s que la Russie soit intervenue militairement en Syrie pour sauver le pays arabe d\u2019une guerre clandestine soutenue par les \u00c9tats \u2013Unis pour en changer le r\u00e9gime, la partie am\u00e9ricaine a manifestement laiss\u00e9 tomber ses exigences pourtant imp\u00e9rieuses de \u00ab\u00a0transition politique\u00a0\u00bb. Le principe de la souverainet\u00e9 syrienne a pr\u00e9valu, dans une large mesure gr\u00e2ce \u00e0 la d\u00e9fense d\u00e9termin\u00e9e, par la Russie, de son alli\u00e9e arabe.<\/span><\/p>\n<p style=\"text-align: justify;\"><span style=\"font-family: times new roman, times, serif; font-size: 14pt;\">Et voil\u00e0 que, de m\u00eame, Washington, s\u2019attire une autre le\u00e7on de la Russie, cette fois dans sa propre pr\u00e9tendue\u00a0\u00ab\u00a0arri\u00e8re-cour\u00a0\u00bb d\u2019Am\u00e9rique Latine.<\/span><\/p>\n<p style=\"text-align: justify;\"><span style=\"font-family: times new roman, times, serif; font-size: 14pt;\">Il n\u2019est pas question que la Russie se laisse entra\u00eener par les strat\u00e8ges du changement de r\u00e9gime de Washington dans des discussions byzantines sur qui devrait \u00eatre le pr\u00e9sident du Venezuela, ni \u00ab\u00a0comment on pourrait s\u2019entendre sur une transition\u00a0\u00bb. Moscou a r\u00e9it\u00e9r\u00e9 un nombre incalculable de fois que son pr\u00e9sident l\u00e9gitime est Nicolas Maduro, que le peuple a \u00e9lu l\u2019an dernier en votant pour lui \u00e0 une majorit\u00e9 \u00e9crasante, dans une \u00e9lection libre et non truqu\u00e9e, quoique soumise \u00e0 un boycott de l\u2019opposition orchestr\u00e9 par les USA.<\/span><\/p>\n<p style=\"text-align: justify;\"><span style=\"font-family: times new roman, times, serif; font-size: 14pt;\">Le cadre que Washington tente d\u2019\u00e9laborer entre le \u00ab\u00a0pr\u00e9sident int\u00e9rimaire\u00a0\u00bb qu\u2019il souhaite et le \u00ab\u00a0pr\u00e9sident sortant\u00a0\u00bb Maduro, est enti\u00e8rement sp\u00e9cieux et infond\u00e9. Il ne m\u00e9rite m\u00eame pas d\u2019\u00eatre discut\u00e9, parce qu\u2019il n\u2019est qu\u2019une violation grossi\u00e8re de la souverainet\u00e9 v\u00e9n\u00e9zu\u00e9lienne. Mais qui est Washington pour oser m\u00eame essayer d\u2019imposer ses faux choix\u00a0?<\/span><\/p>\n<p style=\"text-align: justify;\"><span style=\"font-family: times new roman, times, serif; font-size: 14pt;\">\u00c0 propos du Venezuela, la Russie se voit encore une fois contrainte de rappeler, aux criminels dirigeants am\u00e9ricains, les lois internationales et le respect obligatoire des souverainet\u00e9s nationales, comme elle a d\u00fb le faire \u00e0 propos de la Syrie.<\/span><\/p>\n<p style=\"text-align: justify;\"><span style=\"font-family: times new roman, times, serif; font-size: 14pt;\">Et, au cas o\u00f9 Washington prendrait le mors aux dents et opterait pour la solution militaire, Moscou a fait savoir cette semaine, \u00e0 l\u2019homme de main r\u00e9gime-changiste Abrams, ce que c\u2019est qu\u2019une ligne rouge \u00e0 ne pas d\u00e9passer. S\u2019il reste \u00e0 Washington le moindre atome de raison, on y aura appris, du fiasco syrien, que la Russie ne plaisante pas et compte vraiment prot\u00e9ger les arri\u00e8res du Venezuela.<\/span><\/p>\n<p style=\"text-align: justify;\"><span style=\"font-family: times new roman, times, serif; font-size: 14pt;\">L\u2019usage de la force politique est exclue. L\u2019usage de la force militaire est hors de question. Respectez les lois internationales et la souverainet\u00e9 du Venezuela. C\u2019est l\u2019ultimatum \u00e9minemment raisonnable de la Russie \u00e0 Washington.<\/span><\/p>\n<p style=\"text-align: justify;\"><span style=\"font-family: times new roman, times, serif; font-size: 14pt;\">L\u00e0-dessus, les Am\u00e9ricains aux abois pourraient quand m\u00eame essayer de se livrer \u00e0 toujours plus de sabotages, cyber ou financiers. Mais leurs options sont limit\u00e9es, contrairement \u00e0 ce que pense Trump.<\/span><\/p>\n<p style=\"text-align: justify;\"><span style=\"font-family: times new roman, times, serif; font-size: 14pt;\">Les jours des bravaches imp\u00e9rialistes US sont compt\u00e9s. Il fut un temps o\u00f9 il leur \u00e9tait loisible de saccager \u00e0 leur gr\u00e9 toute l\u2019Am\u00e9rique Latine. Cette \u00e9poque est r\u00e9volue. En partie gr\u00e2ce au standing mondial et \u00e0 la puissance militaire de la Russie.<\/span><\/p>\n<p>&nbsp;<\/p>\n<p style=\"text-align: justify;\"><span style=\"font-family: times new roman, times, serif; font-size: 14pt;\">Source : <a href=\"http:\/\/theduran.com\/russia-gives-us-red-line-on-venezuela-2\/\">http:\/\/theduran.com\/russia-gives-us-red-line-on-venezuela-2\/<\/a><\/span><\/p>\n<p style=\"text-align: justify;\"><span style=\"font-family: times new roman, times, serif; font-size: 14pt;\">Source d\u2019origine\u00a0: <a href=\"https:\/\/www.strategic-culture.org\/news\/2019\/03\/22\/russia-gives-us-red-line-venezuela.html\">Strategic Culture Foundation<\/a><\/span><\/p>\n<p><strong><span style=\"font-size: 14pt;\">URL de cet article :<\/span> <\/strong><\/p>\n<p>&nbsp;<\/p>\n<p style=\"text-align: right;\"><span style=\"font-family: times new roman, times, serif; font-size: 14pt;\">Traduction\u00a0: c.l. pour Les Grosses Orchades<\/span><\/p>\n<p>&nbsp;<\/p>\n<p>&nbsp;<\/p>\n<p style=\"text-align: center;\"><img loading=\"lazy\" class=\"alignnone size-full wp-image-3646\" src=\"http:\/\/blog.lesgrossesorchadeslesamplesthalameges.fr\/wp-content\/uploads\/2019\/03\/1.-Aigle-au-chapeau-1.gif\" alt=\"\" width=\"51\" height=\"75\" \/><\/p>\n<p>&nbsp;<\/p>\n<p style=\"text-align: right;\"><span style=\"font-family: comic sans ms, sans-serif; font-size: 14pt;\">28 mars 2019<\/span><\/p>\n<p>&nbsp;<\/p>\n<p>&nbsp;<\/p>\n","protected":false},"excerpt":{"rendered":"<p>&nbsp; &nbsp; &nbsp; &nbsp; &nbsp; Il n\u2019y avait pas que les Chinois, \u00e0 Rome, cette semaine \u00a0 La Russie trace une ligne rouge devant les USA au Venezuela &nbsp; Finian Cunningham \u2013 TheDuran \u201324 mars 2019 &nbsp; \u00ab\u00a0L\u2019usage de la force politique est exclue. L\u2019usage de la force militaire est hors de question. Respectez les&#8230;<\/p>\n","protected":false},"author":1,"featured_media":0,"parent":0,"menu_order":0,"comment_status":"open","ping_status":"open","template":"","meta":[],"_links":{"self":[{"href":"https:\/\/blog.lesgrossesorchadeslesamplesthalameges.fr\/index.php\/wp-json\/wp\/v2\/pages\/3567"}],"collection":[{"href":"https:\/\/blog.lesgrossesorchadeslesamplesthalameges.fr\/index.php\/wp-json\/wp\/v2\/pages"}],"about":[{"href":"https:\/\/blog.lesgrossesorchadeslesamplesthalameges.fr\/index.php\/wp-json\/wp\/v2\/types\/page"}],"author":[{"embeddable":true,"href":"https:\/\/blog.lesgrossesorchadeslesamplesthalameges.fr\/index.php\/wp-json\/wp\/v2\/users\/1"}],"replies":[{"embeddable":true,"href":"https:\/\/blog.lesgrossesorchadeslesamplesthalameges.fr\/index.php\/wp-json\/wp\/v2\/comments?post=3567"}],"version-history":[{"count":0,"href":"https:\/\/blog.lesgrossesorchadeslesamplesthalameges.fr\/index.php\/wp-json\/wp\/v2\/pages\/3567\/revisions"}],"wp:attachment":[{"href":"https:\/\/blog.lesgrossesorchadeslesamplesthalameges.fr\/index.php\/wp-json\/wp\/v2\/media?parent=3567"}],"curies":[{"name":"wp","href":"https:\/\/api.w.org\/{rel}","templated":true}]}}