{"id":3570,"date":"2019-03-30T00:27:53","date_gmt":"2019-03-29T23:27:53","guid":{"rendered":"http:\/\/blog.lesgrossesorchadeslesamplesthalameges.fr\/?page_id=3570"},"modified":"2019-03-30T00:28:06","modified_gmt":"2019-03-29T23:28:06","slug":"arrivee-de-militaires-russes-a-caracas","status":"publish","type":"page","link":"https:\/\/blog.lesgrossesorchadeslesamplesthalameges.fr\/index.php\/arrivee-de-militaires-russes-a-caracas\/","title":{"rendered":"Arriv\u00e9e de militaires russes \u00e0 Caracas"},"content":{"rendered":"<p>&nbsp;<\/p>\n<p>&nbsp;<\/p>\n<p>&nbsp;<\/p>\n<p>&nbsp;<\/p>\n<p>&nbsp;<\/p>\n<p style=\"text-align: center;\"><span style=\"font-family: times new roman, times, serif; font-size: 36pt;\"><strong>Une source diplomatique explique le but de l\u2019arriv\u00e9e de militaires russes \u00e0 Caracas<\/strong><\/span><\/p>\n<h1 style=\"text-align: center;\"><strong><span style=\"font-family: times new roman, times, serif; font-size: 18pt; color: #000000;\"><em>Sputniknews.com<\/em> \u2013 24.3.2019\u00a0<\/span><\/strong><\/h1>\n<p>&nbsp;<\/p>\n<p>&nbsp;<\/p>\n<p><img loading=\"lazy\" class=\"aligncenter wp-image-3625\" src=\"http:\/\/blog.lesgrossesorchadeslesamplesthalameges.fr\/wp-content\/uploads\/2019\/03\/Caracas-arm\u00e9e-russe-1-300x162.jpg\" alt=\"\" width=\"600\" height=\"325\" srcset=\"https:\/\/blog.lesgrossesorchadeslesamplesthalameges.fr\/wp-content\/uploads\/2019\/03\/Caracas-arm\u00e9e-russe-1-300x162.jpg 300w, https:\/\/blog.lesgrossesorchadeslesamplesthalameges.fr\/wp-content\/uploads\/2019\/03\/Caracas-arm\u00e9e-russe-1-768x415.jpg 768w, https:\/\/blog.lesgrossesorchadeslesamplesthalameges.fr\/wp-content\/uploads\/2019\/03\/Caracas-arm\u00e9e-russe-1.jpg 1000w\" sizes=\"(max-width: 600px) 100vw, 600px\" \/><\/p>\n<p>&nbsp;<\/p>\n<p>&nbsp;<\/p>\n<p style=\"text-align: justify;\"><span style=\"font-family: times new roman, times, serif; font-size: 14pt;\">Suite \u00e0 l\u2019apparition dans la presse d\u2019informations selon lesquelles deux avions transportant des militaires russes et 35 tonnes de mat\u00e9riel \u00e9taient arriv\u00e9s \u00e0 Caracas ce samedi, une source diplomatique de la capitale v\u00e9n\u00e9zu\u00e9lienne a d\u00e9taill\u00e9 \u00e0 Sputnik que les soldats avaient pr\u00e9vu de mener plusieurs consultations avec leurs coll\u00e8gues sud-am\u00e9ricains.<\/span><\/p>\n<p style=\"text-align: justify;\"><span style=\"font-family: times new roman, times, serif; font-size: 14pt;\">Des <a href=\"https:\/\/fr.sputniknews.com\/tags\/keyword_militaires\/\">militaires<\/a> russes sont arriv\u00e9s \u00e0 <a href=\"https:\/\/fr.sputniknews.com\/tags\/geo_Caracas\/\">Caracas<\/a>, ce samedi 23 mars, \u00e0 bord de deux avions qui ont atterri \u00e0 l&rsquo;a\u00e9roport international de Maiquetia, selon une source diplomatique de la capitale v\u00e9n\u00e9zu\u00e9lienne qui s&rsquo;est confi\u00e9e \u00e0 Sputnik. En t\u00eate de la d\u00e9l\u00e9gation se trouve le g\u00e9n\u00e9ral Vassily Tonkoshkurov, chef d&rsquo;\u00e9tat-major adjoint de l&rsquo;arm\u00e9e russe.<\/span><\/p>\n<p style=\"text-align: justify;\"><span style=\"font-family: times new roman, times, serif; font-size: 14pt;\"><strong>Les militaires <em>\u00ab sont venus pour participer aux consultations bilat\u00e9rales \u00bb,<\/em><\/strong> a pr\u00e9cis\u00e9 la source de Sputnik.<\/span><\/p>\n<p>&nbsp;<\/p>\n<p>&nbsp;<\/p>\n<p style=\"text-align: justify; padding-left: 120px;\"><span style=\"font-family: times new roman, times, serif; font-size: 14pt;\">Altri russi in\u00a0Venezuela. Si parla di 100 uomini guidati da generale Vasily Tonkoshkurov. Forze speciali o contractors. Via Defence Blog and CNW. <a href=\"https:\/\/t.co\/xUdVxd8a05\">pic.twitter.com\/xUdVxd8a05<\/a><\/span><\/p>\n<p style=\"text-align: justify; padding-left: 120px;\"><span style=\"font-family: times new roman, times, serif; font-size: 14pt;\">\u2014\u00a0guido olimpio (@guidoolimpio) <a href=\"https:\/\/twitter.com\/guidoolimpio\/status\/1109764450888941568?ref_src=twsrc%5Etfw\">March 24, 2019<\/a><\/span><\/p>\n<p>&nbsp;<\/p>\n<p style=\"text-align: justify; padding-left: 120px;\"><span style=\"font-family: times new roman, times, serif; font-size: 14pt;\">Hoy <a href=\"https:\/\/twitter.com\/hashtag\/23Mar?src=hash&amp;ref_src=twsrc%5Etfw\">#23Mar<\/a> llegaron al aeropuerto de Maiquet\u00eda una comitiva de 99 militares rusos, al mando del ministro de la Defensa del pa\u00eds mayor gral Vasilly Tonkoshkurov. Fueron recibidos en rampa presidencial por la VA Marianny Mata <a href=\"https:\/\/twitter.com\/hashtag\/MaduroRegime?src=hash&amp;ref_src=twsrc%5Etfw\">#MaduroRegime<\/a> <a href=\"https:\/\/twitter.com\/marcorubio?ref_src=twsrc%5Etfw\">@marcorubio<\/a> <a href=\"https:\/\/t.co\/4plFmxjazM\">pic.twitter.com\/4plFmxjazM<\/a><\/span><\/p>\n<p style=\"text-align: justify; padding-left: 120px;\"><span style=\"font-family: times new roman, times, serif; font-size: 14pt;\">\u2014\u00a0RT Noticias Venezuela (@RTnoticiasVE) <a href=\"https:\/\/twitter.com\/RTnoticiasVE\/status\/1109662419721351168?ref_src=twsrc%5Etfw\">March 24, 2019<\/a><\/span><\/p>\n<p>&nbsp;<\/p>\n<p style=\"text-align: justify; padding-left: 120px;\"><span style=\"font-family: times new roman, times, serif; font-size: 14pt;\">\u200b<\/span><\/p>\n<p style=\"text-align: justify;\"><span style=\"font-family: times new roman, times, serif; font-size: 14pt;\">Plus t\u00f4t, plusieurs m\u00e9dias locaux avaient d\u00e9clar\u00e9 que 99 militaires russes \u00e9taient arriv\u00e9s \u00e0 Caracas \u00e0 bord de deux avions qui ont en outre achemin\u00e9 35 tonnes de fret.<\/span><\/p>\n<p style=\"text-align: justify;\"><span style=\"font-family: times new roman, times, serif; font-size: 14pt;\">\u00c0 leur arriv\u00e9e, les Russes ont rencontr\u00e9 le chef de la coop\u00e9ration internationale sur l&rsquo;int\u00e9gration du Venezuela, Marianne Mata, le chef de la police S.W.A.T du pays, Edgar Colin Reyes, ainsi que les repr\u00e9sentants de l&rsquo;ambassade russe \u00e0 Caracas.<br \/>\n<\/span><\/p>\n<p style=\"text-align: justify;\"><span style=\"font-family: times new roman, times, serif; font-size: 14pt;\">La m\u00eame source diplomatique a soulign\u00e9 \u00e0 Sputnik qu&rsquo;il n&rsquo;y avait rien de \u00ab\u00a0myst\u00e9rieux\u00a0\u00bb \u00e0 cette visite, car entre la Russie et le <a href=\"https:\/\/fr.sputniknews.com\/tags\/geo_Venezuela\/\">Venezuela<\/a>, il existait plusieurs accords sign\u00e9s auparavant en attente de r\u00e9alisation.<\/span><\/p>\n<p style=\"text-align: justify;\"><span style=\"font-family: times new roman, times, serif; font-size: 14pt;\"><em><strong>\u00ab\u00a0La Russie a plusieurs accords qui sont en phase d&rsquo;ex\u00e9cution, y compris des accords sur la coop\u00e9ration technico-militaire\u00a0\u00bb<\/strong>,<\/em> a-t-elle pr\u00e9cis\u00e9.<\/span><\/p>\n<p><span style=\"font-family: times new roman, times, serif; font-size: 14pt;\">Source\u00a0: <a href=\"https:\/\/fr.sputniknews.com\/international\/201903241040484089-venezuela-militaires-russes-caracas\/\">https:\/\/fr.sputniknews.com\/international\/201903241040484089-venezuela-militaires-russes-caracas\/<\/a><\/span><\/p>\n<p>&nbsp;<\/p>\n<p>&nbsp;<\/p>\n<p>&nbsp;<\/p>\n<p style=\"text-align: center;\"><img loading=\"lazy\" class=\"alignnone size-full wp-image-3586\" src=\"http:\/\/blog.lesgrossesorchadeslesamplesthalameges.fr\/wp-content\/uploads\/2019\/03\/1.-Aigle-au-chapeau.gif\" alt=\"\" width=\"51\" height=\"75\" \/><\/p>\n<p>&nbsp;<\/p>\n<p style=\"text-align: right;\"><span style=\"font-family: comic sans ms, sans-serif;\">28 mars 2019<\/span><\/p>\n<p>&nbsp;<\/p>\n<p>&nbsp;<\/p>\n","protected":false},"excerpt":{"rendered":"<p>&nbsp; &nbsp; &nbsp; &nbsp; &nbsp; Une source diplomatique explique le but de l\u2019arriv\u00e9e de militaires russes \u00e0 Caracas Sputniknews.com \u2013 24.3.2019\u00a0 &nbsp; &nbsp; &nbsp; &nbsp; Suite \u00e0 l\u2019apparition dans la presse d\u2019informations selon lesquelles deux avions transportant des militaires russes et 35 tonnes de mat\u00e9riel \u00e9taient arriv\u00e9s \u00e0 Caracas ce samedi, une source diplomatique de&#8230;<\/p>\n","protected":false},"author":1,"featured_media":0,"parent":0,"menu_order":0,"comment_status":"open","ping_status":"open","template":"","meta":[],"_links":{"self":[{"href":"https:\/\/blog.lesgrossesorchadeslesamplesthalameges.fr\/index.php\/wp-json\/wp\/v2\/pages\/3570"}],"collection":[{"href":"https:\/\/blog.lesgrossesorchadeslesamplesthalameges.fr\/index.php\/wp-json\/wp\/v2\/pages"}],"about":[{"href":"https:\/\/blog.lesgrossesorchadeslesamplesthalameges.fr\/index.php\/wp-json\/wp\/v2\/types\/page"}],"author":[{"embeddable":true,"href":"https:\/\/blog.lesgrossesorchadeslesamplesthalameges.fr\/index.php\/wp-json\/wp\/v2\/users\/1"}],"replies":[{"embeddable":true,"href":"https:\/\/blog.lesgrossesorchadeslesamplesthalameges.fr\/index.php\/wp-json\/wp\/v2\/comments?post=3570"}],"version-history":[{"count":0,"href":"https:\/\/blog.lesgrossesorchadeslesamplesthalameges.fr\/index.php\/wp-json\/wp\/v2\/pages\/3570\/revisions"}],"wp:attachment":[{"href":"https:\/\/blog.lesgrossesorchadeslesamplesthalameges.fr\/index.php\/wp-json\/wp\/v2\/media?parent=3570"}],"curies":[{"name":"wp","href":"https:\/\/api.w.org\/{rel}","templated":true}]}}