{"id":3618,"date":"2019-03-30T00:33:18","date_gmt":"2019-03-29T23:33:18","guid":{"rendered":"http:\/\/blog.lesgrossesorchadeslesamplesthalameges.fr\/?page_id=3618"},"modified":"2019-03-30T00:42:29","modified_gmt":"2019-03-29T23:42:29","slug":"le-rapport-mueller-accouche-dune-souris","status":"publish","type":"page","link":"https:\/\/blog.lesgrossesorchadeslesamplesthalameges.fr\/index.php\/le-rapport-mueller-accouche-dune-souris\/","title":{"rendered":"Le Rapport Mueller accouche d&rsquo;une souris"},"content":{"rendered":"<p>&nbsp;<\/p>\n<p>&nbsp;<\/p>\n<p>&nbsp;<\/p>\n<p>&nbsp;<\/p>\n<p>&nbsp;<\/p>\n<p style=\"text-align: center;\"><strong><span style=\"font-family: times new roman, times, serif; font-size: 36pt;\">Le \u00ab\u00a0Rapport Mueller\u00a0\u00bb accouche d\u2019une souris. Morte<\/span><\/strong><\/p>\n<p>&nbsp;<\/p>\n<p>&nbsp;<\/p>\n<p>&nbsp;<\/p>\n<p style=\"text-align: center;\"><img loading=\"lazy\" class=\"alignnone wp-image-3620\" src=\"http:\/\/blog.lesgrossesorchadeslesamplesthalameges.fr\/wp-content\/uploads\/2019\/03\/Mueller-abridged--300x231.gif\" alt=\"\" width=\"300\" height=\"231\" srcset=\"https:\/\/blog.lesgrossesorchadeslesamplesthalameges.fr\/wp-content\/uploads\/2019\/03\/Mueller-abridged--300x231.gif 300w, https:\/\/blog.lesgrossesorchadeslesamplesthalameges.fr\/wp-content\/uploads\/2019\/03\/Mueller-abridged--768x591.gif 768w, https:\/\/blog.lesgrossesorchadeslesamplesthalameges.fr\/wp-content\/uploads\/2019\/03\/Mueller-abridged--1024x788.gif 1024w\" sizes=\"(max-width: 300px) 100vw, 300px\" \/><\/p>\n<p>&nbsp;<\/p>\n<p>&nbsp;<\/p>\n<p style=\"text-align: justify;\"><span style=\"font-family: comic sans ms, sans-serif; font-size: 12pt;\">Trois ans d\u2019une d\u00e9mence collective qui a d\u00fb co\u00fbter la peau de leurs fesses aux contribuables US. Dossier vide.<\/span><\/p>\n<p style=\"text-align: justify;\"><span style=\"font-family: comic sans ms, sans-serif; font-size: 12pt;\">Toute personne sens\u00e9e, o\u00f9 que ce soit dans le monde, le savait. Mais \u00ab\u00a0personne sens\u00e9e\u00a0\u00bb et \u00ab\u00a0zunien\u00a0\u00bb ne sont pas synonymes.<\/span><\/p>\n<p style=\"text-align: justify;\"><span style=\"font-family: comic sans ms, sans-serif; font-size: 12pt;\">Enfonc\u00e9, Caligula et son cheval consul\u00a0! Enfonc\u00e9, Sardanapele et tout son harem harakiris\u00e9 avant lui\u00a0! Rien, dans l\u2019histoire connue des peuples, n\u2019approche le record de ce \u00ab\u00a0Russiagate\u00a0\u00bb.<\/span><\/p>\n<p style=\"text-align: justify;\"><span style=\"font-family: comic sans ms, sans-serif; font-size: 12pt;\">Il ne fallait pourtant pas \u00eatre grand clerc pour savoir que Vladimir Poutine n\u2019avait nul besoin de divisions cybern\u00e9tiques surarm\u00e9es pour semer le foutoir dans la \u00ab\u00a0nation exceptionnelle\u00a0\u00bb. Qu\u2019il lui suffisait, une seule fois, au vu et au su du monde entier, de chanter \u00ab\u00a0J\u2019ai du bon tabac\u00a0\u00bb au sommet des Alpes par une belle nuit d\u2019hiver et d\u2019attendre l\u2019avalanche. Qui a eu lieu.<\/span><\/p>\n<p>&nbsp;<\/p>\n<p style=\"text-align: center;\"><span style=\"font-family: comic sans ms, sans-serif; font-size: 24pt;\">R.I.P.<\/span><\/p>\n<p>&nbsp;<\/p>\n<p style=\"text-align: justify;\"><span style=\"font-family: comic sans ms, sans-serif; font-size: 12pt;\">Enfin\u2026 en paix\u2026<\/span><\/p>\n<p style=\"text-align: justify;\"><span style=\"font-family: comic sans ms, sans-serif; font-size: 12pt;\">Personne n\u2019aime voir 328 millions de gens s\u2019enfoncer dans la guerre civile, mais, pour une fois \u2013 la chose est assez rare pour \u00eatre mentionn\u00e9e \u2013 l\u2019ext\u00e9rieur n\u2019y sera pour rien. Ils sont en train de faire \u00e7a tout seuls comme des grands.<\/span><\/p>\n<p style=\"text-align: justify;\"><span style=\"font-family: comic sans ms, sans-serif; font-size: 12pt;\">Et ne voil\u00e0-t-il pas que les pauvres Russes sont encore oblig\u00e9s de s\u2019y coller pour les emp\u00eacher d\u2019exporter leurs maniaqueries dans leur arri\u00e8re-cour sudam\u00e9ricaine !<\/span><\/p>\n<p style=\"text-align: justify;\"><span style=\"font-family: comic sans ms, sans-serif; font-size: 12pt;\">Et ne voil\u00e0-t-il pas que \u2013 Le <em>Washington Post<\/em> (\u00ab\u00a0<a href=\"https:\/\/www.washingtonpost.com\/...\/pompeo...russia-about...venez...\">Pompeo warns Russia about its military presence in Venezuela\u00a0<\/a>\u00bb) le <em>New York Times<\/em> <a href=\"https:\/\/www.nytimes.com\/video\/us\/politics\/100000006433602\/trump-venezuela-russia.html\">(\u00ab\u00a0Russia \u201chas to get out\u201d of Venezuela, Trump says \u00bb),<\/a> <em>Fox News<\/em> (<a href=\"https:\/\/www.youtube.com\/watch?v=MXDEV-tXSAg\">\u00ab Pompeo slams Russia for sending bombers to Venezuela \u00bb<\/a>), <em>CNN<\/em> <a href=\"https:\/\/www.cnn.com\/2019\/01\/26\/politics\/pompeo-united...venezuela\/index.html\">(\u00ab Pompeo : Russia should \u201cchange their ways\u201d about Venezuela\u2026\u00bb<\/a> et <em>Reuters<\/em> <a href=\"https:\/\/www.reuters.com\/...venezuela...pompeo\/pompeo-urges-mos..\">(\u00ab US calls Russia deployment of planes to Venezuela \u201creckless\u2026 \u00bb<\/a>) sans compter tous les autres, pas fatigu\u00e9s, gueulent au charron, \u00e9ructent que ce n\u2019est pas de jeu, que c\u2019est tricher, qu\u2019ils aient \u00e0 d\u00e9camper fissa les moujiks, sinon\u2026<\/span><\/p>\n<p style=\"text-align: justify;\"><span style=\"font-family: comic sans ms, sans-serif; font-size: 12pt;\">On les entend nettement foncer vers Moscou en claquant des dents, si on tend bien l&rsquo;oreille.<br \/>\n<\/span><\/p>\n<p style=\"text-align: right;\"><span style=\"font-family: comic sans ms, sans-serif; font-size: 14pt;\">Th\u00e9roigne<\/span><\/p>\n<p>&nbsp;<\/p>\n<p>&nbsp;<\/p>\n<p style=\"text-align: center;\"><img loading=\"lazy\" class=\"alignnone size-full wp-image-3586\" src=\"http:\/\/blog.lesgrossesorchadeslesamplesthalameges.fr\/wp-content\/uploads\/2019\/03\/1.-Aigle-au-chapeau.gif\" alt=\"\" width=\"51\" height=\"75\" \/><\/p>\n<p>&nbsp;<\/p>\n<p style=\"text-align: right;\"><span style=\"font-family: comic sans ms, sans-serif; font-size: 14pt;\">28 mars 2019<\/span><\/p>\n<p>&nbsp;<\/p>\n<p>&nbsp;<\/p>\n","protected":false},"excerpt":{"rendered":"<p>&nbsp; &nbsp; &nbsp; &nbsp; &nbsp; Le \u00ab\u00a0Rapport Mueller\u00a0\u00bb accouche d\u2019une souris. Morte &nbsp; &nbsp; &nbsp; &nbsp; &nbsp; Trois ans d\u2019une d\u00e9mence collective qui a d\u00fb co\u00fbter la peau de leurs fesses aux contribuables US. Dossier vide. Toute personne sens\u00e9e, o\u00f9 que ce soit dans le monde, le savait. Mais \u00ab\u00a0personne sens\u00e9e\u00a0\u00bb et \u00ab\u00a0zunien\u00a0\u00bb ne sont&#8230;<\/p>\n","protected":false},"author":1,"featured_media":0,"parent":0,"menu_order":0,"comment_status":"open","ping_status":"open","template":"","meta":[],"_links":{"self":[{"href":"https:\/\/blog.lesgrossesorchadeslesamplesthalameges.fr\/index.php\/wp-json\/wp\/v2\/pages\/3618"}],"collection":[{"href":"https:\/\/blog.lesgrossesorchadeslesamplesthalameges.fr\/index.php\/wp-json\/wp\/v2\/pages"}],"about":[{"href":"https:\/\/blog.lesgrossesorchadeslesamplesthalameges.fr\/index.php\/wp-json\/wp\/v2\/types\/page"}],"author":[{"embeddable":true,"href":"https:\/\/blog.lesgrossesorchadeslesamplesthalameges.fr\/index.php\/wp-json\/wp\/v2\/users\/1"}],"replies":[{"embeddable":true,"href":"https:\/\/blog.lesgrossesorchadeslesamplesthalameges.fr\/index.php\/wp-json\/wp\/v2\/comments?post=3618"}],"version-history":[{"count":0,"href":"https:\/\/blog.lesgrossesorchadeslesamplesthalameges.fr\/index.php\/wp-json\/wp\/v2\/pages\/3618\/revisions"}],"wp:attachment":[{"href":"https:\/\/blog.lesgrossesorchadeslesamplesthalameges.fr\/index.php\/wp-json\/wp\/v2\/media?parent=3618"}],"curies":[{"name":"wp","href":"https:\/\/api.w.org\/{rel}","templated":true}]}}