{"id":369,"date":"2018-11-04T17:28:58","date_gmt":"2018-11-04T16:28:58","guid":{"rendered":"http:\/\/blog.lesgrossesorchadeslesamplesthalameges.fr\/?page_id=369"},"modified":"2018-11-04T17:29:02","modified_gmt":"2018-11-04T16:29:02","slug":"avertissement-aux-juifs","status":"publish","type":"page","link":"https:\/\/blog.lesgrossesorchadeslesamplesthalameges.fr\/index.php\/avertissement-aux-juifs\/","title":{"rendered":"Avertissement aux juifs"},"content":{"rendered":"<p>&nbsp;<\/p>\n<p>&nbsp;<\/p>\n<p>&nbsp;<\/p>\n<p>&nbsp;<\/p>\n<p>&nbsp;<\/p>\n<p style=\"text-align: justify;\"><span style=\"font-family: times new roman, times, serif; font-size: 18pt;\"><em><span style=\"color: #800080;\"><strong>Tuerie de Pittsburgh. Israel Shamir brode sur la version contemporaine de l\u2019histoire imm\u00e9moriale d\u2019Abel tuant Ca\u00efn, puis s\u2019en allant couiner de si\u00e8cle en si\u00e8cle\u00a0: \u00ab\u00a0Ca\u00efn m\u2019a tuer\u00a0!\u00a0\u00bb<\/strong><\/span><\/em><\/span><\/p>\n<p style=\"text-align: justify;\"><span style=\"font-family: times new roman, times, serif; font-size: 14pt;\"><strong>\u00a0<\/strong><\/span><\/p>\n<p style=\"text-align: center;\"><span style=\"font-family: times new roman, times, serif; font-size: 36pt; color: #000000;\"><strong>Avertissement aux juifs<\/strong><\/span><\/p>\n<p style=\"text-align: center;\"><span style=\"font-family: times new roman, times, serif; font-size: 18pt;\"><strong>Isra\u00ebl Adam Shamir \u2013 <em>Entre la plume et l\u2019enclume<\/em> \u2013 <\/strong>3.11.2018\u00a0 Traduction\u00a0:<strong> Maria Poumier<\/strong><\/span><\/p>\n<p>&nbsp;<\/p>\n<p style=\"text-align: justify;\"><span style=\"font-family: times new roman, times, serif; font-size: 14pt;\"><img loading=\"lazy\" class=\"aligncenter wp-image-329\" src=\"http:\/\/blog.lesgrossesorchadeslesamplesthalameges.fr\/wp-content\/uploads\/2018\/11\/Avertissement.jpeg\" alt=\"\" width=\"500\" height=\"353\" srcset=\"https:\/\/blog.lesgrossesorchadeslesamplesthalameges.fr\/wp-content\/uploads\/2018\/11\/Avertissement.jpeg 600w, https:\/\/blog.lesgrossesorchadeslesamplesthalameges.fr\/wp-content\/uploads\/2018\/11\/Avertissement-300x212.jpeg 300w\" sizes=\"(max-width: 500px) 100vw, 500px\" \/><\/span><\/p>\n<p>&nbsp;<\/p>\n<p style=\"text-align: justify;\"><span style=\"font-family: times new roman, times, serif; font-size: 14pt;\">J\u2019h\u00e9sitais \u00e0 \u00e9crire sur la question, tant que les morts de Pittsburgh n\u2019\u00e9taient pas encore enterr\u00e9s. Je sais, c\u2019est une consid\u00e9ration inappropri\u00e9e, pour les mandarins du militantisme. Les juifs US ont accus\u00e9 le pr\u00e9sident Trump, et les juifs isra\u00e9liens ont accus\u00e9 les Palestiniens m\u00e9caniquement, avant m\u00eame que les victimes soient d\u00e9clar\u00e9es bien mortes. Cependant, on ne peut rien dire de sens\u00e9 tant que les morts ne reposent pas sous terre. C\u2019est maintenant que l\u2019on peut d\u00e9battre des responsabilit\u00e9s des uns et des autres.<\/span><\/p>\n<p style=\"text-align: justify;\"><span style=\"font-family: times new roman, times, serif; font-size: 14pt;\">L\u2019homme qui a tu\u00e9 onze juifs \u00e0 Pittsburgh l\u2019a fait pour faire entendre son opposition \u00e0 l\u2019immigration. S\u2019il avait \u00e9t\u00e9 autoris\u00e9 \u00e0 dire cela sur sa page facebook, au lieu de se retrouver avec un compte bloqu\u00e9, ces personnes \u00e2g\u00e9es seraient encore en vie. Si le <em>New York Times <\/em>permettait que s\u2019expriment et soient discut\u00e9s les sentiments anti-immigration\u00a0 sur le papier au lieu de les priver de toute l\u00e9gitimit\u00e9, ces vieux messieurs seraient encore en vie. C\u2019est l\u2019obstacle \u00e0 toute expression d\u2019opinions qui ne soient pas ultra lib\u00e9rales responsable de la pression refoul\u00e9e qui a jet\u00e9 un homme d\u00e9j\u00e0 d\u00e9rang\u00e9 dans la folie furieuse.<\/span><\/p>\n<p style=\"text-align: justify;\"><span style=\"font-family: times new roman, times, serif; font-size: 14pt;\">Quand il n\u2019y a pas un journal, pas une cha\u00eene de\u00a0 t\u00e9l\u00e9, pas une page Facebook qui disent ce que vous avez besoin d&rsquo;entendre dire, t\u00f4t ou tard ce sont les flingues qui vont parler. Et ce qui est s\u00fbr, c\u2019est que les gens qui ont organis\u00e9 ce mutisme massif et cette campagne de censure sont des gens assez fins pour s\u2019attendre pr\u00e9cis\u00e9ment \u00e0 ce genre de sortie. De leur part, la surprise n\u2019est certes pas de mise.<\/span><\/p>\n<p style=\"text-align: justify;\"><span style=\"font-family: times new roman, times, serif; font-size: 14pt;\">Les USA n\u2019avaient jamais connu de tirs contre des groupes de juifs jusqu\u2019\u00e0 maintenant, mais les USA n\u2019avaient jamais connu non plus de campagne pour museler effectivement au moins la moiti\u00e9 de la population y compris le Pr\u00e9sident, et pour les emp\u00eacher de partager leur point de vue marginalis\u00e9. Selon la physique \u00e9l\u00e9mentaire, sans soupape de s\u00e9curit\u00e9, une pression contenue d\u00e9clenche une explosion. Si les probl\u00e8mes ne donnent pas lieu \u00e0 discussions, et si les sentiments ne peuvent se ventiler, il y a des gens qui vont mourir.<\/span><\/p>\n<p style=\"text-align: justify;\"><span style=\"font-family: times new roman, times, serif; font-size: 14pt;\"><img loading=\"lazy\" class=\"alignright wp-image-330\" src=\"http:\/\/blog.lesgrossesorchadeslesamplesthalameges.fr\/wp-content\/uploads\/2018\/11\/Learn-to-shoot-300x209.png\" alt=\"\" width=\"350\" height=\"244\" \/><\/span><\/p>\n<p style=\"text-align: justify;\"><span style=\"font-family: times new roman, times, serif; font-size: 14pt;\">Le pr\u00e9sident Trump, une \u00e2me simple, a dit que les juifs devaient assurer leur propre protection et installer des gardes arm\u00e9s. Mais les juifs ont largement assez de gardes arm\u00e9s. Il y a une <a href=\"https:\/\/www.youtube.com\/watch?v=yeJwdbZS7GA&amp;feature=youtu.be\"><strong>institution<\/strong><\/a>\u00a0cr\u00e9\u00e9e par Isra\u00ebl, qui entra\u00eene et qui arme les juifs pour l\u2019organisation juive en Pennsylvanie. Les juifs US ont toute chose \u00e0 profusion, et \u00e9norm\u00e9ment de pouvoir, mais ils manquent de sens de leur responsabilit\u00e9. Le pouvoir irresponsable am\u00e8ne l\u2019hybris, puis l\u2019hybris attire la nemesis, qui s\u2019incarne en un flingue au bout d\u2019un bras.<\/span><\/p>\n<p style=\"text-align: justify;\"><span style=\"font-family: times new roman, times, serif; font-size: 14pt;\">Au lieu de se reconna\u00eetre responsables de leurs actes, les juifs pr\u00e9f\u00e8rent nier toute responsabilit\u00e9. Lors d\u2019une manifestation pour s\u2019opposer au pr\u00e9sident Trump \u00e0 son arriv\u00e9e \u00e0 Pittsburgh, ils ont tout bonnement reni\u00e9 leurs agissements en faveur de l\u2019immigration. Le tireur, disent-ils, <em>\u00ab\u00a0croyait \u00e0 ces mensonges antis\u00e9mites selon lesquels les juifs finan\u00e7aient la caravane partie du Honduras\u00a0\u00bb.<\/em> En m\u00eame temps, avant que les victimes soient enterr\u00e9es, les organisations juives, telles HIAS, juraient qu\u2019elles allaient continuer \u00e0 fourguer des immigrants au pays qui n\u2019en veut pas, m\u00eame si c\u2019\u00e9tait contraire \u00e0 la loi. Ils ont d\u00e9fi\u00e9 les lois en abritant des clandestins et en prot\u00e9geant les passeurs. Cette disposition \u00e0 briser ou \u00e0 faire plier la loi est dangereuse pour un groupe d\u2019\u00e9lite puissant mais relativement r\u00e9duit. Ils feraient mieux de s\u2019accrocher \u00e0 la loi de toutes leurs forces, au lieu de fournir un exemple d\u2019ill\u00e9galit\u00e9 accrue.<\/span><\/p>\n<p style=\"text-align: justify;\"><span style=\"font-family: times new roman, times, serif; font-size: 14pt;\">Certes il y a des consid\u00e9rations \u00e9thiques qui devraient \u00eatre au-dessus de la loi, mais pas de fa\u00e7on aussi d\u00e9sinvolte, pas si ais\u00e9ment. Antigone a bris\u00e9 la loi et a enterr\u00e9 son fr\u00e8re, mais elle ne s\u2019est pas \u00e9tonn\u00e9e de devoir mourir pour cette transgression. Mais ces gens-l\u00e0 \u00a0foulent la loi aux pieds, et s\u2019attendent \u00e0 ce qu\u2019on les couvre de louanges pour cela.<\/span><\/p>\n<p style=\"text-align: justify;\"><span style=\"font-family: times new roman, times, serif; font-size: 14pt;\">Pourquoi les juifs am\u00e9ricains soutiennent-ils l\u2019immigration, tandis que les juifs isra\u00e9liens n\u2019autorisent pas les gentils \u00e0 immigrer dans l\u2019Etat juif\u00a0? Deux poids deux mesures, direz-vous. Ils vous font \u00e0 vous ce qu\u2019ils ne veulent pas qu\u2019on leur fasse \u00e0 eux. Ce n\u2019est pas tout-\u00e0-fait \u00e7a\u2026 Les juifs se consid\u00e8rent comme la seule communaut\u00e9 extraterritoriale, alors que les autres nations sont territoriales. Dans leur pri\u00e8re bien aim\u00e9e du Nouvel an (<em>Rochachana<\/em>), les juifs prient le Tout-Puissant qui <em>\u00ab\u00a0ne nous a pas faits semblables aux nations des territoires, aux familles de la Terre\u00a0\u00bb<\/em> (\u05e2\u05dc\u05d9\u05e0\u05d5\u05dc\u05e9\u05d1\u05d7\u05e9\u05dc\u05d0\u05e2\u05e9\u05e0\u05d5 \u05db\u05d2\u05d5\u05d9\u05d9\u05d4\u05d0\u05e8\u05e6\u05d5\u05ea \u05d5\u05dc\u05d0\u05e9\u05de\u05e0\u05d5\u05db\u05de\u05e9\u05e4\u05d7\u05d5\u05ea\u05d4\u05d0\u05d3\u05de\u05d4).<\/span><\/p>\n<p style=\"text-align: justify;\"><span style=\"font-family: times new roman, times, serif; font-size: 14pt;\">Du point de vue juif, la diff\u00e9rence entre les nations territoriales [non juives] est de peu d\u2019importance en comparaison avec la distinction existentielle entre les juifs et les nations qui s\u2019identifient avec une terre. C\u2019est pour cette raison que les juifs ne sont pas \u00ab\u00a0racistes\u00a0\u00bb, dans la mesure o\u00f9 ils ne pensent pas qu\u2019une race soit pr\u00e9f\u00e9rable \u00e0 une autre. \u00c0 l\u2019exception des juifs, bien s\u00fbr, qui rel\u00e8vent d\u2019une histoire totalement diff\u00e9rente. Comme tous les gentils se valent pour les juifs, pr\u00e9f\u00e9rer une vari\u00e9t\u00e9 de gentils (autrement dit \u00eatre raciste) c\u2019est niais et cela n\u2019a pas de sens, selon le point de vue juif.<\/span><\/p>\n<p style=\"text-align: justify;\"><span style=\"font-family: times new roman, times, serif; font-size: 14pt;\">Que les Iroquois se consid\u00e8rent comme compl\u00e8tement diff\u00e9rents des Hurons ou des Pied-noir, pour les Europ\u00e9ens, ce sont tous des Peaux-rouges. De la m\u00eame fa\u00e7on, pour les juifs, les non-juifs sont tous les m\u00eames. Ce splendide non-racisme juif qui se situe au-dessus des races a un fondement th\u00e9ologique, mais cela a aussi des cons\u00e9quences \u00e9conomiques bien sp\u00e9cifiques. L\u2019\u00e9conomie juive, c\u2019est un tour de magie miraculeux qui transforme le sang et la sueur de n\u2019importe qui en or, et la magie op\u00e8re \u00e0 tous les coups, autant avec les blancs qu\u2019avec les noirs ou les latinos. L\u2019\u00e9l\u00e9ment des juifs c\u2019est l\u2019argent, et l\u2019argent des noirs est de la m\u00eame couleur que l\u2019argent des blancs. Noirs ou blancs paieront le m\u00eame loyer pour l\u2019appartement que leur loueront les juifs. Les Mexicains et les Allemands payent la m\u00eame commission \u00e0 la banque juive. Les juifs sont extraterritoriaux, en contre-distinction par rapport au reste de l\u2019humanit\u00e9, les nations \u00e0 territoire. Isra\u00ebl, c\u2019est une courageuse \u00a0exp\u00e9rience (britannique\u00a0?) pour <em>\u00ab\u00a0faire rentrer les juifs dans le rang\u00a0\u00bb<\/em> (selon les mots de Holford Mackinder), et effectivement les juifs s\u2019identifiant \u00e0 leur territoire en Isra\u00ebl se comportent exactement comme toute autre nation s\u00e9dentaris\u00e9e\u00a0: ils comprennent les diff\u00e9rences entre les tribus, et s\u2019opposent \u00e0 l\u2019immigration. Les juifs US continuent \u00e0 agir en juifs extraterritoriaux\u00a0: ils approuvent l\u2019immigration parce que cela \u00e9largit le vivier des clients potentiels. Pourquoi pas\u00a0; c\u2019est un point de vue l\u00e9gitime, et les juifs s\u2019y rallient toujours. Ce qui ne va pas, c\u2019est qu\u2019ils ont tendance \u00e0 priver de l\u00e9gitimit\u00e9 le point de vue des nations \u00e0 ancrage territorial.<\/span><\/p>\n<p style=\"text-align: justify;\"><span style=\"font-family: times new roman, times, serif; font-size: 14pt;\">S\u2019il y a bien une le\u00e7on que les juifs devraient retenir de la tuerie de Pittsburgh c\u2019est celle-ci\u00a0: \u00ab\u00a0Apprenez \u00e0 \u00eatre responsables de ce que vous faites.\u00a0\u00bb Les juifs ont pris le contr\u00f4le d\u2019une ressource publique inestimable, les m\u00e9dias de masse aux US, et ils s\u2019en servent \u00e0 leur avantage avec une \u00e9tourderie infantile. C\u2019est irresponsable. Ils devraient permettre \u00e0 d\u2019autres points de vue d\u2019\u00e9merger et d\u2019\u00eatre d\u00e9battus publiquement sans se voir marginalis\u00e9s et priv\u00e9s de toute l\u00e9gitimit\u00e9.<\/span><\/p>\n<p style=\"text-align: justify;\"><span style=\"font-family: times new roman, times, serif; font-size: 14pt;\">Chaque fois que les gens se plaignent du comportement juif, les juifs r\u00e9pondent avec l\u2019accusation d\u2019antis\u00e9mitisme, cette haine myst\u00e9rieuse et suppos\u00e9e \u00e9ternelle des gentils \u00e0 l\u2019\u00e9gard des juifs. C\u2019est trop facile. La deuxi\u00e8me le\u00e7on, c\u2019est <em>\u00ab\u00a0soyez plus critiques envers vous-m\u00eames\u00a0\u00bb<\/em>. Si votre gosse rentre \u00e0 la maison et se plaint d\u2019avoir \u00e9t\u00e9 molest\u00e9, vous devriez lui demander dans quelle mesure sa fa\u00e7on de se comporter y a contribu\u00e9. C\u2019est mal de brutaliser quelqu\u2019un, mais la part revenant \u00e0 la victime devrait \u00eatre prise en consid\u00e9ration et discut\u00e9e.<\/span><\/p>\n<p style=\"text-align: justify;\"><span style=\"font-family: times new roman, times, serif; font-size: 14pt;\">Malheureusement le paradigme moderne n\u2019encourage pas cela. Il y a un v\u00e9ritable tabou l\u00e0-dessus, qu\u2019il s\u2019agisse d\u2019inconduite sexuelle ou de d\u00e9bat sur l\u2019immigration. Nous devons venir en aide aux victimes en ce sens, tout en condamnant sans r\u00e9serve toute action d\u00e9lictueuse.<\/span><\/p>\n<p style=\"text-align: justify;\"><span style=\"font-family: times new roman, times, serif; font-size: 14pt;\">Si vous voulez \u00e9liminer les sentiments n\u00e9gatifs envers les juifs, vous devriez \u00e9couter les reproches. Si les gens se plaignent des propri\u00e9taires terriens juifs ou des banquiers juifs, il est tr\u00e8s facile aux juifs de r\u00e9pondre en disant <em>\u00ab\u00a0c\u2019est une vieille calomnie antis\u00e9mite\u00a0\u00bb<\/em>, et il y a aussi une riposte plus difficile\u00a0; ne soyez pas propri\u00e9taire, ne soyez pas banquier, mangez le pain que vous aurez gagn\u00e9 \u00e0 la sueur de votre front, conduisez-vous envers vos voisins non-juifs de la fa\u00e7on dont vous souhaitez qu\u2019ils se conduisent envers vous. Prenez position pour la r\u00e9gulation des banques et de la propri\u00e9t\u00e9 terrienne. Ne vous permettez pas de saigner les gens, car ils vont en accuser les juifs.<\/span><\/p>\n<p style=\"text-align: justify;\"><span style=\"font-family: times new roman, times, serif; font-size: 14pt;\">Ne vous servez pas de votre jud\u00e9it\u00e9 comme d\u2019une \u00e9p\u00e9e pour creuser. Si vous voulez aider les r\u00e9fugi\u00e9s, encourager la libert\u00e9 du commerce ou le mariage gay, ne dites pas\u00a0: <em>\u00ab\u00a0je fais cela selon mes principes juifs\u00a0\u00bb,<\/em> car c\u2019est stupide. Si vous voulez que le pr\u00e9sident Trump soit d\u00e9mis ou non r\u00e9\u00e9lu, ne le dites pas <em>\u00ab\u00a0en tant que juif \u00bb<\/em> mais en tant qu\u2019Am\u00e9ricain. Gardez votre jud\u00e9it\u00e9 pour le <em>shabbat<\/em>. Les victimes de Pittsburgh n\u2019avaient rien \u00e0 voir avec l\u2019immigration. Il n\u2019y aucune justification pour leur meurtre. Mais la t\u00eate malade du meurtrier a admis comme une v\u00e9rit\u00e9 positive les clameurs des militants pro-immigration qui disent eux-m\u00eames agir en tant que juifs et pour la cause juive. Ils devraient \u00eatre plus prudents et plus responsables \u00e0 la fois avant de pr\u00e9tendre agir au nom de toute la communaut\u00e9 des juifs am\u00e9ricains.<\/span><\/p>\n<p style=\"text-align: justify;\"><span style=\"font-family: times new roman, times, serif; font-size: 14pt;\">Soyez honn\u00eates et \u00e9vitez les sournoiseries. Si vous soutenez la discrimination positive en faveur des noirs et des latinos, exigez que les juifs aussi soient comptabilis\u00e9s comme groupe \u00e0 part. Actuellement, la discrimination positive s\u2019exerce exclusivement aux d\u00e9pens des non-juifs blancs, tandis que les \u00e9tudiants juifs ont leurs places pr\u00e9serv\u00e9es dans l\u2019ivy League, <a href=\"http:\/\/www.unz.com\/runz\/american-pravda-racial-discrimination-at-harvard\/\">comme l\u2019a bien d\u00e9montr\u00e9 <strong>Ron Unz<\/strong>.<\/a><\/span><\/p>\n<p style=\"text-align: justify;\"><span style=\"font-family: times new roman, times, serif; font-size: 14pt;\">Si vous soutenez l\u2019immigration de travailleurs, demandez aussi la reconnaissance de leurs dipl\u00f4mes. Si vous \u00eates m\u00e9decin, demandez l\u2019acceptation imm\u00e9diate et l\u2019entr\u00e9e illimit\u00e9e des m\u00e9decins \u00e9trangers. Si vous \u00eates avocat, m\u00eame chose. Ce n\u2019est pas loyal, d\u2019inviter les immigrants, de les b\u00e9nir, et de les emp\u00eacher d\u2019entrer en concurrence avec vous. Si vous ne le faites pas, montrez votre compr\u00e9hension pour les gens qui ont souffert de l\u2019immigration et de la discrimination positive, au lieu de les traiter de \u00ab\u00a0racistes\u00a0\u00bb. Cela, la loi juive l\u2019encourage en disant \u05e2\u05e0\u05d9\u05d9\u05e2\u05d9\u05e8\u05da\u05e7\u05d5\u05d3\u05de\u05d9\u05dd, <em>\u00ab\u00a0les pauvres de votre ville doivent \u00eatre prot\u00e9g\u00e9s avant les pauvres des villes voisines\u00a0\u00bb.<\/em> G\u00e9n\u00e9ralement, les juifs pensent que cela vaut seulement pour les juifs pauvres, mais vous pouvez l\u2019interpr\u00e9ter en un sens plus g\u00e9n\u00e9ral.<\/span><\/p>\n<p style=\"text-align: justify;\"><span style=\"font-family: times new roman, times, serif; font-size: 14pt;\">Certains juifs en deuil \u00e0 Pittsburg se sont drap\u00e9s dans le drapeau isra\u00e9lien, c\u2019\u00e9tait d\u00e9plac\u00e9. Les juifs de la Colline des \u00c9cureuils n\u2019ont pas \u00e9t\u00e9 abattus \u00e0 cause d\u2019Isra\u00ebl, m\u00eame si les ministres isra\u00e9liens ont \u00e9t\u00e9 ravis de saisir l\u2019occasion pour faire leur num\u00e9ro, et ont appel\u00e9 \u00e0 l\u2019<em>alyah<\/em> et \u00e0 la haine \u00e9ternelle des Arabes et des musulmans (sauf s\u2019ils s\u2019appellent Mohammed ben Salman, habitent \u00e0 Ryad et veulent en d\u00e9coudre avec les Iraniens). Les juifs isra\u00e9liens ont leurs propres comptes \u00e0 solder\u00a0; leur traitement de Gaza leur co\u00fbtera cher. Les juifs US agiront sagement en prenant leurs distances avec cette dette colossale et\u00a0 toujours croissante.<\/span><\/p>\n<p style=\"text-align: justify;\"><span style=\"font-family: times new roman, times, serif; font-size: 14pt;\">Et qu\u2019ils r\u00e9fl\u00e9chissent \u00e0 leur propre dette, caus\u00e9e par une conduite irresponsable. Cette dette, ils peuvent s\u2019en acquitter en \u00e9coutant les r\u00e9criminations de leurs concitoyens.<\/span><\/p>\n<p style=\"text-align: justify;\"><span style=\"font-family: times new roman, times, serif; font-size: 14pt;\"><em>On peut joindre Isra\u00ebl Shamir sur\u00a0<\/em><a href=\"mailto:adam@israelshamir.net\"><strong><em>adam@israelshamir.net<\/em><\/strong><\/a><\/span><\/p>\n<p style=\"text-align: justify;\"><span style=\"font-family: times new roman, times, serif; font-size: 14pt;\">Source\u00a0: <a href=\"http:\/\/plumenclume.org\/blog\/395-avertissement-aux-juifs\">http:\/\/plumenclume.org\/blog\/395-avertissement-aux-juifs<\/a><\/span><\/p>\n<p style=\"text-align: justify;\"><span style=\"font-family: times new roman, times, serif; font-size: 14pt;\">Source: <a href=\"http:\/\/www.unz.com\/ishamir\/pittsburgh-advice-to-jews\/\"><strong><em>The Unz Review<\/em><\/strong><\/a>.<\/span><\/p>\n<p>&nbsp;<\/p>\n<p style=\"text-align: justify;\"><span style=\"font-family: times new roman, times, serif; font-size: 14pt;\"><img loading=\"lazy\" class=\"size-full wp-image-331 aligncenter\" src=\"http:\/\/blog.lesgrossesorchadeslesamplesthalameges.fr\/wp-content\/uploads\/2018\/11\/kleio-X.gif\" alt=\"\" width=\"75\" height=\"83\" \/><\/span><\/p>\n<p>&nbsp;<\/p>\n<p style=\"text-align: right;\"><span style=\"font-family: comic sans ms, sans-serif; font-size: 14pt; color: #000000;\">Novembre 2018<\/span><\/p>\n<p>&nbsp;<\/p>\n<p>&nbsp;<\/p>\n","protected":false},"excerpt":{"rendered":"<p>&nbsp; &nbsp; &nbsp; &nbsp; &nbsp; Tuerie de Pittsburgh. Israel Shamir brode sur la version contemporaine de l\u2019histoire imm\u00e9moriale d\u2019Abel tuant Ca\u00efn, puis s\u2019en allant couiner de si\u00e8cle en si\u00e8cle\u00a0: \u00ab\u00a0Ca\u00efn m\u2019a tuer\u00a0!\u00a0\u00bb \u00a0 Avertissement aux juifs Isra\u00ebl Adam Shamir \u2013 Entre la plume et l\u2019enclume \u2013 3.11.2018\u00a0 Traduction\u00a0: Maria Poumier &nbsp; &nbsp; J\u2019h\u00e9sitais \u00e0 \u00e9crire&#8230;<\/p>\n","protected":false},"author":1,"featured_media":0,"parent":0,"menu_order":0,"comment_status":"closed","ping_status":"closed","template":"","meta":[],"_links":{"self":[{"href":"https:\/\/blog.lesgrossesorchadeslesamplesthalameges.fr\/index.php\/wp-json\/wp\/v2\/pages\/369"}],"collection":[{"href":"https:\/\/blog.lesgrossesorchadeslesamplesthalameges.fr\/index.php\/wp-json\/wp\/v2\/pages"}],"about":[{"href":"https:\/\/blog.lesgrossesorchadeslesamplesthalameges.fr\/index.php\/wp-json\/wp\/v2\/types\/page"}],"author":[{"embeddable":true,"href":"https:\/\/blog.lesgrossesorchadeslesamplesthalameges.fr\/index.php\/wp-json\/wp\/v2\/users\/1"}],"replies":[{"embeddable":true,"href":"https:\/\/blog.lesgrossesorchadeslesamplesthalameges.fr\/index.php\/wp-json\/wp\/v2\/comments?post=369"}],"version-history":[{"count":0,"href":"https:\/\/blog.lesgrossesorchadeslesamplesthalameges.fr\/index.php\/wp-json\/wp\/v2\/pages\/369\/revisions"}],"wp:attachment":[{"href":"https:\/\/blog.lesgrossesorchadeslesamplesthalameges.fr\/index.php\/wp-json\/wp\/v2\/media?parent=369"}],"curies":[{"name":"wp","href":"https:\/\/api.w.org\/{rel}","templated":true}]}}