{"id":376,"date":"2018-11-04T17:29:31","date_gmt":"2018-11-04T16:29:31","guid":{"rendered":"http:\/\/blog.lesgrossesorchadeslesamplesthalameges.fr\/?page_id=376"},"modified":"2018-11-04T17:29:35","modified_gmt":"2018-11-04T16:29:35","slug":"georges-ibrahim-abdallah-mourra-t-il-centenaire-en-prison","status":"publish","type":"page","link":"https:\/\/blog.lesgrossesorchadeslesamplesthalameges.fr\/index.php\/georges-ibrahim-abdallah-mourra-t-il-centenaire-en-prison\/","title":{"rendered":"Georges Ibrahim Abdallah mourra-t-il centenaire en prison ?"},"content":{"rendered":"<p>&nbsp;<\/p>\n<p>&nbsp;<\/p>\n<p>&nbsp;<\/p>\n<p>&nbsp;<\/p>\n<p>&nbsp;<\/p>\n<p style=\"text-align: center;\"><span style=\"font-family: times new roman, times, serif; font-size: 24pt; color: #800080;\"><strong><em>Georges Ibrahim Abdallah mourra-t-il centenaire en prison\u00a0?<\/em><\/strong><\/span><\/p>\n<p>&nbsp;<\/p>\n<p><img loading=\"lazy\" class=\"aligncenter wp-image-378\" src=\"http:\/\/blog.lesgrossesorchadeslesamplesthalameges.fr\/wp-content\/uploads\/2018\/11\/Georges-1-300x179.jpg\" alt=\"\" width=\"600\" height=\"357\" srcset=\"https:\/\/blog.lesgrossesorchadeslesamplesthalameges.fr\/wp-content\/uploads\/2018\/11\/Georges-1-300x179.jpg 300w, https:\/\/blog.lesgrossesorchadeslesamplesthalameges.fr\/wp-content\/uploads\/2018\/11\/Georges-1.jpg 640w\" sizes=\"(max-width: 600px) 100vw, 600px\" \/><\/p>\n<p>&nbsp;<\/p>\n<p style=\"text-align: justify;\"><span style=\"font-family: comic sans ms, sans-serif; font-size: 14pt;\"><strong>Depuis 1984, cinq pr\u00e9sidents de la R\u00e9publique &#8211; Fran\u00e7ois Mitterrand, Jacques Chirac, Nicolas Sarkozy, Fran\u00e7ois Hollande\u00a0, Emmanuel Macron &#8211;\u00a0 et, grosso modo 64 millions de Fran\u00e7ais se sont couch\u00e9s et se couchent devant le lobby Isra\u00e9lien \u2013 \u00e9tat dans l\u2019\u00e9tat en France \u2013 sauf quelques-uns, dont ceux qui suivent\u00a0:<\/strong><\/span><\/p>\n<p>&nbsp;<\/p>\n<p><span style=\"font-family: times new roman, times, serif; font-size: 14pt;\"><strong>\u00a0<img loading=\"lazy\" class=\"alignnone wp-image-335\" src=\"http:\/\/blog.lesgrossesorchadeslesamplesthalameges.fr\/wp-content\/uploads\/2018\/11\/0.-Banni\u00e8re-Secours-Rouge-300x67.jpg\" alt=\"\" width=\"750\" height=\"168\" srcset=\"https:\/\/blog.lesgrossesorchadeslesamplesthalameges.fr\/wp-content\/uploads\/2018\/11\/0.-Banni\u00e8re-Secours-Rouge-300x67.jpg 300w, https:\/\/blog.lesgrossesorchadeslesamplesthalameges.fr\/wp-content\/uploads\/2018\/11\/0.-Banni\u00e8re-Secours-Rouge-768x172.jpg 768w, https:\/\/blog.lesgrossesorchadeslesamplesthalameges.fr\/wp-content\/uploads\/2018\/11\/0.-Banni\u00e8re-Secours-Rouge-1024x229.jpg 1024w, https:\/\/blog.lesgrossesorchadeslesamplesthalameges.fr\/wp-content\/uploads\/2018\/11\/0.-Banni\u00e8re-Secours-Rouge.jpg 1170w\" sizes=\"(max-width: 750px) 100vw, 750px\" \/><\/strong><\/span><\/p>\n<p>&nbsp;<\/p>\n<p>&nbsp;<\/p>\n<p><span style=\"font-family: times new roman, times, serif; font-size: 14pt;\"><strong>28 octobre 2018<\/strong><\/span><\/p>\n<p style=\"text-align: center;\"><span style=\"font-family: times new roman, times, serif; font-size: 36pt;\"><strong>Bilan de la semaine d\u2019action internationale pour Georges Abdallah<\/strong><\/span><\/p>\n<p>&nbsp;<\/p>\n<p style=\"text-align: justify;\"><span style=\"font-family: times new roman, times, serif; font-size: 14pt;\"><strong>\u00c0 l\u2019initiative de <em>Samidoun<\/em>, une Semaine internationale d\u2019actions pour la lib\u00e9ration de Georges Abdallah a eu lieu du 13 au 28 octobre dans 20 pays et des dizaines de villes (la liste des activit\u00e9s ci-dessous)\u00a0:<\/strong><\/span><\/p>\n<p style=\"text-align: justify;\"><span style=\"font-family: times new roman, times, serif; font-size: 14pt;\"><strong>Toulouse (France),<\/strong> samedi 13 octobre\u00a0: stand d\u2019information sur Georges Abdallah et les prisonniers palestiniens par Coup Pour Coup 31<\/span><\/p>\n<p style=\"text-align: justify;\"><span style=\"font-family: times new roman, times, serif; font-size: 14pt;\"><strong>Berlin (Allemagne),<\/strong> samedi 13 octobre\u00a0: cort\u00e8ge pour Georges Abdallah dans une manifestation antifasciste et antiraciste par Samidoun<\/span><\/p>\n<p style=\"text-align: justify;\"><span style=\"font-family: times new roman, times, serif; font-size: 14pt;\"><strong>Manchester (Angleterre),<\/strong> samedi 13 octobre\u00a0: stand d\u2019information sur Georges Abdallah par <em>Victory to the Intifada.<\/em><\/span><\/p>\n<p style=\"text-align: justify;\"><span style=\"font-family: times new roman, times, serif; font-size: 14pt;\"><strong>Lyon (France),<\/strong> dimanche 14 octobre\u00a0: fresque pour Georges Abdallah par la Jeune Garde Lyon<\/span><\/p>\n<p style=\"text-align: justify;\"><span style=\"font-family: times new roman, times, serif; font-size: 14pt;\"><strong>Bagnolet (France),<\/strong> dimanche 14 octobre\u00a0: action solidaire lors d\u2019un match de football MFC 1871 et Bagnolet<\/span><\/p>\n<p style=\"text-align: justify;\"><span style=\"font-family: times new roman, times, serif; font-size: 14pt;\"><strong>Amsterdam (Pays Bas),<\/strong> lundi 15 octobre\u00a0: photo de solidarit\u00e9 lors d\u2019une conf\u00e9rence de Revolutionaire Eenheid<\/span><\/p>\n<p style=\"text-align: justify;\"><span style=\"font-family: times new roman, times, serif; font-size: 14pt;\"><strong>Marseille (France),<\/strong> mercredi 17 octobre\u00a0: conf\u00e9rence sur le 17 octobre 1961 et Georges Abdallah organis\u00e9e par le FUIQP<\/span><\/p>\n<p style=\"text-align: justify;\"><span style=\"font-family: times new roman, times, serif; font-size: 14pt;\"><strong>Paris (France),<\/strong> mercredi 17 octobre\u00a0: bloc pour la lib\u00e9ration de Georges Abdallah lors du rassemblement pour comm\u00e9morer les massacres du 17 octobre 1961<\/span><\/p>\n<p style=\"text-align: justify;\"><span style=\"font-family: times new roman, times, serif; font-size: 14pt;\"><strong>Birzeit (Palestine),<\/strong> mercredi 17 octobre\u00a0: conf\u00e9rence \u00e0 l\u2019universit\u00e9 sur Georges Abdallah et les combattants internationalistes organis\u00e9e par le P\u00f4le des \u00c9tudiants Progressistes.<\/span><\/p>\n<p style=\"text-align: justify;\"><span style=\"font-family: times new roman, times, serif; font-size: 14pt;\"><strong>Chatila (Liban),<\/strong> vendredi 19 octobre\u00a0:\u00a0conf\u00e9rence de l\u2019\u00e9crivain arabe Thurayya Assi sur Georges Abdallah<\/span><\/p>\n<p style=\"text-align: justify;\"><span style=\"font-family: times new roman, times, serif; font-size: 14pt;\"><strong>G\u00f6teborg (Su\u00e8de),<\/strong> vendredi 19 octobre\u00a0: manifestation pour la Palestine et ses prisonniers, dont Georges Abdallah<\/span><\/p>\n<p style=\"text-align: justify;\"><span style=\"font-family: times new roman, times, serif; font-size: 14pt;\"><strong>Rojava<\/strong>, vendredi 19 octobre\u00a0: d\u00e9claration vid\u00e9o de solidarit\u00e9 par le TKP\/ML TIKKO<\/span><\/p>\n<p style=\"text-align: justify;\"><span style=\"font-family: times new roman, times, serif; font-size: 14pt;\"><strong>Naples (Italie),<\/strong> vendredi 19 octobre\u00a0: photo de solidarit\u00e9 r\u00e9alis\u00e9e par la Coordinamento Napoli Palestina<\/span><\/p>\n<p style=\"text-align: justify;\"><span style=\"font-family: times new roman, times, serif; font-size: 14pt;\"><strong>Sa\u00efda (Liban),<\/strong> samedi 20 octobre\u00a0: meeting de soutien organis\u00e9 par la campagne libanaise<\/span><\/p>\n<p style=\"text-align: justify;\"><span style=\"font-family: times new roman, times, serif; font-size: 14pt;\"><strong>Lannemezan (France),<\/strong> samedi 20 octobre\u00a0: manifestation devant la prison de Georges Abdallah regroupant 500 personnes<\/span><\/p>\n<p style=\"text-align: justify;\"><span style=\"font-family: times new roman, times, serif; font-size: 14pt;\"><strong>Madrid (\u00c9tat espagnol),<\/strong> samedi 20 octobre\u00a0: photo de solidarit\u00e9 lors d\u2019une manifestation contre la r\u00e9pression organis\u00e9e par Iniciativa Comunista\u00a0et le Movimiento Antirrepresivo<\/span><\/p>\n<p style=\"text-align: justify;\"><span style=\"font-family: times new roman, times, serif; font-size: 14pt;\"><strong>Tunis (Tunisie),<\/strong> samedi 20 octobre\u00a0: rassemblement devant l\u2019ambassade de France organis\u00e9 par le comit\u00e9 tunisien<\/span><\/p>\n<p style=\"text-align: justify;\"><span style=\"font-family: times new roman, times, serif; font-size: 14pt;\"><strong>Montr\u00e9al (Canada),<\/strong> samedi 20 octobre\u00a0: photo de solidarit\u00e9 devant l\u2019ambassade de France r\u00e9alis\u00e9e par le Secours Rouge Canada<\/span><\/p>\n<p style=\"text-align: justify;\"><span style=\"font-family: times new roman, times, serif; font-size: 14pt;\"><strong>Francfort (Allemagne),<\/strong> samedi 20 octobre\u00a0: photo de solidarit\u00e9 lors d\u2019un colloque organis\u00e9 par l\u2019ATIK et intervention de solidarit\u00e9 par un ex prisonnier de l\u2019ATIK<\/span><\/p>\n<p style=\"text-align: justify;\"><span style=\"font-family: times new roman, times, serif; font-size: 14pt;\"><strong>Vienne (Autriche)<\/strong>, samedi 20 octobre\u00a0: stand d\u2019information organis\u00e9 par le Comit\u00e9 local<\/span><\/p>\n<p style=\"text-align: justify;\"><span style=\"font-family: times new roman, times, serif; font-size: 14pt;\"><strong>Milan (Italie),<\/strong> samedi 20 octobre\u00a0: manifestation organis\u00e9e par Fronte Palestina et le Secours Rouge<\/span><\/p>\n<p style=\"text-align: justify;\"><span style=\"font-family: times new roman, times, serif; font-size: 14pt;\"><strong>Tripoli (Liban),<\/strong> dimanche 21 octobre\u00a0: fresque r\u00e9alis\u00e9e sur un mur de la ville<\/span><\/p>\n<p style=\"text-align: justify;\"><span style=\"font-family: times new roman, times, serif; font-size: 14pt;\"><strong>Ramallah (Palestine),<\/strong> dimanche 21 octobre\u00a0: manifestation organis\u00e9e par le FPLP<\/span><\/p>\n<p style=\"text-align: justify;\"><span style=\"font-family: times new roman, times, serif; font-size: 14pt;\"><strong>Z\u00fcrich (Suisse),<\/strong> lundi 22 octobre\u00a0: photo de solidarit\u00e9 r\u00e9alis\u00e9e par la RJZ<\/span><\/p>\n<p style=\"text-align: justify;\"><span style=\"font-family: times new roman, times, serif; font-size: 14pt;\"><strong>Gaza (Palestine),<\/strong> lundi 22 octobre\u00a0: manifestation organis\u00e9e par le FPLP<\/span><\/p>\n<p style=\"text-align: justify;\"><span style=\"font-family: times new roman, times, serif; font-size: 14pt;\"><strong>Beyrouth (Liban),<\/strong> mardi 23 octobre\u00a0: tags sur l\u2019ambassade de France<\/span><\/p>\n<p style=\"text-align: justify;\"><span style=\"font-family: times new roman, times, serif; font-size: 14pt;\"><strong>Bruxelles (Belgique),<\/strong> mercredi 24 octobre\u00a0: d\u00e9ploiement d\u2019une banderole g\u00e9ante sur le Palais de Justice<\/span><\/p>\n<p style=\"text-align: justify;\"><span style=\"font-family: times new roman, times, serif; font-size: 14pt;\"><strong>Amman (Jordanie),<\/strong> mercredi 24 octobre\u00a0: rassemblement devant l\u2019ambassade de France<\/span><\/p>\n<p style=\"text-align: justify;\"><span style=\"font-family: times new roman, times, serif; font-size: 14pt;\"><strong>Ath\u00e8nes (Gr\u00e8ce),<\/strong> mercredi 24 octobre\u00a0: rassemblement devant l\u2019ambassade de France<\/span><\/p>\n<p style=\"text-align: justify;\"><span style=\"font-family: times new roman, times, serif; font-size: 14pt;\"><strong>Lille (France),<\/strong> mercreid 24 octobre\u00a0: manifestation organis\u00e9e par de nombreux collectifs<\/span><\/p>\n<p style=\"text-align: justify;\"><span style=\"font-family: times new roman, times, serif; font-size: 14pt;\"><strong>Gen\u00e8ve (Suisse),<\/strong> mercredi 24 octobre\u00a0: atelier d\u2019\u00e9criture organis\u00e9 par le Secours Rouge<\/span><\/p>\n<p style=\"text-align: justify;\"><span style=\"font-family: times new roman, times, serif; font-size: 14pt;\"><strong>Saint-Denis (France),<\/strong> jeudi 25 octobre\u00a0: conf\u00e9rence \u00ab\u00a0La prison par les prisonniers\u00a0\u00bb avec la participation du CLGIA<\/span><\/p>\n<p style=\"text-align: justify;\"><span style=\"font-family: times new roman, times, serif; font-size: 14pt;\"><strong>Copenhague (Danemark),<\/strong> vendredi 26 octobre\u00a0: d\u00e9p\u00f4t d\u2019une lettre ouverte \u00e0 l\u2019ambassadeur de France<\/span><\/p>\n<p style=\"text-align: justify;\"><span style=\"font-family: times new roman, times, serif; font-size: 14pt;\"><strong>Belfast (Irlande),<\/strong> samedi 27 octobre\u00a0: vigile de solidarit\u00e9<\/span><\/p>\n<p style=\"text-align: justify;\"><span style=\"font-family: times new roman, times, serif; font-size: 14pt;\"><strong>Beyrouth (Liban),<\/strong> samedi 27 octobre\u00a0: rassemblement devant le Minist\u00e8re des Affaires Etrang\u00e8res<\/span><\/p>\n<p style=\"text-align: justify;\"><span style=\"font-family: times new roman, times, serif; font-size: 14pt;\"><strong>Sydney (Australie),<\/strong> samedi 27 octobre\u00a0: photo de solidarit\u00e9 lors d\u2019une manifestation.<\/span><\/p>\n<p>&nbsp;<\/p>\n<p><span style=\"font-family: times new roman, times, serif; font-size: 14pt;\"><img loading=\"lazy\" class=\"wp-image-336 aligncenter\" src=\"http:\/\/blog.lesgrossesorchadeslesamplesthalameges.fr\/wp-content\/uploads\/2018\/11\/MANIF-ATHENES-300x225.jpg\" alt=\"\" width=\"500\" height=\"375\" srcset=\"https:\/\/blog.lesgrossesorchadeslesamplesthalameges.fr\/wp-content\/uploads\/2018\/11\/MANIF-ATHENES-300x225.jpg 300w, https:\/\/blog.lesgrossesorchadeslesamplesthalameges.fr\/wp-content\/uploads\/2018\/11\/MANIF-ATHENES-768x576.jpg 768w, https:\/\/blog.lesgrossesorchadeslesamplesthalameges.fr\/wp-content\/uploads\/2018\/11\/MANIF-ATHENES-1024x768.jpg 1024w, https:\/\/blog.lesgrossesorchadeslesamplesthalameges.fr\/wp-content\/uploads\/2018\/11\/MANIF-ATHENES.jpg 1032w\" sizes=\"(max-width: 500px) 100vw, 500px\" \/><\/span><\/p>\n<p style=\"text-align: center;\"><span style=\"font-family: times new roman, times, serif; font-size: 14pt;\"><strong><em>Rassemblement \u00e0 Ath\u00e8nes pour la lib\u00e9ration de Georges Abdallah<\/em><\/strong><\/span><\/p>\n<p>&nbsp;<\/p>\n<p style=\"text-align: left;\"><span style=\"font-family: times new roman, times, serif; font-size: 14pt;\">Source et suite du dossier\u00a0: <a href=\"https:\/\/secoursrouge.org\/Bilan-de-la-Semaine-Internationale-d-actions-pour-Georges-Abdallah\">https:\/\/secoursrouge.org\/Bilan-de-la-Semaine-Internationale-d-actions-pour-Georges-Abdallah<\/a><\/span><\/p>\n<p style=\"text-align: left;\"><span style=\"font-family: times new roman, times, serif; font-size: 14pt;\"><strong>\u00a0<\/strong><\/span><\/p>\n<p>&nbsp;<\/p>\n<p style=\"text-align: right;\"><span style=\"font-family: times new roman, times, serif; font-size: 14pt;\"><span style=\"font-family: comic sans ms, sans-serif;\">Novembre 2018<\/span><\/span><strong><br \/>\n<\/strong><\/p>\n<p>&nbsp;<\/p>\n","protected":false},"excerpt":{"rendered":"<p>&nbsp; &nbsp; &nbsp; &nbsp; &nbsp; Georges Ibrahim Abdallah mourra-t-il centenaire en prison\u00a0? &nbsp; &nbsp; Depuis 1984, cinq pr\u00e9sidents de la R\u00e9publique &#8211; Fran\u00e7ois Mitterrand, Jacques Chirac, Nicolas Sarkozy, Fran\u00e7ois Hollande\u00a0, Emmanuel Macron &#8211;\u00a0 et, grosso modo 64 millions de Fran\u00e7ais se sont couch\u00e9s et se couchent devant le lobby Isra\u00e9lien \u2013 \u00e9tat dans l\u2019\u00e9tat en&#8230;<\/p>\n","protected":false},"author":1,"featured_media":0,"parent":0,"menu_order":0,"comment_status":"closed","ping_status":"closed","template":"","meta":[],"_links":{"self":[{"href":"https:\/\/blog.lesgrossesorchadeslesamplesthalameges.fr\/index.php\/wp-json\/wp\/v2\/pages\/376"}],"collection":[{"href":"https:\/\/blog.lesgrossesorchadeslesamplesthalameges.fr\/index.php\/wp-json\/wp\/v2\/pages"}],"about":[{"href":"https:\/\/blog.lesgrossesorchadeslesamplesthalameges.fr\/index.php\/wp-json\/wp\/v2\/types\/page"}],"author":[{"embeddable":true,"href":"https:\/\/blog.lesgrossesorchadeslesamplesthalameges.fr\/index.php\/wp-json\/wp\/v2\/users\/1"}],"replies":[{"embeddable":true,"href":"https:\/\/blog.lesgrossesorchadeslesamplesthalameges.fr\/index.php\/wp-json\/wp\/v2\/comments?post=376"}],"version-history":[{"count":0,"href":"https:\/\/blog.lesgrossesorchadeslesamplesthalameges.fr\/index.php\/wp-json\/wp\/v2\/pages\/376\/revisions"}],"wp:attachment":[{"href":"https:\/\/blog.lesgrossesorchadeslesamplesthalameges.fr\/index.php\/wp-json\/wp\/v2\/media?parent=376"}],"curies":[{"name":"wp","href":"https:\/\/api.w.org\/{rel}","templated":true}]}}