{"id":386,"date":"2018-11-04T17:30:00","date_gmt":"2018-11-04T16:30:00","guid":{"rendered":"http:\/\/blog.lesgrossesorchadeslesamplesthalameges.fr\/?page_id=386"},"modified":"2018-11-04T17:30:04","modified_gmt":"2018-11-04T16:30:04","slug":"le-siege-de-leningrad","status":"publish","type":"page","link":"https:\/\/blog.lesgrossesorchadeslesamplesthalameges.fr\/index.php\/le-siege-de-leningrad\/","title":{"rendered":"Le si\u00e8ge de L\u00e9ningrad"},"content":{"rendered":"<p>&nbsp;<\/p>\n<p>&nbsp;<\/p>\n<p>&nbsp;<\/p>\n<p>&nbsp;<\/p>\n<p style=\"text-align: center;\"><span style=\"font-family: times new roman, times, serif; font-size: 36pt; color: #800080;\">LE SI\u00c8GE DE L\u00c9NINGRAD<\/span><\/p>\n<p>&nbsp;<\/p>\n<p style=\"text-align: center;\"><span style=\"font-family: times new roman, times, serif; font-size: 14pt;\"><strong><span style=\"font-size: 36pt;\">Le nouveau film-scandale \u00ab\u00a0La F\u00eate\u00a0\u00bb du blocus de L\u00e9ningrad de Krassovsky ou des limites de la libert\u00e9 artistique<\/span><\/strong><\/span><\/p>\n<p style=\"text-align: center;\"><span style=\"font-family: times new roman, times, serif; font-size: 14pt;\"><span style=\"font-size: 18pt;\"><strong>Karine Bechet Golovko \u2013 <em>Russie Politics<\/em> \u2013<\/strong><\/span> 22.10.2018<\/span><\/p>\n<p>&nbsp;<\/p>\n<p><img loading=\"lazy\" class=\"aligncenter wp-image-387\" src=\"http:\/\/blog.lesgrossesorchadeslesamplesthalameges.fr\/wp-content\/uploads\/2018\/11\/Leningrad-1-1-300x200.jpg\" alt=\"\" width=\"500\" height=\"333\" srcset=\"https:\/\/blog.lesgrossesorchadeslesamplesthalameges.fr\/wp-content\/uploads\/2018\/11\/Leningrad-1-1-300x200.jpg 300w, https:\/\/blog.lesgrossesorchadeslesamplesthalameges.fr\/wp-content\/uploads\/2018\/11\/Leningrad-1-1.jpg 400w\" sizes=\"(max-width: 500px) 100vw, 500px\" \/><\/p>\n<p>&nbsp;<\/p>\n<p style=\"text-align: justify;\"><span style=\"font-family: times new roman, times, serif; font-size: 14pt;\">Dans toute soci\u00e9t\u00e9, il y a un consensus autour des \u00e9l\u00e9ments sacr\u00e9s qui forgent la m\u00e9moire nationale. M\u00eame si cela n&rsquo;est pas formellement \u00e9crit dans la loi, l&rsquo;on ne tournera pas de com\u00e9die autour du 11 septembre aux \u00c9tats-Unis, l&rsquo;on ne tournera pas au ridicule l&rsquo;Holocauste et ce pas uniquement \u00e0 Tel Aviv, parce que ce sont des trag\u00e9dies qui ont marqu\u00e9 les peuples, qui les soudent autour d&rsquo;une m\u00eame histoire. Parce que la conscience d&rsquo;un peuple est faite de sang s\u00e9ch\u00e9 et de chairs br\u00fbl\u00e9es. De cadavres qui ont permis de sauver le pays. De corps inertes sur lesquels les vivants s&rsquo;appuient et sans lesquels ils tombent. En Russie, le blocus de L\u00e9ningrad appartient \u00e0 cette cat\u00e9gorie. Du 8 septembre 1941 au 27 janvier 1944, environ un million de personnes sont mortes et la plus grande partie d&rsquo;entre elles de faim.<\/span><\/p>\n<p style=\"text-align: justify;\"><span style=\"font-family: times new roman, times, serif; font-size: 14pt;\">C&rsquo;est dans ce \u00ab\u00a0d\u00e9cor\u00a0\u00bb que le nouveau r\u00e9alisateur \u00e0 la mode, Alexei Krassovsky, tourne une com\u00e9die noire mais l\u00e9g\u00e8re pour le Nouvel An, qui se passe dans une famille \u00ab\u00a0ais\u00e9e\u00a0\u00bb f\u00eatant de mani\u00e8re gargantuesque le 31 d\u00e9cembre 1941, en petite robe l\u00e9g\u00e8re, alors qu&rsquo;il s&rsquo;agit de l&rsquo;hiver le plus froid, qu&rsquo;il n&rsquo;y a plus ni \u00e9lectricit\u00e9 ni chauffage. Une telle hargne du r\u00e9alisateur face \u00e0 l&rsquo;histoire de son pays, cette manie de travestir la r\u00e9alit\u00e9 en reprenant la propagande allemande et la participation d&rsquo;acteurs connus obligent \u00e0 s&rsquo;interroger sur les d\u00e9chirures de la soci\u00e9t\u00e9 russe contemporaine, o\u00f9 une certaine \u00ab\u00a0\u00e9lite\u00a0\u00bb postmoderne joue un r\u00f4le central dans la d\u00e9structuration du pays.<\/span><\/p>\n<p style=\"text-align: justify;\"><span style=\"font-family: times new roman, times, serif; font-size: 14pt;\">Apr\u00e8s les films (qui n&rsquo;ont pas convaincu le public, heureusement) comme <em>Mathilda<\/em> (d\u00e9formant l&rsquo;image de Nicolas II) et <a href=\"https:\/\/fr.wikipedia.org\/wiki\/La_Mort_de_Staline\">la pseudo-com\u00e9die de mauvais go\u00fbt sur la mort de Staline<\/a>, ce n&rsquo;est pas par hasard que l&rsquo;intelligentsia russe s&rsquo;attaque au blocus de L\u00e9ningrad, autre embl\u00e8me national, qui d\u00e9range.<\/span><\/p>\n<p style=\"text-align: justify;\"><span style=\"font-family: times new roman, times, serif; font-size: 14pt;\">Ainsi, le r\u00e9alisateur russe Alexei Krassovky, apr\u00e8s avoir r\u00e9alis\u00e9 des s\u00e9ries TV et ayant \u00e9t\u00e9 reconnu pour son premier long-m\u00e9trage <em>Collector<\/em> en 2016, doit manifestement remplacer le finalement rempla\u00e7able <a href=\"https:\/\/fr.wikipedia.org\/wiki\/Kirill_Serebrennikov\">Serebrennikov<\/a> et ouvrir une nouvelle page des scandales cin\u00e9matographiques, faute d&rsquo;avoir suffisamment de talent pour ouvrir une nouvelle page de l&rsquo;histoire du cin\u00e9ma.<\/span><\/p>\n<p style=\"text-align: justify;\"><span style=\"font-family: times new roman, times, serif; font-size: 14pt;\">Il lance donc un film <a href=\"http:\/\/www.aif.ru\/culture\/movie\/chto_izvestno_o_filme_prazdnik_pro_blokadnyy_leningrad\"><strong><em>Prazdnik<\/em><\/strong><\/a> (\u00ab\u00a0La F\u00eate\u00a0\u00bb) sur l&rsquo;histoire d&rsquo;une famille privil\u00e9gi\u00e9e lors du blocus de L\u00e9ningrad, qui priv\u00e9e de sa servante, doit faire cuire elle-m\u00eame un poulet, et voit sa table garnie de mani\u00e8re ind\u00e9cente lors du r\u00e9veillon du Nouvel An. Tout se passe \u00e0 merveille, entre gens de la bonne soci\u00e9t\u00e9, lorsqu&rsquo;arrivent des invit\u00e9s non pr\u00e9vus, affam\u00e9s, que les enfants ont convi\u00e9 sans pr\u00e9venir la m\u00e8re. Et la com\u00e9die va tourner autour de cela.<\/span><\/p>\n<p style=\"text-align: justify;\"><span style=\"font-family: times new roman, times, serif; font-size: 14pt;\">L&rsquo;accueil fait \u00e0 l&rsquo;annonce de ce film dans la soci\u00e9t\u00e9 russe est pour le moins tr\u00e8s froid, \u00e0 l\u2019exception d&rsquo;une certaine intelligentsia dont les deux arguments principaux sont tout \u00e0 fait dans l&rsquo;air du temps.<\/span><\/p>\n<p>&nbsp;<\/p>\n<p style=\"text-align: left;\"><span style=\"font-family: times new roman, times, serif; font-size: 18pt;\"><strong><em>Premier argument : ce film a \u00e9t\u00e9 financ\u00e9 sur fonds priv\u00e9s, donc il n&rsquo;y aurait rien \u00e0 dire.\u00a0<\/em><\/strong><\/span><\/p>\n<p style=\"text-align: justify;\"><span style=\"font-family: times new roman, times, serif; font-size: 14pt;\">Que le film soit financ\u00e9 sur fonds publics ou priv\u00e9s, il existe toujours des limites \u00e0 ne pas d\u00e9passer, notamment en ce qui concerne la r\u00e9\u00e9criture de l&rsquo;histoire, l&rsquo;incitation \u00e0 la d\u00e9stabilisation de la soci\u00e9t\u00e9 par diff\u00e9rents moyens, etc. Le culte du priv\u00e9 qui aurait tous les droits a des limites qu&rsquo;un minimum de culture devrait rendre compr\u00e9hensible, m\u00eame de nos jours.<\/span><\/p>\n<p style=\"text-align: justify;\"><span style=\"font-family: times new roman, times, serif; font-size: 14pt;\">Ensuite, si l&rsquo;on s&rsquo;attache au <a href=\"http:\/\/www.aif.ru\/culture\/movie\/vot_takoy_prazdnik_blokada_leningrada_stala_povodom_dlya_chernogo_yumora\"><strong>financement<\/strong><\/a>, justement beaucoup de questions doivent \u00eatre soulev\u00e9es &#8230; Car d&rsquo;o\u00f9 viennent r\u00e9ellement ces fonds \u00ab\u00a0priv\u00e9s\u00a0\u00bb ? D\u00e9but ao\u00fbt, une campagne de dons a \u00e9t\u00e9 ouverte sur une plateforme d\u00e9di\u00e9e \u00e0 cela, et sur le million et demi demand\u00e9, seulement un peu plus de 150.000 roubles (soit environ 2.000 euros &#8230;) ont pu \u00eatre r\u00e9colt\u00e9s et le r\u00e9alisateur annonce que le film est presque termin\u00e9. Avec un budget de &#8230; 2000 euros ??? D&rsquo;accord, le studio Lenfilm a pr\u00eat\u00e9 des costumes, la maison-mus\u00e9e a aussi \u00e9t\u00e9 pr\u00eat\u00e9e, mais il y a de toute mani\u00e8re des frais qui vont largement au-del\u00e0. Le r\u00e9alisateur aurait vendu des biens &#8230; \u00c7a ne fait vraiment pas s\u00e9rieux. L&rsquo;on a plut\u00f4t l&rsquo;impression que la campagne de lev\u00e9e de fonds priv\u00e9s a \u00e9t\u00e9 lanc\u00e9e en couverture du v\u00e9ritable financement, rest\u00e9 lui beaucoup plus discret &#8230;<\/span><\/p>\n<p>&nbsp;<\/p>\n<p style=\"text-align: left;\"><span style=\"font-family: times new roman, times, serif; font-size: 18pt;\"><strong><em>Deuxi\u00e8me argument : les faits sont bas\u00e9s sur le journal intime d&rsquo;un certain Nikola\u00ef Ribkovsky, donc c&rsquo;est vrai.<\/em><\/strong><\/span><\/p>\n<p style=\"text-align: justify;\"><span style=\"font-family: times new roman, times, serif; font-size: 14pt;\">Dans cet \u00e9trange journal intime, la vie d\u00e9crite dans ce L\u00e9ningrad sous blocus aurait d\u00fb produire une quantit\u00e9 surprenante d&rsquo;ob\u00e8ses et non pas un million de morts. Selon un <a href=\"https:\/\/www.ntv.ru\/video\/1651821\/\"><strong>historien<\/strong><\/a>, qui manifestement n&rsquo;int\u00e9resse pas cette intelligentsia, ce qui est d\u00e9crit dans ce journal intime n&rsquo;a aucun lien avec les documents historiques. Oui, les dirigeants de la ville, comme les chefs de bataillon ou autres encore cat\u00e9gories de personnes \u00ab\u00a0privil\u00e9gi\u00e9es\u00a0\u00bb avaient un peu plus que les autres, mais ils souffraient de la m\u00eame mani\u00e8re de la faim. Ils mangeaient juste assez pour ne pas en mourir. Il y a toute une fantasmagorie autour de caviar, de fromage, de vin etc. dans ce journal intime qui ne trouve aucune trace dans les documents d&rsquo;archives. Et comme le r\u00e9alisateur pr\u00e9tend se baser sur des faits r\u00e9els, il ne peut plus alors se cacher derri\u00e8re la libert\u00e9 artistique &#8230;<\/span><\/p>\n<p style=\"text-align: justify;\"><span style=\"font-family: times new roman, times, serif; font-size: 14pt;\">Finalement, <em>l&rsquo;alternative est assez simple: soit il s&rsquo;agit d&rsquo;une hargne visc\u00e9rale<\/em> envers ces gens qui h\u00e9ro\u00efquement ont gard\u00e9 la t\u00eate haute, sont morts pour d\u00e9fendre leur ville, ont surv\u00e9cu malgr\u00e9 les sacrifices et sont devenus des h\u00e9ros ordinaires dont l&rsquo;existence m\u00eame d\u00e9range la petitesse de notre \u00e9poque, \u00e9poque \u00e0 laquelle appartient parfaitement Krassovsky; soit le r\u00e9alisateur, qui est aussi le sc\u00e9nariste, sait parfaitement que les faits sont manipul\u00e9s, tronqu\u00e9s et truqu\u00e9s, qu&rsquo;il ne fait que reprendre et <em>mettre en image la propagande alors d\u00e9vers\u00e9e par les services nazis <\/em>de <a href=\"https:\/\/www.youtube.com\/watch?v=_5n-x3d3BTE\"><strong>d\u00e9sinformation<\/strong><\/a>. Et l\u00e0, la question se pose, juridiquement, sous un tout autre angle &#8230;<\/span><\/p>\n<p style=\"text-align: justify;\"><span style=\"font-family: times new roman, times, serif; font-size: 14pt;\">Dans tous les cas, montrer une famille le 31 d\u00e9cembre 1941, en petite chemise ou robe, alors que c&rsquo;est l&rsquo;hiver le plus froid de la guerre, qu&rsquo;il n&rsquo;y a plus d&rsquo;\u00e9lectricit\u00e9, de chauffage ou d&rsquo;eau courante, c&rsquo;est absurde. Par ailleurs, l&rsquo;histoire ne se passe pas dans leur appartement, mais \u00e0 la datcha, \u00e0 la campagne, en dehors m\u00eame de la ville. Quelle datcha? Rappelons qu&rsquo;il y a un blocus, que la ville est coup\u00e9e du reste du monde. L&rsquo;on parle de quoi? C&rsquo;est la version hollywoodienne de l&rsquo;histoire. Dans le meilleur des cas.<\/span><\/p>\n<p>&nbsp;<\/p>\n<p style=\"text-align: center;\"><img loading=\"lazy\" class=\"alignnone wp-image-388\" src=\"http:\/\/blog.lesgrossesorchadeslesamplesthalameges.fr\/wp-content\/uploads\/2018\/11\/Leningrad-2-300x162.jpg\" alt=\"\" width=\"600\" height=\"324\" srcset=\"https:\/\/blog.lesgrossesorchadeslesamplesthalameges.fr\/wp-content\/uploads\/2018\/11\/Leningrad-2-300x162.jpg 300w, https:\/\/blog.lesgrossesorchadeslesamplesthalameges.fr\/wp-content\/uploads\/2018\/11\/Leningrad-2.jpg 400w\" sizes=\"(max-width: 600px) 100vw, 600px\" \/><\/p>\n<p>&nbsp;<\/p>\n<p style=\"text-align: justify;\"><span style=\"font-family: times new roman, times, serif; font-size: 14pt;\">Maintenant, vous imaginez cette image du film en fonction des \u00e9l\u00e9ments qui sont connus. Il n&rsquo;y a pas d&rsquo;\u00e9lectricit\u00e9, donc on \u00e9teint les lumi\u00e8res. Il n&rsquo;y a pas de chauffage, donc on rajoute des couches de manteaux, on enl\u00e8ve tout ce qui se br\u00fble pour faire du feu. M\u00eame dans les cat\u00e9gories privil\u00e9gi\u00e9es, il y a un peu de viande, de farine, quelques grammes de pain et du th\u00e9. Vous videz donc la table de ces victuailles gargantuesques. <strong><em>Et maintenant, avec des visages fatigu\u00e9s, tr\u00f4nant sur des corps \u00e9puis\u00e9s par les efforts, le froid, la faim, essayez de tourner une com\u00e9die.<\/em><\/strong><\/span><\/p>\n<p style=\"text-align: justify;\"><span style=\"font-family: times new roman, times, serif; font-size: 14pt;\">D&rsquo;une mani\u00e8re g\u00e9n\u00e9rale, le fait de la multiplication des tentatives de d\u00e9sacralisation des fondements de la soci\u00e9t\u00e9 russe sous couvert d&rsquo;une \u00e9trange conception purement formaliste de la libert\u00e9, totalement d\u00e9gag\u00e9e de son pendant obligatoire dans toute soci\u00e9t\u00e9 civilis\u00e9e, \u00e0 savoir la responsabilit\u00e9, est un signe inqui\u00e9tant. Tout d&rsquo;abord, parce que cela montre que c&rsquo;est possible. L&rsquo;on se souviendra du soutien officiel apport\u00e9 \u00e0 <a href=\"https:\/\/www.marianne.net\/culture\/cinema-pauvre-matilda\"><em>Mathilda<\/em><\/a> (financ\u00e9 par le minist\u00e8re russe de la Culture), le malaise d\u00e9j\u00e0 autour de <a href=\"http:\/\/www.allocine.fr\/film\/fichefilm_gen_cfilm=239812.html\"><em>La mort de Staline<\/em><\/a>. L&rsquo;encha\u00eenement est finalement simplement logique. Si c&rsquo;est possible, cela va continuer et s&rsquo;aggraver. Ensuite, l&rsquo;inqui\u00e9tude vient du fait que des acteurs c\u00e9l\u00e8bres, qui jouent aussi dans des films plus \u00ab\u00a0patriotiques\u00a0\u00bb sur la guerre ont accept\u00e9 de figurer dans celui-l\u00e0 sans probl\u00e8me de conscience. Cela montre qu&rsquo;\u00e0 la diff\u00e9rence de la grande partie de la population russe, eux \u00ab\u00a0jouent\u00a0\u00bb le patriotisme, qui est \u00e0 la mode, et pas uniquement dans l&rsquo;intelligentsia, tout en discr\u00e9ditant par leur comportement son id\u00e9e m\u00eame. Enfin, la tentative syst\u00e9matique de taire la discussion, car il faudrait d&rsquo;abord attendre de voir le film en entier pour en discuter. Cette tentative bien classique est l\u00e0 pour \u00e9viter la discussion sur le fond. Car la question n&rsquo;est pas de savoir si telle ou telle sc\u00e8ne sera bien film\u00e9e ou non. <em>La question est de savoir si la soci\u00e9t\u00e9 a le droit de se d\u00e9fendre &#8211; et d&rsquo;\u00eatre d\u00e9fendue &#8211; lorsque ses fondements sont attaqu\u00e9s. <\/em>Ou bien si le libertaire a remplac\u00e9 la libert\u00e9, permettant la dissolution du lien social. Car c&rsquo;est justement le consensus social qui est directement attaqu\u00e9 ici.<\/span><\/p>\n<p style=\"text-align: left;\"><span style=\"font-family: times new roman, times, serif; font-size: 14pt;\">Source\u00a0: <\/span><a href=\"http:\/\/russiepolitics.blogspot.com\/2018\/10\/le-nouveau-film-scandale-la-fete-du.html\"><span style=\"font-family: times new roman, times, serif; font-size: 14pt;\">http:\/\/russiepolitics.blogspot.com\/2018\/10\/le-nouveau-film-scandale-la-fete-du.html<\/span><\/a><\/p>\n<p>&nbsp;<\/p>\n<p style=\"text-align: center;\"><img loading=\"lazy\" class=\"alignnone wp-image-394\" src=\"http:\/\/blog.lesgrossesorchadeslesamplesthalameges.fr\/wp-content\/uploads\/2018\/11\/Staline-\u00e0-ta-sante-Picasso-196x300.jpg\" alt=\"\" width=\"500\" height=\"766\" srcset=\"https:\/\/blog.lesgrossesorchadeslesamplesthalameges.fr\/wp-content\/uploads\/2018\/11\/Staline-\u00e0-ta-sante-Picasso-196x300.jpg 196w, https:\/\/blog.lesgrossesorchadeslesamplesthalameges.fr\/wp-content\/uploads\/2018\/11\/Staline-\u00e0-ta-sante-Picasso.jpg 334w\" sizes=\"(max-width: 500px) 100vw, 500px\" \/><\/p>\n<p>&nbsp;<\/p>\n<p style=\"text-align: center;\"><img loading=\"lazy\" class=\"alignnone size-full wp-image-362\" src=\"http:\/\/blog.lesgrossesorchadeslesamplesthalameges.fr\/wp-content\/uploads\/2018\/11\/kleio-X-3.gif\" alt=\"\" width=\"75\" height=\"83\" \/><\/p>\n<p>&nbsp;<\/p>\n<p style=\"text-align: right;\"><span style=\"font-family: comic sans ms, sans-serif;\">Novembre 2018<\/span><strong><br \/>\n<\/strong><\/p>\n<p>&nbsp;<\/p>\n<p>&nbsp;<\/p>\n","protected":false},"excerpt":{"rendered":"<p>&nbsp; &nbsp; &nbsp; &nbsp; LE SI\u00c8GE DE L\u00c9NINGRAD &nbsp; Le nouveau film-scandale \u00ab\u00a0La F\u00eate\u00a0\u00bb du blocus de L\u00e9ningrad de Krassovsky ou des limites de la libert\u00e9 artistique Karine Bechet Golovko \u2013 Russie Politics \u2013 22.10.2018 &nbsp; &nbsp; Dans toute soci\u00e9t\u00e9, il y a un consensus autour des \u00e9l\u00e9ments sacr\u00e9s qui forgent la m\u00e9moire nationale. M\u00eame&#8230;<\/p>\n","protected":false},"author":1,"featured_media":0,"parent":0,"menu_order":0,"comment_status":"closed","ping_status":"closed","template":"","meta":[],"_links":{"self":[{"href":"https:\/\/blog.lesgrossesorchadeslesamplesthalameges.fr\/index.php\/wp-json\/wp\/v2\/pages\/386"}],"collection":[{"href":"https:\/\/blog.lesgrossesorchadeslesamplesthalameges.fr\/index.php\/wp-json\/wp\/v2\/pages"}],"about":[{"href":"https:\/\/blog.lesgrossesorchadeslesamplesthalameges.fr\/index.php\/wp-json\/wp\/v2\/types\/page"}],"author":[{"embeddable":true,"href":"https:\/\/blog.lesgrossesorchadeslesamplesthalameges.fr\/index.php\/wp-json\/wp\/v2\/users\/1"}],"replies":[{"embeddable":true,"href":"https:\/\/blog.lesgrossesorchadeslesamplesthalameges.fr\/index.php\/wp-json\/wp\/v2\/comments?post=386"}],"version-history":[{"count":0,"href":"https:\/\/blog.lesgrossesorchadeslesamplesthalameges.fr\/index.php\/wp-json\/wp\/v2\/pages\/386\/revisions"}],"wp:attachment":[{"href":"https:\/\/blog.lesgrossesorchadeslesamplesthalameges.fr\/index.php\/wp-json\/wp\/v2\/media?parent=386"}],"curies":[{"name":"wp","href":"https:\/\/api.w.org\/{rel}","templated":true}]}}