{"id":3882,"date":"2019-04-13T23:19:59","date_gmt":"2019-04-13T21:19:59","guid":{"rendered":"http:\/\/blog.lesgrossesorchadeslesamplesthalameges.fr\/?page_id=3882"},"modified":"2019-04-14T17:47:41","modified_gmt":"2019-04-14T15:47:41","slug":"bale-iii-la-revolution-que-personne-na-vu-venir","status":"publish","type":"page","link":"https:\/\/blog.lesgrossesorchadeslesamplesthalameges.fr\/index.php\/bale-iii-la-revolution-que-personne-na-vu-venir\/","title":{"rendered":"B\u00e2le III &#8211; La r\u00e9volution que personne n&rsquo;a vu venir"},"content":{"rendered":"<p>&nbsp;<\/p>\n<p>&nbsp;<\/p>\n<p>&nbsp;<\/p>\n<p>&nbsp;<\/p>\n<p>&nbsp;<\/p>\n<p style=\"text-align: center;\"><span style=\"font-family: times new roman, times, serif; font-size: 36pt;\"><strong>B\u00e2le III\u00a0: La r\u00e9volution que personne n\u2019a vu venir<\/strong><\/span><\/p>\n<p style=\"text-align: center;\"><span style=\"font-family: times new roman, times, serif; font-size: 14pt;\"><strong>\u00a0<\/strong><\/span><\/p>\n<p style=\"text-align: center;\"><span style=\"font-family: times new roman, times, serif; font-size: 18pt;\"><strong>Aleksandr Khaldey \u2013 <em>iarex.ru<\/em> \u2013 7.4.2019<\/strong><\/span><\/p>\n<p style=\"text-align: center;\"><span style=\"font-family: times new roman, times, serif; font-size: 18pt;\"><strong>Traduit du russe par Ollie Richardson et Angelina Siard pour <em>Le Saker.is<\/em><\/strong><\/span><\/p>\n<p style=\"text-align: center;\"><span style=\"font-family: times new roman, times, serif; font-size: 18pt;\"><strong><em>Diffus\u00e9 en collaboration avec Stalkerzone.org<\/em><\/strong><\/span><\/p>\n<p style=\"text-align: justify;\"><span style=\"font-family: times new roman, times, serif; font-size: 14pt;\"><strong>\u00a0<\/strong><\/span><\/p>\n<p>&nbsp;<\/p>\n<p style=\"text-align: center;\"><img loading=\"lazy\" class=\"alignnone wp-image-3910\" src=\"http:\/\/blog.lesgrossesorchadeslesamplesthalameges.fr\/wp-content\/uploads\/2019\/04\/Basel-III-1-300x188.jpg\" alt=\"\" width=\"600\" height=\"375\" srcset=\"https:\/\/blog.lesgrossesorchadeslesamplesthalameges.fr\/wp-content\/uploads\/2019\/04\/Basel-III-1-300x188.jpg 300w, https:\/\/blog.lesgrossesorchadeslesamplesthalameges.fr\/wp-content\/uploads\/2019\/04\/Basel-III-1-768x480.jpg 768w, https:\/\/blog.lesgrossesorchadeslesamplesthalameges.fr\/wp-content\/uploads\/2019\/04\/Basel-III-1.jpg 800w\" sizes=\"(max-width: 600px) 100vw, 600px\" \/><\/p>\n<p>&nbsp;<\/p>\n<p style=\"text-align: justify;\"><span style=\"font-family: times new roman, times, serif; font-size: 14pt;\"><strong>\u00a0<\/strong><\/span><\/p>\n<p style=\"text-align: justify;\"><span style=\"font-family: times new roman, times, serif; font-size: 14pt;\">Les vraies r\u00e9volutions ne se font pas sur les places publiques mais \u00e0 l\u2019abri de calmes bureaux, et c\u2019est pourquoi personne n\u2019a remarqu\u00e9 la r\u00e9volution mondiale qui s\u2019est produite le 29 mars 2019. Tout au plus une petite vague a-t-elle travers\u00e9 la p\u00e9riph\u00e9rie du champ de l\u2019information, avant que la dynamique en disparaisse, parce que la situation a \u00e9t\u00e9 expliqu\u00e9e aux masses en termes trop peu clairs.<\/span><\/p>\n<p style=\"text-align: justify;\"><span style=\"font-family: times new roman, times, serif; font-size: 14pt;\">Pas de \u00ab\u00a0<em>Libert\u00e9, \u00c9galit\u00e9, Fraternit\u00e9<\/em>\u00a0\u00bb, pas de \u00ab\u00a0<em>Patria o Muerte<\/em>\u00a0\u00bb, pas de \u00ab\u00a0<em>Tout le pouvoir aux soviets<\/em>\u00a0\u00bb ni de \u00ab\u00a0<em>Du pain aux affam\u00e9s\u00a0\u00bb,<\/em>\u00a0 \u00ab\u00a0<em>Les usines aux ouvriers<\/em>\u00a0\u00bb, \u00ab\u00a0<em>La terre aux paysans<\/em>\u00a0\u00bb\u00a0: aucun de ces chefs-d\u2019\u0153uvre des luttes populaires du monde n\u2019a servi cette fois-ci. Et c\u2019est pourquoi ce qui est arriv\u00e9 n\u2019a \u00e9t\u00e9 compris que par tr\u00e8s peu de gens en Russie. Et ceux-l\u00e0 ont fait des commentaires tels que les masses, soit n\u2019y ont pas fait tr\u00e8s attention,\u00a0 soit ne les ont pas lus jusqu\u2019au bout. Ou elles ont lu jusqu\u2019au bout mais n\u2019ont pas compris tout.<\/span><\/p>\n<p style=\"text-align: justify;\"><span style=\"font-family: times new roman, times, serif; font-size: 14pt;\">Pourtant, elles auraient d\u00fb, parce que le monde a chang\u00e9 si radicalement qu\u2019il est en effet grand temps pour Nathan Rothschild de triturer nerveusement son chapeau, de monter dans sa Rolls blind\u00e9e (<a href=\"http:\/\/img.gagdaily.com\/uploads\/posts\/edu\/2013\/0000469b_big.jpg\">plaisanterie l\u00e9ninienne<\/a>, ed.) et de grimper sur son toit pour crier au monde entier\u00a0: \u00ab\u00a0<em>Camarades\u00a0!\u00a0 La r\u00e9volution mondiale, que les r\u00e9volutionnaires appelaient de leurs v\u0153ux depuis si longtemps est arriv\u00e9e\u00a0!<\/em>\u00a0\u00bb (paraphrase de L\u00e9nine, ed). Et il aurait tout \u00e0 fait raison. C\u2019est juste que les r\u00e9sultats de cette r\u00e9volution ne vont se faire sentir que lentement, raison pour laquelle ils sont encore\u00a0 imperceptibles aux populations. Mais leurs effets seront n\u00e9anmoins ressentis par absolument tout le monde, jusqu\u2019au <a href=\"https:\/\/socialistworker.org\/2017\/07\/04\/every-cook-can-govern\">dernier des cuisiniers<\/a> qui n\u2019essaie m\u00eame pas d\u2019apprendre \u00e0 gouverner l\u2019\u00c9tat.<\/span><\/p>\n<p style=\"text-align: justify;\"><span style=\"font-family: times new roman, times, serif; font-size: 14pt;\">Cette r\u00e9volution s\u2019appelle \u00ab\u00a0<em>B\u00e2le III<\/em>\u00a0\u00bb, et elle est l\u2019\u0153uvre de la Banque des R\u00e8glements Internationaux (<a href=\"https:\/\/fr.wikipedia.org\/wiki\/Banque_des_r%C3%A8glements_internationaux\">BRI<\/a>). Voil\u00e0, essentiellement, en quoi elle consiste\u00a0: la BRI dirige le FMI, et le FMI \u00e0 son tour dirige les banques centrales de tous les pays. L\u2019organe actif de ce contr\u00f4le s\u2019appelle <a href=\"https:\/\/fr.wikipedia.org\/wiki\/Comit%C3%A9_de_B%C3%A2le\">Comit\u00e9 de B\u00e2le<\/a> sur le contr\u00f4le bancaire [en anglais <em>Basel Committee on Banking Supervision<\/em>, <em>BCBS <\/em>]. Et il ne s\u2019agit pas de quelque D\u00e9partement d\u2019\u00c9tat ou d\u2019un Congr\u00e8s US \u00e0 deux balles, ni d\u2019un stupide Pentagone, non plus que d\u2019un petit D\u00e9partement du Tr\u00e9sor US qui se balade en domestique ou r\u00e9serviste de la CIA, et encore moins du si\u00e8ge d\u2019une association de p\u00e9quenauds appel\u00e9 \u00ab\u00a0<a href=\"https:\/\/commons.wikimedia.org\/wiki\/File:%D0%94%D0%BE%D0%BC_%D0%BA%D0%BE%D0%BB%D1%85%D0%BE%D0%B7%D0%BD%D0%B8%D0%BA%D0%B0.jpg\"><em>Maison Blanche<\/em>\u00a0<\/a>\u00bb<\/span><\/p>\n<p style=\"text-align: justify;\"><span style=\"font-family: times new roman, times, serif; font-size: 14pt;\">Ce ne sont m\u00eame pas les banques de la R\u00e9serve F\u00e9d\u00e9rale US qui gouvernent la totalit\u00e9 de cette \u00ab\u00a0<em>richesse<\/em>\u00a0\u00bb. C\u2019est un gouvernement pour tout \u00e7a \u00e0 la fois. C\u2019est un v\u00e9ritable Gouvernement du Monde, dont les peuples, dans le monde, essaient de ne pas parler \u00e0 voix trop haute.<\/span><\/p>\n<p style=\"text-align: justify;\"><span style=\"font-family: times new roman, times, serif; font-size: 14pt;\">Le Comit\u00e9 de B\u00e2le ou BCBS est le <a href=\"https:\/\/fr.wikipedia.org\/wiki\/Politburo_du_Parti_communiste_de_l%27Union_sovi%C3%A9tique\">Politburo<\/a> de la plan\u00e8te, dont le Secr\u00e9taire G\u00e9n\u00e9ral, si l\u2019on en croit les rumeurs, est le camarade Baruch, et la structure clandestine de son Comit\u00e9 Central est encore plus secr\u00e8te. Il a plusieurs alias ou euph\u00e9mismes, dont le plus ad\u00e9quat est \u00ab\u00a0<a href=\"https:\/\/fr.wikipedia.org\/wiki\/Gnomes_de_Zurich\">les gnomes de Z\u00fcrich<\/a>\u00a0\u00bb. C\u2019est ainsi qu\u2019on appelle les banquiers suisses. Qui ne sont m\u00eame pas des propri\u00e9taires de banques commerciales, mais des hommes d\u2019apparence ordinaire de la ville suisse de B\u00e2le, que Hitler, qui a essay\u00e9 de rattacher le monde entier au IIIe Reich et qui a respect\u00e9 la neutralit\u00e9 de la Suisse pendant toute la guerre, n\u2019a jamais os\u00e9 attaquer. Et, comme on\u00a0 sait, en Suisse, mis \u00e0 part les miliciens de r\u00e9serve, il n\u2019y a pas d\u2019arm\u00e9e. Alors, de quoi a-t-il bien pu avoir peur, l\u2019effr\u00e9n\u00e9 F\u00fchrer\u00a0?<\/span><\/p>\n<p style=\"text-align: justify;\"><span style=\"font-family: times new roman, times, serif; font-size: 14pt;\">Quoi qu\u2019il en soit, les \u00ab recommandations \u00bb faites par le BCBS le 29 mars 2019 ont \u00e9t\u00e9 imm\u00e9diatement, sur un simple claquement de doigts, accept\u00e9es par toutes les banques centrales du monde. Et notre Banque Centrale russe n\u2019a pas fait exception \u00e0 la r\u00e8gle. Il y a m\u00eame eu une d\u00e9claration du service de presse de la Banque Centrale de la F\u00e9d\u00e9ration de Russie, qui a \u00e9t\u00e9 <a href=\"http:\/\/www.cbr.ru\/press\/pr\/?file=06022018_120000ik2018-02-06t11_55_45.htm\">post\u00e9e sur le site web officiel de la banque<\/a>. Elle s\u2019intitule\u00a0: \u00ab\u00a0<em>Sur les termes de la mise \u00e0 ex\u00e9cution de B\u00e2le III<\/em>\u00a0\u00bb. La r\u00e9volution mondiale en projet aurait d\u00fb se produire en 2017 (pour l\u2019anniversaire de 1917 ou par simple co\u00efncidence\u00a0?), mais elle vient seulement d\u2019\u00eatre d\u00e9clench\u00e9e.<\/span><\/p>\n<p style=\"text-align: justify;\"><span style=\"font-family: times new roman, times, serif; font-size: 14pt;\">Sa quintessence est simple. Dans le monde, le syst\u00e8me de domination exclusive du dollar \u00e9tabli \u00e0 Bretton Woods en 1944 et r\u00e9form\u00e9 en 1976 \u00e0 La Jama\u00efque, selon lequel l\u2019or-\u00e9talon international n\u2019\u00e9tait plus valide est en voie d\u2019annulation. Le dollar avait en effet remplac\u00e9 l\u2019or comme \u00e9talon des monnaies du monde, et l\u2019or \u00e9tait devenu un simple bien d\u2019\u00e9change comme les autres, comme n\u2019importe quel autre m\u00e9tal ou le sucre, par exemple, qui font l\u2019objet de transactions commerciales dans les bourses de commerce de Londres. O\u00f9, cependant, la pluie et le beau temps \u00e9taient d\u00e9cid\u00e9s par seulement trois firmes du \u00ab\u00a0<em>Pool de Londres<\/em>\u00a0\u00bb\u00a0 appartenant \u00e0 un nombre encore plus petit de propri\u00e9taires, tandis que c\u2019\u00e9tait non pas l\u2019or mais le p\u00e9trole qui devenait \u00a0la garantie du dollar.<\/span><\/p>\n<p style=\"text-align: justify;\"><span style=\"font-family: times new roman, times, serif; font-size: 14pt;\">C\u2019est dans ce monde-l\u00e0 que nous avons v\u00e9cu depuis. L\u2019or \u00e9tait consid\u00e9r\u00e9 comme une r\u00e9serve de troisi\u00e8me cat\u00e9gorie par toutes les banques, des banques centrales aux banques commerciales, o\u00f9 les r\u00e9serves \u00e9taient, avant tout, constitu\u00e9es en dollars et en bons du Tr\u00e9sor US. Les normes de B\u00e2le III exigent un accroissement, avant tout, des r\u00e9serves mon\u00e9taires. C\u2019est une entrave mise aux ressources mon\u00e9taires des banques, qu\u2019elles auraient pu utiliser pour se d\u00e9velopper, mais c\u2019est une mesure obligatoire destin\u00e9e \u00e0 sauvegarder la stabilit\u00e9 du syst\u00e8me financier international, qui s\u2019est av\u00e9r\u00e9 insuffisant en cas de crise.<\/span><\/p>\n<p style=\"text-align: justify;\"><span style=\"font-family: times new roman, times, serif; font-size: 14pt;\">En Russie, des pseudo-patriotes s\u2019en sont fortement indign\u00e9s estimant que c\u2019\u00e9tait une atteinte \u00e0 notre souverainet\u00e9 et exigeant que l\u2019oukase de B\u00e2le III soit rejet\u00e9. Dans la r\u00e9alit\u00e9, c\u2019est une exigence tout \u00e0 fait normale si on veut respecter les normes internationales en mati\u00e8re de s\u00e9curit\u00e9 bancaire. Qui deviennent en effet plus rigides, mais comme nous (Russes, ed) n\u2019imprimions pas de dollars, c\u2019est s\u00fbr qu\u2019elles ont un impact sur nous. Comme l\u2019alternative est une sortie des communications financi\u00e8res internationales et un complet isolement, nos autorit\u00e9s, bien entendu, n\u2019ont pas voulu accepter les suggestions insens\u00e9es, ce qui a \u00e9t\u00e9 qualifi\u00e9 par les pseudo-patriotes de \u00ab\u00a0<em>manque de souverainet\u00e9<\/em>\u00a0\u00bb. En appeler \u00e0 la souverainet\u00e9 et \u00e0 la libert\u00e9 pour se passer la t\u00eate dans le n\u0153ud coulant est interpr\u00e9ter curieusement ces deux mots.<\/span><\/p>\n<p style=\"text-align: justify;\"><span style=\"font-family: times new roman, times, serif; font-size: 14pt;\">La d\u00e9cision de B\u00e2le III signifie que l\u2019or, en sa qualit\u00e9 de r\u00e9serve de 3e cat\u00e9gorie, \u00e9tait jusqu\u2019ici estim\u00e9e \u00e0 50% de sa valeur, dans les bilans des banques du monde. Pendant ce temps-l\u00e0, tous ceux qui poss\u00e9daient des monnaies du monde faisaient le commerce de l\u2019or non pas physiquement mais sur le papier, sans aucun mouvement du m\u00e9tal r\u00e9el, dont le volume plan\u00e9taire n\u2019\u00e9tait pas suffisant pour des transactions r\u00e9elles. Cela avait pour but de faire baisser autant que possible le prix de l&rsquo;or. Surtout au b\u00e9n\u00e9fice du dollar. Apr\u00e8s tout, le dollar est li\u00e9 au p\u00e9trole, qui ne devait pas co\u00fbter moins que le prix d\u2019un gramme d\u2019or par baril.<\/span><\/p>\n<p style=\"text-align: justify;\"><span style=\"font-family: times new roman, times, serif; font-size: 14pt;\">Et voil\u00e0 que maintenant, il a \u00e9t\u00e9 d\u00e9cid\u00e9 de placer l\u2019or, non pas en troisi\u00e8me mais en premi\u00e8re position. Cela signifie qu\u2019\u00e0 pr\u00e9sent, il est possible de l\u2019\u00e9valuer non pas \u00e0 50 mais \u00e0 100% de sa valeur. Ce qui conduit \u00e0 la r\u00e9\u00e9valuation du bilan total. Et, en ce qui concerne la Russie, cela veut dire que nous pouvons, tranquillement, de fa\u00e7on tout \u00e0 fait l\u00e9gale, injecter pr\u00e8s de 3 trillions de roubles dans notre \u00e9conomie. Pour \u00eatre pr\u00e9cis, 2,95 trillions de roubles, soit 45 milliards de dollars, au cours actuel du change, \u00e0 ajouter \u00e0 notre bilan total. La Banque Centrale de la F\u00e9d\u00e9ration de Russie peut d\u00e9verser cet argent dans notre \u00e9conomie tout \u00e0 fait l\u00e9galement. Comment les choses vont-elles se passer dans la r\u00e9alit\u00e9, c\u2019est ce qu\u2019on ne sait pas encore. Faire preuve d\u2019une trop grande h\u00e2te, ici, sans bien calculer toutes les cons\u00e9quences possibles, serait tr\u00e8s dangereux. Bien que l\u2019\u00e9mission soit consid\u00e9r\u00e9e comme non inflationniste, dans la r\u00e9alit\u00e9 tout est beaucoup plus compliqu\u00e9.<\/span><\/p>\n<p style=\"text-align: justify;\"><span style=\"font-family: times new roman, times, serif; font-size: 14pt;\">Au cours des quelques mois qui viennent, rien ne va changer dans le monde. Le tournant en \u00e9pingle \u00e0 cheveux sera pris tr\u00e8s lentement. Aux USA, les r\u00e9serves d\u2019or sont officiellement de 8.133,5 tonnes, mais il existe quelque chose qui s\u2019appelle <a href=\"https:\/\/www.lafinancepourtous.com\/decryptages\/politiques-economiques\/theories-economiques\/multiplicateur-budgetaire\/\">multiplicateur financier<\/a>\u00a0: pour chaque dollar-or, les banques impriment 20 \u00e0 30 dollars papier. C\u2019est-\u00e0-dire que les USA peuvent officiellement recevoir 170 milliards de dollars de plus, mais en tenant compte du multiplicateur\u00a0: 4.5 trillions de dollars. Ceci explique pourquoi la\u00a0 R\u00e9serve F\u00e9d\u00e9rale s\u2019abstient d\u2019augmenter les taux d\u2019int\u00e9r\u00eat et, tant qu\u2019\u00e0 pr\u00e9sent, s\u2019efforce de maintenir le bilan total aussi bas que possible\u00a0: elle craint une pouss\u00e9e d\u2019hyperinflation.<\/span><\/p>\n<p style=\"text-align: justify;\"><span style=\"font-family: times new roman, times, serif; font-size: 14pt;\">Mais tous les plus grands \u00c9tats et d\u00e9tenteurs d\u2019or vont maintenant r\u00e9\u00e9valuer leurs r\u00e9serves en or et en change\u00a0: l\u2019Allemagne, l\u2019Italie, la France, la Russie, la Chine et la Suisse\u00a0: tous pays dont les r\u00e9serves d\u2019or d\u00e9passent les 1.000 tonnes. Vous remarquerez qu\u2019il n\u2019y a pas de boudeuse Grande Bretagne dans cette liste. Ses r\u00e9serves sont inf\u00e9rieures \u00e0 1.000 tonnes. Les experts soup\u00e7onnent que ce n\u2019est peut-\u00eatre pas par hasard que les dates du BREXIT et de B\u00e2le III co\u00efncident. Le pouvoir financier accru des deux principales puissances d\u2019Europe, l\u2019Allemagne et la France, est en mesure de mener compl\u00e8tement \u00e0 son terme le d\u00e9mant\u00e8lement de la puissance anglaise sur le continent. Il \u00e9tait n\u00e9cessaire qu\u2019elle sorte de l\u2019UE aussi vite que possible.<\/span><\/p>\n<p style=\"text-align: justify;\"><span style=\"font-family: times new roman, times, serif; font-size: 14pt;\">Il semble donc qu\u2019il soit permis de nous en f\u00e9liciter\u00a0: l\u2019\u00e8re du dollar \u2013 qui durait depuis 1944 \u2013 a pris fin. L\u2019or est \u00e0 pr\u00e9sent restaur\u00e9 dans ses pleins droits et n\u2019est plus un simple m\u00e9tal d\u2019\u00e9change mais une monnaie plan\u00e9taire, \u00e0 \u00e9galit\u00e9 avec le dollar, l\u2019euro et la livre sterling. \u00c0 partir de maintenant, le prix de l\u2019or va commencer \u00e0 monter, et il montera de 1200-1400 $ par once Troy jusqu\u2019\u00e0 1800-2000 $ cet automne. Pourquoi la Russie et la Chine ont si constamment, pendant toutes ces ann\u00e9es, converti leurs revenus \u00e0 l\u2019exportation en r\u00e9serves d\u2019or est maintenant assez clair. Nous en sommes arriv\u00e9s au point o\u00f9 personne, dans le monde, ne voudra vendre de l\u2019or.<\/span><\/p>\n<p style=\"text-align: justify;\"><span style=\"font-family: times new roman, times, serif; font-size: 14pt;\">Des injections d\u2019argent suppl\u00e9mentaire suffiront \u00e0 soutenir l\u2019\u00e9conomie mondiale pendant 5 \u00e0 6 mois. Aux USA, cet argent pourra \u00eatre utilis\u00e9 pour rembourser leur dette astronomique. Cela n\u2019a peut-\u00eatre pas \u00e9t\u00e9 le v\u00e9ritable motif de Z\u00fcrich pour la d\u00e9cision qu\u2019on y a prise. Le plus important \u00e9tait de se faufiler de dessous la tour de Pise qu\u2019est le dollar en train de tomber.<\/span><\/p>\n<p style=\"text-align: justify;\"><span style=\"font-family: times new roman, times, serif; font-size: 14pt;\">Puisque le dollar et le p\u00e9trole sont li\u00e9s, l\u2019augmentation du prix de l\u2019or va directement influencer l\u2019augmentation du prix du p\u00e9trole. Aujourd\u2019hui, le baril co\u00fbte autant que 1,627 grammes d\u2019or. Une augmentation des prix va faire que l\u2019\u00e9conomie mondiale \u2013 o\u00f9 85 %\u00a0des r\u00e9serves en dollars papier sont transform\u00e9es en actions, en bons et servent aux finances publiques \u2013 va s\u2019effondrer. Les bourses ne seront plus capables de maintenir la coh\u00e9rence d&rsquo;une telle masse additionnelle d\u2019argent.<\/span><\/p>\n<p style=\"text-align: justify;\"><span style=\"font-family: times new roman, times, serif; font-size: 14pt;\">Ce sera bon pour les travailleurs de l\u2019industrie p\u00e9troli\u00e8re, peut-\u00eatre m\u00eame pour eux surtout. Mais le crash \u00e9conomique d\u00fb \u00e0 la chert\u00e9 du p\u00e9trole deviendra un crash pour tous les travailleurs de l\u2019industrie p\u00e9troli\u00e8re aussi. C\u2019est pr\u00e9cis\u00e9ment la raison pour laquelle notre droit d\u2019\u00e9mettre de l\u2019argent suppl\u00e9mentaire ne sera sans doute pas utilis\u00e9 \u00e0 plein r\u00e9gime, m\u00eame si un pareil cadeau, sous cette forme, ne restera pas compl\u00e8tement ignor\u00e9. Dans ce contexte, les D\u00e9crets de Mai de Poutine peuvent s\u2019interpr\u00e9ter tr\u00e8s diff\u00e9remment. La Russie s\u2019\u00e9loigne en courant du mod\u00e8le \u00e9conomique fond\u00e9 sur le p\u00e9trole. Y compris par des r\u00e9formes politiques et en changeant d\u2019\u00e9lites.<\/span><\/p>\n<p style=\"text-align: justify;\"><span style=\"font-family: times new roman, times, serif; font-size: 14pt;\">Cela dit, pourquoi la d\u00e9cision de B\u00e2le est-elle une r\u00e9volution ? Parce qu\u2019\u00e0 partir de l\u2019automne, le flux financier, dans l\u2019\u00e9conomie mondiale, va commencer. Il entrainera une acc\u00e9l\u00e9ration de l\u2019\u00e9loignement de la Russie et de la Chine par rapport au syst\u00e8me dollar, et par rapport au crash dans les \u00e9conomies des pays qui d\u00e9pendent enti\u00e8rement du dollar, autrement dit les pays vassaux des \u00c9tats-Unis. C\u2019est pour eux que les choses seront les pires.\u00a0 Et cela signifie que les raisons de se distancier des USA vont augmenter, pour l\u2019Europe, de fa\u00e7on exponentielle. Un \u00ab\u00a0redessinement\u00a0\u00bb complet de la carte des alliances attend le monde.<\/span><\/p>\n<p style=\"text-align: justify;\"><span style=\"font-family: times new roman, times, serif; font-size: 14pt;\">Et la recomposition de ces alliances ne se fera pas moins par des voies militaires. Ou par leur utilisation partielle, mais d\u2019une mani\u00e8re ou d\u2019une autre, le raisonnement impliquant l\u2019usage de la force dans le monde augmentera presque jusqu\u2019au niveau de la guerre assur\u00e9e. \u00ab\u00a0<em>Presque<\/em>\u00a0\u00bb est notre espoir de salut, parce que les USA perdent tous leurs principaux instruments d\u2019influence\u00a0 sur ce monde. Sauf la force.<\/span><\/p>\n<p style=\"text-align: justify;\"><span style=\"font-family: times new roman, times, serif; font-size: 14pt;\">Mais ce n\u2019est pas dans ce but que les \u00ab\u00a0<em>gnomes de Z\u00fcrich<\/em>\u00a0\u00bb ont cr\u00e9\u00e9 ce monde, ni pour que les USA se transforment simplement en un tas de cendres. Les USA seront douch\u00e9s \u00e0 l\u2019eau froide comme un r\u00e9acteur nucl\u00e9aire cass\u00e9, et le monde s\u2019engagera dans les transformations les plus totales des quelques derniers si\u00e8cles. La r\u00e9volution que tant d\u2019entre nous attendaient, redoutaient ou \u00e9voquaient en paroles vient de commencer. Attachez vos ceintures et n\u2019oubliez pas d\u2019\u00e9teindre vos cigarettes. Le capitaine et l\u2019\u00e9quipage vous souhaitent bon voyage.<\/span><\/p>\n<p>&nbsp;<\/p>\n<p style=\"text-align: justify;\"><span style=\"font-family: times new roman, times, serif; font-size: 14pt;\">Sources\u00a0: <a href=\"https:\/\/thesaker.is\/basel-3-a-revolution-that-once-again-no-one-noticed\/\">https:\/\/thesaker.is\/basel-3-a-revolution-that-once-again-no-one-noticed\/<\/a><\/span><\/p>\n<p style=\"text-align: justify;\"><span style=\"font-family: times new roman, times, serif; font-size: 14pt;\"><a href=\"https:\/\/www.stalkerzone.org\/basel-3-a-revolution-that-once-again-no-one-noticed\/\"><span style=\"color: #000000;\">et :<\/span> https:\/\/www.stalkerzone.org\/basel-3-a-revolution-that-once-again-no-one-noticed\/<\/a><\/span><\/p>\n<p style=\"text-align: justify;\"><span style=\"font-family: times new roman, times, serif; font-size: 14pt;\">Source d\u2019origine\u00a0:\u00a0 <a href=\"http:\/\/www.iarex.ru\/articles\/65626.html\">http:\/\/www.iarex.ru\/articles\/65626.html<\/a><\/span><\/p>\n<p style=\"text-align: justify;\"><span style=\"font-family: times new roman, times, serif; font-size: 14pt;\"><u>\u00a0<\/u><\/span><\/p>\n<p style=\"text-align: right;\"><span style=\"font-family: times new roman, times, serif; font-size: 14pt;\">Traduction\u00a0: c.l. pour Les Grosses Orchades<\/span><\/p>\n<p>&nbsp;<\/p>\n<p style=\"text-align: justify;\"><span style=\"font-family: times new roman, times, serif; font-size: 14pt; color: #c00000;\"><strong><em>N.B. Nous ne sommes pas d\u2019accord avec l\u2019auteur sur le sens du mot \u00ab\u00a0r\u00e9volution\u00a0\u00bb. Nous appellerions ceci plut\u00f4t un d\u00e9placement de plaques tectoniques, mais qui sommes-nous\u00a0? NdGO..<\/em><\/strong><\/span><\/p>\n<p>&nbsp;<\/p>\n<p>&nbsp;<\/p>\n<p style=\"text-align: center;\"><span style=\"font-family: times new roman, times, serif; font-size: 14pt;\"><strong><em>\u00a0<img loading=\"lazy\" class=\"alignnone wp-image-3856\" src=\"http:\/\/blog.lesgrossesorchadeslesamplesthalameges.fr\/wp-content\/uploads\/2019\/04\/lingot-cercle-GIF-300x300.png\" alt=\"\" width=\"80\" height=\"80\" srcset=\"https:\/\/blog.lesgrossesorchadeslesamplesthalameges.fr\/wp-content\/uploads\/2019\/04\/lingot-cercle-GIF-300x300.png 300w, https:\/\/blog.lesgrossesorchadeslesamplesthalameges.fr\/wp-content\/uploads\/2019\/04\/lingot-cercle-GIF-150x150.png 150w, https:\/\/blog.lesgrossesorchadeslesamplesthalameges.fr\/wp-content\/uploads\/2019\/04\/lingot-cercle-GIF.png 321w\" sizes=\"(max-width: 80px) 100vw, 80px\" \/><\/em><\/strong><\/span><\/p>\n<p style=\"text-align: justify;\"><span style=\"font-family: times new roman, times, serif; font-size: 14pt;\"><strong><em>\u00a0<\/em><\/strong><\/span><\/p>\n<p style=\"text-align: left;\"><span style=\"font-family: times new roman, times, serif; font-size: 14pt;\"><strong>\u00a0<\/strong><\/span><\/p>\n<p style=\"text-align: right;\"><span style=\"font-family: comic sans ms, sans-serif; font-size: 14pt;\">13 avril 2019<\/span><\/p>\n","protected":false},"excerpt":{"rendered":"<p>&nbsp; &nbsp; &nbsp; &nbsp; &nbsp; B\u00e2le III\u00a0: La r\u00e9volution que personne n\u2019a vu venir \u00a0 Aleksandr Khaldey \u2013 iarex.ru \u2013 7.4.2019 Traduit du russe par Ollie Richardson et Angelina Siard pour Le Saker.is Diffus\u00e9 en collaboration avec Stalkerzone.org \u00a0 &nbsp; &nbsp; \u00a0 Les vraies r\u00e9volutions ne se font pas sur les places publiques mais \u00e0&#8230;<\/p>\n","protected":false},"author":1,"featured_media":0,"parent":0,"menu_order":0,"comment_status":"open","ping_status":"open","template":"","meta":[],"_links":{"self":[{"href":"https:\/\/blog.lesgrossesorchadeslesamplesthalameges.fr\/index.php\/wp-json\/wp\/v2\/pages\/3882"}],"collection":[{"href":"https:\/\/blog.lesgrossesorchadeslesamplesthalameges.fr\/index.php\/wp-json\/wp\/v2\/pages"}],"about":[{"href":"https:\/\/blog.lesgrossesorchadeslesamplesthalameges.fr\/index.php\/wp-json\/wp\/v2\/types\/page"}],"author":[{"embeddable":true,"href":"https:\/\/blog.lesgrossesorchadeslesamplesthalameges.fr\/index.php\/wp-json\/wp\/v2\/users\/1"}],"replies":[{"embeddable":true,"href":"https:\/\/blog.lesgrossesorchadeslesamplesthalameges.fr\/index.php\/wp-json\/wp\/v2\/comments?post=3882"}],"version-history":[{"count":0,"href":"https:\/\/blog.lesgrossesorchadeslesamplesthalameges.fr\/index.php\/wp-json\/wp\/v2\/pages\/3882\/revisions"}],"wp:attachment":[{"href":"https:\/\/blog.lesgrossesorchadeslesamplesthalameges.fr\/index.php\/wp-json\/wp\/v2\/media?parent=3882"}],"curies":[{"name":"wp","href":"https:\/\/api.w.org\/{rel}","templated":true}]}}