{"id":3884,"date":"2019-04-13T23:23:13","date_gmt":"2019-04-13T21:23:13","guid":{"rendered":"http:\/\/blog.lesgrossesorchadeslesamplesthalameges.fr\/?page_id=3884"},"modified":"2019-04-14T16:51:38","modified_gmt":"2019-04-14T14:51:38","slug":"contre-celebration-du-70e-anniversaire-de-lotan-et-declaration-de-florence","status":"publish","type":"page","link":"https:\/\/blog.lesgrossesorchadeslesamplesthalameges.fr\/index.php\/contre-celebration-du-70e-anniversaire-de-lotan-et-declaration-de-florence\/","title":{"rendered":"Contre-c\u00e9l\u00e9bration du 70e anniversaire de l&rsquo;OTAN et D\u00e9claration de Florence"},"content":{"rendered":"<p>&nbsp;<\/p>\n<p>&nbsp;<\/p>\n<p>&nbsp;<\/p>\n<p>&nbsp;<\/p>\n<p>&nbsp;<\/p>\n<p style=\"text-align: center;\"><span style=\"font-family: times new roman, times, serif; font-size: 18pt; color: #c00000;\">\u00ab\u00a0L\u2019art de la guerre\u00a0\u00bb<\/span><\/p>\n<p>&nbsp;<\/p>\n<p style=\"text-align: center;\"><span style=\"font-family: times new roman, times, serif; font-size: 36pt;\"><strong>Contre-c\u00e9l\u00e9bration \u00e0 Florence du 70\u00e8me anniversaire de l\u2019Otan<\/strong><\/span><\/p>\n<p style=\"text-align: center;\"><span style=\"font-family: times new roman, times, serif; font-size: 14pt;\"><strong>\u00a0<\/strong><\/span><\/p>\n<p style=\"text-align: center;\"><span style=\"font-family: times new roman, times, serif; font-size: 18pt;\"><strong>Manlio Dinucci \u2013 <em>il manifesto <\/em>\u2013 9.4.2019<\/strong><\/span><\/p>\n<p style=\"text-align: center;\"><span style=\"font-family: times new roman, times, serif; font-size: 18pt;\">Traduction\u00a0: <strong>Marie-Ange Patrizio<\/strong><\/span><\/p>\n<p>&nbsp;<\/p>\n<p>&nbsp;<\/p>\n<p style=\"text-align: justify;\"><span style=\"font-family: tahoma, arial, helvetica, sans-serif; font-size: 14pt;\">Les dirigeants politiques de l\u2019OTAN se sont r\u00e9unis pour en c\u00e9l\u00e9brer l\u2019anniversaire, en l\u2019absence du pr\u00e9sident Trump. Au m\u00eame moment, celui-ci, contre l\u2019avis de l\u2019Alliance, proposait \u00e0 la Chine et \u00e0 la Russie un d\u00e9sarmement nucl\u00e9aire partiel. De leur c\u00f4t\u00e9 quelques militants de la paix appelaient \u00e0 la sortie de l\u2019OTAN\u00a0; une position paradoxalement proche de celle de Donald Trump.<\/span><\/p>\n<p>&nbsp;<\/p>\n<p>&nbsp;<\/p>\n<p><img loading=\"lazy\" class=\"wp-image-3922 aligncenter\" src=\"http:\/\/blog.lesgrossesorchadeslesamplesthalameges.fr\/wp-content\/uploads\/2019\/04\/OTAN-70e-ANNIVERSAIRE-1-300x225.jpg\" alt=\"\" width=\"600\" height=\"450\" srcset=\"https:\/\/blog.lesgrossesorchadeslesamplesthalameges.fr\/wp-content\/uploads\/2019\/04\/OTAN-70e-ANNIVERSAIRE-1-300x225.jpg 300w, https:\/\/blog.lesgrossesorchadeslesamplesthalameges.fr\/wp-content\/uploads\/2019\/04\/OTAN-70e-ANNIVERSAIRE-1.jpg 400w\" sizes=\"(max-width: 600px) 100vw, 600px\" \/><\/p>\n<p style=\"text-align: center;\"><span style=\"font-family: times new roman, times, serif;\"><strong><em>Mike Pompeo (Secr\u00e9taire d&rsquo;\u00c9tat US) et Jens Stoltenberg (Secr\u00e9taire g\u00e9n\u00e9ral de l&rsquo;OTAN)<br \/>\n<\/em><\/strong><\/span><\/p>\n<p>&nbsp;<\/p>\n<p>&nbsp;<\/p>\n<p style=\"text-align: justify;\"><span style=\"font-family: times new roman, times, serif; font-size: 14pt;\">Le 70\u00e8me anniversaire de l\u2019OTAN a \u00e9t\u00e9 c\u00e9l\u00e9br\u00e9 par les 29 ministres des Affaires \u00e9trang\u00e8res r\u00e9unis non pas au quartier-g\u00e9n\u00e9ral de l\u2019OTAN \u00e0 Bruxelles, mais dans celui du D\u00e9partement d\u2019\u00c9tat \u00e0 Washington. Ma\u00eetre de c\u00e9r\u00e9monie\u00a0: le Secr\u00e9taire g\u00e9n\u00e9ral de l\u2019OTAN Jens Stoltenberg, qui s\u2019est limit\u00e9 \u00e0 annoncer le discours d\u2019ouverture prononc\u00e9 par le secr\u00e9taire d\u2019\u00c9tat Michael Pompeo.<\/span><\/p>\n<p>&nbsp;<\/p>\n<p>&nbsp;<\/p>\n<p style=\"text-align: center;\"><img loading=\"lazy\" class=\"alignnone wp-image-3923\" src=\"http:\/\/blog.lesgrossesorchadeslesamplesthalameges.fr\/wp-content\/uploads\/2019\/04\/OTAN-70-ANS-GIF-1-300x267.gif\" alt=\"\" width=\"450\" height=\"401\" \/><\/p>\n<p>&nbsp;<\/p>\n<p>&nbsp;<\/p>\n<p style=\"text-align: justify;\"><span style=\"font-family: times new roman, times, serif; font-size: 14pt;\">L\u2019OTAN \u2014 explique le D\u00e9partement d\u2019\u00c9tat \u2014 est importante parce que, gr\u00e2ce \u00e0 elle, \u00ab\u00a0les \u00c9tats-Unis peuvent mieux faire face, militairement et politiquement, aux menaces globales contre leurs int\u00e9r\u00eats\u00a0: l\u2019OTAN reste fondamentale pour les op\u00e9rations militaires des USA dans la r\u00e9gion transatlantique (c\u2019est-\u00e0-dire en Europe) et dans d\u2019autres r\u00e9gions strat\u00e9giquement critiques, comme le Moyen-Orient et l\u2019Asie M\u00e9ridionale\u00a0\u00bb. C\u2019est donc le D\u00e9partement d\u2019\u00c9tat lui-m\u00eame qui nous dit clairement que l\u2019OTAN est un instrument des \u00c9tats-Unis. Aucune r\u00e9action politique en Italie.<\/span><\/p>\n<p>&nbsp;<\/p>\n<p>&nbsp;<\/p>\n<p style=\"text-align: center;\"><img loading=\"lazy\" class=\"alignnone size-full wp-image-3924\" src=\"http:\/\/blog.lesgrossesorchadeslesamplesthalameges.fr\/wp-content\/uploads\/2019\/04\/bombe-homme-attach\u00e9-1.gif\" alt=\"\" width=\"61\" height=\"68\" \/><\/p>\n<p>&nbsp;<\/p>\n<p>&nbsp;<\/p>\n<p style=\"text-align: center;\"><span style=\"font-family: times new roman, times, serif; font-size: 36pt;\"><strong><em>LES 70 ANS DE L\u2019OTAN :\u00a0<\/em><\/strong><\/span><\/p>\n<p style=\"text-align: center;\"><span style=\"font-family: times new roman, times, serif; font-size: 36pt;\"><strong><em>DE GUERRE EN GUERRE<\/em><\/strong><\/span><\/p>\n<p>&nbsp;<\/p>\n<p>&nbsp;<\/p>\n<p style=\"text-align: center;\"><span style=\"font-family: times new roman, times, serif; font-size: 14pt;\"><iframe loading=\"lazy\" src=\"\/\/www.youtube.com\/embed\/zHCniIrdWVU\" width=\"560\" height=\"315\" frameborder=\"0\" allowfullscreen=\"allowfullscreen\"><\/iframe><\/span><\/p>\n<p>&nbsp;<\/p>\n<p>&nbsp;<\/p>\n<p style=\"text-align: justify;\"><span style=\"font-family: tahoma, arial, helvetica, sans-serif; font-size: 14pt;\">La seule r\u00e9ponse est venue du Colloque qui, organis\u00e9 par le <em>Comitato No Guerra No Nato<\/em> et par <em>Global Research<\/em>, centre de recherche dirig\u00e9 par Michel Chossudovsky (Montr\u00e9al), a r\u00e9uni au cin\u00e9ma-th\u00e9\u00e2tre Odeon de Florence le 7 avril environ 600 participants.<\/span><\/p>\n<p style=\"text-align: justify;\"><span style=\"font-family: times new roman, times, serif; font-size: 14pt;\"><span style=\"font-family: tahoma, arial, helvetica, sans-serif;\">Ses conclusions sont expos\u00e9es dans la\u00a0:<\/span><\/span><\/p>\n<p>&nbsp;<\/p>\n<p>&nbsp;<\/p>\n<p style=\"text-align: center;\"><span style=\"font-family: times new roman, times, serif; font-size: 36pt;\"><strong>D\u00e9claration de Florence, pour un front international pour la sortie de l\u2019Otan<\/strong><\/span><\/p>\n<p>&nbsp;<\/p>\n<p>&nbsp;<\/p>\n<p style=\"text-align: center;\"><span style=\"font-family: times new roman, times, serif; font-size: 36pt;\"><strong>\u00a0<img loading=\"lazy\" class=\"alignnone wp-image-3925\" src=\"http:\/\/blog.lesgrossesorchadeslesamplesthalameges.fr\/wp-content\/uploads\/2019\/04\/OTAN-70e-ANNIV.-FLORENCE-1-300x167.jpg\" alt=\"\" width=\"600\" height=\"333\" srcset=\"https:\/\/blog.lesgrossesorchadeslesamplesthalameges.fr\/wp-content\/uploads\/2019\/04\/OTAN-70e-ANNIV.-FLORENCE-1-300x167.jpg 300w, https:\/\/blog.lesgrossesorchadeslesamplesthalameges.fr\/wp-content\/uploads\/2019\/04\/OTAN-70e-ANNIV.-FLORENCE-1.jpg 360w\" sizes=\"(max-width: 600px) 100vw, 600px\" \/><\/strong><\/span><\/p>\n<p>&nbsp;<\/p>\n<p>&nbsp;<\/p>\n<p style=\"text-align: justify;\"><span style=\"font-family: times new roman, times, serif; font-size: 14pt;\">Le risque d\u2019une vaste guerre qui, avec l\u2019emploi des armes nucl\u00e9aires, pourrait signer la fin de l\u2019Humanit\u00e9, est r\u00e9el et croissant, m\u00eame s\u2019il n\u2019est pas per\u00e7u par l\u2019opinion publique tenue dans l\u2019ignorance du danger imminent.<\/span><\/p>\n<p style=\"text-align: justify;\"><span style=\"font-family: times new roman, times, serif; font-size: 14pt;\">S\u2019engager fortement \u00e0 sortir du syst\u00e8me de guerre est d\u2019une importance vitale. Cela pose la question de l\u2019appartenance de l\u2019Italie et d\u2019autres pays europ\u00e9ens \u00e0 l\u2019Otan.<\/span><\/p>\n<p style=\"text-align: justify;\"><span style=\"font-family: times new roman, times, serif; font-size: 14pt;\">L\u2019Otan n\u2019est pas une Alliance. C\u2019est une organisation sous commandement du Pentagone, dont l\u2019objectif est le contr\u00f4le militaire de l\u2019Europe Occidentale et Orientale.<\/span><\/p>\n<p style=\"text-align: justify;\"><span style=\"font-family: times new roman, times, serif; font-size: 14pt;\">Les bases US dans les pays membres de l\u2019Otan servent \u00e0 les occupe, en y con-servant une pr\u00e9sence militaire permanente qui permet \u00e0 Washington d\u2019influencer et de contr\u00f4ler leur politique et d\u2019emp\u00eacher de r\u00e9els choix d\u00e9mocratiques.<\/span><\/p>\n<p style=\"text-align: justify;\"><span style=\"font-family: times new roman, times, serif; font-size: 14pt;\">L\u2019Otan est une machine de guerre qui op\u00e8re pour les int\u00e9r\u00eats des \u00c9tats-Unis, avec la complicit\u00e9 des plus grands groupes europ\u00e9ens de pouvoir, en se rendant coupable de crimes contre l\u2019humanit\u00e9, comme advenu dans les guerres contre la Yougoslavie, l\u2019Afghanistan, la Libye et autres.<\/span><\/p>\n<p style=\"text-align: justify;\"><span style=\"font-family: times new roman, times, serif; font-size: 14pt;\">La guerre d\u2019agression conduite par l\u2019Otan en 1999 contre la Yougoslavie a ouvert la voie \u00e0 la mondialisation des interventions militaires, avec les guerres contre l\u2019Afghanistan, la Libye, la Syrie et d\u2019autres pays, en violation compl\u00e8te du droit international.<\/span><\/p>\n<p style=\"text-align: justify;\"><span style=\"font-family: times new roman, times, serif; font-size: 14pt;\">Ces guerres sont financ\u00e9es par les pays membres, dont les budgets militaires sont en augmentation continue au d\u00e9triment des d\u00e9penses sociales, pour soutenir des programmes militaires colossaux comme celui du nucl\u00e9aire \u00e9tats-unien de 1\u00a0200\u00a0milliards de dollars.<\/span><\/p>\n<p style=\"text-align: justify;\"><span style=\"font-family: times new roman, times, serif; font-size: 14pt;\">Les USA, violant le Trait\u00e9 de non-prolif\u00e9ration, d\u00e9ploient des armes nucl\u00e9aires dans 5 \u00c9tats non-nucl\u00e9aires de l\u2019Otan, sous le faux pr\u00e9texte de la \u00ab\u00a0menace russe\u00a0\u00bb. Ils mettent ainsi en jeu la s\u00e9curit\u00e9 de l\u2019Europe.<\/span><\/p>\n<p style=\"text-align: justify;\"><span style=\"font-family: times new roman, times, serif; font-size: 14pt;\">Pour sortir du syst\u00e8me de guerre qui cause de plus en plus de d\u00e9g\u00e2ts et nous expose au risque imminent d\u2019une vaste guerre, il faut sortir de l\u2019Otan, en affirmant le droit d\u2019\u00eatre des \u00c9tats souverains et neutres.<\/span><\/p>\n<p style=\"text-align: justify;\"><span style=\"font-family: times new roman, times, serif; font-size: 14pt;\">Il est de cette fa\u00e7on possible de contribuer au d\u00e9mant\u00e8lement de l\u2019Otan et de toute autre alliance militaire, \u00e0 la reconfiguration des structures de toute la r\u00e9gion europ\u00e9enne, \u00e0 la formation d\u2019un monde multipolaire dans lequel se r\u00e9alisent les aspirations des peuples \u00e0 la libert\u00e9 et \u00e0 la justice sociale.<\/span><\/p>\n<p style=\"text-align: justify;\"><span style=\"font-family: times new roman, times, serif; font-size: 14pt;\">Nous proposons la cr\u00e9ation d\u2019un front international <em>NATO EXIT<\/em> dans tous les pays europ\u00e9ens de l\u2019Otan, en construisant un r\u00e9seau organisationnel \u00e0 un niveau de base capable de soutenir la tr\u00e8s dure lutte pour arriver \u00e0 cet objectif vital pour notre avenir.<\/span><\/p>\n<p style=\"text-align: left;\"><span style=\"font-family: times new roman, times, serif; font-size: 14pt;\">Source\u00a0: <em>il manifesto<\/em>\u00a0( <a href=\"https:\/\/ilmanifesto.it\/contro-celebrazione-a-firenze-del-70-della-nato\/\">https:\/\/ilmanifesto.it\/contro-celebrazione-a-firenze-del-70-della-nato\/<\/a> )<\/span><\/p>\n<p>&nbsp;<\/p>\n<p>&nbsp;<\/p>\n<p style=\"text-align: center;\"><img loading=\"lazy\" class=\"alignnone size-full wp-image-3924\" src=\"http:\/\/blog.lesgrossesorchadeslesamplesthalameges.fr\/wp-content\/uploads\/2019\/04\/bombe-homme-attach\u00e9-1.gif\" alt=\"\" width=\"61\" height=\"68\" \/><\/p>\n<p>&nbsp;<\/p>\n<p style=\"text-align: right;\"><span style=\"font-family: comic sans ms, sans-serif; font-size: 14pt;\">13 avril 2019<\/span><\/p>\n<p>&nbsp;<\/p>\n<p>&nbsp;<\/p>\n","protected":false},"excerpt":{"rendered":"<p>&nbsp; &nbsp; &nbsp; &nbsp; &nbsp; \u00ab\u00a0L\u2019art de la guerre\u00a0\u00bb &nbsp; Contre-c\u00e9l\u00e9bration \u00e0 Florence du 70\u00e8me anniversaire de l\u2019Otan \u00a0 Manlio Dinucci \u2013 il manifesto \u2013 9.4.2019 Traduction\u00a0: Marie-Ange Patrizio &nbsp; &nbsp; Les dirigeants politiques de l\u2019OTAN se sont r\u00e9unis pour en c\u00e9l\u00e9brer l\u2019anniversaire, en l\u2019absence du pr\u00e9sident Trump. Au m\u00eame moment, celui-ci, contre l\u2019avis de&#8230;<\/p>\n","protected":false},"author":1,"featured_media":0,"parent":0,"menu_order":0,"comment_status":"open","ping_status":"open","template":"","meta":[],"_links":{"self":[{"href":"https:\/\/blog.lesgrossesorchadeslesamplesthalameges.fr\/index.php\/wp-json\/wp\/v2\/pages\/3884"}],"collection":[{"href":"https:\/\/blog.lesgrossesorchadeslesamplesthalameges.fr\/index.php\/wp-json\/wp\/v2\/pages"}],"about":[{"href":"https:\/\/blog.lesgrossesorchadeslesamplesthalameges.fr\/index.php\/wp-json\/wp\/v2\/types\/page"}],"author":[{"embeddable":true,"href":"https:\/\/blog.lesgrossesorchadeslesamplesthalameges.fr\/index.php\/wp-json\/wp\/v2\/users\/1"}],"replies":[{"embeddable":true,"href":"https:\/\/blog.lesgrossesorchadeslesamplesthalameges.fr\/index.php\/wp-json\/wp\/v2\/comments?post=3884"}],"version-history":[{"count":0,"href":"https:\/\/blog.lesgrossesorchadeslesamplesthalameges.fr\/index.php\/wp-json\/wp\/v2\/pages\/3884\/revisions"}],"wp:attachment":[{"href":"https:\/\/blog.lesgrossesorchadeslesamplesthalameges.fr\/index.php\/wp-json\/wp\/v2\/media?parent=3884"}],"curies":[{"name":"wp","href":"https:\/\/api.w.org\/{rel}","templated":true}]}}