{"id":3889,"date":"2019-04-13T23:27:29","date_gmt":"2019-04-13T21:27:29","guid":{"rendered":"http:\/\/blog.lesgrossesorchadeslesamplesthalameges.fr\/?page_id=3889"},"modified":"2019-04-14T16:53:32","modified_gmt":"2019-04-14T14:53:32","slug":"le-ventre-mou","status":"publish","type":"page","link":"https:\/\/blog.lesgrossesorchadeslesamplesthalameges.fr\/index.php\/le-ventre-mou\/","title":{"rendered":"Le \u00ab\u00a0ventre mou\u00a0\u00bb"},"content":{"rendered":"<p>&nbsp;<\/p>\n<p>&nbsp;<\/p>\n<p>&nbsp;<\/p>\n<p>&nbsp;<\/p>\n<p>&nbsp;<\/p>\n<p>&nbsp;<\/p>\n<h1 style=\"text-align: center;\" align=\"center\"><strong><span style=\"font-size: 36pt; font-family: times new roman, times, serif;\">Le \u00ab ventre mou \u00bb<\/span><\/strong><\/h1>\n<p>&nbsp;<\/p>\n<p style=\"text-align: center;\"><span style=\"font-family: times new roman, times, serif; font-size: 18pt;\">La France est \u00e0 un tournant d\u00e9cisif de son Histoire.<\/span><br \/>\n<span style=\"font-family: times new roman, times, serif; font-size: 18pt;\">Ayons enfin le courage de nous servir de notre propre entendement<\/span><\/p>\n<p>&nbsp;<\/p>\n<p style=\"text-align: justify; padding-left: 270px;\"><span style=\"font-family: times new roman, times, serif; font-size: 14pt;\"><em>\u00ab Minorit\u00e9, c\u2019est-\u00e0-dire incapacit\u00e9 de se servir de son entendement sans la direction d\u2019autrui, minorit\u00e9 dont nous sommes nous-m\u00eames responsables puisque la cause en r\u00e9side non dans un d\u00e9faut de l\u2019entendement mais dans un manque de d\u00e9cision et de courage de s\u2019en servir sans la direction d\u2019autrui. [\u2026] La paresse et la l\u00e2chet\u00e9 sont les causes qui expliquent qu\u2019un si grand nombre d\u2019hommes, apr\u00e8s que la nature les a affranchis depuis longtemps d\u2019une direction \u00e9trang\u00e8re, reste cependant volontiers, leur vie durant, mineurs, et qu\u2019il soit facile \u00e0 d\u2019autres de se poser en tuteur des premiers\u00a0\u00bb<\/em><\/span><\/p>\n<p style=\"text-align: right;\"><span style=\"font-family: times new roman, times, serif; font-size: 14pt;\">Immanuel Kant<\/span><\/p>\n<p>&nbsp;<\/p>\n<p style=\"text-align: center;\"><span style=\"font-family: times new roman, times, serif; font-size: 18pt;\"><strong>Aline Mance\u00a0\u2013 29.3.2019<\/strong><\/span><\/p>\n<p>&nbsp;<\/p>\n<p>&nbsp;<\/p>\n<p style=\"text-align: center;\"><img loading=\"lazy\" class=\"alignnone wp-image-3868\" src=\"http:\/\/blog.lesgrossesorchadeslesamplesthalameges.fr\/wp-content\/uploads\/2019\/04\/Gilets-Mance-300x139.jpg\" alt=\"\" width=\"600\" height=\"278\" srcset=\"https:\/\/blog.lesgrossesorchadeslesamplesthalameges.fr\/wp-content\/uploads\/2019\/04\/Gilets-Mance-300x139.jpg 300w, https:\/\/blog.lesgrossesorchadeslesamplesthalameges.fr\/wp-content\/uploads\/2019\/04\/Gilets-Mance-768x356.jpg 768w, https:\/\/blog.lesgrossesorchadeslesamplesthalameges.fr\/wp-content\/uploads\/2019\/04\/Gilets-Mance-1024x474.jpg 1024w, https:\/\/blog.lesgrossesorchadeslesamplesthalameges.fr\/wp-content\/uploads\/2019\/04\/Gilets-Mance.jpg 1170w\" sizes=\"(max-width: 600px) 100vw, 600px\" \/><\/p>\n<p>&nbsp;<\/p>\n<p style=\"text-align: justify;\"><span style=\"font-family: times new roman, times, serif; font-size: 14pt;\"><strong>\u00a0<\/strong><\/span><\/p>\n<p style=\"text-align: justify;\"><span style=\"font-family: times new roman, times, serif; font-size: 14pt;\"><strong>Nous vivons l\u00e0 des <em>\u00ab\u00a0instants historiques\u00a0\u00bb<\/em> : expression galvaud\u00e9e mais qui est, en l\u2019occurrence, une r\u00e9alit\u00e9. La V<sup>\u00e8me<\/sup> R\u00e9publique est moribonde. La d\u00e9mocratie uniquement repr\u00e9sentative, que les gouvernements successifs du d\u00e9but du XIX<sup>\u00e8me<\/sup> si\u00e8cle \u00e0 nos jours se sont appliqu\u00e9s \u00e0 pr\u00e9senter comme la seule capable de garantir la stabilit\u00e9 sociale et politique, vole en \u00e9clats, min\u00e9e de l\u2019int\u00e9rieur par la corruption et la l\u00e2chet\u00e9 des pr\u00e9tendus \u00e9lus.<\/strong><\/span><\/p>\n<p>&nbsp;<\/p>\n<p style=\"text-align: justify;\"><span style=\"font-family: times new roman, times, serif; font-size: 14pt;\">C\u2019est contre cette d\u00e9mocratie illusoire que Rousseau nous met en garde en 1762 dans <em>Le Contrat Social<\/em> :<\/span><\/p>\n<p>&nbsp;<\/p>\n<p style=\"text-align: justify; padding-left: 90px;\"><span style=\"font-family: times new roman, times, serif; font-size: 14pt;\"><em>\u00ab\u00a0Je dis seulement les raisons pourquoi les peuples modernes qui se croient libres ont des repr\u00e9sentants, et pourquoi les peuples anciens n\u2019en avaient pas. Quoi qu\u2019il en soit, \u00e0 l\u2019instant qu\u2019un peuple se donne des repr\u00e9sentants, il n\u2019est plus libre ; il n\u2019est plus.\u00a0\u00bb<\/em><\/span><\/p>\n<p>&nbsp;<\/p>\n<p style=\"text-align: justify;\"><span style=\"font-family: times new roman, times, serif; font-size: 14pt;\">Et c\u2019est cette m\u00eame illusion insupportable de d\u00e9mocratie qui pousse en d\u00e9cembre 2018 une partie du peuple de France \u00e0 exiger la d\u00e9mocratie directe, participative et d\u00e9cisionnaire qui int\u00e8gre les citoyens \u00e0 toutes les \u00e9tapes de l\u2019activit\u00e9 politique\u00a0\u2013 sous la forme du R\u00e9f\u00e9rendum d\u2019Initiative Citoyenne, en toutes mati\u00e8res.<\/span><\/p>\n<p style=\"text-align: justify;\"><span style=\"font-family: times new roman, times, serif; font-size: 14pt;\">Dans le m\u00eame temps on observe qu\u2019une autre large portion de la population se r\u00e9fugie dans le d\u00e9ni du malaise politique et social.\u00a0\u00c0 celui qui affirme qu\u2019il n\u2019y a pas de v\u00e9ritable d\u00e9mocratie en France on r\u00e9torque qu\u2019il est un imb\u00e9cile et qu\u2019il devrait faire un tour en Cor\u00e9e du Nord t\u00e2ter de la vraie dictature. Et on aura raison de s\u2019insurger contre la dictature\u00a0! C\u2019est pr\u00e9cis\u00e9ment parce que la France r\u00e9publicaine offre \u00e0 son peuple couverture et aides sociales, sanitaires, \u00e9ducatives, libert\u00e9 d\u2019opinion et d\u2019expression qu\u2019il faut s\u2019attacher \u00e0 les sauvegarder. Cependant quelle est la cause profonde de ce d\u00e9ni de la r\u00e9alit\u00e9\u00a0?<\/span><\/p>\n<p style=\"text-align: justify;\"><span style=\"font-family: times new roman, times, serif; font-size: 14pt;\">Crainte d\u2019affronter une v\u00e9rit\u00e9 qui d\u00e9range et qui bouscule des rep\u00e8res rassurants\u00a0\u2013 alors que ces m\u00eames individus accusent tr\u00e8s souvent<em> \u00ab\u00a0le syst\u00e8me\u00a0\u00bb <\/em>de faillir \u00e0 ses obligations ou de ne pas r\u00e9pondre \u00e0 leurs besoins\u00a0? Repli ego-centr\u00e9 voire \u00e9go\u00efste qui pousse in\u00e9vitablement vers des comportements individualistes\u00a0? Crainte peut-\u00eatre d\u2019\u00eatre per\u00e7us par le pouvoir comme des <em>\u00ab\u00a0rebelles\u00a0\u00bb<\/em> et de devoir payer un jour le prix de la r\u00e9bellion\u00a0? Paresse\u00a0? L\u00e2chet\u00e9\u00a0? Ignorance\u00a0? Ceux-l\u00e0 se laissent ballotter mollement au gr\u00e9 des \u00e9v\u00e9nements en se disant : <em>\u00ab\u00a0On verra bien\u00a0!\u00a0\u00bb<\/em>.<\/span><\/p>\n<p>&nbsp;<\/p>\n<p>&nbsp;<\/p>\n<p style=\"text-align: center;\"><img loading=\"lazy\" class=\"alignnone wp-image-3934\" src=\"http:\/\/blog.lesgrossesorchadeslesamplesthalameges.fr\/wp-content\/uploads\/2019\/04\/Gilets-Mance-2-300x169.jpg\" alt=\"\" width=\"600\" height=\"337\" srcset=\"https:\/\/blog.lesgrossesorchadeslesamplesthalameges.fr\/wp-content\/uploads\/2019\/04\/Gilets-Mance-2-300x169.jpg 300w, https:\/\/blog.lesgrossesorchadeslesamplesthalameges.fr\/wp-content\/uploads\/2019\/04\/Gilets-Mance-2-768x432.jpg 768w, https:\/\/blog.lesgrossesorchadeslesamplesthalameges.fr\/wp-content\/uploads\/2019\/04\/Gilets-Mance-2.jpg 790w\" sizes=\"(max-width: 600px) 100vw, 600px\" \/><\/p>\n<p>&nbsp;<\/p>\n<p>&nbsp;<\/p>\n<p style=\"text-align: justify;\"><span style=\"font-family: times new roman, times, serif; font-size: 14pt;\">Ind\u00e9cis, apeur\u00e9s ou seulement englu\u00e9s dans un confort tr\u00e8s relatif, sans v\u00e9ritable conscience politique\u00a0\u2013 c\u2019est-\u00e0-dire sans pouvoir d\u00e9finir pr\u00e9cis\u00e9ment le degr\u00e9 de responsabilit\u00e9 de leur action ou de leur inaction au sein de la Cit\u00e9\u00a0\u2013 ils se positionnent toujours du c\u00f4t\u00e9 du pouvoir car il est plus prudent d\u2019\u00eatre du bon c\u00f4t\u00e9 du manche. Ils jugent intol\u00e9rable\u00a0\u2013 et la vivent quasiment comme une agression personnelle\u00a0\u2013 la moindre tentative d\u2019insoumission. J\u2019appellerai ceux-l\u00e0 <em>\u00ab\u00a0le ventre mou\u00a0\u00bb<\/em>. Comment en sont-ils arriv\u00e9s l\u00e0\u00a0?<\/span><\/p>\n<p style=\"text-align: justify;\"><span style=\"font-family: times new roman, times, serif; font-size: 14pt;\">Cette mollesse ne se situe \u00e9videmment pas \u00e0 l\u2019int\u00e9rieur des classes les plus nanties et embourgeois\u00e9es de la soci\u00e9t\u00e9 o\u00f9 aucune d\u00e9cision n\u2019est hasardeuse, o\u00f9 tous les choix sont strat\u00e9giques et m\u00fbrement r\u00e9fl\u00e9chis. Il n\u2019y a rien de mou chez des individus dont le principal moteur est l\u2019int\u00e9r\u00eat, dont le principal objectif est le profit. Qualifier le mouvement des G<em>ilets Jaunes<\/em> de <em>\u00ab\u00a0populiste\u00a0\u00bb<\/em>, par exemple, <em>\u00ab\u00a0d\u2019extr\u00eame-droite\u00a0\u00bb<\/em>, <em>\u00ab\u00a0d\u2019antis\u00e9mite\u00a0\u00bb<\/em> est une man\u0153uvre d\u00e9lib\u00e9r\u00e9e, motiv\u00e9e par la n\u00e9cessit\u00e9 de saboter une initiative qui ne vient pas de cette caste ais\u00e9e et qui enraye sa machinerie.<\/span><\/p>\n<p style=\"text-align: justify;\"><span style=\"font-family: times new roman, times, serif; font-size: 14pt;\">Ce qu\u2019ils peuvent \u00eatre p\u00e9nibles ces\u00a0<em>Gilets Jaunes <\/em>! Et mal sap\u00e9s de surcro\u00eet\u00a0! Tr\u00e8s <em>\u00ab\u00a0faute de go\u00fbt\u00a0\u00bb<\/em> comme l\u2019a fort bien analys\u00e9 <a href=\"https:\/\/www.google.com\/url?sa=t&amp;rct=j&amp;q=&amp;esrc=s&amp;source=web&amp;cd=1&amp;cad=rja&amp;uact=8&amp;ved=2ahUKEwjjoJOW5KnhAhXWAWMBHXlRDSkQyCkwAHoECAkQBA&amp;url=https%3A%2F%2Fwww.youtube.com%2Fwatch%3Fv%3DGPfXLUThC6M&amp;usg=AOvVaw1dZngLC1xzdgFlm1lT1nhP\">Fran\u00e7ois B\u00e9gaudeau<\/a>. Dans ces sph\u00e8res privil\u00e9gi\u00e9es on ne se laisse gu\u00e8re ballotter par les courants. Les nantis n\u2019ont aucune raison de vouloir le changement car ils \u00e9voluent avec une formidable aisance dans un \u00e9l\u00e9gant entre-soi prot\u00e9g\u00e9 par la capitalisation ; le patrimoine ; l\u2019acc\u00e8s \u00e0 la propri\u00e9t\u00e9 ; l\u2019ouverture \u00e0 la culture ; la complicit\u00e9 des r\u00e9seaux et la connivence des codes. Ceux-l\u00e0 n\u2019ont pas \u00e0 se pr\u00e9occuper du prix de leur caddie. Ceux-l\u00e0 ne se pr\u00e9occupent pas davantage de leur empreinte carbone, de l\u2019extinction des esp\u00e8ces et des in\u00e9galit\u00e9s sociales. Il faut dire que ceux-l\u00e0 ne risquent pas non plus d\u2019\u00eatre \u00e9touff\u00e9s par le sens moral et l\u2019honn\u00eatet\u00e9 . <a href=\"https:\/\/fr.wikipedia.org\/wiki\/Paul_Nizan\">Paul Nizan<\/a>\u00a0dans<em> Les Chiens de garde\u00a0<\/em>:<\/span><\/p>\n<p>&nbsp;<\/p>\n<p style=\"text-align: justify; padding-left: 90px;\"><span style=\"font-family: times new roman, times, serif; font-size: 14pt;\"><em>\u00ab\u00a0La bourgeoisie travaillant pour elle seule, exploitant pour elle seule, massacrant pour elle seule, il lui est n\u00e9cessaire de faire croire qu\u2019elle travaille, qu\u2019elle exploite, qu\u2019elle massacre pour le bien final de l\u2019humanit\u00e9. Elle doit faire croire qu\u2019elle est juste. Et elle-m\u00eame doit le croire. M. Michelin doit faire croire qu\u2019il ne fabrique des pneus que pour donner du travail \u00e0 des ouvriers qui mourraient sans lui.\u00a0\u00bb<\/em><\/span><\/p>\n<p>&nbsp;<\/p>\n<p style=\"text-align: justify;\"><span style=\"font-family: times new roman, times, serif; font-size: 14pt;\">On ne s\u2019offusque donc pas, par exemple, dans ces milieux qu\u2019entre 1998 et 2013 Fran\u00e7ois Fillon ait fait cadeau de 500.000 euros bruts \u00e0 P\u00e9n\u00e9lope pour un poste fictif d\u2019attach\u00e9e parlementaire. Non seulement on ne s\u2019en \u00e9meut point mais on est pr\u00eat \u00e0 asseoir cet homme sur le tr\u00f4ne pr\u00e9sidentiel. Le conflit d\u2019int\u00e9r\u00eats, le n\u00e9potisme\u00a0? Broutilles que tout ceci. Le plus important \u00e9tant de <em>\u00ab\u00a0savoir communiquer c\u2019est-\u00e0-dire raconter .. une histoire\u00a0!\u00a0\u00bb<\/em> recommande <a href=\"https:\/\/fr.wikipedia.org\/wiki\/Fran%C3%A7ois_Henrot\">Fran\u00e7ois Henrot<\/a>, directeur \u00e0 la banque <em>Rothschild<\/em> lorsqu\u2019il fait l\u2019\u00e9loge de sa jeune recrue Emmanuel Macron.<\/span><\/p>\n<p style=\"text-align: justify;\"><span style=\"font-family: times new roman, times, serif; font-size: 14pt;\">En revanche, <em>\u00ab le ventre mou \u00bb<\/em> inconscient situ\u00e9 un peu plus bas dans l\u2019\u00e9chelle sociale devrait avoir toutes les raisons de s\u2019alarmer car il constitue le fond de commerce du matraquage institutionnel. Il est malheureusement la cible id\u00e9al\u00a0: sa cr\u00e9dulit\u00e9 qui confine souvent \u00e0 la na\u00efvet\u00e9, sa confiance quasi aveugle en un syst\u00e8me paternaliste qui l\u2019infantilise, l\u2019incompr\u00e9hension et les peurs entretenues avec soin face aux \u00e9v\u00e9nements volontairement embrouill\u00e9s et d\u00e9form\u00e9s par les m\u00e9dias, son esprit critique savamment rabot\u00e9 et le sentiment de culpabilit\u00e9 qu\u2019on l\u2019oblige \u00e0 \u00e9prouver d\u00e8s qu\u2019il sort de la trace, enfin la vuln\u00e9rabilit\u00e9 o\u00f9 il est cantonn\u00e9 depuis plus d\u2019un si\u00e8cle font de lui le b\u00e9ni-oui-oui du pouvoir qui s\u2019en donne \u00e0 c\u0153ur joie \u00e0 le tourner en bourrique.<\/span><\/p>\n<p style=\"text-align: justify;\"><span style=\"font-family: times new roman, times, serif; font-size: 14pt;\">La manipulation des consciences par le pouvoir est loin d\u2019\u00eatre un proc\u00e9d\u00e9 neuf mais sa grande force est d\u2019avancer masqu\u00e9 et d\u2019\u0153uvrer avec patience. En 1840, dans <em>De la d\u00e9mocratie en Am\u00e9rique<\/em> Tocqueville d\u00e9crit cette manipulation avec pr\u00e9cision :<\/span><\/p>\n<p>&nbsp;<\/p>\n<p style=\"text-align: justify; padding-left: 90px;\"><span style=\"font-family: times new roman, times, serif; font-size: 14pt;\"><em>\u00ab\u00a0[\u2026] le souverain \u00e9tend ses bras sur la soci\u00e9t\u00e9 tout enti\u00e8re\u00a0; il en couvre la surface d\u2019un r\u00e9seau de petites r\u00e8gles compliqu\u00e9es, minutieuses et uniformes, \u00e0 travers lesquelles les esprits les plus originaux et les \u00e2mes les plus vigoureuses ne sauraient se faire jour pour d\u00e9passer la foule\u00a0; il ne brise pas les volont\u00e9s mais il les amollit, les plie et les dirige\u00a0; il force rarement d\u2019agir, mais il s\u2019oppose sans cesse \u00e0 ce qu\u2019on agisse\u00a0; il ne d\u00e9truit point, il emp\u00eache de na\u00eetre\u00a0; il ne tyrannise point, il g\u00eane ; il comprime ; il \u00e9nerve ; il \u00e9teint ; il h\u00e9b\u00e8te, et il r\u00e9duit enfin chaque nation \u00e0 n\u2019\u00eatre plus qu\u2019un troupeau d\u2019animaux timides et industrieux, dont le gouvernement est le berger\u00a0\u00bb.<\/em><\/span><\/p>\n<p>&nbsp;<\/p>\n<p style=\"text-align: justify;\"><span style=\"font-family: times new roman, times, serif; font-size: 14pt;\">Comment <em>\u00ab h\u00e9b\u00e9ter \u00bb,<\/em> ab\u00eatir, abrutir tout un peuple et le transformer en troupeau\u00a0? Comment r\u00e9duire des individus pensants en <em>\u00ab ventre mou \u00bb\u00a0<\/em>? Rien de plus simple\u00a0:\u00a0s\u2019appuyer de toutes ses forces sur ce formidable levier qu\u2019est la peur.<\/span><\/p>\n<p style=\"text-align: justify;\"><span style=\"font-family: times new roman, times, serif; font-size: 14pt;\">La psychologie sociale et la psychanalyse\u00a0\u2013 je vous renvoie aux travaux de <a href=\"https:\/\/fr.wikipedia.org\/wiki\/Monique_Pin%C3%A7on-Charlot\">Monique et Michel Pin\u00e7on-Charlot<\/a>, par exemple, ou \u00e0 ceux de <a href=\"https:\/\/fr.wikipedia.org\/wiki\/Erich_Fromm\">Erich Fromm<\/a>, notamment <em>La Passion<\/em> de d\u00e9truire\u00a0: anatomie de la destructivit\u00e9 humaine\u00a0\u2013 ont parfaitement \u00e9tudi\u00e9 le ressort puissant qu\u2019est la peur lorsqu\u2019il s\u2019agit de contraindre et contr\u00f4ler les individus. Mais je vais ici plut\u00f4t me r\u00e9f\u00e9rer \u00e0 <a href=\"https:\/\/fr.wikipedia.org\/wiki\/George_Gerbner\">George Gerbner<\/a>, journaliste am\u00e9ricain, professeur de t\u00e9l\u00e9communication, p\u00e8re de la <em>\u00ab\u00a0Cultivation Theory\u00a0\u00bb<\/em>, qui depuis 1976 a longuement analys\u00e9 le ph\u00e9nom\u00e8ne et l\u2019a identifi\u00e9\u00a0: <em>\u00ab\u00a0The Mean World Syndrome\u00a0\u00bb\u00a0[\u00ab\u00a0Le\u00a0Syndrome du Grand M\u00e9chant Monde\u00a0\u00bb]<\/em>.<\/span><\/p>\n<p>&nbsp;<\/p>\n<p>&nbsp;<\/p>\n<p style=\"text-align: center;\"><img loading=\"lazy\" class=\"alignnone wp-image-3935\" src=\"http:\/\/blog.lesgrossesorchadeslesamplesthalameges.fr\/wp-content\/uploads\/2019\/04\/Gilets-mance-3-300x169.jpg\" alt=\"\" width=\"600\" height=\"338\" srcset=\"https:\/\/blog.lesgrossesorchadeslesamplesthalameges.fr\/wp-content\/uploads\/2019\/04\/Gilets-mance-3-300x169.jpg 300w, https:\/\/blog.lesgrossesorchadeslesamplesthalameges.fr\/wp-content\/uploads\/2019\/04\/Gilets-mance-3.jpg 687w\" sizes=\"(max-width: 600px) 100vw, 600px\" \/><\/p>\n<p>&nbsp;<\/p>\n<p>&nbsp;<\/p>\n<p style=\"text-align: justify;\"><span style=\"font-family: times new roman, times, serif; font-size: 14pt;\">Gerbner d\u00e9montre, par exemple, que la violence, dont les journa<\/span><span style=\"font-family: times new roman, times, serif; font-size: 14pt;\">ux t\u00e9l\u00e9vis\u00e9s font syst\u00e9matiquement l\u2019essentiel de leurs \u00e9missions, cultive des sentiments d\u2019ins\u00e9curit\u00e9 et de vuln\u00e9rabilit\u00e9 \u00e0 l\u2019origine des comportements de d\u00e9pendance et de soumission. Les actes de violence rapport\u00e9s et hypertrophi\u00e9s dans les m\u00e9dias d\u2019information contribuent \u00e0 cr\u00e9er chez le public l\u2019image d\u2019un monde plus dangereux qu\u2019il ne l\u2019est en r\u00e9alit\u00e9. Les m\u00e9dias n\u2019informent pas\u00a0: ils d\u00e9forment la vision du monde \u00e0 grands coups d\u2019hyperboles tragiques et conditionnent les esprits. Ils distillent la peur. La peur conduit au repli sur soi,\u00a0\u00e0 l\u2019individualisme exacerb\u00e9, \u00e0 des r\u00e9flexes hyper-s\u00e9curitaires, \u00e0 la volont\u00e9 de faire r\u00e9gner l\u2019ordre et \u00e0 des besoins de <em>remplissage<\/em> combl\u00e9s par \u2026 la sur-consommation.<\/span><\/p>\n<p style=\"text-align: justify;\"><span style=\"font-family: times new roman, times, serif; font-size: 14pt;\">Voil\u00e0 o\u00f9 nous en sommes aujourd\u2019hui en France\u00a0: un peuple timor\u00e9, infantilis\u00e9, soumis, doutant de lui-m\u00eame et de sa souverainet\u00e9. Les politiciens <em>\u00ab\u00a0professionnels\u00a0\u00bb\u00a0<\/em> ont d\u00e9poss\u00e9d\u00e9 le peuple de son exercice politique, lui laissant le droit de vote comme un os \u00e0 ronger. Ils se sont empar\u00e9s du pouvoir sous pr\u00e9texte qu\u2019il serait trop complexe pour \u00eatre confi\u00e9 \u00e0 un peuple trop incapable. Alors que le R\u00e9f\u00e9rendum d\u2019initiative citoyenne serait l\u2019occasion de reprendre s\u00e9rieusement en main son \u00e9ducation politique, le citoyen s\u2019exclame\u00a0: <em>\u00ab\u00a0Le RIC ? Mais nous ne saurons pas nous en servir\u00a0! Le RIC va couler la R\u00e9publique\u00a0! Mieux vaut laisser la politique \u00e0 ceux dont c\u2019est le m\u00e9tier\u00a0!\u00a0\u00bb<\/em><\/span><\/p>\n<p style=\"text-align: justify;\"><span style=\"font-family: times new roman, times, serif; font-size: 14pt;\">Une aberration absolue ! La politique est par nature et par sa d\u00e9finition m\u00eame l\u2019affaire de tous. Solon ; Platon ; La Bo\u00e9tie ; Rousseau ; Montesquieu, Kant\u00a0\u2013 pour ne citer qu\u2019eux\u00a0\u2013 ont d\u00e9montr\u00e9 que plus le citoyen participe activement \u00e0 la vie publique\u00a0\u2013 plus il se <em>\u00ab\u00a0politise \u00bb<\/em> donc\u00a0\u2013 mieux il r\u00e9fl\u00e9chit, propose, d\u00e9bat, d\u00e9lib\u00e8re et d\u00e9cide avec sagesse et raison.<\/span><\/p>\n<p style=\"text-align: justify;\"><span style=\"font-family: times new roman, times, serif; font-size: 14pt;\">En quoi un banquier de chez <em>Rothschild <\/em>est-il apte \u00e0 devenir pr\u00e9sident de la R\u00e9publique\u00a0? Si c\u2019est un pedigree de banquier qui prime, n\u2019importe quel banquier aurait pu faire l\u2019affaire. Sur quels crit\u00e8res et \u00e0 partir de quel marquage de jauge un individu devient-il plus apte qu\u2019un autre \u00e0 s\u2019occuper des affaires de la Cit\u00e9\u00a0? Les \u00e9narques et les petits <em>\u00ab dieux de Polytechnique \u00bb<\/em>\u00a0\u2013 c\u2019est ainsi que Laurent Alexandre les a qualifi\u00e9s lors de la <a href=\"https:\/\/www.les-crises.fr\/table-ronde-de-lx-sur-le-transhumanisme-avec-laurent-alexandre\/\">table ronde de <em>l\u2019\u00c9cole Polytechnique<\/em> sur le <em>Transhumanisme<\/em> le 14 janvier 2019<\/a>\u00a0\u2013 sont-ils donc sup\u00e9rieurement dot\u00e9s de sentiments citoyens\u00a0? Qui a bien pu d\u00e9cr\u00e9ter que l\u2019intelligence et les valeurs morales \u00e9taient l\u2019apanage des politiciens professionnels\u00a0? Si tel est le cas un grand nettoyage de printemps s\u2019impose \u00e0 l\u2019Assembl\u00e9e Nationale et dans les plus hautes sph\u00e8res de l\u2019\u00c9tat.<\/span><\/p>\n<p style=\"text-align: justify;\"><span style=\"font-family: times new roman, times, serif; font-size: 14pt;\">Par quels myst\u00e8res un peuple tout entier \u00e9duqu\u00e9 par l\u2019\u00c9cole et les institutions de la R\u00e9publique serait-il plus stupide qu\u2019une poign\u00e9e d\u2019autres citoyens \u00e9duqu\u00e9s par les m\u00eames \u00e9coles et les m\u00eames institutions\u00a0? Pour quelles raisons logiques et d\u00e9fendables, un peuple tout entier, \u00e9clair\u00e9 et instruit, devrait-il reconna\u00eetre une poign\u00e9e d\u2019individus comme sup\u00e9rieurs et remettre son sort entre les mains de ceux-l\u00e0 ? Le peuple fran\u00e7ais serait-il un troupeau si dangereux qu\u2019il devient impossible de lui confier une quelconque responsabilit\u00e9 civique\u00a0? Un troupeau qu\u2019une pr\u00e9tendue \u00e9lite s\u2019octroie le devoir de mener \u00e0 l\u2019aiguillon.<\/span><\/p>\n<p style=\"text-align: justify;\"><span style=\"font-family: times new roman, times, serif; font-size: 14pt;\">En somme, quelle est notre part de responsabilit\u00e9 dans notre propre faillite\u00a0? Comment avons-nous provoqu\u00e9 notre <em>\u00ab\u00a0minorit\u00e9\u00a0\u00bb [citoyenne]<\/em>\u00a0? Pour reprendre les termes d\u2019Immanuel Kant\u00a0:<\/span><\/p>\n<p>&nbsp;<\/p>\n<p style=\"text-align: justify; padding-left: 90px;\"><span style=\"font-family: times new roman, times, serif; font-size: 14pt;\"><em>\u00ab\u00a0Minorit\u00e9, c\u2019est-\u00e0-dire incapacit\u00e9 de se servir de son entendement sans la direction d\u2019autrui, minorit\u00e9 dont (nous sommes nous-m\u00eames responsables) puisque la cause en r\u00e9side non dans un d\u00e9faut de l\u2019entendement mais dans un manque de d\u00e9cision et de courage de s\u2019en servir sans la direction d\u2019autrui. [\u2026] La paresse et la l\u00e2chet\u00e9 sont les causes qui expliquent qu\u2019un si grand nombre d\u2019hommes, apr\u00e8s que la nature les a affranchis depuis longtemps d\u2019une direction \u00e9trang\u00e8re, reste cependant volontiers, leur vie durant, mineurs, et qu\u2019il soit facile \u00e0 d\u2019autres de se poser en tuteur des premiers\u00a0\u00bb<\/em><\/span><\/p>\n<p>&nbsp;<\/p>\n<p style=\"text-align: justify;\"><span style=\"font-family: times new roman, times, serif; font-size: 14pt;\">Responsables, oui ! Par le silence complice. Par des actions molles mais surtout par des omissions l\u00e2ches. <a href=\"https:\/\/fr.wikipedia.org\/wiki\/Sapere_aude\">Horace<\/a> :<em> \u00ab Sapere aude ! \u00bb\u00a0[\u00ab\u00a0Ose savoir\u00a0!\u00a0\u00bb]\u00a0<\/em><\/span><\/p>\n<p style=\"text-align: justify;\"><span style=\"font-family: times new roman, times, serif; font-size: 14pt;\">Ayons enfin le courage de nous servir de notre propre entendement.<\/span><\/p>\n<p style=\"text-align: justify;\"><span style=\"font-family: times new roman, times, serif; font-size: 14pt;\"><strong>Aline Mance<\/strong><\/span><\/p>\n<p style=\"text-align: justify;\"><span style=\"font-family: times new roman, times, serif; font-size: 14pt;\">Source: <a href=\"https:\/\/lesakerfrancophone.fr\/le-ventre-mou\">https:\/\/lesakerfrancophone.fr\/le-ventre-mou<\/a><\/span><\/p>\n<p style=\"text-align: justify;\"><span style=\"font-family: times new roman, times, serif; font-size: 14pt;\">\u00a0<\/span><\/p>\n<p>&nbsp;<\/p>\n<p style=\"text-align: center;\"><img loading=\"lazy\" class=\"alignnone wp-image-3936\" src=\"http:\/\/blog.lesgrossesorchadeslesamplesthalameges.fr\/wp-content\/uploads\/2019\/04\/GILET-1-1.gif\" alt=\"\" width=\"150\" height=\"150\" \/><\/p>\n<p>&nbsp;<\/p>\n<p>&nbsp;<\/p>\n<p style=\"text-align: right;\"><span style=\"font-family: comic sans ms, sans-serif;\">13 avril 2019<\/span><\/p>\n<p>&nbsp;<\/p>\n<p>&nbsp;<\/p>\n","protected":false},"excerpt":{"rendered":"<p>&nbsp; &nbsp; &nbsp; &nbsp; &nbsp; &nbsp; Le \u00ab ventre mou \u00bb &nbsp; La France est \u00e0 un tournant d\u00e9cisif de son Histoire. Ayons enfin le courage de nous servir de notre propre entendement &nbsp; \u00ab Minorit\u00e9, c\u2019est-\u00e0-dire incapacit\u00e9 de se servir de son entendement sans la direction d\u2019autrui, minorit\u00e9 dont nous sommes nous-m\u00eames responsables puisque&#8230;<\/p>\n","protected":false},"author":1,"featured_media":0,"parent":0,"menu_order":0,"comment_status":"open","ping_status":"open","template":"","meta":[],"_links":{"self":[{"href":"https:\/\/blog.lesgrossesorchadeslesamplesthalameges.fr\/index.php\/wp-json\/wp\/v2\/pages\/3889"}],"collection":[{"href":"https:\/\/blog.lesgrossesorchadeslesamplesthalameges.fr\/index.php\/wp-json\/wp\/v2\/pages"}],"about":[{"href":"https:\/\/blog.lesgrossesorchadeslesamplesthalameges.fr\/index.php\/wp-json\/wp\/v2\/types\/page"}],"author":[{"embeddable":true,"href":"https:\/\/blog.lesgrossesorchadeslesamplesthalameges.fr\/index.php\/wp-json\/wp\/v2\/users\/1"}],"replies":[{"embeddable":true,"href":"https:\/\/blog.lesgrossesorchadeslesamplesthalameges.fr\/index.php\/wp-json\/wp\/v2\/comments?post=3889"}],"version-history":[{"count":0,"href":"https:\/\/blog.lesgrossesorchadeslesamplesthalameges.fr\/index.php\/wp-json\/wp\/v2\/pages\/3889\/revisions"}],"wp:attachment":[{"href":"https:\/\/blog.lesgrossesorchadeslesamplesthalameges.fr\/index.php\/wp-json\/wp\/v2\/media?parent=3889"}],"curies":[{"name":"wp","href":"https:\/\/api.w.org\/{rel}","templated":true}]}}