{"id":3895,"date":"2019-04-13T23:31:35","date_gmt":"2019-04-13T21:31:35","guid":{"rendered":"http:\/\/blog.lesgrossesorchadeslesamplesthalameges.fr\/?page_id=3895"},"modified":"2019-04-14T16:59:18","modified_gmt":"2019-04-14T14:59:18","slug":"et-sil-nen-reste-quun-tucker-carlson-sur-julian-assange","status":"publish","type":"page","link":"https:\/\/blog.lesgrossesorchadeslesamplesthalameges.fr\/index.php\/et-sil-nen-reste-quun-tucker-carlson-sur-julian-assange\/","title":{"rendered":"Et s&rsquo;il n&rsquo;en reste qu&rsquo;un&#8230; Tucker Carlson sur Julian Assange"},"content":{"rendered":"<p>&nbsp;<\/p>\n<p>&nbsp;<\/p>\n<p>&nbsp;<\/p>\n<p>&nbsp;<\/p>\n<p>&nbsp;<\/p>\n<p style=\"text-align: center;\"><span style=\"font-family: times new roman, times, serif; font-size: 36pt;\"><strong>Et s\u2019il n\u2019en reste qu\u2019un\u2026<\/strong><\/span><span style=\"font-family: times new roman, times, serif;\"><strong><em>\u00a0<\/em><\/strong><\/span><\/p>\n<p style=\"text-align: center;\"><span style=\"font-family: times new roman, times, serif; font-size: 18pt;\"><strong><em>Les Grosses Orchades \u2013 <\/em><\/strong>13.4.2019<\/span><\/p>\n<p style=\"text-align: justify;\"><span style=\"font-family: times new roman, times, serif;\"><strong><em>\u00a0<\/em><\/strong><\/span><\/p>\n<p style=\"text-align: justify;\"><span style=\"font-family: comic sans ms, sans-serif;\">Nous ne sommes pas les seuls \u00e0 penser que Tucker Carlson, quoiqu&rsquo;officiant dans un <em>mainstream<\/em>, fait honneur \u00e0 sa profession. Dans les eaux o\u00f9 il \u00e9volue, il y faut une sacr\u00e9e dose d\u2019intelligence et de courage.<\/span><\/p>\n<p style=\"text-align: justify;\"><span style=\"font-family: comic sans ms, sans-serif;\">Mais que dire aussi de ce pauvre grand Manning \u2013 avec sa pomme d\u2019Adam pro\u00e9minente et son voile de barbe qui repousse \u2013 dont certains ont pu croire qu\u2019il avait ob\u00e9i \u00e0 une impulsion de jeunesse, voire \u00e0 une forme d\u2019hyst\u00e9rie, le jour o\u00f9 il a contact\u00e9 Wikileaks pour transmettre \u00e0 quelqu\u2019un ce qu\u2019il savait\u00a0?<\/span><\/p>\n<p style=\"text-align: justify;\"><span style=\"font-family: comic sans ms, sans-serif;\">A-t-on id\u00e9e de la dose d\u2019h\u00e9ro\u00efsme qu\u2019il faut pour <em>rentrer<\/em>, les yeux ouverts, dans l\u2019enfer dont on pensait \u00eatre sorti, en sachant exactement ce qui vous y attend\u00a0? Car il ne fait aucun doute qu\u2019\u00ab\u00a0on\u00a0\u00bb a besoin de Manning pour pouvoir torturer Assange sur du vent, et qu\u2019\u00ab\u00a0on\u00a0\u00bb a d\u00e9cid\u00e9 de les d\u00e9truire l\u2019un par l\u2019autre. L\u2019un et l\u2019autre viennent d\u2019entamer de concert la derni\u00e8re station de leur chemin de croix.<\/span><\/p>\n<p style=\"text-align: justify;\"><span style=\"font-family: comic sans ms, sans-serif;\">Le commun des hommes, \u00e9tranger \u00e0 ces sortes de consciences, a du mal \u00e0 y croire, et les moins mal intentionn\u00e9s de leur pr\u00eater des complicit\u00e9s occultes autant que puissantes et myst\u00e9rieuses, si possible de celles qui font le plus peur\u00a0: CIA, ex-KGB, MOSSAD, choisissez la v\u00f4tre\u2026 Cela existe-t-il un homme seul et vuln\u00e9rable, capable d\u2019aller d\u2019un pas tranquille \u00ab\u00a0jusqu\u2019au b\u00fbcher, inclusivement\u00a0\u00bb\u00a0?<\/span><\/p>\n<p style=\"text-align: justify;\"><span style=\"font-family: comic sans ms, sans-serif;\">Quant \u00e0 ceux que ces deux h\u00e9ros ont expos\u00e9s pour ce qu\u2019ils \u00e9taient et qui sur eux s\u2019acharnent, pr\u00e9cisons-le pour que les choses soient au moins une fois clairement dites, ce sont les excr\u00e9ments de l\u2019humanit\u00e9 \u2013 dont le r\u00e8gne animal est bienheureusement exempt \u2013 d\u2019une humanit\u00e9 qui ne peut h\u00e9las les effacer de sa vue et de son odorat apr\u00e8s les avoir chi\u00e9s.<\/span><\/p>\n<p style=\"text-align: justify;\"><span style=\"font-family: comic sans ms, sans-serif;\">Tous, nous en avons chez nous, et nous les subissons avec une passivit\u00e9 coupable qui nous \u00f4te le droit de juger ne f\u00fbt-ce que l\u2019ongle d\u2019un petit doigt de pied d\u2019Assange ou de Manning. Ou de Correa. Ou de Carlson.<\/span><\/p>\n<p>&nbsp;<\/p>\n<p>&nbsp;<\/p>\n<p style=\"text-align: center;\"><span style=\"font-family: times new roman, times, serif;\"><strong><em>\u00a0<img loading=\"lazy\" class=\"alignnone wp-image-3958\" src=\"http:\/\/blog.lesgrossesorchadeslesamplesthalameges.fr\/wp-content\/uploads\/2019\/04\/cha\u00eenes-3.jpg\" alt=\"\" width=\"100\" height=\"72\" \/><\/em><\/strong><\/span><\/p>\n<p>&nbsp;<\/p>\n<p style=\"text-align: justify;\"><span style=\"font-family: times new roman, times, serif;\"><strong>\u00a0<\/strong><\/span><\/p>\n<p style=\"text-align: center;\"><span style=\"font-family: times new roman, times, serif; font-size: 36pt;\"><strong>Tucker Carlson sur Julian Assange<\/strong><\/span><\/p>\n<p style=\"text-align: center;\"><span style=\"font-family: times new roman, times, serif; font-size: 24pt;\">(\u00ab\u00a0Carlson remet en perspective les actes et l\u2019arrestation d\u2019Assange \u2013 Vid\u00e9o\u00a0\u00bb)<\/span><\/p>\n<p style=\"text-align: center;\"><span style=\"font-family: times new roman, times, serif; font-size: 18pt;\"><strong>Seraphim Hanisch \u2013 <em>TheDuran<\/em> \u2013 13. 4.2019<\/strong><\/span><\/p>\n<p style=\"text-align: justify;\"><span style=\"font-family: times new roman, times, serif;\"><strong>\u00a0<\/strong><\/span><\/p>\n<p>&nbsp;<\/p>\n<p style=\"text-align: center;\"><span style=\"font-family: times new roman, times, serif;\"><strong>\u00a0<img loading=\"lazy\" class=\"alignnone wp-image-3872\" src=\"http:\/\/blog.lesgrossesorchadeslesamplesthalameges.fr\/wp-content\/uploads\/2019\/04\/carlson-300x162.jpg\" alt=\"\" width=\"600\" height=\"325\" srcset=\"https:\/\/blog.lesgrossesorchadeslesamplesthalameges.fr\/wp-content\/uploads\/2019\/04\/carlson-300x162.jpg 300w, https:\/\/blog.lesgrossesorchadeslesamplesthalameges.fr\/wp-content\/uploads\/2019\/04\/carlson-768x416.jpg 768w, https:\/\/blog.lesgrossesorchadeslesamplesthalameges.fr\/wp-content\/uploads\/2019\/04\/carlson.jpg 831w\" sizes=\"(max-width: 600px) 100vw, 600px\" \/><\/strong><\/span><\/p>\n<p style=\"text-align: justify;\"><span style=\"font-family: times new roman, times, serif;\"><strong>\u00a0<\/strong><\/span><\/p>\n<p>&nbsp;<\/p>\n<p style=\"text-align: justify;\"><span style=\"font-family: tahoma, arial, helvetica, sans-serif; font-size: 14pt;\"><strong>Tucker Carlson est \u00e0 peu pr\u00e8s le seul \u00e0 se distinguer en disant la v\u00e9rit\u00e9 sur Julian Assange, sur ce qu\u2019il a fait et sur ce qu\u2019il n\u2019a pas fait.<\/strong><\/span><\/p>\n<p style=\"text-align: justify;\"><span style=\"font-family: times new roman, times, serif; font-size: 14pt;\"><strong>\u00a0<\/strong><\/span><\/p>\n<p style=\"text-align: justify;\"><span style=\"font-family: times new roman, times, serif; font-size: 14pt;\">Tucker Carlson, sur FOX NEWS, donne ici sa propre analyse de l\u2019arrestation de Julian Assange. M. Assange a \u00e9t\u00e9 arr\u00eat\u00e9 hier 11 avril, apr\u00e8s que l\u2019ambassade d\u2019\u00c9quateur ait accept\u00e9\u00a0de l\u2019expulser de son immeuble de Londres, o\u00f9 il a v\u00e9cu ces sept derni\u00e8res ann\u00e9es pour \u00e9chapper aux gouvernements des \u00c9tats-Unis et d\u2019Europe occidentale.<\/span><\/p>\n<p style=\"text-align: justify;\"><span style=\"font-family: times new roman, times, serif; font-size: 14pt;\">La presse <em>mainstream<\/em> a couvert \u00e0 foison l\u2019\u00e9v\u00e9nement, mais l\u2019a fait d\u2019une fa\u00e7on si malhonn\u00eate que Tucker Carlson a trouv\u00e9 n\u00e9cessaire de remettre les faits dans leur vraie perspective\u00a0:<\/span><\/p>\n<p>&nbsp;<\/p>\n<p>&nbsp;<\/p>\n<p style=\"text-align: center;\"><span style=\"font-family: times new roman, times, serif;\"><iframe loading=\"lazy\" src=\"\/\/www.youtube.com\/embed\/ZE7OfU71Sbk\" width=\"560\" height=\"315\" frameborder=\"0\" allowfullscreen=\"allowfullscreen\"><\/iframe><\/span><\/p>\n<p>&nbsp;<\/p>\n<p>&nbsp;<\/p>\n<p style=\"text-align: justify;\"><span style=\"font-family: times new roman, times, serif; font-size: 14pt;\">C\u2019est probablement dans le passage qui commence \u00e0 [01\u00a0:54] que son commentaire principal et la v\u00e9rit\u00e9 principale sur la vie et l\u2019oeuvre de M. Assange, sont le mieux r\u00e9sum\u00e9s. Nous le transcrivons ici\u00a0:<\/span><\/p>\n<p style=\"text-align: justify;\"><span style=\"font-family: times new roman, times, serif; font-size: 14pt;\">Premi\u00e8rement, Julian Assange a plong\u00e9 dans l\u2019embarras\u00a0 pratiquement tout qui avait du pouvoir \u00e0, Washington. Il a publi\u00e9 des documents qui ont sap\u00e9 sans retour les versions officielles des guerres d\u2019Irak et d\u2019Afghanistan. Il a fait virer Debbie Wasserman-Schulz du Comit\u00e9 National D\u00e9mocrate. Il a humili\u00e9 Hillary Clinton en prouvant que les primaires du Parti D\u00e9mocrate avaient \u00e9t\u00e9 truqu\u00e9es.<\/span><\/p>\n<p style=\"text-align: justify;\"><span style=\"font-family: times new roman, times, serif; font-size: 14pt;\">\u00c0 peu pr\u00e8s tout le monde, \u00e0 Washington, a des raisons de ha\u00efr Julian Assange. Mais pas question d\u2019admettre franchement \u00ab\u00a0il nous a fait passer pour les bouffons que nous sommes, donc, nous l\u2019envoyons au trou\u00a0!\u00a0\u00bb<\/span><\/p>\n<p style=\"text-align: justify;\"><span style=\"font-family: times new roman, times, serif; font-size: 14pt;\">Cependant, ceux qui ne sont pas \u00e0 Washington ont toutes les raisons de rendre gr\u00e2ce \u00e0 cet homme pour avoir r\u00e9v\u00e9l\u00e9 cette sorte de v\u00e9rit\u00e9s.<\/span><\/p>\n<p style=\"text-align: justify;\"><span style=\"font-family: times new roman, times, serif; font-size: 14pt;\">Cependant, dit encore M. Carlson, il y a moyen de colmater les grands trous qu\u2019il y a dans l\u2019affabulation \u00ab\u00a0ing\u00e9rence russe\/collusion\/conspiration (ajoutez le terme de votre choix)\u00a0\u00bb par \u00ab\u00a0Julian Assange \u00e9tait un agent russe\u00a0\u00bb.<\/span><\/p>\n<p style=\"text-align: justify;\"><span style=\"font-family: times new roman, times, serif; font-size: 14pt;\">Ceci est \u00e9videmment faux. Mais qui est le mieux qualifi\u00e9 pour r\u00e9pandre ce genre de bobard que le s\u00e9nateur Richard Blumenthal, plus connu sous le sobriquet de \u00ab\u00a0Da Nang Dick\u00a0\u00bb parce qu\u2019il a menti effront\u00e9ment pour faire croire qu\u2019il avait servi au Vietnam, alors qu\u2019en r\u00e9alit\u00e9 il a par cinq fois b\u00e9n\u00e9fici\u00e9 de sursis qui lui ont \u00e9vit\u00e9 d\u2019\u00eatre envoy\u00e9 outremer, et qui a fait son service militaire dans les Marines\u2026 comme r\u00e9serviste, \u00e0 Washington D.C. et dans le Connecticut, qui, donc, ne s\u2019est jamais battu dans aucune guerre.<\/span><\/p>\n<p style=\"text-align: justify;\"><span style=\"font-family: times new roman, times, serif; font-size: 14pt;\">Dans la vid\u00e9o ci-dessus, on peut le voir, p\u00e9rorant comme \u00e0 l\u2019accoutum\u00e9e, d\u00e9vider d\u2019autres mensonges sur M. Assange.<\/span><\/p>\n<p style=\"text-align: justify;\"><span style=\"font-family: times new roman, times, serif; font-size: 14pt;\">La totalit\u00e9 de la video de M. Carlson est remarquablement pr\u00e9cise et honn\u00eate. Cela fait du bien de savoir qu\u2019il y a au moins un journaliste plut\u00f4t pas mal en exercice aux \u00c9tats-Unis. Mais h\u00e9las les \u00ab\u00a0<em>spin doctors<\/em>\u00a0\u00bb [sp\u00e9cialistes de l\u2019affabulation\u00a0, ndt] ont pris le contr\u00f4le de tout depuis longtemps, et on peut d\u00e9duire de ce d\u00e9veloppement que la \u00ab\u00a0collusion russe\u00a0\u00bb ou l\u2019une ou l\u2019autre de ses ramifications va nous \u00eatre matraqu\u00e9e pendant tr\u00e8s, tr\u00e8s longtemps encore.<\/span><\/p>\n<p>&nbsp;<\/p>\n<p style=\"text-align: left;\"><span style=\"font-family: times new roman, times, serif; font-size: 14pt;\">Source : <a href=\"http:\/\/theduran.com\/tucker-carlson-puts-assanges-deeds-and-arrest-in-perspective-video\/?mc_cid=3ec1ec93ae&amp;mc_eid=a6bc8ffe32\">http:\/\/theduran.com\/tucker-carlson-puts-assanges-deeds-and-arrest-in-perspective-video\/?mc_cid=3ec1ec93ae&amp;mc_eid=a6bc8ffe32<\/a><\/span><\/p>\n<p style=\"text-align: justify;\"><span style=\"font-family: times new roman, times, serif; font-size: 14pt;\"><strong>URL de cet article\u00a0: <\/strong><\/span><\/p>\n<p style=\"text-align: right;\"><span style=\"font-family: times new roman, times, serif; font-size: 14pt;\">Traduction\u00a0: c.l. pour Les Grosses Orchades<\/span><\/p>\n<p style=\"text-align: justify;\"><span style=\"font-family: times new roman, times, serif; color: #c00000; font-size: 18pt;\"><strong><em>N.B. La vid\u00e9o est sous-titr\u00e9e en anglais.<\/em><\/strong><\/span><\/p>\n<p>&nbsp;<\/p>\n<p>&nbsp;<\/p>\n<p style=\"text-align: right;\"><span style=\"font-family: comic sans ms, sans-serif; font-size: 14pt;\">13 avril 2019<\/span><\/p>\n<p>&nbsp;<\/p>\n<p>&nbsp;<\/p>\n","protected":false},"excerpt":{"rendered":"<p>&nbsp; &nbsp; &nbsp; &nbsp; &nbsp; Et s\u2019il n\u2019en reste qu\u2019un\u2026\u00a0 Les Grosses Orchades \u2013 13.4.2019 \u00a0 Nous ne sommes pas les seuls \u00e0 penser que Tucker Carlson, quoiqu&rsquo;officiant dans un mainstream, fait honneur \u00e0 sa profession. Dans les eaux o\u00f9 il \u00e9volue, il y faut une sacr\u00e9e dose d\u2019intelligence et de courage. Mais que dire&#8230;<\/p>\n","protected":false},"author":1,"featured_media":0,"parent":0,"menu_order":0,"comment_status":"open","ping_status":"open","template":"","meta":[],"_links":{"self":[{"href":"https:\/\/blog.lesgrossesorchadeslesamplesthalameges.fr\/index.php\/wp-json\/wp\/v2\/pages\/3895"}],"collection":[{"href":"https:\/\/blog.lesgrossesorchadeslesamplesthalameges.fr\/index.php\/wp-json\/wp\/v2\/pages"}],"about":[{"href":"https:\/\/blog.lesgrossesorchadeslesamplesthalameges.fr\/index.php\/wp-json\/wp\/v2\/types\/page"}],"author":[{"embeddable":true,"href":"https:\/\/blog.lesgrossesorchadeslesamplesthalameges.fr\/index.php\/wp-json\/wp\/v2\/users\/1"}],"replies":[{"embeddable":true,"href":"https:\/\/blog.lesgrossesorchadeslesamplesthalameges.fr\/index.php\/wp-json\/wp\/v2\/comments?post=3895"}],"version-history":[{"count":0,"href":"https:\/\/blog.lesgrossesorchadeslesamplesthalameges.fr\/index.php\/wp-json\/wp\/v2\/pages\/3895\/revisions"}],"wp:attachment":[{"href":"https:\/\/blog.lesgrossesorchadeslesamplesthalameges.fr\/index.php\/wp-json\/wp\/v2\/media?parent=3895"}],"curies":[{"name":"wp","href":"https:\/\/api.w.org\/{rel}","templated":true}]}}