{"id":3898,"date":"2019-04-13T23:34:02","date_gmt":"2019-04-13T21:34:02","guid":{"rendered":"http:\/\/blog.lesgrossesorchadeslesamplesthalameges.fr\/?page_id=3898"},"modified":"2019-04-14T17:00:56","modified_gmt":"2019-04-14T15:00:56","slug":"facebook-bloque-la-page-de-lex-president-de-lequateur-raphael-correa","status":"publish","type":"page","link":"https:\/\/blog.lesgrossesorchadeslesamplesthalameges.fr\/index.php\/facebook-bloque-la-page-de-lex-president-de-lequateur-raphael-correa\/","title":{"rendered":"Facebook bloque la page de l&rsquo;ex-pr\u00e9sident de l&rsquo;\u00c9quateur Rapha\u00ebl Correa"},"content":{"rendered":"<p>&nbsp;<\/p>\n<p>&nbsp;<\/p>\n<p>&nbsp;<\/p>\n<p>&nbsp;<\/p>\n<p>&nbsp;<\/p>\n<p>&nbsp;<\/p>\n<p style=\"text-align: center;\"><img loading=\"lazy\" class=\"alignnone wp-image-3873\" src=\"http:\/\/blog.lesgrossesorchadeslesamplesthalameges.fr\/wp-content\/uploads\/2019\/04\/Facebook-1-300x209.jpg\" alt=\"\" width=\"500\" height=\"348\" srcset=\"https:\/\/blog.lesgrossesorchadeslesamplesthalameges.fr\/wp-content\/uploads\/2019\/04\/Facebook-1-300x209.jpg 300w, https:\/\/blog.lesgrossesorchadeslesamplesthalameges.fr\/wp-content\/uploads\/2019\/04\/Facebook-1.jpg 696w\" sizes=\"(max-width: 500px) 100vw, 500px\" \/><\/p>\n<p>&nbsp;<\/p>\n<p style=\"text-align: center;\"><span style=\"font-family: times new roman, times, serif; font-size: 36pt;\"><strong>Facebook bloque la page de l\u2019ex-pr\u00e9sident de l\u2019\u00c9quateur Rafael Correa pour y avoir critiqu\u00e9 son successeur Len\u00edn Moreno<\/strong><\/span><\/p>\n<p style=\"text-align: justify;\"><span style=\"font-family: times new roman, times, serif; font-size: 14pt;\"><strong><em>\u00a0<\/em><\/strong><\/span><\/p>\n<p style=\"text-align: center;\"><span style=\"font-family: times new roman, times, serif; font-size: 18pt;\"><strong><em>Strategika 51<\/em><\/strong><strong> \u2013 12.4.2019<\/strong><\/span><\/p>\n<p>&nbsp;<\/p>\n<p style=\"text-align: justify;\"><span style=\"font-family: times new roman, times, serif; font-size: 14pt;\">L\u2019ex pr\u00e9sident de l\u2019\u00c9quateur Rafael Correa, a qualifi\u00e9 son successeur, Len\u00edn Moreno, de \u00ab\u00a0plus tra\u00eetre de l\u2019histoire \u00e9quatorienne et latino-am\u00e9ricaine\u00a0\u00bb pour avoir permis \u00e0 la police britannique de violer l\u2019immunit\u00e9 de l\u2019ambassade \u00e9quatorienne \u00e0 Londres et arr\u00eater le r\u00e9fugi\u00e9 politique Julian Assange.<\/span><\/p>\n<p>&nbsp;<\/p>\n<p>&nbsp;<\/p>\n<p style=\"text-align: center;\"><img loading=\"lazy\" class=\"alignnone wp-image-3963\" src=\"http:\/\/blog.lesgrossesorchadeslesamplesthalameges.fr\/wp-content\/uploads\/2019\/04\/Correa-300x169.jpg\" alt=\"\" width=\"600\" height=\"338\" srcset=\"https:\/\/blog.lesgrossesorchadeslesamplesthalameges.fr\/wp-content\/uploads\/2019\/04\/Correa-300x169.jpg 300w, https:\/\/blog.lesgrossesorchadeslesamplesthalameges.fr\/wp-content\/uploads\/2019\/04\/Correa.jpg 623w\" sizes=\"(max-width: 600px) 100vw, 600px\" \/><\/p>\n<p style=\"text-align: center;\"><span style=\"font-family: times new roman, times, serif; font-size: 12pt;\"><strong><em>Rafael Correa<\/em><\/strong><\/span><\/p>\n<p style=\"text-align: justify;\"><span style=\"font-family: times new roman, times, serif; font-size: 14pt;\"><strong><em>\u00a0<\/em><\/strong><\/span><\/p>\n<p style=\"text-align: justify;\"><span style=\"font-family: times new roman, times, serif; font-size: 14pt;\">Correa ne s\u2019en est pas tenu \u00e0 cet aspect et a \u00e9voqu\u00e9 le fait reconnu que Moreno est un homme corrompu.<\/span><\/p>\n<p style=\"text-align: justify;\"><span style=\"font-family: times new roman, times, serif; font-size: 14pt;\">Il suffit de parcourir quelques articles de la presse \u00e9crite et la blogosph\u00e8re \u00e9quatorienne pour se rendre compte que Len\u00edn Moreno est non seulement corrompu mais pr\u00e9sente tous les caract\u00e8res caricatur\u00e9s des petits chefs sud-americains cupides et tr\u00e8s avides, corrompus jusqu\u2019\u00e0 la moelle et tr\u00e8s peu scrupuleux.<\/span><\/p>\n<p style=\"text-align: justify;\"><span style=\"font-family: times new roman, times, serif; font-size: 14pt;\">Selon des blogueurs et des analystes sud-am\u00e9ricains, Lenin Moreno aurait re\u00e7u des pots-de-vin de l\u2019antenne locale de la CIA \u00e0 Quito pour l\u00e2cher Assange.<\/span><\/p>\n<p style=\"text-align: justify;\"><span style=\"font-family: times new roman, times, serif; font-size: 14pt;\">Rafael Correa qui a accord\u00e9 en 2012 l\u2019asile politique \u00e0 Julian Assange pour lui \u00e9viter une extradition vers les \u00c9tats-Unis o\u00f9 il risquait la peine de mort, a qualifi\u00e9 Len\u00edn Moreno de l\u00e2che et de canaille qui a commis un crime que l\u2019humanit\u00e9 n\u2019oubliera pas.<\/span><\/p>\n<p>&nbsp;<\/p>\n<p>&nbsp;<\/p>\n<p style=\"text-align: center;\"><img loading=\"lazy\" class=\"alignnone wp-image-3964\" src=\"http:\/\/blog.lesgrossesorchadeslesamplesthalameges.fr\/wp-content\/uploads\/2019\/04\/Moreno-300x169.jpg\" alt=\"\" width=\"600\" height=\"338\" srcset=\"https:\/\/blog.lesgrossesorchadeslesamplesthalameges.fr\/wp-content\/uploads\/2019\/04\/Moreno-300x169.jpg 300w, https:\/\/blog.lesgrossesorchadeslesamplesthalameges.fr\/wp-content\/uploads\/2019\/04\/Moreno.jpg 640w\" sizes=\"(max-width: 600px) 100vw, 600px\" \/><\/p>\n<p style=\"text-align: center;\"><span style=\"font-family: times new roman, times, serif; font-size: 12pt;\"><strong><em>Len\u00edn Moreno<\/em><\/strong><\/span><\/p>\n<p>&nbsp;<\/p>\n<p>&nbsp;<\/p>\n<p style=\"text-align: justify;\"><span style=\"font-family: times new roman, times, serif; font-size: 14pt;\">Len\u00edn Moreno, l\u2019actuel pr\u00e9sident de l\u2019\u00c9quateur, est un homme tr\u00e8s corrompu impos\u00e9 par Washington apr\u00e8s l\u2019intervalle libre de Correa.<\/span><\/p>\n<p style=\"text-align: justify;\"><span style=\"font-family: times new roman, times, serif; font-size: 14pt;\">Cons\u00e9quence directe et naturelle de la libert\u00e9 de ton de Rafael Correa\u00a0: son compte a \u00e9t\u00e9 suspendu par la nouvelle inquisition du r\u00e9seau social fort controvers\u00e9 et louche d\u00e9nomm\u00e9 Facebook.<\/span><\/p>\n<p>&nbsp;<\/p>\n<p style=\"text-align: justify;\"><span style=\"font-family: times new roman, times, serif; font-size: 14pt;\">Source\u00a0: <a href=\"https:\/\/strategika51.org\/archives\/62405\">https:\/\/strategika51.org\/archives\/62405<\/a><\/span><\/p>\n<p>&nbsp;<\/p>\n<p>&nbsp;<\/p>\n<p style=\"text-align: right;\"><span style=\"font-family: comic sans ms, sans-serif; font-size: 14pt;\">13 avril 2019<\/span><\/p>\n<p>&nbsp;<\/p>\n<p>&nbsp;<\/p>\n","protected":false},"excerpt":{"rendered":"<p>&nbsp; &nbsp; &nbsp; &nbsp; &nbsp; &nbsp; &nbsp; Facebook bloque la page de l\u2019ex-pr\u00e9sident de l\u2019\u00c9quateur Rafael Correa pour y avoir critiqu\u00e9 son successeur Len\u00edn Moreno \u00a0 Strategika 51 \u2013 12.4.2019 &nbsp; L\u2019ex pr\u00e9sident de l\u2019\u00c9quateur Rafael Correa, a qualifi\u00e9 son successeur, Len\u00edn Moreno, de \u00ab\u00a0plus tra\u00eetre de l\u2019histoire \u00e9quatorienne et latino-am\u00e9ricaine\u00a0\u00bb pour avoir permis \u00e0&#8230;<\/p>\n","protected":false},"author":1,"featured_media":0,"parent":0,"menu_order":0,"comment_status":"open","ping_status":"open","template":"","meta":[],"_links":{"self":[{"href":"https:\/\/blog.lesgrossesorchadeslesamplesthalameges.fr\/index.php\/wp-json\/wp\/v2\/pages\/3898"}],"collection":[{"href":"https:\/\/blog.lesgrossesorchadeslesamplesthalameges.fr\/index.php\/wp-json\/wp\/v2\/pages"}],"about":[{"href":"https:\/\/blog.lesgrossesorchadeslesamplesthalameges.fr\/index.php\/wp-json\/wp\/v2\/types\/page"}],"author":[{"embeddable":true,"href":"https:\/\/blog.lesgrossesorchadeslesamplesthalameges.fr\/index.php\/wp-json\/wp\/v2\/users\/1"}],"replies":[{"embeddable":true,"href":"https:\/\/blog.lesgrossesorchadeslesamplesthalameges.fr\/index.php\/wp-json\/wp\/v2\/comments?post=3898"}],"version-history":[{"count":0,"href":"https:\/\/blog.lesgrossesorchadeslesamplesthalameges.fr\/index.php\/wp-json\/wp\/v2\/pages\/3898\/revisions"}],"wp:attachment":[{"href":"https:\/\/blog.lesgrossesorchadeslesamplesthalameges.fr\/index.php\/wp-json\/wp\/v2\/media?parent=3898"}],"curies":[{"name":"wp","href":"https:\/\/api.w.org\/{rel}","templated":true}]}}