{"id":4102,"date":"2019-04-18T21:47:25","date_gmt":"2019-04-18T19:47:25","guid":{"rendered":"http:\/\/blog.lesgrossesorchadeslesamplesthalameges.fr\/?page_id=4102"},"modified":"2019-04-18T21:47:25","modified_gmt":"2019-04-18T19:47:25","slug":"lincendie-du-reichstag","status":"publish","type":"page","link":"https:\/\/blog.lesgrossesorchadeslesamplesthalameges.fr\/index.php\/lincendie-du-reichstag\/","title":{"rendered":"L&rsquo;incendie du Reichstag"},"content":{"rendered":"<p>&nbsp;<\/p>\n<p>&nbsp;<\/p>\n<p>&nbsp;<\/p>\n<p>&nbsp;<\/p>\n<p>&nbsp;<\/p>\n<p style=\"text-align: center;\"><span style=\"font-family: times new roman, times, serif; font-size: 36pt;\"><strong>Incendie du Reichstag, pardon, de Notre-Dame de Paris<\/strong><\/span><\/p>\n<p style=\"text-align: justify;\"><span style=\"font-family: times new roman, times, serif; font-size: 14pt;\"><strong>\u00a0<\/strong><\/span><\/p>\n<p style=\"text-align: center;\"><span style=\"font-family: times new roman, times, serif; font-size: 14pt;\"><strong>\u00a0<img loading=\"lazy\" class=\"alignnone wp-image-4104\" src=\"http:\/\/blog.lesgrossesorchadeslesamplesthalameges.fr\/wp-content\/uploads\/2019\/04\/video-300x169.jpg\" alt=\"\" width=\"500\" height=\"281\" srcset=\"https:\/\/blog.lesgrossesorchadeslesamplesthalameges.fr\/wp-content\/uploads\/2019\/04\/video-300x169.jpg 300w, https:\/\/blog.lesgrossesorchadeslesamplesthalameges.fr\/wp-content\/uploads\/2019\/04\/video.jpg 500w\" sizes=\"(max-width: 500px) 100vw, 500px\" \/><\/strong><\/span><\/p>\n<p>&nbsp;<\/p>\n<p style=\"text-align: center;\"><span style=\"font-family: times new roman, times, serif; font-size: 24pt;\"><strong>L&rsquo;union sacr\u00e9e obtenue par Macron<\/strong><\/span><\/p>\n<p style=\"text-align: center;\"><span style=\"font-family: times new roman, times, serif; font-size: 14pt;\">Enregistr\u00e9 au Soir3 le 15 avril 2019 vers 23h10<\/span><\/p>\n<p style=\"text-align: center;\"><span style=\"font-family: times new roman, times, serif; font-size: 14pt;\">Cliquer sur l&rsquo;image ci-dessus pour voir la vid\u00e9o<\/span><\/p>\n<p style=\"text-align: center;\"><span style=\"font-family: times new roman, times, serif; font-size: 14pt;\">(Et si vous n\u2019arrivez pas \u00e0 l\u2019ouvrir, allez l\u2019ouvrir sur le site\u00a0: <a href=\"http:\/\/mai68.org\/spip2\/spip.php?article3450\"><strong>http:\/\/mai68.org\/spip2\/spip.php?article3450)<\/strong><\/a><\/span><\/p>\n<p style=\"text-align: justify;\"><span style=\"font-family: times new roman, times, serif; font-size: 14pt;\">Macron avait promis de s&rsquo;adresser officiellement aux Gilets Jaunes \u00e0 20 heures, ce lundi 15 avril 2019. Son discours devait \u00eatre retransmis \u00e0 la t\u00e9l\u00e9vision. L&rsquo;intitul\u00e9 du <em>C dans l&rsquo;air<\/em> de ce jour \u00e9tait \u00ab\u00a0Macron\u00a0: surprise obligatoire\u00a0!\u00a0\u00bb Et l&rsquo;incendie a commenc\u00e9 ce jour vers 18h50. Pour une surprise ce fut une surprise\u00a0!<\/span><\/p>\n<p style=\"text-align: justify;\"><span style=\"font-family: times new roman, times, serif; font-size: 14pt;\">Gr\u00e2ce \u00e0 l&rsquo;incendie de Notre-Dame de Paris, Macron a pu <em>\u00ab\u00a0retarder\u00a0\u00bb<\/em> son discours\u00a0; et, quand il le fera, il nous dira qu&rsquo;il a des choses \u00e0 s&rsquo;occuper qui sont bien plus importantes que les Gilets Jaunes.<\/span><\/p>\n<p style=\"text-align: justify;\"><span style=\"font-family: times new roman, times, serif; font-size: 14pt;\">Et surtout, la une des journaux t\u00e9l\u00e9vis\u00e9s aurait d\u00fb \u00eatre sur les armes fran\u00e7aises utilis\u00e9es au Y\u00e9men. Mais, cet incendie est une bonne excuse pour ne m\u00eame pas en parler, ou alors tr\u00e8s peu.<\/span><\/p>\n<p style=\"text-align: justify;\"><span style=\"font-family: times new roman, times, serif; font-size: 14pt;\">L&rsquo;incendie de Notre-Dame de Paris a provoqu\u00e9 l&rsquo;Union Sacr\u00e9e.<\/span><\/p>\n<p style=\"text-align: justify;\"><span style=\"font-family: times new roman, times, serif; font-size: 14pt;\">L&rsquo;union sacr\u00e9e, c&rsquo;est la collaboration de classe.<\/span><\/p>\n<p style=\"text-align: justify;\"><span style=\"font-family: times new roman, times, serif; font-size: 14pt;\">Macron ne pouvait pas r\u00eaver mieux.<\/span><\/p>\n<p style=\"text-align: justify;\"><span style=\"font-family: times new roman, times, serif; font-size: 14pt;\">Bien \u00e0 vous,<\/span><br \/>\n<span style=\"font-family: times new roman, times, serif; font-size: 14pt;\">do<\/span><br \/>\n<span style=\"font-family: times new roman, times, serif; font-size: 14pt;\">16 avril 2019<\/span><br \/>\n<span style=\"font-family: times new roman, times, serif; font-size: 14pt;\"><a href=\"http:\/\/mai68.org\/spip2\">http:\/\/mai68.org\/spip2<\/a><\/span><\/p>\n<p>&nbsp;<\/p>\n<p style=\"text-align: center;\"><img loading=\"lazy\" class=\"alignnone size-full wp-image-4075\" src=\"http:\/\/blog.lesgrossesorchadeslesamplesthalameges.fr\/wp-content\/uploads\/2019\/04\/2.Marianne-pleurant-petit-xxx.gif\" alt=\"\" width=\"72\" height=\"86\" \/><\/p>\n<p>&nbsp;<\/p>\n<p style=\"text-align: center;\"><span style=\"font-family: times new roman, times, serif; font-size: 36pt;\"><strong>Des armes fran\u00e7aises sont bien utilis\u00e9es au Y\u00e9men, selon une note \u00ab\u00a0confidentiel D\u00e9fense\u00a0\u00bb<\/strong><\/span><\/p>\n<p>&nbsp;<\/p>\n<p style=\"text-align: justify;\"><span style=\"font-family: times new roman, times, serif; font-size: 14pt;\"><u>15 avril 2019\u00a0:<\/u> Les r\u00e9v\u00e9lations de<em> Disclose <\/em>en partenariat avec la cellule investigation de Radio France contredisent le discours officiel sur l&rsquo;absence d&rsquo;armes fran\u00e7aises dans la guerre au Y\u00e9men. Une note secr\u00e8te du renseignement fran\u00e7ais recense celles qui sont utilis\u00e9es sur le terrain et leurs cons\u00e9quences sur les populations civiles\u00a0:<\/span><\/p>\n<p style=\"text-align: justify;\"><span style=\"font-family: times new roman, times, serif; font-size: 14pt;\">Bien \u00e0 vous,<\/span><br \/>\n<span style=\"font-family: times new roman, times, serif; font-size: 14pt;\">do<\/span><br \/>\n<span style=\"font-family: times new roman, times, serif; font-size: 14pt;\">16 avril 2019<\/span><\/p>\n<p style=\"text-align: justify;\"><span style=\"font-family: times new roman, times, serif; font-size: 14pt;\"><a href=\"http:\/\/mai68.org\/spip2\/spip.php?article3449\">http:\/\/mai68.org\/spip2\/spip.php?article3449<\/a><\/span><\/p>\n<p>&nbsp;<\/p>\n<p>&nbsp;<\/p>\n<p style=\"text-align: center;\"><img loading=\"lazy\" class=\"alignnone size-full wp-image-4075\" src=\"http:\/\/blog.lesgrossesorchadeslesamplesthalameges.fr\/wp-content\/uploads\/2019\/04\/2.Marianne-pleurant-petit-xxx.gif\" alt=\"\" width=\"72\" height=\"86\" \/><\/p>\n<p>&nbsp;<\/p>\n<p style=\"text-align: right;\"><span style=\"font-family: comic sans ms, sans-serif; font-size: 14pt;\">18 avril 2019<\/span><\/p>\n<p>&nbsp;<\/p>\n","protected":false},"excerpt":{"rendered":"<p>&nbsp; &nbsp; &nbsp; &nbsp; &nbsp; Incendie du Reichstag, pardon, de Notre-Dame de Paris \u00a0 \u00a0 &nbsp; L&rsquo;union sacr\u00e9e obtenue par Macron Enregistr\u00e9 au Soir3 le 15 avril 2019 vers 23h10 Cliquer sur l&rsquo;image ci-dessus pour voir la vid\u00e9o (Et si vous n\u2019arrivez pas \u00e0 l\u2019ouvrir, allez l\u2019ouvrir sur le site\u00a0: http:\/\/mai68.org\/spip2\/spip.php?article3450) Macron avait promis de&#8230;<\/p>\n","protected":false},"author":1,"featured_media":0,"parent":0,"menu_order":0,"comment_status":"open","ping_status":"open","template":"","meta":[],"_links":{"self":[{"href":"https:\/\/blog.lesgrossesorchadeslesamplesthalameges.fr\/index.php\/wp-json\/wp\/v2\/pages\/4102"}],"collection":[{"href":"https:\/\/blog.lesgrossesorchadeslesamplesthalameges.fr\/index.php\/wp-json\/wp\/v2\/pages"}],"about":[{"href":"https:\/\/blog.lesgrossesorchadeslesamplesthalameges.fr\/index.php\/wp-json\/wp\/v2\/types\/page"}],"author":[{"embeddable":true,"href":"https:\/\/blog.lesgrossesorchadeslesamplesthalameges.fr\/index.php\/wp-json\/wp\/v2\/users\/1"}],"replies":[{"embeddable":true,"href":"https:\/\/blog.lesgrossesorchadeslesamplesthalameges.fr\/index.php\/wp-json\/wp\/v2\/comments?post=4102"}],"version-history":[{"count":0,"href":"https:\/\/blog.lesgrossesorchadeslesamplesthalameges.fr\/index.php\/wp-json\/wp\/v2\/pages\/4102\/revisions"}],"wp:attachment":[{"href":"https:\/\/blog.lesgrossesorchadeslesamplesthalameges.fr\/index.php\/wp-json\/wp\/v2\/media?parent=4102"}],"curies":[{"name":"wp","href":"https:\/\/api.w.org\/{rel}","templated":true}]}}